{"id":1009277,"date":"2025-01-24T09:43:22","date_gmt":"2025-01-24T08:43:22","guid":{"rendered":"https:\/\/hubsch-interior.com\/product\/product\/"},"modified":"2026-04-15T04:57:45","modified_gmt":"2026-04-15T02:57:45","slug":"bifi-baenk-sand-natur","status":"publish","type":"product","link":"https:\/\/hubsch-interior.com\/da\/vare\/bifi-baenk-sand-natur\/","title":{"rendered":"Bifi B\u00e6nk Sand\/Natur"},"content":{"rendered":"<p>M\u00f8d Bifi B\u00e6nken, en charmerende tilf\u00f8jelse til dit hjem. Certificeret af FSC, inkluderer denne dejlige b\u00e6nk smart opbevaringsplads nedenunder og tilbyder et polstret s\u00e6de for komfort. Gem dine sko, hatte og t\u00f8rkl\u00e6der v\u00e6k og hold din entr\u00e9 ryddelig og indbydende. Det er mere end bare en b\u00e6nk; det er det perfekte funktionelle s\u00e6de til din entr\u00e9, der kombinerer funktionalitet med elegance. Ideel for ethvert hjem, der s\u00f8ger et strejf af klasse.<\/p>\n","protected":false},"excerpt":{"rendered":"<p>M\u00f8d Bifi B\u00e6nken, en charmerende tilf\u00f8jelse til dit hjem. Certificeret af FSC, inkluderer denne dejlige b\u00e6nk smart opbevaringsplads nedenunder og tilbyder et polstret s\u00e6de for komfort. Gem dine sko, hatte og t\u00f8rkl\u00e6der v\u00e6k og hold din entr\u00e9 ryddelig og indbydende. Det er mere end bare en b\u00e6nk; det er det perfekte funktionelle s\u00e6de til din [&hellip;]<\/p>\n","protected":false},"featured_media":1104535,"template":"","meta":{"_acf_changed":false,"inline_featured_image":false},"product_brand":[],"product_cat":[6996,6321,2841,2876,5025],"product_tag":[],"class_list":{"0":"post-1009277","1":"product","2":"type-product","3":"status-publish","4":"has-post-thumbnail","6":"product_cat-the-buzz-da","7":"product_cat-fsc-da","8":"product_cat-siddemoebler-da","9":"product_cat-baenke-da","10":"product_cat-bestsellers-da","11":"product_shipping_class-pk","13":"pa_color-sand-da","14":"pa_color-natur-2","15":"pa_material-mdf-da","16":"pa_material-polyester-100-da","17":"pa_material-egetr","18":"pa_material-egetrsfiner","20":"first","21":"instock","22":"featured","23":"taxable","24":"shipping-taxable","25":"purchasable","26":"product-type-simple"},"exclude_global_add_ons":[],"addons":[],"acf":[],"yoast_head":"<!-- This site is optimized with the Yoast SEO plugin v26.4 - https:\/\/yoast.com\/wordpress\/plugins\/seo\/ -->\n<title>Bifi B\u00e6nk Sand\/Natur - H\u00fcbsch<\/title>\n<meta name=\"description\" content=\"M\u00f8d Bifi B\u00e6nken, en charmerende tilf\u00f8jelse til dit hjem. Certificeret af FSC, inkluderer denne dejlige b\u00e6nk smart opbevaringsplads nedenunder og tilbyder\" \/>\n<meta name=\"robots\" content=\"index, follow, max-snippet:-1, max-image-preview:large, max-video-preview:-1\" \/>\n<link rel=\"canonical\" href=\"https:\/\/hubsch-interior.com\/da\/wp-json\/wp\/v2\/product\/1009277\" \/>\n<meta property=\"og:locale\" content=\"da_DK\" \/>\n<meta property=\"og:type\" content=\"article\" \/>\n<meta property=\"og:title\" content=\"Bifi B\u00e6nk Sand\/Natur - H\u00fcbsch\" \/>\n<meta property=\"og:description\" content=\"M\u00f8d Bifi B\u00e6nken, en charmerende tilf\u00f8jelse til dit hjem. Certificeret af FSC, inkluderer denne dejlige b\u00e6nk smart opbevaringsplads nedenunder og tilbyder\" \/>\n<meta property=\"og:url\" content=\"https:\/\/hubsch-interior.com\/da\/vare\/bifi-baenk-sand-natur\/\" \/>\n<meta property=\"og:site_name\" content=\"H\u00fcbsch\" \/>\n<meta property=\"article:modified_time\" content=\"2026-04-15T02:57:45+00:00\" \/>\n<meta property=\"og:image\" content=\"https:\/\/hubsch-interior.com\/wp-content\/uploads\/2026\/02\/bifi-bench-sandnatural-ccf3d259518da2a1154788ad6c475c2d.jpg\" \/>\n\t<meta property=\"og:image:width\" content=\"1024\" \/>\n\t<meta property=\"og:image:height\" content=\"1024\" \/>\n\t<meta property=\"og:image:type\" content=\"image\/jpeg\" \/>\n<meta name=\"twitter:card\" content=\"summary_large_image\" \/>\n<script type=\"application\/ld+json\" class=\"yoast-schema-graph\">{\"@context\":\"https:\/\/schema.org\",\"@graph\":[{\"@type\":\"WebPage\",\"@id\":\"https:\/\/hubsch-interior.com\/da\/vare\/bifi-baenk-sand-natur\/\",\"url\":\"https:\/\/hubsch-interior.com\/da\/vare\/bifi-baenk-sand-natur\/\",\"name\":\"Bifi B\u00e6nk Sand\/Natur - H\u00fcbsch\",\"isPartOf\":{\"@id\":\"https:\/\/hubsch-interior.com\/da\/#website\"},\"primaryImageOfPage\":{\"@id\":\"https:\/\/hubsch-interior.com\/da\/vare\/bifi-baenk-sand-natur\/#primaryimage\"},\"image\":{\"@id\":\"https:\/\/hubsch-interior.com\/da\/vare\/bifi-baenk-sand-natur\/#primaryimage\"},\"thumbnailUrl\":\"https:\/\/hubsch-interior.com\/wp-content\/uploads\/2026\/02\/bifi-bench-sandnatural-ccf3d259518da2a1154788ad6c475c2d.jpg\",\"datePublished\":\"2025-01-24T08:43:22+00:00\",\"dateModified\":\"2026-04-15T02:57:45+00:00\",\"description\":\"M\u00f8d Bifi B\u00e6nken, en charmerende tilf\u00f8jelse til dit hjem. Certificeret af FSC, inkluderer denne dejlige b\u00e6nk smart opbevaringsplads nedenunder og tilbyder\",\"breadcrumb\":{\"@id\":\"https:\/\/hubsch-interior.com\/da\/vare\/bifi-baenk-sand-natur\/#breadcrumb\"},\"inLanguage\":\"da-DK\",\"potentialAction\":[{\"@type\":\"ReadAction\",\"target\":[\"https:\/\/hubsch-interior.com\/da\/vare\/bifi-baenk-sand-natur\/\"]}]},{\"@type\":\"ImageObject\",\"inLanguage\":\"da-DK\",\"@id\":\"https:\/\/hubsch-interior.com\/da\/vare\/bifi-baenk-sand-natur\/#primaryimage\",\"url\":\"https:\/\/hubsch-interior.com\/wp-content\/uploads\/2026\/02\/bifi-bench-sandnatural-ccf3d259518da2a1154788ad6c475c2d.jpg\",\"contentUrl\":\"https:\/\/hubsch-interior.com\/wp-content\/uploads\/2026\/02\/bifi-bench-sandnatural-ccf3d259518da2a1154788ad6c475c2d.jpg\",\"width\":1024,\"height\":1024},{\"@type\":\"BreadcrumbList\",\"@id\":\"https:\/\/hubsch-interior.com\/da\/vare\/bifi-baenk-sand-natur\/#breadcrumb\",\"itemListElement\":[{\"@type\":\"ListItem\",\"position\":1,\"name\":\"Forside\",\"item\":\"https:\/\/hubsch-interior.com\/da\/\"},{\"@type\":\"ListItem\",\"position\":2,\"name\":\"Produkter\",\"item\":\"https:\/\/hubsch-interior.com\/da\/produkter\/\"},{\"@type\":\"ListItem\",\"position\":3,\"name\":\"M\u00f8bler\",\"item\":\"https:\/\/hubsch-interior.com\/da\/vare-kategori\/mobler\/\"},{\"@type\":\"ListItem\",\"position\":4,\"name\":\"Siddem&oslash;bler\",\"item\":\"https:\/\/hubsch-interior.com\/da\/vare-kategori\/mobler\/siddemoebler-da\/\"},{\"@type\":\"ListItem\",\"position\":5,\"name\":\"B&aelig;nke\",\"item\":\"https:\/\/hubsch-interior.com\/da\/vare-kategori\/mobler\/siddemoebler-da\/baenke-da\/\"},{\"@type\":\"ListItem\",\"position\":6,\"name\":\"Bifi B\u00e6nk Sand\/Natur\"}]},{\"@type\":\"WebSite\",\"@id\":\"https:\/\/hubsch-interior.com\/da\/#website\",\"url\":\"https:\/\/hubsch-interior.com\/da\/\",\"name\":\"H\u00fcbsch\",\"description\":\"Danish Home Interior and Design\",\"publisher\":{\"@id\":\"https:\/\/hubsch-interior.com\/da\/#organization\"},\"potentialAction\":[{\"@type\":\"SearchAction\",\"target\":{\"@type\":\"EntryPoint\",\"urlTemplate\":\"https:\/\/hubsch-interior.com\/da\/?s={search_term_string}\"},\"query-input\":{\"@type\":\"PropertyValueSpecification\",\"valueRequired\":true,\"valueName\":\"search_term_string\"}}],\"inLanguage\":\"da-DK\"},{\"@type\":\"Organization\",\"@id\":\"https:\/\/hubsch-interior.com\/da\/#organization\",\"name\":\"H\u00fcbsch\",\"url\":\"https:\/\/hubsch-interior.com\/da\/\",\"logo\":{\"@type\":\"ImageObject\",\"inLanguage\":\"da-DK\",\"@id\":\"https:\/\/hubsch-interior.com\/da\/#\/schema\/logo\/image\/\",\"url\":\"https:\/\/hubsch-interior.com\/wp-content\/uploads\/2022\/12\/Hubsch_logo_black_one_line.svg\",\"contentUrl\":\"https:\/\/hubsch-interior.com\/wp-content\/uploads\/2022\/12\/Hubsch_logo_black_one_line.svg\",\"caption\":\"H\u00fcbsch\"},\"image\":{\"@id\":\"https:\/\/hubsch-interior.com\/da\/#\/schema\/logo\/image\/\"}}]}<\/script>\n<!-- \/ Yoast SEO plugin. -->","yoast_head_json":{"title":"Bifi B\u00e6nk Sand\/Natur - H\u00fcbsch","description":"M\u00f8d Bifi B\u00e6nken, en charmerende tilf\u00f8jelse til dit hjem. Certificeret af FSC, inkluderer denne dejlige b\u00e6nk smart opbevaringsplads nedenunder og tilbyder","robots":{"index":"index","follow":"follow","max-snippet":"max-snippet:-1","max-image-preview":"max-image-preview:large","max-video-preview":"max-video-preview:-1"},"canonical":"https:\/\/hubsch-interior.com\/da\/wp-json\/wp\/v2\/product\/1009277","og_locale":"da_DK","og_type":"article","og_title":"Bifi B\u00e6nk Sand\/Natur - H\u00fcbsch","og_description":"M\u00f8d Bifi B\u00e6nken, en charmerende tilf\u00f8jelse til dit hjem. Certificeret af FSC, inkluderer denne dejlige b\u00e6nk smart opbevaringsplads nedenunder og tilbyder","og_url":"https:\/\/hubsch-interior.com\/da\/vare\/bifi-baenk-sand-natur\/","og_site_name":"H\u00fcbsch","article_modified_time":"2026-04-15T02:57:45+00:00","og_image":[{"width":1024,"height":1024,"url":"https:\/\/hubsch-interior.com\/wp-content\/uploads\/2026\/02\/bifi-bench-sandnatural-ccf3d259518da2a1154788ad6c475c2d.jpg","type":"image\/jpeg"}],"twitter_card":"summary_large_image","schema":{"@context":"https:\/\/schema.org","@graph":[{"@type":"WebPage","@id":"https:\/\/hubsch-interior.com\/da\/vare\/bifi-baenk-sand-natur\/","url":"https:\/\/hubsch-interior.com\/da\/vare\/bifi-baenk-sand-natur\/","name":"Bifi B\u00e6nk Sand\/Natur - H\u00fcbsch","isPartOf":{"@id":"https:\/\/hubsch-interior.com\/da\/#website"},"primaryImageOfPage":{"@id":"https:\/\/hubsch-interior.com\/da\/vare\/bifi-baenk-sand-natur\/#primaryimage"},"image":{"@id":"https:\/\/hubsch-interior.com\/da\/vare\/bifi-baenk-sand-natur\/#primaryimage"},"thumbnailUrl":"https:\/\/hubsch-interior.com\/wp-content\/uploads\/2026\/02\/bifi-bench-sandnatural-ccf3d259518da2a1154788ad6c475c2d.jpg","datePublished":"2025-01-24T08:43:22+00:00","dateModified":"2026-04-15T02:57:45+00:00","description":"M\u00f8d Bifi B\u00e6nken, en charmerende tilf\u00f8jelse til dit hjem. Certificeret af FSC, inkluderer denne dejlige b\u00e6nk smart opbevaringsplads nedenunder og tilbyder","breadcrumb":{"@id":"https:\/\/hubsch-interior.com\/da\/vare\/bifi-baenk-sand-natur\/#breadcrumb"},"inLanguage":"da-DK","potentialAction":[{"@type":"ReadAction","target":["https:\/\/hubsch-interior.com\/da\/vare\/bifi-baenk-sand-natur\/"]}]},{"@type":"ImageObject","inLanguage":"da-DK","@id":"https:\/\/hubsch-interior.com\/da\/vare\/bifi-baenk-sand-natur\/#primaryimage","url":"https:\/\/hubsch-interior.com\/wp-content\/uploads\/2026\/02\/bifi-bench-sandnatural-ccf3d259518da2a1154788ad6c475c2d.jpg","contentUrl":"https:\/\/hubsch-interior.com\/wp-content\/uploads\/2026\/02\/bifi-bench-sandnatural-ccf3d259518da2a1154788ad6c475c2d.jpg","width":1024,"height":1024},{"@type":"BreadcrumbList","@id":"https:\/\/hubsch-interior.com\/da\/vare\/bifi-baenk-sand-natur\/#breadcrumb","itemListElement":[{"@type":"ListItem","position":1,"name":"Forside","item":"https:\/\/hubsch-interior.com\/da\/"},{"@type":"ListItem","position":2,"name":"Produkter","item":"https:\/\/hubsch-interior.com\/da\/produkter\/"},{"@type":"ListItem","position":3,"name":"M\u00f8bler","item":"https:\/\/hubsch-interior.com\/da\/vare-kategori\/mobler\/"},{"@type":"ListItem","position":4,"name":"Siddem&oslash;bler","item":"https:\/\/hubsch-interior.com\/da\/vare-kategori\/mobler\/siddemoebler-da\/"},{"@type":"ListItem","position":5,"name":"B&aelig;nke","item":"https:\/\/hubsch-interior.com\/da\/vare-kategori\/mobler\/siddemoebler-da\/baenke-da\/"},{"@type":"ListItem","position":6,"name":"Bifi B\u00e6nk Sand\/Natur"}]},{"@type":"WebSite","@id":"https:\/\/hubsch-interior.com\/da\/#website","url":"https:\/\/hubsch-interior.com\/da\/","name":"H\u00fcbsch","description":"Danish Home Interior and Design","publisher":{"@id":"https:\/\/hubsch-interior.com\/da\/#organization"},"potentialAction":[{"@type":"SearchAction","target":{"@type":"EntryPoint","urlTemplate":"https:\/\/hubsch-interior.com\/da\/?s={search_term_string}"},"query-input":{"@type":"PropertyValueSpecification","valueRequired":true,"valueName":"search_term_string"}}],"inLanguage":"da-DK"},{"@type":"Organization","@id":"https:\/\/hubsch-interior.com\/da\/#organization","name":"H\u00fcbsch","url":"https:\/\/hubsch-interior.com\/da\/","logo":{"@type":"ImageObject","inLanguage":"da-DK","@id":"https:\/\/hubsch-interior.com\/da\/#\/schema\/logo\/image\/","url":"https:\/\/hubsch-interior.com\/wp-content\/uploads\/2022\/12\/Hubsch_logo_black_one_line.svg","contentUrl":"https:\/\/hubsch-interior.com\/wp-content\/uploads\/2022\/12\/Hubsch_logo_black_one_line.svg","caption":"H\u00fcbsch"},"image":{"@id":"https:\/\/hubsch-interior.com\/da\/#\/schema\/logo\/image\/"}}]}},"_links":{"self":[{"href":"https:\/\/hubsch-interior.com\/da\/wp-json\/wp\/v2\/product\/1009277","targetHints":{"allow":["GET"]}}],"collection":[{"href":"https:\/\/hubsch-interior.com\/da\/wp-json\/wp\/v2\/product"}],"about":[{"href":"https:\/\/hubsch-interior.com\/da\/wp-json\/wp\/v2\/types\/product"}],"wp:featuredmedia":[{"embeddable":true,"href":"https:\/\/hubsch-interior.com\/da\/wp-json\/wp\/v2\/media\/1104535"}],"wp:attachment":[{"href":"https:\/\/hubsch-interior.com\/da\/wp-json\/wp\/v2\/media?parent=1009277"}],"wp:term":[{"taxonomy":"product_brand","embeddable":true,"href":"https:\/\/hubsch-interior.com\/da\/wp-json\/wp\/v2\/product_brand?post=1009277"},{"taxonomy":"product_cat","embeddable":true,"href":"https:\/\/hubsch-interior.com\/da\/wp-json\/wp\/v2\/product_cat?post=1009277"},{"taxonomy":"product_tag","embeddable":true,"href":"https:\/\/hubsch-interior.com\/da\/wp-json\/wp\/v2\/product_tag?post=1009277"}],"curies":[{"name":"wp","href":"https:\/\/api.w.org\/{rel}","templated":true}]}}