{"id":1009325,"date":"2025-01-24T09:44:18","date_gmt":"2025-01-24T08:44:18","guid":{"rendered":"https:\/\/hubsch-interior.com\/product\/product\/"},"modified":"2026-04-05T04:58:25","modified_gmt":"2026-04-05T02:58:25","slug":"utility-skrivebord-natur","status":"publish","type":"product","link":"https:\/\/hubsch-interior.com\/da\/vare\/utility-skrivebord-natur\/","title":{"rendered":"Utility Skrivebord Natur"},"content":{"rendered":"<p>M\u00f8d din nye kreative ledsager: Utility Skrivebordet. Et perfekt skrivebord til kreative sj\u00e6le, dette m\u00f8bel har en charmerende naturlig finish, der passer ind i ethvert rum. Fremstillet af FSC-certificeret tr\u00e6, det er udstyret med integrerede hylder og en smart opbevaringsl\u00f8sning under bordpladen. Derudover, med tilf\u00f8jelsen af hjul for mobilitet, kan du nemt flytte skrivebordet til hvor end inspirationen rammer dig. Utility Skrivebordet er virkelig et skrivebord for alle behov, og det forener funktion og stil p\u00e5 en enkelt m\u00e5de til dine kreative bestr\u00e6belser.<\/p>\n","protected":false},"excerpt":{"rendered":"<p>M\u00f8d din nye kreative ledsager: Utility Skrivebordet. Et perfekt skrivebord til kreative sj\u00e6le, dette m\u00f8bel har en charmerende naturlig finish, der passer ind i ethvert rum. Fremstillet af FSC-certificeret tr\u00e6, det er udstyret med integrerede hylder og en smart opbevaringsl\u00f8sning under bordpladen. Derudover, med tilf\u00f8jelsen af hjul for mobilitet, kan du nemt flytte skrivebordet til [&hellip;]<\/p>\n","protected":false},"featured_media":1104587,"template":"","meta":{"_acf_changed":false,"inline_featured_image":false},"product_brand":[],"product_cat":[6996,6321,2857,2904,5025],"product_tag":[],"class_list":{"0":"post-1009325","1":"product","2":"type-product","3":"status-publish","4":"has-post-thumbnail","6":"product_cat-the-buzz-da","7":"product_cat-fsc-da","8":"product_cat-borde-da","9":"product_cat-skriveborde-da","10":"product_cat-bestsellers-da","11":"product_shipping_class-p10","13":"pa_color-natur-2","14":"pa_material-egetrsfiner","15":"pa_material-mdf-da","17":"first","18":"instock","19":"featured","20":"taxable","21":"shipping-taxable","22":"purchasable","23":"product-type-simple"},"exclude_global_add_ons":[],"addons":[],"acf":[],"yoast_head":"<!-- This site is optimized with the Yoast SEO plugin v26.4 - https:\/\/yoast.com\/wordpress\/plugins\/seo\/ -->\n<title>Utility Skrivebord Natur - H\u00fcbsch<\/title>\n<meta name=\"description\" content=\"M\u00f8d din nye kreative ledsager: Utility Skrivebordet. Et perfekt skrivebord til kreative sj\u00e6le, dette m\u00f8bel har en charmerende naturlig finish, der passer\" \/>\n<meta name=\"robots\" content=\"index, follow, max-snippet:-1, max-image-preview:large, max-video-preview:-1\" \/>\n<link rel=\"canonical\" href=\"https:\/\/hubsch-interior.com\/da\/wp-json\/wp\/v2\/product\/1009325\" \/>\n<meta property=\"og:locale\" content=\"da_DK\" \/>\n<meta property=\"og:type\" content=\"article\" \/>\n<meta property=\"og:title\" content=\"Utility Skrivebord Natur - H\u00fcbsch\" \/>\n<meta property=\"og:description\" content=\"M\u00f8d din nye kreative ledsager: Utility Skrivebordet. Et perfekt skrivebord til kreative sj\u00e6le, dette m\u00f8bel har en charmerende naturlig finish, der passer\" \/>\n<meta property=\"og:url\" content=\"https:\/\/hubsch-interior.com\/da\/vare\/utility-skrivebord-natur\/\" \/>\n<meta property=\"og:site_name\" content=\"H\u00fcbsch\" \/>\n<meta property=\"article:modified_time\" content=\"2026-04-05T02:58:25+00:00\" \/>\n<meta property=\"og:image\" content=\"https:\/\/hubsch-interior.com\/wp-content\/uploads\/2025\/01\/utility-desk-natural-55dd986ea947e9a6ea9f258d4a988fd7.jpg\" \/>\n\t<meta property=\"og:image:width\" content=\"1200\" \/>\n\t<meta property=\"og:image:height\" content=\"1200\" \/>\n\t<meta property=\"og:image:type\" content=\"image\/jpeg\" \/>\n<meta name=\"twitter:card\" content=\"summary_large_image\" \/>\n<script type=\"application\/ld+json\" class=\"yoast-schema-graph\">{\"@context\":\"https:\/\/schema.org\",\"@graph\":[{\"@type\":\"WebPage\",\"@id\":\"https:\/\/hubsch-interior.com\/da\/vare\/utility-skrivebord-natur\/\",\"url\":\"https:\/\/hubsch-interior.com\/da\/vare\/utility-skrivebord-natur\/\",\"name\":\"Utility Skrivebord Natur - H\u00fcbsch\",\"isPartOf\":{\"@id\":\"https:\/\/hubsch-interior.com\/da\/#website\"},\"primaryImageOfPage\":{\"@id\":\"https:\/\/hubsch-interior.com\/da\/vare\/utility-skrivebord-natur\/#primaryimage\"},\"image\":{\"@id\":\"https:\/\/hubsch-interior.com\/da\/vare\/utility-skrivebord-natur\/#primaryimage\"},\"thumbnailUrl\":\"https:\/\/hubsch-interior.com\/wp-content\/uploads\/2026\/02\/utility-desk-natural-cb12c82300ba15c46b4e84dc96678ec0.jpg\",\"datePublished\":\"2025-01-24T08:44:18+00:00\",\"dateModified\":\"2026-04-05T02:58:25+00:00\",\"description\":\"M\u00f8d din nye kreative ledsager: Utility Skrivebordet. Et perfekt skrivebord til kreative sj\u00e6le, dette m\u00f8bel har en charmerende naturlig finish, der passer\",\"breadcrumb\":{\"@id\":\"https:\/\/hubsch-interior.com\/da\/vare\/utility-skrivebord-natur\/#breadcrumb\"},\"inLanguage\":\"da-DK\",\"potentialAction\":[{\"@type\":\"ReadAction\",\"target\":[\"https:\/\/hubsch-interior.com\/da\/vare\/utility-skrivebord-natur\/\"]}]},{\"@type\":\"ImageObject\",\"inLanguage\":\"da-DK\",\"@id\":\"https:\/\/hubsch-interior.com\/da\/vare\/utility-skrivebord-natur\/#primaryimage\",\"url\":\"https:\/\/hubsch-interior.com\/wp-content\/uploads\/2026\/02\/utility-desk-natural-cb12c82300ba15c46b4e84dc96678ec0.jpg\",\"contentUrl\":\"https:\/\/hubsch-interior.com\/wp-content\/uploads\/2026\/02\/utility-desk-natural-cb12c82300ba15c46b4e84dc96678ec0.jpg\",\"width\":1024,\"height\":1024},{\"@type\":\"BreadcrumbList\",\"@id\":\"https:\/\/hubsch-interior.com\/da\/vare\/utility-skrivebord-natur\/#breadcrumb\",\"itemListElement\":[{\"@type\":\"ListItem\",\"position\":1,\"name\":\"Forside\",\"item\":\"https:\/\/hubsch-interior.com\/da\/\"},{\"@type\":\"ListItem\",\"position\":2,\"name\":\"Produkter\",\"item\":\"https:\/\/hubsch-interior.com\/da\/produkter\/\"},{\"@type\":\"ListItem\",\"position\":3,\"name\":\"M\u00f8bler\",\"item\":\"https:\/\/hubsch-interior.com\/da\/vare-kategori\/mobler\/\"},{\"@type\":\"ListItem\",\"position\":4,\"name\":\"Borde\",\"item\":\"https:\/\/hubsch-interior.com\/da\/vare-kategori\/mobler\/borde-da\/\"},{\"@type\":\"ListItem\",\"position\":5,\"name\":\"Skriveborde\",\"item\":\"https:\/\/hubsch-interior.com\/da\/vare-kategori\/mobler\/borde-da\/skriveborde-da\/\"},{\"@type\":\"ListItem\",\"position\":6,\"name\":\"Utility Skrivebord Natur\"}]},{\"@type\":\"WebSite\",\"@id\":\"https:\/\/hubsch-interior.com\/da\/#website\",\"url\":\"https:\/\/hubsch-interior.com\/da\/\",\"name\":\"H\u00fcbsch\",\"description\":\"Danish Home Interior and Design\",\"publisher\":{\"@id\":\"https:\/\/hubsch-interior.com\/da\/#organization\"},\"potentialAction\":[{\"@type\":\"SearchAction\",\"target\":{\"@type\":\"EntryPoint\",\"urlTemplate\":\"https:\/\/hubsch-interior.com\/da\/?s={search_term_string}\"},\"query-input\":{\"@type\":\"PropertyValueSpecification\",\"valueRequired\":true,\"valueName\":\"search_term_string\"}}],\"inLanguage\":\"da-DK\"},{\"@type\":\"Organization\",\"@id\":\"https:\/\/hubsch-interior.com\/da\/#organization\",\"name\":\"H\u00fcbsch\",\"url\":\"https:\/\/hubsch-interior.com\/da\/\",\"logo\":{\"@type\":\"ImageObject\",\"inLanguage\":\"da-DK\",\"@id\":\"https:\/\/hubsch-interior.com\/da\/#\/schema\/logo\/image\/\",\"url\":\"https:\/\/hubsch-interior.com\/wp-content\/uploads\/2022\/12\/Hubsch_logo_black_one_line.svg\",\"contentUrl\":\"https:\/\/hubsch-interior.com\/wp-content\/uploads\/2022\/12\/Hubsch_logo_black_one_line.svg\",\"caption\":\"H\u00fcbsch\"},\"image\":{\"@id\":\"https:\/\/hubsch-interior.com\/da\/#\/schema\/logo\/image\/\"}}]}<\/script>\n<!-- \/ Yoast SEO plugin. -->","yoast_head_json":{"title":"Utility Skrivebord Natur - H\u00fcbsch","description":"M\u00f8d din nye kreative ledsager: Utility Skrivebordet. Et perfekt skrivebord til kreative sj\u00e6le, dette m\u00f8bel har en charmerende naturlig finish, der passer","robots":{"index":"index","follow":"follow","max-snippet":"max-snippet:-1","max-image-preview":"max-image-preview:large","max-video-preview":"max-video-preview:-1"},"canonical":"https:\/\/hubsch-interior.com\/da\/wp-json\/wp\/v2\/product\/1009325","og_locale":"da_DK","og_type":"article","og_title":"Utility Skrivebord Natur - H\u00fcbsch","og_description":"M\u00f8d din nye kreative ledsager: Utility Skrivebordet. Et perfekt skrivebord til kreative sj\u00e6le, dette m\u00f8bel har en charmerende naturlig finish, der passer","og_url":"https:\/\/hubsch-interior.com\/da\/vare\/utility-skrivebord-natur\/","og_site_name":"H\u00fcbsch","article_modified_time":"2026-04-05T02:58:25+00:00","og_image":[{"width":1200,"height":1200,"url":"https:\/\/hubsch-interior.com\/wp-content\/uploads\/2025\/01\/utility-desk-natural-55dd986ea947e9a6ea9f258d4a988fd7.jpg","type":"image\/jpeg"}],"twitter_card":"summary_large_image","schema":{"@context":"https:\/\/schema.org","@graph":[{"@type":"WebPage","@id":"https:\/\/hubsch-interior.com\/da\/vare\/utility-skrivebord-natur\/","url":"https:\/\/hubsch-interior.com\/da\/vare\/utility-skrivebord-natur\/","name":"Utility Skrivebord Natur - H\u00fcbsch","isPartOf":{"@id":"https:\/\/hubsch-interior.com\/da\/#website"},"primaryImageOfPage":{"@id":"https:\/\/hubsch-interior.com\/da\/vare\/utility-skrivebord-natur\/#primaryimage"},"image":{"@id":"https:\/\/hubsch-interior.com\/da\/vare\/utility-skrivebord-natur\/#primaryimage"},"thumbnailUrl":"https:\/\/hubsch-interior.com\/wp-content\/uploads\/2026\/02\/utility-desk-natural-cb12c82300ba15c46b4e84dc96678ec0.jpg","datePublished":"2025-01-24T08:44:18+00:00","dateModified":"2026-04-05T02:58:25+00:00","description":"M\u00f8d din nye kreative ledsager: Utility Skrivebordet. Et perfekt skrivebord til kreative sj\u00e6le, dette m\u00f8bel har en charmerende naturlig finish, der passer","breadcrumb":{"@id":"https:\/\/hubsch-interior.com\/da\/vare\/utility-skrivebord-natur\/#breadcrumb"},"inLanguage":"da-DK","potentialAction":[{"@type":"ReadAction","target":["https:\/\/hubsch-interior.com\/da\/vare\/utility-skrivebord-natur\/"]}]},{"@type":"ImageObject","inLanguage":"da-DK","@id":"https:\/\/hubsch-interior.com\/da\/vare\/utility-skrivebord-natur\/#primaryimage","url":"https:\/\/hubsch-interior.com\/wp-content\/uploads\/2026\/02\/utility-desk-natural-cb12c82300ba15c46b4e84dc96678ec0.jpg","contentUrl":"https:\/\/hubsch-interior.com\/wp-content\/uploads\/2026\/02\/utility-desk-natural-cb12c82300ba15c46b4e84dc96678ec0.jpg","width":1024,"height":1024},{"@type":"BreadcrumbList","@id":"https:\/\/hubsch-interior.com\/da\/vare\/utility-skrivebord-natur\/#breadcrumb","itemListElement":[{"@type":"ListItem","position":1,"name":"Forside","item":"https:\/\/hubsch-interior.com\/da\/"},{"@type":"ListItem","position":2,"name":"Produkter","item":"https:\/\/hubsch-interior.com\/da\/produkter\/"},{"@type":"ListItem","position":3,"name":"M\u00f8bler","item":"https:\/\/hubsch-interior.com\/da\/vare-kategori\/mobler\/"},{"@type":"ListItem","position":4,"name":"Borde","item":"https:\/\/hubsch-interior.com\/da\/vare-kategori\/mobler\/borde-da\/"},{"@type":"ListItem","position":5,"name":"Skriveborde","item":"https:\/\/hubsch-interior.com\/da\/vare-kategori\/mobler\/borde-da\/skriveborde-da\/"},{"@type":"ListItem","position":6,"name":"Utility Skrivebord Natur"}]},{"@type":"WebSite","@id":"https:\/\/hubsch-interior.com\/da\/#website","url":"https:\/\/hubsch-interior.com\/da\/","name":"H\u00fcbsch","description":"Danish Home Interior and Design","publisher":{"@id":"https:\/\/hubsch-interior.com\/da\/#organization"},"potentialAction":[{"@type":"SearchAction","target":{"@type":"EntryPoint","urlTemplate":"https:\/\/hubsch-interior.com\/da\/?s={search_term_string}"},"query-input":{"@type":"PropertyValueSpecification","valueRequired":true,"valueName":"search_term_string"}}],"inLanguage":"da-DK"},{"@type":"Organization","@id":"https:\/\/hubsch-interior.com\/da\/#organization","name":"H\u00fcbsch","url":"https:\/\/hubsch-interior.com\/da\/","logo":{"@type":"ImageObject","inLanguage":"da-DK","@id":"https:\/\/hubsch-interior.com\/da\/#\/schema\/logo\/image\/","url":"https:\/\/hubsch-interior.com\/wp-content\/uploads\/2022\/12\/Hubsch_logo_black_one_line.svg","contentUrl":"https:\/\/hubsch-interior.com\/wp-content\/uploads\/2022\/12\/Hubsch_logo_black_one_line.svg","caption":"H\u00fcbsch"},"image":{"@id":"https:\/\/hubsch-interior.com\/da\/#\/schema\/logo\/image\/"}}]}},"_links":{"self":[{"href":"https:\/\/hubsch-interior.com\/da\/wp-json\/wp\/v2\/product\/1009325","targetHints":{"allow":["GET"]}}],"collection":[{"href":"https:\/\/hubsch-interior.com\/da\/wp-json\/wp\/v2\/product"}],"about":[{"href":"https:\/\/hubsch-interior.com\/da\/wp-json\/wp\/v2\/types\/product"}],"wp:featuredmedia":[{"embeddable":true,"href":"https:\/\/hubsch-interior.com\/da\/wp-json\/wp\/v2\/media\/1104587"}],"wp:attachment":[{"href":"https:\/\/hubsch-interior.com\/da\/wp-json\/wp\/v2\/media?parent=1009325"}],"wp:term":[{"taxonomy":"product_brand","embeddable":true,"href":"https:\/\/hubsch-interior.com\/da\/wp-json\/wp\/v2\/product_brand?post=1009325"},{"taxonomy":"product_cat","embeddable":true,"href":"https:\/\/hubsch-interior.com\/da\/wp-json\/wp\/v2\/product_cat?post=1009325"},{"taxonomy":"product_tag","embeddable":true,"href":"https:\/\/hubsch-interior.com\/da\/wp-json\/wp\/v2\/product_tag?post=1009325"}],"curies":[{"name":"wp","href":"https:\/\/api.w.org\/{rel}","templated":true}]}}