{"id":1009349,"date":"2025-01-24T09:44:36","date_gmt":"2025-01-24T08:44:36","guid":{"rendered":"https:\/\/hubsch-interior.com\/product\/product\/"},"modified":"2026-04-09T04:55:06","modified_gmt":"2026-04-09T02:55:06","slug":"poke-skrivebord-sort","status":"publish","type":"product","link":"https:\/\/hubsch-interior.com\/da\/vare\/poke-skrivebord-sort\/","title":{"rendered":"Poke Skrivebord Sort"},"content":{"rendered":"<p>Oplev charmen ved Poke Skrivebordet, som er fremstillet af FSC-certificeret egetr\u00e6 og egefiner. Poke Skrivebordet er smalt i sit design og passer ubesv\u00e6ret ind selv i de mindste rum, hvilket g\u00f8r det til et ideelt valg for dem, der har brug for et dedikeret arbejdsomr\u00e5de hjemmefra. Med sin kompakte st\u00f8rrelse sikrer Poke Skrivebordet funktionalitet uden at g\u00e5 p\u00e5 kompromis med stilen og tilbyder et hyggeligt, personligt sted, der inspirerer til produktivitet og kreativitet ogs\u00e5 i mindre hjem.<\/p>\n","protected":false},"excerpt":{"rendered":"<p>Oplev charmen ved Poke Skrivebordet, som er fremstillet af FSC-certificeret egetr\u00e6 og egefiner. Poke Skrivebordet er smalt i sit design og passer ubesv\u00e6ret ind selv i de mindste rum, hvilket g\u00f8r det til et ideelt valg for dem, der har brug for et dedikeret arbejdsomr\u00e5de hjemmefra. Med sin kompakte st\u00f8rrelse sikrer Poke Skrivebordet funktionalitet uden [&hellip;]<\/p>\n","protected":false},"featured_media":1104611,"template":"","meta":{"_acf_changed":false,"inline_featured_image":false},"product_brand":[],"product_cat":[6996,6321,2857,2904,5025,5029],"product_tag":[],"class_list":{"0":"post-1009349","1":"product","2":"type-product","3":"status-publish","4":"has-post-thumbnail","6":"product_cat-the-buzz-da","7":"product_cat-fsc-da","8":"product_cat-borde-da","9":"product_cat-skriveborde-da","10":"product_cat-bestsellers-da","11":"product_cat-tilbage-paa-lager-da","12":"product_shipping_class-pk","14":"pa_color-sort","15":"pa_material-mdf-da","16":"pa_material-egetr","17":"pa_material-egetrsfiner","19":"first","20":"instock","21":"featured","22":"taxable","23":"shipping-taxable","24":"purchasable","25":"product-type-simple"},"exclude_global_add_ons":[],"addons":[],"acf":[],"yoast_head":"<!-- This site is optimized with the Yoast SEO plugin v26.4 - https:\/\/yoast.com\/wordpress\/plugins\/seo\/ -->\n<title>Poke Skrivebord Sort - H\u00fcbsch<\/title>\n<meta name=\"description\" content=\"Oplev charmen ved Poke Skrivebordet, som er fremstillet af FSC-certificeret egetr\u00e6 og egefiner. Poke Skrivebordet er smalt i sit design og passer\" \/>\n<meta name=\"robots\" content=\"index, follow, max-snippet:-1, max-image-preview:large, max-video-preview:-1\" \/>\n<link rel=\"canonical\" href=\"https:\/\/hubsch-interior.com\/da\/wp-json\/wp\/v2\/product\/1009349\" \/>\n<meta property=\"og:locale\" content=\"da_DK\" \/>\n<meta property=\"og:type\" content=\"article\" \/>\n<meta property=\"og:title\" content=\"Poke Skrivebord Sort - H\u00fcbsch\" \/>\n<meta property=\"og:description\" content=\"Oplev charmen ved Poke Skrivebordet, som er fremstillet af FSC-certificeret egetr\u00e6 og egefiner. Poke Skrivebordet er smalt i sit design og passer\" \/>\n<meta property=\"og:url\" content=\"https:\/\/hubsch-interior.com\/da\/vare\/poke-skrivebord-sort\/\" \/>\n<meta property=\"og:site_name\" content=\"H\u00fcbsch\" \/>\n<meta property=\"article:modified_time\" content=\"2026-04-09T02:55:06+00:00\" \/>\n<meta property=\"og:image\" content=\"https:\/\/hubsch-interior.com\/wp-content\/uploads\/2025\/01\/poke-desk-black-a9ca211bb8f545977014f1d217980ff3.jpg\" \/>\n\t<meta property=\"og:image:width\" content=\"1200\" \/>\n\t<meta property=\"og:image:height\" content=\"1200\" \/>\n\t<meta property=\"og:image:type\" content=\"image\/jpeg\" \/>\n<meta name=\"twitter:card\" content=\"summary_large_image\" \/>\n<script type=\"application\/ld+json\" class=\"yoast-schema-graph\">{\"@context\":\"https:\/\/schema.org\",\"@graph\":[{\"@type\":\"WebPage\",\"@id\":\"https:\/\/hubsch-interior.com\/da\/vare\/poke-skrivebord-sort\/\",\"url\":\"https:\/\/hubsch-interior.com\/da\/vare\/poke-skrivebord-sort\/\",\"name\":\"Poke Skrivebord Sort - H\u00fcbsch\",\"isPartOf\":{\"@id\":\"https:\/\/hubsch-interior.com\/da\/#website\"},\"primaryImageOfPage\":{\"@id\":\"https:\/\/hubsch-interior.com\/da\/vare\/poke-skrivebord-sort\/#primaryimage\"},\"image\":{\"@id\":\"https:\/\/hubsch-interior.com\/da\/vare\/poke-skrivebord-sort\/#primaryimage\"},\"thumbnailUrl\":\"https:\/\/hubsch-interior.com\/wp-content\/uploads\/2026\/02\/poke-desk-black-1575e6cc9cafb5f5e395e5b85db0cbb1.jpg\",\"datePublished\":\"2025-01-24T08:44:36+00:00\",\"dateModified\":\"2026-04-09T02:55:06+00:00\",\"description\":\"Oplev charmen ved Poke Skrivebordet, som er fremstillet af FSC-certificeret egetr\u00e6 og egefiner. Poke Skrivebordet er smalt i sit design og passer\",\"breadcrumb\":{\"@id\":\"https:\/\/hubsch-interior.com\/da\/vare\/poke-skrivebord-sort\/#breadcrumb\"},\"inLanguage\":\"da-DK\",\"potentialAction\":[{\"@type\":\"ReadAction\",\"target\":[\"https:\/\/hubsch-interior.com\/da\/vare\/poke-skrivebord-sort\/\"]}]},{\"@type\":\"ImageObject\",\"inLanguage\":\"da-DK\",\"@id\":\"https:\/\/hubsch-interior.com\/da\/vare\/poke-skrivebord-sort\/#primaryimage\",\"url\":\"https:\/\/hubsch-interior.com\/wp-content\/uploads\/2026\/02\/poke-desk-black-1575e6cc9cafb5f5e395e5b85db0cbb1.jpg\",\"contentUrl\":\"https:\/\/hubsch-interior.com\/wp-content\/uploads\/2026\/02\/poke-desk-black-1575e6cc9cafb5f5e395e5b85db0cbb1.jpg\",\"width\":1024,\"height\":1024},{\"@type\":\"BreadcrumbList\",\"@id\":\"https:\/\/hubsch-interior.com\/da\/vare\/poke-skrivebord-sort\/#breadcrumb\",\"itemListElement\":[{\"@type\":\"ListItem\",\"position\":1,\"name\":\"Forside\",\"item\":\"https:\/\/hubsch-interior.com\/da\/\"},{\"@type\":\"ListItem\",\"position\":2,\"name\":\"Produkter\",\"item\":\"https:\/\/hubsch-interior.com\/da\/produkter\/\"},{\"@type\":\"ListItem\",\"position\":3,\"name\":\"M\u00f8bler\",\"item\":\"https:\/\/hubsch-interior.com\/da\/vare-kategori\/mobler\/\"},{\"@type\":\"ListItem\",\"position\":4,\"name\":\"Borde\",\"item\":\"https:\/\/hubsch-interior.com\/da\/vare-kategori\/mobler\/borde-da\/\"},{\"@type\":\"ListItem\",\"position\":5,\"name\":\"Skriveborde\",\"item\":\"https:\/\/hubsch-interior.com\/da\/vare-kategori\/mobler\/borde-da\/skriveborde-da\/\"},{\"@type\":\"ListItem\",\"position\":6,\"name\":\"Poke Skrivebord Sort\"}]},{\"@type\":\"WebSite\",\"@id\":\"https:\/\/hubsch-interior.com\/da\/#website\",\"url\":\"https:\/\/hubsch-interior.com\/da\/\",\"name\":\"H\u00fcbsch\",\"description\":\"Danish Home Interior and Design\",\"publisher\":{\"@id\":\"https:\/\/hubsch-interior.com\/da\/#organization\"},\"potentialAction\":[{\"@type\":\"SearchAction\",\"target\":{\"@type\":\"EntryPoint\",\"urlTemplate\":\"https:\/\/hubsch-interior.com\/da\/?s={search_term_string}\"},\"query-input\":{\"@type\":\"PropertyValueSpecification\",\"valueRequired\":true,\"valueName\":\"search_term_string\"}}],\"inLanguage\":\"da-DK\"},{\"@type\":\"Organization\",\"@id\":\"https:\/\/hubsch-interior.com\/da\/#organization\",\"name\":\"H\u00fcbsch\",\"url\":\"https:\/\/hubsch-interior.com\/da\/\",\"logo\":{\"@type\":\"ImageObject\",\"inLanguage\":\"da-DK\",\"@id\":\"https:\/\/hubsch-interior.com\/da\/#\/schema\/logo\/image\/\",\"url\":\"https:\/\/hubsch-interior.com\/wp-content\/uploads\/2022\/12\/Hubsch_logo_black_one_line.svg\",\"contentUrl\":\"https:\/\/hubsch-interior.com\/wp-content\/uploads\/2022\/12\/Hubsch_logo_black_one_line.svg\",\"caption\":\"H\u00fcbsch\"},\"image\":{\"@id\":\"https:\/\/hubsch-interior.com\/da\/#\/schema\/logo\/image\/\"}}]}<\/script>\n<!-- \/ Yoast SEO plugin. -->","yoast_head_json":{"title":"Poke Skrivebord Sort - H\u00fcbsch","description":"Oplev charmen ved Poke Skrivebordet, som er fremstillet af FSC-certificeret egetr\u00e6 og egefiner. Poke Skrivebordet er smalt i sit design og passer","robots":{"index":"index","follow":"follow","max-snippet":"max-snippet:-1","max-image-preview":"max-image-preview:large","max-video-preview":"max-video-preview:-1"},"canonical":"https:\/\/hubsch-interior.com\/da\/wp-json\/wp\/v2\/product\/1009349","og_locale":"da_DK","og_type":"article","og_title":"Poke Skrivebord Sort - H\u00fcbsch","og_description":"Oplev charmen ved Poke Skrivebordet, som er fremstillet af FSC-certificeret egetr\u00e6 og egefiner. Poke Skrivebordet er smalt i sit design og passer","og_url":"https:\/\/hubsch-interior.com\/da\/vare\/poke-skrivebord-sort\/","og_site_name":"H\u00fcbsch","article_modified_time":"2026-04-09T02:55:06+00:00","og_image":[{"width":1200,"height":1200,"url":"https:\/\/hubsch-interior.com\/wp-content\/uploads\/2025\/01\/poke-desk-black-a9ca211bb8f545977014f1d217980ff3.jpg","type":"image\/jpeg"}],"twitter_card":"summary_large_image","schema":{"@context":"https:\/\/schema.org","@graph":[{"@type":"WebPage","@id":"https:\/\/hubsch-interior.com\/da\/vare\/poke-skrivebord-sort\/","url":"https:\/\/hubsch-interior.com\/da\/vare\/poke-skrivebord-sort\/","name":"Poke Skrivebord Sort - H\u00fcbsch","isPartOf":{"@id":"https:\/\/hubsch-interior.com\/da\/#website"},"primaryImageOfPage":{"@id":"https:\/\/hubsch-interior.com\/da\/vare\/poke-skrivebord-sort\/#primaryimage"},"image":{"@id":"https:\/\/hubsch-interior.com\/da\/vare\/poke-skrivebord-sort\/#primaryimage"},"thumbnailUrl":"https:\/\/hubsch-interior.com\/wp-content\/uploads\/2026\/02\/poke-desk-black-1575e6cc9cafb5f5e395e5b85db0cbb1.jpg","datePublished":"2025-01-24T08:44:36+00:00","dateModified":"2026-04-09T02:55:06+00:00","description":"Oplev charmen ved Poke Skrivebordet, som er fremstillet af FSC-certificeret egetr\u00e6 og egefiner. Poke Skrivebordet er smalt i sit design og passer","breadcrumb":{"@id":"https:\/\/hubsch-interior.com\/da\/vare\/poke-skrivebord-sort\/#breadcrumb"},"inLanguage":"da-DK","potentialAction":[{"@type":"ReadAction","target":["https:\/\/hubsch-interior.com\/da\/vare\/poke-skrivebord-sort\/"]}]},{"@type":"ImageObject","inLanguage":"da-DK","@id":"https:\/\/hubsch-interior.com\/da\/vare\/poke-skrivebord-sort\/#primaryimage","url":"https:\/\/hubsch-interior.com\/wp-content\/uploads\/2026\/02\/poke-desk-black-1575e6cc9cafb5f5e395e5b85db0cbb1.jpg","contentUrl":"https:\/\/hubsch-interior.com\/wp-content\/uploads\/2026\/02\/poke-desk-black-1575e6cc9cafb5f5e395e5b85db0cbb1.jpg","width":1024,"height":1024},{"@type":"BreadcrumbList","@id":"https:\/\/hubsch-interior.com\/da\/vare\/poke-skrivebord-sort\/#breadcrumb","itemListElement":[{"@type":"ListItem","position":1,"name":"Forside","item":"https:\/\/hubsch-interior.com\/da\/"},{"@type":"ListItem","position":2,"name":"Produkter","item":"https:\/\/hubsch-interior.com\/da\/produkter\/"},{"@type":"ListItem","position":3,"name":"M\u00f8bler","item":"https:\/\/hubsch-interior.com\/da\/vare-kategori\/mobler\/"},{"@type":"ListItem","position":4,"name":"Borde","item":"https:\/\/hubsch-interior.com\/da\/vare-kategori\/mobler\/borde-da\/"},{"@type":"ListItem","position":5,"name":"Skriveborde","item":"https:\/\/hubsch-interior.com\/da\/vare-kategori\/mobler\/borde-da\/skriveborde-da\/"},{"@type":"ListItem","position":6,"name":"Poke Skrivebord Sort"}]},{"@type":"WebSite","@id":"https:\/\/hubsch-interior.com\/da\/#website","url":"https:\/\/hubsch-interior.com\/da\/","name":"H\u00fcbsch","description":"Danish Home Interior and Design","publisher":{"@id":"https:\/\/hubsch-interior.com\/da\/#organization"},"potentialAction":[{"@type":"SearchAction","target":{"@type":"EntryPoint","urlTemplate":"https:\/\/hubsch-interior.com\/da\/?s={search_term_string}"},"query-input":{"@type":"PropertyValueSpecification","valueRequired":true,"valueName":"search_term_string"}}],"inLanguage":"da-DK"},{"@type":"Organization","@id":"https:\/\/hubsch-interior.com\/da\/#organization","name":"H\u00fcbsch","url":"https:\/\/hubsch-interior.com\/da\/","logo":{"@type":"ImageObject","inLanguage":"da-DK","@id":"https:\/\/hubsch-interior.com\/da\/#\/schema\/logo\/image\/","url":"https:\/\/hubsch-interior.com\/wp-content\/uploads\/2022\/12\/Hubsch_logo_black_one_line.svg","contentUrl":"https:\/\/hubsch-interior.com\/wp-content\/uploads\/2022\/12\/Hubsch_logo_black_one_line.svg","caption":"H\u00fcbsch"},"image":{"@id":"https:\/\/hubsch-interior.com\/da\/#\/schema\/logo\/image\/"}}]}},"_links":{"self":[{"href":"https:\/\/hubsch-interior.com\/da\/wp-json\/wp\/v2\/product\/1009349","targetHints":{"allow":["GET"]}}],"collection":[{"href":"https:\/\/hubsch-interior.com\/da\/wp-json\/wp\/v2\/product"}],"about":[{"href":"https:\/\/hubsch-interior.com\/da\/wp-json\/wp\/v2\/types\/product"}],"wp:featuredmedia":[{"embeddable":true,"href":"https:\/\/hubsch-interior.com\/da\/wp-json\/wp\/v2\/media\/1104611"}],"wp:attachment":[{"href":"https:\/\/hubsch-interior.com\/da\/wp-json\/wp\/v2\/media?parent=1009349"}],"wp:term":[{"taxonomy":"product_brand","embeddable":true,"href":"https:\/\/hubsch-interior.com\/da\/wp-json\/wp\/v2\/product_brand?post=1009349"},{"taxonomy":"product_cat","embeddable":true,"href":"https:\/\/hubsch-interior.com\/da\/wp-json\/wp\/v2\/product_cat?post=1009349"},{"taxonomy":"product_tag","embeddable":true,"href":"https:\/\/hubsch-interior.com\/da\/wp-json\/wp\/v2\/product_tag?post=1009349"}],"curies":[{"name":"wp","href":"https:\/\/api.w.org\/{rel}","templated":true}]}}