{"id":1009373,"date":"2025-01-24T09:44:57","date_gmt":"2025-01-24T08:44:57","guid":{"rendered":"https:\/\/hubsch-interior.com\/product\/product\/"},"modified":"2026-04-26T05:01:14","modified_gmt":"2026-04-26T03:01:14","slug":"straight-spisebord-rund-natur","status":"publish","type":"product","link":"https:\/\/hubsch-interior.com\/da\/vare\/straight-spisebord-rund-natur\/","title":{"rendered":"Straight Spisebord Rund Natur"},"content":{"rendered":"<p>Oplev Straight Spisebordet, et smukt centrum for dit spiseomr\u00e5de. Fremstillet af FSC-certificeret egetr\u00e6sfin\u00e9r, hvor det stilrene design med en central base eliminerer det almindelige problem med at k\u00e6mpe om benplads. Med en rund bordplade kan det komfortabelt rumme op til seks personer, perfekt til intime middage eller livlige sammenkomster. Tr\u00e6t af at k\u00e6mpe med benene under bordet? S\u00e5 byd velkommen til dette fine og funktionelle m\u00f8bel i dit hjem til hverdagens middage.<\/p>\n","protected":false},"excerpt":{"rendered":"<p>Oplev Straight Spisebordet, et smukt centrum for dit spiseomr\u00e5de. Fremstillet af FSC-certificeret egetr\u00e6sfin\u00e9r, hvor det stilrene design med en central base eliminerer det almindelige problem med at k\u00e6mpe om benplads. Med en rund bordplade kan det komfortabelt rumme op til seks personer, perfekt til intime middage eller livlige sammenkomster. Tr\u00e6t af at k\u00e6mpe med benene [&hellip;]<\/p>\n","protected":false},"featured_media":1116309,"template":"","meta":{"_acf_changed":false,"inline_featured_image":false},"product_brand":[],"product_cat":[6996,2857,4214,5025],"product_tag":[],"class_list":{"0":"post-1009373","1":"product","2":"type-product","3":"status-publish","4":"has-post-thumbnail","6":"product_cat-the-buzz-da","7":"product_cat-borde-da","8":"product_cat-spiseborde-da","9":"product_cat-bestsellers-da","10":"product_shipping_class-p10","12":"pa_color-natur-2","13":"pa_material-mdf-da","14":"pa_material-egetrsfiner","16":"first","17":"outofstock","18":"featured","19":"taxable","20":"shipping-taxable","21":"purchasable","22":"product-type-simple"},"exclude_global_add_ons":[],"addons":[],"acf":[],"yoast_head":"<!-- This site is optimized with the Yoast SEO plugin v26.4 - https:\/\/yoast.com\/wordpress\/plugins\/seo\/ -->\n<title>Straight Spisebord Rund Natur - H\u00fcbsch<\/title>\n<meta name=\"description\" content=\"Oplev Straight Spisebordet, et smukt centrum for dit spiseomr\u00e5de. Fremstillet af FSC-certificeret egetr\u00e6sfin\u00e9r, hvor det stilrene design med en central\" \/>\n<meta name=\"robots\" content=\"index, follow, max-snippet:-1, max-image-preview:large, max-video-preview:-1\" \/>\n<link rel=\"canonical\" href=\"https:\/\/hubsch-interior.com\/da\/wp-json\/wp\/v2\/product\/1009373\" \/>\n<meta property=\"og:locale\" content=\"da_DK\" \/>\n<meta property=\"og:type\" content=\"article\" \/>\n<meta property=\"og:title\" content=\"Straight Spisebord Rund Natur - H\u00fcbsch\" \/>\n<meta property=\"og:description\" content=\"Oplev Straight Spisebordet, et smukt centrum for dit spiseomr\u00e5de. Fremstillet af FSC-certificeret egetr\u00e6sfin\u00e9r, hvor det stilrene design med en central\" \/>\n<meta property=\"og:url\" content=\"https:\/\/hubsch-interior.com\/da\/vare\/straight-spisebord-rund-natur\/\" \/>\n<meta property=\"og:site_name\" content=\"H\u00fcbsch\" \/>\n<meta property=\"article:modified_time\" content=\"2026-04-26T03:01:14+00:00\" \/>\n<meta property=\"og:image\" content=\"https:\/\/hubsch-interior.com\/wp-content\/uploads\/2025\/02\/straight-dining-table-round-natural-328e28b66023062d91658b17d99a5313.jpg\" \/>\n\t<meta property=\"og:image:width\" content=\"1200\" \/>\n\t<meta property=\"og:image:height\" content=\"1200\" \/>\n\t<meta property=\"og:image:type\" content=\"image\/jpeg\" \/>\n<meta name=\"twitter:card\" content=\"summary_large_image\" \/>\n<script type=\"application\/ld+json\" class=\"yoast-schema-graph\">{\"@context\":\"https:\/\/schema.org\",\"@graph\":[{\"@type\":\"WebPage\",\"@id\":\"https:\/\/hubsch-interior.com\/da\/vare\/straight-spisebord-rund-natur\/\",\"url\":\"https:\/\/hubsch-interior.com\/da\/vare\/straight-spisebord-rund-natur\/\",\"name\":\"Straight Spisebord Rund Natur - H\u00fcbsch\",\"isPartOf\":{\"@id\":\"https:\/\/hubsch-interior.com\/da\/#website\"},\"primaryImageOfPage\":{\"@id\":\"https:\/\/hubsch-interior.com\/da\/vare\/straight-spisebord-rund-natur\/#primaryimage\"},\"image\":{\"@id\":\"https:\/\/hubsch-interior.com\/da\/vare\/straight-spisebord-rund-natur\/#primaryimage\"},\"thumbnailUrl\":\"https:\/\/hubsch-interior.com\/wp-content\/uploads\/2026\/04\/straight-dining-table-round-natural-781b81a0a0e5de21da01dcaed61aef57.jpg\",\"datePublished\":\"2025-01-24T08:44:57+00:00\",\"dateModified\":\"2026-04-26T03:01:14+00:00\",\"description\":\"Oplev Straight Spisebordet, et smukt centrum for dit spiseomr\u00e5de. Fremstillet af FSC-certificeret egetr\u00e6sfin\u00e9r, hvor det stilrene design med en central\",\"breadcrumb\":{\"@id\":\"https:\/\/hubsch-interior.com\/da\/vare\/straight-spisebord-rund-natur\/#breadcrumb\"},\"inLanguage\":\"da-DK\",\"potentialAction\":[{\"@type\":\"ReadAction\",\"target\":[\"https:\/\/hubsch-interior.com\/da\/vare\/straight-spisebord-rund-natur\/\"]}]},{\"@type\":\"ImageObject\",\"inLanguage\":\"da-DK\",\"@id\":\"https:\/\/hubsch-interior.com\/da\/vare\/straight-spisebord-rund-natur\/#primaryimage\",\"url\":\"https:\/\/hubsch-interior.com\/wp-content\/uploads\/2026\/04\/straight-dining-table-round-natural-781b81a0a0e5de21da01dcaed61aef57.jpg\",\"contentUrl\":\"https:\/\/hubsch-interior.com\/wp-content\/uploads\/2026\/04\/straight-dining-table-round-natural-781b81a0a0e5de21da01dcaed61aef57.jpg\",\"width\":1024,\"height\":1024},{\"@type\":\"BreadcrumbList\",\"@id\":\"https:\/\/hubsch-interior.com\/da\/vare\/straight-spisebord-rund-natur\/#breadcrumb\",\"itemListElement\":[{\"@type\":\"ListItem\",\"position\":1,\"name\":\"Forside\",\"item\":\"https:\/\/hubsch-interior.com\/da\/\"},{\"@type\":\"ListItem\",\"position\":2,\"name\":\"Produkter\",\"item\":\"https:\/\/hubsch-interior.com\/da\/produkter\/\"},{\"@type\":\"ListItem\",\"position\":3,\"name\":\"M\u00f8bler\",\"item\":\"https:\/\/hubsch-interior.com\/da\/vare-kategori\/mobler\/\"},{\"@type\":\"ListItem\",\"position\":4,\"name\":\"Borde\",\"item\":\"https:\/\/hubsch-interior.com\/da\/vare-kategori\/mobler\/borde-da\/\"},{\"@type\":\"ListItem\",\"position\":5,\"name\":\"Spiseborde\",\"item\":\"https:\/\/hubsch-interior.com\/da\/vare-kategori\/mobler\/borde-da\/spiseborde-da\/\"},{\"@type\":\"ListItem\",\"position\":6,\"name\":\"Straight Spisebord Rund Natur\"}]},{\"@type\":\"WebSite\",\"@id\":\"https:\/\/hubsch-interior.com\/da\/#website\",\"url\":\"https:\/\/hubsch-interior.com\/da\/\",\"name\":\"H\u00fcbsch\",\"description\":\"Danish Home Interior and Design\",\"publisher\":{\"@id\":\"https:\/\/hubsch-interior.com\/da\/#organization\"},\"potentialAction\":[{\"@type\":\"SearchAction\",\"target\":{\"@type\":\"EntryPoint\",\"urlTemplate\":\"https:\/\/hubsch-interior.com\/da\/?s={search_term_string}\"},\"query-input\":{\"@type\":\"PropertyValueSpecification\",\"valueRequired\":true,\"valueName\":\"search_term_string\"}}],\"inLanguage\":\"da-DK\"},{\"@type\":\"Organization\",\"@id\":\"https:\/\/hubsch-interior.com\/da\/#organization\",\"name\":\"H\u00fcbsch\",\"url\":\"https:\/\/hubsch-interior.com\/da\/\",\"logo\":{\"@type\":\"ImageObject\",\"inLanguage\":\"da-DK\",\"@id\":\"https:\/\/hubsch-interior.com\/da\/#\/schema\/logo\/image\/\",\"url\":\"https:\/\/hubsch-interior.com\/wp-content\/uploads\/2022\/12\/Hubsch_logo_black_one_line.svg\",\"contentUrl\":\"https:\/\/hubsch-interior.com\/wp-content\/uploads\/2022\/12\/Hubsch_logo_black_one_line.svg\",\"caption\":\"H\u00fcbsch\"},\"image\":{\"@id\":\"https:\/\/hubsch-interior.com\/da\/#\/schema\/logo\/image\/\"}}]}<\/script>\n<!-- \/ Yoast SEO plugin. -->","yoast_head_json":{"title":"Straight Spisebord Rund Natur - H\u00fcbsch","description":"Oplev Straight Spisebordet, et smukt centrum for dit spiseomr\u00e5de. Fremstillet af FSC-certificeret egetr\u00e6sfin\u00e9r, hvor det stilrene design med en central","robots":{"index":"index","follow":"follow","max-snippet":"max-snippet:-1","max-image-preview":"max-image-preview:large","max-video-preview":"max-video-preview:-1"},"canonical":"https:\/\/hubsch-interior.com\/da\/wp-json\/wp\/v2\/product\/1009373","og_locale":"da_DK","og_type":"article","og_title":"Straight Spisebord Rund Natur - H\u00fcbsch","og_description":"Oplev Straight Spisebordet, et smukt centrum for dit spiseomr\u00e5de. Fremstillet af FSC-certificeret egetr\u00e6sfin\u00e9r, hvor det stilrene design med en central","og_url":"https:\/\/hubsch-interior.com\/da\/vare\/straight-spisebord-rund-natur\/","og_site_name":"H\u00fcbsch","article_modified_time":"2026-04-26T03:01:14+00:00","og_image":[{"width":1200,"height":1200,"url":"https:\/\/hubsch-interior.com\/wp-content\/uploads\/2025\/02\/straight-dining-table-round-natural-328e28b66023062d91658b17d99a5313.jpg","type":"image\/jpeg"}],"twitter_card":"summary_large_image","schema":{"@context":"https:\/\/schema.org","@graph":[{"@type":"WebPage","@id":"https:\/\/hubsch-interior.com\/da\/vare\/straight-spisebord-rund-natur\/","url":"https:\/\/hubsch-interior.com\/da\/vare\/straight-spisebord-rund-natur\/","name":"Straight Spisebord Rund Natur - H\u00fcbsch","isPartOf":{"@id":"https:\/\/hubsch-interior.com\/da\/#website"},"primaryImageOfPage":{"@id":"https:\/\/hubsch-interior.com\/da\/vare\/straight-spisebord-rund-natur\/#primaryimage"},"image":{"@id":"https:\/\/hubsch-interior.com\/da\/vare\/straight-spisebord-rund-natur\/#primaryimage"},"thumbnailUrl":"https:\/\/hubsch-interior.com\/wp-content\/uploads\/2026\/04\/straight-dining-table-round-natural-781b81a0a0e5de21da01dcaed61aef57.jpg","datePublished":"2025-01-24T08:44:57+00:00","dateModified":"2026-04-26T03:01:14+00:00","description":"Oplev Straight Spisebordet, et smukt centrum for dit spiseomr\u00e5de. Fremstillet af FSC-certificeret egetr\u00e6sfin\u00e9r, hvor det stilrene design med en central","breadcrumb":{"@id":"https:\/\/hubsch-interior.com\/da\/vare\/straight-spisebord-rund-natur\/#breadcrumb"},"inLanguage":"da-DK","potentialAction":[{"@type":"ReadAction","target":["https:\/\/hubsch-interior.com\/da\/vare\/straight-spisebord-rund-natur\/"]}]},{"@type":"ImageObject","inLanguage":"da-DK","@id":"https:\/\/hubsch-interior.com\/da\/vare\/straight-spisebord-rund-natur\/#primaryimage","url":"https:\/\/hubsch-interior.com\/wp-content\/uploads\/2026\/04\/straight-dining-table-round-natural-781b81a0a0e5de21da01dcaed61aef57.jpg","contentUrl":"https:\/\/hubsch-interior.com\/wp-content\/uploads\/2026\/04\/straight-dining-table-round-natural-781b81a0a0e5de21da01dcaed61aef57.jpg","width":1024,"height":1024},{"@type":"BreadcrumbList","@id":"https:\/\/hubsch-interior.com\/da\/vare\/straight-spisebord-rund-natur\/#breadcrumb","itemListElement":[{"@type":"ListItem","position":1,"name":"Forside","item":"https:\/\/hubsch-interior.com\/da\/"},{"@type":"ListItem","position":2,"name":"Produkter","item":"https:\/\/hubsch-interior.com\/da\/produkter\/"},{"@type":"ListItem","position":3,"name":"M\u00f8bler","item":"https:\/\/hubsch-interior.com\/da\/vare-kategori\/mobler\/"},{"@type":"ListItem","position":4,"name":"Borde","item":"https:\/\/hubsch-interior.com\/da\/vare-kategori\/mobler\/borde-da\/"},{"@type":"ListItem","position":5,"name":"Spiseborde","item":"https:\/\/hubsch-interior.com\/da\/vare-kategori\/mobler\/borde-da\/spiseborde-da\/"},{"@type":"ListItem","position":6,"name":"Straight Spisebord Rund Natur"}]},{"@type":"WebSite","@id":"https:\/\/hubsch-interior.com\/da\/#website","url":"https:\/\/hubsch-interior.com\/da\/","name":"H\u00fcbsch","description":"Danish Home Interior and Design","publisher":{"@id":"https:\/\/hubsch-interior.com\/da\/#organization"},"potentialAction":[{"@type":"SearchAction","target":{"@type":"EntryPoint","urlTemplate":"https:\/\/hubsch-interior.com\/da\/?s={search_term_string}"},"query-input":{"@type":"PropertyValueSpecification","valueRequired":true,"valueName":"search_term_string"}}],"inLanguage":"da-DK"},{"@type":"Organization","@id":"https:\/\/hubsch-interior.com\/da\/#organization","name":"H\u00fcbsch","url":"https:\/\/hubsch-interior.com\/da\/","logo":{"@type":"ImageObject","inLanguage":"da-DK","@id":"https:\/\/hubsch-interior.com\/da\/#\/schema\/logo\/image\/","url":"https:\/\/hubsch-interior.com\/wp-content\/uploads\/2022\/12\/Hubsch_logo_black_one_line.svg","contentUrl":"https:\/\/hubsch-interior.com\/wp-content\/uploads\/2022\/12\/Hubsch_logo_black_one_line.svg","caption":"H\u00fcbsch"},"image":{"@id":"https:\/\/hubsch-interior.com\/da\/#\/schema\/logo\/image\/"}}]}},"_links":{"self":[{"href":"https:\/\/hubsch-interior.com\/da\/wp-json\/wp\/v2\/product\/1009373","targetHints":{"allow":["GET"]}}],"collection":[{"href":"https:\/\/hubsch-interior.com\/da\/wp-json\/wp\/v2\/product"}],"about":[{"href":"https:\/\/hubsch-interior.com\/da\/wp-json\/wp\/v2\/types\/product"}],"wp:featuredmedia":[{"embeddable":true,"href":"https:\/\/hubsch-interior.com\/da\/wp-json\/wp\/v2\/media\/1116309"}],"wp:attachment":[{"href":"https:\/\/hubsch-interior.com\/da\/wp-json\/wp\/v2\/media?parent=1009373"}],"wp:term":[{"taxonomy":"product_brand","embeddable":true,"href":"https:\/\/hubsch-interior.com\/da\/wp-json\/wp\/v2\/product_brand?post=1009373"},{"taxonomy":"product_cat","embeddable":true,"href":"https:\/\/hubsch-interior.com\/da\/wp-json\/wp\/v2\/product_cat?post=1009373"},{"taxonomy":"product_tag","embeddable":true,"href":"https:\/\/hubsch-interior.com\/da\/wp-json\/wp\/v2\/product_tag?post=1009373"}],"curies":[{"name":"wp","href":"https:\/\/api.w.org\/{rel}","templated":true}]}}