{"id":1009389,"date":"2025-01-24T09:45:30","date_gmt":"2025-01-24T08:45:30","guid":{"rendered":"https:\/\/hubsch-interior.com\/product\/product\/"},"modified":"2026-04-05T04:58:34","modified_gmt":"2026-04-05T02:58:34","slug":"seize-sofabord-natur","status":"publish","type":"product","link":"https:\/\/hubsch-interior.com\/da\/vare\/seize-sofabord-natur\/","title":{"rendered":"Seize Sofabord Natur"},"content":{"rendered":"<p>Vores Seize Sofabord, et klassisk og tidl\u00f8st midtpunkt for din stue. Det har en varm, naturlig nuance, der inviterer dig til at skabe din helt eget sofabordsops\u00e6tning. Det lange sofabord fungerer ikke kun som et anker for rummet, men tilbyder ogs\u00e5 smart opbevaring nedenunder, hvilket g\u00f8r det til et perfekt l\u00e6rred for din kreative udfoldelse. Bring b\u00e5de funktion og stil ind i dit hjem med Seize, hvor elegance m\u00f8der praktisk anvendelighed.<\/p>\n","protected":false},"excerpt":{"rendered":"<p>Vores Seize Sofabord, et klassisk og tidl\u00f8st midtpunkt for din stue. Det har en varm, naturlig nuance, der inviterer dig til at skabe din helt eget sofabordsops\u00e6tning. Det lange sofabord fungerer ikke kun som et anker for rummet, men tilbyder ogs\u00e5 smart opbevaring nedenunder, hvilket g\u00f8r det til et perfekt l\u00e6rred for din kreative udfoldelse. [&hellip;]<\/p>\n","protected":false},"featured_media":1104667,"template":"","meta":{"_acf_changed":false,"inline_featured_image":false},"product_brand":[],"product_cat":[6996,2857,2872,5025],"product_tag":[],"class_list":{"0":"post-1009389","1":"product","2":"type-product","3":"status-publish","4":"has-post-thumbnail","6":"product_cat-the-buzz-da","7":"product_cat-borde-da","8":"product_cat-sofaborde-da","9":"product_cat-bestsellers-da","10":"product_shipping_class-p05","12":"pa_color-natur-2","13":"pa_material-mdf-da","14":"pa_material-egetr","15":"pa_material-egetrsfiner","17":"first","18":"outofstock","19":"featured","20":"taxable","21":"shipping-taxable","22":"purchasable","23":"product-type-simple"},"exclude_global_add_ons":[],"addons":[],"acf":[],"yoast_head":"<!-- This site is optimized with the Yoast SEO plugin v26.4 - https:\/\/yoast.com\/wordpress\/plugins\/seo\/ -->\n<title>Seize Sofabord Natur - H\u00fcbsch<\/title>\n<meta name=\"description\" content=\"Vores Seize Sofabord, et klassisk og tidl\u00f8st midtpunkt for din stue. Det har en varm, naturlig nuance, der inviterer dig til at skabe din helt eget\" \/>\n<meta name=\"robots\" content=\"index, follow, max-snippet:-1, max-image-preview:large, max-video-preview:-1\" \/>\n<link rel=\"canonical\" href=\"https:\/\/hubsch-interior.com\/da\/wp-json\/wp\/v2\/product\/1009389\" \/>\n<meta property=\"og:locale\" content=\"da_DK\" \/>\n<meta property=\"og:type\" content=\"article\" \/>\n<meta property=\"og:title\" content=\"Seize Sofabord Natur - H\u00fcbsch\" \/>\n<meta property=\"og:description\" content=\"Vores Seize Sofabord, et klassisk og tidl\u00f8st midtpunkt for din stue. Det har en varm, naturlig nuance, der inviterer dig til at skabe din helt eget\" \/>\n<meta property=\"og:url\" content=\"https:\/\/hubsch-interior.com\/da\/vare\/seize-sofabord-natur\/\" \/>\n<meta property=\"og:site_name\" content=\"H\u00fcbsch\" \/>\n<meta property=\"article:modified_time\" content=\"2026-04-05T02:58:34+00:00\" \/>\n<meta property=\"og:image\" content=\"https:\/\/hubsch-interior.com\/wp-content\/uploads\/2025\/01\/seize-coffee-table-natural-edb4a41b164b185d7fed84973750be29.jpg\" \/>\n\t<meta property=\"og:image:width\" content=\"1200\" \/>\n\t<meta property=\"og:image:height\" content=\"1200\" \/>\n\t<meta property=\"og:image:type\" content=\"image\/jpeg\" \/>\n<meta name=\"twitter:card\" content=\"summary_large_image\" \/>\n<script type=\"application\/ld+json\" class=\"yoast-schema-graph\">{\"@context\":\"https:\/\/schema.org\",\"@graph\":[{\"@type\":\"WebPage\",\"@id\":\"https:\/\/hubsch-interior.com\/da\/vare\/seize-sofabord-natur\/\",\"url\":\"https:\/\/hubsch-interior.com\/da\/vare\/seize-sofabord-natur\/\",\"name\":\"Seize Sofabord Natur - H\u00fcbsch\",\"isPartOf\":{\"@id\":\"https:\/\/hubsch-interior.com\/da\/#website\"},\"primaryImageOfPage\":{\"@id\":\"https:\/\/hubsch-interior.com\/da\/vare\/seize-sofabord-natur\/#primaryimage\"},\"image\":{\"@id\":\"https:\/\/hubsch-interior.com\/da\/vare\/seize-sofabord-natur\/#primaryimage\"},\"thumbnailUrl\":\"https:\/\/hubsch-interior.com\/wp-content\/uploads\/2026\/02\/seize-coffee-table-natural-1b25c49d0fa61da951855dcf3ca52f3f.jpg\",\"datePublished\":\"2025-01-24T08:45:30+00:00\",\"dateModified\":\"2026-04-05T02:58:34+00:00\",\"description\":\"Vores Seize Sofabord, et klassisk og tidl\u00f8st midtpunkt for din stue. Det har en varm, naturlig nuance, der inviterer dig til at skabe din helt eget\",\"breadcrumb\":{\"@id\":\"https:\/\/hubsch-interior.com\/da\/vare\/seize-sofabord-natur\/#breadcrumb\"},\"inLanguage\":\"da-DK\",\"potentialAction\":[{\"@type\":\"ReadAction\",\"target\":[\"https:\/\/hubsch-interior.com\/da\/vare\/seize-sofabord-natur\/\"]}]},{\"@type\":\"ImageObject\",\"inLanguage\":\"da-DK\",\"@id\":\"https:\/\/hubsch-interior.com\/da\/vare\/seize-sofabord-natur\/#primaryimage\",\"url\":\"https:\/\/hubsch-interior.com\/wp-content\/uploads\/2026\/02\/seize-coffee-table-natural-1b25c49d0fa61da951855dcf3ca52f3f.jpg\",\"contentUrl\":\"https:\/\/hubsch-interior.com\/wp-content\/uploads\/2026\/02\/seize-coffee-table-natural-1b25c49d0fa61da951855dcf3ca52f3f.jpg\",\"width\":1024,\"height\":1024},{\"@type\":\"BreadcrumbList\",\"@id\":\"https:\/\/hubsch-interior.com\/da\/vare\/seize-sofabord-natur\/#breadcrumb\",\"itemListElement\":[{\"@type\":\"ListItem\",\"position\":1,\"name\":\"Forside\",\"item\":\"https:\/\/hubsch-interior.com\/da\/\"},{\"@type\":\"ListItem\",\"position\":2,\"name\":\"Produkter\",\"item\":\"https:\/\/hubsch-interior.com\/da\/produkter\/\"},{\"@type\":\"ListItem\",\"position\":3,\"name\":\"M\u00f8bler\",\"item\":\"https:\/\/hubsch-interior.com\/da\/vare-kategori\/mobler\/\"},{\"@type\":\"ListItem\",\"position\":4,\"name\":\"Borde\",\"item\":\"https:\/\/hubsch-interior.com\/da\/vare-kategori\/mobler\/borde-da\/\"},{\"@type\":\"ListItem\",\"position\":5,\"name\":\"Sofaborde\",\"item\":\"https:\/\/hubsch-interior.com\/da\/vare-kategori\/mobler\/borde-da\/sofaborde-da\/\"},{\"@type\":\"ListItem\",\"position\":6,\"name\":\"Seize Sofabord Natur\"}]},{\"@type\":\"WebSite\",\"@id\":\"https:\/\/hubsch-interior.com\/da\/#website\",\"url\":\"https:\/\/hubsch-interior.com\/da\/\",\"name\":\"H\u00fcbsch\",\"description\":\"Danish Home Interior and Design\",\"publisher\":{\"@id\":\"https:\/\/hubsch-interior.com\/da\/#organization\"},\"potentialAction\":[{\"@type\":\"SearchAction\",\"target\":{\"@type\":\"EntryPoint\",\"urlTemplate\":\"https:\/\/hubsch-interior.com\/da\/?s={search_term_string}\"},\"query-input\":{\"@type\":\"PropertyValueSpecification\",\"valueRequired\":true,\"valueName\":\"search_term_string\"}}],\"inLanguage\":\"da-DK\"},{\"@type\":\"Organization\",\"@id\":\"https:\/\/hubsch-interior.com\/da\/#organization\",\"name\":\"H\u00fcbsch\",\"url\":\"https:\/\/hubsch-interior.com\/da\/\",\"logo\":{\"@type\":\"ImageObject\",\"inLanguage\":\"da-DK\",\"@id\":\"https:\/\/hubsch-interior.com\/da\/#\/schema\/logo\/image\/\",\"url\":\"https:\/\/hubsch-interior.com\/wp-content\/uploads\/2022\/12\/Hubsch_logo_black_one_line.svg\",\"contentUrl\":\"https:\/\/hubsch-interior.com\/wp-content\/uploads\/2022\/12\/Hubsch_logo_black_one_line.svg\",\"caption\":\"H\u00fcbsch\"},\"image\":{\"@id\":\"https:\/\/hubsch-interior.com\/da\/#\/schema\/logo\/image\/\"}}]}<\/script>\n<!-- \/ Yoast SEO plugin. -->","yoast_head_json":{"title":"Seize Sofabord Natur - H\u00fcbsch","description":"Vores Seize Sofabord, et klassisk og tidl\u00f8st midtpunkt for din stue. Det har en varm, naturlig nuance, der inviterer dig til at skabe din helt eget","robots":{"index":"index","follow":"follow","max-snippet":"max-snippet:-1","max-image-preview":"max-image-preview:large","max-video-preview":"max-video-preview:-1"},"canonical":"https:\/\/hubsch-interior.com\/da\/wp-json\/wp\/v2\/product\/1009389","og_locale":"da_DK","og_type":"article","og_title":"Seize Sofabord Natur - H\u00fcbsch","og_description":"Vores Seize Sofabord, et klassisk og tidl\u00f8st midtpunkt for din stue. Det har en varm, naturlig nuance, der inviterer dig til at skabe din helt eget","og_url":"https:\/\/hubsch-interior.com\/da\/vare\/seize-sofabord-natur\/","og_site_name":"H\u00fcbsch","article_modified_time":"2026-04-05T02:58:34+00:00","og_image":[{"width":1200,"height":1200,"url":"https:\/\/hubsch-interior.com\/wp-content\/uploads\/2025\/01\/seize-coffee-table-natural-edb4a41b164b185d7fed84973750be29.jpg","type":"image\/jpeg"}],"twitter_card":"summary_large_image","schema":{"@context":"https:\/\/schema.org","@graph":[{"@type":"WebPage","@id":"https:\/\/hubsch-interior.com\/da\/vare\/seize-sofabord-natur\/","url":"https:\/\/hubsch-interior.com\/da\/vare\/seize-sofabord-natur\/","name":"Seize Sofabord Natur - H\u00fcbsch","isPartOf":{"@id":"https:\/\/hubsch-interior.com\/da\/#website"},"primaryImageOfPage":{"@id":"https:\/\/hubsch-interior.com\/da\/vare\/seize-sofabord-natur\/#primaryimage"},"image":{"@id":"https:\/\/hubsch-interior.com\/da\/vare\/seize-sofabord-natur\/#primaryimage"},"thumbnailUrl":"https:\/\/hubsch-interior.com\/wp-content\/uploads\/2026\/02\/seize-coffee-table-natural-1b25c49d0fa61da951855dcf3ca52f3f.jpg","datePublished":"2025-01-24T08:45:30+00:00","dateModified":"2026-04-05T02:58:34+00:00","description":"Vores Seize Sofabord, et klassisk og tidl\u00f8st midtpunkt for din stue. Det har en varm, naturlig nuance, der inviterer dig til at skabe din helt eget","breadcrumb":{"@id":"https:\/\/hubsch-interior.com\/da\/vare\/seize-sofabord-natur\/#breadcrumb"},"inLanguage":"da-DK","potentialAction":[{"@type":"ReadAction","target":["https:\/\/hubsch-interior.com\/da\/vare\/seize-sofabord-natur\/"]}]},{"@type":"ImageObject","inLanguage":"da-DK","@id":"https:\/\/hubsch-interior.com\/da\/vare\/seize-sofabord-natur\/#primaryimage","url":"https:\/\/hubsch-interior.com\/wp-content\/uploads\/2026\/02\/seize-coffee-table-natural-1b25c49d0fa61da951855dcf3ca52f3f.jpg","contentUrl":"https:\/\/hubsch-interior.com\/wp-content\/uploads\/2026\/02\/seize-coffee-table-natural-1b25c49d0fa61da951855dcf3ca52f3f.jpg","width":1024,"height":1024},{"@type":"BreadcrumbList","@id":"https:\/\/hubsch-interior.com\/da\/vare\/seize-sofabord-natur\/#breadcrumb","itemListElement":[{"@type":"ListItem","position":1,"name":"Forside","item":"https:\/\/hubsch-interior.com\/da\/"},{"@type":"ListItem","position":2,"name":"Produkter","item":"https:\/\/hubsch-interior.com\/da\/produkter\/"},{"@type":"ListItem","position":3,"name":"M\u00f8bler","item":"https:\/\/hubsch-interior.com\/da\/vare-kategori\/mobler\/"},{"@type":"ListItem","position":4,"name":"Borde","item":"https:\/\/hubsch-interior.com\/da\/vare-kategori\/mobler\/borde-da\/"},{"@type":"ListItem","position":5,"name":"Sofaborde","item":"https:\/\/hubsch-interior.com\/da\/vare-kategori\/mobler\/borde-da\/sofaborde-da\/"},{"@type":"ListItem","position":6,"name":"Seize Sofabord Natur"}]},{"@type":"WebSite","@id":"https:\/\/hubsch-interior.com\/da\/#website","url":"https:\/\/hubsch-interior.com\/da\/","name":"H\u00fcbsch","description":"Danish Home Interior and Design","publisher":{"@id":"https:\/\/hubsch-interior.com\/da\/#organization"},"potentialAction":[{"@type":"SearchAction","target":{"@type":"EntryPoint","urlTemplate":"https:\/\/hubsch-interior.com\/da\/?s={search_term_string}"},"query-input":{"@type":"PropertyValueSpecification","valueRequired":true,"valueName":"search_term_string"}}],"inLanguage":"da-DK"},{"@type":"Organization","@id":"https:\/\/hubsch-interior.com\/da\/#organization","name":"H\u00fcbsch","url":"https:\/\/hubsch-interior.com\/da\/","logo":{"@type":"ImageObject","inLanguage":"da-DK","@id":"https:\/\/hubsch-interior.com\/da\/#\/schema\/logo\/image\/","url":"https:\/\/hubsch-interior.com\/wp-content\/uploads\/2022\/12\/Hubsch_logo_black_one_line.svg","contentUrl":"https:\/\/hubsch-interior.com\/wp-content\/uploads\/2022\/12\/Hubsch_logo_black_one_line.svg","caption":"H\u00fcbsch"},"image":{"@id":"https:\/\/hubsch-interior.com\/da\/#\/schema\/logo\/image\/"}}]}},"_links":{"self":[{"href":"https:\/\/hubsch-interior.com\/da\/wp-json\/wp\/v2\/product\/1009389","targetHints":{"allow":["GET"]}}],"collection":[{"href":"https:\/\/hubsch-interior.com\/da\/wp-json\/wp\/v2\/product"}],"about":[{"href":"https:\/\/hubsch-interior.com\/da\/wp-json\/wp\/v2\/types\/product"}],"wp:featuredmedia":[{"embeddable":true,"href":"https:\/\/hubsch-interior.com\/da\/wp-json\/wp\/v2\/media\/1104667"}],"wp:attachment":[{"href":"https:\/\/hubsch-interior.com\/da\/wp-json\/wp\/v2\/media?parent=1009389"}],"wp:term":[{"taxonomy":"product_brand","embeddable":true,"href":"https:\/\/hubsch-interior.com\/da\/wp-json\/wp\/v2\/product_brand?post=1009389"},{"taxonomy":"product_cat","embeddable":true,"href":"https:\/\/hubsch-interior.com\/da\/wp-json\/wp\/v2\/product_cat?post=1009389"},{"taxonomy":"product_tag","embeddable":true,"href":"https:\/\/hubsch-interior.com\/da\/wp-json\/wp\/v2\/product_tag?post=1009389"}],"curies":[{"name":"wp","href":"https:\/\/api.w.org\/{rel}","templated":true}]}}