{"id":1009505,"date":"2025-01-24T09:48:18","date_gmt":"2025-01-24T08:48:18","guid":{"rendered":"https:\/\/hubsch-interior.com\/product\/product\/"},"modified":"2026-04-11T05:02:35","modified_gmt":"2026-04-11T03:02:35","slug":"interplay-pendel-brun-bla-orange","status":"publish","type":"product","link":"https:\/\/hubsch-interior.com\/da\/vare\/interplay-pendel-brun-bla-orange\/","title":{"rendered":"Interplay Pendel  Brun\/Bl\u00e5\/Orange"},"content":{"rendered":"<p>Opdag den f\u00e6ngslende charme ved Interplay Pendel. Dette uds\u00f8gte stykke kombinerer en tiltalende brun, bl\u00e5 og orange farvekombination, der v\u00e6kker en f\u00f8lelse af retro elegance. Omhyggeligt fremstillet af aluminium og glas, hvor den perfekt kaster et fantastisk lys over dit spisebord eller arbejdsomr\u00e5de. For \u00f8get funktion kan lampen justeres i lysstyrke, s\u00e5 denne pendel kan skabe den perfekte atmosf\u00e6re til enhver lejlighed. Oplys dit hjem med dette stilfulde og funktionelle fokuspunkt.<\/p>\n","protected":false},"excerpt":{"rendered":"<p>Opdag den f\u00e6ngslende charme ved Interplay Pendel. Dette uds\u00f8gte stykke kombinerer en tiltalende brun, bl\u00e5 og orange farvekombination, der v\u00e6kker en f\u00f8lelse af retro elegance. Omhyggeligt fremstillet af aluminium og glas, hvor den perfekt kaster et fantastisk lys over dit spisebord eller arbejdsomr\u00e5de. For \u00f8get funktion kan lampen justeres i lysstyrke, s\u00e5 denne pendel kan [&hellip;]<\/p>\n","protected":false},"featured_media":1107630,"template":"","meta":{"_acf_changed":false,"inline_featured_image":false},"product_brand":[],"product_cat":[6996,3808,4146,5025,5029],"product_tag":[],"class_list":{"0":"post-1009505","1":"product","2":"type-product","3":"status-publish","4":"has-post-thumbnail","6":"product_cat-the-buzz-da","7":"product_cat-belysning","8":"product_cat-loftslamper-da","9":"product_cat-bestsellers-da","10":"product_cat-tilbage-paa-lager-da","11":"product_shipping_class-pk","13":"pa_color-brun","14":"pa_color-orange-da","15":"pa_color-bl","16":"pa_material-aluminium-da","17":"pa_material-glas-da","19":"first","20":"instock","21":"featured","22":"taxable","23":"shipping-taxable","24":"purchasable","25":"product-type-simple"},"exclude_global_add_ons":[],"addons":[],"acf":[],"yoast_head":"<!-- This site is optimized with the Yoast SEO plugin v26.4 - https:\/\/yoast.com\/wordpress\/plugins\/seo\/ -->\n<title>Interplay Pendel Brun\/Bl\u00e5\/Orange - H\u00fcbsch<\/title>\n<meta name=\"description\" content=\"Opdag den f\u00e6ngslende charme ved Interplay Pendel. Dette uds\u00f8gte stykke kombinerer en tiltalende brun, bl\u00e5 og orange farvekombination, der v\u00e6kker en\" \/>\n<meta name=\"robots\" content=\"index, follow, max-snippet:-1, max-image-preview:large, max-video-preview:-1\" \/>\n<link rel=\"canonical\" href=\"https:\/\/hubsch-interior.com\/da\/wp-json\/wp\/v2\/product\/1009505\" \/>\n<meta property=\"og:locale\" content=\"da_DK\" \/>\n<meta property=\"og:type\" content=\"article\" \/>\n<meta property=\"og:title\" content=\"Interplay Pendel Brun\/Bl\u00e5\/Orange - H\u00fcbsch\" \/>\n<meta property=\"og:description\" content=\"Opdag den f\u00e6ngslende charme ved Interplay Pendel. Dette uds\u00f8gte stykke kombinerer en tiltalende brun, bl\u00e5 og orange farvekombination, der v\u00e6kker en\" \/>\n<meta property=\"og:url\" content=\"https:\/\/hubsch-interior.com\/da\/vare\/interplay-pendel-brun-bla-orange\/\" \/>\n<meta property=\"og:site_name\" content=\"H\u00fcbsch\" \/>\n<meta property=\"article:modified_time\" content=\"2026-04-11T03:02:35+00:00\" \/>\n<meta property=\"og:image\" content=\"https:\/\/hubsch-interior.com\/wp-content\/uploads\/2026\/02\/interplay-pendant-l-152cm-brownblueorange-021d35f4ad55be66c4bcb6c415f99ddf.jpg\" \/>\n\t<meta property=\"og:image:width\" content=\"1024\" \/>\n\t<meta property=\"og:image:height\" content=\"1024\" \/>\n\t<meta property=\"og:image:type\" content=\"image\/jpeg\" \/>\n<meta name=\"twitter:card\" content=\"summary_large_image\" \/>\n<script type=\"application\/ld+json\" class=\"yoast-schema-graph\">{\"@context\":\"https:\/\/schema.org\",\"@graph\":[{\"@type\":\"WebPage\",\"@id\":\"https:\/\/hubsch-interior.com\/da\/vare\/interplay-pendel-brun-bla-orange\/\",\"url\":\"https:\/\/hubsch-interior.com\/da\/vare\/interplay-pendel-brun-bla-orange\/\",\"name\":\"Interplay Pendel Brun\/Bl\u00e5\/Orange - H\u00fcbsch\",\"isPartOf\":{\"@id\":\"https:\/\/hubsch-interior.com\/da\/#website\"},\"primaryImageOfPage\":{\"@id\":\"https:\/\/hubsch-interior.com\/da\/vare\/interplay-pendel-brun-bla-orange\/#primaryimage\"},\"image\":{\"@id\":\"https:\/\/hubsch-interior.com\/da\/vare\/interplay-pendel-brun-bla-orange\/#primaryimage\"},\"thumbnailUrl\":\"https:\/\/hubsch-interior.com\/wp-content\/uploads\/2026\/02\/interplay-pendant-l-152cm-brownblueorange-021d35f4ad55be66c4bcb6c415f99ddf.jpg\",\"datePublished\":\"2025-01-24T08:48:18+00:00\",\"dateModified\":\"2026-04-11T03:02:35+00:00\",\"description\":\"Opdag den f\u00e6ngslende charme ved Interplay Pendel. Dette uds\u00f8gte stykke kombinerer en tiltalende brun, bl\u00e5 og orange farvekombination, der v\u00e6kker en\",\"breadcrumb\":{\"@id\":\"https:\/\/hubsch-interior.com\/da\/vare\/interplay-pendel-brun-bla-orange\/#breadcrumb\"},\"inLanguage\":\"da-DK\",\"potentialAction\":[{\"@type\":\"ReadAction\",\"target\":[\"https:\/\/hubsch-interior.com\/da\/vare\/interplay-pendel-brun-bla-orange\/\"]}]},{\"@type\":\"ImageObject\",\"inLanguage\":\"da-DK\",\"@id\":\"https:\/\/hubsch-interior.com\/da\/vare\/interplay-pendel-brun-bla-orange\/#primaryimage\",\"url\":\"https:\/\/hubsch-interior.com\/wp-content\/uploads\/2026\/02\/interplay-pendant-l-152cm-brownblueorange-021d35f4ad55be66c4bcb6c415f99ddf.jpg\",\"contentUrl\":\"https:\/\/hubsch-interior.com\/wp-content\/uploads\/2026\/02\/interplay-pendant-l-152cm-brownblueorange-021d35f4ad55be66c4bcb6c415f99ddf.jpg\",\"width\":1024,\"height\":1024},{\"@type\":\"BreadcrumbList\",\"@id\":\"https:\/\/hubsch-interior.com\/da\/vare\/interplay-pendel-brun-bla-orange\/#breadcrumb\",\"itemListElement\":[{\"@type\":\"ListItem\",\"position\":1,\"name\":\"Forside\",\"item\":\"https:\/\/hubsch-interior.com\/da\/\"},{\"@type\":\"ListItem\",\"position\":2,\"name\":\"Produkter\",\"item\":\"https:\/\/hubsch-interior.com\/da\/produkter\/\"},{\"@type\":\"ListItem\",\"position\":3,\"name\":\"Belysning\",\"item\":\"https:\/\/hubsch-interior.com\/da\/vare-kategori\/belysning\/\"},{\"@type\":\"ListItem\",\"position\":4,\"name\":\"Loftslamper\",\"item\":\"https:\/\/hubsch-interior.com\/da\/vare-kategori\/belysning\/loftslamper-da\/\"},{\"@type\":\"ListItem\",\"position\":5,\"name\":\"Interplay Pendel Brun\/Bl\u00e5\/Orange\"}]},{\"@type\":\"WebSite\",\"@id\":\"https:\/\/hubsch-interior.com\/da\/#website\",\"url\":\"https:\/\/hubsch-interior.com\/da\/\",\"name\":\"H\u00fcbsch\",\"description\":\"Danish Home Interior and Design\",\"publisher\":{\"@id\":\"https:\/\/hubsch-interior.com\/da\/#organization\"},\"potentialAction\":[{\"@type\":\"SearchAction\",\"target\":{\"@type\":\"EntryPoint\",\"urlTemplate\":\"https:\/\/hubsch-interior.com\/da\/?s={search_term_string}\"},\"query-input\":{\"@type\":\"PropertyValueSpecification\",\"valueRequired\":true,\"valueName\":\"search_term_string\"}}],\"inLanguage\":\"da-DK\"},{\"@type\":\"Organization\",\"@id\":\"https:\/\/hubsch-interior.com\/da\/#organization\",\"name\":\"H\u00fcbsch\",\"url\":\"https:\/\/hubsch-interior.com\/da\/\",\"logo\":{\"@type\":\"ImageObject\",\"inLanguage\":\"da-DK\",\"@id\":\"https:\/\/hubsch-interior.com\/da\/#\/schema\/logo\/image\/\",\"url\":\"https:\/\/hubsch-interior.com\/wp-content\/uploads\/2022\/12\/Hubsch_logo_black_one_line.svg\",\"contentUrl\":\"https:\/\/hubsch-interior.com\/wp-content\/uploads\/2022\/12\/Hubsch_logo_black_one_line.svg\",\"caption\":\"H\u00fcbsch\"},\"image\":{\"@id\":\"https:\/\/hubsch-interior.com\/da\/#\/schema\/logo\/image\/\"}}]}<\/script>\n<!-- \/ Yoast SEO plugin. -->","yoast_head_json":{"title":"Interplay Pendel Brun\/Bl\u00e5\/Orange - H\u00fcbsch","description":"Opdag den f\u00e6ngslende charme ved Interplay Pendel. Dette uds\u00f8gte stykke kombinerer en tiltalende brun, bl\u00e5 og orange farvekombination, der v\u00e6kker en","robots":{"index":"index","follow":"follow","max-snippet":"max-snippet:-1","max-image-preview":"max-image-preview:large","max-video-preview":"max-video-preview:-1"},"canonical":"https:\/\/hubsch-interior.com\/da\/wp-json\/wp\/v2\/product\/1009505","og_locale":"da_DK","og_type":"article","og_title":"Interplay Pendel Brun\/Bl\u00e5\/Orange - H\u00fcbsch","og_description":"Opdag den f\u00e6ngslende charme ved Interplay Pendel. Dette uds\u00f8gte stykke kombinerer en tiltalende brun, bl\u00e5 og orange farvekombination, der v\u00e6kker en","og_url":"https:\/\/hubsch-interior.com\/da\/vare\/interplay-pendel-brun-bla-orange\/","og_site_name":"H\u00fcbsch","article_modified_time":"2026-04-11T03:02:35+00:00","og_image":[{"width":1024,"height":1024,"url":"https:\/\/hubsch-interior.com\/wp-content\/uploads\/2026\/02\/interplay-pendant-l-152cm-brownblueorange-021d35f4ad55be66c4bcb6c415f99ddf.jpg","type":"image\/jpeg"}],"twitter_card":"summary_large_image","schema":{"@context":"https:\/\/schema.org","@graph":[{"@type":"WebPage","@id":"https:\/\/hubsch-interior.com\/da\/vare\/interplay-pendel-brun-bla-orange\/","url":"https:\/\/hubsch-interior.com\/da\/vare\/interplay-pendel-brun-bla-orange\/","name":"Interplay Pendel Brun\/Bl\u00e5\/Orange - H\u00fcbsch","isPartOf":{"@id":"https:\/\/hubsch-interior.com\/da\/#website"},"primaryImageOfPage":{"@id":"https:\/\/hubsch-interior.com\/da\/vare\/interplay-pendel-brun-bla-orange\/#primaryimage"},"image":{"@id":"https:\/\/hubsch-interior.com\/da\/vare\/interplay-pendel-brun-bla-orange\/#primaryimage"},"thumbnailUrl":"https:\/\/hubsch-interior.com\/wp-content\/uploads\/2026\/02\/interplay-pendant-l-152cm-brownblueorange-021d35f4ad55be66c4bcb6c415f99ddf.jpg","datePublished":"2025-01-24T08:48:18+00:00","dateModified":"2026-04-11T03:02:35+00:00","description":"Opdag den f\u00e6ngslende charme ved Interplay Pendel. Dette uds\u00f8gte stykke kombinerer en tiltalende brun, bl\u00e5 og orange farvekombination, der v\u00e6kker en","breadcrumb":{"@id":"https:\/\/hubsch-interior.com\/da\/vare\/interplay-pendel-brun-bla-orange\/#breadcrumb"},"inLanguage":"da-DK","potentialAction":[{"@type":"ReadAction","target":["https:\/\/hubsch-interior.com\/da\/vare\/interplay-pendel-brun-bla-orange\/"]}]},{"@type":"ImageObject","inLanguage":"da-DK","@id":"https:\/\/hubsch-interior.com\/da\/vare\/interplay-pendel-brun-bla-orange\/#primaryimage","url":"https:\/\/hubsch-interior.com\/wp-content\/uploads\/2026\/02\/interplay-pendant-l-152cm-brownblueorange-021d35f4ad55be66c4bcb6c415f99ddf.jpg","contentUrl":"https:\/\/hubsch-interior.com\/wp-content\/uploads\/2026\/02\/interplay-pendant-l-152cm-brownblueorange-021d35f4ad55be66c4bcb6c415f99ddf.jpg","width":1024,"height":1024},{"@type":"BreadcrumbList","@id":"https:\/\/hubsch-interior.com\/da\/vare\/interplay-pendel-brun-bla-orange\/#breadcrumb","itemListElement":[{"@type":"ListItem","position":1,"name":"Forside","item":"https:\/\/hubsch-interior.com\/da\/"},{"@type":"ListItem","position":2,"name":"Produkter","item":"https:\/\/hubsch-interior.com\/da\/produkter\/"},{"@type":"ListItem","position":3,"name":"Belysning","item":"https:\/\/hubsch-interior.com\/da\/vare-kategori\/belysning\/"},{"@type":"ListItem","position":4,"name":"Loftslamper","item":"https:\/\/hubsch-interior.com\/da\/vare-kategori\/belysning\/loftslamper-da\/"},{"@type":"ListItem","position":5,"name":"Interplay Pendel Brun\/Bl\u00e5\/Orange"}]},{"@type":"WebSite","@id":"https:\/\/hubsch-interior.com\/da\/#website","url":"https:\/\/hubsch-interior.com\/da\/","name":"H\u00fcbsch","description":"Danish Home Interior and Design","publisher":{"@id":"https:\/\/hubsch-interior.com\/da\/#organization"},"potentialAction":[{"@type":"SearchAction","target":{"@type":"EntryPoint","urlTemplate":"https:\/\/hubsch-interior.com\/da\/?s={search_term_string}"},"query-input":{"@type":"PropertyValueSpecification","valueRequired":true,"valueName":"search_term_string"}}],"inLanguage":"da-DK"},{"@type":"Organization","@id":"https:\/\/hubsch-interior.com\/da\/#organization","name":"H\u00fcbsch","url":"https:\/\/hubsch-interior.com\/da\/","logo":{"@type":"ImageObject","inLanguage":"da-DK","@id":"https:\/\/hubsch-interior.com\/da\/#\/schema\/logo\/image\/","url":"https:\/\/hubsch-interior.com\/wp-content\/uploads\/2022\/12\/Hubsch_logo_black_one_line.svg","contentUrl":"https:\/\/hubsch-interior.com\/wp-content\/uploads\/2022\/12\/Hubsch_logo_black_one_line.svg","caption":"H\u00fcbsch"},"image":{"@id":"https:\/\/hubsch-interior.com\/da\/#\/schema\/logo\/image\/"}}]}},"_links":{"self":[{"href":"https:\/\/hubsch-interior.com\/da\/wp-json\/wp\/v2\/product\/1009505","targetHints":{"allow":["GET"]}}],"collection":[{"href":"https:\/\/hubsch-interior.com\/da\/wp-json\/wp\/v2\/product"}],"about":[{"href":"https:\/\/hubsch-interior.com\/da\/wp-json\/wp\/v2\/types\/product"}],"wp:featuredmedia":[{"embeddable":true,"href":"https:\/\/hubsch-interior.com\/da\/wp-json\/wp\/v2\/media\/1107630"}],"wp:attachment":[{"href":"https:\/\/hubsch-interior.com\/da\/wp-json\/wp\/v2\/media?parent=1009505"}],"wp:term":[{"taxonomy":"product_brand","embeddable":true,"href":"https:\/\/hubsch-interior.com\/da\/wp-json\/wp\/v2\/product_brand?post=1009505"},{"taxonomy":"product_cat","embeddable":true,"href":"https:\/\/hubsch-interior.com\/da\/wp-json\/wp\/v2\/product_cat?post=1009505"},{"taxonomy":"product_tag","embeddable":true,"href":"https:\/\/hubsch-interior.com\/da\/wp-json\/wp\/v2\/product_tag?post=1009505"}],"curies":[{"name":"wp","href":"https:\/\/api.w.org\/{rel}","templated":true}]}}