{"id":1010502,"date":"2025-01-29T11:01:24","date_gmt":"2025-01-29T10:01:24","guid":{"rendered":"https:\/\/hubsch-interior.com\/product\/product\/"},"modified":"2026-04-04T04:56:56","modified_gmt":"2026-04-04T02:56:56","slug":"epoch-baenk-sand-natur","status":"publish","type":"product","link":"https:\/\/hubsch-interior.com\/da\/vare\/epoch-baenk-sand-natur\/","title":{"rendered":"Epoch B\u00e6nk Sand\/Natur"},"content":{"rendered":"<p>Epoch B\u00e6nk, en klassisk tilf\u00f8jelse til ethvert hjem. Fremstillet af FSC-certificeret egetr\u00e6 og finer. B\u00e6nkens robuste, men elegante ramme, er perfekt som ekstra siddeplads i ethvert rum, hvad enten det er dit travle k\u00f8kken eller rolige arbejdsv\u00e6relse. For en forbedret oplevelse er den udstyret med en bl\u00f8d pude for at tilf\u00f8je ekstra komfort. Epoch B\u00e6nk er ikke bare et m\u00f8bel; det er et tidl\u00f8s element i dit hjem.<\/p>\n","protected":false},"excerpt":{"rendered":"<p>Epoch B\u00e6nk, en klassisk tilf\u00f8jelse til ethvert hjem. Fremstillet af FSC-certificeret egetr\u00e6 og finer. B\u00e6nkens robuste, men elegante ramme, er perfekt som ekstra siddeplads i ethvert rum, hvad enten det er dit travle k\u00f8kken eller rolige arbejdsv\u00e6relse. For en forbedret oplevelse er den udstyret med en bl\u00f8d pude for at tilf\u00f8je ekstra komfort. Epoch B\u00e6nk [&hellip;]<\/p>\n","protected":false},"featured_media":1104655,"template":"","meta":{"_acf_changed":false,"inline_featured_image":false},"product_brand":[],"product_cat":[6996,2841,2876,5025],"product_tag":[],"class_list":{"0":"post-1010502","1":"product","2":"type-product","3":"status-publish","4":"has-post-thumbnail","6":"product_cat-the-buzz-da","7":"product_cat-siddemoebler-da","8":"product_cat-baenke-da","9":"product_cat-bestsellers-da","10":"product_shipping_class-pk","11":"pa_color-sand-da","12":"pa_color-natur-2","13":"pa_material-mdf-da","14":"pa_material-polyester-100-da","15":"pa_material-egetr","16":"pa_material-egetrsfiner","18":"first","19":"outofstock","20":"featured","21":"taxable","22":"shipping-taxable","23":"purchasable","24":"product-type-simple"},"exclude_global_add_ons":[],"addons":[],"acf":[],"yoast_head":"<!-- This site is optimized with the Yoast SEO plugin v26.4 - https:\/\/yoast.com\/wordpress\/plugins\/seo\/ -->\n<title>Epoch B\u00e6nk Sand\/Natur - H\u00fcbsch<\/title>\n<meta name=\"description\" content=\"Epoch B\u00e6nk, en klassisk tilf\u00f8jelse til ethvert hjem. Fremstillet af FSC-certificeret egetr\u00e6 og finer. B\u00e6nkens robuste, men elegante ramme, er perfekt som\" \/>\n<meta name=\"robots\" content=\"index, follow, max-snippet:-1, max-image-preview:large, max-video-preview:-1\" \/>\n<link rel=\"canonical\" href=\"https:\/\/hubsch-interior.com\/da\/wp-json\/wp\/v2\/product\/1010502\" \/>\n<meta property=\"og:locale\" content=\"da_DK\" \/>\n<meta property=\"og:type\" content=\"article\" \/>\n<meta property=\"og:title\" content=\"Epoch B\u00e6nk Sand\/Natur - H\u00fcbsch\" \/>\n<meta property=\"og:description\" content=\"Epoch B\u00e6nk, en klassisk tilf\u00f8jelse til ethvert hjem. Fremstillet af FSC-certificeret egetr\u00e6 og finer. B\u00e6nkens robuste, men elegante ramme, er perfekt som\" \/>\n<meta property=\"og:url\" content=\"https:\/\/hubsch-interior.com\/da\/vare\/epoch-baenk-sand-natur\/\" \/>\n<meta property=\"og:site_name\" content=\"H\u00fcbsch\" \/>\n<meta property=\"article:modified_time\" content=\"2026-04-04T02:56:56+00:00\" \/>\n<meta property=\"og:image\" content=\"https:\/\/hubsch-interior.com\/wp-content\/uploads\/2026\/02\/epoch-bench-sandnatural-f5805cff3078a07729fcf049dd81dd1a.jpg\" \/>\n\t<meta property=\"og:image:width\" content=\"1024\" \/>\n\t<meta property=\"og:image:height\" content=\"1024\" \/>\n\t<meta property=\"og:image:type\" content=\"image\/jpeg\" \/>\n<meta name=\"twitter:card\" content=\"summary_large_image\" \/>\n<script type=\"application\/ld+json\" class=\"yoast-schema-graph\">{\"@context\":\"https:\/\/schema.org\",\"@graph\":[{\"@type\":\"WebPage\",\"@id\":\"https:\/\/hubsch-interior.com\/da\/vare\/epoch-baenk-sand-natur\/\",\"url\":\"https:\/\/hubsch-interior.com\/da\/vare\/epoch-baenk-sand-natur\/\",\"name\":\"Epoch B\u00e6nk Sand\/Natur - H\u00fcbsch\",\"isPartOf\":{\"@id\":\"https:\/\/hubsch-interior.com\/da\/#website\"},\"primaryImageOfPage\":{\"@id\":\"https:\/\/hubsch-interior.com\/da\/vare\/epoch-baenk-sand-natur\/#primaryimage\"},\"image\":{\"@id\":\"https:\/\/hubsch-interior.com\/da\/vare\/epoch-baenk-sand-natur\/#primaryimage\"},\"thumbnailUrl\":\"https:\/\/hubsch-interior.com\/wp-content\/uploads\/2026\/02\/epoch-bench-sandnatural-f5805cff3078a07729fcf049dd81dd1a.jpg\",\"datePublished\":\"2025-01-29T10:01:24+00:00\",\"dateModified\":\"2026-04-04T02:56:56+00:00\",\"description\":\"Epoch B\u00e6nk, en klassisk tilf\u00f8jelse til ethvert hjem. Fremstillet af FSC-certificeret egetr\u00e6 og finer. B\u00e6nkens robuste, men elegante ramme, er perfekt som\",\"breadcrumb\":{\"@id\":\"https:\/\/hubsch-interior.com\/da\/vare\/epoch-baenk-sand-natur\/#breadcrumb\"},\"inLanguage\":\"da-DK\",\"potentialAction\":[{\"@type\":\"ReadAction\",\"target\":[\"https:\/\/hubsch-interior.com\/da\/vare\/epoch-baenk-sand-natur\/\"]}]},{\"@type\":\"ImageObject\",\"inLanguage\":\"da-DK\",\"@id\":\"https:\/\/hubsch-interior.com\/da\/vare\/epoch-baenk-sand-natur\/#primaryimage\",\"url\":\"https:\/\/hubsch-interior.com\/wp-content\/uploads\/2026\/02\/epoch-bench-sandnatural-f5805cff3078a07729fcf049dd81dd1a.jpg\",\"contentUrl\":\"https:\/\/hubsch-interior.com\/wp-content\/uploads\/2026\/02\/epoch-bench-sandnatural-f5805cff3078a07729fcf049dd81dd1a.jpg\",\"width\":1024,\"height\":1024},{\"@type\":\"BreadcrumbList\",\"@id\":\"https:\/\/hubsch-interior.com\/da\/vare\/epoch-baenk-sand-natur\/#breadcrumb\",\"itemListElement\":[{\"@type\":\"ListItem\",\"position\":1,\"name\":\"Forside\",\"item\":\"https:\/\/hubsch-interior.com\/da\/\"},{\"@type\":\"ListItem\",\"position\":2,\"name\":\"Produkter\",\"item\":\"https:\/\/hubsch-interior.com\/da\/produkter\/\"},{\"@type\":\"ListItem\",\"position\":3,\"name\":\"M\u00f8bler\",\"item\":\"https:\/\/hubsch-interior.com\/da\/vare-kategori\/mobler\/\"},{\"@type\":\"ListItem\",\"position\":4,\"name\":\"Siddem&oslash;bler\",\"item\":\"https:\/\/hubsch-interior.com\/da\/vare-kategori\/mobler\/siddemoebler-da\/\"},{\"@type\":\"ListItem\",\"position\":5,\"name\":\"B&aelig;nke\",\"item\":\"https:\/\/hubsch-interior.com\/da\/vare-kategori\/mobler\/siddemoebler-da\/baenke-da\/\"},{\"@type\":\"ListItem\",\"position\":6,\"name\":\"Epoch B\u00e6nk Sand\/Natur\"}]},{\"@type\":\"WebSite\",\"@id\":\"https:\/\/hubsch-interior.com\/da\/#website\",\"url\":\"https:\/\/hubsch-interior.com\/da\/\",\"name\":\"H\u00fcbsch\",\"description\":\"Danish Home Interior and Design\",\"publisher\":{\"@id\":\"https:\/\/hubsch-interior.com\/da\/#organization\"},\"potentialAction\":[{\"@type\":\"SearchAction\",\"target\":{\"@type\":\"EntryPoint\",\"urlTemplate\":\"https:\/\/hubsch-interior.com\/da\/?s={search_term_string}\"},\"query-input\":{\"@type\":\"PropertyValueSpecification\",\"valueRequired\":true,\"valueName\":\"search_term_string\"}}],\"inLanguage\":\"da-DK\"},{\"@type\":\"Organization\",\"@id\":\"https:\/\/hubsch-interior.com\/da\/#organization\",\"name\":\"H\u00fcbsch\",\"url\":\"https:\/\/hubsch-interior.com\/da\/\",\"logo\":{\"@type\":\"ImageObject\",\"inLanguage\":\"da-DK\",\"@id\":\"https:\/\/hubsch-interior.com\/da\/#\/schema\/logo\/image\/\",\"url\":\"https:\/\/hubsch-interior.com\/wp-content\/uploads\/2022\/12\/Hubsch_logo_black_one_line.svg\",\"contentUrl\":\"https:\/\/hubsch-interior.com\/wp-content\/uploads\/2022\/12\/Hubsch_logo_black_one_line.svg\",\"caption\":\"H\u00fcbsch\"},\"image\":{\"@id\":\"https:\/\/hubsch-interior.com\/da\/#\/schema\/logo\/image\/\"}}]}<\/script>\n<!-- \/ Yoast SEO plugin. -->","yoast_head_json":{"title":"Epoch B\u00e6nk Sand\/Natur - H\u00fcbsch","description":"Epoch B\u00e6nk, en klassisk tilf\u00f8jelse til ethvert hjem. Fremstillet af FSC-certificeret egetr\u00e6 og finer. B\u00e6nkens robuste, men elegante ramme, er perfekt som","robots":{"index":"index","follow":"follow","max-snippet":"max-snippet:-1","max-image-preview":"max-image-preview:large","max-video-preview":"max-video-preview:-1"},"canonical":"https:\/\/hubsch-interior.com\/da\/wp-json\/wp\/v2\/product\/1010502","og_locale":"da_DK","og_type":"article","og_title":"Epoch B\u00e6nk Sand\/Natur - H\u00fcbsch","og_description":"Epoch B\u00e6nk, en klassisk tilf\u00f8jelse til ethvert hjem. Fremstillet af FSC-certificeret egetr\u00e6 og finer. B\u00e6nkens robuste, men elegante ramme, er perfekt som","og_url":"https:\/\/hubsch-interior.com\/da\/vare\/epoch-baenk-sand-natur\/","og_site_name":"H\u00fcbsch","article_modified_time":"2026-04-04T02:56:56+00:00","og_image":[{"width":1024,"height":1024,"url":"https:\/\/hubsch-interior.com\/wp-content\/uploads\/2026\/02\/epoch-bench-sandnatural-f5805cff3078a07729fcf049dd81dd1a.jpg","type":"image\/jpeg"}],"twitter_card":"summary_large_image","schema":{"@context":"https:\/\/schema.org","@graph":[{"@type":"WebPage","@id":"https:\/\/hubsch-interior.com\/da\/vare\/epoch-baenk-sand-natur\/","url":"https:\/\/hubsch-interior.com\/da\/vare\/epoch-baenk-sand-natur\/","name":"Epoch B\u00e6nk Sand\/Natur - H\u00fcbsch","isPartOf":{"@id":"https:\/\/hubsch-interior.com\/da\/#website"},"primaryImageOfPage":{"@id":"https:\/\/hubsch-interior.com\/da\/vare\/epoch-baenk-sand-natur\/#primaryimage"},"image":{"@id":"https:\/\/hubsch-interior.com\/da\/vare\/epoch-baenk-sand-natur\/#primaryimage"},"thumbnailUrl":"https:\/\/hubsch-interior.com\/wp-content\/uploads\/2026\/02\/epoch-bench-sandnatural-f5805cff3078a07729fcf049dd81dd1a.jpg","datePublished":"2025-01-29T10:01:24+00:00","dateModified":"2026-04-04T02:56:56+00:00","description":"Epoch B\u00e6nk, en klassisk tilf\u00f8jelse til ethvert hjem. Fremstillet af FSC-certificeret egetr\u00e6 og finer. B\u00e6nkens robuste, men elegante ramme, er perfekt som","breadcrumb":{"@id":"https:\/\/hubsch-interior.com\/da\/vare\/epoch-baenk-sand-natur\/#breadcrumb"},"inLanguage":"da-DK","potentialAction":[{"@type":"ReadAction","target":["https:\/\/hubsch-interior.com\/da\/vare\/epoch-baenk-sand-natur\/"]}]},{"@type":"ImageObject","inLanguage":"da-DK","@id":"https:\/\/hubsch-interior.com\/da\/vare\/epoch-baenk-sand-natur\/#primaryimage","url":"https:\/\/hubsch-interior.com\/wp-content\/uploads\/2026\/02\/epoch-bench-sandnatural-f5805cff3078a07729fcf049dd81dd1a.jpg","contentUrl":"https:\/\/hubsch-interior.com\/wp-content\/uploads\/2026\/02\/epoch-bench-sandnatural-f5805cff3078a07729fcf049dd81dd1a.jpg","width":1024,"height":1024},{"@type":"BreadcrumbList","@id":"https:\/\/hubsch-interior.com\/da\/vare\/epoch-baenk-sand-natur\/#breadcrumb","itemListElement":[{"@type":"ListItem","position":1,"name":"Forside","item":"https:\/\/hubsch-interior.com\/da\/"},{"@type":"ListItem","position":2,"name":"Produkter","item":"https:\/\/hubsch-interior.com\/da\/produkter\/"},{"@type":"ListItem","position":3,"name":"M\u00f8bler","item":"https:\/\/hubsch-interior.com\/da\/vare-kategori\/mobler\/"},{"@type":"ListItem","position":4,"name":"Siddem&oslash;bler","item":"https:\/\/hubsch-interior.com\/da\/vare-kategori\/mobler\/siddemoebler-da\/"},{"@type":"ListItem","position":5,"name":"B&aelig;nke","item":"https:\/\/hubsch-interior.com\/da\/vare-kategori\/mobler\/siddemoebler-da\/baenke-da\/"},{"@type":"ListItem","position":6,"name":"Epoch B\u00e6nk Sand\/Natur"}]},{"@type":"WebSite","@id":"https:\/\/hubsch-interior.com\/da\/#website","url":"https:\/\/hubsch-interior.com\/da\/","name":"H\u00fcbsch","description":"Danish Home Interior and Design","publisher":{"@id":"https:\/\/hubsch-interior.com\/da\/#organization"},"potentialAction":[{"@type":"SearchAction","target":{"@type":"EntryPoint","urlTemplate":"https:\/\/hubsch-interior.com\/da\/?s={search_term_string}"},"query-input":{"@type":"PropertyValueSpecification","valueRequired":true,"valueName":"search_term_string"}}],"inLanguage":"da-DK"},{"@type":"Organization","@id":"https:\/\/hubsch-interior.com\/da\/#organization","name":"H\u00fcbsch","url":"https:\/\/hubsch-interior.com\/da\/","logo":{"@type":"ImageObject","inLanguage":"da-DK","@id":"https:\/\/hubsch-interior.com\/da\/#\/schema\/logo\/image\/","url":"https:\/\/hubsch-interior.com\/wp-content\/uploads\/2022\/12\/Hubsch_logo_black_one_line.svg","contentUrl":"https:\/\/hubsch-interior.com\/wp-content\/uploads\/2022\/12\/Hubsch_logo_black_one_line.svg","caption":"H\u00fcbsch"},"image":{"@id":"https:\/\/hubsch-interior.com\/da\/#\/schema\/logo\/image\/"}}]}},"_links":{"self":[{"href":"https:\/\/hubsch-interior.com\/da\/wp-json\/wp\/v2\/product\/1010502","targetHints":{"allow":["GET"]}}],"collection":[{"href":"https:\/\/hubsch-interior.com\/da\/wp-json\/wp\/v2\/product"}],"about":[{"href":"https:\/\/hubsch-interior.com\/da\/wp-json\/wp\/v2\/types\/product"}],"wp:featuredmedia":[{"embeddable":true,"href":"https:\/\/hubsch-interior.com\/da\/wp-json\/wp\/v2\/media\/1104655"}],"wp:attachment":[{"href":"https:\/\/hubsch-interior.com\/da\/wp-json\/wp\/v2\/media?parent=1010502"}],"wp:term":[{"taxonomy":"product_brand","embeddable":true,"href":"https:\/\/hubsch-interior.com\/da\/wp-json\/wp\/v2\/product_brand?post=1010502"},{"taxonomy":"product_cat","embeddable":true,"href":"https:\/\/hubsch-interior.com\/da\/wp-json\/wp\/v2\/product_cat?post=1010502"},{"taxonomy":"product_tag","embeddable":true,"href":"https:\/\/hubsch-interior.com\/da\/wp-json\/wp\/v2\/product_tag?post=1010502"}],"curies":[{"name":"wp","href":"https:\/\/api.w.org\/{rel}","templated":true}]}}