{"id":1010538,"date":"2025-01-29T11:13:17","date_gmt":"2025-01-29T10:13:17","guid":{"rendered":"https:\/\/hubsch-interior.com\/product\/product\/"},"modified":"2026-04-11T05:01:44","modified_gmt":"2026-04-11T03:01:44","slug":"chromatic-pendel-lysegra","status":"publish","type":"product","link":"https:\/\/hubsch-interior.com\/da\/vare\/chromatic-pendel-lysegra\/","title":{"rendered":"Chromatic Pendel Lysegr\u00e5"},"content":{"rendered":"<p>Oplev betagelsen af lys med Chromatic Pendel, i en sofistikeret lysgr\u00e5 variant. Fremstillet af holdbart metal og polycarbonat, er denne slanke og elegante armatur et bevis p\u00e5 raffineret smag. Det grafiske design smelter ubesv\u00e6ret sammen med dit interi\u00f8r, mens de sm\u00e5 detaljer p\u00e5 ledningen tilf\u00f8jer en uventet twist, der l\u00f8fter din boligs atmosf\u00e6re med et strejf af moderne charme. Perfekt til at oplyse dine k\u00e6re rum, hvor denne pendel forvandler hverdagslys til en kunstform.<\/p>\n","protected":false},"excerpt":{"rendered":"<p>Oplev betagelsen af lys med Chromatic Pendel, i en sofistikeret lysgr\u00e5 variant. Fremstillet af holdbart metal og polycarbonat, er denne slanke og elegante armatur et bevis p\u00e5 raffineret smag. Det grafiske design smelter ubesv\u00e6ret sammen med dit interi\u00f8r, mens de sm\u00e5 detaljer p\u00e5 ledningen tilf\u00f8jer en uventet twist, der l\u00f8fter din boligs atmosf\u00e6re med et [&hellip;]<\/p>\n","protected":false},"featured_media":1107374,"template":"","meta":{"_acf_changed":false,"inline_featured_image":false},"product_brand":[],"product_cat":[6996,3808,4146],"product_tag":[],"class_list":{"0":"post-1010538","1":"product","2":"type-product","3":"status-publish","4":"has-post-thumbnail","6":"product_cat-the-buzz-da","7":"product_cat-belysning","8":"product_cat-loftslamper-da","9":"product_shipping_class-pk","11":"pa_color-lysegr","12":"pa_material-jern-da","13":"pa_material-polycarbonat","15":"first","16":"instock","17":"taxable","18":"shipping-taxable","19":"purchasable","20":"product-type-simple"},"exclude_global_add_ons":[],"addons":[],"acf":[],"yoast_head":"<!-- This site is optimized with the Yoast SEO plugin v26.4 - https:\/\/yoast.com\/wordpress\/plugins\/seo\/ -->\n<title>Chromatic Pendel Lysegr\u00e5 - H\u00fcbsch<\/title>\n<meta name=\"description\" content=\"Oplev betagelsen af lys med Chromatic Pendel, i en sofistikeret lysgr\u00e5 variant. Fremstillet af holdbart metal og polycarbonat, er denne slanke og elegante\" \/>\n<meta name=\"robots\" content=\"index, follow, max-snippet:-1, max-image-preview:large, max-video-preview:-1\" \/>\n<link rel=\"canonical\" href=\"https:\/\/hubsch-interior.com\/da\/wp-json\/wp\/v2\/product\/1010538\" \/>\n<meta property=\"og:locale\" content=\"da_DK\" \/>\n<meta property=\"og:type\" content=\"article\" \/>\n<meta property=\"og:title\" content=\"Chromatic Pendel Lysegr\u00e5 - H\u00fcbsch\" \/>\n<meta property=\"og:description\" content=\"Oplev betagelsen af lys med Chromatic Pendel, i en sofistikeret lysgr\u00e5 variant. Fremstillet af holdbart metal og polycarbonat, er denne slanke og elegante\" \/>\n<meta property=\"og:url\" content=\"https:\/\/hubsch-interior.com\/da\/vare\/chromatic-pendel-lysegra\/\" \/>\n<meta property=\"og:site_name\" content=\"H\u00fcbsch\" \/>\n<meta property=\"article:modified_time\" content=\"2026-04-11T03:01:44+00:00\" \/>\n<meta property=\"og:image\" content=\"https:\/\/hubsch-interior.com\/wp-content\/uploads\/2026\/02\/chromatic-pendant-light-grey-4cda9850d3c75a068b44833757aa50ae.jpg\" \/>\n\t<meta property=\"og:image:width\" content=\"1024\" \/>\n\t<meta property=\"og:image:height\" content=\"1024\" \/>\n\t<meta property=\"og:image:type\" content=\"image\/jpeg\" \/>\n<meta name=\"twitter:card\" content=\"summary_large_image\" \/>\n<script type=\"application\/ld+json\" class=\"yoast-schema-graph\">{\"@context\":\"https:\/\/schema.org\",\"@graph\":[{\"@type\":\"WebPage\",\"@id\":\"https:\/\/hubsch-interior.com\/da\/vare\/chromatic-pendel-lysegra\/\",\"url\":\"https:\/\/hubsch-interior.com\/da\/vare\/chromatic-pendel-lysegra\/\",\"name\":\"Chromatic Pendel Lysegr\u00e5 - H\u00fcbsch\",\"isPartOf\":{\"@id\":\"https:\/\/hubsch-interior.com\/da\/#website\"},\"primaryImageOfPage\":{\"@id\":\"https:\/\/hubsch-interior.com\/da\/vare\/chromatic-pendel-lysegra\/#primaryimage\"},\"image\":{\"@id\":\"https:\/\/hubsch-interior.com\/da\/vare\/chromatic-pendel-lysegra\/#primaryimage\"},\"thumbnailUrl\":\"https:\/\/hubsch-interior.com\/wp-content\/uploads\/2026\/02\/chromatic-pendant-light-grey-4cda9850d3c75a068b44833757aa50ae.jpg\",\"datePublished\":\"2025-01-29T10:13:17+00:00\",\"dateModified\":\"2026-04-11T03:01:44+00:00\",\"description\":\"Oplev betagelsen af lys med Chromatic Pendel, i en sofistikeret lysgr\u00e5 variant. Fremstillet af holdbart metal og polycarbonat, er denne slanke og elegante\",\"breadcrumb\":{\"@id\":\"https:\/\/hubsch-interior.com\/da\/vare\/chromatic-pendel-lysegra\/#breadcrumb\"},\"inLanguage\":\"da-DK\",\"potentialAction\":[{\"@type\":\"ReadAction\",\"target\":[\"https:\/\/hubsch-interior.com\/da\/vare\/chromatic-pendel-lysegra\/\"]}]},{\"@type\":\"ImageObject\",\"inLanguage\":\"da-DK\",\"@id\":\"https:\/\/hubsch-interior.com\/da\/vare\/chromatic-pendel-lysegra\/#primaryimage\",\"url\":\"https:\/\/hubsch-interior.com\/wp-content\/uploads\/2026\/02\/chromatic-pendant-light-grey-4cda9850d3c75a068b44833757aa50ae.jpg\",\"contentUrl\":\"https:\/\/hubsch-interior.com\/wp-content\/uploads\/2026\/02\/chromatic-pendant-light-grey-4cda9850d3c75a068b44833757aa50ae.jpg\",\"width\":1024,\"height\":1024},{\"@type\":\"BreadcrumbList\",\"@id\":\"https:\/\/hubsch-interior.com\/da\/vare\/chromatic-pendel-lysegra\/#breadcrumb\",\"itemListElement\":[{\"@type\":\"ListItem\",\"position\":1,\"name\":\"Forside\",\"item\":\"https:\/\/hubsch-interior.com\/da\/\"},{\"@type\":\"ListItem\",\"position\":2,\"name\":\"Produkter\",\"item\":\"https:\/\/hubsch-interior.com\/da\/produkter\/\"},{\"@type\":\"ListItem\",\"position\":3,\"name\":\"Belysning\",\"item\":\"https:\/\/hubsch-interior.com\/da\/vare-kategori\/belysning\/\"},{\"@type\":\"ListItem\",\"position\":4,\"name\":\"Loftslamper\",\"item\":\"https:\/\/hubsch-interior.com\/da\/vare-kategori\/belysning\/loftslamper-da\/\"},{\"@type\":\"ListItem\",\"position\":5,\"name\":\"Chromatic Pendel Lysegr\u00e5\"}]},{\"@type\":\"WebSite\",\"@id\":\"https:\/\/hubsch-interior.com\/da\/#website\",\"url\":\"https:\/\/hubsch-interior.com\/da\/\",\"name\":\"H\u00fcbsch\",\"description\":\"Danish Home Interior and Design\",\"publisher\":{\"@id\":\"https:\/\/hubsch-interior.com\/da\/#organization\"},\"potentialAction\":[{\"@type\":\"SearchAction\",\"target\":{\"@type\":\"EntryPoint\",\"urlTemplate\":\"https:\/\/hubsch-interior.com\/da\/?s={search_term_string}\"},\"query-input\":{\"@type\":\"PropertyValueSpecification\",\"valueRequired\":true,\"valueName\":\"search_term_string\"}}],\"inLanguage\":\"da-DK\"},{\"@type\":\"Organization\",\"@id\":\"https:\/\/hubsch-interior.com\/da\/#organization\",\"name\":\"H\u00fcbsch\",\"url\":\"https:\/\/hubsch-interior.com\/da\/\",\"logo\":{\"@type\":\"ImageObject\",\"inLanguage\":\"da-DK\",\"@id\":\"https:\/\/hubsch-interior.com\/da\/#\/schema\/logo\/image\/\",\"url\":\"https:\/\/hubsch-interior.com\/wp-content\/uploads\/2022\/12\/Hubsch_logo_black_one_line.svg\",\"contentUrl\":\"https:\/\/hubsch-interior.com\/wp-content\/uploads\/2022\/12\/Hubsch_logo_black_one_line.svg\",\"caption\":\"H\u00fcbsch\"},\"image\":{\"@id\":\"https:\/\/hubsch-interior.com\/da\/#\/schema\/logo\/image\/\"}}]}<\/script>\n<!-- \/ Yoast SEO plugin. -->","yoast_head_json":{"title":"Chromatic Pendel Lysegr\u00e5 - H\u00fcbsch","description":"Oplev betagelsen af lys med Chromatic Pendel, i en sofistikeret lysgr\u00e5 variant. Fremstillet af holdbart metal og polycarbonat, er denne slanke og elegante","robots":{"index":"index","follow":"follow","max-snippet":"max-snippet:-1","max-image-preview":"max-image-preview:large","max-video-preview":"max-video-preview:-1"},"canonical":"https:\/\/hubsch-interior.com\/da\/wp-json\/wp\/v2\/product\/1010538","og_locale":"da_DK","og_type":"article","og_title":"Chromatic Pendel Lysegr\u00e5 - H\u00fcbsch","og_description":"Oplev betagelsen af lys med Chromatic Pendel, i en sofistikeret lysgr\u00e5 variant. Fremstillet af holdbart metal og polycarbonat, er denne slanke og elegante","og_url":"https:\/\/hubsch-interior.com\/da\/vare\/chromatic-pendel-lysegra\/","og_site_name":"H\u00fcbsch","article_modified_time":"2026-04-11T03:01:44+00:00","og_image":[{"width":1024,"height":1024,"url":"https:\/\/hubsch-interior.com\/wp-content\/uploads\/2026\/02\/chromatic-pendant-light-grey-4cda9850d3c75a068b44833757aa50ae.jpg","type":"image\/jpeg"}],"twitter_card":"summary_large_image","schema":{"@context":"https:\/\/schema.org","@graph":[{"@type":"WebPage","@id":"https:\/\/hubsch-interior.com\/da\/vare\/chromatic-pendel-lysegra\/","url":"https:\/\/hubsch-interior.com\/da\/vare\/chromatic-pendel-lysegra\/","name":"Chromatic Pendel Lysegr\u00e5 - H\u00fcbsch","isPartOf":{"@id":"https:\/\/hubsch-interior.com\/da\/#website"},"primaryImageOfPage":{"@id":"https:\/\/hubsch-interior.com\/da\/vare\/chromatic-pendel-lysegra\/#primaryimage"},"image":{"@id":"https:\/\/hubsch-interior.com\/da\/vare\/chromatic-pendel-lysegra\/#primaryimage"},"thumbnailUrl":"https:\/\/hubsch-interior.com\/wp-content\/uploads\/2026\/02\/chromatic-pendant-light-grey-4cda9850d3c75a068b44833757aa50ae.jpg","datePublished":"2025-01-29T10:13:17+00:00","dateModified":"2026-04-11T03:01:44+00:00","description":"Oplev betagelsen af lys med Chromatic Pendel, i en sofistikeret lysgr\u00e5 variant. Fremstillet af holdbart metal og polycarbonat, er denne slanke og elegante","breadcrumb":{"@id":"https:\/\/hubsch-interior.com\/da\/vare\/chromatic-pendel-lysegra\/#breadcrumb"},"inLanguage":"da-DK","potentialAction":[{"@type":"ReadAction","target":["https:\/\/hubsch-interior.com\/da\/vare\/chromatic-pendel-lysegra\/"]}]},{"@type":"ImageObject","inLanguage":"da-DK","@id":"https:\/\/hubsch-interior.com\/da\/vare\/chromatic-pendel-lysegra\/#primaryimage","url":"https:\/\/hubsch-interior.com\/wp-content\/uploads\/2026\/02\/chromatic-pendant-light-grey-4cda9850d3c75a068b44833757aa50ae.jpg","contentUrl":"https:\/\/hubsch-interior.com\/wp-content\/uploads\/2026\/02\/chromatic-pendant-light-grey-4cda9850d3c75a068b44833757aa50ae.jpg","width":1024,"height":1024},{"@type":"BreadcrumbList","@id":"https:\/\/hubsch-interior.com\/da\/vare\/chromatic-pendel-lysegra\/#breadcrumb","itemListElement":[{"@type":"ListItem","position":1,"name":"Forside","item":"https:\/\/hubsch-interior.com\/da\/"},{"@type":"ListItem","position":2,"name":"Produkter","item":"https:\/\/hubsch-interior.com\/da\/produkter\/"},{"@type":"ListItem","position":3,"name":"Belysning","item":"https:\/\/hubsch-interior.com\/da\/vare-kategori\/belysning\/"},{"@type":"ListItem","position":4,"name":"Loftslamper","item":"https:\/\/hubsch-interior.com\/da\/vare-kategori\/belysning\/loftslamper-da\/"},{"@type":"ListItem","position":5,"name":"Chromatic Pendel Lysegr\u00e5"}]},{"@type":"WebSite","@id":"https:\/\/hubsch-interior.com\/da\/#website","url":"https:\/\/hubsch-interior.com\/da\/","name":"H\u00fcbsch","description":"Danish Home Interior and Design","publisher":{"@id":"https:\/\/hubsch-interior.com\/da\/#organization"},"potentialAction":[{"@type":"SearchAction","target":{"@type":"EntryPoint","urlTemplate":"https:\/\/hubsch-interior.com\/da\/?s={search_term_string}"},"query-input":{"@type":"PropertyValueSpecification","valueRequired":true,"valueName":"search_term_string"}}],"inLanguage":"da-DK"},{"@type":"Organization","@id":"https:\/\/hubsch-interior.com\/da\/#organization","name":"H\u00fcbsch","url":"https:\/\/hubsch-interior.com\/da\/","logo":{"@type":"ImageObject","inLanguage":"da-DK","@id":"https:\/\/hubsch-interior.com\/da\/#\/schema\/logo\/image\/","url":"https:\/\/hubsch-interior.com\/wp-content\/uploads\/2022\/12\/Hubsch_logo_black_one_line.svg","contentUrl":"https:\/\/hubsch-interior.com\/wp-content\/uploads\/2022\/12\/Hubsch_logo_black_one_line.svg","caption":"H\u00fcbsch"},"image":{"@id":"https:\/\/hubsch-interior.com\/da\/#\/schema\/logo\/image\/"}}]}},"_links":{"self":[{"href":"https:\/\/hubsch-interior.com\/da\/wp-json\/wp\/v2\/product\/1010538","targetHints":{"allow":["GET"]}}],"collection":[{"href":"https:\/\/hubsch-interior.com\/da\/wp-json\/wp\/v2\/product"}],"about":[{"href":"https:\/\/hubsch-interior.com\/da\/wp-json\/wp\/v2\/types\/product"}],"wp:featuredmedia":[{"embeddable":true,"href":"https:\/\/hubsch-interior.com\/da\/wp-json\/wp\/v2\/media\/1107374"}],"wp:attachment":[{"href":"https:\/\/hubsch-interior.com\/da\/wp-json\/wp\/v2\/media?parent=1010538"}],"wp:term":[{"taxonomy":"product_brand","embeddable":true,"href":"https:\/\/hubsch-interior.com\/da\/wp-json\/wp\/v2\/product_brand?post=1010538"},{"taxonomy":"product_cat","embeddable":true,"href":"https:\/\/hubsch-interior.com\/da\/wp-json\/wp\/v2\/product_cat?post=1010538"},{"taxonomy":"product_tag","embeddable":true,"href":"https:\/\/hubsch-interior.com\/da\/wp-json\/wp\/v2\/product_tag?post=1010538"}],"curies":[{"name":"wp","href":"https:\/\/api.w.org\/{rel}","templated":true}]}}