{"id":1010558,"date":"2025-01-29T11:14:18","date_gmt":"2025-01-29T10:14:18","guid":{"rendered":"https:\/\/hubsch-interior.com\/product\/product\/"},"modified":"2026-04-05T05:08:37","modified_gmt":"2026-04-05T03:08:37","slug":"chromatic-pendel-lysegron","status":"publish","type":"product","link":"https:\/\/hubsch-interior.com\/da\/vare\/chromatic-pendel-lysegron\/","title":{"rendered":"Chromatic Pendel Lysegr\u00f8n"},"content":{"rendered":"<p>Oplev charmen ved vores Chromatic Pendel, et stilikon for ethvert moderne hjem. I denne forfriskende lyse gr\u00f8nne farve, udstr\u00e5ler denne slanke og elegante variant en subtil elegance. Fremstillet af holdbart metal og polycarbonat, har den sm\u00e5 detaljer p\u00e5 ledningen, som tilf\u00f8jer en uventet drejning til det samlede grafiske design. Perfekt til at oplyse dine elskede indend\u00f8rs rum. Denne pendel transformerer hverdagsbelysning til en dejlig visuel oplevelse. V\u00e6lg dette produkt for at lysne dine rum med et strejf af chic sofistikation.<\/p>\n","protected":false},"excerpt":{"rendered":"<p>Oplev charmen ved vores Chromatic Pendel, et stilikon for ethvert moderne hjem. I denne forfriskende lyse gr\u00f8nne farve, udstr\u00e5ler denne slanke og elegante variant en subtil elegance. Fremstillet af holdbart metal og polycarbonat, har den sm\u00e5 detaljer p\u00e5 ledningen, som tilf\u00f8jer en uventet drejning til det samlede grafiske design. Perfekt til at oplyse dine elskede [&hellip;]<\/p>\n","protected":false},"featured_media":1107386,"template":"","meta":{"_acf_changed":false,"inline_featured_image":false},"product_brand":[],"product_cat":[6996,3808,4146],"product_tag":[],"class_list":{"0":"post-1010558","1":"product","2":"type-product","3":"status-publish","4":"has-post-thumbnail","6":"product_cat-the-buzz-da","7":"product_cat-belysning","8":"product_cat-loftslamper-da","9":"product_shipping_class-pk","11":"pa_color-lysegrn","12":"pa_material-jern-da","13":"pa_material-polycarbonat","15":"first","16":"instock","17":"taxable","18":"shipping-taxable","19":"purchasable","20":"product-type-simple"},"exclude_global_add_ons":[],"addons":[],"acf":[],"yoast_head":"<!-- This site is optimized with the Yoast SEO plugin v26.4 - https:\/\/yoast.com\/wordpress\/plugins\/seo\/ -->\n<title>Chromatic Pendel Lysegr\u00f8n - H\u00fcbsch<\/title>\n<meta name=\"description\" content=\"Oplev charmen ved vores Chromatic Pendel, et stilikon for ethvert moderne hjem. I denne forfriskende lyse gr\u00f8nne farve, udstr\u00e5ler denne slanke og elegante\" \/>\n<meta name=\"robots\" content=\"index, follow, max-snippet:-1, max-image-preview:large, max-video-preview:-1\" \/>\n<link rel=\"canonical\" href=\"https:\/\/hubsch-interior.com\/da\/wp-json\/wp\/v2\/product\/1010558\" \/>\n<meta property=\"og:locale\" content=\"da_DK\" \/>\n<meta property=\"og:type\" content=\"article\" \/>\n<meta property=\"og:title\" content=\"Chromatic Pendel Lysegr\u00f8n - H\u00fcbsch\" \/>\n<meta property=\"og:description\" content=\"Oplev charmen ved vores Chromatic Pendel, et stilikon for ethvert moderne hjem. I denne forfriskende lyse gr\u00f8nne farve, udstr\u00e5ler denne slanke og elegante\" \/>\n<meta property=\"og:url\" content=\"https:\/\/hubsch-interior.com\/da\/vare\/chromatic-pendel-lysegron\/\" \/>\n<meta property=\"og:site_name\" content=\"H\u00fcbsch\" \/>\n<meta property=\"article:modified_time\" content=\"2026-04-05T03:08:37+00:00\" \/>\n<meta property=\"og:image\" content=\"https:\/\/hubsch-interior.com\/wp-content\/uploads\/2026\/02\/chromatic-pendant-light-green-3f6d64579e64645c1f1c6ea9dd6766e1.jpg\" \/>\n\t<meta property=\"og:image:width\" content=\"1024\" \/>\n\t<meta property=\"og:image:height\" content=\"1024\" \/>\n\t<meta property=\"og:image:type\" content=\"image\/jpeg\" \/>\n<meta name=\"twitter:card\" content=\"summary_large_image\" \/>\n<script type=\"application\/ld+json\" class=\"yoast-schema-graph\">{\"@context\":\"https:\/\/schema.org\",\"@graph\":[{\"@type\":\"WebPage\",\"@id\":\"https:\/\/hubsch-interior.com\/da\/vare\/chromatic-pendel-lysegron\/\",\"url\":\"https:\/\/hubsch-interior.com\/da\/vare\/chromatic-pendel-lysegron\/\",\"name\":\"Chromatic Pendel Lysegr\u00f8n - H\u00fcbsch\",\"isPartOf\":{\"@id\":\"https:\/\/hubsch-interior.com\/da\/#website\"},\"primaryImageOfPage\":{\"@id\":\"https:\/\/hubsch-interior.com\/da\/vare\/chromatic-pendel-lysegron\/#primaryimage\"},\"image\":{\"@id\":\"https:\/\/hubsch-interior.com\/da\/vare\/chromatic-pendel-lysegron\/#primaryimage\"},\"thumbnailUrl\":\"https:\/\/hubsch-interior.com\/wp-content\/uploads\/2026\/02\/chromatic-pendant-light-green-3f6d64579e64645c1f1c6ea9dd6766e1.jpg\",\"datePublished\":\"2025-01-29T10:14:18+00:00\",\"dateModified\":\"2026-04-05T03:08:37+00:00\",\"description\":\"Oplev charmen ved vores Chromatic Pendel, et stilikon for ethvert moderne hjem. I denne forfriskende lyse gr\u00f8nne farve, udstr\u00e5ler denne slanke og elegante\",\"breadcrumb\":{\"@id\":\"https:\/\/hubsch-interior.com\/da\/vare\/chromatic-pendel-lysegron\/#breadcrumb\"},\"inLanguage\":\"da-DK\",\"potentialAction\":[{\"@type\":\"ReadAction\",\"target\":[\"https:\/\/hubsch-interior.com\/da\/vare\/chromatic-pendel-lysegron\/\"]}]},{\"@type\":\"ImageObject\",\"inLanguage\":\"da-DK\",\"@id\":\"https:\/\/hubsch-interior.com\/da\/vare\/chromatic-pendel-lysegron\/#primaryimage\",\"url\":\"https:\/\/hubsch-interior.com\/wp-content\/uploads\/2026\/02\/chromatic-pendant-light-green-3f6d64579e64645c1f1c6ea9dd6766e1.jpg\",\"contentUrl\":\"https:\/\/hubsch-interior.com\/wp-content\/uploads\/2026\/02\/chromatic-pendant-light-green-3f6d64579e64645c1f1c6ea9dd6766e1.jpg\",\"width\":1024,\"height\":1024},{\"@type\":\"BreadcrumbList\",\"@id\":\"https:\/\/hubsch-interior.com\/da\/vare\/chromatic-pendel-lysegron\/#breadcrumb\",\"itemListElement\":[{\"@type\":\"ListItem\",\"position\":1,\"name\":\"Forside\",\"item\":\"https:\/\/hubsch-interior.com\/da\/\"},{\"@type\":\"ListItem\",\"position\":2,\"name\":\"Produkter\",\"item\":\"https:\/\/hubsch-interior.com\/da\/produkter\/\"},{\"@type\":\"ListItem\",\"position\":3,\"name\":\"Belysning\",\"item\":\"https:\/\/hubsch-interior.com\/da\/vare-kategori\/belysning\/\"},{\"@type\":\"ListItem\",\"position\":4,\"name\":\"Loftslamper\",\"item\":\"https:\/\/hubsch-interior.com\/da\/vare-kategori\/belysning\/loftslamper-da\/\"},{\"@type\":\"ListItem\",\"position\":5,\"name\":\"Chromatic Pendel Lysegr\u00f8n\"}]},{\"@type\":\"WebSite\",\"@id\":\"https:\/\/hubsch-interior.com\/da\/#website\",\"url\":\"https:\/\/hubsch-interior.com\/da\/\",\"name\":\"H\u00fcbsch\",\"description\":\"Danish Home Interior and Design\",\"publisher\":{\"@id\":\"https:\/\/hubsch-interior.com\/da\/#organization\"},\"potentialAction\":[{\"@type\":\"SearchAction\",\"target\":{\"@type\":\"EntryPoint\",\"urlTemplate\":\"https:\/\/hubsch-interior.com\/da\/?s={search_term_string}\"},\"query-input\":{\"@type\":\"PropertyValueSpecification\",\"valueRequired\":true,\"valueName\":\"search_term_string\"}}],\"inLanguage\":\"da-DK\"},{\"@type\":\"Organization\",\"@id\":\"https:\/\/hubsch-interior.com\/da\/#organization\",\"name\":\"H\u00fcbsch\",\"url\":\"https:\/\/hubsch-interior.com\/da\/\",\"logo\":{\"@type\":\"ImageObject\",\"inLanguage\":\"da-DK\",\"@id\":\"https:\/\/hubsch-interior.com\/da\/#\/schema\/logo\/image\/\",\"url\":\"https:\/\/hubsch-interior.com\/wp-content\/uploads\/2022\/12\/Hubsch_logo_black_one_line.svg\",\"contentUrl\":\"https:\/\/hubsch-interior.com\/wp-content\/uploads\/2022\/12\/Hubsch_logo_black_one_line.svg\",\"caption\":\"H\u00fcbsch\"},\"image\":{\"@id\":\"https:\/\/hubsch-interior.com\/da\/#\/schema\/logo\/image\/\"}}]}<\/script>\n<!-- \/ Yoast SEO plugin. -->","yoast_head_json":{"title":"Chromatic Pendel Lysegr\u00f8n - H\u00fcbsch","description":"Oplev charmen ved vores Chromatic Pendel, et stilikon for ethvert moderne hjem. I denne forfriskende lyse gr\u00f8nne farve, udstr\u00e5ler denne slanke og elegante","robots":{"index":"index","follow":"follow","max-snippet":"max-snippet:-1","max-image-preview":"max-image-preview:large","max-video-preview":"max-video-preview:-1"},"canonical":"https:\/\/hubsch-interior.com\/da\/wp-json\/wp\/v2\/product\/1010558","og_locale":"da_DK","og_type":"article","og_title":"Chromatic Pendel Lysegr\u00f8n - H\u00fcbsch","og_description":"Oplev charmen ved vores Chromatic Pendel, et stilikon for ethvert moderne hjem. I denne forfriskende lyse gr\u00f8nne farve, udstr\u00e5ler denne slanke og elegante","og_url":"https:\/\/hubsch-interior.com\/da\/vare\/chromatic-pendel-lysegron\/","og_site_name":"H\u00fcbsch","article_modified_time":"2026-04-05T03:08:37+00:00","og_image":[{"width":1024,"height":1024,"url":"https:\/\/hubsch-interior.com\/wp-content\/uploads\/2026\/02\/chromatic-pendant-light-green-3f6d64579e64645c1f1c6ea9dd6766e1.jpg","type":"image\/jpeg"}],"twitter_card":"summary_large_image","schema":{"@context":"https:\/\/schema.org","@graph":[{"@type":"WebPage","@id":"https:\/\/hubsch-interior.com\/da\/vare\/chromatic-pendel-lysegron\/","url":"https:\/\/hubsch-interior.com\/da\/vare\/chromatic-pendel-lysegron\/","name":"Chromatic Pendel Lysegr\u00f8n - H\u00fcbsch","isPartOf":{"@id":"https:\/\/hubsch-interior.com\/da\/#website"},"primaryImageOfPage":{"@id":"https:\/\/hubsch-interior.com\/da\/vare\/chromatic-pendel-lysegron\/#primaryimage"},"image":{"@id":"https:\/\/hubsch-interior.com\/da\/vare\/chromatic-pendel-lysegron\/#primaryimage"},"thumbnailUrl":"https:\/\/hubsch-interior.com\/wp-content\/uploads\/2026\/02\/chromatic-pendant-light-green-3f6d64579e64645c1f1c6ea9dd6766e1.jpg","datePublished":"2025-01-29T10:14:18+00:00","dateModified":"2026-04-05T03:08:37+00:00","description":"Oplev charmen ved vores Chromatic Pendel, et stilikon for ethvert moderne hjem. I denne forfriskende lyse gr\u00f8nne farve, udstr\u00e5ler denne slanke og elegante","breadcrumb":{"@id":"https:\/\/hubsch-interior.com\/da\/vare\/chromatic-pendel-lysegron\/#breadcrumb"},"inLanguage":"da-DK","potentialAction":[{"@type":"ReadAction","target":["https:\/\/hubsch-interior.com\/da\/vare\/chromatic-pendel-lysegron\/"]}]},{"@type":"ImageObject","inLanguage":"da-DK","@id":"https:\/\/hubsch-interior.com\/da\/vare\/chromatic-pendel-lysegron\/#primaryimage","url":"https:\/\/hubsch-interior.com\/wp-content\/uploads\/2026\/02\/chromatic-pendant-light-green-3f6d64579e64645c1f1c6ea9dd6766e1.jpg","contentUrl":"https:\/\/hubsch-interior.com\/wp-content\/uploads\/2026\/02\/chromatic-pendant-light-green-3f6d64579e64645c1f1c6ea9dd6766e1.jpg","width":1024,"height":1024},{"@type":"BreadcrumbList","@id":"https:\/\/hubsch-interior.com\/da\/vare\/chromatic-pendel-lysegron\/#breadcrumb","itemListElement":[{"@type":"ListItem","position":1,"name":"Forside","item":"https:\/\/hubsch-interior.com\/da\/"},{"@type":"ListItem","position":2,"name":"Produkter","item":"https:\/\/hubsch-interior.com\/da\/produkter\/"},{"@type":"ListItem","position":3,"name":"Belysning","item":"https:\/\/hubsch-interior.com\/da\/vare-kategori\/belysning\/"},{"@type":"ListItem","position":4,"name":"Loftslamper","item":"https:\/\/hubsch-interior.com\/da\/vare-kategori\/belysning\/loftslamper-da\/"},{"@type":"ListItem","position":5,"name":"Chromatic Pendel Lysegr\u00f8n"}]},{"@type":"WebSite","@id":"https:\/\/hubsch-interior.com\/da\/#website","url":"https:\/\/hubsch-interior.com\/da\/","name":"H\u00fcbsch","description":"Danish Home Interior and Design","publisher":{"@id":"https:\/\/hubsch-interior.com\/da\/#organization"},"potentialAction":[{"@type":"SearchAction","target":{"@type":"EntryPoint","urlTemplate":"https:\/\/hubsch-interior.com\/da\/?s={search_term_string}"},"query-input":{"@type":"PropertyValueSpecification","valueRequired":true,"valueName":"search_term_string"}}],"inLanguage":"da-DK"},{"@type":"Organization","@id":"https:\/\/hubsch-interior.com\/da\/#organization","name":"H\u00fcbsch","url":"https:\/\/hubsch-interior.com\/da\/","logo":{"@type":"ImageObject","inLanguage":"da-DK","@id":"https:\/\/hubsch-interior.com\/da\/#\/schema\/logo\/image\/","url":"https:\/\/hubsch-interior.com\/wp-content\/uploads\/2022\/12\/Hubsch_logo_black_one_line.svg","contentUrl":"https:\/\/hubsch-interior.com\/wp-content\/uploads\/2022\/12\/Hubsch_logo_black_one_line.svg","caption":"H\u00fcbsch"},"image":{"@id":"https:\/\/hubsch-interior.com\/da\/#\/schema\/logo\/image\/"}}]}},"_links":{"self":[{"href":"https:\/\/hubsch-interior.com\/da\/wp-json\/wp\/v2\/product\/1010558","targetHints":{"allow":["GET"]}}],"collection":[{"href":"https:\/\/hubsch-interior.com\/da\/wp-json\/wp\/v2\/product"}],"about":[{"href":"https:\/\/hubsch-interior.com\/da\/wp-json\/wp\/v2\/types\/product"}],"wp:featuredmedia":[{"embeddable":true,"href":"https:\/\/hubsch-interior.com\/da\/wp-json\/wp\/v2\/media\/1107386"}],"wp:attachment":[{"href":"https:\/\/hubsch-interior.com\/da\/wp-json\/wp\/v2\/media?parent=1010558"}],"wp:term":[{"taxonomy":"product_brand","embeddable":true,"href":"https:\/\/hubsch-interior.com\/da\/wp-json\/wp\/v2\/product_brand?post=1010558"},{"taxonomy":"product_cat","embeddable":true,"href":"https:\/\/hubsch-interior.com\/da\/wp-json\/wp\/v2\/product_cat?post=1010558"},{"taxonomy":"product_tag","embeddable":true,"href":"https:\/\/hubsch-interior.com\/da\/wp-json\/wp\/v2\/product_tag?post=1010558"}],"curies":[{"name":"wp","href":"https:\/\/api.w.org\/{rel}","templated":true}]}}