{"id":1010623,"date":"2025-01-29T11:28:09","date_gmt":"2025-01-29T10:28:09","guid":{"rendered":"https:\/\/hubsch-interior.com\/product\/product\/"},"modified":"2026-04-11T05:01:57","modified_gmt":"2026-04-11T03:01:57","slug":"verve-bordlampe-lysegra","status":"publish","type":"product","link":"https:\/\/hubsch-interior.com\/da\/vare\/verve-bordlampe-lysegra\/","title":{"rendered":"Verve Bordlampe Lysegr\u00e5"},"content":{"rendered":"<p>Vores Verve Bordlampe, en uundv\u00e6rlig ledsager til dit kontor. Fremstillet af metal og polycarbonat i en subtil lysgr\u00e5 farve. Denne lampe kombinerer funktionalitet med et legende, robotlignende udseende. Det handler ikke kun om \u00e6stetik; Verve er d\u00e6mpbar og nem at justere tre steder, hvilket sikrer, at du har det perfekte lys til enhver opgave. Uanset om du l\u00e6ser, skriver eller arbejder p\u00e5 din computer, er Verve Bordlampe den klassiske skrivebordslampe genopfundet til dine daglige behov.<\/p>\n","protected":false},"excerpt":{"rendered":"<p>Vores Verve Bordlampe, en uundv\u00e6rlig ledsager til dit kontor. Fremstillet af metal og polycarbonat i en subtil lysgr\u00e5 farve. Denne lampe kombinerer funktionalitet med et legende, robotlignende udseende. Det handler ikke kun om \u00e6stetik; Verve er d\u00e6mpbar og nem at justere tre steder, hvilket sikrer, at du har det perfekte lys til enhver opgave. Uanset [&hellip;]<\/p>\n","protected":false},"featured_media":1107450,"template":"","meta":{"_acf_changed":false,"inline_featured_image":false},"product_brand":[],"product_cat":[6996,3808,3499],"product_tag":[],"class_list":{"0":"post-1010623","1":"product","2":"type-product","3":"status-publish","4":"has-post-thumbnail","6":"product_cat-the-buzz-da","7":"product_cat-belysning","8":"product_cat-bordlamper-da","9":"product_shipping_class-pk","11":"pa_color-lysegr","12":"pa_material-jern-da","13":"pa_material-polycarbonat","15":"first","16":"instock","17":"taxable","18":"shipping-taxable","19":"purchasable","20":"product-type-simple"},"exclude_global_add_ons":[],"addons":[],"acf":[],"yoast_head":"<!-- This site is optimized with the Yoast SEO plugin v26.4 - https:\/\/yoast.com\/wordpress\/plugins\/seo\/ -->\n<title>Verve Bordlampe Lysegr\u00e5 - H\u00fcbsch<\/title>\n<meta name=\"description\" content=\"Vores Verve Bordlampe, en uundv\u00e6rlig ledsager til dit kontor. Fremstillet af metal og polycarbonat i en subtil lysgr\u00e5 farve. Denne lampe kombinerer\" \/>\n<meta name=\"robots\" content=\"index, follow, max-snippet:-1, max-image-preview:large, max-video-preview:-1\" \/>\n<link rel=\"canonical\" href=\"https:\/\/hubsch-interior.com\/da\/wp-json\/wp\/v2\/product\/1010623\" \/>\n<meta property=\"og:locale\" content=\"da_DK\" \/>\n<meta property=\"og:type\" content=\"article\" \/>\n<meta property=\"og:title\" content=\"Verve Bordlampe Lysegr\u00e5 - H\u00fcbsch\" \/>\n<meta property=\"og:description\" content=\"Vores Verve Bordlampe, en uundv\u00e6rlig ledsager til dit kontor. Fremstillet af metal og polycarbonat i en subtil lysgr\u00e5 farve. Denne lampe kombinerer\" \/>\n<meta property=\"og:url\" content=\"https:\/\/hubsch-interior.com\/da\/vare\/verve-bordlampe-lysegra\/\" \/>\n<meta property=\"og:site_name\" content=\"H\u00fcbsch\" \/>\n<meta property=\"article:modified_time\" content=\"2026-04-11T03:01:57+00:00\" \/>\n<meta property=\"og:image\" content=\"https:\/\/hubsch-interior.com\/wp-content\/uploads\/2025\/04\/verve-table-lamp-light-grey-788ffc449f6fd18f075906599671f11e.jpg\" \/>\n\t<meta property=\"og:image:width\" content=\"1200\" \/>\n\t<meta property=\"og:image:height\" content=\"1200\" \/>\n\t<meta property=\"og:image:type\" content=\"image\/jpeg\" \/>\n<meta name=\"twitter:card\" content=\"summary_large_image\" \/>\n<script type=\"application\/ld+json\" class=\"yoast-schema-graph\">{\"@context\":\"https:\/\/schema.org\",\"@graph\":[{\"@type\":\"WebPage\",\"@id\":\"https:\/\/hubsch-interior.com\/da\/vare\/verve-bordlampe-lysegra\/\",\"url\":\"https:\/\/hubsch-interior.com\/da\/vare\/verve-bordlampe-lysegra\/\",\"name\":\"Verve Bordlampe Lysegr\u00e5 - H\u00fcbsch\",\"isPartOf\":{\"@id\":\"https:\/\/hubsch-interior.com\/da\/#website\"},\"primaryImageOfPage\":{\"@id\":\"https:\/\/hubsch-interior.com\/da\/vare\/verve-bordlampe-lysegra\/#primaryimage\"},\"image\":{\"@id\":\"https:\/\/hubsch-interior.com\/da\/vare\/verve-bordlampe-lysegra\/#primaryimage\"},\"thumbnailUrl\":\"https:\/\/hubsch-interior.com\/wp-content\/uploads\/2026\/02\/verve-table-lamp-light-grey-b8247f1ac21404c10dcc280d9f331dff.jpg\",\"datePublished\":\"2025-01-29T10:28:09+00:00\",\"dateModified\":\"2026-04-11T03:01:57+00:00\",\"description\":\"Vores Verve Bordlampe, en uundv\u00e6rlig ledsager til dit kontor. Fremstillet af metal og polycarbonat i en subtil lysgr\u00e5 farve. Denne lampe kombinerer\",\"breadcrumb\":{\"@id\":\"https:\/\/hubsch-interior.com\/da\/vare\/verve-bordlampe-lysegra\/#breadcrumb\"},\"inLanguage\":\"da-DK\",\"potentialAction\":[{\"@type\":\"ReadAction\",\"target\":[\"https:\/\/hubsch-interior.com\/da\/vare\/verve-bordlampe-lysegra\/\"]}]},{\"@type\":\"ImageObject\",\"inLanguage\":\"da-DK\",\"@id\":\"https:\/\/hubsch-interior.com\/da\/vare\/verve-bordlampe-lysegra\/#primaryimage\",\"url\":\"https:\/\/hubsch-interior.com\/wp-content\/uploads\/2026\/02\/verve-table-lamp-light-grey-b8247f1ac21404c10dcc280d9f331dff.jpg\",\"contentUrl\":\"https:\/\/hubsch-interior.com\/wp-content\/uploads\/2026\/02\/verve-table-lamp-light-grey-b8247f1ac21404c10dcc280d9f331dff.jpg\",\"width\":1024,\"height\":1024},{\"@type\":\"BreadcrumbList\",\"@id\":\"https:\/\/hubsch-interior.com\/da\/vare\/verve-bordlampe-lysegra\/#breadcrumb\",\"itemListElement\":[{\"@type\":\"ListItem\",\"position\":1,\"name\":\"Forside\",\"item\":\"https:\/\/hubsch-interior.com\/da\/\"},{\"@type\":\"ListItem\",\"position\":2,\"name\":\"Produkter\",\"item\":\"https:\/\/hubsch-interior.com\/da\/produkter\/\"},{\"@type\":\"ListItem\",\"position\":3,\"name\":\"Belysning\",\"item\":\"https:\/\/hubsch-interior.com\/da\/vare-kategori\/belysning\/\"},{\"@type\":\"ListItem\",\"position\":4,\"name\":\"Bordlamper\",\"item\":\"https:\/\/hubsch-interior.com\/da\/vare-kategori\/belysning\/bordlamper-da\/\"},{\"@type\":\"ListItem\",\"position\":5,\"name\":\"Verve Bordlampe Lysegr\u00e5\"}]},{\"@type\":\"WebSite\",\"@id\":\"https:\/\/hubsch-interior.com\/da\/#website\",\"url\":\"https:\/\/hubsch-interior.com\/da\/\",\"name\":\"H\u00fcbsch\",\"description\":\"Danish Home Interior and Design\",\"publisher\":{\"@id\":\"https:\/\/hubsch-interior.com\/da\/#organization\"},\"potentialAction\":[{\"@type\":\"SearchAction\",\"target\":{\"@type\":\"EntryPoint\",\"urlTemplate\":\"https:\/\/hubsch-interior.com\/da\/?s={search_term_string}\"},\"query-input\":{\"@type\":\"PropertyValueSpecification\",\"valueRequired\":true,\"valueName\":\"search_term_string\"}}],\"inLanguage\":\"da-DK\"},{\"@type\":\"Organization\",\"@id\":\"https:\/\/hubsch-interior.com\/da\/#organization\",\"name\":\"H\u00fcbsch\",\"url\":\"https:\/\/hubsch-interior.com\/da\/\",\"logo\":{\"@type\":\"ImageObject\",\"inLanguage\":\"da-DK\",\"@id\":\"https:\/\/hubsch-interior.com\/da\/#\/schema\/logo\/image\/\",\"url\":\"https:\/\/hubsch-interior.com\/wp-content\/uploads\/2022\/12\/Hubsch_logo_black_one_line.svg\",\"contentUrl\":\"https:\/\/hubsch-interior.com\/wp-content\/uploads\/2022\/12\/Hubsch_logo_black_one_line.svg\",\"caption\":\"H\u00fcbsch\"},\"image\":{\"@id\":\"https:\/\/hubsch-interior.com\/da\/#\/schema\/logo\/image\/\"}}]}<\/script>\n<!-- \/ Yoast SEO plugin. -->","yoast_head_json":{"title":"Verve Bordlampe Lysegr\u00e5 - H\u00fcbsch","description":"Vores Verve Bordlampe, en uundv\u00e6rlig ledsager til dit kontor. Fremstillet af metal og polycarbonat i en subtil lysgr\u00e5 farve. Denne lampe kombinerer","robots":{"index":"index","follow":"follow","max-snippet":"max-snippet:-1","max-image-preview":"max-image-preview:large","max-video-preview":"max-video-preview:-1"},"canonical":"https:\/\/hubsch-interior.com\/da\/wp-json\/wp\/v2\/product\/1010623","og_locale":"da_DK","og_type":"article","og_title":"Verve Bordlampe Lysegr\u00e5 - H\u00fcbsch","og_description":"Vores Verve Bordlampe, en uundv\u00e6rlig ledsager til dit kontor. Fremstillet af metal og polycarbonat i en subtil lysgr\u00e5 farve. Denne lampe kombinerer","og_url":"https:\/\/hubsch-interior.com\/da\/vare\/verve-bordlampe-lysegra\/","og_site_name":"H\u00fcbsch","article_modified_time":"2026-04-11T03:01:57+00:00","og_image":[{"width":1200,"height":1200,"url":"https:\/\/hubsch-interior.com\/wp-content\/uploads\/2025\/04\/verve-table-lamp-light-grey-788ffc449f6fd18f075906599671f11e.jpg","type":"image\/jpeg"}],"twitter_card":"summary_large_image","schema":{"@context":"https:\/\/schema.org","@graph":[{"@type":"WebPage","@id":"https:\/\/hubsch-interior.com\/da\/vare\/verve-bordlampe-lysegra\/","url":"https:\/\/hubsch-interior.com\/da\/vare\/verve-bordlampe-lysegra\/","name":"Verve Bordlampe Lysegr\u00e5 - H\u00fcbsch","isPartOf":{"@id":"https:\/\/hubsch-interior.com\/da\/#website"},"primaryImageOfPage":{"@id":"https:\/\/hubsch-interior.com\/da\/vare\/verve-bordlampe-lysegra\/#primaryimage"},"image":{"@id":"https:\/\/hubsch-interior.com\/da\/vare\/verve-bordlampe-lysegra\/#primaryimage"},"thumbnailUrl":"https:\/\/hubsch-interior.com\/wp-content\/uploads\/2026\/02\/verve-table-lamp-light-grey-b8247f1ac21404c10dcc280d9f331dff.jpg","datePublished":"2025-01-29T10:28:09+00:00","dateModified":"2026-04-11T03:01:57+00:00","description":"Vores Verve Bordlampe, en uundv\u00e6rlig ledsager til dit kontor. Fremstillet af metal og polycarbonat i en subtil lysgr\u00e5 farve. Denne lampe kombinerer","breadcrumb":{"@id":"https:\/\/hubsch-interior.com\/da\/vare\/verve-bordlampe-lysegra\/#breadcrumb"},"inLanguage":"da-DK","potentialAction":[{"@type":"ReadAction","target":["https:\/\/hubsch-interior.com\/da\/vare\/verve-bordlampe-lysegra\/"]}]},{"@type":"ImageObject","inLanguage":"da-DK","@id":"https:\/\/hubsch-interior.com\/da\/vare\/verve-bordlampe-lysegra\/#primaryimage","url":"https:\/\/hubsch-interior.com\/wp-content\/uploads\/2026\/02\/verve-table-lamp-light-grey-b8247f1ac21404c10dcc280d9f331dff.jpg","contentUrl":"https:\/\/hubsch-interior.com\/wp-content\/uploads\/2026\/02\/verve-table-lamp-light-grey-b8247f1ac21404c10dcc280d9f331dff.jpg","width":1024,"height":1024},{"@type":"BreadcrumbList","@id":"https:\/\/hubsch-interior.com\/da\/vare\/verve-bordlampe-lysegra\/#breadcrumb","itemListElement":[{"@type":"ListItem","position":1,"name":"Forside","item":"https:\/\/hubsch-interior.com\/da\/"},{"@type":"ListItem","position":2,"name":"Produkter","item":"https:\/\/hubsch-interior.com\/da\/produkter\/"},{"@type":"ListItem","position":3,"name":"Belysning","item":"https:\/\/hubsch-interior.com\/da\/vare-kategori\/belysning\/"},{"@type":"ListItem","position":4,"name":"Bordlamper","item":"https:\/\/hubsch-interior.com\/da\/vare-kategori\/belysning\/bordlamper-da\/"},{"@type":"ListItem","position":5,"name":"Verve Bordlampe Lysegr\u00e5"}]},{"@type":"WebSite","@id":"https:\/\/hubsch-interior.com\/da\/#website","url":"https:\/\/hubsch-interior.com\/da\/","name":"H\u00fcbsch","description":"Danish Home Interior and Design","publisher":{"@id":"https:\/\/hubsch-interior.com\/da\/#organization"},"potentialAction":[{"@type":"SearchAction","target":{"@type":"EntryPoint","urlTemplate":"https:\/\/hubsch-interior.com\/da\/?s={search_term_string}"},"query-input":{"@type":"PropertyValueSpecification","valueRequired":true,"valueName":"search_term_string"}}],"inLanguage":"da-DK"},{"@type":"Organization","@id":"https:\/\/hubsch-interior.com\/da\/#organization","name":"H\u00fcbsch","url":"https:\/\/hubsch-interior.com\/da\/","logo":{"@type":"ImageObject","inLanguage":"da-DK","@id":"https:\/\/hubsch-interior.com\/da\/#\/schema\/logo\/image\/","url":"https:\/\/hubsch-interior.com\/wp-content\/uploads\/2022\/12\/Hubsch_logo_black_one_line.svg","contentUrl":"https:\/\/hubsch-interior.com\/wp-content\/uploads\/2022\/12\/Hubsch_logo_black_one_line.svg","caption":"H\u00fcbsch"},"image":{"@id":"https:\/\/hubsch-interior.com\/da\/#\/schema\/logo\/image\/"}}]}},"_links":{"self":[{"href":"https:\/\/hubsch-interior.com\/da\/wp-json\/wp\/v2\/product\/1010623","targetHints":{"allow":["GET"]}}],"collection":[{"href":"https:\/\/hubsch-interior.com\/da\/wp-json\/wp\/v2\/product"}],"about":[{"href":"https:\/\/hubsch-interior.com\/da\/wp-json\/wp\/v2\/types\/product"}],"wp:featuredmedia":[{"embeddable":true,"href":"https:\/\/hubsch-interior.com\/da\/wp-json\/wp\/v2\/media\/1107450"}],"wp:attachment":[{"href":"https:\/\/hubsch-interior.com\/da\/wp-json\/wp\/v2\/media?parent=1010623"}],"wp:term":[{"taxonomy":"product_brand","embeddable":true,"href":"https:\/\/hubsch-interior.com\/da\/wp-json\/wp\/v2\/product_brand?post=1010623"},{"taxonomy":"product_cat","embeddable":true,"href":"https:\/\/hubsch-interior.com\/da\/wp-json\/wp\/v2\/product_cat?post=1010623"},{"taxonomy":"product_tag","embeddable":true,"href":"https:\/\/hubsch-interior.com\/da\/wp-json\/wp\/v2\/product_tag?post=1010623"}],"curies":[{"name":"wp","href":"https:\/\/api.w.org\/{rel}","templated":true}]}}