{"id":1010671,"date":"2025-01-29T11:29:42","date_gmt":"2025-01-29T10:29:42","guid":{"rendered":"https:\/\/hubsch-interior.com\/product\/product\/"},"modified":"2026-04-10T05:06:28","modified_gmt":"2026-04-10T03:06:28","slug":"flash-transportabel-lampe-metallisk-orange","status":"publish","type":"product","link":"https:\/\/hubsch-interior.com\/da\/vare\/flash-transportabel-lampe-metallisk-orange\/","title":{"rendered":"Flash Transportabel Lampe Metallisk orange"},"content":{"rendered":"<p>Oplys dine aftener med Flash Transportabel Lampe, en charmerende kombination af nostalgi og modernitet. Fremstillet af glas og metal, og med sin retroform, der minder om en gammel lommelygte, tilf\u00f8jer denne metalliske, klare orange perle et kosmisk flair til ethvert rum. Praktisk og stilfuld, tag den bare med dig, hvor du har brug for en hyggelig gl\u00f8d. Med basen der fungerer som en d\u00e6mper, kan du skifte fra livlig til rolig belysning med et enkelt tryk. En perfekt ledsager til din natl\u00e6sning eller til at skabe en afslappet atmosf\u00e6re.<\/p>\n","protected":false},"excerpt":{"rendered":"<p>Oplys dine aftener med Flash Transportabel Lampe, en charmerende kombination af nostalgi og modernitet. Fremstillet af glas og metal, og med sin retroform, der minder om en gammel lommelygte, tilf\u00f8jer denne metalliske, klare orange perle et kosmisk flair til ethvert rum. Praktisk og stilfuld, tag den bare med dig, hvor du har brug for en [&hellip;]<\/p>\n","protected":false},"featured_media":1107506,"template":"","meta":{"_acf_changed":false,"inline_featured_image":false},"product_brand":[],"product_cat":[6970,6996,6961,3808,3499,6517],"product_tag":[],"class_list":{"0":"post-1010671","1":"product","2":"type-product","3":"status-publish","4":"has-post-thumbnail","6":"product_cat-paaskeudsalg","7":"product_cat-the-buzz-da","8":"product_cat-transportable-lamper-da","9":"product_cat-belysning","10":"product_cat-bordlamper-da","11":"product_cat-outlet-da","12":"product_shipping_class-pk","14":"pa_color-metallisk-orange","15":"pa_material-glas-da","16":"pa_material-jern-da","18":"first","19":"instock","20":"sale","21":"taxable","22":"shipping-taxable","23":"purchasable","24":"product-type-simple"},"exclude_global_add_ons":[],"addons":[],"acf":[],"yoast_head":"<!-- This site is optimized with the Yoast SEO plugin v26.4 - https:\/\/yoast.com\/wordpress\/plugins\/seo\/ -->\n<title>Flash Transportabel Lampe Metallisk orange - H\u00fcbsch<\/title>\n<meta name=\"description\" content=\"Oplys dine aftener med Flash Transportabel Lampe, en charmerende kombination af nostalgi og modernitet. Fremstillet af glas og metal, og med sin\" \/>\n<meta name=\"robots\" content=\"index, follow, max-snippet:-1, max-image-preview:large, max-video-preview:-1\" \/>\n<link rel=\"canonical\" href=\"https:\/\/hubsch-interior.com\/da\/wp-json\/wp\/v2\/product\/1010671\" \/>\n<meta property=\"og:locale\" content=\"da_DK\" \/>\n<meta property=\"og:type\" content=\"article\" \/>\n<meta property=\"og:title\" content=\"Flash Transportabel Lampe Metallisk orange - H\u00fcbsch\" \/>\n<meta property=\"og:description\" content=\"Oplys dine aftener med Flash Transportabel Lampe, en charmerende kombination af nostalgi og modernitet. Fremstillet af glas og metal, og med sin\" \/>\n<meta property=\"og:url\" content=\"https:\/\/hubsch-interior.com\/da\/vare\/flash-transportabel-lampe-metallisk-orange\/\" \/>\n<meta property=\"og:site_name\" content=\"H\u00fcbsch\" \/>\n<meta property=\"article:modified_time\" content=\"2026-04-10T03:06:28+00:00\" \/>\n<meta property=\"og:image\" content=\"https:\/\/hubsch-interior.com\/wp-content\/uploads\/2025\/03\/flash-portable-lamp-metallic-orange-cff0db0a8fd64f1d3ffd2e3eb8c676aa.jpg\" \/>\n\t<meta property=\"og:image:width\" content=\"1200\" \/>\n\t<meta property=\"og:image:height\" content=\"1200\" \/>\n\t<meta property=\"og:image:type\" content=\"image\/jpeg\" \/>\n<meta name=\"twitter:card\" content=\"summary_large_image\" \/>\n<script type=\"application\/ld+json\" class=\"yoast-schema-graph\">{\"@context\":\"https:\/\/schema.org\",\"@graph\":[{\"@type\":\"WebPage\",\"@id\":\"https:\/\/hubsch-interior.com\/da\/vare\/flash-transportabel-lampe-metallisk-orange\/\",\"url\":\"https:\/\/hubsch-interior.com\/da\/vare\/flash-transportabel-lampe-metallisk-orange\/\",\"name\":\"Flash Transportabel Lampe Metallisk orange - H\u00fcbsch\",\"isPartOf\":{\"@id\":\"https:\/\/hubsch-interior.com\/da\/#website\"},\"primaryImageOfPage\":{\"@id\":\"https:\/\/hubsch-interior.com\/da\/vare\/flash-transportabel-lampe-metallisk-orange\/#primaryimage\"},\"image\":{\"@id\":\"https:\/\/hubsch-interior.com\/da\/vare\/flash-transportabel-lampe-metallisk-orange\/#primaryimage\"},\"thumbnailUrl\":\"https:\/\/hubsch-interior.com\/wp-content\/uploads\/2026\/02\/flash-portable-lamp-metallic-orange-48540415c74d1a96a178e699dc1d80a6.jpg\",\"datePublished\":\"2025-01-29T10:29:42+00:00\",\"dateModified\":\"2026-04-10T03:06:28+00:00\",\"description\":\"Oplys dine aftener med Flash Transportabel Lampe, en charmerende kombination af nostalgi og modernitet. Fremstillet af glas og metal, og med sin\",\"breadcrumb\":{\"@id\":\"https:\/\/hubsch-interior.com\/da\/vare\/flash-transportabel-lampe-metallisk-orange\/#breadcrumb\"},\"inLanguage\":\"da-DK\",\"potentialAction\":[{\"@type\":\"ReadAction\",\"target\":[\"https:\/\/hubsch-interior.com\/da\/vare\/flash-transportabel-lampe-metallisk-orange\/\"]}]},{\"@type\":\"ImageObject\",\"inLanguage\":\"da-DK\",\"@id\":\"https:\/\/hubsch-interior.com\/da\/vare\/flash-transportabel-lampe-metallisk-orange\/#primaryimage\",\"url\":\"https:\/\/hubsch-interior.com\/wp-content\/uploads\/2026\/02\/flash-portable-lamp-metallic-orange-48540415c74d1a96a178e699dc1d80a6.jpg\",\"contentUrl\":\"https:\/\/hubsch-interior.com\/wp-content\/uploads\/2026\/02\/flash-portable-lamp-metallic-orange-48540415c74d1a96a178e699dc1d80a6.jpg\",\"width\":1024,\"height\":1024},{\"@type\":\"BreadcrumbList\",\"@id\":\"https:\/\/hubsch-interior.com\/da\/vare\/flash-transportabel-lampe-metallisk-orange\/#breadcrumb\",\"itemListElement\":[{\"@type\":\"ListItem\",\"position\":1,\"name\":\"Forside\",\"item\":\"https:\/\/hubsch-interior.com\/da\/\"},{\"@type\":\"ListItem\",\"position\":2,\"name\":\"Produkter\",\"item\":\"https:\/\/hubsch-interior.com\/da\/produkter\/\"},{\"@type\":\"ListItem\",\"position\":3,\"name\":\"Belysning\",\"item\":\"https:\/\/hubsch-interior.com\/da\/vare-kategori\/belysning\/\"},{\"@type\":\"ListItem\",\"position\":4,\"name\":\"Transportable Lamper\",\"item\":\"https:\/\/hubsch-interior.com\/da\/vare-kategori\/belysning\/transportable-lamper-da\/\"},{\"@type\":\"ListItem\",\"position\":5,\"name\":\"Flash Transportabel Lampe Metallisk orange\"}]},{\"@type\":\"WebSite\",\"@id\":\"https:\/\/hubsch-interior.com\/da\/#website\",\"url\":\"https:\/\/hubsch-interior.com\/da\/\",\"name\":\"H\u00fcbsch\",\"description\":\"Danish Home Interior and Design\",\"publisher\":{\"@id\":\"https:\/\/hubsch-interior.com\/da\/#organization\"},\"potentialAction\":[{\"@type\":\"SearchAction\",\"target\":{\"@type\":\"EntryPoint\",\"urlTemplate\":\"https:\/\/hubsch-interior.com\/da\/?s={search_term_string}\"},\"query-input\":{\"@type\":\"PropertyValueSpecification\",\"valueRequired\":true,\"valueName\":\"search_term_string\"}}],\"inLanguage\":\"da-DK\"},{\"@type\":\"Organization\",\"@id\":\"https:\/\/hubsch-interior.com\/da\/#organization\",\"name\":\"H\u00fcbsch\",\"url\":\"https:\/\/hubsch-interior.com\/da\/\",\"logo\":{\"@type\":\"ImageObject\",\"inLanguage\":\"da-DK\",\"@id\":\"https:\/\/hubsch-interior.com\/da\/#\/schema\/logo\/image\/\",\"url\":\"https:\/\/hubsch-interior.com\/wp-content\/uploads\/2022\/12\/Hubsch_logo_black_one_line.svg\",\"contentUrl\":\"https:\/\/hubsch-interior.com\/wp-content\/uploads\/2022\/12\/Hubsch_logo_black_one_line.svg\",\"caption\":\"H\u00fcbsch\"},\"image\":{\"@id\":\"https:\/\/hubsch-interior.com\/da\/#\/schema\/logo\/image\/\"}}]}<\/script>\n<!-- \/ Yoast SEO plugin. -->","yoast_head_json":{"title":"Flash Transportabel Lampe Metallisk orange - H\u00fcbsch","description":"Oplys dine aftener med Flash Transportabel Lampe, en charmerende kombination af nostalgi og modernitet. Fremstillet af glas og metal, og med sin","robots":{"index":"index","follow":"follow","max-snippet":"max-snippet:-1","max-image-preview":"max-image-preview:large","max-video-preview":"max-video-preview:-1"},"canonical":"https:\/\/hubsch-interior.com\/da\/wp-json\/wp\/v2\/product\/1010671","og_locale":"da_DK","og_type":"article","og_title":"Flash Transportabel Lampe Metallisk orange - H\u00fcbsch","og_description":"Oplys dine aftener med Flash Transportabel Lampe, en charmerende kombination af nostalgi og modernitet. Fremstillet af glas og metal, og med sin","og_url":"https:\/\/hubsch-interior.com\/da\/vare\/flash-transportabel-lampe-metallisk-orange\/","og_site_name":"H\u00fcbsch","article_modified_time":"2026-04-10T03:06:28+00:00","og_image":[{"width":1200,"height":1200,"url":"https:\/\/hubsch-interior.com\/wp-content\/uploads\/2025\/03\/flash-portable-lamp-metallic-orange-cff0db0a8fd64f1d3ffd2e3eb8c676aa.jpg","type":"image\/jpeg"}],"twitter_card":"summary_large_image","schema":{"@context":"https:\/\/schema.org","@graph":[{"@type":"WebPage","@id":"https:\/\/hubsch-interior.com\/da\/vare\/flash-transportabel-lampe-metallisk-orange\/","url":"https:\/\/hubsch-interior.com\/da\/vare\/flash-transportabel-lampe-metallisk-orange\/","name":"Flash Transportabel Lampe Metallisk orange - H\u00fcbsch","isPartOf":{"@id":"https:\/\/hubsch-interior.com\/da\/#website"},"primaryImageOfPage":{"@id":"https:\/\/hubsch-interior.com\/da\/vare\/flash-transportabel-lampe-metallisk-orange\/#primaryimage"},"image":{"@id":"https:\/\/hubsch-interior.com\/da\/vare\/flash-transportabel-lampe-metallisk-orange\/#primaryimage"},"thumbnailUrl":"https:\/\/hubsch-interior.com\/wp-content\/uploads\/2026\/02\/flash-portable-lamp-metallic-orange-48540415c74d1a96a178e699dc1d80a6.jpg","datePublished":"2025-01-29T10:29:42+00:00","dateModified":"2026-04-10T03:06:28+00:00","description":"Oplys dine aftener med Flash Transportabel Lampe, en charmerende kombination af nostalgi og modernitet. Fremstillet af glas og metal, og med sin","breadcrumb":{"@id":"https:\/\/hubsch-interior.com\/da\/vare\/flash-transportabel-lampe-metallisk-orange\/#breadcrumb"},"inLanguage":"da-DK","potentialAction":[{"@type":"ReadAction","target":["https:\/\/hubsch-interior.com\/da\/vare\/flash-transportabel-lampe-metallisk-orange\/"]}]},{"@type":"ImageObject","inLanguage":"da-DK","@id":"https:\/\/hubsch-interior.com\/da\/vare\/flash-transportabel-lampe-metallisk-orange\/#primaryimage","url":"https:\/\/hubsch-interior.com\/wp-content\/uploads\/2026\/02\/flash-portable-lamp-metallic-orange-48540415c74d1a96a178e699dc1d80a6.jpg","contentUrl":"https:\/\/hubsch-interior.com\/wp-content\/uploads\/2026\/02\/flash-portable-lamp-metallic-orange-48540415c74d1a96a178e699dc1d80a6.jpg","width":1024,"height":1024},{"@type":"BreadcrumbList","@id":"https:\/\/hubsch-interior.com\/da\/vare\/flash-transportabel-lampe-metallisk-orange\/#breadcrumb","itemListElement":[{"@type":"ListItem","position":1,"name":"Forside","item":"https:\/\/hubsch-interior.com\/da\/"},{"@type":"ListItem","position":2,"name":"Produkter","item":"https:\/\/hubsch-interior.com\/da\/produkter\/"},{"@type":"ListItem","position":3,"name":"Belysning","item":"https:\/\/hubsch-interior.com\/da\/vare-kategori\/belysning\/"},{"@type":"ListItem","position":4,"name":"Transportable Lamper","item":"https:\/\/hubsch-interior.com\/da\/vare-kategori\/belysning\/transportable-lamper-da\/"},{"@type":"ListItem","position":5,"name":"Flash Transportabel Lampe Metallisk orange"}]},{"@type":"WebSite","@id":"https:\/\/hubsch-interior.com\/da\/#website","url":"https:\/\/hubsch-interior.com\/da\/","name":"H\u00fcbsch","description":"Danish Home Interior and Design","publisher":{"@id":"https:\/\/hubsch-interior.com\/da\/#organization"},"potentialAction":[{"@type":"SearchAction","target":{"@type":"EntryPoint","urlTemplate":"https:\/\/hubsch-interior.com\/da\/?s={search_term_string}"},"query-input":{"@type":"PropertyValueSpecification","valueRequired":true,"valueName":"search_term_string"}}],"inLanguage":"da-DK"},{"@type":"Organization","@id":"https:\/\/hubsch-interior.com\/da\/#organization","name":"H\u00fcbsch","url":"https:\/\/hubsch-interior.com\/da\/","logo":{"@type":"ImageObject","inLanguage":"da-DK","@id":"https:\/\/hubsch-interior.com\/da\/#\/schema\/logo\/image\/","url":"https:\/\/hubsch-interior.com\/wp-content\/uploads\/2022\/12\/Hubsch_logo_black_one_line.svg","contentUrl":"https:\/\/hubsch-interior.com\/wp-content\/uploads\/2022\/12\/Hubsch_logo_black_one_line.svg","caption":"H\u00fcbsch"},"image":{"@id":"https:\/\/hubsch-interior.com\/da\/#\/schema\/logo\/image\/"}}]}},"_links":{"self":[{"href":"https:\/\/hubsch-interior.com\/da\/wp-json\/wp\/v2\/product\/1010671","targetHints":{"allow":["GET"]}}],"collection":[{"href":"https:\/\/hubsch-interior.com\/da\/wp-json\/wp\/v2\/product"}],"about":[{"href":"https:\/\/hubsch-interior.com\/da\/wp-json\/wp\/v2\/types\/product"}],"wp:featuredmedia":[{"embeddable":true,"href":"https:\/\/hubsch-interior.com\/da\/wp-json\/wp\/v2\/media\/1107506"}],"wp:attachment":[{"href":"https:\/\/hubsch-interior.com\/da\/wp-json\/wp\/v2\/media?parent=1010671"}],"wp:term":[{"taxonomy":"product_brand","embeddable":true,"href":"https:\/\/hubsch-interior.com\/da\/wp-json\/wp\/v2\/product_brand?post=1010671"},{"taxonomy":"product_cat","embeddable":true,"href":"https:\/\/hubsch-interior.com\/da\/wp-json\/wp\/v2\/product_cat?post=1010671"},{"taxonomy":"product_tag","embeddable":true,"href":"https:\/\/hubsch-interior.com\/da\/wp-json\/wp\/v2\/product_tag?post=1010671"}],"curies":[{"name":"wp","href":"https:\/\/api.w.org\/{rel}","templated":true}]}}