{"id":1013620,"date":"2025-03-10T14:21:40","date_gmt":"2025-03-10T13:21:40","guid":{"rendered":"https:\/\/hubsch-interior.com\/product\/product\/"},"modified":"2026-04-08T04:55:57","modified_gmt":"2026-04-08T02:55:57","slug":"forma-spisestol-natur","status":"publish","type":"product","link":"https:\/\/hubsch-interior.com\/da\/vare\/forma-spisestol-natur\/","title":{"rendered":"Forma Spisestol Natur"},"content":{"rendered":"<p>Pr\u00e6sent\u00e9r Forma Spisestol \u2013 den perfekte kombination af funktion og stil til dit spiseomr\u00e5de.<br \/>\nFremstillet af FSC-certificeret eg og finer, udstr\u00e5ler stolen varme og elegance med sin naturlige farve. Dens markante form og robuste konstruktion sikrer vedvarende komfort og st\u00f8tte. Som en stabelbar spisestol sparer den ikke kun plads, men tilf\u00f8jer ogs\u00e5 en skulpturel \u00e6stetik, n\u00e5r den stables, hvilket giver et kunstnerisk pr\u00e6g til ethvert interi\u00f8r. Perfekt til sammenkomster, hvor din siddeplads er lige s\u00e5 stilfuld, som den er praktisk.<\/p>\n","protected":false},"excerpt":{"rendered":"<p>Pr\u00e6sent\u00e9r Forma Spisestol \u2013 den perfekte kombination af funktion og stil til dit spiseomr\u00e5de. Fremstillet af FSC-certificeret eg og finer, udstr\u00e5ler stolen varme og elegance med sin naturlige farve. Dens markante form og robuste konstruktion sikrer vedvarende komfort og st\u00f8tte. Som en stabelbar spisestol sparer den ikke kun plads, men tilf\u00f8jer ogs\u00e5 en skulpturel \u00e6stetik, [&hellip;]<\/p>\n","protected":false},"featured_media":1104879,"template":"","meta":{"_acf_changed":false,"inline_featured_image":false},"product_brand":[],"product_cat":[6996,2841,3040,5449,5025],"product_tag":[],"class_list":{"0":"post-1013620","1":"product","2":"type-product","3":"status-publish","4":"has-post-thumbnail","6":"product_cat-the-buzz-da","7":"product_cat-siddemoebler-da","8":"product_cat-skamler-da","9":"product_cat-spisestole-da","10":"product_cat-bestsellers-da","11":"product_shipping_class-pk","12":"pa_color-natur-2","13":"pa_material-krydsfiner-da","14":"pa_material-egetr","15":"pa_material-egetrsfiner","17":"first","18":"outofstock","19":"featured","20":"taxable","21":"shipping-taxable","22":"purchasable","23":"product-type-simple"},"exclude_global_add_ons":[],"addons":[],"acf":[],"yoast_head":"<!-- This site is optimized with the Yoast SEO plugin v26.4 - https:\/\/yoast.com\/wordpress\/plugins\/seo\/ -->\n<title>Forma Spisestol Natur - H\u00fcbsch<\/title>\n<meta name=\"description\" content=\"Pr\u00e6sent\u00e9r Forma Spisestol \u2013 den perfekte kombination af funktion og stil til dit spiseomr\u00e5de. Fremstillet af FSC-certificeret eg og finer, udstr\u00e5ler\" \/>\n<meta name=\"robots\" content=\"index, follow, max-snippet:-1, max-image-preview:large, max-video-preview:-1\" \/>\n<link rel=\"canonical\" href=\"https:\/\/hubsch-interior.com\/da\/wp-json\/wp\/v2\/product\/1013620\" \/>\n<meta property=\"og:locale\" content=\"da_DK\" \/>\n<meta property=\"og:type\" content=\"article\" \/>\n<meta property=\"og:title\" content=\"Forma Spisestol Natur - H\u00fcbsch\" \/>\n<meta property=\"og:description\" content=\"Pr\u00e6sent\u00e9r Forma Spisestol \u2013 den perfekte kombination af funktion og stil til dit spiseomr\u00e5de. Fremstillet af FSC-certificeret eg og finer, udstr\u00e5ler\" \/>\n<meta property=\"og:url\" content=\"https:\/\/hubsch-interior.com\/da\/vare\/forma-spisestol-natur\/\" \/>\n<meta property=\"og:site_name\" content=\"H\u00fcbsch\" \/>\n<meta property=\"article:modified_time\" content=\"2026-04-08T02:55:57+00:00\" \/>\n<meta property=\"og:image\" content=\"https:\/\/hubsch-interior.com\/wp-content\/uploads\/2025\/04\/forma-dining-chair-natural-ad56498094339c12ecc297bee9524f32.jpg\" \/>\n\t<meta property=\"og:image:width\" content=\"1200\" \/>\n\t<meta property=\"og:image:height\" content=\"1200\" \/>\n\t<meta property=\"og:image:type\" content=\"image\/jpeg\" \/>\n<meta name=\"twitter:card\" content=\"summary_large_image\" \/>\n<script type=\"application\/ld+json\" class=\"yoast-schema-graph\">{\"@context\":\"https:\/\/schema.org\",\"@graph\":[{\"@type\":\"WebPage\",\"@id\":\"https:\/\/hubsch-interior.com\/da\/vare\/forma-spisestol-natur\/\",\"url\":\"https:\/\/hubsch-interior.com\/da\/vare\/forma-spisestol-natur\/\",\"name\":\"Forma Spisestol Natur - H\u00fcbsch\",\"isPartOf\":{\"@id\":\"https:\/\/hubsch-interior.com\/da\/#website\"},\"primaryImageOfPage\":{\"@id\":\"https:\/\/hubsch-interior.com\/da\/vare\/forma-spisestol-natur\/#primaryimage\"},\"image\":{\"@id\":\"https:\/\/hubsch-interior.com\/da\/vare\/forma-spisestol-natur\/#primaryimage\"},\"thumbnailUrl\":\"https:\/\/hubsch-interior.com\/wp-content\/uploads\/2026\/02\/forma-dining-chair-natural-6c8aa3e57d5d7efad8cdde5d5566bf11.jpg\",\"datePublished\":\"2025-03-10T13:21:40+00:00\",\"dateModified\":\"2026-04-08T02:55:57+00:00\",\"description\":\"Pr\u00e6sent\u00e9r Forma Spisestol \u2013 den perfekte kombination af funktion og stil til dit spiseomr\u00e5de. Fremstillet af FSC-certificeret eg og finer, udstr\u00e5ler\",\"breadcrumb\":{\"@id\":\"https:\/\/hubsch-interior.com\/da\/vare\/forma-spisestol-natur\/#breadcrumb\"},\"inLanguage\":\"da-DK\",\"potentialAction\":[{\"@type\":\"ReadAction\",\"target\":[\"https:\/\/hubsch-interior.com\/da\/vare\/forma-spisestol-natur\/\"]}]},{\"@type\":\"ImageObject\",\"inLanguage\":\"da-DK\",\"@id\":\"https:\/\/hubsch-interior.com\/da\/vare\/forma-spisestol-natur\/#primaryimage\",\"url\":\"https:\/\/hubsch-interior.com\/wp-content\/uploads\/2026\/02\/forma-dining-chair-natural-6c8aa3e57d5d7efad8cdde5d5566bf11.jpg\",\"contentUrl\":\"https:\/\/hubsch-interior.com\/wp-content\/uploads\/2026\/02\/forma-dining-chair-natural-6c8aa3e57d5d7efad8cdde5d5566bf11.jpg\",\"width\":1024,\"height\":1024},{\"@type\":\"BreadcrumbList\",\"@id\":\"https:\/\/hubsch-interior.com\/da\/vare\/forma-spisestol-natur\/#breadcrumb\",\"itemListElement\":[{\"@type\":\"ListItem\",\"position\":1,\"name\":\"Forside\",\"item\":\"https:\/\/hubsch-interior.com\/da\/\"},{\"@type\":\"ListItem\",\"position\":2,\"name\":\"Produkter\",\"item\":\"https:\/\/hubsch-interior.com\/da\/produkter\/\"},{\"@type\":\"ListItem\",\"position\":3,\"name\":\"M\u00f8bler\",\"item\":\"https:\/\/hubsch-interior.com\/da\/vare-kategori\/mobler\/\"},{\"@type\":\"ListItem\",\"position\":4,\"name\":\"Siddem&oslash;bler\",\"item\":\"https:\/\/hubsch-interior.com\/da\/vare-kategori\/mobler\/siddemoebler-da\/\"},{\"@type\":\"ListItem\",\"position\":5,\"name\":\"Skamler\",\"item\":\"https:\/\/hubsch-interior.com\/da\/vare-kategori\/mobler\/siddemoebler-da\/skamler-da\/\"},{\"@type\":\"ListItem\",\"position\":6,\"name\":\"Forma Spisestol Natur\"}]},{\"@type\":\"WebSite\",\"@id\":\"https:\/\/hubsch-interior.com\/da\/#website\",\"url\":\"https:\/\/hubsch-interior.com\/da\/\",\"name\":\"H\u00fcbsch\",\"description\":\"Danish Home Interior and Design\",\"publisher\":{\"@id\":\"https:\/\/hubsch-interior.com\/da\/#organization\"},\"potentialAction\":[{\"@type\":\"SearchAction\",\"target\":{\"@type\":\"EntryPoint\",\"urlTemplate\":\"https:\/\/hubsch-interior.com\/da\/?s={search_term_string}\"},\"query-input\":{\"@type\":\"PropertyValueSpecification\",\"valueRequired\":true,\"valueName\":\"search_term_string\"}}],\"inLanguage\":\"da-DK\"},{\"@type\":\"Organization\",\"@id\":\"https:\/\/hubsch-interior.com\/da\/#organization\",\"name\":\"H\u00fcbsch\",\"url\":\"https:\/\/hubsch-interior.com\/da\/\",\"logo\":{\"@type\":\"ImageObject\",\"inLanguage\":\"da-DK\",\"@id\":\"https:\/\/hubsch-interior.com\/da\/#\/schema\/logo\/image\/\",\"url\":\"https:\/\/hubsch-interior.com\/wp-content\/uploads\/2022\/12\/Hubsch_logo_black_one_line.svg\",\"contentUrl\":\"https:\/\/hubsch-interior.com\/wp-content\/uploads\/2022\/12\/Hubsch_logo_black_one_line.svg\",\"caption\":\"H\u00fcbsch\"},\"image\":{\"@id\":\"https:\/\/hubsch-interior.com\/da\/#\/schema\/logo\/image\/\"}}]}<\/script>\n<!-- \/ Yoast SEO plugin. -->","yoast_head_json":{"title":"Forma Spisestol Natur - H\u00fcbsch","description":"Pr\u00e6sent\u00e9r Forma Spisestol \u2013 den perfekte kombination af funktion og stil til dit spiseomr\u00e5de. Fremstillet af FSC-certificeret eg og finer, udstr\u00e5ler","robots":{"index":"index","follow":"follow","max-snippet":"max-snippet:-1","max-image-preview":"max-image-preview:large","max-video-preview":"max-video-preview:-1"},"canonical":"https:\/\/hubsch-interior.com\/da\/wp-json\/wp\/v2\/product\/1013620","og_locale":"da_DK","og_type":"article","og_title":"Forma Spisestol Natur - H\u00fcbsch","og_description":"Pr\u00e6sent\u00e9r Forma Spisestol \u2013 den perfekte kombination af funktion og stil til dit spiseomr\u00e5de. Fremstillet af FSC-certificeret eg og finer, udstr\u00e5ler","og_url":"https:\/\/hubsch-interior.com\/da\/vare\/forma-spisestol-natur\/","og_site_name":"H\u00fcbsch","article_modified_time":"2026-04-08T02:55:57+00:00","og_image":[{"width":1200,"height":1200,"url":"https:\/\/hubsch-interior.com\/wp-content\/uploads\/2025\/04\/forma-dining-chair-natural-ad56498094339c12ecc297bee9524f32.jpg","type":"image\/jpeg"}],"twitter_card":"summary_large_image","schema":{"@context":"https:\/\/schema.org","@graph":[{"@type":"WebPage","@id":"https:\/\/hubsch-interior.com\/da\/vare\/forma-spisestol-natur\/","url":"https:\/\/hubsch-interior.com\/da\/vare\/forma-spisestol-natur\/","name":"Forma Spisestol Natur - H\u00fcbsch","isPartOf":{"@id":"https:\/\/hubsch-interior.com\/da\/#website"},"primaryImageOfPage":{"@id":"https:\/\/hubsch-interior.com\/da\/vare\/forma-spisestol-natur\/#primaryimage"},"image":{"@id":"https:\/\/hubsch-interior.com\/da\/vare\/forma-spisestol-natur\/#primaryimage"},"thumbnailUrl":"https:\/\/hubsch-interior.com\/wp-content\/uploads\/2026\/02\/forma-dining-chair-natural-6c8aa3e57d5d7efad8cdde5d5566bf11.jpg","datePublished":"2025-03-10T13:21:40+00:00","dateModified":"2026-04-08T02:55:57+00:00","description":"Pr\u00e6sent\u00e9r Forma Spisestol \u2013 den perfekte kombination af funktion og stil til dit spiseomr\u00e5de. Fremstillet af FSC-certificeret eg og finer, udstr\u00e5ler","breadcrumb":{"@id":"https:\/\/hubsch-interior.com\/da\/vare\/forma-spisestol-natur\/#breadcrumb"},"inLanguage":"da-DK","potentialAction":[{"@type":"ReadAction","target":["https:\/\/hubsch-interior.com\/da\/vare\/forma-spisestol-natur\/"]}]},{"@type":"ImageObject","inLanguage":"da-DK","@id":"https:\/\/hubsch-interior.com\/da\/vare\/forma-spisestol-natur\/#primaryimage","url":"https:\/\/hubsch-interior.com\/wp-content\/uploads\/2026\/02\/forma-dining-chair-natural-6c8aa3e57d5d7efad8cdde5d5566bf11.jpg","contentUrl":"https:\/\/hubsch-interior.com\/wp-content\/uploads\/2026\/02\/forma-dining-chair-natural-6c8aa3e57d5d7efad8cdde5d5566bf11.jpg","width":1024,"height":1024},{"@type":"BreadcrumbList","@id":"https:\/\/hubsch-interior.com\/da\/vare\/forma-spisestol-natur\/#breadcrumb","itemListElement":[{"@type":"ListItem","position":1,"name":"Forside","item":"https:\/\/hubsch-interior.com\/da\/"},{"@type":"ListItem","position":2,"name":"Produkter","item":"https:\/\/hubsch-interior.com\/da\/produkter\/"},{"@type":"ListItem","position":3,"name":"M\u00f8bler","item":"https:\/\/hubsch-interior.com\/da\/vare-kategori\/mobler\/"},{"@type":"ListItem","position":4,"name":"Siddem&oslash;bler","item":"https:\/\/hubsch-interior.com\/da\/vare-kategori\/mobler\/siddemoebler-da\/"},{"@type":"ListItem","position":5,"name":"Skamler","item":"https:\/\/hubsch-interior.com\/da\/vare-kategori\/mobler\/siddemoebler-da\/skamler-da\/"},{"@type":"ListItem","position":6,"name":"Forma Spisestol Natur"}]},{"@type":"WebSite","@id":"https:\/\/hubsch-interior.com\/da\/#website","url":"https:\/\/hubsch-interior.com\/da\/","name":"H\u00fcbsch","description":"Danish Home Interior and Design","publisher":{"@id":"https:\/\/hubsch-interior.com\/da\/#organization"},"potentialAction":[{"@type":"SearchAction","target":{"@type":"EntryPoint","urlTemplate":"https:\/\/hubsch-interior.com\/da\/?s={search_term_string}"},"query-input":{"@type":"PropertyValueSpecification","valueRequired":true,"valueName":"search_term_string"}}],"inLanguage":"da-DK"},{"@type":"Organization","@id":"https:\/\/hubsch-interior.com\/da\/#organization","name":"H\u00fcbsch","url":"https:\/\/hubsch-interior.com\/da\/","logo":{"@type":"ImageObject","inLanguage":"da-DK","@id":"https:\/\/hubsch-interior.com\/da\/#\/schema\/logo\/image\/","url":"https:\/\/hubsch-interior.com\/wp-content\/uploads\/2022\/12\/Hubsch_logo_black_one_line.svg","contentUrl":"https:\/\/hubsch-interior.com\/wp-content\/uploads\/2022\/12\/Hubsch_logo_black_one_line.svg","caption":"H\u00fcbsch"},"image":{"@id":"https:\/\/hubsch-interior.com\/da\/#\/schema\/logo\/image\/"}}]}},"_links":{"self":[{"href":"https:\/\/hubsch-interior.com\/da\/wp-json\/wp\/v2\/product\/1013620","targetHints":{"allow":["GET"]}}],"collection":[{"href":"https:\/\/hubsch-interior.com\/da\/wp-json\/wp\/v2\/product"}],"about":[{"href":"https:\/\/hubsch-interior.com\/da\/wp-json\/wp\/v2\/types\/product"}],"wp:featuredmedia":[{"embeddable":true,"href":"https:\/\/hubsch-interior.com\/da\/wp-json\/wp\/v2\/media\/1104879"}],"wp:attachment":[{"href":"https:\/\/hubsch-interior.com\/da\/wp-json\/wp\/v2\/media?parent=1013620"}],"wp:term":[{"taxonomy":"product_brand","embeddable":true,"href":"https:\/\/hubsch-interior.com\/da\/wp-json\/wp\/v2\/product_brand?post=1013620"},{"taxonomy":"product_cat","embeddable":true,"href":"https:\/\/hubsch-interior.com\/da\/wp-json\/wp\/v2\/product_cat?post=1013620"},{"taxonomy":"product_tag","embeddable":true,"href":"https:\/\/hubsch-interior.com\/da\/wp-json\/wp\/v2\/product_tag?post=1013620"}],"curies":[{"name":"wp","href":"https:\/\/api.w.org\/{rel}","templated":true}]}}