{"id":1057602,"date":"2025-05-13T13:49:40","date_gmt":"2025-05-13T11:49:40","guid":{"rendered":"https:\/\/hubsch-interior.com\/product\/product\/"},"modified":"2026-04-05T04:45:07","modified_gmt":"2026-04-05T02:45:07","slug":"up-potte-gul-saet-af-2","status":"publish","type":"product","link":"https:\/\/hubsch-interior.com\/da\/vare\/up-potte-gul-saet-af-2\/","title":{"rendered":"Up Potte Gul (s\u00e6t af 2)"},"content":{"rendered":"<p>Skab liv og varme i dit hjem med vores keramiske Up Potter i en str\u00e5lende gul farve, der bringer gl\u00e6de og energi til ethvert rum.<br \/>\nIdeelle for dem, der elsker livlige nuancer i deres indretning, er disse potter fremstillet af fint keramik og giver et solidt og elegant hjem til dine elskede stueplanter. Med sit design, der l\u00f8fter dine planter op og fremh\u00e6ver deres sk\u00f8nhed, skaber Up Potter en betagende scene \u2013 uanset om den placeres p\u00e5 en vindueskarm eller i et hyggeligt hj\u00f8rne.<\/p>\n","protected":false},"excerpt":{"rendered":"<p>Skab liv og varme i dit hjem med vores keramiske Up Potter i en str\u00e5lende gul farve, der bringer gl\u00e6de og energi til ethvert rum. Ideelle for dem, der elsker livlige nuancer i deres indretning, er disse potter fremstillet af fint keramik og giver et solidt og elegant hjem til dine elskede stueplanter. Med sit [&hellip;]<\/p>\n","protected":false},"featured_media":1100971,"template":"","meta":{"_acf_changed":false,"inline_featured_image":false},"product_brand":[],"product_cat":[6938,6996,4912,4923,5025],"product_tag":[],"class_list":{"0":"post-1057602","1":"product","2":"type-product","3":"status-publish","4":"has-post-thumbnail","6":"product_cat-additions-da","7":"product_cat-the-buzz-da","8":"product_cat-potter-vandkander-da","9":"product_cat-potteskjulere-da","10":"product_cat-bestsellers-da","11":"product_shipping_class-pk","13":"pa_color-gul","14":"pa_material-keramik-da","16":"first","17":"instock","18":"featured","19":"taxable","20":"shipping-taxable","21":"purchasable","22":"product-type-simple"},"exclude_global_add_ons":[],"addons":[],"acf":[],"yoast_head":"<!-- This site is optimized with the Yoast SEO plugin v26.4 - https:\/\/yoast.com\/wordpress\/plugins\/seo\/ -->\n<title>Up Potte Gul (s\u00e6t af 2) - H\u00fcbsch<\/title>\n<meta name=\"description\" content=\"Skab liv og varme i dit hjem med vores keramiske Up Potter i en str\u00e5lende gul farve, der bringer gl\u00e6de og energi til ethvert rum. Ideelle for dem, der\" \/>\n<meta name=\"robots\" content=\"index, follow, max-snippet:-1, max-image-preview:large, max-video-preview:-1\" \/>\n<link rel=\"canonical\" href=\"https:\/\/hubsch-interior.com\/da\/wp-json\/wp\/v2\/product\/1057602\" \/>\n<meta property=\"og:locale\" content=\"da_DK\" \/>\n<meta property=\"og:type\" content=\"article\" \/>\n<meta property=\"og:title\" content=\"Up Potte Gul (s\u00e6t af 2) - H\u00fcbsch\" \/>\n<meta property=\"og:description\" content=\"Skab liv og varme i dit hjem med vores keramiske Up Potter i en str\u00e5lende gul farve, der bringer gl\u00e6de og energi til ethvert rum. Ideelle for dem, der\" \/>\n<meta property=\"og:url\" content=\"https:\/\/hubsch-interior.com\/da\/vare\/up-potte-gul-saet-af-2\/\" \/>\n<meta property=\"og:site_name\" content=\"H\u00fcbsch\" \/>\n<meta property=\"article:modified_time\" content=\"2026-04-05T02:45:07+00:00\" \/>\n<meta property=\"og:image\" content=\"https:\/\/hubsch-interior.com\/wp-content\/uploads\/2025\/05\/up-pots-yellow-set-of-2-f58337bb30a5b5f67d8c01243d0a3050.jpg\" \/>\n\t<meta property=\"og:image:width\" content=\"1200\" \/>\n\t<meta property=\"og:image:height\" content=\"1200\" \/>\n\t<meta property=\"og:image:type\" content=\"image\/jpeg\" \/>\n<meta name=\"twitter:card\" content=\"summary_large_image\" \/>\n<script type=\"application\/ld+json\" class=\"yoast-schema-graph\">{\"@context\":\"https:\/\/schema.org\",\"@graph\":[{\"@type\":\"WebPage\",\"@id\":\"https:\/\/hubsch-interior.com\/da\/vare\/up-potte-gul-saet-af-2\/\",\"url\":\"https:\/\/hubsch-interior.com\/da\/vare\/up-potte-gul-saet-af-2\/\",\"name\":\"Up Potte Gul (s\u00e6t af 2) - H\u00fcbsch\",\"isPartOf\":{\"@id\":\"https:\/\/hubsch-interior.com\/da\/#website\"},\"primaryImageOfPage\":{\"@id\":\"https:\/\/hubsch-interior.com\/da\/vare\/up-potte-gul-saet-af-2\/#primaryimage\"},\"image\":{\"@id\":\"https:\/\/hubsch-interior.com\/da\/vare\/up-potte-gul-saet-af-2\/#primaryimage\"},\"thumbnailUrl\":\"https:\/\/hubsch-interior.com\/wp-content\/uploads\/2026\/02\/up-pots-yellow-set-of-2-1c9def265261a6a3f3b6c17d3a4bacf1.jpg\",\"datePublished\":\"2025-05-13T11:49:40+00:00\",\"dateModified\":\"2026-04-05T02:45:07+00:00\",\"description\":\"Skab liv og varme i dit hjem med vores keramiske Up Potter i en str\u00e5lende gul farve, der bringer gl\u00e6de og energi til ethvert rum. Ideelle for dem, der\",\"breadcrumb\":{\"@id\":\"https:\/\/hubsch-interior.com\/da\/vare\/up-potte-gul-saet-af-2\/#breadcrumb\"},\"inLanguage\":\"da-DK\",\"potentialAction\":[{\"@type\":\"ReadAction\",\"target\":[\"https:\/\/hubsch-interior.com\/da\/vare\/up-potte-gul-saet-af-2\/\"]}]},{\"@type\":\"ImageObject\",\"inLanguage\":\"da-DK\",\"@id\":\"https:\/\/hubsch-interior.com\/da\/vare\/up-potte-gul-saet-af-2\/#primaryimage\",\"url\":\"https:\/\/hubsch-interior.com\/wp-content\/uploads\/2026\/02\/up-pots-yellow-set-of-2-1c9def265261a6a3f3b6c17d3a4bacf1.jpg\",\"contentUrl\":\"https:\/\/hubsch-interior.com\/wp-content\/uploads\/2026\/02\/up-pots-yellow-set-of-2-1c9def265261a6a3f3b6c17d3a4bacf1.jpg\",\"width\":1024,\"height\":1024},{\"@type\":\"BreadcrumbList\",\"@id\":\"https:\/\/hubsch-interior.com\/da\/vare\/up-potte-gul-saet-af-2\/#breadcrumb\",\"itemListElement\":[{\"@type\":\"ListItem\",\"position\":1,\"name\":\"Forside\",\"item\":\"https:\/\/hubsch-interior.com\/da\/\"},{\"@type\":\"ListItem\",\"position\":2,\"name\":\"Produkter\",\"item\":\"https:\/\/hubsch-interior.com\/da\/produkter\/\"},{\"@type\":\"ListItem\",\"position\":3,\"name\":\"Boligtilbeh\u00f8r\",\"item\":\"https:\/\/hubsch-interior.com\/da\/vare-kategori\/boligtilbehor\/\"},{\"@type\":\"ListItem\",\"position\":4,\"name\":\"Potter &amp; vandkander\",\"item\":\"https:\/\/hubsch-interior.com\/da\/vare-kategori\/boligtilbehor\/potter-vandkander-da\/\"},{\"@type\":\"ListItem\",\"position\":5,\"name\":\"Potteskjulere\",\"item\":\"https:\/\/hubsch-interior.com\/da\/vare-kategori\/boligtilbehor\/potter-vandkander-da\/potteskjulere-da\/\"},{\"@type\":\"ListItem\",\"position\":6,\"name\":\"Up Potte Gul (s\u00e6t af 2)\"}]},{\"@type\":\"WebSite\",\"@id\":\"https:\/\/hubsch-interior.com\/da\/#website\",\"url\":\"https:\/\/hubsch-interior.com\/da\/\",\"name\":\"H\u00fcbsch\",\"description\":\"Danish Home Interior and Design\",\"publisher\":{\"@id\":\"https:\/\/hubsch-interior.com\/da\/#organization\"},\"potentialAction\":[{\"@type\":\"SearchAction\",\"target\":{\"@type\":\"EntryPoint\",\"urlTemplate\":\"https:\/\/hubsch-interior.com\/da\/?s={search_term_string}\"},\"query-input\":{\"@type\":\"PropertyValueSpecification\",\"valueRequired\":true,\"valueName\":\"search_term_string\"}}],\"inLanguage\":\"da-DK\"},{\"@type\":\"Organization\",\"@id\":\"https:\/\/hubsch-interior.com\/da\/#organization\",\"name\":\"H\u00fcbsch\",\"url\":\"https:\/\/hubsch-interior.com\/da\/\",\"logo\":{\"@type\":\"ImageObject\",\"inLanguage\":\"da-DK\",\"@id\":\"https:\/\/hubsch-interior.com\/da\/#\/schema\/logo\/image\/\",\"url\":\"https:\/\/hubsch-interior.com\/wp-content\/uploads\/2022\/12\/Hubsch_logo_black_one_line.svg\",\"contentUrl\":\"https:\/\/hubsch-interior.com\/wp-content\/uploads\/2022\/12\/Hubsch_logo_black_one_line.svg\",\"caption\":\"H\u00fcbsch\"},\"image\":{\"@id\":\"https:\/\/hubsch-interior.com\/da\/#\/schema\/logo\/image\/\"}}]}<\/script>\n<!-- \/ Yoast SEO plugin. -->","yoast_head_json":{"title":"Up Potte Gul (s\u00e6t af 2) - H\u00fcbsch","description":"Skab liv og varme i dit hjem med vores keramiske Up Potter i en str\u00e5lende gul farve, der bringer gl\u00e6de og energi til ethvert rum. Ideelle for dem, der","robots":{"index":"index","follow":"follow","max-snippet":"max-snippet:-1","max-image-preview":"max-image-preview:large","max-video-preview":"max-video-preview:-1"},"canonical":"https:\/\/hubsch-interior.com\/da\/wp-json\/wp\/v2\/product\/1057602","og_locale":"da_DK","og_type":"article","og_title":"Up Potte Gul (s\u00e6t af 2) - H\u00fcbsch","og_description":"Skab liv og varme i dit hjem med vores keramiske Up Potter i en str\u00e5lende gul farve, der bringer gl\u00e6de og energi til ethvert rum. Ideelle for dem, der","og_url":"https:\/\/hubsch-interior.com\/da\/vare\/up-potte-gul-saet-af-2\/","og_site_name":"H\u00fcbsch","article_modified_time":"2026-04-05T02:45:07+00:00","og_image":[{"width":1200,"height":1200,"url":"https:\/\/hubsch-interior.com\/wp-content\/uploads\/2025\/05\/up-pots-yellow-set-of-2-f58337bb30a5b5f67d8c01243d0a3050.jpg","type":"image\/jpeg"}],"twitter_card":"summary_large_image","schema":{"@context":"https:\/\/schema.org","@graph":[{"@type":"WebPage","@id":"https:\/\/hubsch-interior.com\/da\/vare\/up-potte-gul-saet-af-2\/","url":"https:\/\/hubsch-interior.com\/da\/vare\/up-potte-gul-saet-af-2\/","name":"Up Potte Gul (s\u00e6t af 2) - H\u00fcbsch","isPartOf":{"@id":"https:\/\/hubsch-interior.com\/da\/#website"},"primaryImageOfPage":{"@id":"https:\/\/hubsch-interior.com\/da\/vare\/up-potte-gul-saet-af-2\/#primaryimage"},"image":{"@id":"https:\/\/hubsch-interior.com\/da\/vare\/up-potte-gul-saet-af-2\/#primaryimage"},"thumbnailUrl":"https:\/\/hubsch-interior.com\/wp-content\/uploads\/2026\/02\/up-pots-yellow-set-of-2-1c9def265261a6a3f3b6c17d3a4bacf1.jpg","datePublished":"2025-05-13T11:49:40+00:00","dateModified":"2026-04-05T02:45:07+00:00","description":"Skab liv og varme i dit hjem med vores keramiske Up Potter i en str\u00e5lende gul farve, der bringer gl\u00e6de og energi til ethvert rum. Ideelle for dem, der","breadcrumb":{"@id":"https:\/\/hubsch-interior.com\/da\/vare\/up-potte-gul-saet-af-2\/#breadcrumb"},"inLanguage":"da-DK","potentialAction":[{"@type":"ReadAction","target":["https:\/\/hubsch-interior.com\/da\/vare\/up-potte-gul-saet-af-2\/"]}]},{"@type":"ImageObject","inLanguage":"da-DK","@id":"https:\/\/hubsch-interior.com\/da\/vare\/up-potte-gul-saet-af-2\/#primaryimage","url":"https:\/\/hubsch-interior.com\/wp-content\/uploads\/2026\/02\/up-pots-yellow-set-of-2-1c9def265261a6a3f3b6c17d3a4bacf1.jpg","contentUrl":"https:\/\/hubsch-interior.com\/wp-content\/uploads\/2026\/02\/up-pots-yellow-set-of-2-1c9def265261a6a3f3b6c17d3a4bacf1.jpg","width":1024,"height":1024},{"@type":"BreadcrumbList","@id":"https:\/\/hubsch-interior.com\/da\/vare\/up-potte-gul-saet-af-2\/#breadcrumb","itemListElement":[{"@type":"ListItem","position":1,"name":"Forside","item":"https:\/\/hubsch-interior.com\/da\/"},{"@type":"ListItem","position":2,"name":"Produkter","item":"https:\/\/hubsch-interior.com\/da\/produkter\/"},{"@type":"ListItem","position":3,"name":"Boligtilbeh\u00f8r","item":"https:\/\/hubsch-interior.com\/da\/vare-kategori\/boligtilbehor\/"},{"@type":"ListItem","position":4,"name":"Potter &amp; vandkander","item":"https:\/\/hubsch-interior.com\/da\/vare-kategori\/boligtilbehor\/potter-vandkander-da\/"},{"@type":"ListItem","position":5,"name":"Potteskjulere","item":"https:\/\/hubsch-interior.com\/da\/vare-kategori\/boligtilbehor\/potter-vandkander-da\/potteskjulere-da\/"},{"@type":"ListItem","position":6,"name":"Up Potte Gul (s\u00e6t af 2)"}]},{"@type":"WebSite","@id":"https:\/\/hubsch-interior.com\/da\/#website","url":"https:\/\/hubsch-interior.com\/da\/","name":"H\u00fcbsch","description":"Danish Home Interior and Design","publisher":{"@id":"https:\/\/hubsch-interior.com\/da\/#organization"},"potentialAction":[{"@type":"SearchAction","target":{"@type":"EntryPoint","urlTemplate":"https:\/\/hubsch-interior.com\/da\/?s={search_term_string}"},"query-input":{"@type":"PropertyValueSpecification","valueRequired":true,"valueName":"search_term_string"}}],"inLanguage":"da-DK"},{"@type":"Organization","@id":"https:\/\/hubsch-interior.com\/da\/#organization","name":"H\u00fcbsch","url":"https:\/\/hubsch-interior.com\/da\/","logo":{"@type":"ImageObject","inLanguage":"da-DK","@id":"https:\/\/hubsch-interior.com\/da\/#\/schema\/logo\/image\/","url":"https:\/\/hubsch-interior.com\/wp-content\/uploads\/2022\/12\/Hubsch_logo_black_one_line.svg","contentUrl":"https:\/\/hubsch-interior.com\/wp-content\/uploads\/2022\/12\/Hubsch_logo_black_one_line.svg","caption":"H\u00fcbsch"},"image":{"@id":"https:\/\/hubsch-interior.com\/da\/#\/schema\/logo\/image\/"}}]}},"_links":{"self":[{"href":"https:\/\/hubsch-interior.com\/da\/wp-json\/wp\/v2\/product\/1057602","targetHints":{"allow":["GET"]}}],"collection":[{"href":"https:\/\/hubsch-interior.com\/da\/wp-json\/wp\/v2\/product"}],"about":[{"href":"https:\/\/hubsch-interior.com\/da\/wp-json\/wp\/v2\/types\/product"}],"wp:featuredmedia":[{"embeddable":true,"href":"https:\/\/hubsch-interior.com\/da\/wp-json\/wp\/v2\/media\/1100971"}],"wp:attachment":[{"href":"https:\/\/hubsch-interior.com\/da\/wp-json\/wp\/v2\/media?parent=1057602"}],"wp:term":[{"taxonomy":"product_brand","embeddable":true,"href":"https:\/\/hubsch-interior.com\/da\/wp-json\/wp\/v2\/product_brand?post=1057602"},{"taxonomy":"product_cat","embeddable":true,"href":"https:\/\/hubsch-interior.com\/da\/wp-json\/wp\/v2\/product_cat?post=1057602"},{"taxonomy":"product_tag","embeddable":true,"href":"https:\/\/hubsch-interior.com\/da\/wp-json\/wp\/v2\/product_tag?post=1057602"}],"curies":[{"name":"wp","href":"https:\/\/api.w.org\/{rel}","templated":true}]}}