{"id":1058016,"date":"2025-05-19T13:15:49","date_gmt":"2025-05-19T11:15:49","guid":{"rendered":"https:\/\/hubsch-interior.com\/product\/product\/"},"modified":"2026-04-12T04:42:54","modified_gmt":"2026-04-12T02:42:54","slug":"pavilion-plaid-block-bla-flerfarvet","status":"publish","type":"product","link":"https:\/\/hubsch-interior.com\/da\/vare\/pavilion-plaid-block-bla-flerfarvet\/","title":{"rendered":"Pavilion Plaid Block Bl\u00e5\/\u00a0Flerfarvet"},"content":{"rendered":"<p>Pr\u00e6sentation af Pavilion Plaid, fremvist i en fortryllende bl\u00e5 og flerfarvet palette med bl\u00e5 og jordn\u00e6re toner med et strejf af r\u00f8d. Denne variant, som er fremstillet ved hj\u00e6lp af en hyggelig quilteteknik, garanterer en behagelig oplevelse. OEKO-TEX\u00ae STANDARD 100 certificeret og k\u00e6rligt lavet af ren bomuld, er den perfekt til picnic eller til at sv\u00f8be om dig p\u00e5 k\u00f8lige aftener. V\u00e6lg din favorit blandt vores to dejlige varianter for at bringe et strejf af varme og farve ind i din dagligdag.<\/p>\n","protected":false},"excerpt":{"rendered":"<p>Pr\u00e6sentation af Pavilion Plaid, fremvist i en fortryllende bl\u00e5 og flerfarvet palette med bl\u00e5 og jordn\u00e6re toner med et strejf af r\u00f8d. Denne variant, som er fremstillet ved hj\u00e6lp af en hyggelig quilteteknik, garanterer en behagelig oplevelse. OEKO-TEX\u00ae STANDARD 100 certificeret og k\u00e6rligt lavet af ren bomuld, er den perfekt til picnic eller til at [&hellip;]<\/p>\n","protected":false},"featured_media":1100507,"template":"","meta":{"_acf_changed":false,"inline_featured_image":false},"product_brand":[],"product_cat":[6938,6970,6996,3000,4941,6362,5025,6517],"product_tag":[],"class_list":{"0":"post-1058016","1":"product","2":"type-product","3":"status-publish","4":"has-post-thumbnail","6":"product_cat-additions-da","7":"product_cat-paaskeudsalg","8":"product_cat-the-buzz-da","9":"product_cat-tekstiler","10":"product_cat-plaider-da","11":"product_cat-sengetaepper-da","12":"product_cat-bestsellers-da","13":"product_cat-outlet-da","14":"product_shipping_class-pk","16":"pa_color-flerfarvet-2","17":"pa_color-bl","18":"pa_material-cotton-100-da","20":"first","21":"instock","22":"sale","23":"featured","24":"taxable","25":"shipping-taxable","26":"purchasable","27":"product-type-simple"},"exclude_global_add_ons":[],"addons":[],"acf":[],"yoast_head":"<!-- This site is optimized with the Yoast SEO plugin v26.4 - https:\/\/yoast.com\/wordpress\/plugins\/seo\/ -->\n<title>Pavilion Plaid Block Bl\u00e5\/\u00a0Flerfarvet - H\u00fcbsch<\/title>\n<meta name=\"description\" content=\"Pr\u00e6sentation af Pavilion Plaid, fremvist i en fortryllende bl\u00e5 og flerfarvet palette med bl\u00e5 og jordn\u00e6re toner med et strejf af r\u00f8d. Denne variant, som er\" \/>\n<meta name=\"robots\" content=\"index, follow, max-snippet:-1, max-image-preview:large, max-video-preview:-1\" \/>\n<link rel=\"canonical\" href=\"https:\/\/hubsch-interior.com\/da\/wp-json\/wp\/v2\/product\/1058016\" \/>\n<meta property=\"og:locale\" content=\"da_DK\" \/>\n<meta property=\"og:type\" content=\"article\" \/>\n<meta property=\"og:title\" content=\"Pavilion Plaid Block Bl\u00e5\/\u00a0Flerfarvet - H\u00fcbsch\" \/>\n<meta property=\"og:description\" content=\"Pr\u00e6sentation af Pavilion Plaid, fremvist i en fortryllende bl\u00e5 og flerfarvet palette med bl\u00e5 og jordn\u00e6re toner med et strejf af r\u00f8d. Denne variant, som er\" \/>\n<meta property=\"og:url\" content=\"https:\/\/hubsch-interior.com\/da\/vare\/pavilion-plaid-block-bla-flerfarvet\/\" \/>\n<meta property=\"og:site_name\" content=\"H\u00fcbsch\" \/>\n<meta property=\"article:modified_time\" content=\"2026-04-12T02:42:54+00:00\" \/>\n<meta property=\"og:image\" content=\"https:\/\/hubsch-interior.com\/wp-content\/uploads\/2026\/02\/pavilion-plaid-block-bluemulticolour-62f91582c278786f40c4507a87abbfc2.jpg\" \/>\n\t<meta property=\"og:image:width\" content=\"1024\" \/>\n\t<meta property=\"og:image:height\" content=\"1024\" \/>\n\t<meta property=\"og:image:type\" content=\"image\/jpeg\" \/>\n<meta name=\"twitter:card\" content=\"summary_large_image\" \/>\n<script type=\"application\/ld+json\" class=\"yoast-schema-graph\">{\"@context\":\"https:\/\/schema.org\",\"@graph\":[{\"@type\":\"WebPage\",\"@id\":\"https:\/\/hubsch-interior.com\/da\/vare\/pavilion-plaid-block-bla-flerfarvet\/\",\"url\":\"https:\/\/hubsch-interior.com\/da\/vare\/pavilion-plaid-block-bla-flerfarvet\/\",\"name\":\"Pavilion Plaid Block Bl\u00e5\/\u00a0Flerfarvet - H\u00fcbsch\",\"isPartOf\":{\"@id\":\"https:\/\/hubsch-interior.com\/da\/#website\"},\"primaryImageOfPage\":{\"@id\":\"https:\/\/hubsch-interior.com\/da\/vare\/pavilion-plaid-block-bla-flerfarvet\/#primaryimage\"},\"image\":{\"@id\":\"https:\/\/hubsch-interior.com\/da\/vare\/pavilion-plaid-block-bla-flerfarvet\/#primaryimage\"},\"thumbnailUrl\":\"https:\/\/hubsch-interior.com\/wp-content\/uploads\/2026\/02\/pavilion-plaid-block-bluemulticolour-62f91582c278786f40c4507a87abbfc2.jpg\",\"datePublished\":\"2025-05-19T11:15:49+00:00\",\"dateModified\":\"2026-04-12T02:42:54+00:00\",\"description\":\"Pr\u00e6sentation af Pavilion Plaid, fremvist i en fortryllende bl\u00e5 og flerfarvet palette med bl\u00e5 og jordn\u00e6re toner med et strejf af r\u00f8d. Denne variant, som er\",\"breadcrumb\":{\"@id\":\"https:\/\/hubsch-interior.com\/da\/vare\/pavilion-plaid-block-bla-flerfarvet\/#breadcrumb\"},\"inLanguage\":\"da-DK\",\"potentialAction\":[{\"@type\":\"ReadAction\",\"target\":[\"https:\/\/hubsch-interior.com\/da\/vare\/pavilion-plaid-block-bla-flerfarvet\/\"]}]},{\"@type\":\"ImageObject\",\"inLanguage\":\"da-DK\",\"@id\":\"https:\/\/hubsch-interior.com\/da\/vare\/pavilion-plaid-block-bla-flerfarvet\/#primaryimage\",\"url\":\"https:\/\/hubsch-interior.com\/wp-content\/uploads\/2026\/02\/pavilion-plaid-block-bluemulticolour-62f91582c278786f40c4507a87abbfc2.jpg\",\"contentUrl\":\"https:\/\/hubsch-interior.com\/wp-content\/uploads\/2026\/02\/pavilion-plaid-block-bluemulticolour-62f91582c278786f40c4507a87abbfc2.jpg\",\"width\":1024,\"height\":1024},{\"@type\":\"BreadcrumbList\",\"@id\":\"https:\/\/hubsch-interior.com\/da\/vare\/pavilion-plaid-block-bla-flerfarvet\/#breadcrumb\",\"itemListElement\":[{\"@type\":\"ListItem\",\"position\":1,\"name\":\"Forside\",\"item\":\"https:\/\/hubsch-interior.com\/da\/\"},{\"@type\":\"ListItem\",\"position\":2,\"name\":\"Produkter\",\"item\":\"https:\/\/hubsch-interior.com\/da\/produkter\/\"},{\"@type\":\"ListItem\",\"position\":3,\"name\":\"Tekstiler\",\"item\":\"https:\/\/hubsch-interior.com\/da\/vare-kategori\/tekstiler\/\"},{\"@type\":\"ListItem\",\"position\":4,\"name\":\"Plaider\",\"item\":\"https:\/\/hubsch-interior.com\/da\/vare-kategori\/tekstiler\/plaider-da\/\"},{\"@type\":\"ListItem\",\"position\":5,\"name\":\"Pavilion Plaid Block Bl\u00e5\/\u00a0Flerfarvet\"}]},{\"@type\":\"WebSite\",\"@id\":\"https:\/\/hubsch-interior.com\/da\/#website\",\"url\":\"https:\/\/hubsch-interior.com\/da\/\",\"name\":\"H\u00fcbsch\",\"description\":\"Danish Home Interior and Design\",\"publisher\":{\"@id\":\"https:\/\/hubsch-interior.com\/da\/#organization\"},\"potentialAction\":[{\"@type\":\"SearchAction\",\"target\":{\"@type\":\"EntryPoint\",\"urlTemplate\":\"https:\/\/hubsch-interior.com\/da\/?s={search_term_string}\"},\"query-input\":{\"@type\":\"PropertyValueSpecification\",\"valueRequired\":true,\"valueName\":\"search_term_string\"}}],\"inLanguage\":\"da-DK\"},{\"@type\":\"Organization\",\"@id\":\"https:\/\/hubsch-interior.com\/da\/#organization\",\"name\":\"H\u00fcbsch\",\"url\":\"https:\/\/hubsch-interior.com\/da\/\",\"logo\":{\"@type\":\"ImageObject\",\"inLanguage\":\"da-DK\",\"@id\":\"https:\/\/hubsch-interior.com\/da\/#\/schema\/logo\/image\/\",\"url\":\"https:\/\/hubsch-interior.com\/wp-content\/uploads\/2022\/12\/Hubsch_logo_black_one_line.svg\",\"contentUrl\":\"https:\/\/hubsch-interior.com\/wp-content\/uploads\/2022\/12\/Hubsch_logo_black_one_line.svg\",\"caption\":\"H\u00fcbsch\"},\"image\":{\"@id\":\"https:\/\/hubsch-interior.com\/da\/#\/schema\/logo\/image\/\"}}]}<\/script>\n<!-- \/ Yoast SEO plugin. -->","yoast_head_json":{"title":"Pavilion Plaid Block Bl\u00e5\/\u00a0Flerfarvet - H\u00fcbsch","description":"Pr\u00e6sentation af Pavilion Plaid, fremvist i en fortryllende bl\u00e5 og flerfarvet palette med bl\u00e5 og jordn\u00e6re toner med et strejf af r\u00f8d. Denne variant, som er","robots":{"index":"index","follow":"follow","max-snippet":"max-snippet:-1","max-image-preview":"max-image-preview:large","max-video-preview":"max-video-preview:-1"},"canonical":"https:\/\/hubsch-interior.com\/da\/wp-json\/wp\/v2\/product\/1058016","og_locale":"da_DK","og_type":"article","og_title":"Pavilion Plaid Block Bl\u00e5\/\u00a0Flerfarvet - H\u00fcbsch","og_description":"Pr\u00e6sentation af Pavilion Plaid, fremvist i en fortryllende bl\u00e5 og flerfarvet palette med bl\u00e5 og jordn\u00e6re toner med et strejf af r\u00f8d. Denne variant, som er","og_url":"https:\/\/hubsch-interior.com\/da\/vare\/pavilion-plaid-block-bla-flerfarvet\/","og_site_name":"H\u00fcbsch","article_modified_time":"2026-04-12T02:42:54+00:00","og_image":[{"width":1024,"height":1024,"url":"https:\/\/hubsch-interior.com\/wp-content\/uploads\/2026\/02\/pavilion-plaid-block-bluemulticolour-62f91582c278786f40c4507a87abbfc2.jpg","type":"image\/jpeg"}],"twitter_card":"summary_large_image","schema":{"@context":"https:\/\/schema.org","@graph":[{"@type":"WebPage","@id":"https:\/\/hubsch-interior.com\/da\/vare\/pavilion-plaid-block-bla-flerfarvet\/","url":"https:\/\/hubsch-interior.com\/da\/vare\/pavilion-plaid-block-bla-flerfarvet\/","name":"Pavilion Plaid Block Bl\u00e5\/\u00a0Flerfarvet - H\u00fcbsch","isPartOf":{"@id":"https:\/\/hubsch-interior.com\/da\/#website"},"primaryImageOfPage":{"@id":"https:\/\/hubsch-interior.com\/da\/vare\/pavilion-plaid-block-bla-flerfarvet\/#primaryimage"},"image":{"@id":"https:\/\/hubsch-interior.com\/da\/vare\/pavilion-plaid-block-bla-flerfarvet\/#primaryimage"},"thumbnailUrl":"https:\/\/hubsch-interior.com\/wp-content\/uploads\/2026\/02\/pavilion-plaid-block-bluemulticolour-62f91582c278786f40c4507a87abbfc2.jpg","datePublished":"2025-05-19T11:15:49+00:00","dateModified":"2026-04-12T02:42:54+00:00","description":"Pr\u00e6sentation af Pavilion Plaid, fremvist i en fortryllende bl\u00e5 og flerfarvet palette med bl\u00e5 og jordn\u00e6re toner med et strejf af r\u00f8d. Denne variant, som er","breadcrumb":{"@id":"https:\/\/hubsch-interior.com\/da\/vare\/pavilion-plaid-block-bla-flerfarvet\/#breadcrumb"},"inLanguage":"da-DK","potentialAction":[{"@type":"ReadAction","target":["https:\/\/hubsch-interior.com\/da\/vare\/pavilion-plaid-block-bla-flerfarvet\/"]}]},{"@type":"ImageObject","inLanguage":"da-DK","@id":"https:\/\/hubsch-interior.com\/da\/vare\/pavilion-plaid-block-bla-flerfarvet\/#primaryimage","url":"https:\/\/hubsch-interior.com\/wp-content\/uploads\/2026\/02\/pavilion-plaid-block-bluemulticolour-62f91582c278786f40c4507a87abbfc2.jpg","contentUrl":"https:\/\/hubsch-interior.com\/wp-content\/uploads\/2026\/02\/pavilion-plaid-block-bluemulticolour-62f91582c278786f40c4507a87abbfc2.jpg","width":1024,"height":1024},{"@type":"BreadcrumbList","@id":"https:\/\/hubsch-interior.com\/da\/vare\/pavilion-plaid-block-bla-flerfarvet\/#breadcrumb","itemListElement":[{"@type":"ListItem","position":1,"name":"Forside","item":"https:\/\/hubsch-interior.com\/da\/"},{"@type":"ListItem","position":2,"name":"Produkter","item":"https:\/\/hubsch-interior.com\/da\/produkter\/"},{"@type":"ListItem","position":3,"name":"Tekstiler","item":"https:\/\/hubsch-interior.com\/da\/vare-kategori\/tekstiler\/"},{"@type":"ListItem","position":4,"name":"Plaider","item":"https:\/\/hubsch-interior.com\/da\/vare-kategori\/tekstiler\/plaider-da\/"},{"@type":"ListItem","position":5,"name":"Pavilion Plaid Block Bl\u00e5\/\u00a0Flerfarvet"}]},{"@type":"WebSite","@id":"https:\/\/hubsch-interior.com\/da\/#website","url":"https:\/\/hubsch-interior.com\/da\/","name":"H\u00fcbsch","description":"Danish Home Interior and Design","publisher":{"@id":"https:\/\/hubsch-interior.com\/da\/#organization"},"potentialAction":[{"@type":"SearchAction","target":{"@type":"EntryPoint","urlTemplate":"https:\/\/hubsch-interior.com\/da\/?s={search_term_string}"},"query-input":{"@type":"PropertyValueSpecification","valueRequired":true,"valueName":"search_term_string"}}],"inLanguage":"da-DK"},{"@type":"Organization","@id":"https:\/\/hubsch-interior.com\/da\/#organization","name":"H\u00fcbsch","url":"https:\/\/hubsch-interior.com\/da\/","logo":{"@type":"ImageObject","inLanguage":"da-DK","@id":"https:\/\/hubsch-interior.com\/da\/#\/schema\/logo\/image\/","url":"https:\/\/hubsch-interior.com\/wp-content\/uploads\/2022\/12\/Hubsch_logo_black_one_line.svg","contentUrl":"https:\/\/hubsch-interior.com\/wp-content\/uploads\/2022\/12\/Hubsch_logo_black_one_line.svg","caption":"H\u00fcbsch"},"image":{"@id":"https:\/\/hubsch-interior.com\/da\/#\/schema\/logo\/image\/"}}]}},"_links":{"self":[{"href":"https:\/\/hubsch-interior.com\/da\/wp-json\/wp\/v2\/product\/1058016","targetHints":{"allow":["GET"]}}],"collection":[{"href":"https:\/\/hubsch-interior.com\/da\/wp-json\/wp\/v2\/product"}],"about":[{"href":"https:\/\/hubsch-interior.com\/da\/wp-json\/wp\/v2\/types\/product"}],"wp:featuredmedia":[{"embeddable":true,"href":"https:\/\/hubsch-interior.com\/da\/wp-json\/wp\/v2\/media\/1100507"}],"wp:attachment":[{"href":"https:\/\/hubsch-interior.com\/da\/wp-json\/wp\/v2\/media?parent=1058016"}],"wp:term":[{"taxonomy":"product_brand","embeddable":true,"href":"https:\/\/hubsch-interior.com\/da\/wp-json\/wp\/v2\/product_brand?post=1058016"},{"taxonomy":"product_cat","embeddable":true,"href":"https:\/\/hubsch-interior.com\/da\/wp-json\/wp\/v2\/product_cat?post=1058016"},{"taxonomy":"product_tag","embeddable":true,"href":"https:\/\/hubsch-interior.com\/da\/wp-json\/wp\/v2\/product_tag?post=1058016"}],"curies":[{"name":"wp","href":"https:\/\/api.w.org\/{rel}","templated":true}]}}