{"id":1060507,"date":"2025-06-04T15:17:05","date_gmt":"2025-06-04T13:17:05","guid":{"rendered":"https:\/\/hubsch-interior.com\/product\/product\/"},"modified":"2026-04-09T05:22:43","modified_gmt":"2026-04-09T03:22:43","slug":"hubsch-x-peleton-moon-by-mie-him","status":"publish","type":"product","link":"https:\/\/hubsch-interior.com\/da\/vare\/hubsch-x-peleton-moon-by-mie-him\/","title":{"rendered":"H\u00fcbsch x Pel\u00e9ton &#8211; Moon by Mie &amp; Him"},"content":{"rendered":"<p>Created exclusively for the Pel\u00e9ton x H\u00fcbsch collaboration, <i>Moon<\/i> is an abstract work by Danish-Bangladeshi artist duo Mie &amp; Him. <\/p>\n<p>Known for their colourful, minimalist style, the couple draws on their contrasting cultural backgrounds to create art that balances harmony and contrast \u2014 emotion and clarity. Moving fluidly between the abstract and the figurative, their work is a reflection of duality: masculine and feminine energies in quiet dialogue. <\/p>\n<p>Framed in H\u00fcbsch\u2019s handcrafted oak frame, this limited-edition piece brings a sense of balance, presence, and depth to your interior.<\/p>\n","protected":false},"excerpt":{"rendered":"<p>Created exclusively for the Pel\u00e9ton x H\u00fcbsch collaboration, Moon is an abstract work by Danish-Bangladeshi artist duo Mie &amp; Him. Known for their colourful, minimalist style, the couple draws on their contrasting cultural backgrounds to create art that balances harmony and contrast \u2014 emotion and clarity. Moving fluidly between the abstract and the figurative, their [&hellip;]<\/p>\n","protected":false},"featured_media":1114115,"template":"","meta":{"_acf_changed":false,"inline_featured_image":false},"product_brand":[],"product_cat":[7086,6768,6321,3114,4935],"product_tag":[7089],"class_list":{"0":"post-1060507","1":"product","2":"type-product","3":"status-publish","4":"has-post-thumbnail","6":"product_cat-hubsch-x-peleton-da","7":"product_cat-valentine-da","8":"product_cat-fsc-da","9":"product_cat-vaegdekoration-da","10":"product_cat-rammer-da","11":"product_tag-eksklusiv","12":"product_shipping_class-p05","14":"pa_material-mdf-da","15":"pa_material-plexiglas","16":"pa_material-egetrsfiner","18":"first","19":"instock","20":"taxable","21":"shipping-taxable","22":"purchasable","23":"product-type-simple"},"exclude_global_add_ons":[],"addons":[],"acf":[],"yoast_head":"<!-- This site is optimized with the Yoast SEO plugin v26.4 - https:\/\/yoast.com\/wordpress\/plugins\/seo\/ -->\n<title>H\u00fcbsch x Pel\u00e9ton - Moon by Mie &amp; Him - H\u00fcbsch<\/title>\n<meta name=\"description\" content=\"Created exclusively for the Pel\u00e9ton x H\u00fcbsch collaboration, Moon is an abstract work by Danish-Bangladeshi artist duo Mie &amp; Him. Known for their\" \/>\n<meta name=\"robots\" content=\"index, follow, max-snippet:-1, max-image-preview:large, max-video-preview:-1\" \/>\n<link rel=\"canonical\" href=\"https:\/\/hubsch-interior.com\/da\/wp-json\/wp\/v2\/product\/1060507\" \/>\n<meta property=\"og:locale\" content=\"da_DK\" \/>\n<meta property=\"og:type\" content=\"article\" \/>\n<meta property=\"og:title\" content=\"H\u00fcbsch x Pel\u00e9ton - Moon by Mie &amp; Him - H\u00fcbsch\" \/>\n<meta property=\"og:description\" content=\"Created exclusively for the Pel\u00e9ton x H\u00fcbsch collaboration, Moon is an abstract work by Danish-Bangladeshi artist duo Mie &amp; Him. Known for their\" \/>\n<meta property=\"og:url\" content=\"https:\/\/hubsch-interior.com\/da\/vare\/hubsch-x-peleton-moon-by-mie-him\/\" \/>\n<meta property=\"og:site_name\" content=\"H\u00fcbsch\" \/>\n<meta property=\"article:modified_time\" content=\"2026-04-09T03:22:43+00:00\" \/>\n<meta property=\"og:image\" content=\"https:\/\/hubsch-interior.com\/wp-content\/uploads\/2026\/02\/hubsch-x-peleton-moon-by-mie-him-513a6a682abf0e2019726bbac12eec82.jpg\" \/>\n\t<meta property=\"og:image:width\" content=\"1024\" \/>\n\t<meta property=\"og:image:height\" content=\"1024\" \/>\n\t<meta property=\"og:image:type\" content=\"image\/jpeg\" \/>\n<meta name=\"twitter:card\" content=\"summary_large_image\" \/>\n<script type=\"application\/ld+json\" class=\"yoast-schema-graph\">{\"@context\":\"https:\/\/schema.org\",\"@graph\":[{\"@type\":\"WebPage\",\"@id\":\"https:\/\/hubsch-interior.com\/da\/vare\/hubsch-x-peleton-moon-by-mie-him\/\",\"url\":\"https:\/\/hubsch-interior.com\/da\/vare\/hubsch-x-peleton-moon-by-mie-him\/\",\"name\":\"H\u00fcbsch x Pel\u00e9ton - Moon by Mie &amp; Him - H\u00fcbsch\",\"isPartOf\":{\"@id\":\"https:\/\/hubsch-interior.com\/da\/#website\"},\"primaryImageOfPage\":{\"@id\":\"https:\/\/hubsch-interior.com\/da\/vare\/hubsch-x-peleton-moon-by-mie-him\/#primaryimage\"},\"image\":{\"@id\":\"https:\/\/hubsch-interior.com\/da\/vare\/hubsch-x-peleton-moon-by-mie-him\/#primaryimage\"},\"thumbnailUrl\":\"https:\/\/hubsch-interior.com\/wp-content\/uploads\/2026\/02\/hubsch-x-peleton-moon-by-mie-him-513a6a682abf0e2019726bbac12eec82.jpg\",\"datePublished\":\"2025-06-04T13:17:05+00:00\",\"dateModified\":\"2026-04-09T03:22:43+00:00\",\"description\":\"Created exclusively for the Pel\u00e9ton x H\u00fcbsch collaboration, Moon is an abstract work by Danish-Bangladeshi artist duo Mie &amp; Him. Known for their\",\"breadcrumb\":{\"@id\":\"https:\/\/hubsch-interior.com\/da\/vare\/hubsch-x-peleton-moon-by-mie-him\/#breadcrumb\"},\"inLanguage\":\"da-DK\",\"potentialAction\":[{\"@type\":\"ReadAction\",\"target\":[\"https:\/\/hubsch-interior.com\/da\/vare\/hubsch-x-peleton-moon-by-mie-him\/\"]}]},{\"@type\":\"ImageObject\",\"inLanguage\":\"da-DK\",\"@id\":\"https:\/\/hubsch-interior.com\/da\/vare\/hubsch-x-peleton-moon-by-mie-him\/#primaryimage\",\"url\":\"https:\/\/hubsch-interior.com\/wp-content\/uploads\/2026\/02\/hubsch-x-peleton-moon-by-mie-him-513a6a682abf0e2019726bbac12eec82.jpg\",\"contentUrl\":\"https:\/\/hubsch-interior.com\/wp-content\/uploads\/2026\/02\/hubsch-x-peleton-moon-by-mie-him-513a6a682abf0e2019726bbac12eec82.jpg\",\"width\":1024,\"height\":1024},{\"@type\":\"BreadcrumbList\",\"@id\":\"https:\/\/hubsch-interior.com\/da\/vare\/hubsch-x-peleton-moon-by-mie-him\/#breadcrumb\",\"itemListElement\":[{\"@type\":\"ListItem\",\"position\":1,\"name\":\"Forside\",\"item\":\"https:\/\/hubsch-interior.com\/da\/\"},{\"@type\":\"ListItem\",\"position\":2,\"name\":\"Produkter\",\"item\":\"https:\/\/hubsch-interior.com\/da\/produkter\/\"},{\"@type\":\"ListItem\",\"position\":3,\"name\":\"Boligtilbeh\u00f8r\",\"item\":\"https:\/\/hubsch-interior.com\/da\/vare-kategori\/boligtilbehor\/\"},{\"@type\":\"ListItem\",\"position\":4,\"name\":\"V&aelig;gdekoration\",\"item\":\"https:\/\/hubsch-interior.com\/da\/vare-kategori\/boligtilbehor\/vaegdekoration-da\/\"},{\"@type\":\"ListItem\",\"position\":5,\"name\":\"Rammer\",\"item\":\"https:\/\/hubsch-interior.com\/da\/vare-kategori\/boligtilbehor\/vaegdekoration-da\/rammer-da\/\"},{\"@type\":\"ListItem\",\"position\":6,\"name\":\"H\u00fcbsch x Pel\u00e9ton &#8211; Moon by Mie &amp; Him\"}]},{\"@type\":\"WebSite\",\"@id\":\"https:\/\/hubsch-interior.com\/da\/#website\",\"url\":\"https:\/\/hubsch-interior.com\/da\/\",\"name\":\"H\u00fcbsch\",\"description\":\"Danish Home Interior and Design\",\"publisher\":{\"@id\":\"https:\/\/hubsch-interior.com\/da\/#organization\"},\"potentialAction\":[{\"@type\":\"SearchAction\",\"target\":{\"@type\":\"EntryPoint\",\"urlTemplate\":\"https:\/\/hubsch-interior.com\/da\/?s={search_term_string}\"},\"query-input\":{\"@type\":\"PropertyValueSpecification\",\"valueRequired\":true,\"valueName\":\"search_term_string\"}}],\"inLanguage\":\"da-DK\"},{\"@type\":\"Organization\",\"@id\":\"https:\/\/hubsch-interior.com\/da\/#organization\",\"name\":\"H\u00fcbsch\",\"url\":\"https:\/\/hubsch-interior.com\/da\/\",\"logo\":{\"@type\":\"ImageObject\",\"inLanguage\":\"da-DK\",\"@id\":\"https:\/\/hubsch-interior.com\/da\/#\/schema\/logo\/image\/\",\"url\":\"https:\/\/hubsch-interior.com\/wp-content\/uploads\/2022\/12\/Hubsch_logo_black_one_line.svg\",\"contentUrl\":\"https:\/\/hubsch-interior.com\/wp-content\/uploads\/2022\/12\/Hubsch_logo_black_one_line.svg\",\"caption\":\"H\u00fcbsch\"},\"image\":{\"@id\":\"https:\/\/hubsch-interior.com\/da\/#\/schema\/logo\/image\/\"}}]}<\/script>\n<!-- \/ Yoast SEO plugin. -->","yoast_head_json":{"title":"H\u00fcbsch x Pel\u00e9ton - Moon by Mie &amp; Him - H\u00fcbsch","description":"Created exclusively for the Pel\u00e9ton x H\u00fcbsch collaboration, Moon is an abstract work by Danish-Bangladeshi artist duo Mie &amp; Him. Known for their","robots":{"index":"index","follow":"follow","max-snippet":"max-snippet:-1","max-image-preview":"max-image-preview:large","max-video-preview":"max-video-preview:-1"},"canonical":"https:\/\/hubsch-interior.com\/da\/wp-json\/wp\/v2\/product\/1060507","og_locale":"da_DK","og_type":"article","og_title":"H\u00fcbsch x Pel\u00e9ton - Moon by Mie &amp; Him - H\u00fcbsch","og_description":"Created exclusively for the Pel\u00e9ton x H\u00fcbsch collaboration, Moon is an abstract work by Danish-Bangladeshi artist duo Mie &amp; Him. Known for their","og_url":"https:\/\/hubsch-interior.com\/da\/vare\/hubsch-x-peleton-moon-by-mie-him\/","og_site_name":"H\u00fcbsch","article_modified_time":"2026-04-09T03:22:43+00:00","og_image":[{"width":1024,"height":1024,"url":"https:\/\/hubsch-interior.com\/wp-content\/uploads\/2026\/02\/hubsch-x-peleton-moon-by-mie-him-513a6a682abf0e2019726bbac12eec82.jpg","type":"image\/jpeg"}],"twitter_card":"summary_large_image","schema":{"@context":"https:\/\/schema.org","@graph":[{"@type":"WebPage","@id":"https:\/\/hubsch-interior.com\/da\/vare\/hubsch-x-peleton-moon-by-mie-him\/","url":"https:\/\/hubsch-interior.com\/da\/vare\/hubsch-x-peleton-moon-by-mie-him\/","name":"H\u00fcbsch x Pel\u00e9ton - Moon by Mie &amp; Him - H\u00fcbsch","isPartOf":{"@id":"https:\/\/hubsch-interior.com\/da\/#website"},"primaryImageOfPage":{"@id":"https:\/\/hubsch-interior.com\/da\/vare\/hubsch-x-peleton-moon-by-mie-him\/#primaryimage"},"image":{"@id":"https:\/\/hubsch-interior.com\/da\/vare\/hubsch-x-peleton-moon-by-mie-him\/#primaryimage"},"thumbnailUrl":"https:\/\/hubsch-interior.com\/wp-content\/uploads\/2026\/02\/hubsch-x-peleton-moon-by-mie-him-513a6a682abf0e2019726bbac12eec82.jpg","datePublished":"2025-06-04T13:17:05+00:00","dateModified":"2026-04-09T03:22:43+00:00","description":"Created exclusively for the Pel\u00e9ton x H\u00fcbsch collaboration, Moon is an abstract work by Danish-Bangladeshi artist duo Mie &amp; Him. Known for their","breadcrumb":{"@id":"https:\/\/hubsch-interior.com\/da\/vare\/hubsch-x-peleton-moon-by-mie-him\/#breadcrumb"},"inLanguage":"da-DK","potentialAction":[{"@type":"ReadAction","target":["https:\/\/hubsch-interior.com\/da\/vare\/hubsch-x-peleton-moon-by-mie-him\/"]}]},{"@type":"ImageObject","inLanguage":"da-DK","@id":"https:\/\/hubsch-interior.com\/da\/vare\/hubsch-x-peleton-moon-by-mie-him\/#primaryimage","url":"https:\/\/hubsch-interior.com\/wp-content\/uploads\/2026\/02\/hubsch-x-peleton-moon-by-mie-him-513a6a682abf0e2019726bbac12eec82.jpg","contentUrl":"https:\/\/hubsch-interior.com\/wp-content\/uploads\/2026\/02\/hubsch-x-peleton-moon-by-mie-him-513a6a682abf0e2019726bbac12eec82.jpg","width":1024,"height":1024},{"@type":"BreadcrumbList","@id":"https:\/\/hubsch-interior.com\/da\/vare\/hubsch-x-peleton-moon-by-mie-him\/#breadcrumb","itemListElement":[{"@type":"ListItem","position":1,"name":"Forside","item":"https:\/\/hubsch-interior.com\/da\/"},{"@type":"ListItem","position":2,"name":"Produkter","item":"https:\/\/hubsch-interior.com\/da\/produkter\/"},{"@type":"ListItem","position":3,"name":"Boligtilbeh\u00f8r","item":"https:\/\/hubsch-interior.com\/da\/vare-kategori\/boligtilbehor\/"},{"@type":"ListItem","position":4,"name":"V&aelig;gdekoration","item":"https:\/\/hubsch-interior.com\/da\/vare-kategori\/boligtilbehor\/vaegdekoration-da\/"},{"@type":"ListItem","position":5,"name":"Rammer","item":"https:\/\/hubsch-interior.com\/da\/vare-kategori\/boligtilbehor\/vaegdekoration-da\/rammer-da\/"},{"@type":"ListItem","position":6,"name":"H\u00fcbsch x Pel\u00e9ton &#8211; Moon by Mie &amp; Him"}]},{"@type":"WebSite","@id":"https:\/\/hubsch-interior.com\/da\/#website","url":"https:\/\/hubsch-interior.com\/da\/","name":"H\u00fcbsch","description":"Danish Home Interior and Design","publisher":{"@id":"https:\/\/hubsch-interior.com\/da\/#organization"},"potentialAction":[{"@type":"SearchAction","target":{"@type":"EntryPoint","urlTemplate":"https:\/\/hubsch-interior.com\/da\/?s={search_term_string}"},"query-input":{"@type":"PropertyValueSpecification","valueRequired":true,"valueName":"search_term_string"}}],"inLanguage":"da-DK"},{"@type":"Organization","@id":"https:\/\/hubsch-interior.com\/da\/#organization","name":"H\u00fcbsch","url":"https:\/\/hubsch-interior.com\/da\/","logo":{"@type":"ImageObject","inLanguage":"da-DK","@id":"https:\/\/hubsch-interior.com\/da\/#\/schema\/logo\/image\/","url":"https:\/\/hubsch-interior.com\/wp-content\/uploads\/2022\/12\/Hubsch_logo_black_one_line.svg","contentUrl":"https:\/\/hubsch-interior.com\/wp-content\/uploads\/2022\/12\/Hubsch_logo_black_one_line.svg","caption":"H\u00fcbsch"},"image":{"@id":"https:\/\/hubsch-interior.com\/da\/#\/schema\/logo\/image\/"}}]}},"_links":{"self":[{"href":"https:\/\/hubsch-interior.com\/da\/wp-json\/wp\/v2\/product\/1060507","targetHints":{"allow":["GET"]}}],"collection":[{"href":"https:\/\/hubsch-interior.com\/da\/wp-json\/wp\/v2\/product"}],"about":[{"href":"https:\/\/hubsch-interior.com\/da\/wp-json\/wp\/v2\/types\/product"}],"wp:featuredmedia":[{"embeddable":true,"href":"https:\/\/hubsch-interior.com\/da\/wp-json\/wp\/v2\/media\/1114115"}],"wp:attachment":[{"href":"https:\/\/hubsch-interior.com\/da\/wp-json\/wp\/v2\/media?parent=1060507"}],"wp:term":[{"taxonomy":"product_brand","embeddable":true,"href":"https:\/\/hubsch-interior.com\/da\/wp-json\/wp\/v2\/product_brand?post=1060507"},{"taxonomy":"product_cat","embeddable":true,"href":"https:\/\/hubsch-interior.com\/da\/wp-json\/wp\/v2\/product_cat?post=1060507"},{"taxonomy":"product_tag","embeddable":true,"href":"https:\/\/hubsch-interior.com\/da\/wp-json\/wp\/v2\/product_tag?post=1060507"}],"curies":[{"name":"wp","href":"https:\/\/api.w.org\/{rel}","templated":true}]}}