{"id":1070934,"date":"2025-09-25T13:09:49","date_gmt":"2025-09-25T11:09:49","guid":{"rendered":"https:\/\/hubsch-interior.com\/product\/product\/"},"modified":"2026-04-09T04:32:54","modified_gmt":"2026-04-09T02:32:54","slug":"block-lysestager-brun-green-gray-lyserod-saet-af-2","status":"publish","type":"product","link":"https:\/\/hubsch-interior.com\/da\/vare\/block-lysestager-brun-green-gray-lyserod-saet-af-2\/","title":{"rendered":"Block Lysestager Brun\/Green &amp; Gray\/Lyser\u00f8d (s\u00e6t af 2)"},"content":{"rendered":"<p>Tilf\u00f8j et strejf af elegance og et farvesplash til din indretning med vores uds\u00f8gte Block Lysestager. Fremstillet af det fineste krystal, f\u00e5s disse stykker i n\u00f8je udvalgte farvekombinationer af brun og gr\u00f8n eller gr\u00e5 og pink, hvilket sikrer, at de komplementerer ethvert rum med et subtilt, men markant udtryk. Perfekte til at skabe en varm, indbydende atmosf\u00e6re under middage eller blot for at forbedre stemningen i dit personlige rum. Lad hver krog af dit hjem str\u00e5le med sofistikation og stil.<\/p>\n","protected":false},"excerpt":{"rendered":"<p>Tilf\u00f8j et strejf af elegance og et farvesplash til din indretning med vores uds\u00f8gte Block Lysestager. Fremstillet af det fineste krystal, f\u00e5s disse stykker i n\u00f8je udvalgte farvekombinationer af brun og gr\u00f8n eller gr\u00e5 og pink, hvilket sikrer, at de komplementerer ethvert rum med et subtilt, men markant udtryk. Perfekte til at skabe en varm, [&hellip;]<\/p>\n","protected":false},"featured_media":1097581,"template":"","meta":{"_acf_changed":false,"inline_featured_image":false},"product_brand":[],"product_cat":[6938,6970,6996,4063,4064,5025,6517],"product_tag":[],"class_list":{"0":"post-1070934","1":"product","2":"type-product","3":"status-publish","4":"has-post-thumbnail","6":"product_cat-additions-da","7":"product_cat-paaskeudsalg","8":"product_cat-the-buzz-da","9":"product_cat-lysestager-lanterner-da","10":"product_cat-lysestager-da","11":"product_cat-bestsellers-da","12":"product_cat-outlet-da","13":"product_shipping_class-pk","15":"pa_color-brun","16":"pa_color-lyserd","17":"pa_material-krystal-da","19":"first","20":"instock","21":"sale","22":"featured","23":"taxable","24":"shipping-taxable","25":"purchasable","26":"product-type-simple"},"exclude_global_add_ons":[],"addons":[],"acf":[],"yoast_head":"<!-- This site is optimized with the Yoast SEO plugin v26.4 - https:\/\/yoast.com\/wordpress\/plugins\/seo\/ -->\n<title>Block Lysestager Brun\/Green &amp; Gray\/Lyser\u00f8d (s\u00e6t af 2) - H\u00fcbsch<\/title>\n<meta name=\"description\" content=\"Tilf\u00f8j et strejf af elegance og et farvesplash til din indretning med vores uds\u00f8gte Block Lysestager. Fremstillet af det fineste krystal, f\u00e5s disse\" \/>\n<meta name=\"robots\" content=\"index, follow, max-snippet:-1, max-image-preview:large, max-video-preview:-1\" \/>\n<link rel=\"canonical\" href=\"https:\/\/hubsch-interior.com\/da\/wp-json\/wp\/v2\/product\/1070934\" \/>\n<meta property=\"og:locale\" content=\"da_DK\" \/>\n<meta property=\"og:type\" content=\"article\" \/>\n<meta property=\"og:title\" content=\"Block Lysestager Brun\/Green &amp; Gray\/Lyser\u00f8d (s\u00e6t af 2) - H\u00fcbsch\" \/>\n<meta property=\"og:description\" content=\"Tilf\u00f8j et strejf af elegance og et farvesplash til din indretning med vores uds\u00f8gte Block Lysestager. Fremstillet af det fineste krystal, f\u00e5s disse\" \/>\n<meta property=\"og:url\" content=\"https:\/\/hubsch-interior.com\/da\/vare\/block-lysestager-brun-green-gray-lyserod-saet-af-2\/\" \/>\n<meta property=\"og:site_name\" content=\"H\u00fcbsch\" \/>\n<meta property=\"article:modified_time\" content=\"2026-04-09T02:32:54+00:00\" \/>\n<meta property=\"og:image\" content=\"https:\/\/hubsch-interior.com\/wp-content\/uploads\/2026\/02\/block-candleholders-browngreen-graypink-set-of-2-357ef2b91b5cd6bbd0fbb76ea61e8bc4.jpg\" \/>\n\t<meta property=\"og:image:width\" content=\"1024\" \/>\n\t<meta property=\"og:image:height\" content=\"1024\" \/>\n\t<meta property=\"og:image:type\" content=\"image\/jpeg\" \/>\n<meta name=\"twitter:card\" content=\"summary_large_image\" \/>\n<script type=\"application\/ld+json\" class=\"yoast-schema-graph\">{\"@context\":\"https:\/\/schema.org\",\"@graph\":[{\"@type\":\"WebPage\",\"@id\":\"https:\/\/hubsch-interior.com\/da\/vare\/block-lysestager-brun-green-gray-lyserod-saet-af-2\/\",\"url\":\"https:\/\/hubsch-interior.com\/da\/vare\/block-lysestager-brun-green-gray-lyserod-saet-af-2\/\",\"name\":\"Block Lysestager Brun\/Green &amp; Gray\/Lyser\u00f8d (s\u00e6t af 2) - H\u00fcbsch\",\"isPartOf\":{\"@id\":\"https:\/\/hubsch-interior.com\/da\/#website\"},\"primaryImageOfPage\":{\"@id\":\"https:\/\/hubsch-interior.com\/da\/vare\/block-lysestager-brun-green-gray-lyserod-saet-af-2\/#primaryimage\"},\"image\":{\"@id\":\"https:\/\/hubsch-interior.com\/da\/vare\/block-lysestager-brun-green-gray-lyserod-saet-af-2\/#primaryimage\"},\"thumbnailUrl\":\"https:\/\/hubsch-interior.com\/wp-content\/uploads\/2026\/02\/block-candleholders-browngreen-graypink-set-of-2-357ef2b91b5cd6bbd0fbb76ea61e8bc4.jpg\",\"datePublished\":\"2025-09-25T11:09:49+00:00\",\"dateModified\":\"2026-04-09T02:32:54+00:00\",\"description\":\"Tilf\u00f8j et strejf af elegance og et farvesplash til din indretning med vores uds\u00f8gte Block Lysestager. Fremstillet af det fineste krystal, f\u00e5s disse\",\"breadcrumb\":{\"@id\":\"https:\/\/hubsch-interior.com\/da\/vare\/block-lysestager-brun-green-gray-lyserod-saet-af-2\/#breadcrumb\"},\"inLanguage\":\"da-DK\",\"potentialAction\":[{\"@type\":\"ReadAction\",\"target\":[\"https:\/\/hubsch-interior.com\/da\/vare\/block-lysestager-brun-green-gray-lyserod-saet-af-2\/\"]}]},{\"@type\":\"ImageObject\",\"inLanguage\":\"da-DK\",\"@id\":\"https:\/\/hubsch-interior.com\/da\/vare\/block-lysestager-brun-green-gray-lyserod-saet-af-2\/#primaryimage\",\"url\":\"https:\/\/hubsch-interior.com\/wp-content\/uploads\/2026\/02\/block-candleholders-browngreen-graypink-set-of-2-357ef2b91b5cd6bbd0fbb76ea61e8bc4.jpg\",\"contentUrl\":\"https:\/\/hubsch-interior.com\/wp-content\/uploads\/2026\/02\/block-candleholders-browngreen-graypink-set-of-2-357ef2b91b5cd6bbd0fbb76ea61e8bc4.jpg\",\"width\":1024,\"height\":1024},{\"@type\":\"BreadcrumbList\",\"@id\":\"https:\/\/hubsch-interior.com\/da\/vare\/block-lysestager-brun-green-gray-lyserod-saet-af-2\/#breadcrumb\",\"itemListElement\":[{\"@type\":\"ListItem\",\"position\":1,\"name\":\"Forside\",\"item\":\"https:\/\/hubsch-interior.com\/da\/\"},{\"@type\":\"ListItem\",\"position\":2,\"name\":\"Produkter\",\"item\":\"https:\/\/hubsch-interior.com\/da\/produkter\/\"},{\"@type\":\"ListItem\",\"position\":3,\"name\":\"Boligtilbeh\u00f8r\",\"item\":\"https:\/\/hubsch-interior.com\/da\/vare-kategori\/boligtilbehor\/\"},{\"@type\":\"ListItem\",\"position\":4,\"name\":\"Lysestager &amp; Lanterner\",\"item\":\"https:\/\/hubsch-interior.com\/da\/vare-kategori\/boligtilbehor\/lysestager-lanterner-da\/\"},{\"@type\":\"ListItem\",\"position\":5,\"name\":\"Lysestager\",\"item\":\"https:\/\/hubsch-interior.com\/da\/vare-kategori\/boligtilbehor\/lysestager-lanterner-da\/lysestager-da\/\"},{\"@type\":\"ListItem\",\"position\":6,\"name\":\"Block Lysestager Brun\/Green &amp; Gray\/Lyser\u00f8d (s\u00e6t af 2)\"}]},{\"@type\":\"WebSite\",\"@id\":\"https:\/\/hubsch-interior.com\/da\/#website\",\"url\":\"https:\/\/hubsch-interior.com\/da\/\",\"name\":\"H\u00fcbsch\",\"description\":\"Danish Home Interior and Design\",\"publisher\":{\"@id\":\"https:\/\/hubsch-interior.com\/da\/#organization\"},\"potentialAction\":[{\"@type\":\"SearchAction\",\"target\":{\"@type\":\"EntryPoint\",\"urlTemplate\":\"https:\/\/hubsch-interior.com\/da\/?s={search_term_string}\"},\"query-input\":{\"@type\":\"PropertyValueSpecification\",\"valueRequired\":true,\"valueName\":\"search_term_string\"}}],\"inLanguage\":\"da-DK\"},{\"@type\":\"Organization\",\"@id\":\"https:\/\/hubsch-interior.com\/da\/#organization\",\"name\":\"H\u00fcbsch\",\"url\":\"https:\/\/hubsch-interior.com\/da\/\",\"logo\":{\"@type\":\"ImageObject\",\"inLanguage\":\"da-DK\",\"@id\":\"https:\/\/hubsch-interior.com\/da\/#\/schema\/logo\/image\/\",\"url\":\"https:\/\/hubsch-interior.com\/wp-content\/uploads\/2022\/12\/Hubsch_logo_black_one_line.svg\",\"contentUrl\":\"https:\/\/hubsch-interior.com\/wp-content\/uploads\/2022\/12\/Hubsch_logo_black_one_line.svg\",\"caption\":\"H\u00fcbsch\"},\"image\":{\"@id\":\"https:\/\/hubsch-interior.com\/da\/#\/schema\/logo\/image\/\"}}]}<\/script>\n<!-- \/ Yoast SEO plugin. -->","yoast_head_json":{"title":"Block Lysestager Brun\/Green &amp; Gray\/Lyser\u00f8d (s\u00e6t af 2) - H\u00fcbsch","description":"Tilf\u00f8j et strejf af elegance og et farvesplash til din indretning med vores uds\u00f8gte Block Lysestager. Fremstillet af det fineste krystal, f\u00e5s disse","robots":{"index":"index","follow":"follow","max-snippet":"max-snippet:-1","max-image-preview":"max-image-preview:large","max-video-preview":"max-video-preview:-1"},"canonical":"https:\/\/hubsch-interior.com\/da\/wp-json\/wp\/v2\/product\/1070934","og_locale":"da_DK","og_type":"article","og_title":"Block Lysestager Brun\/Green &amp; Gray\/Lyser\u00f8d (s\u00e6t af 2) - H\u00fcbsch","og_description":"Tilf\u00f8j et strejf af elegance og et farvesplash til din indretning med vores uds\u00f8gte Block Lysestager. Fremstillet af det fineste krystal, f\u00e5s disse","og_url":"https:\/\/hubsch-interior.com\/da\/vare\/block-lysestager-brun-green-gray-lyserod-saet-af-2\/","og_site_name":"H\u00fcbsch","article_modified_time":"2026-04-09T02:32:54+00:00","og_image":[{"width":1024,"height":1024,"url":"https:\/\/hubsch-interior.com\/wp-content\/uploads\/2026\/02\/block-candleholders-browngreen-graypink-set-of-2-357ef2b91b5cd6bbd0fbb76ea61e8bc4.jpg","type":"image\/jpeg"}],"twitter_card":"summary_large_image","schema":{"@context":"https:\/\/schema.org","@graph":[{"@type":"WebPage","@id":"https:\/\/hubsch-interior.com\/da\/vare\/block-lysestager-brun-green-gray-lyserod-saet-af-2\/","url":"https:\/\/hubsch-interior.com\/da\/vare\/block-lysestager-brun-green-gray-lyserod-saet-af-2\/","name":"Block Lysestager Brun\/Green &amp; Gray\/Lyser\u00f8d (s\u00e6t af 2) - H\u00fcbsch","isPartOf":{"@id":"https:\/\/hubsch-interior.com\/da\/#website"},"primaryImageOfPage":{"@id":"https:\/\/hubsch-interior.com\/da\/vare\/block-lysestager-brun-green-gray-lyserod-saet-af-2\/#primaryimage"},"image":{"@id":"https:\/\/hubsch-interior.com\/da\/vare\/block-lysestager-brun-green-gray-lyserod-saet-af-2\/#primaryimage"},"thumbnailUrl":"https:\/\/hubsch-interior.com\/wp-content\/uploads\/2026\/02\/block-candleholders-browngreen-graypink-set-of-2-357ef2b91b5cd6bbd0fbb76ea61e8bc4.jpg","datePublished":"2025-09-25T11:09:49+00:00","dateModified":"2026-04-09T02:32:54+00:00","description":"Tilf\u00f8j et strejf af elegance og et farvesplash til din indretning med vores uds\u00f8gte Block Lysestager. Fremstillet af det fineste krystal, f\u00e5s disse","breadcrumb":{"@id":"https:\/\/hubsch-interior.com\/da\/vare\/block-lysestager-brun-green-gray-lyserod-saet-af-2\/#breadcrumb"},"inLanguage":"da-DK","potentialAction":[{"@type":"ReadAction","target":["https:\/\/hubsch-interior.com\/da\/vare\/block-lysestager-brun-green-gray-lyserod-saet-af-2\/"]}]},{"@type":"ImageObject","inLanguage":"da-DK","@id":"https:\/\/hubsch-interior.com\/da\/vare\/block-lysestager-brun-green-gray-lyserod-saet-af-2\/#primaryimage","url":"https:\/\/hubsch-interior.com\/wp-content\/uploads\/2026\/02\/block-candleholders-browngreen-graypink-set-of-2-357ef2b91b5cd6bbd0fbb76ea61e8bc4.jpg","contentUrl":"https:\/\/hubsch-interior.com\/wp-content\/uploads\/2026\/02\/block-candleholders-browngreen-graypink-set-of-2-357ef2b91b5cd6bbd0fbb76ea61e8bc4.jpg","width":1024,"height":1024},{"@type":"BreadcrumbList","@id":"https:\/\/hubsch-interior.com\/da\/vare\/block-lysestager-brun-green-gray-lyserod-saet-af-2\/#breadcrumb","itemListElement":[{"@type":"ListItem","position":1,"name":"Forside","item":"https:\/\/hubsch-interior.com\/da\/"},{"@type":"ListItem","position":2,"name":"Produkter","item":"https:\/\/hubsch-interior.com\/da\/produkter\/"},{"@type":"ListItem","position":3,"name":"Boligtilbeh\u00f8r","item":"https:\/\/hubsch-interior.com\/da\/vare-kategori\/boligtilbehor\/"},{"@type":"ListItem","position":4,"name":"Lysestager &amp; Lanterner","item":"https:\/\/hubsch-interior.com\/da\/vare-kategori\/boligtilbehor\/lysestager-lanterner-da\/"},{"@type":"ListItem","position":5,"name":"Lysestager","item":"https:\/\/hubsch-interior.com\/da\/vare-kategori\/boligtilbehor\/lysestager-lanterner-da\/lysestager-da\/"},{"@type":"ListItem","position":6,"name":"Block Lysestager Brun\/Green &amp; Gray\/Lyser\u00f8d (s\u00e6t af 2)"}]},{"@type":"WebSite","@id":"https:\/\/hubsch-interior.com\/da\/#website","url":"https:\/\/hubsch-interior.com\/da\/","name":"H\u00fcbsch","description":"Danish Home Interior and Design","publisher":{"@id":"https:\/\/hubsch-interior.com\/da\/#organization"},"potentialAction":[{"@type":"SearchAction","target":{"@type":"EntryPoint","urlTemplate":"https:\/\/hubsch-interior.com\/da\/?s={search_term_string}"},"query-input":{"@type":"PropertyValueSpecification","valueRequired":true,"valueName":"search_term_string"}}],"inLanguage":"da-DK"},{"@type":"Organization","@id":"https:\/\/hubsch-interior.com\/da\/#organization","name":"H\u00fcbsch","url":"https:\/\/hubsch-interior.com\/da\/","logo":{"@type":"ImageObject","inLanguage":"da-DK","@id":"https:\/\/hubsch-interior.com\/da\/#\/schema\/logo\/image\/","url":"https:\/\/hubsch-interior.com\/wp-content\/uploads\/2022\/12\/Hubsch_logo_black_one_line.svg","contentUrl":"https:\/\/hubsch-interior.com\/wp-content\/uploads\/2022\/12\/Hubsch_logo_black_one_line.svg","caption":"H\u00fcbsch"},"image":{"@id":"https:\/\/hubsch-interior.com\/da\/#\/schema\/logo\/image\/"}}]}},"_links":{"self":[{"href":"https:\/\/hubsch-interior.com\/da\/wp-json\/wp\/v2\/product\/1070934","targetHints":{"allow":["GET"]}}],"collection":[{"href":"https:\/\/hubsch-interior.com\/da\/wp-json\/wp\/v2\/product"}],"about":[{"href":"https:\/\/hubsch-interior.com\/da\/wp-json\/wp\/v2\/types\/product"}],"wp:featuredmedia":[{"embeddable":true,"href":"https:\/\/hubsch-interior.com\/da\/wp-json\/wp\/v2\/media\/1097581"}],"wp:attachment":[{"href":"https:\/\/hubsch-interior.com\/da\/wp-json\/wp\/v2\/media?parent=1070934"}],"wp:term":[{"taxonomy":"product_brand","embeddable":true,"href":"https:\/\/hubsch-interior.com\/da\/wp-json\/wp\/v2\/product_brand?post=1070934"},{"taxonomy":"product_cat","embeddable":true,"href":"https:\/\/hubsch-interior.com\/da\/wp-json\/wp\/v2\/product_cat?post=1070934"},{"taxonomy":"product_tag","embeddable":true,"href":"https:\/\/hubsch-interior.com\/da\/wp-json\/wp\/v2\/product_tag?post=1070934"}],"curies":[{"name":"wp","href":"https:\/\/api.w.org\/{rel}","templated":true}]}}