{"id":1071014,"date":"2025-09-25T13:10:29","date_gmt":"2025-09-25T11:10:29","guid":{"rendered":"https:\/\/hubsch-interior.com\/product\/product\/"},"modified":"2026-04-09T04:33:08","modified_gmt":"2026-04-09T02:33:08","slug":"cut-lysestager-gron-saet-af-2","status":"publish","type":"product","link":"https:\/\/hubsch-interior.com\/da\/vare\/cut-lysestager-gron-saet-af-2\/","title":{"rendered":"Cut Lysestager Gr\u00f8n (s\u00e6t af 2)"},"content":{"rendered":"<p>Tilf\u00f8r et strejf af elegance til dit hjem med Cut Lysestager i str\u00e5lende gr\u00f8nt krystal. Dets facetterede design reflekterer stearinlysets sk\u00e6r smukt og skaber en f\u00e6ngslende fremvisning af lys og farver. Tilg\u00e6ngelig i to st\u00f8rrelser, er det det perfekte accent til et spisebord, en kaminhylde eller et hyggeligt hj\u00f8rne. Uanset om det er til intime middage eller rolige aftener, tilf\u00f8jer dette krystalstykke sofistikation og et strejf af fortryllelse til enhver indstilling.<\/p>\n","protected":false},"excerpt":{"rendered":"<p>Tilf\u00f8r et strejf af elegance til dit hjem med Cut Lysestager i str\u00e5lende gr\u00f8nt krystal. Dets facetterede design reflekterer stearinlysets sk\u00e6r smukt og skaber en f\u00e6ngslende fremvisning af lys og farver. Tilg\u00e6ngelig i to st\u00f8rrelser, er det det perfekte accent til et spisebord, en kaminhylde eller et hyggeligt hj\u00f8rne. Uanset om det er til intime [&hellip;]<\/p>\n","protected":false},"featured_media":1097641,"template":"","meta":{"_acf_changed":false,"inline_featured_image":false},"product_brand":[],"product_cat":[6938,6970,6996,4063,4064,6517],"product_tag":[],"class_list":{"0":"post-1071014","1":"product","2":"type-product","3":"status-publish","4":"has-post-thumbnail","6":"product_cat-additions-da","7":"product_cat-paaskeudsalg","8":"product_cat-the-buzz-da","9":"product_cat-lysestager-lanterner-da","10":"product_cat-lysestager-da","11":"product_cat-outlet-da","12":"product_shipping_class-pk","14":"pa_color-grn","15":"pa_material-krystal-da","17":"first","18":"instock","19":"sale","20":"taxable","21":"shipping-taxable","22":"purchasable","23":"product-type-simple"},"exclude_global_add_ons":[],"addons":[],"acf":[],"yoast_head":"<!-- This site is optimized with the Yoast SEO plugin v26.4 - https:\/\/yoast.com\/wordpress\/plugins\/seo\/ -->\n<title>Cut Lysestager Gr\u00f8n (s\u00e6t af 2) - H\u00fcbsch<\/title>\n<meta name=\"description\" content=\"Tilf\u00f8r et strejf af elegance til dit hjem med Cut Lysestager i str\u00e5lende gr\u00f8nt krystal. Dets facetterede design reflekterer stearinlysets sk\u00e6r smukt og\" \/>\n<meta name=\"robots\" content=\"index, follow, max-snippet:-1, max-image-preview:large, max-video-preview:-1\" \/>\n<link rel=\"canonical\" href=\"https:\/\/hubsch-interior.com\/da\/wp-json\/wp\/v2\/product\/1071014\" \/>\n<meta property=\"og:locale\" content=\"da_DK\" \/>\n<meta property=\"og:type\" content=\"article\" \/>\n<meta property=\"og:title\" content=\"Cut Lysestager Gr\u00f8n (s\u00e6t af 2) - H\u00fcbsch\" \/>\n<meta property=\"og:description\" content=\"Tilf\u00f8r et strejf af elegance til dit hjem med Cut Lysestager i str\u00e5lende gr\u00f8nt krystal. Dets facetterede design reflekterer stearinlysets sk\u00e6r smukt og\" \/>\n<meta property=\"og:url\" content=\"https:\/\/hubsch-interior.com\/da\/vare\/cut-lysestager-gron-saet-af-2\/\" \/>\n<meta property=\"og:site_name\" content=\"H\u00fcbsch\" \/>\n<meta property=\"article:modified_time\" content=\"2026-04-09T02:33:08+00:00\" \/>\n<meta property=\"og:image\" content=\"https:\/\/hubsch-interior.com\/wp-content\/uploads\/2025\/09\/cut-candleholders-green-set-of-2-c8dc4ad15bde27b637338f8fe7339b22.jpg\" \/>\n\t<meta property=\"og:image:width\" content=\"1200\" \/>\n\t<meta property=\"og:image:height\" content=\"1200\" \/>\n\t<meta property=\"og:image:type\" content=\"image\/jpeg\" \/>\n<meta name=\"twitter:card\" content=\"summary_large_image\" \/>\n<script type=\"application\/ld+json\" class=\"yoast-schema-graph\">{\"@context\":\"https:\/\/schema.org\",\"@graph\":[{\"@type\":\"WebPage\",\"@id\":\"https:\/\/hubsch-interior.com\/da\/vare\/cut-lysestager-gron-saet-af-2\/\",\"url\":\"https:\/\/hubsch-interior.com\/da\/vare\/cut-lysestager-gron-saet-af-2\/\",\"name\":\"Cut Lysestager Gr\u00f8n (s\u00e6t af 2) - H\u00fcbsch\",\"isPartOf\":{\"@id\":\"https:\/\/hubsch-interior.com\/da\/#website\"},\"primaryImageOfPage\":{\"@id\":\"https:\/\/hubsch-interior.com\/da\/vare\/cut-lysestager-gron-saet-af-2\/#primaryimage\"},\"image\":{\"@id\":\"https:\/\/hubsch-interior.com\/da\/vare\/cut-lysestager-gron-saet-af-2\/#primaryimage\"},\"thumbnailUrl\":\"https:\/\/hubsch-interior.com\/wp-content\/uploads\/2026\/02\/cut-candleholders-green-set-of-2-7668d44ca8c719d8cf36b7f0fde53189.jpg\",\"datePublished\":\"2025-09-25T11:10:29+00:00\",\"dateModified\":\"2026-04-09T02:33:08+00:00\",\"description\":\"Tilf\u00f8r et strejf af elegance til dit hjem med Cut Lysestager i str\u00e5lende gr\u00f8nt krystal. Dets facetterede design reflekterer stearinlysets sk\u00e6r smukt og\",\"breadcrumb\":{\"@id\":\"https:\/\/hubsch-interior.com\/da\/vare\/cut-lysestager-gron-saet-af-2\/#breadcrumb\"},\"inLanguage\":\"da-DK\",\"potentialAction\":[{\"@type\":\"ReadAction\",\"target\":[\"https:\/\/hubsch-interior.com\/da\/vare\/cut-lysestager-gron-saet-af-2\/\"]}]},{\"@type\":\"ImageObject\",\"inLanguage\":\"da-DK\",\"@id\":\"https:\/\/hubsch-interior.com\/da\/vare\/cut-lysestager-gron-saet-af-2\/#primaryimage\",\"url\":\"https:\/\/hubsch-interior.com\/wp-content\/uploads\/2026\/02\/cut-candleholders-green-set-of-2-7668d44ca8c719d8cf36b7f0fde53189.jpg\",\"contentUrl\":\"https:\/\/hubsch-interior.com\/wp-content\/uploads\/2026\/02\/cut-candleholders-green-set-of-2-7668d44ca8c719d8cf36b7f0fde53189.jpg\",\"width\":1024,\"height\":1024},{\"@type\":\"BreadcrumbList\",\"@id\":\"https:\/\/hubsch-interior.com\/da\/vare\/cut-lysestager-gron-saet-af-2\/#breadcrumb\",\"itemListElement\":[{\"@type\":\"ListItem\",\"position\":1,\"name\":\"Forside\",\"item\":\"https:\/\/hubsch-interior.com\/da\/\"},{\"@type\":\"ListItem\",\"position\":2,\"name\":\"Produkter\",\"item\":\"https:\/\/hubsch-interior.com\/da\/produkter\/\"},{\"@type\":\"ListItem\",\"position\":3,\"name\":\"Boligtilbeh\u00f8r\",\"item\":\"https:\/\/hubsch-interior.com\/da\/vare-kategori\/boligtilbehor\/\"},{\"@type\":\"ListItem\",\"position\":4,\"name\":\"Lysestager &amp; Lanterner\",\"item\":\"https:\/\/hubsch-interior.com\/da\/vare-kategori\/boligtilbehor\/lysestager-lanterner-da\/\"},{\"@type\":\"ListItem\",\"position\":5,\"name\":\"Lysestager\",\"item\":\"https:\/\/hubsch-interior.com\/da\/vare-kategori\/boligtilbehor\/lysestager-lanterner-da\/lysestager-da\/\"},{\"@type\":\"ListItem\",\"position\":6,\"name\":\"Cut Lysestager Gr\u00f8n (s\u00e6t af 2)\"}]},{\"@type\":\"WebSite\",\"@id\":\"https:\/\/hubsch-interior.com\/da\/#website\",\"url\":\"https:\/\/hubsch-interior.com\/da\/\",\"name\":\"H\u00fcbsch\",\"description\":\"Danish Home Interior and Design\",\"publisher\":{\"@id\":\"https:\/\/hubsch-interior.com\/da\/#organization\"},\"potentialAction\":[{\"@type\":\"SearchAction\",\"target\":{\"@type\":\"EntryPoint\",\"urlTemplate\":\"https:\/\/hubsch-interior.com\/da\/?s={search_term_string}\"},\"query-input\":{\"@type\":\"PropertyValueSpecification\",\"valueRequired\":true,\"valueName\":\"search_term_string\"}}],\"inLanguage\":\"da-DK\"},{\"@type\":\"Organization\",\"@id\":\"https:\/\/hubsch-interior.com\/da\/#organization\",\"name\":\"H\u00fcbsch\",\"url\":\"https:\/\/hubsch-interior.com\/da\/\",\"logo\":{\"@type\":\"ImageObject\",\"inLanguage\":\"da-DK\",\"@id\":\"https:\/\/hubsch-interior.com\/da\/#\/schema\/logo\/image\/\",\"url\":\"https:\/\/hubsch-interior.com\/wp-content\/uploads\/2022\/12\/Hubsch_logo_black_one_line.svg\",\"contentUrl\":\"https:\/\/hubsch-interior.com\/wp-content\/uploads\/2022\/12\/Hubsch_logo_black_one_line.svg\",\"caption\":\"H\u00fcbsch\"},\"image\":{\"@id\":\"https:\/\/hubsch-interior.com\/da\/#\/schema\/logo\/image\/\"}}]}<\/script>\n<!-- \/ Yoast SEO plugin. -->","yoast_head_json":{"title":"Cut Lysestager Gr\u00f8n (s\u00e6t af 2) - H\u00fcbsch","description":"Tilf\u00f8r et strejf af elegance til dit hjem med Cut Lysestager i str\u00e5lende gr\u00f8nt krystal. Dets facetterede design reflekterer stearinlysets sk\u00e6r smukt og","robots":{"index":"index","follow":"follow","max-snippet":"max-snippet:-1","max-image-preview":"max-image-preview:large","max-video-preview":"max-video-preview:-1"},"canonical":"https:\/\/hubsch-interior.com\/da\/wp-json\/wp\/v2\/product\/1071014","og_locale":"da_DK","og_type":"article","og_title":"Cut Lysestager Gr\u00f8n (s\u00e6t af 2) - H\u00fcbsch","og_description":"Tilf\u00f8r et strejf af elegance til dit hjem med Cut Lysestager i str\u00e5lende gr\u00f8nt krystal. Dets facetterede design reflekterer stearinlysets sk\u00e6r smukt og","og_url":"https:\/\/hubsch-interior.com\/da\/vare\/cut-lysestager-gron-saet-af-2\/","og_site_name":"H\u00fcbsch","article_modified_time":"2026-04-09T02:33:08+00:00","og_image":[{"width":1200,"height":1200,"url":"https:\/\/hubsch-interior.com\/wp-content\/uploads\/2025\/09\/cut-candleholders-green-set-of-2-c8dc4ad15bde27b637338f8fe7339b22.jpg","type":"image\/jpeg"}],"twitter_card":"summary_large_image","schema":{"@context":"https:\/\/schema.org","@graph":[{"@type":"WebPage","@id":"https:\/\/hubsch-interior.com\/da\/vare\/cut-lysestager-gron-saet-af-2\/","url":"https:\/\/hubsch-interior.com\/da\/vare\/cut-lysestager-gron-saet-af-2\/","name":"Cut Lysestager Gr\u00f8n (s\u00e6t af 2) - H\u00fcbsch","isPartOf":{"@id":"https:\/\/hubsch-interior.com\/da\/#website"},"primaryImageOfPage":{"@id":"https:\/\/hubsch-interior.com\/da\/vare\/cut-lysestager-gron-saet-af-2\/#primaryimage"},"image":{"@id":"https:\/\/hubsch-interior.com\/da\/vare\/cut-lysestager-gron-saet-af-2\/#primaryimage"},"thumbnailUrl":"https:\/\/hubsch-interior.com\/wp-content\/uploads\/2026\/02\/cut-candleholders-green-set-of-2-7668d44ca8c719d8cf36b7f0fde53189.jpg","datePublished":"2025-09-25T11:10:29+00:00","dateModified":"2026-04-09T02:33:08+00:00","description":"Tilf\u00f8r et strejf af elegance til dit hjem med Cut Lysestager i str\u00e5lende gr\u00f8nt krystal. Dets facetterede design reflekterer stearinlysets sk\u00e6r smukt og","breadcrumb":{"@id":"https:\/\/hubsch-interior.com\/da\/vare\/cut-lysestager-gron-saet-af-2\/#breadcrumb"},"inLanguage":"da-DK","potentialAction":[{"@type":"ReadAction","target":["https:\/\/hubsch-interior.com\/da\/vare\/cut-lysestager-gron-saet-af-2\/"]}]},{"@type":"ImageObject","inLanguage":"da-DK","@id":"https:\/\/hubsch-interior.com\/da\/vare\/cut-lysestager-gron-saet-af-2\/#primaryimage","url":"https:\/\/hubsch-interior.com\/wp-content\/uploads\/2026\/02\/cut-candleholders-green-set-of-2-7668d44ca8c719d8cf36b7f0fde53189.jpg","contentUrl":"https:\/\/hubsch-interior.com\/wp-content\/uploads\/2026\/02\/cut-candleholders-green-set-of-2-7668d44ca8c719d8cf36b7f0fde53189.jpg","width":1024,"height":1024},{"@type":"BreadcrumbList","@id":"https:\/\/hubsch-interior.com\/da\/vare\/cut-lysestager-gron-saet-af-2\/#breadcrumb","itemListElement":[{"@type":"ListItem","position":1,"name":"Forside","item":"https:\/\/hubsch-interior.com\/da\/"},{"@type":"ListItem","position":2,"name":"Produkter","item":"https:\/\/hubsch-interior.com\/da\/produkter\/"},{"@type":"ListItem","position":3,"name":"Boligtilbeh\u00f8r","item":"https:\/\/hubsch-interior.com\/da\/vare-kategori\/boligtilbehor\/"},{"@type":"ListItem","position":4,"name":"Lysestager &amp; Lanterner","item":"https:\/\/hubsch-interior.com\/da\/vare-kategori\/boligtilbehor\/lysestager-lanterner-da\/"},{"@type":"ListItem","position":5,"name":"Lysestager","item":"https:\/\/hubsch-interior.com\/da\/vare-kategori\/boligtilbehor\/lysestager-lanterner-da\/lysestager-da\/"},{"@type":"ListItem","position":6,"name":"Cut Lysestager Gr\u00f8n (s\u00e6t af 2)"}]},{"@type":"WebSite","@id":"https:\/\/hubsch-interior.com\/da\/#website","url":"https:\/\/hubsch-interior.com\/da\/","name":"H\u00fcbsch","description":"Danish Home Interior and Design","publisher":{"@id":"https:\/\/hubsch-interior.com\/da\/#organization"},"potentialAction":[{"@type":"SearchAction","target":{"@type":"EntryPoint","urlTemplate":"https:\/\/hubsch-interior.com\/da\/?s={search_term_string}"},"query-input":{"@type":"PropertyValueSpecification","valueRequired":true,"valueName":"search_term_string"}}],"inLanguage":"da-DK"},{"@type":"Organization","@id":"https:\/\/hubsch-interior.com\/da\/#organization","name":"H\u00fcbsch","url":"https:\/\/hubsch-interior.com\/da\/","logo":{"@type":"ImageObject","inLanguage":"da-DK","@id":"https:\/\/hubsch-interior.com\/da\/#\/schema\/logo\/image\/","url":"https:\/\/hubsch-interior.com\/wp-content\/uploads\/2022\/12\/Hubsch_logo_black_one_line.svg","contentUrl":"https:\/\/hubsch-interior.com\/wp-content\/uploads\/2022\/12\/Hubsch_logo_black_one_line.svg","caption":"H\u00fcbsch"},"image":{"@id":"https:\/\/hubsch-interior.com\/da\/#\/schema\/logo\/image\/"}}]}},"_links":{"self":[{"href":"https:\/\/hubsch-interior.com\/da\/wp-json\/wp\/v2\/product\/1071014","targetHints":{"allow":["GET"]}}],"collection":[{"href":"https:\/\/hubsch-interior.com\/da\/wp-json\/wp\/v2\/product"}],"about":[{"href":"https:\/\/hubsch-interior.com\/da\/wp-json\/wp\/v2\/types\/product"}],"wp:featuredmedia":[{"embeddable":true,"href":"https:\/\/hubsch-interior.com\/da\/wp-json\/wp\/v2\/media\/1097641"}],"wp:attachment":[{"href":"https:\/\/hubsch-interior.com\/da\/wp-json\/wp\/v2\/media?parent=1071014"}],"wp:term":[{"taxonomy":"product_brand","embeddable":true,"href":"https:\/\/hubsch-interior.com\/da\/wp-json\/wp\/v2\/product_brand?post=1071014"},{"taxonomy":"product_cat","embeddable":true,"href":"https:\/\/hubsch-interior.com\/da\/wp-json\/wp\/v2\/product_cat?post=1071014"},{"taxonomy":"product_tag","embeddable":true,"href":"https:\/\/hubsch-interior.com\/da\/wp-json\/wp\/v2\/product_tag?post=1071014"}],"curies":[{"name":"wp","href":"https:\/\/api.w.org\/{rel}","templated":true}]}}