{"id":1071034,"date":"2025-09-25T13:11:04","date_gmt":"2025-09-25T11:11:04","guid":{"rendered":"https:\/\/hubsch-interior.com\/product\/product\/"},"modified":"2026-04-11T04:32:28","modified_gmt":"2026-04-11T02:32:28","slug":"loom-plaid-gul","status":"publish","type":"product","link":"https:\/\/hubsch-interior.com\/da\/vare\/loom-plaid-gul\/","title":{"rendered":"Loom Plaid Gul"},"content":{"rendered":"<p>Omslut dig selv i en str\u00e5le af solskin med vores Loom Plaid, som pr\u00e6senterer et stribet grafisk m\u00f8nster i lyse farver, der fremkalder en sommerlig f\u00f8lelse \u00e5ret rundt. Dette dejlige t\u00e6ppe er omhyggeligt h\u00e5ndlavet fra en st\u00e6rk sammens\u00e6tning af materialer, herunder akryl, nylon og uld, hvilket sikrer b\u00e5de komfort og holdbarhed. Det er ogs\u00e5 certificeret efter OEKO-TEX\u00ae STANDARD 100, hvilket garanterer, at det opfylder de h\u00f8jeste sikkerhedsstandarder. Perfekt til at tilf\u00f8je et varmt, muntert pr\u00e6g p\u00e5 dit foretrukne hyggelige hj\u00f8rne indend\u00f8rs.<\/p>\n","protected":false},"excerpt":{"rendered":"<p>Omslut dig selv i en str\u00e5le af solskin med vores Loom Plaid, som pr\u00e6senterer et stribet grafisk m\u00f8nster i lyse farver, der fremkalder en sommerlig f\u00f8lelse \u00e5ret rundt. Dette dejlige t\u00e6ppe er omhyggeligt h\u00e5ndlavet fra en st\u00e6rk sammens\u00e6tning af materialer, herunder akryl, nylon og uld, hvilket sikrer b\u00e5de komfort og holdbarhed. Det er ogs\u00e5 certificeret [&hellip;]<\/p>\n","protected":false},"featured_media":1098057,"template":"","meta":{"_acf_changed":false,"inline_featured_image":false},"product_brand":[],"product_cat":[6938,5025,6517,6970,4941,3000,6996],"product_tag":[],"class_list":{"0":"post-1071034","1":"product","2":"type-product","3":"status-publish","4":"has-post-thumbnail","6":"product_cat-additions-da","7":"product_cat-bestsellers-da","8":"product_cat-outlet-da","9":"product_cat-paaskeudsalg","10":"product_cat-plaider-da","11":"product_cat-tekstiler","12":"product_cat-the-buzz-da","13":"product_shipping_class-pk","15":"pa_color-gul","17":"first","18":"instock","19":"sale","20":"featured","21":"taxable","22":"shipping-taxable","23":"purchasable","24":"product-type-simple"},"exclude_global_add_ons":[],"addons":[],"acf":[],"yoast_head":"<!-- This site is optimized with the Yoast SEO plugin v26.4 - https:\/\/yoast.com\/wordpress\/plugins\/seo\/ -->\n<title>Loom Plaid Gul - H\u00fcbsch<\/title>\n<meta name=\"description\" content=\"Omslut dig selv i en str\u00e5le af solskin med vores Loom Plaid, som pr\u00e6senterer et stribet grafisk m\u00f8nster i lyse farver, der fremkalder en sommerlig f\u00f8lelse\" \/>\n<meta name=\"robots\" content=\"index, follow, max-snippet:-1, max-image-preview:large, max-video-preview:-1\" \/>\n<link rel=\"canonical\" href=\"https:\/\/hubsch-interior.com\/da\/wp-json\/wp\/v2\/product\/1071034\" \/>\n<meta property=\"og:locale\" content=\"da_DK\" \/>\n<meta property=\"og:type\" content=\"article\" \/>\n<meta property=\"og:title\" content=\"Loom Plaid Gul - H\u00fcbsch\" \/>\n<meta property=\"og:description\" content=\"Omslut dig selv i en str\u00e5le af solskin med vores Loom Plaid, som pr\u00e6senterer et stribet grafisk m\u00f8nster i lyse farver, der fremkalder en sommerlig f\u00f8lelse\" \/>\n<meta property=\"og:url\" content=\"https:\/\/hubsch-interior.com\/da\/vare\/loom-plaid-gul\/\" \/>\n<meta property=\"og:site_name\" content=\"H\u00fcbsch\" \/>\n<meta property=\"article:modified_time\" content=\"2026-04-11T02:32:28+00:00\" \/>\n<meta property=\"og:image\" content=\"https:\/\/hubsch-interior.com\/wp-content\/uploads\/2026\/02\/loom-plaid-yellow-e6a312235336be1fd0cd9b253c4448e1.jpg\" \/>\n\t<meta property=\"og:image:width\" content=\"1024\" \/>\n\t<meta property=\"og:image:height\" content=\"1024\" \/>\n\t<meta property=\"og:image:type\" content=\"image\/jpeg\" \/>\n<meta name=\"twitter:card\" content=\"summary_large_image\" \/>\n<script type=\"application\/ld+json\" class=\"yoast-schema-graph\">{\"@context\":\"https:\/\/schema.org\",\"@graph\":[{\"@type\":\"WebPage\",\"@id\":\"https:\/\/hubsch-interior.com\/da\/vare\/loom-plaid-gul\/\",\"url\":\"https:\/\/hubsch-interior.com\/da\/vare\/loom-plaid-gul\/\",\"name\":\"Loom Plaid Gul - H\u00fcbsch\",\"isPartOf\":{\"@id\":\"https:\/\/hubsch-interior.com\/da\/#website\"},\"primaryImageOfPage\":{\"@id\":\"https:\/\/hubsch-interior.com\/da\/vare\/loom-plaid-gul\/#primaryimage\"},\"image\":{\"@id\":\"https:\/\/hubsch-interior.com\/da\/vare\/loom-plaid-gul\/#primaryimage\"},\"thumbnailUrl\":\"https:\/\/hubsch-interior.com\/wp-content\/uploads\/2026\/02\/loom-plaid-yellow-e6a312235336be1fd0cd9b253c4448e1.jpg\",\"datePublished\":\"2025-09-25T11:11:04+00:00\",\"dateModified\":\"2026-04-11T02:32:28+00:00\",\"description\":\"Omslut dig selv i en str\u00e5le af solskin med vores Loom Plaid, som pr\u00e6senterer et stribet grafisk m\u00f8nster i lyse farver, der fremkalder en sommerlig f\u00f8lelse\",\"breadcrumb\":{\"@id\":\"https:\/\/hubsch-interior.com\/da\/vare\/loom-plaid-gul\/#breadcrumb\"},\"inLanguage\":\"da-DK\",\"potentialAction\":[{\"@type\":\"ReadAction\",\"target\":[\"https:\/\/hubsch-interior.com\/da\/vare\/loom-plaid-gul\/\"]}]},{\"@type\":\"ImageObject\",\"inLanguage\":\"da-DK\",\"@id\":\"https:\/\/hubsch-interior.com\/da\/vare\/loom-plaid-gul\/#primaryimage\",\"url\":\"https:\/\/hubsch-interior.com\/wp-content\/uploads\/2026\/02\/loom-plaid-yellow-e6a312235336be1fd0cd9b253c4448e1.jpg\",\"contentUrl\":\"https:\/\/hubsch-interior.com\/wp-content\/uploads\/2026\/02\/loom-plaid-yellow-e6a312235336be1fd0cd9b253c4448e1.jpg\",\"width\":1024,\"height\":1024},{\"@type\":\"BreadcrumbList\",\"@id\":\"https:\/\/hubsch-interior.com\/da\/vare\/loom-plaid-gul\/#breadcrumb\",\"itemListElement\":[{\"@type\":\"ListItem\",\"position\":1,\"name\":\"Forside\",\"item\":\"https:\/\/hubsch-interior.com\/da\/\"},{\"@type\":\"ListItem\",\"position\":2,\"name\":\"Produkter\",\"item\":\"https:\/\/hubsch-interior.com\/da\/produkter\/\"},{\"@type\":\"ListItem\",\"position\":3,\"name\":\"Tekstiler\",\"item\":\"https:\/\/hubsch-interior.com\/da\/vare-kategori\/tekstiler\/\"},{\"@type\":\"ListItem\",\"position\":4,\"name\":\"Plaider\",\"item\":\"https:\/\/hubsch-interior.com\/da\/vare-kategori\/tekstiler\/plaider-da\/\"},{\"@type\":\"ListItem\",\"position\":5,\"name\":\"Loom Plaid Gul\"}]},{\"@type\":\"WebSite\",\"@id\":\"https:\/\/hubsch-interior.com\/da\/#website\",\"url\":\"https:\/\/hubsch-interior.com\/da\/\",\"name\":\"H\u00fcbsch\",\"description\":\"Danish Home Interior and Design\",\"publisher\":{\"@id\":\"https:\/\/hubsch-interior.com\/da\/#organization\"},\"potentialAction\":[{\"@type\":\"SearchAction\",\"target\":{\"@type\":\"EntryPoint\",\"urlTemplate\":\"https:\/\/hubsch-interior.com\/da\/?s={search_term_string}\"},\"query-input\":{\"@type\":\"PropertyValueSpecification\",\"valueRequired\":true,\"valueName\":\"search_term_string\"}}],\"inLanguage\":\"da-DK\"},{\"@type\":\"Organization\",\"@id\":\"https:\/\/hubsch-interior.com\/da\/#organization\",\"name\":\"H\u00fcbsch\",\"url\":\"https:\/\/hubsch-interior.com\/da\/\",\"logo\":{\"@type\":\"ImageObject\",\"inLanguage\":\"da-DK\",\"@id\":\"https:\/\/hubsch-interior.com\/da\/#\/schema\/logo\/image\/\",\"url\":\"https:\/\/hubsch-interior.com\/wp-content\/uploads\/2022\/12\/Hubsch_logo_black_one_line.svg\",\"contentUrl\":\"https:\/\/hubsch-interior.com\/wp-content\/uploads\/2022\/12\/Hubsch_logo_black_one_line.svg\",\"caption\":\"H\u00fcbsch\"},\"image\":{\"@id\":\"https:\/\/hubsch-interior.com\/da\/#\/schema\/logo\/image\/\"}}]}<\/script>\n<!-- \/ Yoast SEO plugin. -->","yoast_head_json":{"title":"Loom Plaid Gul - H\u00fcbsch","description":"Omslut dig selv i en str\u00e5le af solskin med vores Loom Plaid, som pr\u00e6senterer et stribet grafisk m\u00f8nster i lyse farver, der fremkalder en sommerlig f\u00f8lelse","robots":{"index":"index","follow":"follow","max-snippet":"max-snippet:-1","max-image-preview":"max-image-preview:large","max-video-preview":"max-video-preview:-1"},"canonical":"https:\/\/hubsch-interior.com\/da\/wp-json\/wp\/v2\/product\/1071034","og_locale":"da_DK","og_type":"article","og_title":"Loom Plaid Gul - H\u00fcbsch","og_description":"Omslut dig selv i en str\u00e5le af solskin med vores Loom Plaid, som pr\u00e6senterer et stribet grafisk m\u00f8nster i lyse farver, der fremkalder en sommerlig f\u00f8lelse","og_url":"https:\/\/hubsch-interior.com\/da\/vare\/loom-plaid-gul\/","og_site_name":"H\u00fcbsch","article_modified_time":"2026-04-11T02:32:28+00:00","og_image":[{"width":1024,"height":1024,"url":"https:\/\/hubsch-interior.com\/wp-content\/uploads\/2026\/02\/loom-plaid-yellow-e6a312235336be1fd0cd9b253c4448e1.jpg","type":"image\/jpeg"}],"twitter_card":"summary_large_image","schema":{"@context":"https:\/\/schema.org","@graph":[{"@type":"WebPage","@id":"https:\/\/hubsch-interior.com\/da\/vare\/loom-plaid-gul\/","url":"https:\/\/hubsch-interior.com\/da\/vare\/loom-plaid-gul\/","name":"Loom Plaid Gul - H\u00fcbsch","isPartOf":{"@id":"https:\/\/hubsch-interior.com\/da\/#website"},"primaryImageOfPage":{"@id":"https:\/\/hubsch-interior.com\/da\/vare\/loom-plaid-gul\/#primaryimage"},"image":{"@id":"https:\/\/hubsch-interior.com\/da\/vare\/loom-plaid-gul\/#primaryimage"},"thumbnailUrl":"https:\/\/hubsch-interior.com\/wp-content\/uploads\/2026\/02\/loom-plaid-yellow-e6a312235336be1fd0cd9b253c4448e1.jpg","datePublished":"2025-09-25T11:11:04+00:00","dateModified":"2026-04-11T02:32:28+00:00","description":"Omslut dig selv i en str\u00e5le af solskin med vores Loom Plaid, som pr\u00e6senterer et stribet grafisk m\u00f8nster i lyse farver, der fremkalder en sommerlig f\u00f8lelse","breadcrumb":{"@id":"https:\/\/hubsch-interior.com\/da\/vare\/loom-plaid-gul\/#breadcrumb"},"inLanguage":"da-DK","potentialAction":[{"@type":"ReadAction","target":["https:\/\/hubsch-interior.com\/da\/vare\/loom-plaid-gul\/"]}]},{"@type":"ImageObject","inLanguage":"da-DK","@id":"https:\/\/hubsch-interior.com\/da\/vare\/loom-plaid-gul\/#primaryimage","url":"https:\/\/hubsch-interior.com\/wp-content\/uploads\/2026\/02\/loom-plaid-yellow-e6a312235336be1fd0cd9b253c4448e1.jpg","contentUrl":"https:\/\/hubsch-interior.com\/wp-content\/uploads\/2026\/02\/loom-plaid-yellow-e6a312235336be1fd0cd9b253c4448e1.jpg","width":1024,"height":1024},{"@type":"BreadcrumbList","@id":"https:\/\/hubsch-interior.com\/da\/vare\/loom-plaid-gul\/#breadcrumb","itemListElement":[{"@type":"ListItem","position":1,"name":"Forside","item":"https:\/\/hubsch-interior.com\/da\/"},{"@type":"ListItem","position":2,"name":"Produkter","item":"https:\/\/hubsch-interior.com\/da\/produkter\/"},{"@type":"ListItem","position":3,"name":"Tekstiler","item":"https:\/\/hubsch-interior.com\/da\/vare-kategori\/tekstiler\/"},{"@type":"ListItem","position":4,"name":"Plaider","item":"https:\/\/hubsch-interior.com\/da\/vare-kategori\/tekstiler\/plaider-da\/"},{"@type":"ListItem","position":5,"name":"Loom Plaid Gul"}]},{"@type":"WebSite","@id":"https:\/\/hubsch-interior.com\/da\/#website","url":"https:\/\/hubsch-interior.com\/da\/","name":"H\u00fcbsch","description":"Danish Home Interior and Design","publisher":{"@id":"https:\/\/hubsch-interior.com\/da\/#organization"},"potentialAction":[{"@type":"SearchAction","target":{"@type":"EntryPoint","urlTemplate":"https:\/\/hubsch-interior.com\/da\/?s={search_term_string}"},"query-input":{"@type":"PropertyValueSpecification","valueRequired":true,"valueName":"search_term_string"}}],"inLanguage":"da-DK"},{"@type":"Organization","@id":"https:\/\/hubsch-interior.com\/da\/#organization","name":"H\u00fcbsch","url":"https:\/\/hubsch-interior.com\/da\/","logo":{"@type":"ImageObject","inLanguage":"da-DK","@id":"https:\/\/hubsch-interior.com\/da\/#\/schema\/logo\/image\/","url":"https:\/\/hubsch-interior.com\/wp-content\/uploads\/2022\/12\/Hubsch_logo_black_one_line.svg","contentUrl":"https:\/\/hubsch-interior.com\/wp-content\/uploads\/2022\/12\/Hubsch_logo_black_one_line.svg","caption":"H\u00fcbsch"},"image":{"@id":"https:\/\/hubsch-interior.com\/da\/#\/schema\/logo\/image\/"}}]}},"_links":{"self":[{"href":"https:\/\/hubsch-interior.com\/da\/wp-json\/wp\/v2\/product\/1071034","targetHints":{"allow":["GET"]}}],"collection":[{"href":"https:\/\/hubsch-interior.com\/da\/wp-json\/wp\/v2\/product"}],"about":[{"href":"https:\/\/hubsch-interior.com\/da\/wp-json\/wp\/v2\/types\/product"}],"wp:featuredmedia":[{"embeddable":true,"href":"https:\/\/hubsch-interior.com\/da\/wp-json\/wp\/v2\/media\/1098057"}],"wp:attachment":[{"href":"https:\/\/hubsch-interior.com\/da\/wp-json\/wp\/v2\/media?parent=1071034"}],"wp:term":[{"taxonomy":"product_brand","embeddable":true,"href":"https:\/\/hubsch-interior.com\/da\/wp-json\/wp\/v2\/product_brand?post=1071034"},{"taxonomy":"product_cat","embeddable":true,"href":"https:\/\/hubsch-interior.com\/da\/wp-json\/wp\/v2\/product_cat?post=1071034"},{"taxonomy":"product_tag","embeddable":true,"href":"https:\/\/hubsch-interior.com\/da\/wp-json\/wp\/v2\/product_tag?post=1071034"}],"curies":[{"name":"wp","href":"https:\/\/api.w.org\/{rel}","templated":true}]}}