{"id":1071054,"date":"2025-09-25T13:11:16","date_gmt":"2025-09-25T11:11:16","guid":{"rendered":"https:\/\/hubsch-interior.com\/product\/product\/"},"modified":"2026-04-11T04:32:32","modified_gmt":"2026-04-11T02:32:32","slug":"loom-plaid-bla","status":"publish","type":"product","link":"https:\/\/hubsch-interior.com\/da\/vare\/loom-plaid-bla\/","title":{"rendered":"Loom Plaid Bl\u00e5"},"content":{"rendered":"<p>Omsv\u00f8b dig i den hyggelige favn af vores Loom Plaid, hvor komfort m\u00f8der klassisk design. Indhyllet i rolige bl\u00e5 linjer og striber, skaber den kunstf\u00e6rdigt et smukt ternet m\u00f8nster, der komplementerer ethvert rum. Dette t\u00e6ppe er et vidnesbyrd om holdbarhed og bl\u00f8dhed, med en st\u00e6rk sammens\u00e6tning af akryl, nylon og uld. Certificeret af OEKO-TEX\u00ae STANDARD 100, sikrer det din ro i sindet ved hver blid fold. Ideel til at kr\u00f8lle sig sammen med en god bog eller tilf\u00f8re et strejf af elegance til dit afslapningsomr\u00e5de.<\/p>\n","protected":false},"excerpt":{"rendered":"<p>Omsv\u00f8b dig i den hyggelige favn af vores Loom Plaid, hvor komfort m\u00f8der klassisk design. Indhyllet i rolige bl\u00e5 linjer og striber, skaber den kunstf\u00e6rdigt et smukt ternet m\u00f8nster, der komplementerer ethvert rum. Dette t\u00e6ppe er et vidnesbyrd om holdbarhed og bl\u00f8dhed, med en st\u00e6rk sammens\u00e6tning af akryl, nylon og uld. Certificeret af OEKO-TEX\u00ae STANDARD [&hellip;]<\/p>\n","protected":false},"featured_media":1098069,"template":"","meta":{"_acf_changed":false,"inline_featured_image":false},"product_brand":[],"product_cat":[6938,6517,6970,4941,3000,6996],"product_tag":[],"class_list":{"0":"post-1071054","1":"product","2":"type-product","3":"status-publish","4":"has-post-thumbnail","6":"product_cat-additions-da","7":"product_cat-outlet-da","8":"product_cat-paaskeudsalg","9":"product_cat-plaider-da","10":"product_cat-tekstiler","11":"product_cat-the-buzz-da","12":"product_shipping_class-pk","14":"pa_color-bl","16":"first","17":"instock","18":"sale","19":"taxable","20":"shipping-taxable","21":"purchasable","22":"product-type-simple"},"exclude_global_add_ons":[],"addons":[],"acf":[],"yoast_head":"<!-- This site is optimized with the Yoast SEO plugin v26.4 - https:\/\/yoast.com\/wordpress\/plugins\/seo\/ -->\n<title>Loom Plaid Bl\u00e5 - H\u00fcbsch<\/title>\n<meta name=\"description\" content=\"Omsv\u00f8b dig i den hyggelige favn af vores Loom Plaid, hvor komfort m\u00f8der klassisk design. Indhyllet i rolige bl\u00e5 linjer og striber, skaber den kunstf\u00e6rdigt\" \/>\n<meta name=\"robots\" content=\"index, follow, max-snippet:-1, max-image-preview:large, max-video-preview:-1\" \/>\n<link rel=\"canonical\" href=\"https:\/\/hubsch-interior.com\/da\/wp-json\/wp\/v2\/product\/1071054\" \/>\n<meta property=\"og:locale\" content=\"da_DK\" \/>\n<meta property=\"og:type\" content=\"article\" \/>\n<meta property=\"og:title\" content=\"Loom Plaid Bl\u00e5 - H\u00fcbsch\" \/>\n<meta property=\"og:description\" content=\"Omsv\u00f8b dig i den hyggelige favn af vores Loom Plaid, hvor komfort m\u00f8der klassisk design. Indhyllet i rolige bl\u00e5 linjer og striber, skaber den kunstf\u00e6rdigt\" \/>\n<meta property=\"og:url\" content=\"https:\/\/hubsch-interior.com\/da\/vare\/loom-plaid-bla\/\" \/>\n<meta property=\"og:site_name\" content=\"H\u00fcbsch\" \/>\n<meta property=\"article:modified_time\" content=\"2026-04-11T02:32:32+00:00\" \/>\n<meta property=\"og:image\" content=\"https:\/\/hubsch-interior.com\/wp-content\/uploads\/2026\/02\/loom-plaid-blue-6addb004d133d9536c888732703fb3b0.jpg\" \/>\n\t<meta property=\"og:image:width\" content=\"1024\" \/>\n\t<meta property=\"og:image:height\" content=\"1024\" \/>\n\t<meta property=\"og:image:type\" content=\"image\/jpeg\" \/>\n<meta name=\"twitter:card\" content=\"summary_large_image\" \/>\n<script type=\"application\/ld+json\" class=\"yoast-schema-graph\">{\"@context\":\"https:\/\/schema.org\",\"@graph\":[{\"@type\":\"WebPage\",\"@id\":\"https:\/\/hubsch-interior.com\/da\/vare\/loom-plaid-bla\/\",\"url\":\"https:\/\/hubsch-interior.com\/da\/vare\/loom-plaid-bla\/\",\"name\":\"Loom Plaid Bl\u00e5 - H\u00fcbsch\",\"isPartOf\":{\"@id\":\"https:\/\/hubsch-interior.com\/da\/#website\"},\"primaryImageOfPage\":{\"@id\":\"https:\/\/hubsch-interior.com\/da\/vare\/loom-plaid-bla\/#primaryimage\"},\"image\":{\"@id\":\"https:\/\/hubsch-interior.com\/da\/vare\/loom-plaid-bla\/#primaryimage\"},\"thumbnailUrl\":\"https:\/\/hubsch-interior.com\/wp-content\/uploads\/2026\/02\/loom-plaid-blue-6addb004d133d9536c888732703fb3b0.jpg\",\"datePublished\":\"2025-09-25T11:11:16+00:00\",\"dateModified\":\"2026-04-11T02:32:32+00:00\",\"description\":\"Omsv\u00f8b dig i den hyggelige favn af vores Loom Plaid, hvor komfort m\u00f8der klassisk design. Indhyllet i rolige bl\u00e5 linjer og striber, skaber den kunstf\u00e6rdigt\",\"breadcrumb\":{\"@id\":\"https:\/\/hubsch-interior.com\/da\/vare\/loom-plaid-bla\/#breadcrumb\"},\"inLanguage\":\"da-DK\",\"potentialAction\":[{\"@type\":\"ReadAction\",\"target\":[\"https:\/\/hubsch-interior.com\/da\/vare\/loom-plaid-bla\/\"]}]},{\"@type\":\"ImageObject\",\"inLanguage\":\"da-DK\",\"@id\":\"https:\/\/hubsch-interior.com\/da\/vare\/loom-plaid-bla\/#primaryimage\",\"url\":\"https:\/\/hubsch-interior.com\/wp-content\/uploads\/2026\/02\/loom-plaid-blue-6addb004d133d9536c888732703fb3b0.jpg\",\"contentUrl\":\"https:\/\/hubsch-interior.com\/wp-content\/uploads\/2026\/02\/loom-plaid-blue-6addb004d133d9536c888732703fb3b0.jpg\",\"width\":1024,\"height\":1024},{\"@type\":\"BreadcrumbList\",\"@id\":\"https:\/\/hubsch-interior.com\/da\/vare\/loom-plaid-bla\/#breadcrumb\",\"itemListElement\":[{\"@type\":\"ListItem\",\"position\":1,\"name\":\"Forside\",\"item\":\"https:\/\/hubsch-interior.com\/da\/\"},{\"@type\":\"ListItem\",\"position\":2,\"name\":\"Produkter\",\"item\":\"https:\/\/hubsch-interior.com\/da\/produkter\/\"},{\"@type\":\"ListItem\",\"position\":3,\"name\":\"Tekstiler\",\"item\":\"https:\/\/hubsch-interior.com\/da\/vare-kategori\/tekstiler\/\"},{\"@type\":\"ListItem\",\"position\":4,\"name\":\"Plaider\",\"item\":\"https:\/\/hubsch-interior.com\/da\/vare-kategori\/tekstiler\/plaider-da\/\"},{\"@type\":\"ListItem\",\"position\":5,\"name\":\"Loom Plaid Bl\u00e5\"}]},{\"@type\":\"WebSite\",\"@id\":\"https:\/\/hubsch-interior.com\/da\/#website\",\"url\":\"https:\/\/hubsch-interior.com\/da\/\",\"name\":\"H\u00fcbsch\",\"description\":\"Danish Home Interior and Design\",\"publisher\":{\"@id\":\"https:\/\/hubsch-interior.com\/da\/#organization\"},\"potentialAction\":[{\"@type\":\"SearchAction\",\"target\":{\"@type\":\"EntryPoint\",\"urlTemplate\":\"https:\/\/hubsch-interior.com\/da\/?s={search_term_string}\"},\"query-input\":{\"@type\":\"PropertyValueSpecification\",\"valueRequired\":true,\"valueName\":\"search_term_string\"}}],\"inLanguage\":\"da-DK\"},{\"@type\":\"Organization\",\"@id\":\"https:\/\/hubsch-interior.com\/da\/#organization\",\"name\":\"H\u00fcbsch\",\"url\":\"https:\/\/hubsch-interior.com\/da\/\",\"logo\":{\"@type\":\"ImageObject\",\"inLanguage\":\"da-DK\",\"@id\":\"https:\/\/hubsch-interior.com\/da\/#\/schema\/logo\/image\/\",\"url\":\"https:\/\/hubsch-interior.com\/wp-content\/uploads\/2022\/12\/Hubsch_logo_black_one_line.svg\",\"contentUrl\":\"https:\/\/hubsch-interior.com\/wp-content\/uploads\/2022\/12\/Hubsch_logo_black_one_line.svg\",\"caption\":\"H\u00fcbsch\"},\"image\":{\"@id\":\"https:\/\/hubsch-interior.com\/da\/#\/schema\/logo\/image\/\"}}]}<\/script>\n<!-- \/ Yoast SEO plugin. -->","yoast_head_json":{"title":"Loom Plaid Bl\u00e5 - H\u00fcbsch","description":"Omsv\u00f8b dig i den hyggelige favn af vores Loom Plaid, hvor komfort m\u00f8der klassisk design. Indhyllet i rolige bl\u00e5 linjer og striber, skaber den kunstf\u00e6rdigt","robots":{"index":"index","follow":"follow","max-snippet":"max-snippet:-1","max-image-preview":"max-image-preview:large","max-video-preview":"max-video-preview:-1"},"canonical":"https:\/\/hubsch-interior.com\/da\/wp-json\/wp\/v2\/product\/1071054","og_locale":"da_DK","og_type":"article","og_title":"Loom Plaid Bl\u00e5 - H\u00fcbsch","og_description":"Omsv\u00f8b dig i den hyggelige favn af vores Loom Plaid, hvor komfort m\u00f8der klassisk design. Indhyllet i rolige bl\u00e5 linjer og striber, skaber den kunstf\u00e6rdigt","og_url":"https:\/\/hubsch-interior.com\/da\/vare\/loom-plaid-bla\/","og_site_name":"H\u00fcbsch","article_modified_time":"2026-04-11T02:32:32+00:00","og_image":[{"width":1024,"height":1024,"url":"https:\/\/hubsch-interior.com\/wp-content\/uploads\/2026\/02\/loom-plaid-blue-6addb004d133d9536c888732703fb3b0.jpg","type":"image\/jpeg"}],"twitter_card":"summary_large_image","schema":{"@context":"https:\/\/schema.org","@graph":[{"@type":"WebPage","@id":"https:\/\/hubsch-interior.com\/da\/vare\/loom-plaid-bla\/","url":"https:\/\/hubsch-interior.com\/da\/vare\/loom-plaid-bla\/","name":"Loom Plaid Bl\u00e5 - H\u00fcbsch","isPartOf":{"@id":"https:\/\/hubsch-interior.com\/da\/#website"},"primaryImageOfPage":{"@id":"https:\/\/hubsch-interior.com\/da\/vare\/loom-plaid-bla\/#primaryimage"},"image":{"@id":"https:\/\/hubsch-interior.com\/da\/vare\/loom-plaid-bla\/#primaryimage"},"thumbnailUrl":"https:\/\/hubsch-interior.com\/wp-content\/uploads\/2026\/02\/loom-plaid-blue-6addb004d133d9536c888732703fb3b0.jpg","datePublished":"2025-09-25T11:11:16+00:00","dateModified":"2026-04-11T02:32:32+00:00","description":"Omsv\u00f8b dig i den hyggelige favn af vores Loom Plaid, hvor komfort m\u00f8der klassisk design. Indhyllet i rolige bl\u00e5 linjer og striber, skaber den kunstf\u00e6rdigt","breadcrumb":{"@id":"https:\/\/hubsch-interior.com\/da\/vare\/loom-plaid-bla\/#breadcrumb"},"inLanguage":"da-DK","potentialAction":[{"@type":"ReadAction","target":["https:\/\/hubsch-interior.com\/da\/vare\/loom-plaid-bla\/"]}]},{"@type":"ImageObject","inLanguage":"da-DK","@id":"https:\/\/hubsch-interior.com\/da\/vare\/loom-plaid-bla\/#primaryimage","url":"https:\/\/hubsch-interior.com\/wp-content\/uploads\/2026\/02\/loom-plaid-blue-6addb004d133d9536c888732703fb3b0.jpg","contentUrl":"https:\/\/hubsch-interior.com\/wp-content\/uploads\/2026\/02\/loom-plaid-blue-6addb004d133d9536c888732703fb3b0.jpg","width":1024,"height":1024},{"@type":"BreadcrumbList","@id":"https:\/\/hubsch-interior.com\/da\/vare\/loom-plaid-bla\/#breadcrumb","itemListElement":[{"@type":"ListItem","position":1,"name":"Forside","item":"https:\/\/hubsch-interior.com\/da\/"},{"@type":"ListItem","position":2,"name":"Produkter","item":"https:\/\/hubsch-interior.com\/da\/produkter\/"},{"@type":"ListItem","position":3,"name":"Tekstiler","item":"https:\/\/hubsch-interior.com\/da\/vare-kategori\/tekstiler\/"},{"@type":"ListItem","position":4,"name":"Plaider","item":"https:\/\/hubsch-interior.com\/da\/vare-kategori\/tekstiler\/plaider-da\/"},{"@type":"ListItem","position":5,"name":"Loom Plaid Bl\u00e5"}]},{"@type":"WebSite","@id":"https:\/\/hubsch-interior.com\/da\/#website","url":"https:\/\/hubsch-interior.com\/da\/","name":"H\u00fcbsch","description":"Danish Home Interior and Design","publisher":{"@id":"https:\/\/hubsch-interior.com\/da\/#organization"},"potentialAction":[{"@type":"SearchAction","target":{"@type":"EntryPoint","urlTemplate":"https:\/\/hubsch-interior.com\/da\/?s={search_term_string}"},"query-input":{"@type":"PropertyValueSpecification","valueRequired":true,"valueName":"search_term_string"}}],"inLanguage":"da-DK"},{"@type":"Organization","@id":"https:\/\/hubsch-interior.com\/da\/#organization","name":"H\u00fcbsch","url":"https:\/\/hubsch-interior.com\/da\/","logo":{"@type":"ImageObject","inLanguage":"da-DK","@id":"https:\/\/hubsch-interior.com\/da\/#\/schema\/logo\/image\/","url":"https:\/\/hubsch-interior.com\/wp-content\/uploads\/2022\/12\/Hubsch_logo_black_one_line.svg","contentUrl":"https:\/\/hubsch-interior.com\/wp-content\/uploads\/2022\/12\/Hubsch_logo_black_one_line.svg","caption":"H\u00fcbsch"},"image":{"@id":"https:\/\/hubsch-interior.com\/da\/#\/schema\/logo\/image\/"}}]}},"_links":{"self":[{"href":"https:\/\/hubsch-interior.com\/da\/wp-json\/wp\/v2\/product\/1071054","targetHints":{"allow":["GET"]}}],"collection":[{"href":"https:\/\/hubsch-interior.com\/da\/wp-json\/wp\/v2\/product"}],"about":[{"href":"https:\/\/hubsch-interior.com\/da\/wp-json\/wp\/v2\/types\/product"}],"wp:featuredmedia":[{"embeddable":true,"href":"https:\/\/hubsch-interior.com\/da\/wp-json\/wp\/v2\/media\/1098069"}],"wp:attachment":[{"href":"https:\/\/hubsch-interior.com\/da\/wp-json\/wp\/v2\/media?parent=1071054"}],"wp:term":[{"taxonomy":"product_brand","embeddable":true,"href":"https:\/\/hubsch-interior.com\/da\/wp-json\/wp\/v2\/product_brand?post=1071054"},{"taxonomy":"product_cat","embeddable":true,"href":"https:\/\/hubsch-interior.com\/da\/wp-json\/wp\/v2\/product_cat?post=1071054"},{"taxonomy":"product_tag","embeddable":true,"href":"https:\/\/hubsch-interior.com\/da\/wp-json\/wp\/v2\/product_tag?post=1071054"}],"curies":[{"name":"wp","href":"https:\/\/api.w.org\/{rel}","templated":true}]}}