{"id":1071126,"date":"2025-09-25T13:13:28","date_gmt":"2025-09-25T11:13:28","guid":{"rendered":"https:\/\/hubsch-interior.com\/product\/product\/"},"modified":"2026-04-29T04:58:18","modified_gmt":"2026-04-29T02:58:18","slug":"oblique-spisebord-rund-olivengron","status":"publish","type":"product","link":"https:\/\/hubsch-interior.com\/da\/vare\/oblique-spisebord-rund-olivengron\/","title":{"rendered":"Oblique Spisebord Rund Olivengr\u00f8n"},"content":{"rendered":"<p>Design, der samler rummet \u2014 og mennesker. Oblique Spisebordet i dyb oliven har en mat linoleum bordplade kombineret med ben af massiv eg, hvilket tilbyder en smuk kontrast af tekstur og tone. St\u00e6rkt, funktionelt og fuldt af karakter, er det skabt til alt fra afslappede morgenm\u00e5ltider til middage ved stearinlys. Den dybe gr\u00f8nne nuance tilf\u00f8jer varme og dybde, hvilket g\u00f8r det til et i\u00f8jnefaldende m\u00f8bel, der stadig g\u00e5r i \u00e9t med dit hjem. Et raffineret ankerpunkt, der tilpasser sig din rytme \u2014 og l\u00f8fter det daglige.<\/p>\n","protected":false},"excerpt":{"rendered":"<p>Design, der samler rummet \u2014 og mennesker. Oblique Spisebordet i dyb oliven har en mat linoleum bordplade kombineret med ben af massiv eg, hvilket tilbyder en smuk kontrast af tekstur og tone. St\u00e6rkt, funktionelt og fuldt af karakter, er det skabt til alt fra afslappede morgenm\u00e5ltider til middage ved stearinlys. Den dybe gr\u00f8nne nuance tilf\u00f8jer [&hellip;]<\/p>\n","protected":false},"featured_media":1104795,"template":"","meta":{"_acf_changed":false,"inline_featured_image":false},"product_brand":[],"product_cat":[6938,6996,6321,2857,4214],"product_tag":[],"class_list":{"0":"post-1071126","1":"product","2":"type-product","3":"status-publish","4":"has-post-thumbnail","6":"product_cat-additions-da","7":"product_cat-the-buzz-da","8":"product_cat-fsc-da","9":"product_cat-borde-da","10":"product_cat-spiseborde-da","11":"product_shipping_class-p10","13":"pa_color-olivengrn","14":"pa_material-mdf-da","15":"pa_material-egetr","17":"first","18":"instock","19":"taxable","20":"shipping-taxable","21":"purchasable","22":"product-type-simple"},"exclude_global_add_ons":[],"addons":[],"acf":[],"yoast_head":"<!-- This site is optimized with the Yoast SEO plugin v26.4 - https:\/\/yoast.com\/wordpress\/plugins\/seo\/ -->\n<title>Oblique Spisebord Rund Olivengr\u00f8n - H\u00fcbsch<\/title>\n<meta name=\"description\" content=\"Design, der samler rummet \u2014 og mennesker. Oblique Spisebordet i dyb oliven har en mat linoleum bordplade kombineret med ben af massiv eg, hvilket tilbyder\" \/>\n<meta name=\"robots\" content=\"index, follow, max-snippet:-1, max-image-preview:large, max-video-preview:-1\" \/>\n<link rel=\"canonical\" href=\"https:\/\/hubsch-interior.com\/da\/wp-json\/wp\/v2\/product\/1071126\" \/>\n<meta property=\"og:locale\" content=\"da_DK\" \/>\n<meta property=\"og:type\" content=\"article\" \/>\n<meta property=\"og:title\" content=\"Oblique Spisebord Rund Olivengr\u00f8n - H\u00fcbsch\" \/>\n<meta property=\"og:description\" content=\"Design, der samler rummet \u2014 og mennesker. Oblique Spisebordet i dyb oliven har en mat linoleum bordplade kombineret med ben af massiv eg, hvilket tilbyder\" \/>\n<meta property=\"og:url\" content=\"https:\/\/hubsch-interior.com\/da\/vare\/oblique-spisebord-rund-olivengron\/\" \/>\n<meta property=\"og:site_name\" content=\"H\u00fcbsch\" \/>\n<meta property=\"article:modified_time\" content=\"2026-04-29T02:58:18+00:00\" \/>\n<meta property=\"og:image\" content=\"https:\/\/hubsch-interior.com\/wp-content\/uploads\/2025\/09\/oblique-dining-table-round-olive-550ab77700e14ef343ee6b7f35d22c73.jpg\" \/>\n\t<meta property=\"og:image:width\" content=\"1200\" \/>\n\t<meta property=\"og:image:height\" content=\"1200\" \/>\n\t<meta property=\"og:image:type\" content=\"image\/jpeg\" \/>\n<meta name=\"twitter:card\" content=\"summary_large_image\" \/>\n<script type=\"application\/ld+json\" class=\"yoast-schema-graph\">{\"@context\":\"https:\/\/schema.org\",\"@graph\":[{\"@type\":\"WebPage\",\"@id\":\"https:\/\/hubsch-interior.com\/da\/vare\/oblique-spisebord-rund-olivengron\/\",\"url\":\"https:\/\/hubsch-interior.com\/da\/vare\/oblique-spisebord-rund-olivengron\/\",\"name\":\"Oblique Spisebord Rund Olivengr\u00f8n - H\u00fcbsch\",\"isPartOf\":{\"@id\":\"https:\/\/hubsch-interior.com\/da\/#website\"},\"primaryImageOfPage\":{\"@id\":\"https:\/\/hubsch-interior.com\/da\/vare\/oblique-spisebord-rund-olivengron\/#primaryimage\"},\"image\":{\"@id\":\"https:\/\/hubsch-interior.com\/da\/vare\/oblique-spisebord-rund-olivengron\/#primaryimage\"},\"thumbnailUrl\":\"https:\/\/hubsch-interior.com\/wp-content\/uploads\/2026\/02\/oblique-dining-table-round-olive-d5e99f282abcf4ccde688bead389f62a.jpg\",\"datePublished\":\"2025-09-25T11:13:28+00:00\",\"dateModified\":\"2026-04-29T02:58:18+00:00\",\"description\":\"Design, der samler rummet \u2014 og mennesker. Oblique Spisebordet i dyb oliven har en mat linoleum bordplade kombineret med ben af massiv eg, hvilket tilbyder\",\"breadcrumb\":{\"@id\":\"https:\/\/hubsch-interior.com\/da\/vare\/oblique-spisebord-rund-olivengron\/#breadcrumb\"},\"inLanguage\":\"da-DK\",\"potentialAction\":[{\"@type\":\"ReadAction\",\"target\":[\"https:\/\/hubsch-interior.com\/da\/vare\/oblique-spisebord-rund-olivengron\/\"]}]},{\"@type\":\"ImageObject\",\"inLanguage\":\"da-DK\",\"@id\":\"https:\/\/hubsch-interior.com\/da\/vare\/oblique-spisebord-rund-olivengron\/#primaryimage\",\"url\":\"https:\/\/hubsch-interior.com\/wp-content\/uploads\/2026\/02\/oblique-dining-table-round-olive-d5e99f282abcf4ccde688bead389f62a.jpg\",\"contentUrl\":\"https:\/\/hubsch-interior.com\/wp-content\/uploads\/2026\/02\/oblique-dining-table-round-olive-d5e99f282abcf4ccde688bead389f62a.jpg\",\"width\":1024,\"height\":1024},{\"@type\":\"BreadcrumbList\",\"@id\":\"https:\/\/hubsch-interior.com\/da\/vare\/oblique-spisebord-rund-olivengron\/#breadcrumb\",\"itemListElement\":[{\"@type\":\"ListItem\",\"position\":1,\"name\":\"Forside\",\"item\":\"https:\/\/hubsch-interior.com\/da\/\"},{\"@type\":\"ListItem\",\"position\":2,\"name\":\"Produkter\",\"item\":\"https:\/\/hubsch-interior.com\/da\/produkter\/\"},{\"@type\":\"ListItem\",\"position\":3,\"name\":\"M\u00f8bler\",\"item\":\"https:\/\/hubsch-interior.com\/da\/vare-kategori\/mobler\/\"},{\"@type\":\"ListItem\",\"position\":4,\"name\":\"Borde\",\"item\":\"https:\/\/hubsch-interior.com\/da\/vare-kategori\/mobler\/borde-da\/\"},{\"@type\":\"ListItem\",\"position\":5,\"name\":\"Spiseborde\",\"item\":\"https:\/\/hubsch-interior.com\/da\/vare-kategori\/mobler\/borde-da\/spiseborde-da\/\"},{\"@type\":\"ListItem\",\"position\":6,\"name\":\"Oblique Spisebord Rund Olivengr\u00f8n\"}]},{\"@type\":\"WebSite\",\"@id\":\"https:\/\/hubsch-interior.com\/da\/#website\",\"url\":\"https:\/\/hubsch-interior.com\/da\/\",\"name\":\"H\u00fcbsch\",\"description\":\"Danish Home Interior and Design\",\"publisher\":{\"@id\":\"https:\/\/hubsch-interior.com\/da\/#organization\"},\"potentialAction\":[{\"@type\":\"SearchAction\",\"target\":{\"@type\":\"EntryPoint\",\"urlTemplate\":\"https:\/\/hubsch-interior.com\/da\/?s={search_term_string}\"},\"query-input\":{\"@type\":\"PropertyValueSpecification\",\"valueRequired\":true,\"valueName\":\"search_term_string\"}}],\"inLanguage\":\"da-DK\"},{\"@type\":\"Organization\",\"@id\":\"https:\/\/hubsch-interior.com\/da\/#organization\",\"name\":\"H\u00fcbsch\",\"url\":\"https:\/\/hubsch-interior.com\/da\/\",\"logo\":{\"@type\":\"ImageObject\",\"inLanguage\":\"da-DK\",\"@id\":\"https:\/\/hubsch-interior.com\/da\/#\/schema\/logo\/image\/\",\"url\":\"https:\/\/hubsch-interior.com\/wp-content\/uploads\/2022\/12\/Hubsch_logo_black_one_line.svg\",\"contentUrl\":\"https:\/\/hubsch-interior.com\/wp-content\/uploads\/2022\/12\/Hubsch_logo_black_one_line.svg\",\"caption\":\"H\u00fcbsch\"},\"image\":{\"@id\":\"https:\/\/hubsch-interior.com\/da\/#\/schema\/logo\/image\/\"}}]}<\/script>\n<!-- \/ Yoast SEO plugin. -->","yoast_head_json":{"title":"Oblique Spisebord Rund Olivengr\u00f8n - H\u00fcbsch","description":"Design, der samler rummet \u2014 og mennesker. Oblique Spisebordet i dyb oliven har en mat linoleum bordplade kombineret med ben af massiv eg, hvilket tilbyder","robots":{"index":"index","follow":"follow","max-snippet":"max-snippet:-1","max-image-preview":"max-image-preview:large","max-video-preview":"max-video-preview:-1"},"canonical":"https:\/\/hubsch-interior.com\/da\/wp-json\/wp\/v2\/product\/1071126","og_locale":"da_DK","og_type":"article","og_title":"Oblique Spisebord Rund Olivengr\u00f8n - H\u00fcbsch","og_description":"Design, der samler rummet \u2014 og mennesker. Oblique Spisebordet i dyb oliven har en mat linoleum bordplade kombineret med ben af massiv eg, hvilket tilbyder","og_url":"https:\/\/hubsch-interior.com\/da\/vare\/oblique-spisebord-rund-olivengron\/","og_site_name":"H\u00fcbsch","article_modified_time":"2026-04-29T02:58:18+00:00","og_image":[{"width":1200,"height":1200,"url":"https:\/\/hubsch-interior.com\/wp-content\/uploads\/2025\/09\/oblique-dining-table-round-olive-550ab77700e14ef343ee6b7f35d22c73.jpg","type":"image\/jpeg"}],"twitter_card":"summary_large_image","schema":{"@context":"https:\/\/schema.org","@graph":[{"@type":"WebPage","@id":"https:\/\/hubsch-interior.com\/da\/vare\/oblique-spisebord-rund-olivengron\/","url":"https:\/\/hubsch-interior.com\/da\/vare\/oblique-spisebord-rund-olivengron\/","name":"Oblique Spisebord Rund Olivengr\u00f8n - H\u00fcbsch","isPartOf":{"@id":"https:\/\/hubsch-interior.com\/da\/#website"},"primaryImageOfPage":{"@id":"https:\/\/hubsch-interior.com\/da\/vare\/oblique-spisebord-rund-olivengron\/#primaryimage"},"image":{"@id":"https:\/\/hubsch-interior.com\/da\/vare\/oblique-spisebord-rund-olivengron\/#primaryimage"},"thumbnailUrl":"https:\/\/hubsch-interior.com\/wp-content\/uploads\/2026\/02\/oblique-dining-table-round-olive-d5e99f282abcf4ccde688bead389f62a.jpg","datePublished":"2025-09-25T11:13:28+00:00","dateModified":"2026-04-29T02:58:18+00:00","description":"Design, der samler rummet \u2014 og mennesker. Oblique Spisebordet i dyb oliven har en mat linoleum bordplade kombineret med ben af massiv eg, hvilket tilbyder","breadcrumb":{"@id":"https:\/\/hubsch-interior.com\/da\/vare\/oblique-spisebord-rund-olivengron\/#breadcrumb"},"inLanguage":"da-DK","potentialAction":[{"@type":"ReadAction","target":["https:\/\/hubsch-interior.com\/da\/vare\/oblique-spisebord-rund-olivengron\/"]}]},{"@type":"ImageObject","inLanguage":"da-DK","@id":"https:\/\/hubsch-interior.com\/da\/vare\/oblique-spisebord-rund-olivengron\/#primaryimage","url":"https:\/\/hubsch-interior.com\/wp-content\/uploads\/2026\/02\/oblique-dining-table-round-olive-d5e99f282abcf4ccde688bead389f62a.jpg","contentUrl":"https:\/\/hubsch-interior.com\/wp-content\/uploads\/2026\/02\/oblique-dining-table-round-olive-d5e99f282abcf4ccde688bead389f62a.jpg","width":1024,"height":1024},{"@type":"BreadcrumbList","@id":"https:\/\/hubsch-interior.com\/da\/vare\/oblique-spisebord-rund-olivengron\/#breadcrumb","itemListElement":[{"@type":"ListItem","position":1,"name":"Forside","item":"https:\/\/hubsch-interior.com\/da\/"},{"@type":"ListItem","position":2,"name":"Produkter","item":"https:\/\/hubsch-interior.com\/da\/produkter\/"},{"@type":"ListItem","position":3,"name":"M\u00f8bler","item":"https:\/\/hubsch-interior.com\/da\/vare-kategori\/mobler\/"},{"@type":"ListItem","position":4,"name":"Borde","item":"https:\/\/hubsch-interior.com\/da\/vare-kategori\/mobler\/borde-da\/"},{"@type":"ListItem","position":5,"name":"Spiseborde","item":"https:\/\/hubsch-interior.com\/da\/vare-kategori\/mobler\/borde-da\/spiseborde-da\/"},{"@type":"ListItem","position":6,"name":"Oblique Spisebord Rund Olivengr\u00f8n"}]},{"@type":"WebSite","@id":"https:\/\/hubsch-interior.com\/da\/#website","url":"https:\/\/hubsch-interior.com\/da\/","name":"H\u00fcbsch","description":"Danish Home Interior and Design","publisher":{"@id":"https:\/\/hubsch-interior.com\/da\/#organization"},"potentialAction":[{"@type":"SearchAction","target":{"@type":"EntryPoint","urlTemplate":"https:\/\/hubsch-interior.com\/da\/?s={search_term_string}"},"query-input":{"@type":"PropertyValueSpecification","valueRequired":true,"valueName":"search_term_string"}}],"inLanguage":"da-DK"},{"@type":"Organization","@id":"https:\/\/hubsch-interior.com\/da\/#organization","name":"H\u00fcbsch","url":"https:\/\/hubsch-interior.com\/da\/","logo":{"@type":"ImageObject","inLanguage":"da-DK","@id":"https:\/\/hubsch-interior.com\/da\/#\/schema\/logo\/image\/","url":"https:\/\/hubsch-interior.com\/wp-content\/uploads\/2022\/12\/Hubsch_logo_black_one_line.svg","contentUrl":"https:\/\/hubsch-interior.com\/wp-content\/uploads\/2022\/12\/Hubsch_logo_black_one_line.svg","caption":"H\u00fcbsch"},"image":{"@id":"https:\/\/hubsch-interior.com\/da\/#\/schema\/logo\/image\/"}}]}},"_links":{"self":[{"href":"https:\/\/hubsch-interior.com\/da\/wp-json\/wp\/v2\/product\/1071126","targetHints":{"allow":["GET"]}}],"collection":[{"href":"https:\/\/hubsch-interior.com\/da\/wp-json\/wp\/v2\/product"}],"about":[{"href":"https:\/\/hubsch-interior.com\/da\/wp-json\/wp\/v2\/types\/product"}],"wp:featuredmedia":[{"embeddable":true,"href":"https:\/\/hubsch-interior.com\/da\/wp-json\/wp\/v2\/media\/1104795"}],"wp:attachment":[{"href":"https:\/\/hubsch-interior.com\/da\/wp-json\/wp\/v2\/media?parent=1071126"}],"wp:term":[{"taxonomy":"product_brand","embeddable":true,"href":"https:\/\/hubsch-interior.com\/da\/wp-json\/wp\/v2\/product_brand?post=1071126"},{"taxonomy":"product_cat","embeddable":true,"href":"https:\/\/hubsch-interior.com\/da\/wp-json\/wp\/v2\/product_cat?post=1071126"},{"taxonomy":"product_tag","embeddable":true,"href":"https:\/\/hubsch-interior.com\/da\/wp-json\/wp\/v2\/product_tag?post=1071126"}],"curies":[{"name":"wp","href":"https:\/\/api.w.org\/{rel}","templated":true}]}}