{"id":1071182,"date":"2025-09-25T13:13:51","date_gmt":"2025-09-25T11:13:51","guid":{"rendered":"https:\/\/hubsch-interior.com\/product\/product\/"},"modified":"2026-04-09T04:55:51","modified_gmt":"2026-04-09T02:55:51","slug":"oblique-spisebord-rektangulaer-gra","status":"publish","type":"product","link":"https:\/\/hubsch-interior.com\/da\/vare\/oblique-spisebord-rektangulaer-gra\/","title":{"rendered":"Oblique Spisebord Rektangul\u00e6r Gr\u00e5"},"content":{"rendered":"<p>Hvor form m\u00f8der funktion \u2014 og mennesker samles. Oblique Spisebordet er fremstillet med en glat linoleumsbordplade og solide egetr\u00e6sben, hvilket giver en ren og robust tilstedev\u00e6relse i dit spiseomr\u00e5de. Tilg\u00e6ngelig i tre distinkte farver tilpasser det sig ubesv\u00e6ret til forskellige stemninger og interi\u00f8rer, fra dristigt og grafisk til bl\u00f8dt og fredeligt. St\u00e6rkt, stilfuldt og lavet til dagligdagen \u2014 det er den perfekte scene for alt fra familiem\u00e5ltider til festlige sammenkomster. Et tidl\u00f8st bord designet ikke kun til at spise ved \u2014 men til at vende tilbage til, gang p\u00e5 gang.<\/p>\n","protected":false},"excerpt":{"rendered":"<p>Hvor form m\u00f8der funktion \u2014 og mennesker samles. Oblique Spisebordet er fremstillet med en glat linoleumsbordplade og solide egetr\u00e6sben, hvilket giver en ren og robust tilstedev\u00e6relse i dit spiseomr\u00e5de. Tilg\u00e6ngelig i tre distinkte farver tilpasser det sig ubesv\u00e6ret til forskellige stemninger og interi\u00f8rer, fra dristigt og grafisk til bl\u00f8dt og fredeligt. St\u00e6rkt, stilfuldt og lavet [&hellip;]<\/p>\n","protected":false},"featured_media":1104819,"template":"","meta":{"_acf_changed":false,"inline_featured_image":false},"product_brand":[],"product_cat":[6938,6996,6321,2857,4214],"product_tag":[],"class_list":{"0":"post-1071182","1":"product","2":"type-product","3":"status-publish","4":"has-post-thumbnail","6":"product_cat-additions-da","7":"product_cat-the-buzz-da","8":"product_cat-fsc-da","9":"product_cat-borde-da","10":"product_cat-spiseborde-da","11":"product_shipping_class-p10","13":"pa_color-gr","14":"pa_material-mdf-da","15":"pa_material-egetr","17":"first","18":"instock","19":"taxable","20":"shipping-taxable","21":"purchasable","22":"product-type-simple"},"exclude_global_add_ons":[],"addons":[],"acf":[],"yoast_head":"<!-- This site is optimized with the Yoast SEO plugin v26.4 - https:\/\/yoast.com\/wordpress\/plugins\/seo\/ -->\n<title>Oblique Spisebord Rektangul\u00e6r Gr\u00e5 - H\u00fcbsch<\/title>\n<meta name=\"description\" content=\"Hvor form m\u00f8der funktion \u2014 og mennesker samles. Oblique Spisebordet er fremstillet med en glat linoleumsbordplade og solide egetr\u00e6sben, hvilket giver en\" \/>\n<meta name=\"robots\" content=\"index, follow, max-snippet:-1, max-image-preview:large, max-video-preview:-1\" \/>\n<link rel=\"canonical\" href=\"https:\/\/hubsch-interior.com\/da\/wp-json\/wp\/v2\/product\/1071182\" \/>\n<meta property=\"og:locale\" content=\"da_DK\" \/>\n<meta property=\"og:type\" content=\"article\" \/>\n<meta property=\"og:title\" content=\"Oblique Spisebord Rektangul\u00e6r Gr\u00e5 - H\u00fcbsch\" \/>\n<meta property=\"og:description\" content=\"Hvor form m\u00f8der funktion \u2014 og mennesker samles. Oblique Spisebordet er fremstillet med en glat linoleumsbordplade og solide egetr\u00e6sben, hvilket giver en\" \/>\n<meta property=\"og:url\" content=\"https:\/\/hubsch-interior.com\/da\/vare\/oblique-spisebord-rektangulaer-gra\/\" \/>\n<meta property=\"og:site_name\" content=\"H\u00fcbsch\" \/>\n<meta property=\"article:modified_time\" content=\"2026-04-09T02:55:51+00:00\" \/>\n<meta property=\"og:image\" content=\"https:\/\/hubsch-interior.com\/wp-content\/uploads\/2025\/09\/oblique-dining-table-rectangular-grey-3c637d020f16b8c03cccce791e831ea2.jpg\" \/>\n\t<meta property=\"og:image:width\" content=\"1200\" \/>\n\t<meta property=\"og:image:height\" content=\"1200\" \/>\n\t<meta property=\"og:image:type\" content=\"image\/jpeg\" \/>\n<meta name=\"twitter:card\" content=\"summary_large_image\" \/>\n<script type=\"application\/ld+json\" class=\"yoast-schema-graph\">{\"@context\":\"https:\/\/schema.org\",\"@graph\":[{\"@type\":\"WebPage\",\"@id\":\"https:\/\/hubsch-interior.com\/da\/vare\/oblique-spisebord-rektangulaer-gra\/\",\"url\":\"https:\/\/hubsch-interior.com\/da\/vare\/oblique-spisebord-rektangulaer-gra\/\",\"name\":\"Oblique Spisebord Rektangul\u00e6r Gr\u00e5 - H\u00fcbsch\",\"isPartOf\":{\"@id\":\"https:\/\/hubsch-interior.com\/da\/#website\"},\"primaryImageOfPage\":{\"@id\":\"https:\/\/hubsch-interior.com\/da\/vare\/oblique-spisebord-rektangulaer-gra\/#primaryimage\"},\"image\":{\"@id\":\"https:\/\/hubsch-interior.com\/da\/vare\/oblique-spisebord-rektangulaer-gra\/#primaryimage\"},\"thumbnailUrl\":\"https:\/\/hubsch-interior.com\/wp-content\/uploads\/2026\/02\/oblique-dining-table-rectangular-grey-b51590a296ef9ed5e91bb45a39af71e5.jpg\",\"datePublished\":\"2025-09-25T11:13:51+00:00\",\"dateModified\":\"2026-04-09T02:55:51+00:00\",\"description\":\"Hvor form m\u00f8der funktion \u2014 og mennesker samles. Oblique Spisebordet er fremstillet med en glat linoleumsbordplade og solide egetr\u00e6sben, hvilket giver en\",\"breadcrumb\":{\"@id\":\"https:\/\/hubsch-interior.com\/da\/vare\/oblique-spisebord-rektangulaer-gra\/#breadcrumb\"},\"inLanguage\":\"da-DK\",\"potentialAction\":[{\"@type\":\"ReadAction\",\"target\":[\"https:\/\/hubsch-interior.com\/da\/vare\/oblique-spisebord-rektangulaer-gra\/\"]}]},{\"@type\":\"ImageObject\",\"inLanguage\":\"da-DK\",\"@id\":\"https:\/\/hubsch-interior.com\/da\/vare\/oblique-spisebord-rektangulaer-gra\/#primaryimage\",\"url\":\"https:\/\/hubsch-interior.com\/wp-content\/uploads\/2026\/02\/oblique-dining-table-rectangular-grey-b51590a296ef9ed5e91bb45a39af71e5.jpg\",\"contentUrl\":\"https:\/\/hubsch-interior.com\/wp-content\/uploads\/2026\/02\/oblique-dining-table-rectangular-grey-b51590a296ef9ed5e91bb45a39af71e5.jpg\",\"width\":1024,\"height\":1024},{\"@type\":\"BreadcrumbList\",\"@id\":\"https:\/\/hubsch-interior.com\/da\/vare\/oblique-spisebord-rektangulaer-gra\/#breadcrumb\",\"itemListElement\":[{\"@type\":\"ListItem\",\"position\":1,\"name\":\"Forside\",\"item\":\"https:\/\/hubsch-interior.com\/da\/\"},{\"@type\":\"ListItem\",\"position\":2,\"name\":\"Produkter\",\"item\":\"https:\/\/hubsch-interior.com\/da\/produkter\/\"},{\"@type\":\"ListItem\",\"position\":3,\"name\":\"M\u00f8bler\",\"item\":\"https:\/\/hubsch-interior.com\/da\/vare-kategori\/mobler\/\"},{\"@type\":\"ListItem\",\"position\":4,\"name\":\"Borde\",\"item\":\"https:\/\/hubsch-interior.com\/da\/vare-kategori\/mobler\/borde-da\/\"},{\"@type\":\"ListItem\",\"position\":5,\"name\":\"Spiseborde\",\"item\":\"https:\/\/hubsch-interior.com\/da\/vare-kategori\/mobler\/borde-da\/spiseborde-da\/\"},{\"@type\":\"ListItem\",\"position\":6,\"name\":\"Oblique Spisebord Rektangul\u00e6r Gr\u00e5\"}]},{\"@type\":\"WebSite\",\"@id\":\"https:\/\/hubsch-interior.com\/da\/#website\",\"url\":\"https:\/\/hubsch-interior.com\/da\/\",\"name\":\"H\u00fcbsch\",\"description\":\"Danish Home Interior and Design\",\"publisher\":{\"@id\":\"https:\/\/hubsch-interior.com\/da\/#organization\"},\"potentialAction\":[{\"@type\":\"SearchAction\",\"target\":{\"@type\":\"EntryPoint\",\"urlTemplate\":\"https:\/\/hubsch-interior.com\/da\/?s={search_term_string}\"},\"query-input\":{\"@type\":\"PropertyValueSpecification\",\"valueRequired\":true,\"valueName\":\"search_term_string\"}}],\"inLanguage\":\"da-DK\"},{\"@type\":\"Organization\",\"@id\":\"https:\/\/hubsch-interior.com\/da\/#organization\",\"name\":\"H\u00fcbsch\",\"url\":\"https:\/\/hubsch-interior.com\/da\/\",\"logo\":{\"@type\":\"ImageObject\",\"inLanguage\":\"da-DK\",\"@id\":\"https:\/\/hubsch-interior.com\/da\/#\/schema\/logo\/image\/\",\"url\":\"https:\/\/hubsch-interior.com\/wp-content\/uploads\/2022\/12\/Hubsch_logo_black_one_line.svg\",\"contentUrl\":\"https:\/\/hubsch-interior.com\/wp-content\/uploads\/2022\/12\/Hubsch_logo_black_one_line.svg\",\"caption\":\"H\u00fcbsch\"},\"image\":{\"@id\":\"https:\/\/hubsch-interior.com\/da\/#\/schema\/logo\/image\/\"}}]}<\/script>\n<!-- \/ Yoast SEO plugin. -->","yoast_head_json":{"title":"Oblique Spisebord Rektangul\u00e6r Gr\u00e5 - H\u00fcbsch","description":"Hvor form m\u00f8der funktion \u2014 og mennesker samles. Oblique Spisebordet er fremstillet med en glat linoleumsbordplade og solide egetr\u00e6sben, hvilket giver en","robots":{"index":"index","follow":"follow","max-snippet":"max-snippet:-1","max-image-preview":"max-image-preview:large","max-video-preview":"max-video-preview:-1"},"canonical":"https:\/\/hubsch-interior.com\/da\/wp-json\/wp\/v2\/product\/1071182","og_locale":"da_DK","og_type":"article","og_title":"Oblique Spisebord Rektangul\u00e6r Gr\u00e5 - H\u00fcbsch","og_description":"Hvor form m\u00f8der funktion \u2014 og mennesker samles. Oblique Spisebordet er fremstillet med en glat linoleumsbordplade og solide egetr\u00e6sben, hvilket giver en","og_url":"https:\/\/hubsch-interior.com\/da\/vare\/oblique-spisebord-rektangulaer-gra\/","og_site_name":"H\u00fcbsch","article_modified_time":"2026-04-09T02:55:51+00:00","og_image":[{"width":1200,"height":1200,"url":"https:\/\/hubsch-interior.com\/wp-content\/uploads\/2025\/09\/oblique-dining-table-rectangular-grey-3c637d020f16b8c03cccce791e831ea2.jpg","type":"image\/jpeg"}],"twitter_card":"summary_large_image","schema":{"@context":"https:\/\/schema.org","@graph":[{"@type":"WebPage","@id":"https:\/\/hubsch-interior.com\/da\/vare\/oblique-spisebord-rektangulaer-gra\/","url":"https:\/\/hubsch-interior.com\/da\/vare\/oblique-spisebord-rektangulaer-gra\/","name":"Oblique Spisebord Rektangul\u00e6r Gr\u00e5 - H\u00fcbsch","isPartOf":{"@id":"https:\/\/hubsch-interior.com\/da\/#website"},"primaryImageOfPage":{"@id":"https:\/\/hubsch-interior.com\/da\/vare\/oblique-spisebord-rektangulaer-gra\/#primaryimage"},"image":{"@id":"https:\/\/hubsch-interior.com\/da\/vare\/oblique-spisebord-rektangulaer-gra\/#primaryimage"},"thumbnailUrl":"https:\/\/hubsch-interior.com\/wp-content\/uploads\/2026\/02\/oblique-dining-table-rectangular-grey-b51590a296ef9ed5e91bb45a39af71e5.jpg","datePublished":"2025-09-25T11:13:51+00:00","dateModified":"2026-04-09T02:55:51+00:00","description":"Hvor form m\u00f8der funktion \u2014 og mennesker samles. Oblique Spisebordet er fremstillet med en glat linoleumsbordplade og solide egetr\u00e6sben, hvilket giver en","breadcrumb":{"@id":"https:\/\/hubsch-interior.com\/da\/vare\/oblique-spisebord-rektangulaer-gra\/#breadcrumb"},"inLanguage":"da-DK","potentialAction":[{"@type":"ReadAction","target":["https:\/\/hubsch-interior.com\/da\/vare\/oblique-spisebord-rektangulaer-gra\/"]}]},{"@type":"ImageObject","inLanguage":"da-DK","@id":"https:\/\/hubsch-interior.com\/da\/vare\/oblique-spisebord-rektangulaer-gra\/#primaryimage","url":"https:\/\/hubsch-interior.com\/wp-content\/uploads\/2026\/02\/oblique-dining-table-rectangular-grey-b51590a296ef9ed5e91bb45a39af71e5.jpg","contentUrl":"https:\/\/hubsch-interior.com\/wp-content\/uploads\/2026\/02\/oblique-dining-table-rectangular-grey-b51590a296ef9ed5e91bb45a39af71e5.jpg","width":1024,"height":1024},{"@type":"BreadcrumbList","@id":"https:\/\/hubsch-interior.com\/da\/vare\/oblique-spisebord-rektangulaer-gra\/#breadcrumb","itemListElement":[{"@type":"ListItem","position":1,"name":"Forside","item":"https:\/\/hubsch-interior.com\/da\/"},{"@type":"ListItem","position":2,"name":"Produkter","item":"https:\/\/hubsch-interior.com\/da\/produkter\/"},{"@type":"ListItem","position":3,"name":"M\u00f8bler","item":"https:\/\/hubsch-interior.com\/da\/vare-kategori\/mobler\/"},{"@type":"ListItem","position":4,"name":"Borde","item":"https:\/\/hubsch-interior.com\/da\/vare-kategori\/mobler\/borde-da\/"},{"@type":"ListItem","position":5,"name":"Spiseborde","item":"https:\/\/hubsch-interior.com\/da\/vare-kategori\/mobler\/borde-da\/spiseborde-da\/"},{"@type":"ListItem","position":6,"name":"Oblique Spisebord Rektangul\u00e6r Gr\u00e5"}]},{"@type":"WebSite","@id":"https:\/\/hubsch-interior.com\/da\/#website","url":"https:\/\/hubsch-interior.com\/da\/","name":"H\u00fcbsch","description":"Danish Home Interior and Design","publisher":{"@id":"https:\/\/hubsch-interior.com\/da\/#organization"},"potentialAction":[{"@type":"SearchAction","target":{"@type":"EntryPoint","urlTemplate":"https:\/\/hubsch-interior.com\/da\/?s={search_term_string}"},"query-input":{"@type":"PropertyValueSpecification","valueRequired":true,"valueName":"search_term_string"}}],"inLanguage":"da-DK"},{"@type":"Organization","@id":"https:\/\/hubsch-interior.com\/da\/#organization","name":"H\u00fcbsch","url":"https:\/\/hubsch-interior.com\/da\/","logo":{"@type":"ImageObject","inLanguage":"da-DK","@id":"https:\/\/hubsch-interior.com\/da\/#\/schema\/logo\/image\/","url":"https:\/\/hubsch-interior.com\/wp-content\/uploads\/2022\/12\/Hubsch_logo_black_one_line.svg","contentUrl":"https:\/\/hubsch-interior.com\/wp-content\/uploads\/2022\/12\/Hubsch_logo_black_one_line.svg","caption":"H\u00fcbsch"},"image":{"@id":"https:\/\/hubsch-interior.com\/da\/#\/schema\/logo\/image\/"}}]}},"_links":{"self":[{"href":"https:\/\/hubsch-interior.com\/da\/wp-json\/wp\/v2\/product\/1071182","targetHints":{"allow":["GET"]}}],"collection":[{"href":"https:\/\/hubsch-interior.com\/da\/wp-json\/wp\/v2\/product"}],"about":[{"href":"https:\/\/hubsch-interior.com\/da\/wp-json\/wp\/v2\/types\/product"}],"wp:featuredmedia":[{"embeddable":true,"href":"https:\/\/hubsch-interior.com\/da\/wp-json\/wp\/v2\/media\/1104819"}],"wp:attachment":[{"href":"https:\/\/hubsch-interior.com\/da\/wp-json\/wp\/v2\/media?parent=1071182"}],"wp:term":[{"taxonomy":"product_brand","embeddable":true,"href":"https:\/\/hubsch-interior.com\/da\/wp-json\/wp\/v2\/product_brand?post=1071182"},{"taxonomy":"product_cat","embeddable":true,"href":"https:\/\/hubsch-interior.com\/da\/wp-json\/wp\/v2\/product_cat?post=1071182"},{"taxonomy":"product_tag","embeddable":true,"href":"https:\/\/hubsch-interior.com\/da\/wp-json\/wp\/v2\/product_tag?post=1071182"}],"curies":[{"name":"wp","href":"https:\/\/api.w.org\/{rel}","templated":true}]}}