{"id":1071238,"date":"2025-09-25T13:14:17","date_gmt":"2025-09-25T11:14:17","guid":{"rendered":"https:\/\/hubsch-interior.com\/product\/product\/"},"modified":"2026-04-09T04:55:58","modified_gmt":"2026-04-09T02:55:58","slug":"oblique-spisebord-rektangulaer-sort","status":"publish","type":"product","link":"https:\/\/hubsch-interior.com\/da\/vare\/oblique-spisebord-rektangulaer-sort\/","title":{"rendered":"Oblique Spisebord Rektangul\u00e6r Sort"},"content":{"rendered":"<p>Sl\u00e5ende kontrast, tidl\u00f8s komfort. Oblique Spisebord i dristig sort har en glat linoleumsoverflade oven p\u00e5 ben af massiv eg \u2013 en ren, selvsikker kombination af styrke og stil. Som \u00e9n af tre elegante varianter laver det et grafisk statement og tilbyder daglig funktionalitet til b\u00e5de festlige middage og afslappede m\u00e5ltider. Med sin raffinerede silhuet og dybe farvepalet forankrer det dit rum smukt. Et spisebord der ikke bare er v\u00e6rt \u2013 det s\u00e6tter tonen for \u00f8jeblikke, der betyder noget.<\/p>\n","protected":false},"excerpt":{"rendered":"<p>Sl\u00e5ende kontrast, tidl\u00f8s komfort. Oblique Spisebord i dristig sort har en glat linoleumsoverflade oven p\u00e5 ben af massiv eg \u2013 en ren, selvsikker kombination af styrke og stil. Som \u00e9n af tre elegante varianter laver det et grafisk statement og tilbyder daglig funktionalitet til b\u00e5de festlige middage og afslappede m\u00e5ltider. Med sin raffinerede silhuet og [&hellip;]<\/p>\n","protected":false},"featured_media":1104859,"template":"","meta":{"_acf_changed":false,"inline_featured_image":false},"product_brand":[],"product_cat":[6938,6996,6321,2857,4214],"product_tag":[],"class_list":{"0":"post-1071238","1":"product","2":"type-product","3":"status-publish","4":"has-post-thumbnail","6":"product_cat-additions-da","7":"product_cat-the-buzz-da","8":"product_cat-fsc-da","9":"product_cat-borde-da","10":"product_cat-spiseborde-da","11":"product_shipping_class-p10","13":"pa_color-sort","14":"pa_material-mdf-da","15":"pa_material-egetr","17":"first","18":"instock","19":"taxable","20":"shipping-taxable","21":"purchasable","22":"product-type-simple"},"exclude_global_add_ons":[],"addons":[],"acf":[],"yoast_head":"<!-- This site is optimized with the Yoast SEO plugin v26.4 - https:\/\/yoast.com\/wordpress\/plugins\/seo\/ -->\n<title>Oblique Spisebord Rektangul\u00e6r Sort - H\u00fcbsch<\/title>\n<meta name=\"description\" content=\"Sl\u00e5ende kontrast, tidl\u00f8s komfort. Oblique Spisebord i dristig sort har en glat linoleumsoverflade oven p\u00e5 ben af massiv eg \u2013 en ren, selvsikker\" \/>\n<meta name=\"robots\" content=\"index, follow, max-snippet:-1, max-image-preview:large, max-video-preview:-1\" \/>\n<link rel=\"canonical\" href=\"https:\/\/hubsch-interior.com\/da\/wp-json\/wp\/v2\/product\/1071238\" \/>\n<meta property=\"og:locale\" content=\"da_DK\" \/>\n<meta property=\"og:type\" content=\"article\" \/>\n<meta property=\"og:title\" content=\"Oblique Spisebord Rektangul\u00e6r Sort - H\u00fcbsch\" \/>\n<meta property=\"og:description\" content=\"Sl\u00e5ende kontrast, tidl\u00f8s komfort. Oblique Spisebord i dristig sort har en glat linoleumsoverflade oven p\u00e5 ben af massiv eg \u2013 en ren, selvsikker\" \/>\n<meta property=\"og:url\" content=\"https:\/\/hubsch-interior.com\/da\/vare\/oblique-spisebord-rektangulaer-sort\/\" \/>\n<meta property=\"og:site_name\" content=\"H\u00fcbsch\" \/>\n<meta property=\"article:modified_time\" content=\"2026-04-09T02:55:58+00:00\" \/>\n<meta property=\"og:image\" content=\"https:\/\/hubsch-interior.com\/wp-content\/uploads\/2025\/09\/oblique-dining-table-rectangular-black-21f2beff81468328c8ad64ab9b6cfbff.jpg\" \/>\n\t<meta property=\"og:image:width\" content=\"1200\" \/>\n\t<meta property=\"og:image:height\" content=\"1200\" \/>\n\t<meta property=\"og:image:type\" content=\"image\/jpeg\" \/>\n<meta name=\"twitter:card\" content=\"summary_large_image\" \/>\n<script type=\"application\/ld+json\" class=\"yoast-schema-graph\">{\"@context\":\"https:\/\/schema.org\",\"@graph\":[{\"@type\":\"WebPage\",\"@id\":\"https:\/\/hubsch-interior.com\/da\/vare\/oblique-spisebord-rektangulaer-sort\/\",\"url\":\"https:\/\/hubsch-interior.com\/da\/vare\/oblique-spisebord-rektangulaer-sort\/\",\"name\":\"Oblique Spisebord Rektangul\u00e6r Sort - H\u00fcbsch\",\"isPartOf\":{\"@id\":\"https:\/\/hubsch-interior.com\/da\/#website\"},\"primaryImageOfPage\":{\"@id\":\"https:\/\/hubsch-interior.com\/da\/vare\/oblique-spisebord-rektangulaer-sort\/#primaryimage\"},\"image\":{\"@id\":\"https:\/\/hubsch-interior.com\/da\/vare\/oblique-spisebord-rektangulaer-sort\/#primaryimage\"},\"thumbnailUrl\":\"https:\/\/hubsch-interior.com\/wp-content\/uploads\/2026\/02\/oblique-dining-table-rectangular-black-9752a6c3353ed4707c556bcb5b73e885.jpg\",\"datePublished\":\"2025-09-25T11:14:17+00:00\",\"dateModified\":\"2026-04-09T02:55:58+00:00\",\"description\":\"Sl\u00e5ende kontrast, tidl\u00f8s komfort. Oblique Spisebord i dristig sort har en glat linoleumsoverflade oven p\u00e5 ben af massiv eg \u2013 en ren, selvsikker\",\"breadcrumb\":{\"@id\":\"https:\/\/hubsch-interior.com\/da\/vare\/oblique-spisebord-rektangulaer-sort\/#breadcrumb\"},\"inLanguage\":\"da-DK\",\"potentialAction\":[{\"@type\":\"ReadAction\",\"target\":[\"https:\/\/hubsch-interior.com\/da\/vare\/oblique-spisebord-rektangulaer-sort\/\"]}]},{\"@type\":\"ImageObject\",\"inLanguage\":\"da-DK\",\"@id\":\"https:\/\/hubsch-interior.com\/da\/vare\/oblique-spisebord-rektangulaer-sort\/#primaryimage\",\"url\":\"https:\/\/hubsch-interior.com\/wp-content\/uploads\/2026\/02\/oblique-dining-table-rectangular-black-9752a6c3353ed4707c556bcb5b73e885.jpg\",\"contentUrl\":\"https:\/\/hubsch-interior.com\/wp-content\/uploads\/2026\/02\/oblique-dining-table-rectangular-black-9752a6c3353ed4707c556bcb5b73e885.jpg\",\"width\":1024,\"height\":1024},{\"@type\":\"BreadcrumbList\",\"@id\":\"https:\/\/hubsch-interior.com\/da\/vare\/oblique-spisebord-rektangulaer-sort\/#breadcrumb\",\"itemListElement\":[{\"@type\":\"ListItem\",\"position\":1,\"name\":\"Forside\",\"item\":\"https:\/\/hubsch-interior.com\/da\/\"},{\"@type\":\"ListItem\",\"position\":2,\"name\":\"Produkter\",\"item\":\"https:\/\/hubsch-interior.com\/da\/produkter\/\"},{\"@type\":\"ListItem\",\"position\":3,\"name\":\"M\u00f8bler\",\"item\":\"https:\/\/hubsch-interior.com\/da\/vare-kategori\/mobler\/\"},{\"@type\":\"ListItem\",\"position\":4,\"name\":\"Borde\",\"item\":\"https:\/\/hubsch-interior.com\/da\/vare-kategori\/mobler\/borde-da\/\"},{\"@type\":\"ListItem\",\"position\":5,\"name\":\"Spiseborde\",\"item\":\"https:\/\/hubsch-interior.com\/da\/vare-kategori\/mobler\/borde-da\/spiseborde-da\/\"},{\"@type\":\"ListItem\",\"position\":6,\"name\":\"Oblique Spisebord Rektangul\u00e6r Sort\"}]},{\"@type\":\"WebSite\",\"@id\":\"https:\/\/hubsch-interior.com\/da\/#website\",\"url\":\"https:\/\/hubsch-interior.com\/da\/\",\"name\":\"H\u00fcbsch\",\"description\":\"Danish Home Interior and Design\",\"publisher\":{\"@id\":\"https:\/\/hubsch-interior.com\/da\/#organization\"},\"potentialAction\":[{\"@type\":\"SearchAction\",\"target\":{\"@type\":\"EntryPoint\",\"urlTemplate\":\"https:\/\/hubsch-interior.com\/da\/?s={search_term_string}\"},\"query-input\":{\"@type\":\"PropertyValueSpecification\",\"valueRequired\":true,\"valueName\":\"search_term_string\"}}],\"inLanguage\":\"da-DK\"},{\"@type\":\"Organization\",\"@id\":\"https:\/\/hubsch-interior.com\/da\/#organization\",\"name\":\"H\u00fcbsch\",\"url\":\"https:\/\/hubsch-interior.com\/da\/\",\"logo\":{\"@type\":\"ImageObject\",\"inLanguage\":\"da-DK\",\"@id\":\"https:\/\/hubsch-interior.com\/da\/#\/schema\/logo\/image\/\",\"url\":\"https:\/\/hubsch-interior.com\/wp-content\/uploads\/2022\/12\/Hubsch_logo_black_one_line.svg\",\"contentUrl\":\"https:\/\/hubsch-interior.com\/wp-content\/uploads\/2022\/12\/Hubsch_logo_black_one_line.svg\",\"caption\":\"H\u00fcbsch\"},\"image\":{\"@id\":\"https:\/\/hubsch-interior.com\/da\/#\/schema\/logo\/image\/\"}}]}<\/script>\n<!-- \/ Yoast SEO plugin. -->","yoast_head_json":{"title":"Oblique Spisebord Rektangul\u00e6r Sort - H\u00fcbsch","description":"Sl\u00e5ende kontrast, tidl\u00f8s komfort. Oblique Spisebord i dristig sort har en glat linoleumsoverflade oven p\u00e5 ben af massiv eg \u2013 en ren, selvsikker","robots":{"index":"index","follow":"follow","max-snippet":"max-snippet:-1","max-image-preview":"max-image-preview:large","max-video-preview":"max-video-preview:-1"},"canonical":"https:\/\/hubsch-interior.com\/da\/wp-json\/wp\/v2\/product\/1071238","og_locale":"da_DK","og_type":"article","og_title":"Oblique Spisebord Rektangul\u00e6r Sort - H\u00fcbsch","og_description":"Sl\u00e5ende kontrast, tidl\u00f8s komfort. Oblique Spisebord i dristig sort har en glat linoleumsoverflade oven p\u00e5 ben af massiv eg \u2013 en ren, selvsikker","og_url":"https:\/\/hubsch-interior.com\/da\/vare\/oblique-spisebord-rektangulaer-sort\/","og_site_name":"H\u00fcbsch","article_modified_time":"2026-04-09T02:55:58+00:00","og_image":[{"width":1200,"height":1200,"url":"https:\/\/hubsch-interior.com\/wp-content\/uploads\/2025\/09\/oblique-dining-table-rectangular-black-21f2beff81468328c8ad64ab9b6cfbff.jpg","type":"image\/jpeg"}],"twitter_card":"summary_large_image","schema":{"@context":"https:\/\/schema.org","@graph":[{"@type":"WebPage","@id":"https:\/\/hubsch-interior.com\/da\/vare\/oblique-spisebord-rektangulaer-sort\/","url":"https:\/\/hubsch-interior.com\/da\/vare\/oblique-spisebord-rektangulaer-sort\/","name":"Oblique Spisebord Rektangul\u00e6r Sort - H\u00fcbsch","isPartOf":{"@id":"https:\/\/hubsch-interior.com\/da\/#website"},"primaryImageOfPage":{"@id":"https:\/\/hubsch-interior.com\/da\/vare\/oblique-spisebord-rektangulaer-sort\/#primaryimage"},"image":{"@id":"https:\/\/hubsch-interior.com\/da\/vare\/oblique-spisebord-rektangulaer-sort\/#primaryimage"},"thumbnailUrl":"https:\/\/hubsch-interior.com\/wp-content\/uploads\/2026\/02\/oblique-dining-table-rectangular-black-9752a6c3353ed4707c556bcb5b73e885.jpg","datePublished":"2025-09-25T11:14:17+00:00","dateModified":"2026-04-09T02:55:58+00:00","description":"Sl\u00e5ende kontrast, tidl\u00f8s komfort. Oblique Spisebord i dristig sort har en glat linoleumsoverflade oven p\u00e5 ben af massiv eg \u2013 en ren, selvsikker","breadcrumb":{"@id":"https:\/\/hubsch-interior.com\/da\/vare\/oblique-spisebord-rektangulaer-sort\/#breadcrumb"},"inLanguage":"da-DK","potentialAction":[{"@type":"ReadAction","target":["https:\/\/hubsch-interior.com\/da\/vare\/oblique-spisebord-rektangulaer-sort\/"]}]},{"@type":"ImageObject","inLanguage":"da-DK","@id":"https:\/\/hubsch-interior.com\/da\/vare\/oblique-spisebord-rektangulaer-sort\/#primaryimage","url":"https:\/\/hubsch-interior.com\/wp-content\/uploads\/2026\/02\/oblique-dining-table-rectangular-black-9752a6c3353ed4707c556bcb5b73e885.jpg","contentUrl":"https:\/\/hubsch-interior.com\/wp-content\/uploads\/2026\/02\/oblique-dining-table-rectangular-black-9752a6c3353ed4707c556bcb5b73e885.jpg","width":1024,"height":1024},{"@type":"BreadcrumbList","@id":"https:\/\/hubsch-interior.com\/da\/vare\/oblique-spisebord-rektangulaer-sort\/#breadcrumb","itemListElement":[{"@type":"ListItem","position":1,"name":"Forside","item":"https:\/\/hubsch-interior.com\/da\/"},{"@type":"ListItem","position":2,"name":"Produkter","item":"https:\/\/hubsch-interior.com\/da\/produkter\/"},{"@type":"ListItem","position":3,"name":"M\u00f8bler","item":"https:\/\/hubsch-interior.com\/da\/vare-kategori\/mobler\/"},{"@type":"ListItem","position":4,"name":"Borde","item":"https:\/\/hubsch-interior.com\/da\/vare-kategori\/mobler\/borde-da\/"},{"@type":"ListItem","position":5,"name":"Spiseborde","item":"https:\/\/hubsch-interior.com\/da\/vare-kategori\/mobler\/borde-da\/spiseborde-da\/"},{"@type":"ListItem","position":6,"name":"Oblique Spisebord Rektangul\u00e6r Sort"}]},{"@type":"WebSite","@id":"https:\/\/hubsch-interior.com\/da\/#website","url":"https:\/\/hubsch-interior.com\/da\/","name":"H\u00fcbsch","description":"Danish Home Interior and Design","publisher":{"@id":"https:\/\/hubsch-interior.com\/da\/#organization"},"potentialAction":[{"@type":"SearchAction","target":{"@type":"EntryPoint","urlTemplate":"https:\/\/hubsch-interior.com\/da\/?s={search_term_string}"},"query-input":{"@type":"PropertyValueSpecification","valueRequired":true,"valueName":"search_term_string"}}],"inLanguage":"da-DK"},{"@type":"Organization","@id":"https:\/\/hubsch-interior.com\/da\/#organization","name":"H\u00fcbsch","url":"https:\/\/hubsch-interior.com\/da\/","logo":{"@type":"ImageObject","inLanguage":"da-DK","@id":"https:\/\/hubsch-interior.com\/da\/#\/schema\/logo\/image\/","url":"https:\/\/hubsch-interior.com\/wp-content\/uploads\/2022\/12\/Hubsch_logo_black_one_line.svg","contentUrl":"https:\/\/hubsch-interior.com\/wp-content\/uploads\/2022\/12\/Hubsch_logo_black_one_line.svg","caption":"H\u00fcbsch"},"image":{"@id":"https:\/\/hubsch-interior.com\/da\/#\/schema\/logo\/image\/"}}]}},"_links":{"self":[{"href":"https:\/\/hubsch-interior.com\/da\/wp-json\/wp\/v2\/product\/1071238","targetHints":{"allow":["GET"]}}],"collection":[{"href":"https:\/\/hubsch-interior.com\/da\/wp-json\/wp\/v2\/product"}],"about":[{"href":"https:\/\/hubsch-interior.com\/da\/wp-json\/wp\/v2\/types\/product"}],"wp:featuredmedia":[{"embeddable":true,"href":"https:\/\/hubsch-interior.com\/da\/wp-json\/wp\/v2\/media\/1104859"}],"wp:attachment":[{"href":"https:\/\/hubsch-interior.com\/da\/wp-json\/wp\/v2\/media?parent=1071238"}],"wp:term":[{"taxonomy":"product_brand","embeddable":true,"href":"https:\/\/hubsch-interior.com\/da\/wp-json\/wp\/v2\/product_brand?post=1071238"},{"taxonomy":"product_cat","embeddable":true,"href":"https:\/\/hubsch-interior.com\/da\/wp-json\/wp\/v2\/product_cat?post=1071238"},{"taxonomy":"product_tag","embeddable":true,"href":"https:\/\/hubsch-interior.com\/da\/wp-json\/wp\/v2\/product_tag?post=1071238"}],"curies":[{"name":"wp","href":"https:\/\/api.w.org\/{rel}","templated":true}]}}