{"id":1071270,"date":"2025-09-25T13:15:01","date_gmt":"2025-09-25T11:15:01","guid":{"rendered":"https:\/\/hubsch-interior.com\/product\/product\/"},"modified":"2026-04-29T04:59:04","modified_gmt":"2026-04-29T02:59:04","slug":"oblique-skrivebord-sort","status":"publish","type":"product","link":"https:\/\/hubsch-interior.com\/da\/vare\/oblique-skrivebord-sort\/","title":{"rendered":"Oblique Skrivebord Sort"},"content":{"rendered":"<p>Moderne toner, rolig koncentration. Oblique Skrivebord i sort linoleum bringer grafisk elegance til dit arbejdsomr\u00e5de, bl\u00f8dgjort af lysegr\u00e5 accenter og underst\u00f8ttet af robuste ben i FSC-certificeret eg. Dets gennemt\u00e6nkte design forener holdbarhed med visuel klarhed \u2013 ideelt for at balancere store ideer og daglige opgaver. Uanset om du skaber, organiserer, eller blot tager et \u00f8jeblik til pause, tilbyder dette skrivebord en ramme, der underst\u00f8tter det hele. Et statement-m\u00f8bel designet til at holde dit sind klart og dit rum smukt komponeret.<\/p>\n","protected":false},"excerpt":{"rendered":"<p>Moderne toner, rolig koncentration. Oblique Skrivebord i sort linoleum bringer grafisk elegance til dit arbejdsomr\u00e5de, bl\u00f8dgjort af lysegr\u00e5 accenter og underst\u00f8ttet af robuste ben i FSC-certificeret eg. Dets gennemt\u00e6nkte design forener holdbarhed med visuel klarhed \u2013 ideelt for at balancere store ideer og daglige opgaver. Uanset om du skaber, organiserer, eller blot tager et \u00f8jeblik [&hellip;]<\/p>\n","protected":false},"featured_media":1104987,"template":"","meta":{"_acf_changed":false,"inline_featured_image":false},"product_brand":[],"product_cat":[6938,6996,6321,2857,2904,4214],"product_tag":[],"class_list":{"0":"post-1071270","1":"product","2":"type-product","3":"status-publish","4":"has-post-thumbnail","6":"product_cat-additions-da","7":"product_cat-the-buzz-da","8":"product_cat-fsc-da","9":"product_cat-borde-da","10":"product_cat-skriveborde-da","11":"product_cat-spiseborde-da","12":"product_shipping_class-p10","14":"pa_color-sort","15":"pa_material-mdf-da","16":"pa_material-egetr","18":"first","19":"instock","20":"taxable","21":"shipping-taxable","22":"purchasable","23":"product-type-simple"},"exclude_global_add_ons":[],"addons":[],"acf":[],"yoast_head":"<!-- This site is optimized with the Yoast SEO plugin v26.4 - https:\/\/yoast.com\/wordpress\/plugins\/seo\/ -->\n<title>Oblique Skrivebord Sort - H\u00fcbsch<\/title>\n<meta name=\"description\" content=\"Moderne toner, rolig koncentration. Oblique Skrivebord i sort linoleum bringer grafisk elegance til dit arbejdsomr\u00e5de, bl\u00f8dgjort af lysegr\u00e5 accenter og\" \/>\n<meta name=\"robots\" content=\"index, follow, max-snippet:-1, max-image-preview:large, max-video-preview:-1\" \/>\n<link rel=\"canonical\" href=\"https:\/\/hubsch-interior.com\/da\/wp-json\/wp\/v2\/product\/1071270\" \/>\n<meta property=\"og:locale\" content=\"da_DK\" \/>\n<meta property=\"og:type\" content=\"article\" \/>\n<meta property=\"og:title\" content=\"Oblique Skrivebord Sort - H\u00fcbsch\" \/>\n<meta property=\"og:description\" content=\"Moderne toner, rolig koncentration. Oblique Skrivebord i sort linoleum bringer grafisk elegance til dit arbejdsomr\u00e5de, bl\u00f8dgjort af lysegr\u00e5 accenter og\" \/>\n<meta property=\"og:url\" content=\"https:\/\/hubsch-interior.com\/da\/vare\/oblique-skrivebord-sort\/\" \/>\n<meta property=\"og:site_name\" content=\"H\u00fcbsch\" \/>\n<meta property=\"article:modified_time\" content=\"2026-04-29T02:59:04+00:00\" \/>\n<meta property=\"og:image\" content=\"https:\/\/hubsch-interior.com\/wp-content\/uploads\/2025\/09\/oblique-desk-black-daf69e5d9f9a4678307835c4794fcb72.jpg\" \/>\n\t<meta property=\"og:image:width\" content=\"400\" \/>\n\t<meta property=\"og:image:height\" content=\"400\" \/>\n\t<meta property=\"og:image:type\" content=\"image\/jpeg\" \/>\n<meta name=\"twitter:card\" content=\"summary_large_image\" \/>\n<script type=\"application\/ld+json\" class=\"yoast-schema-graph\">{\"@context\":\"https:\/\/schema.org\",\"@graph\":[{\"@type\":\"WebPage\",\"@id\":\"https:\/\/hubsch-interior.com\/da\/vare\/oblique-skrivebord-sort\/\",\"url\":\"https:\/\/hubsch-interior.com\/da\/vare\/oblique-skrivebord-sort\/\",\"name\":\"Oblique Skrivebord Sort - H\u00fcbsch\",\"isPartOf\":{\"@id\":\"https:\/\/hubsch-interior.com\/da\/#website\"},\"primaryImageOfPage\":{\"@id\":\"https:\/\/hubsch-interior.com\/da\/vare\/oblique-skrivebord-sort\/#primaryimage\"},\"image\":{\"@id\":\"https:\/\/hubsch-interior.com\/da\/vare\/oblique-skrivebord-sort\/#primaryimage\"},\"thumbnailUrl\":\"https:\/\/hubsch-interior.com\/wp-content\/uploads\/2026\/02\/oblique-desk-black-0f9043d6fd238cfe10e661573e30082f.jpg\",\"datePublished\":\"2025-09-25T11:15:01+00:00\",\"dateModified\":\"2026-04-29T02:59:04+00:00\",\"description\":\"Moderne toner, rolig koncentration. Oblique Skrivebord i sort linoleum bringer grafisk elegance til dit arbejdsomr\u00e5de, bl\u00f8dgjort af lysegr\u00e5 accenter og\",\"breadcrumb\":{\"@id\":\"https:\/\/hubsch-interior.com\/da\/vare\/oblique-skrivebord-sort\/#breadcrumb\"},\"inLanguage\":\"da-DK\",\"potentialAction\":[{\"@type\":\"ReadAction\",\"target\":[\"https:\/\/hubsch-interior.com\/da\/vare\/oblique-skrivebord-sort\/\"]}]},{\"@type\":\"ImageObject\",\"inLanguage\":\"da-DK\",\"@id\":\"https:\/\/hubsch-interior.com\/da\/vare\/oblique-skrivebord-sort\/#primaryimage\",\"url\":\"https:\/\/hubsch-interior.com\/wp-content\/uploads\/2026\/02\/oblique-desk-black-0f9043d6fd238cfe10e661573e30082f.jpg\",\"contentUrl\":\"https:\/\/hubsch-interior.com\/wp-content\/uploads\/2026\/02\/oblique-desk-black-0f9043d6fd238cfe10e661573e30082f.jpg\",\"width\":1024,\"height\":1024},{\"@type\":\"BreadcrumbList\",\"@id\":\"https:\/\/hubsch-interior.com\/da\/vare\/oblique-skrivebord-sort\/#breadcrumb\",\"itemListElement\":[{\"@type\":\"ListItem\",\"position\":1,\"name\":\"Forside\",\"item\":\"https:\/\/hubsch-interior.com\/da\/\"},{\"@type\":\"ListItem\",\"position\":2,\"name\":\"Produkter\",\"item\":\"https:\/\/hubsch-interior.com\/da\/produkter\/\"},{\"@type\":\"ListItem\",\"position\":3,\"name\":\"M\u00f8bler\",\"item\":\"https:\/\/hubsch-interior.com\/da\/vare-kategori\/mobler\/\"},{\"@type\":\"ListItem\",\"position\":4,\"name\":\"Borde\",\"item\":\"https:\/\/hubsch-interior.com\/da\/vare-kategori\/mobler\/borde-da\/\"},{\"@type\":\"ListItem\",\"position\":5,\"name\":\"Skriveborde\",\"item\":\"https:\/\/hubsch-interior.com\/da\/vare-kategori\/mobler\/borde-da\/skriveborde-da\/\"},{\"@type\":\"ListItem\",\"position\":6,\"name\":\"Oblique Skrivebord Sort\"}]},{\"@type\":\"WebSite\",\"@id\":\"https:\/\/hubsch-interior.com\/da\/#website\",\"url\":\"https:\/\/hubsch-interior.com\/da\/\",\"name\":\"H\u00fcbsch\",\"description\":\"Danish Home Interior and Design\",\"publisher\":{\"@id\":\"https:\/\/hubsch-interior.com\/da\/#organization\"},\"potentialAction\":[{\"@type\":\"SearchAction\",\"target\":{\"@type\":\"EntryPoint\",\"urlTemplate\":\"https:\/\/hubsch-interior.com\/da\/?s={search_term_string}\"},\"query-input\":{\"@type\":\"PropertyValueSpecification\",\"valueRequired\":true,\"valueName\":\"search_term_string\"}}],\"inLanguage\":\"da-DK\"},{\"@type\":\"Organization\",\"@id\":\"https:\/\/hubsch-interior.com\/da\/#organization\",\"name\":\"H\u00fcbsch\",\"url\":\"https:\/\/hubsch-interior.com\/da\/\",\"logo\":{\"@type\":\"ImageObject\",\"inLanguage\":\"da-DK\",\"@id\":\"https:\/\/hubsch-interior.com\/da\/#\/schema\/logo\/image\/\",\"url\":\"https:\/\/hubsch-interior.com\/wp-content\/uploads\/2022\/12\/Hubsch_logo_black_one_line.svg\",\"contentUrl\":\"https:\/\/hubsch-interior.com\/wp-content\/uploads\/2022\/12\/Hubsch_logo_black_one_line.svg\",\"caption\":\"H\u00fcbsch\"},\"image\":{\"@id\":\"https:\/\/hubsch-interior.com\/da\/#\/schema\/logo\/image\/\"}}]}<\/script>\n<!-- \/ Yoast SEO plugin. -->","yoast_head_json":{"title":"Oblique Skrivebord Sort - H\u00fcbsch","description":"Moderne toner, rolig koncentration. Oblique Skrivebord i sort linoleum bringer grafisk elegance til dit arbejdsomr\u00e5de, bl\u00f8dgjort af lysegr\u00e5 accenter og","robots":{"index":"index","follow":"follow","max-snippet":"max-snippet:-1","max-image-preview":"max-image-preview:large","max-video-preview":"max-video-preview:-1"},"canonical":"https:\/\/hubsch-interior.com\/da\/wp-json\/wp\/v2\/product\/1071270","og_locale":"da_DK","og_type":"article","og_title":"Oblique Skrivebord Sort - H\u00fcbsch","og_description":"Moderne toner, rolig koncentration. Oblique Skrivebord i sort linoleum bringer grafisk elegance til dit arbejdsomr\u00e5de, bl\u00f8dgjort af lysegr\u00e5 accenter og","og_url":"https:\/\/hubsch-interior.com\/da\/vare\/oblique-skrivebord-sort\/","og_site_name":"H\u00fcbsch","article_modified_time":"2026-04-29T02:59:04+00:00","og_image":[{"width":400,"height":400,"url":"https:\/\/hubsch-interior.com\/wp-content\/uploads\/2025\/09\/oblique-desk-black-daf69e5d9f9a4678307835c4794fcb72.jpg","type":"image\/jpeg"}],"twitter_card":"summary_large_image","schema":{"@context":"https:\/\/schema.org","@graph":[{"@type":"WebPage","@id":"https:\/\/hubsch-interior.com\/da\/vare\/oblique-skrivebord-sort\/","url":"https:\/\/hubsch-interior.com\/da\/vare\/oblique-skrivebord-sort\/","name":"Oblique Skrivebord Sort - H\u00fcbsch","isPartOf":{"@id":"https:\/\/hubsch-interior.com\/da\/#website"},"primaryImageOfPage":{"@id":"https:\/\/hubsch-interior.com\/da\/vare\/oblique-skrivebord-sort\/#primaryimage"},"image":{"@id":"https:\/\/hubsch-interior.com\/da\/vare\/oblique-skrivebord-sort\/#primaryimage"},"thumbnailUrl":"https:\/\/hubsch-interior.com\/wp-content\/uploads\/2026\/02\/oblique-desk-black-0f9043d6fd238cfe10e661573e30082f.jpg","datePublished":"2025-09-25T11:15:01+00:00","dateModified":"2026-04-29T02:59:04+00:00","description":"Moderne toner, rolig koncentration. Oblique Skrivebord i sort linoleum bringer grafisk elegance til dit arbejdsomr\u00e5de, bl\u00f8dgjort af lysegr\u00e5 accenter og","breadcrumb":{"@id":"https:\/\/hubsch-interior.com\/da\/vare\/oblique-skrivebord-sort\/#breadcrumb"},"inLanguage":"da-DK","potentialAction":[{"@type":"ReadAction","target":["https:\/\/hubsch-interior.com\/da\/vare\/oblique-skrivebord-sort\/"]}]},{"@type":"ImageObject","inLanguage":"da-DK","@id":"https:\/\/hubsch-interior.com\/da\/vare\/oblique-skrivebord-sort\/#primaryimage","url":"https:\/\/hubsch-interior.com\/wp-content\/uploads\/2026\/02\/oblique-desk-black-0f9043d6fd238cfe10e661573e30082f.jpg","contentUrl":"https:\/\/hubsch-interior.com\/wp-content\/uploads\/2026\/02\/oblique-desk-black-0f9043d6fd238cfe10e661573e30082f.jpg","width":1024,"height":1024},{"@type":"BreadcrumbList","@id":"https:\/\/hubsch-interior.com\/da\/vare\/oblique-skrivebord-sort\/#breadcrumb","itemListElement":[{"@type":"ListItem","position":1,"name":"Forside","item":"https:\/\/hubsch-interior.com\/da\/"},{"@type":"ListItem","position":2,"name":"Produkter","item":"https:\/\/hubsch-interior.com\/da\/produkter\/"},{"@type":"ListItem","position":3,"name":"M\u00f8bler","item":"https:\/\/hubsch-interior.com\/da\/vare-kategori\/mobler\/"},{"@type":"ListItem","position":4,"name":"Borde","item":"https:\/\/hubsch-interior.com\/da\/vare-kategori\/mobler\/borde-da\/"},{"@type":"ListItem","position":5,"name":"Skriveborde","item":"https:\/\/hubsch-interior.com\/da\/vare-kategori\/mobler\/borde-da\/skriveborde-da\/"},{"@type":"ListItem","position":6,"name":"Oblique Skrivebord Sort"}]},{"@type":"WebSite","@id":"https:\/\/hubsch-interior.com\/da\/#website","url":"https:\/\/hubsch-interior.com\/da\/","name":"H\u00fcbsch","description":"Danish Home Interior and Design","publisher":{"@id":"https:\/\/hubsch-interior.com\/da\/#organization"},"potentialAction":[{"@type":"SearchAction","target":{"@type":"EntryPoint","urlTemplate":"https:\/\/hubsch-interior.com\/da\/?s={search_term_string}"},"query-input":{"@type":"PropertyValueSpecification","valueRequired":true,"valueName":"search_term_string"}}],"inLanguage":"da-DK"},{"@type":"Organization","@id":"https:\/\/hubsch-interior.com\/da\/#organization","name":"H\u00fcbsch","url":"https:\/\/hubsch-interior.com\/da\/","logo":{"@type":"ImageObject","inLanguage":"da-DK","@id":"https:\/\/hubsch-interior.com\/da\/#\/schema\/logo\/image\/","url":"https:\/\/hubsch-interior.com\/wp-content\/uploads\/2022\/12\/Hubsch_logo_black_one_line.svg","contentUrl":"https:\/\/hubsch-interior.com\/wp-content\/uploads\/2022\/12\/Hubsch_logo_black_one_line.svg","caption":"H\u00fcbsch"},"image":{"@id":"https:\/\/hubsch-interior.com\/da\/#\/schema\/logo\/image\/"}}]}},"_links":{"self":[{"href":"https:\/\/hubsch-interior.com\/da\/wp-json\/wp\/v2\/product\/1071270","targetHints":{"allow":["GET"]}}],"collection":[{"href":"https:\/\/hubsch-interior.com\/da\/wp-json\/wp\/v2\/product"}],"about":[{"href":"https:\/\/hubsch-interior.com\/da\/wp-json\/wp\/v2\/types\/product"}],"wp:featuredmedia":[{"embeddable":true,"href":"https:\/\/hubsch-interior.com\/da\/wp-json\/wp\/v2\/media\/1104987"}],"wp:attachment":[{"href":"https:\/\/hubsch-interior.com\/da\/wp-json\/wp\/v2\/media?parent=1071270"}],"wp:term":[{"taxonomy":"product_brand","embeddable":true,"href":"https:\/\/hubsch-interior.com\/da\/wp-json\/wp\/v2\/product_brand?post=1071270"},{"taxonomy":"product_cat","embeddable":true,"href":"https:\/\/hubsch-interior.com\/da\/wp-json\/wp\/v2\/product_cat?post=1071270"},{"taxonomy":"product_tag","embeddable":true,"href":"https:\/\/hubsch-interior.com\/da\/wp-json\/wp\/v2\/product_tag?post=1071270"}],"curies":[{"name":"wp","href":"https:\/\/api.w.org\/{rel}","templated":true}]}}