{"id":1071318,"date":"2025-09-25T13:16:33","date_gmt":"2025-09-25T11:16:33","guid":{"rendered":"https:\/\/hubsch-interior.com\/product\/product\/"},"modified":"2026-04-11T05:03:58","modified_gmt":"2026-04-11T03:03:58","slug":"bringme-transportabel-lampe-metalisk-morkegron","status":"publish","type":"product","link":"https:\/\/hubsch-interior.com\/da\/vare\/bringme-transportabel-lampe-metalisk-morkegron\/","title":{"rendered":"BringMe Transportabel Lampe Metalisk M\u00f8rkegr\u00f8n"},"content":{"rendered":"<p>BringMe Transportabel Lampe i m\u00f8rkegr\u00f8n metallic er designet til at tilf\u00f8je b\u00e5de stil og fleksibilitet til dit hjem. Med otte farvemuligheder at v\u00e6lge imellem er det nemt at finde det perfekte match til din indretning. N\u00e5r den er fuldt opladet p\u00e5 11 timer, lyser den i op til 10 timer ved fuld lysstyrke &#8211; ideel til l\u00e6sning, afslapning eller til at skabe en hyggelig atmosf\u00e6re, hvor end du har brug for det.<\/p>\n","protected":false},"excerpt":{"rendered":"<p>BringMe Transportabel Lampe i m\u00f8rkegr\u00f8n metallic er designet til at tilf\u00f8je b\u00e5de stil og fleksibilitet til dit hjem. Med otte farvemuligheder at v\u00e6lge imellem er det nemt at finde det perfekte match til din indretning. N\u00e5r den er fuldt opladet p\u00e5 11 timer, lyser den i op til 10 timer ved fuld lysstyrke &#8211; ideel [&hellip;]<\/p>\n","protected":false},"featured_media":1107934,"template":"","meta":{"_acf_changed":false,"inline_featured_image":false},"product_brand":[],"product_cat":[6938,6996,6961,3808,3499,5045],"product_tag":[],"class_list":{"0":"post-1071318","1":"product","2":"type-product","3":"status-publish","4":"has-post-thumbnail","6":"product_cat-additions-da","7":"product_cat-the-buzz-da","8":"product_cat-transportable-lamper-da","9":"product_cat-belysning","10":"product_cat-bordlamper-da","11":"product_cat-nyheder-da","12":"product_shipping_class-pk","14":"pa_color-metalisk-moerkegroen","15":"pa_material-acrylic-5-da","16":"pa_material-jern-da","18":"first","19":"instock","20":"taxable","21":"shipping-taxable","22":"purchasable","23":"product-type-simple"},"exclude_global_add_ons":[],"addons":[],"acf":[],"yoast_head":"<!-- This site is optimized with the Yoast SEO plugin v26.4 - https:\/\/yoast.com\/wordpress\/plugins\/seo\/ -->\n<title>BringMe Transportabel Lampe Metalisk M\u00f8rkegr\u00f8n - H\u00fcbsch<\/title>\n<meta name=\"description\" content=\"BringMe Transportabel Lampe i m\u00f8rkegr\u00f8n metallic er designet til at tilf\u00f8je b\u00e5de stil og fleksibilitet til dit hjem. Med otte farvemuligheder at v\u00e6lge\" \/>\n<meta name=\"robots\" content=\"index, follow, max-snippet:-1, max-image-preview:large, max-video-preview:-1\" \/>\n<link rel=\"canonical\" href=\"https:\/\/hubsch-interior.com\/da\/wp-json\/wp\/v2\/product\/1071318\" \/>\n<meta property=\"og:locale\" content=\"da_DK\" \/>\n<meta property=\"og:type\" content=\"article\" \/>\n<meta property=\"og:title\" content=\"BringMe Transportabel Lampe Metalisk M\u00f8rkegr\u00f8n - H\u00fcbsch\" \/>\n<meta property=\"og:description\" content=\"BringMe Transportabel Lampe i m\u00f8rkegr\u00f8n metallic er designet til at tilf\u00f8je b\u00e5de stil og fleksibilitet til dit hjem. Med otte farvemuligheder at v\u00e6lge\" \/>\n<meta property=\"og:url\" content=\"https:\/\/hubsch-interior.com\/da\/vare\/bringme-transportabel-lampe-metalisk-morkegron\/\" \/>\n<meta property=\"og:site_name\" content=\"H\u00fcbsch\" \/>\n<meta property=\"article:modified_time\" content=\"2026-04-11T03:03:58+00:00\" \/>\n<meta property=\"og:image\" content=\"https:\/\/hubsch-interior.com\/wp-content\/uploads\/2025\/09\/bringme-portable-lamp-metallic-dark-green-3549e128e0425a9483c256c1ae196188.jpg\" \/>\n\t<meta property=\"og:image:width\" content=\"1200\" \/>\n\t<meta property=\"og:image:height\" content=\"1200\" \/>\n\t<meta property=\"og:image:type\" content=\"image\/jpeg\" \/>\n<meta name=\"twitter:card\" content=\"summary_large_image\" \/>\n<script type=\"application\/ld+json\" class=\"yoast-schema-graph\">{\"@context\":\"https:\/\/schema.org\",\"@graph\":[{\"@type\":\"WebPage\",\"@id\":\"https:\/\/hubsch-interior.com\/da\/vare\/bringme-transportabel-lampe-metalisk-morkegron\/\",\"url\":\"https:\/\/hubsch-interior.com\/da\/vare\/bringme-transportabel-lampe-metalisk-morkegron\/\",\"name\":\"BringMe Transportabel Lampe Metalisk M\u00f8rkegr\u00f8n - H\u00fcbsch\",\"isPartOf\":{\"@id\":\"https:\/\/hubsch-interior.com\/da\/#website\"},\"primaryImageOfPage\":{\"@id\":\"https:\/\/hubsch-interior.com\/da\/vare\/bringme-transportabel-lampe-metalisk-morkegron\/#primaryimage\"},\"image\":{\"@id\":\"https:\/\/hubsch-interior.com\/da\/vare\/bringme-transportabel-lampe-metalisk-morkegron\/#primaryimage\"},\"thumbnailUrl\":\"https:\/\/hubsch-interior.com\/wp-content\/uploads\/2026\/02\/bringme-portable-lamp-metallic-dark-green-b57fdbecbf3a3fa0370ac42124947b86.jpg\",\"datePublished\":\"2025-09-25T11:16:33+00:00\",\"dateModified\":\"2026-04-11T03:03:58+00:00\",\"description\":\"BringMe Transportabel Lampe i m\u00f8rkegr\u00f8n metallic er designet til at tilf\u00f8je b\u00e5de stil og fleksibilitet til dit hjem. Med otte farvemuligheder at v\u00e6lge\",\"breadcrumb\":{\"@id\":\"https:\/\/hubsch-interior.com\/da\/vare\/bringme-transportabel-lampe-metalisk-morkegron\/#breadcrumb\"},\"inLanguage\":\"da-DK\",\"potentialAction\":[{\"@type\":\"ReadAction\",\"target\":[\"https:\/\/hubsch-interior.com\/da\/vare\/bringme-transportabel-lampe-metalisk-morkegron\/\"]}]},{\"@type\":\"ImageObject\",\"inLanguage\":\"da-DK\",\"@id\":\"https:\/\/hubsch-interior.com\/da\/vare\/bringme-transportabel-lampe-metalisk-morkegron\/#primaryimage\",\"url\":\"https:\/\/hubsch-interior.com\/wp-content\/uploads\/2026\/02\/bringme-portable-lamp-metallic-dark-green-b57fdbecbf3a3fa0370ac42124947b86.jpg\",\"contentUrl\":\"https:\/\/hubsch-interior.com\/wp-content\/uploads\/2026\/02\/bringme-portable-lamp-metallic-dark-green-b57fdbecbf3a3fa0370ac42124947b86.jpg\",\"width\":1024,\"height\":1024},{\"@type\":\"BreadcrumbList\",\"@id\":\"https:\/\/hubsch-interior.com\/da\/vare\/bringme-transportabel-lampe-metalisk-morkegron\/#breadcrumb\",\"itemListElement\":[{\"@type\":\"ListItem\",\"position\":1,\"name\":\"Forside\",\"item\":\"https:\/\/hubsch-interior.com\/da\/\"},{\"@type\":\"ListItem\",\"position\":2,\"name\":\"Produkter\",\"item\":\"https:\/\/hubsch-interior.com\/da\/produkter\/\"},{\"@type\":\"ListItem\",\"position\":3,\"name\":\"Belysning\",\"item\":\"https:\/\/hubsch-interior.com\/da\/vare-kategori\/belysning\/\"},{\"@type\":\"ListItem\",\"position\":4,\"name\":\"Transportable Lamper\",\"item\":\"https:\/\/hubsch-interior.com\/da\/vare-kategori\/belysning\/transportable-lamper-da\/\"},{\"@type\":\"ListItem\",\"position\":5,\"name\":\"BringMe Transportabel Lampe Metalisk M\u00f8rkegr\u00f8n\"}]},{\"@type\":\"WebSite\",\"@id\":\"https:\/\/hubsch-interior.com\/da\/#website\",\"url\":\"https:\/\/hubsch-interior.com\/da\/\",\"name\":\"H\u00fcbsch\",\"description\":\"Danish Home Interior and Design\",\"publisher\":{\"@id\":\"https:\/\/hubsch-interior.com\/da\/#organization\"},\"potentialAction\":[{\"@type\":\"SearchAction\",\"target\":{\"@type\":\"EntryPoint\",\"urlTemplate\":\"https:\/\/hubsch-interior.com\/da\/?s={search_term_string}\"},\"query-input\":{\"@type\":\"PropertyValueSpecification\",\"valueRequired\":true,\"valueName\":\"search_term_string\"}}],\"inLanguage\":\"da-DK\"},{\"@type\":\"Organization\",\"@id\":\"https:\/\/hubsch-interior.com\/da\/#organization\",\"name\":\"H\u00fcbsch\",\"url\":\"https:\/\/hubsch-interior.com\/da\/\",\"logo\":{\"@type\":\"ImageObject\",\"inLanguage\":\"da-DK\",\"@id\":\"https:\/\/hubsch-interior.com\/da\/#\/schema\/logo\/image\/\",\"url\":\"https:\/\/hubsch-interior.com\/wp-content\/uploads\/2022\/12\/Hubsch_logo_black_one_line.svg\",\"contentUrl\":\"https:\/\/hubsch-interior.com\/wp-content\/uploads\/2022\/12\/Hubsch_logo_black_one_line.svg\",\"caption\":\"H\u00fcbsch\"},\"image\":{\"@id\":\"https:\/\/hubsch-interior.com\/da\/#\/schema\/logo\/image\/\"}}]}<\/script>\n<!-- \/ Yoast SEO plugin. -->","yoast_head_json":{"title":"BringMe Transportabel Lampe Metalisk M\u00f8rkegr\u00f8n - H\u00fcbsch","description":"BringMe Transportabel Lampe i m\u00f8rkegr\u00f8n metallic er designet til at tilf\u00f8je b\u00e5de stil og fleksibilitet til dit hjem. Med otte farvemuligheder at v\u00e6lge","robots":{"index":"index","follow":"follow","max-snippet":"max-snippet:-1","max-image-preview":"max-image-preview:large","max-video-preview":"max-video-preview:-1"},"canonical":"https:\/\/hubsch-interior.com\/da\/wp-json\/wp\/v2\/product\/1071318","og_locale":"da_DK","og_type":"article","og_title":"BringMe Transportabel Lampe Metalisk M\u00f8rkegr\u00f8n - H\u00fcbsch","og_description":"BringMe Transportabel Lampe i m\u00f8rkegr\u00f8n metallic er designet til at tilf\u00f8je b\u00e5de stil og fleksibilitet til dit hjem. Med otte farvemuligheder at v\u00e6lge","og_url":"https:\/\/hubsch-interior.com\/da\/vare\/bringme-transportabel-lampe-metalisk-morkegron\/","og_site_name":"H\u00fcbsch","article_modified_time":"2026-04-11T03:03:58+00:00","og_image":[{"width":1200,"height":1200,"url":"https:\/\/hubsch-interior.com\/wp-content\/uploads\/2025\/09\/bringme-portable-lamp-metallic-dark-green-3549e128e0425a9483c256c1ae196188.jpg","type":"image\/jpeg"}],"twitter_card":"summary_large_image","schema":{"@context":"https:\/\/schema.org","@graph":[{"@type":"WebPage","@id":"https:\/\/hubsch-interior.com\/da\/vare\/bringme-transportabel-lampe-metalisk-morkegron\/","url":"https:\/\/hubsch-interior.com\/da\/vare\/bringme-transportabel-lampe-metalisk-morkegron\/","name":"BringMe Transportabel Lampe Metalisk M\u00f8rkegr\u00f8n - H\u00fcbsch","isPartOf":{"@id":"https:\/\/hubsch-interior.com\/da\/#website"},"primaryImageOfPage":{"@id":"https:\/\/hubsch-interior.com\/da\/vare\/bringme-transportabel-lampe-metalisk-morkegron\/#primaryimage"},"image":{"@id":"https:\/\/hubsch-interior.com\/da\/vare\/bringme-transportabel-lampe-metalisk-morkegron\/#primaryimage"},"thumbnailUrl":"https:\/\/hubsch-interior.com\/wp-content\/uploads\/2026\/02\/bringme-portable-lamp-metallic-dark-green-b57fdbecbf3a3fa0370ac42124947b86.jpg","datePublished":"2025-09-25T11:16:33+00:00","dateModified":"2026-04-11T03:03:58+00:00","description":"BringMe Transportabel Lampe i m\u00f8rkegr\u00f8n metallic er designet til at tilf\u00f8je b\u00e5de stil og fleksibilitet til dit hjem. Med otte farvemuligheder at v\u00e6lge","breadcrumb":{"@id":"https:\/\/hubsch-interior.com\/da\/vare\/bringme-transportabel-lampe-metalisk-morkegron\/#breadcrumb"},"inLanguage":"da-DK","potentialAction":[{"@type":"ReadAction","target":["https:\/\/hubsch-interior.com\/da\/vare\/bringme-transportabel-lampe-metalisk-morkegron\/"]}]},{"@type":"ImageObject","inLanguage":"da-DK","@id":"https:\/\/hubsch-interior.com\/da\/vare\/bringme-transportabel-lampe-metalisk-morkegron\/#primaryimage","url":"https:\/\/hubsch-interior.com\/wp-content\/uploads\/2026\/02\/bringme-portable-lamp-metallic-dark-green-b57fdbecbf3a3fa0370ac42124947b86.jpg","contentUrl":"https:\/\/hubsch-interior.com\/wp-content\/uploads\/2026\/02\/bringme-portable-lamp-metallic-dark-green-b57fdbecbf3a3fa0370ac42124947b86.jpg","width":1024,"height":1024},{"@type":"BreadcrumbList","@id":"https:\/\/hubsch-interior.com\/da\/vare\/bringme-transportabel-lampe-metalisk-morkegron\/#breadcrumb","itemListElement":[{"@type":"ListItem","position":1,"name":"Forside","item":"https:\/\/hubsch-interior.com\/da\/"},{"@type":"ListItem","position":2,"name":"Produkter","item":"https:\/\/hubsch-interior.com\/da\/produkter\/"},{"@type":"ListItem","position":3,"name":"Belysning","item":"https:\/\/hubsch-interior.com\/da\/vare-kategori\/belysning\/"},{"@type":"ListItem","position":4,"name":"Transportable Lamper","item":"https:\/\/hubsch-interior.com\/da\/vare-kategori\/belysning\/transportable-lamper-da\/"},{"@type":"ListItem","position":5,"name":"BringMe Transportabel Lampe Metalisk M\u00f8rkegr\u00f8n"}]},{"@type":"WebSite","@id":"https:\/\/hubsch-interior.com\/da\/#website","url":"https:\/\/hubsch-interior.com\/da\/","name":"H\u00fcbsch","description":"Danish Home Interior and Design","publisher":{"@id":"https:\/\/hubsch-interior.com\/da\/#organization"},"potentialAction":[{"@type":"SearchAction","target":{"@type":"EntryPoint","urlTemplate":"https:\/\/hubsch-interior.com\/da\/?s={search_term_string}"},"query-input":{"@type":"PropertyValueSpecification","valueRequired":true,"valueName":"search_term_string"}}],"inLanguage":"da-DK"},{"@type":"Organization","@id":"https:\/\/hubsch-interior.com\/da\/#organization","name":"H\u00fcbsch","url":"https:\/\/hubsch-interior.com\/da\/","logo":{"@type":"ImageObject","inLanguage":"da-DK","@id":"https:\/\/hubsch-interior.com\/da\/#\/schema\/logo\/image\/","url":"https:\/\/hubsch-interior.com\/wp-content\/uploads\/2022\/12\/Hubsch_logo_black_one_line.svg","contentUrl":"https:\/\/hubsch-interior.com\/wp-content\/uploads\/2022\/12\/Hubsch_logo_black_one_line.svg","caption":"H\u00fcbsch"},"image":{"@id":"https:\/\/hubsch-interior.com\/da\/#\/schema\/logo\/image\/"}}]}},"_links":{"self":[{"href":"https:\/\/hubsch-interior.com\/da\/wp-json\/wp\/v2\/product\/1071318","targetHints":{"allow":["GET"]}}],"collection":[{"href":"https:\/\/hubsch-interior.com\/da\/wp-json\/wp\/v2\/product"}],"about":[{"href":"https:\/\/hubsch-interior.com\/da\/wp-json\/wp\/v2\/types\/product"}],"wp:featuredmedia":[{"embeddable":true,"href":"https:\/\/hubsch-interior.com\/da\/wp-json\/wp\/v2\/media\/1107934"}],"wp:attachment":[{"href":"https:\/\/hubsch-interior.com\/da\/wp-json\/wp\/v2\/media?parent=1071318"}],"wp:term":[{"taxonomy":"product_brand","embeddable":true,"href":"https:\/\/hubsch-interior.com\/da\/wp-json\/wp\/v2\/product_brand?post=1071318"},{"taxonomy":"product_cat","embeddable":true,"href":"https:\/\/hubsch-interior.com\/da\/wp-json\/wp\/v2\/product_cat?post=1071318"},{"taxonomy":"product_tag","embeddable":true,"href":"https:\/\/hubsch-interior.com\/da\/wp-json\/wp\/v2\/product_tag?post=1071318"}],"curies":[{"name":"wp","href":"https:\/\/api.w.org\/{rel}","templated":true}]}}