{"id":1071330,"date":"2025-09-25T13:16:47","date_gmt":"2025-09-25T11:16:47","guid":{"rendered":"https:\/\/hubsch-interior.com\/product\/product\/"},"modified":"2026-04-10T05:08:21","modified_gmt":"2026-04-10T03:08:21","slug":"bringme-transportabel-lampe-metalisk-bourgogne","status":"publish","type":"product","link":"https:\/\/hubsch-interior.com\/da\/vare\/bringme-transportabel-lampe-metalisk-bourgogne\/","title":{"rendered":"BringMe Transportabel Lampe Metalisk Bourgogne"},"content":{"rendered":"<p>Tilf\u00f8j et strejf af elegance til dit hjem med BringMe Transportabel Lampe i dyb bordeauxmetallic. Tilg\u00e6ngelig i otte stilfulde varianter, er den designet til at passe til enhver indretning samtidig med, at den giver dig friheden ved tr\u00e5dl\u00f8s belysning. En fuld opladning p\u00e5 11 timer leverer op til 10 timers klar belysning \u2014 perfekt til l\u00e6sehj\u00f8rner, hyggelige aftener eller til at fremh\u00e6ve dine yndlingssteder. Uanset hvor du placerer den, g\u00f8r BringMe lys b\u00e5de praktisk og smukt.<\/p>\n","protected":false},"excerpt":{"rendered":"<p>Tilf\u00f8j et strejf af elegance til dit hjem med BringMe Transportabel Lampe i dyb bordeauxmetallic. Tilg\u00e6ngelig i otte stilfulde varianter, er den designet til at passe til enhver indretning samtidig med, at den giver dig friheden ved tr\u00e5dl\u00f8s belysning. En fuld opladning p\u00e5 11 timer leverer op til 10 timers klar belysning \u2014 perfekt til [&hellip;]<\/p>\n","protected":false},"featured_media":1107942,"template":"","meta":{"_acf_changed":false,"inline_featured_image":false},"product_brand":[],"product_cat":[6938,6996,6961,3808,3499,5045],"product_tag":[],"class_list":{"0":"post-1071330","1":"product","2":"type-product","3":"status-publish","4":"has-post-thumbnail","6":"product_cat-additions-da","7":"product_cat-the-buzz-da","8":"product_cat-transportable-lamper-da","9":"product_cat-belysning","10":"product_cat-bordlamper-da","11":"product_cat-nyheder-da","12":"product_shipping_class-pk","14":"pa_color-metalisk-bourgogne","15":"pa_material-acrylic-5-da","16":"pa_material-jern-da","18":"first","19":"instock","20":"taxable","21":"shipping-taxable","22":"purchasable","23":"product-type-simple"},"exclude_global_add_ons":[],"addons":[],"acf":[],"yoast_head":"<!-- This site is optimized with the Yoast SEO plugin v26.4 - https:\/\/yoast.com\/wordpress\/plugins\/seo\/ -->\n<title>BringMe Transportabel Lampe Metalisk Bourgogne - H\u00fcbsch<\/title>\n<meta name=\"description\" content=\"Tilf\u00f8j et strejf af elegance til dit hjem med BringMe Transportabel Lampe i dyb bordeauxmetallic. Tilg\u00e6ngelig i otte stilfulde varianter, er den designet\" \/>\n<meta name=\"robots\" content=\"index, follow, max-snippet:-1, max-image-preview:large, max-video-preview:-1\" \/>\n<link rel=\"canonical\" href=\"https:\/\/hubsch-interior.com\/da\/wp-json\/wp\/v2\/product\/1071330\" \/>\n<meta property=\"og:locale\" content=\"da_DK\" \/>\n<meta property=\"og:type\" content=\"article\" \/>\n<meta property=\"og:title\" content=\"BringMe Transportabel Lampe Metalisk Bourgogne - H\u00fcbsch\" \/>\n<meta property=\"og:description\" content=\"Tilf\u00f8j et strejf af elegance til dit hjem med BringMe Transportabel Lampe i dyb bordeauxmetallic. Tilg\u00e6ngelig i otte stilfulde varianter, er den designet\" \/>\n<meta property=\"og:url\" content=\"https:\/\/hubsch-interior.com\/da\/vare\/bringme-transportabel-lampe-metalisk-bourgogne\/\" \/>\n<meta property=\"og:site_name\" content=\"H\u00fcbsch\" \/>\n<meta property=\"article:modified_time\" content=\"2026-04-10T03:08:21+00:00\" \/>\n<meta property=\"og:image\" content=\"https:\/\/hubsch-interior.com\/wp-content\/uploads\/2025\/09\/bringme-portable-lamp-metallic-burgundy-e89ee3ff4b204d20b2cc98cf239cad26.jpg\" \/>\n\t<meta property=\"og:image:width\" content=\"1200\" \/>\n\t<meta property=\"og:image:height\" content=\"1200\" \/>\n\t<meta property=\"og:image:type\" content=\"image\/jpeg\" \/>\n<meta name=\"twitter:card\" content=\"summary_large_image\" \/>\n<script type=\"application\/ld+json\" class=\"yoast-schema-graph\">{\"@context\":\"https:\/\/schema.org\",\"@graph\":[{\"@type\":\"WebPage\",\"@id\":\"https:\/\/hubsch-interior.com\/da\/vare\/bringme-transportabel-lampe-metalisk-bourgogne\/\",\"url\":\"https:\/\/hubsch-interior.com\/da\/vare\/bringme-transportabel-lampe-metalisk-bourgogne\/\",\"name\":\"BringMe Transportabel Lampe Metalisk Bourgogne - H\u00fcbsch\",\"isPartOf\":{\"@id\":\"https:\/\/hubsch-interior.com\/da\/#website\"},\"primaryImageOfPage\":{\"@id\":\"https:\/\/hubsch-interior.com\/da\/vare\/bringme-transportabel-lampe-metalisk-bourgogne\/#primaryimage\"},\"image\":{\"@id\":\"https:\/\/hubsch-interior.com\/da\/vare\/bringme-transportabel-lampe-metalisk-bourgogne\/#primaryimage\"},\"thumbnailUrl\":\"https:\/\/hubsch-interior.com\/wp-content\/uploads\/2026\/02\/bringme-portable-lamp-metallic-burgundy-c28d123340436b54379d1ab39083b43b.jpg\",\"datePublished\":\"2025-09-25T11:16:47+00:00\",\"dateModified\":\"2026-04-10T03:08:21+00:00\",\"description\":\"Tilf\u00f8j et strejf af elegance til dit hjem med BringMe Transportabel Lampe i dyb bordeauxmetallic. Tilg\u00e6ngelig i otte stilfulde varianter, er den designet\",\"breadcrumb\":{\"@id\":\"https:\/\/hubsch-interior.com\/da\/vare\/bringme-transportabel-lampe-metalisk-bourgogne\/#breadcrumb\"},\"inLanguage\":\"da-DK\",\"potentialAction\":[{\"@type\":\"ReadAction\",\"target\":[\"https:\/\/hubsch-interior.com\/da\/vare\/bringme-transportabel-lampe-metalisk-bourgogne\/\"]}]},{\"@type\":\"ImageObject\",\"inLanguage\":\"da-DK\",\"@id\":\"https:\/\/hubsch-interior.com\/da\/vare\/bringme-transportabel-lampe-metalisk-bourgogne\/#primaryimage\",\"url\":\"https:\/\/hubsch-interior.com\/wp-content\/uploads\/2026\/02\/bringme-portable-lamp-metallic-burgundy-c28d123340436b54379d1ab39083b43b.jpg\",\"contentUrl\":\"https:\/\/hubsch-interior.com\/wp-content\/uploads\/2026\/02\/bringme-portable-lamp-metallic-burgundy-c28d123340436b54379d1ab39083b43b.jpg\",\"width\":1024,\"height\":1024},{\"@type\":\"BreadcrumbList\",\"@id\":\"https:\/\/hubsch-interior.com\/da\/vare\/bringme-transportabel-lampe-metalisk-bourgogne\/#breadcrumb\",\"itemListElement\":[{\"@type\":\"ListItem\",\"position\":1,\"name\":\"Forside\",\"item\":\"https:\/\/hubsch-interior.com\/da\/\"},{\"@type\":\"ListItem\",\"position\":2,\"name\":\"Produkter\",\"item\":\"https:\/\/hubsch-interior.com\/da\/produkter\/\"},{\"@type\":\"ListItem\",\"position\":3,\"name\":\"Belysning\",\"item\":\"https:\/\/hubsch-interior.com\/da\/vare-kategori\/belysning\/\"},{\"@type\":\"ListItem\",\"position\":4,\"name\":\"Transportable Lamper\",\"item\":\"https:\/\/hubsch-interior.com\/da\/vare-kategori\/belysning\/transportable-lamper-da\/\"},{\"@type\":\"ListItem\",\"position\":5,\"name\":\"BringMe Transportabel Lampe Metalisk Bourgogne\"}]},{\"@type\":\"WebSite\",\"@id\":\"https:\/\/hubsch-interior.com\/da\/#website\",\"url\":\"https:\/\/hubsch-interior.com\/da\/\",\"name\":\"H\u00fcbsch\",\"description\":\"Danish Home Interior and Design\",\"publisher\":{\"@id\":\"https:\/\/hubsch-interior.com\/da\/#organization\"},\"potentialAction\":[{\"@type\":\"SearchAction\",\"target\":{\"@type\":\"EntryPoint\",\"urlTemplate\":\"https:\/\/hubsch-interior.com\/da\/?s={search_term_string}\"},\"query-input\":{\"@type\":\"PropertyValueSpecification\",\"valueRequired\":true,\"valueName\":\"search_term_string\"}}],\"inLanguage\":\"da-DK\"},{\"@type\":\"Organization\",\"@id\":\"https:\/\/hubsch-interior.com\/da\/#organization\",\"name\":\"H\u00fcbsch\",\"url\":\"https:\/\/hubsch-interior.com\/da\/\",\"logo\":{\"@type\":\"ImageObject\",\"inLanguage\":\"da-DK\",\"@id\":\"https:\/\/hubsch-interior.com\/da\/#\/schema\/logo\/image\/\",\"url\":\"https:\/\/hubsch-interior.com\/wp-content\/uploads\/2022\/12\/Hubsch_logo_black_one_line.svg\",\"contentUrl\":\"https:\/\/hubsch-interior.com\/wp-content\/uploads\/2022\/12\/Hubsch_logo_black_one_line.svg\",\"caption\":\"H\u00fcbsch\"},\"image\":{\"@id\":\"https:\/\/hubsch-interior.com\/da\/#\/schema\/logo\/image\/\"}}]}<\/script>\n<!-- \/ Yoast SEO plugin. -->","yoast_head_json":{"title":"BringMe Transportabel Lampe Metalisk Bourgogne - H\u00fcbsch","description":"Tilf\u00f8j et strejf af elegance til dit hjem med BringMe Transportabel Lampe i dyb bordeauxmetallic. Tilg\u00e6ngelig i otte stilfulde varianter, er den designet","robots":{"index":"index","follow":"follow","max-snippet":"max-snippet:-1","max-image-preview":"max-image-preview:large","max-video-preview":"max-video-preview:-1"},"canonical":"https:\/\/hubsch-interior.com\/da\/wp-json\/wp\/v2\/product\/1071330","og_locale":"da_DK","og_type":"article","og_title":"BringMe Transportabel Lampe Metalisk Bourgogne - H\u00fcbsch","og_description":"Tilf\u00f8j et strejf af elegance til dit hjem med BringMe Transportabel Lampe i dyb bordeauxmetallic. Tilg\u00e6ngelig i otte stilfulde varianter, er den designet","og_url":"https:\/\/hubsch-interior.com\/da\/vare\/bringme-transportabel-lampe-metalisk-bourgogne\/","og_site_name":"H\u00fcbsch","article_modified_time":"2026-04-10T03:08:21+00:00","og_image":[{"width":1200,"height":1200,"url":"https:\/\/hubsch-interior.com\/wp-content\/uploads\/2025\/09\/bringme-portable-lamp-metallic-burgundy-e89ee3ff4b204d20b2cc98cf239cad26.jpg","type":"image\/jpeg"}],"twitter_card":"summary_large_image","schema":{"@context":"https:\/\/schema.org","@graph":[{"@type":"WebPage","@id":"https:\/\/hubsch-interior.com\/da\/vare\/bringme-transportabel-lampe-metalisk-bourgogne\/","url":"https:\/\/hubsch-interior.com\/da\/vare\/bringme-transportabel-lampe-metalisk-bourgogne\/","name":"BringMe Transportabel Lampe Metalisk Bourgogne - H\u00fcbsch","isPartOf":{"@id":"https:\/\/hubsch-interior.com\/da\/#website"},"primaryImageOfPage":{"@id":"https:\/\/hubsch-interior.com\/da\/vare\/bringme-transportabel-lampe-metalisk-bourgogne\/#primaryimage"},"image":{"@id":"https:\/\/hubsch-interior.com\/da\/vare\/bringme-transportabel-lampe-metalisk-bourgogne\/#primaryimage"},"thumbnailUrl":"https:\/\/hubsch-interior.com\/wp-content\/uploads\/2026\/02\/bringme-portable-lamp-metallic-burgundy-c28d123340436b54379d1ab39083b43b.jpg","datePublished":"2025-09-25T11:16:47+00:00","dateModified":"2026-04-10T03:08:21+00:00","description":"Tilf\u00f8j et strejf af elegance til dit hjem med BringMe Transportabel Lampe i dyb bordeauxmetallic. Tilg\u00e6ngelig i otte stilfulde varianter, er den designet","breadcrumb":{"@id":"https:\/\/hubsch-interior.com\/da\/vare\/bringme-transportabel-lampe-metalisk-bourgogne\/#breadcrumb"},"inLanguage":"da-DK","potentialAction":[{"@type":"ReadAction","target":["https:\/\/hubsch-interior.com\/da\/vare\/bringme-transportabel-lampe-metalisk-bourgogne\/"]}]},{"@type":"ImageObject","inLanguage":"da-DK","@id":"https:\/\/hubsch-interior.com\/da\/vare\/bringme-transportabel-lampe-metalisk-bourgogne\/#primaryimage","url":"https:\/\/hubsch-interior.com\/wp-content\/uploads\/2026\/02\/bringme-portable-lamp-metallic-burgundy-c28d123340436b54379d1ab39083b43b.jpg","contentUrl":"https:\/\/hubsch-interior.com\/wp-content\/uploads\/2026\/02\/bringme-portable-lamp-metallic-burgundy-c28d123340436b54379d1ab39083b43b.jpg","width":1024,"height":1024},{"@type":"BreadcrumbList","@id":"https:\/\/hubsch-interior.com\/da\/vare\/bringme-transportabel-lampe-metalisk-bourgogne\/#breadcrumb","itemListElement":[{"@type":"ListItem","position":1,"name":"Forside","item":"https:\/\/hubsch-interior.com\/da\/"},{"@type":"ListItem","position":2,"name":"Produkter","item":"https:\/\/hubsch-interior.com\/da\/produkter\/"},{"@type":"ListItem","position":3,"name":"Belysning","item":"https:\/\/hubsch-interior.com\/da\/vare-kategori\/belysning\/"},{"@type":"ListItem","position":4,"name":"Transportable Lamper","item":"https:\/\/hubsch-interior.com\/da\/vare-kategori\/belysning\/transportable-lamper-da\/"},{"@type":"ListItem","position":5,"name":"BringMe Transportabel Lampe Metalisk Bourgogne"}]},{"@type":"WebSite","@id":"https:\/\/hubsch-interior.com\/da\/#website","url":"https:\/\/hubsch-interior.com\/da\/","name":"H\u00fcbsch","description":"Danish Home Interior and Design","publisher":{"@id":"https:\/\/hubsch-interior.com\/da\/#organization"},"potentialAction":[{"@type":"SearchAction","target":{"@type":"EntryPoint","urlTemplate":"https:\/\/hubsch-interior.com\/da\/?s={search_term_string}"},"query-input":{"@type":"PropertyValueSpecification","valueRequired":true,"valueName":"search_term_string"}}],"inLanguage":"da-DK"},{"@type":"Organization","@id":"https:\/\/hubsch-interior.com\/da\/#organization","name":"H\u00fcbsch","url":"https:\/\/hubsch-interior.com\/da\/","logo":{"@type":"ImageObject","inLanguage":"da-DK","@id":"https:\/\/hubsch-interior.com\/da\/#\/schema\/logo\/image\/","url":"https:\/\/hubsch-interior.com\/wp-content\/uploads\/2022\/12\/Hubsch_logo_black_one_line.svg","contentUrl":"https:\/\/hubsch-interior.com\/wp-content\/uploads\/2022\/12\/Hubsch_logo_black_one_line.svg","caption":"H\u00fcbsch"},"image":{"@id":"https:\/\/hubsch-interior.com\/da\/#\/schema\/logo\/image\/"}}]}},"_links":{"self":[{"href":"https:\/\/hubsch-interior.com\/da\/wp-json\/wp\/v2\/product\/1071330","targetHints":{"allow":["GET"]}}],"collection":[{"href":"https:\/\/hubsch-interior.com\/da\/wp-json\/wp\/v2\/product"}],"about":[{"href":"https:\/\/hubsch-interior.com\/da\/wp-json\/wp\/v2\/types\/product"}],"wp:featuredmedia":[{"embeddable":true,"href":"https:\/\/hubsch-interior.com\/da\/wp-json\/wp\/v2\/media\/1107942"}],"wp:attachment":[{"href":"https:\/\/hubsch-interior.com\/da\/wp-json\/wp\/v2\/media?parent=1071330"}],"wp:term":[{"taxonomy":"product_brand","embeddable":true,"href":"https:\/\/hubsch-interior.com\/da\/wp-json\/wp\/v2\/product_brand?post=1071330"},{"taxonomy":"product_cat","embeddable":true,"href":"https:\/\/hubsch-interior.com\/da\/wp-json\/wp\/v2\/product_cat?post=1071330"},{"taxonomy":"product_tag","embeddable":true,"href":"https:\/\/hubsch-interior.com\/da\/wp-json\/wp\/v2\/product_tag?post=1071330"}],"curies":[{"name":"wp","href":"https:\/\/api.w.org\/{rel}","templated":true}]}}