{"id":1071338,"date":"2025-09-25T13:16:59","date_gmt":"2025-09-25T11:16:59","guid":{"rendered":"https:\/\/hubsch-interior.com\/product\/product\/"},"modified":"2026-04-29T05:10:47","modified_gmt":"2026-04-29T03:10:47","slug":"mush-transportabel-lampe-mat-sort","status":"publish","type":"product","link":"https:\/\/hubsch-interior.com\/da\/vare\/mush-transportabel-lampe-mat-sort\/","title":{"rendered":"Mush Transportabel Lampe Mat Sort"},"content":{"rendered":"<p>Oplev charmen ved vores evigt klassiske Mush Transportabel Lampe, nu i en dejlig, lille b\u00e6rbar version. Uden ledninger til at begr\u00e6nse dig, tilbyder denne elegante lampe i en klassisk mat sort overflade friheden til at oplyse ethvert hj\u00f8rne af dit hjem. Fuldt opladet p\u00e5 kun 4 timer lover den at lyse op i dit rum i hele 8 timer. Uanset om du hygger dig med en bog eller tilf\u00f8jer et strejf af varme til en aften med venner, kan du nemt tage lyset med pr\u00e6cis, hvor du har brug for det.<\/p>\n","protected":false},"excerpt":{"rendered":"<p>Oplev charmen ved vores evigt klassiske Mush Transportabel Lampe, nu i en dejlig, lille b\u00e6rbar version. Uden ledninger til at begr\u00e6nse dig, tilbyder denne elegante lampe i en klassisk mat sort overflade friheden til at oplyse ethvert hj\u00f8rne af dit hjem. Fuldt opladet p\u00e5 kun 4 timer lover den at lyse op i dit rum [&hellip;]<\/p>\n","protected":false},"featured_media":1107954,"template":"","meta":{"_acf_changed":false,"inline_featured_image":false},"product_brand":[],"product_cat":[6938,6996,6961,3808,3499,5025],"product_tag":[],"class_list":{"0":"post-1071338","1":"product","2":"type-product","3":"status-publish","4":"has-post-thumbnail","6":"product_cat-additions-da","7":"product_cat-the-buzz-da","8":"product_cat-transportable-lamper-da","9":"product_cat-belysning","10":"product_cat-bordlamper-da","11":"product_cat-bestsellers-da","12":"product_shipping_class-pk","14":"pa_color-mat-sort","15":"pa_material-acrylic-5-da","16":"pa_material-jern-da","17":"pa_material-polycarbonat","19":"first","20":"instock","21":"featured","22":"taxable","23":"shipping-taxable","24":"purchasable","25":"product-type-simple"},"exclude_global_add_ons":[],"addons":[],"acf":[],"yoast_head":"<!-- This site is optimized with the Yoast SEO plugin v26.4 - https:\/\/yoast.com\/wordpress\/plugins\/seo\/ -->\n<title>Mush Transportabel Lampe Mat Sort - H\u00fcbsch<\/title>\n<meta name=\"description\" content=\"Oplev charmen ved vores evigt klassiske Mush Transportabel Lampe, nu i en dejlig, lille b\u00e6rbar version. Uden ledninger til at begr\u00e6nse dig, tilbyder denne\" \/>\n<meta name=\"robots\" content=\"index, follow, max-snippet:-1, max-image-preview:large, max-video-preview:-1\" \/>\n<link rel=\"canonical\" href=\"https:\/\/hubsch-interior.com\/da\/wp-json\/wp\/v2\/product\/1071338\" \/>\n<meta property=\"og:locale\" content=\"da_DK\" \/>\n<meta property=\"og:type\" content=\"article\" \/>\n<meta property=\"og:title\" content=\"Mush Transportabel Lampe Mat Sort - H\u00fcbsch\" \/>\n<meta property=\"og:description\" content=\"Oplev charmen ved vores evigt klassiske Mush Transportabel Lampe, nu i en dejlig, lille b\u00e6rbar version. Uden ledninger til at begr\u00e6nse dig, tilbyder denne\" \/>\n<meta property=\"og:url\" content=\"https:\/\/hubsch-interior.com\/da\/vare\/mush-transportabel-lampe-mat-sort\/\" \/>\n<meta property=\"og:site_name\" content=\"H\u00fcbsch\" \/>\n<meta property=\"article:modified_time\" content=\"2026-04-29T03:10:47+00:00\" \/>\n<meta property=\"og:image\" content=\"https:\/\/hubsch-interior.com\/wp-content\/uploads\/2025\/09\/mush-portable-lamp-matt-black-0e596bb4fed44bf532912d1f489342e3.jpg\" \/>\n\t<meta property=\"og:image:width\" content=\"1200\" \/>\n\t<meta property=\"og:image:height\" content=\"1200\" \/>\n\t<meta property=\"og:image:type\" content=\"image\/jpeg\" \/>\n<meta name=\"twitter:card\" content=\"summary_large_image\" \/>\n<script type=\"application\/ld+json\" class=\"yoast-schema-graph\">{\"@context\":\"https:\/\/schema.org\",\"@graph\":[{\"@type\":\"WebPage\",\"@id\":\"https:\/\/hubsch-interior.com\/da\/vare\/mush-transportabel-lampe-mat-sort\/\",\"url\":\"https:\/\/hubsch-interior.com\/da\/vare\/mush-transportabel-lampe-mat-sort\/\",\"name\":\"Mush Transportabel Lampe Mat Sort - H\u00fcbsch\",\"isPartOf\":{\"@id\":\"https:\/\/hubsch-interior.com\/da\/#website\"},\"primaryImageOfPage\":{\"@id\":\"https:\/\/hubsch-interior.com\/da\/vare\/mush-transportabel-lampe-mat-sort\/#primaryimage\"},\"image\":{\"@id\":\"https:\/\/hubsch-interior.com\/da\/vare\/mush-transportabel-lampe-mat-sort\/#primaryimage\"},\"thumbnailUrl\":\"https:\/\/hubsch-interior.com\/wp-content\/uploads\/2026\/02\/mush-portable-lamp-matt-black-c08b3c1868e525cca0496dee6a3dea27.jpg\",\"datePublished\":\"2025-09-25T11:16:59+00:00\",\"dateModified\":\"2026-04-29T03:10:47+00:00\",\"description\":\"Oplev charmen ved vores evigt klassiske Mush Transportabel Lampe, nu i en dejlig, lille b\u00e6rbar version. Uden ledninger til at begr\u00e6nse dig, tilbyder denne\",\"breadcrumb\":{\"@id\":\"https:\/\/hubsch-interior.com\/da\/vare\/mush-transportabel-lampe-mat-sort\/#breadcrumb\"},\"inLanguage\":\"da-DK\",\"potentialAction\":[{\"@type\":\"ReadAction\",\"target\":[\"https:\/\/hubsch-interior.com\/da\/vare\/mush-transportabel-lampe-mat-sort\/\"]}]},{\"@type\":\"ImageObject\",\"inLanguage\":\"da-DK\",\"@id\":\"https:\/\/hubsch-interior.com\/da\/vare\/mush-transportabel-lampe-mat-sort\/#primaryimage\",\"url\":\"https:\/\/hubsch-interior.com\/wp-content\/uploads\/2026\/02\/mush-portable-lamp-matt-black-c08b3c1868e525cca0496dee6a3dea27.jpg\",\"contentUrl\":\"https:\/\/hubsch-interior.com\/wp-content\/uploads\/2026\/02\/mush-portable-lamp-matt-black-c08b3c1868e525cca0496dee6a3dea27.jpg\",\"width\":1024,\"height\":1024},{\"@type\":\"BreadcrumbList\",\"@id\":\"https:\/\/hubsch-interior.com\/da\/vare\/mush-transportabel-lampe-mat-sort\/#breadcrumb\",\"itemListElement\":[{\"@type\":\"ListItem\",\"position\":1,\"name\":\"Forside\",\"item\":\"https:\/\/hubsch-interior.com\/da\/\"},{\"@type\":\"ListItem\",\"position\":2,\"name\":\"Produkter\",\"item\":\"https:\/\/hubsch-interior.com\/da\/produkter\/\"},{\"@type\":\"ListItem\",\"position\":3,\"name\":\"Belysning\",\"item\":\"https:\/\/hubsch-interior.com\/da\/vare-kategori\/belysning\/\"},{\"@type\":\"ListItem\",\"position\":4,\"name\":\"Transportable Lamper\",\"item\":\"https:\/\/hubsch-interior.com\/da\/vare-kategori\/belysning\/transportable-lamper-da\/\"},{\"@type\":\"ListItem\",\"position\":5,\"name\":\"Mush Transportabel Lampe Mat Sort\"}]},{\"@type\":\"WebSite\",\"@id\":\"https:\/\/hubsch-interior.com\/da\/#website\",\"url\":\"https:\/\/hubsch-interior.com\/da\/\",\"name\":\"H\u00fcbsch\",\"description\":\"Danish Home Interior and Design\",\"publisher\":{\"@id\":\"https:\/\/hubsch-interior.com\/da\/#organization\"},\"potentialAction\":[{\"@type\":\"SearchAction\",\"target\":{\"@type\":\"EntryPoint\",\"urlTemplate\":\"https:\/\/hubsch-interior.com\/da\/?s={search_term_string}\"},\"query-input\":{\"@type\":\"PropertyValueSpecification\",\"valueRequired\":true,\"valueName\":\"search_term_string\"}}],\"inLanguage\":\"da-DK\"},{\"@type\":\"Organization\",\"@id\":\"https:\/\/hubsch-interior.com\/da\/#organization\",\"name\":\"H\u00fcbsch\",\"url\":\"https:\/\/hubsch-interior.com\/da\/\",\"logo\":{\"@type\":\"ImageObject\",\"inLanguage\":\"da-DK\",\"@id\":\"https:\/\/hubsch-interior.com\/da\/#\/schema\/logo\/image\/\",\"url\":\"https:\/\/hubsch-interior.com\/wp-content\/uploads\/2022\/12\/Hubsch_logo_black_one_line.svg\",\"contentUrl\":\"https:\/\/hubsch-interior.com\/wp-content\/uploads\/2022\/12\/Hubsch_logo_black_one_line.svg\",\"caption\":\"H\u00fcbsch\"},\"image\":{\"@id\":\"https:\/\/hubsch-interior.com\/da\/#\/schema\/logo\/image\/\"}}]}<\/script>\n<!-- \/ Yoast SEO plugin. -->","yoast_head_json":{"title":"Mush Transportabel Lampe Mat Sort - H\u00fcbsch","description":"Oplev charmen ved vores evigt klassiske Mush Transportabel Lampe, nu i en dejlig, lille b\u00e6rbar version. Uden ledninger til at begr\u00e6nse dig, tilbyder denne","robots":{"index":"index","follow":"follow","max-snippet":"max-snippet:-1","max-image-preview":"max-image-preview:large","max-video-preview":"max-video-preview:-1"},"canonical":"https:\/\/hubsch-interior.com\/da\/wp-json\/wp\/v2\/product\/1071338","og_locale":"da_DK","og_type":"article","og_title":"Mush Transportabel Lampe Mat Sort - H\u00fcbsch","og_description":"Oplev charmen ved vores evigt klassiske Mush Transportabel Lampe, nu i en dejlig, lille b\u00e6rbar version. Uden ledninger til at begr\u00e6nse dig, tilbyder denne","og_url":"https:\/\/hubsch-interior.com\/da\/vare\/mush-transportabel-lampe-mat-sort\/","og_site_name":"H\u00fcbsch","article_modified_time":"2026-04-29T03:10:47+00:00","og_image":[{"width":1200,"height":1200,"url":"https:\/\/hubsch-interior.com\/wp-content\/uploads\/2025\/09\/mush-portable-lamp-matt-black-0e596bb4fed44bf532912d1f489342e3.jpg","type":"image\/jpeg"}],"twitter_card":"summary_large_image","schema":{"@context":"https:\/\/schema.org","@graph":[{"@type":"WebPage","@id":"https:\/\/hubsch-interior.com\/da\/vare\/mush-transportabel-lampe-mat-sort\/","url":"https:\/\/hubsch-interior.com\/da\/vare\/mush-transportabel-lampe-mat-sort\/","name":"Mush Transportabel Lampe Mat Sort - H\u00fcbsch","isPartOf":{"@id":"https:\/\/hubsch-interior.com\/da\/#website"},"primaryImageOfPage":{"@id":"https:\/\/hubsch-interior.com\/da\/vare\/mush-transportabel-lampe-mat-sort\/#primaryimage"},"image":{"@id":"https:\/\/hubsch-interior.com\/da\/vare\/mush-transportabel-lampe-mat-sort\/#primaryimage"},"thumbnailUrl":"https:\/\/hubsch-interior.com\/wp-content\/uploads\/2026\/02\/mush-portable-lamp-matt-black-c08b3c1868e525cca0496dee6a3dea27.jpg","datePublished":"2025-09-25T11:16:59+00:00","dateModified":"2026-04-29T03:10:47+00:00","description":"Oplev charmen ved vores evigt klassiske Mush Transportabel Lampe, nu i en dejlig, lille b\u00e6rbar version. Uden ledninger til at begr\u00e6nse dig, tilbyder denne","breadcrumb":{"@id":"https:\/\/hubsch-interior.com\/da\/vare\/mush-transportabel-lampe-mat-sort\/#breadcrumb"},"inLanguage":"da-DK","potentialAction":[{"@type":"ReadAction","target":["https:\/\/hubsch-interior.com\/da\/vare\/mush-transportabel-lampe-mat-sort\/"]}]},{"@type":"ImageObject","inLanguage":"da-DK","@id":"https:\/\/hubsch-interior.com\/da\/vare\/mush-transportabel-lampe-mat-sort\/#primaryimage","url":"https:\/\/hubsch-interior.com\/wp-content\/uploads\/2026\/02\/mush-portable-lamp-matt-black-c08b3c1868e525cca0496dee6a3dea27.jpg","contentUrl":"https:\/\/hubsch-interior.com\/wp-content\/uploads\/2026\/02\/mush-portable-lamp-matt-black-c08b3c1868e525cca0496dee6a3dea27.jpg","width":1024,"height":1024},{"@type":"BreadcrumbList","@id":"https:\/\/hubsch-interior.com\/da\/vare\/mush-transportabel-lampe-mat-sort\/#breadcrumb","itemListElement":[{"@type":"ListItem","position":1,"name":"Forside","item":"https:\/\/hubsch-interior.com\/da\/"},{"@type":"ListItem","position":2,"name":"Produkter","item":"https:\/\/hubsch-interior.com\/da\/produkter\/"},{"@type":"ListItem","position":3,"name":"Belysning","item":"https:\/\/hubsch-interior.com\/da\/vare-kategori\/belysning\/"},{"@type":"ListItem","position":4,"name":"Transportable Lamper","item":"https:\/\/hubsch-interior.com\/da\/vare-kategori\/belysning\/transportable-lamper-da\/"},{"@type":"ListItem","position":5,"name":"Mush Transportabel Lampe Mat Sort"}]},{"@type":"WebSite","@id":"https:\/\/hubsch-interior.com\/da\/#website","url":"https:\/\/hubsch-interior.com\/da\/","name":"H\u00fcbsch","description":"Danish Home Interior and Design","publisher":{"@id":"https:\/\/hubsch-interior.com\/da\/#organization"},"potentialAction":[{"@type":"SearchAction","target":{"@type":"EntryPoint","urlTemplate":"https:\/\/hubsch-interior.com\/da\/?s={search_term_string}"},"query-input":{"@type":"PropertyValueSpecification","valueRequired":true,"valueName":"search_term_string"}}],"inLanguage":"da-DK"},{"@type":"Organization","@id":"https:\/\/hubsch-interior.com\/da\/#organization","name":"H\u00fcbsch","url":"https:\/\/hubsch-interior.com\/da\/","logo":{"@type":"ImageObject","inLanguage":"da-DK","@id":"https:\/\/hubsch-interior.com\/da\/#\/schema\/logo\/image\/","url":"https:\/\/hubsch-interior.com\/wp-content\/uploads\/2022\/12\/Hubsch_logo_black_one_line.svg","contentUrl":"https:\/\/hubsch-interior.com\/wp-content\/uploads\/2022\/12\/Hubsch_logo_black_one_line.svg","caption":"H\u00fcbsch"},"image":{"@id":"https:\/\/hubsch-interior.com\/da\/#\/schema\/logo\/image\/"}}]}},"_links":{"self":[{"href":"https:\/\/hubsch-interior.com\/da\/wp-json\/wp\/v2\/product\/1071338","targetHints":{"allow":["GET"]}}],"collection":[{"href":"https:\/\/hubsch-interior.com\/da\/wp-json\/wp\/v2\/product"}],"about":[{"href":"https:\/\/hubsch-interior.com\/da\/wp-json\/wp\/v2\/types\/product"}],"wp:featuredmedia":[{"embeddable":true,"href":"https:\/\/hubsch-interior.com\/da\/wp-json\/wp\/v2\/media\/1107954"}],"wp:attachment":[{"href":"https:\/\/hubsch-interior.com\/da\/wp-json\/wp\/v2\/media?parent=1071338"}],"wp:term":[{"taxonomy":"product_brand","embeddable":true,"href":"https:\/\/hubsch-interior.com\/da\/wp-json\/wp\/v2\/product_brand?post=1071338"},{"taxonomy":"product_cat","embeddable":true,"href":"https:\/\/hubsch-interior.com\/da\/wp-json\/wp\/v2\/product_cat?post=1071338"},{"taxonomy":"product_tag","embeddable":true,"href":"https:\/\/hubsch-interior.com\/da\/wp-json\/wp\/v2\/product_tag?post=1071338"}],"curies":[{"name":"wp","href":"https:\/\/api.w.org\/{rel}","templated":true}]}}