{"id":1071350,"date":"2025-09-25T13:17:13","date_gmt":"2025-09-25T11:17:13","guid":{"rendered":"https:\/\/hubsch-interior.com\/product\/product\/"},"modified":"2026-04-30T05:10:39","modified_gmt":"2026-04-30T03:10:39","slug":"mush-transportabel-lampe-bruneret-messing","status":"publish","type":"product","link":"https:\/\/hubsch-interior.com\/da\/vare\/mush-transportabel-lampe-bruneret-messing\/","title":{"rendered":"Mush Transportabel Lampe Bruneret Messing"},"content":{"rendered":"<p>Oplev et strejf af elegance, der lyser op, hvor end du g\u00e5r, med vores evigt klassiske Mush Transportabel Lampe i en lille b\u00e6rbar version. Med en klassisk finish i br\u00e6ndt messing forener denne elegante lampe stil med bekvemmelighed. Fuldt opladet p\u00e5 bare 4 timer lover den at forblive t\u00e6ndt i 8 timer, s\u00e5 du har lys lige der, hvor du har brug for det, uden ledninger til at begr\u00e6nse din kreativitet. Den er den perfekte f\u00f8lgesvend til dine sene nattel\u00e6sninger eller hyggelige aftensnakke indend\u00f8rs.<\/p>\n","protected":false},"excerpt":{"rendered":"<p>Oplev et strejf af elegance, der lyser op, hvor end du g\u00e5r, med vores evigt klassiske Mush Transportabel Lampe i en lille b\u00e6rbar version. Med en klassisk finish i br\u00e6ndt messing forener denne elegante lampe stil med bekvemmelighed. Fuldt opladet p\u00e5 bare 4 timer lover den at forblive t\u00e6ndt i 8 timer, s\u00e5 du har [&hellip;]<\/p>\n","protected":false},"featured_media":1107962,"template":"","meta":{"_acf_changed":false,"inline_featured_image":false},"product_brand":[],"product_cat":[6938,6996,6961,3808,3499,5025],"product_tag":[],"class_list":{"0":"post-1071350","1":"product","2":"type-product","3":"status-publish","4":"has-post-thumbnail","6":"product_cat-additions-da","7":"product_cat-the-buzz-da","8":"product_cat-transportable-lamper-da","9":"product_cat-belysning","10":"product_cat-bordlamper-da","11":"product_cat-bestsellers-da","12":"product_shipping_class-pk","13":"pa_color-bruneret-messing","14":"pa_material-acrylic-5-da","15":"pa_material-jern-da","16":"pa_material-polycarbonat","18":"first","19":"instock","20":"featured","21":"taxable","22":"shipping-taxable","23":"purchasable","24":"product-type-simple"},"exclude_global_add_ons":[],"addons":[],"acf":[],"yoast_head":"<!-- This site is optimized with the Yoast SEO plugin v26.4 - https:\/\/yoast.com\/wordpress\/plugins\/seo\/ -->\n<title>Mush Transportabel Lampe Bruneret Messing - H\u00fcbsch<\/title>\n<meta name=\"description\" content=\"Oplev et strejf af elegance, der lyser op, hvor end du g\u00e5r, med vores evigt klassiske Mush Transportabel Lampe i en lille b\u00e6rbar version. Med en klassisk\" \/>\n<meta name=\"robots\" content=\"index, follow, max-snippet:-1, max-image-preview:large, max-video-preview:-1\" \/>\n<link rel=\"canonical\" href=\"https:\/\/hubsch-interior.com\/da\/wp-json\/wp\/v2\/product\/1071350\" \/>\n<meta property=\"og:locale\" content=\"da_DK\" \/>\n<meta property=\"og:type\" content=\"article\" \/>\n<meta property=\"og:title\" content=\"Mush Transportabel Lampe Bruneret Messing - H\u00fcbsch\" \/>\n<meta property=\"og:description\" content=\"Oplev et strejf af elegance, der lyser op, hvor end du g\u00e5r, med vores evigt klassiske Mush Transportabel Lampe i en lille b\u00e6rbar version. Med en klassisk\" \/>\n<meta property=\"og:url\" content=\"https:\/\/hubsch-interior.com\/da\/vare\/mush-transportabel-lampe-bruneret-messing\/\" \/>\n<meta property=\"og:site_name\" content=\"H\u00fcbsch\" \/>\n<meta property=\"article:modified_time\" content=\"2026-04-30T03:10:39+00:00\" \/>\n<meta property=\"og:image\" content=\"https:\/\/hubsch-interior.com\/wp-content\/uploads\/2025\/09\/mush-portable-lamp-burnished-brass-42fcd2c3172771f716a159076b6b5590.jpg\" \/>\n\t<meta property=\"og:image:width\" content=\"1200\" \/>\n\t<meta property=\"og:image:height\" content=\"1200\" \/>\n\t<meta property=\"og:image:type\" content=\"image\/jpeg\" \/>\n<meta name=\"twitter:card\" content=\"summary_large_image\" \/>\n<script type=\"application\/ld+json\" class=\"yoast-schema-graph\">{\"@context\":\"https:\/\/schema.org\",\"@graph\":[{\"@type\":\"WebPage\",\"@id\":\"https:\/\/hubsch-interior.com\/da\/vare\/mush-transportabel-lampe-bruneret-messing\/\",\"url\":\"https:\/\/hubsch-interior.com\/da\/vare\/mush-transportabel-lampe-bruneret-messing\/\",\"name\":\"Mush Transportabel Lampe Bruneret Messing - H\u00fcbsch\",\"isPartOf\":{\"@id\":\"https:\/\/hubsch-interior.com\/da\/#website\"},\"primaryImageOfPage\":{\"@id\":\"https:\/\/hubsch-interior.com\/da\/vare\/mush-transportabel-lampe-bruneret-messing\/#primaryimage\"},\"image\":{\"@id\":\"https:\/\/hubsch-interior.com\/da\/vare\/mush-transportabel-lampe-bruneret-messing\/#primaryimage\"},\"thumbnailUrl\":\"https:\/\/hubsch-interior.com\/wp-content\/uploads\/2026\/02\/mush-portable-lamp-burnished-brass-ef05b4ec2be8c92356220cfdcc0405be.jpg\",\"datePublished\":\"2025-09-25T11:17:13+00:00\",\"dateModified\":\"2026-04-30T03:10:39+00:00\",\"description\":\"Oplev et strejf af elegance, der lyser op, hvor end du g\u00e5r, med vores evigt klassiske Mush Transportabel Lampe i en lille b\u00e6rbar version. Med en klassisk\",\"breadcrumb\":{\"@id\":\"https:\/\/hubsch-interior.com\/da\/vare\/mush-transportabel-lampe-bruneret-messing\/#breadcrumb\"},\"inLanguage\":\"da-DK\",\"potentialAction\":[{\"@type\":\"ReadAction\",\"target\":[\"https:\/\/hubsch-interior.com\/da\/vare\/mush-transportabel-lampe-bruneret-messing\/\"]}]},{\"@type\":\"ImageObject\",\"inLanguage\":\"da-DK\",\"@id\":\"https:\/\/hubsch-interior.com\/da\/vare\/mush-transportabel-lampe-bruneret-messing\/#primaryimage\",\"url\":\"https:\/\/hubsch-interior.com\/wp-content\/uploads\/2026\/02\/mush-portable-lamp-burnished-brass-ef05b4ec2be8c92356220cfdcc0405be.jpg\",\"contentUrl\":\"https:\/\/hubsch-interior.com\/wp-content\/uploads\/2026\/02\/mush-portable-lamp-burnished-brass-ef05b4ec2be8c92356220cfdcc0405be.jpg\",\"width\":1024,\"height\":1024},{\"@type\":\"BreadcrumbList\",\"@id\":\"https:\/\/hubsch-interior.com\/da\/vare\/mush-transportabel-lampe-bruneret-messing\/#breadcrumb\",\"itemListElement\":[{\"@type\":\"ListItem\",\"position\":1,\"name\":\"Forside\",\"item\":\"https:\/\/hubsch-interior.com\/da\/\"},{\"@type\":\"ListItem\",\"position\":2,\"name\":\"Produkter\",\"item\":\"https:\/\/hubsch-interior.com\/da\/produkter\/\"},{\"@type\":\"ListItem\",\"position\":3,\"name\":\"Belysning\",\"item\":\"https:\/\/hubsch-interior.com\/da\/vare-kategori\/belysning\/\"},{\"@type\":\"ListItem\",\"position\":4,\"name\":\"Transportable Lamper\",\"item\":\"https:\/\/hubsch-interior.com\/da\/vare-kategori\/belysning\/transportable-lamper-da\/\"},{\"@type\":\"ListItem\",\"position\":5,\"name\":\"Mush Transportabel Lampe Bruneret Messing\"}]},{\"@type\":\"WebSite\",\"@id\":\"https:\/\/hubsch-interior.com\/da\/#website\",\"url\":\"https:\/\/hubsch-interior.com\/da\/\",\"name\":\"H\u00fcbsch\",\"description\":\"Danish Home Interior and Design\",\"publisher\":{\"@id\":\"https:\/\/hubsch-interior.com\/da\/#organization\"},\"potentialAction\":[{\"@type\":\"SearchAction\",\"target\":{\"@type\":\"EntryPoint\",\"urlTemplate\":\"https:\/\/hubsch-interior.com\/da\/?s={search_term_string}\"},\"query-input\":{\"@type\":\"PropertyValueSpecification\",\"valueRequired\":true,\"valueName\":\"search_term_string\"}}],\"inLanguage\":\"da-DK\"},{\"@type\":\"Organization\",\"@id\":\"https:\/\/hubsch-interior.com\/da\/#organization\",\"name\":\"H\u00fcbsch\",\"url\":\"https:\/\/hubsch-interior.com\/da\/\",\"logo\":{\"@type\":\"ImageObject\",\"inLanguage\":\"da-DK\",\"@id\":\"https:\/\/hubsch-interior.com\/da\/#\/schema\/logo\/image\/\",\"url\":\"https:\/\/hubsch-interior.com\/wp-content\/uploads\/2022\/12\/Hubsch_logo_black_one_line.svg\",\"contentUrl\":\"https:\/\/hubsch-interior.com\/wp-content\/uploads\/2022\/12\/Hubsch_logo_black_one_line.svg\",\"caption\":\"H\u00fcbsch\"},\"image\":{\"@id\":\"https:\/\/hubsch-interior.com\/da\/#\/schema\/logo\/image\/\"}}]}<\/script>\n<!-- \/ Yoast SEO plugin. -->","yoast_head_json":{"title":"Mush Transportabel Lampe Bruneret Messing - H\u00fcbsch","description":"Oplev et strejf af elegance, der lyser op, hvor end du g\u00e5r, med vores evigt klassiske Mush Transportabel Lampe i en lille b\u00e6rbar version. Med en klassisk","robots":{"index":"index","follow":"follow","max-snippet":"max-snippet:-1","max-image-preview":"max-image-preview:large","max-video-preview":"max-video-preview:-1"},"canonical":"https:\/\/hubsch-interior.com\/da\/wp-json\/wp\/v2\/product\/1071350","og_locale":"da_DK","og_type":"article","og_title":"Mush Transportabel Lampe Bruneret Messing - H\u00fcbsch","og_description":"Oplev et strejf af elegance, der lyser op, hvor end du g\u00e5r, med vores evigt klassiske Mush Transportabel Lampe i en lille b\u00e6rbar version. Med en klassisk","og_url":"https:\/\/hubsch-interior.com\/da\/vare\/mush-transportabel-lampe-bruneret-messing\/","og_site_name":"H\u00fcbsch","article_modified_time":"2026-04-30T03:10:39+00:00","og_image":[{"width":1200,"height":1200,"url":"https:\/\/hubsch-interior.com\/wp-content\/uploads\/2025\/09\/mush-portable-lamp-burnished-brass-42fcd2c3172771f716a159076b6b5590.jpg","type":"image\/jpeg"}],"twitter_card":"summary_large_image","schema":{"@context":"https:\/\/schema.org","@graph":[{"@type":"WebPage","@id":"https:\/\/hubsch-interior.com\/da\/vare\/mush-transportabel-lampe-bruneret-messing\/","url":"https:\/\/hubsch-interior.com\/da\/vare\/mush-transportabel-lampe-bruneret-messing\/","name":"Mush Transportabel Lampe Bruneret Messing - H\u00fcbsch","isPartOf":{"@id":"https:\/\/hubsch-interior.com\/da\/#website"},"primaryImageOfPage":{"@id":"https:\/\/hubsch-interior.com\/da\/vare\/mush-transportabel-lampe-bruneret-messing\/#primaryimage"},"image":{"@id":"https:\/\/hubsch-interior.com\/da\/vare\/mush-transportabel-lampe-bruneret-messing\/#primaryimage"},"thumbnailUrl":"https:\/\/hubsch-interior.com\/wp-content\/uploads\/2026\/02\/mush-portable-lamp-burnished-brass-ef05b4ec2be8c92356220cfdcc0405be.jpg","datePublished":"2025-09-25T11:17:13+00:00","dateModified":"2026-04-30T03:10:39+00:00","description":"Oplev et strejf af elegance, der lyser op, hvor end du g\u00e5r, med vores evigt klassiske Mush Transportabel Lampe i en lille b\u00e6rbar version. Med en klassisk","breadcrumb":{"@id":"https:\/\/hubsch-interior.com\/da\/vare\/mush-transportabel-lampe-bruneret-messing\/#breadcrumb"},"inLanguage":"da-DK","potentialAction":[{"@type":"ReadAction","target":["https:\/\/hubsch-interior.com\/da\/vare\/mush-transportabel-lampe-bruneret-messing\/"]}]},{"@type":"ImageObject","inLanguage":"da-DK","@id":"https:\/\/hubsch-interior.com\/da\/vare\/mush-transportabel-lampe-bruneret-messing\/#primaryimage","url":"https:\/\/hubsch-interior.com\/wp-content\/uploads\/2026\/02\/mush-portable-lamp-burnished-brass-ef05b4ec2be8c92356220cfdcc0405be.jpg","contentUrl":"https:\/\/hubsch-interior.com\/wp-content\/uploads\/2026\/02\/mush-portable-lamp-burnished-brass-ef05b4ec2be8c92356220cfdcc0405be.jpg","width":1024,"height":1024},{"@type":"BreadcrumbList","@id":"https:\/\/hubsch-interior.com\/da\/vare\/mush-transportabel-lampe-bruneret-messing\/#breadcrumb","itemListElement":[{"@type":"ListItem","position":1,"name":"Forside","item":"https:\/\/hubsch-interior.com\/da\/"},{"@type":"ListItem","position":2,"name":"Produkter","item":"https:\/\/hubsch-interior.com\/da\/produkter\/"},{"@type":"ListItem","position":3,"name":"Belysning","item":"https:\/\/hubsch-interior.com\/da\/vare-kategori\/belysning\/"},{"@type":"ListItem","position":4,"name":"Transportable Lamper","item":"https:\/\/hubsch-interior.com\/da\/vare-kategori\/belysning\/transportable-lamper-da\/"},{"@type":"ListItem","position":5,"name":"Mush Transportabel Lampe Bruneret Messing"}]},{"@type":"WebSite","@id":"https:\/\/hubsch-interior.com\/da\/#website","url":"https:\/\/hubsch-interior.com\/da\/","name":"H\u00fcbsch","description":"Danish Home Interior and Design","publisher":{"@id":"https:\/\/hubsch-interior.com\/da\/#organization"},"potentialAction":[{"@type":"SearchAction","target":{"@type":"EntryPoint","urlTemplate":"https:\/\/hubsch-interior.com\/da\/?s={search_term_string}"},"query-input":{"@type":"PropertyValueSpecification","valueRequired":true,"valueName":"search_term_string"}}],"inLanguage":"da-DK"},{"@type":"Organization","@id":"https:\/\/hubsch-interior.com\/da\/#organization","name":"H\u00fcbsch","url":"https:\/\/hubsch-interior.com\/da\/","logo":{"@type":"ImageObject","inLanguage":"da-DK","@id":"https:\/\/hubsch-interior.com\/da\/#\/schema\/logo\/image\/","url":"https:\/\/hubsch-interior.com\/wp-content\/uploads\/2022\/12\/Hubsch_logo_black_one_line.svg","contentUrl":"https:\/\/hubsch-interior.com\/wp-content\/uploads\/2022\/12\/Hubsch_logo_black_one_line.svg","caption":"H\u00fcbsch"},"image":{"@id":"https:\/\/hubsch-interior.com\/da\/#\/schema\/logo\/image\/"}}]}},"_links":{"self":[{"href":"https:\/\/hubsch-interior.com\/da\/wp-json\/wp\/v2\/product\/1071350","targetHints":{"allow":["GET"]}}],"collection":[{"href":"https:\/\/hubsch-interior.com\/da\/wp-json\/wp\/v2\/product"}],"about":[{"href":"https:\/\/hubsch-interior.com\/da\/wp-json\/wp\/v2\/types\/product"}],"wp:featuredmedia":[{"embeddable":true,"href":"https:\/\/hubsch-interior.com\/da\/wp-json\/wp\/v2\/media\/1107962"}],"wp:attachment":[{"href":"https:\/\/hubsch-interior.com\/da\/wp-json\/wp\/v2\/media?parent=1071350"}],"wp:term":[{"taxonomy":"product_brand","embeddable":true,"href":"https:\/\/hubsch-interior.com\/da\/wp-json\/wp\/v2\/product_brand?post=1071350"},{"taxonomy":"product_cat","embeddable":true,"href":"https:\/\/hubsch-interior.com\/da\/wp-json\/wp\/v2\/product_cat?post=1071350"},{"taxonomy":"product_tag","embeddable":true,"href":"https:\/\/hubsch-interior.com\/da\/wp-json\/wp\/v2\/product_tag?post=1071350"}],"curies":[{"name":"wp","href":"https:\/\/api.w.org\/{rel}","templated":true}]}}