{"id":1071370,"date":"2025-09-25T13:17:25","date_gmt":"2025-09-25T11:17:25","guid":{"rendered":"https:\/\/hubsch-interior.com\/product\/product\/"},"modified":"2026-04-11T05:04:20","modified_gmt":"2026-04-11T03:04:20","slug":"mush-transportabel-lampe-morkegron","status":"publish","type":"product","link":"https:\/\/hubsch-interior.com\/da\/vare\/mush-transportabel-lampe-morkegron\/","title":{"rendered":"Mush Transportabel Lampe M\u00f8rkegr\u00f8n"},"content":{"rendered":"<p>Oplev charmen ved vores evigt klassiske Mush Transportabel Lampe, nu i en dejlig lille b\u00e6rbar version. Denne uds\u00f8gte lampe, f\u00e6rdiggjort i en smuk m\u00f8rkegr\u00f8n med en h\u00f8jglansoverflade, tilbyder fleksibilitet og stil. Uden ledninger til at holde dig tilbage, kan du nemt oplyse ethvert hj\u00f8rne af dit hjem fra skumring til daggry. Fuldt opladet p\u00e5 bare 4 timer, lover den at forblive t\u00e6ndt i 8 timer, skabende den perfekte atmosf\u00e6re, hvor end du v\u00e6lger. Bring lys pr\u00e6cis der, hvor du har brug for det, ubesv\u00e6ret.<\/p>\n","protected":false},"excerpt":{"rendered":"<p>Oplev charmen ved vores evigt klassiske Mush Transportabel Lampe, nu i en dejlig lille b\u00e6rbar version. Denne uds\u00f8gte lampe, f\u00e6rdiggjort i en smuk m\u00f8rkegr\u00f8n med en h\u00f8jglansoverflade, tilbyder fleksibilitet og stil. Uden ledninger til at holde dig tilbage, kan du nemt oplyse ethvert hj\u00f8rne af dit hjem fra skumring til daggry. Fuldt opladet p\u00e5 bare [&hellip;]<\/p>\n","protected":false},"featured_media":1107970,"template":"","meta":{"_acf_changed":false,"inline_featured_image":false},"product_brand":[],"product_cat":[6938,3808,5025,3499,6517,6970,6996,6961],"product_tag":[],"class_list":{"0":"post-1071370","1":"product","2":"type-product","3":"status-publish","4":"has-post-thumbnail","6":"product_cat-additions-da","7":"product_cat-belysning","8":"product_cat-bestsellers-da","9":"product_cat-bordlamper-da","10":"product_cat-outlet-da","11":"product_cat-paaskeudsalg","12":"product_cat-the-buzz-da","13":"product_cat-transportable-lamper-da","14":"product_shipping_class-pk","16":"pa_color-mrkegrn","17":"pa_material-acrylic-5-da","18":"pa_material-jern-da","19":"pa_material-polycarbonat","21":"first","22":"instock","23":"sale","24":"featured","25":"taxable","26":"shipping-taxable","27":"purchasable","28":"product-type-simple"},"exclude_global_add_ons":[],"addons":[],"acf":[],"yoast_head":"<!-- This site is optimized with the Yoast SEO plugin v26.4 - https:\/\/yoast.com\/wordpress\/plugins\/seo\/ -->\n<title>Mush Transportabel Lampe M\u00f8rkegr\u00f8n - H\u00fcbsch<\/title>\n<meta name=\"description\" content=\"Oplev charmen ved vores evigt klassiske Mush Transportabel Lampe, nu i en dejlig lille b\u00e6rbar version. Denne uds\u00f8gte lampe, f\u00e6rdiggjort i en smuk\" \/>\n<meta name=\"robots\" content=\"index, follow, max-snippet:-1, max-image-preview:large, max-video-preview:-1\" \/>\n<link rel=\"canonical\" href=\"https:\/\/hubsch-interior.com\/da\/wp-json\/wp\/v2\/product\/1071370\" \/>\n<meta property=\"og:locale\" content=\"da_DK\" \/>\n<meta property=\"og:type\" content=\"article\" \/>\n<meta property=\"og:title\" content=\"Mush Transportabel Lampe M\u00f8rkegr\u00f8n - H\u00fcbsch\" \/>\n<meta property=\"og:description\" content=\"Oplev charmen ved vores evigt klassiske Mush Transportabel Lampe, nu i en dejlig lille b\u00e6rbar version. Denne uds\u00f8gte lampe, f\u00e6rdiggjort i en smuk\" \/>\n<meta property=\"og:url\" content=\"https:\/\/hubsch-interior.com\/da\/vare\/mush-transportabel-lampe-morkegron\/\" \/>\n<meta property=\"og:site_name\" content=\"H\u00fcbsch\" \/>\n<meta property=\"article:modified_time\" content=\"2026-04-11T03:04:20+00:00\" \/>\n<meta property=\"og:image\" content=\"https:\/\/hubsch-interior.com\/wp-content\/uploads\/2025\/09\/mush-portable-lamp-dark-green-8781d8f0548bb6d5c57362a5063e383d.jpg\" \/>\n\t<meta property=\"og:image:width\" content=\"1200\" \/>\n\t<meta property=\"og:image:height\" content=\"1200\" \/>\n\t<meta property=\"og:image:type\" content=\"image\/jpeg\" \/>\n<meta name=\"twitter:card\" content=\"summary_large_image\" \/>\n<script type=\"application\/ld+json\" class=\"yoast-schema-graph\">{\"@context\":\"https:\/\/schema.org\",\"@graph\":[{\"@type\":\"WebPage\",\"@id\":\"https:\/\/hubsch-interior.com\/da\/vare\/mush-transportabel-lampe-morkegron\/\",\"url\":\"https:\/\/hubsch-interior.com\/da\/vare\/mush-transportabel-lampe-morkegron\/\",\"name\":\"Mush Transportabel Lampe M\u00f8rkegr\u00f8n - H\u00fcbsch\",\"isPartOf\":{\"@id\":\"https:\/\/hubsch-interior.com\/da\/#website\"},\"primaryImageOfPage\":{\"@id\":\"https:\/\/hubsch-interior.com\/da\/vare\/mush-transportabel-lampe-morkegron\/#primaryimage\"},\"image\":{\"@id\":\"https:\/\/hubsch-interior.com\/da\/vare\/mush-transportabel-lampe-morkegron\/#primaryimage\"},\"thumbnailUrl\":\"https:\/\/hubsch-interior.com\/wp-content\/uploads\/2026\/02\/mush-portable-lamp-dark-green-20234b35dab15f351c3dee29a3f335fb.jpg\",\"datePublished\":\"2025-09-25T11:17:25+00:00\",\"dateModified\":\"2026-04-11T03:04:20+00:00\",\"description\":\"Oplev charmen ved vores evigt klassiske Mush Transportabel Lampe, nu i en dejlig lille b\u00e6rbar version. Denne uds\u00f8gte lampe, f\u00e6rdiggjort i en smuk\",\"breadcrumb\":{\"@id\":\"https:\/\/hubsch-interior.com\/da\/vare\/mush-transportabel-lampe-morkegron\/#breadcrumb\"},\"inLanguage\":\"da-DK\",\"potentialAction\":[{\"@type\":\"ReadAction\",\"target\":[\"https:\/\/hubsch-interior.com\/da\/vare\/mush-transportabel-lampe-morkegron\/\"]}]},{\"@type\":\"ImageObject\",\"inLanguage\":\"da-DK\",\"@id\":\"https:\/\/hubsch-interior.com\/da\/vare\/mush-transportabel-lampe-morkegron\/#primaryimage\",\"url\":\"https:\/\/hubsch-interior.com\/wp-content\/uploads\/2026\/02\/mush-portable-lamp-dark-green-20234b35dab15f351c3dee29a3f335fb.jpg\",\"contentUrl\":\"https:\/\/hubsch-interior.com\/wp-content\/uploads\/2026\/02\/mush-portable-lamp-dark-green-20234b35dab15f351c3dee29a3f335fb.jpg\",\"width\":1024,\"height\":1024},{\"@type\":\"BreadcrumbList\",\"@id\":\"https:\/\/hubsch-interior.com\/da\/vare\/mush-transportabel-lampe-morkegron\/#breadcrumb\",\"itemListElement\":[{\"@type\":\"ListItem\",\"position\":1,\"name\":\"Forside\",\"item\":\"https:\/\/hubsch-interior.com\/da\/\"},{\"@type\":\"ListItem\",\"position\":2,\"name\":\"Produkter\",\"item\":\"https:\/\/hubsch-interior.com\/da\/produkter\/\"},{\"@type\":\"ListItem\",\"position\":3,\"name\":\"Belysning\",\"item\":\"https:\/\/hubsch-interior.com\/da\/vare-kategori\/belysning\/\"},{\"@type\":\"ListItem\",\"position\":4,\"name\":\"Transportable Lamper\",\"item\":\"https:\/\/hubsch-interior.com\/da\/vare-kategori\/belysning\/transportable-lamper-da\/\"},{\"@type\":\"ListItem\",\"position\":5,\"name\":\"Mush Transportabel Lampe M\u00f8rkegr\u00f8n\"}]},{\"@type\":\"WebSite\",\"@id\":\"https:\/\/hubsch-interior.com\/da\/#website\",\"url\":\"https:\/\/hubsch-interior.com\/da\/\",\"name\":\"H\u00fcbsch\",\"description\":\"Danish Home Interior and Design\",\"publisher\":{\"@id\":\"https:\/\/hubsch-interior.com\/da\/#organization\"},\"potentialAction\":[{\"@type\":\"SearchAction\",\"target\":{\"@type\":\"EntryPoint\",\"urlTemplate\":\"https:\/\/hubsch-interior.com\/da\/?s={search_term_string}\"},\"query-input\":{\"@type\":\"PropertyValueSpecification\",\"valueRequired\":true,\"valueName\":\"search_term_string\"}}],\"inLanguage\":\"da-DK\"},{\"@type\":\"Organization\",\"@id\":\"https:\/\/hubsch-interior.com\/da\/#organization\",\"name\":\"H\u00fcbsch\",\"url\":\"https:\/\/hubsch-interior.com\/da\/\",\"logo\":{\"@type\":\"ImageObject\",\"inLanguage\":\"da-DK\",\"@id\":\"https:\/\/hubsch-interior.com\/da\/#\/schema\/logo\/image\/\",\"url\":\"https:\/\/hubsch-interior.com\/wp-content\/uploads\/2022\/12\/Hubsch_logo_black_one_line.svg\",\"contentUrl\":\"https:\/\/hubsch-interior.com\/wp-content\/uploads\/2022\/12\/Hubsch_logo_black_one_line.svg\",\"caption\":\"H\u00fcbsch\"},\"image\":{\"@id\":\"https:\/\/hubsch-interior.com\/da\/#\/schema\/logo\/image\/\"}}]}<\/script>\n<!-- \/ Yoast SEO plugin. -->","yoast_head_json":{"title":"Mush Transportabel Lampe M\u00f8rkegr\u00f8n - H\u00fcbsch","description":"Oplev charmen ved vores evigt klassiske Mush Transportabel Lampe, nu i en dejlig lille b\u00e6rbar version. Denne uds\u00f8gte lampe, f\u00e6rdiggjort i en smuk","robots":{"index":"index","follow":"follow","max-snippet":"max-snippet:-1","max-image-preview":"max-image-preview:large","max-video-preview":"max-video-preview:-1"},"canonical":"https:\/\/hubsch-interior.com\/da\/wp-json\/wp\/v2\/product\/1071370","og_locale":"da_DK","og_type":"article","og_title":"Mush Transportabel Lampe M\u00f8rkegr\u00f8n - H\u00fcbsch","og_description":"Oplev charmen ved vores evigt klassiske Mush Transportabel Lampe, nu i en dejlig lille b\u00e6rbar version. Denne uds\u00f8gte lampe, f\u00e6rdiggjort i en smuk","og_url":"https:\/\/hubsch-interior.com\/da\/vare\/mush-transportabel-lampe-morkegron\/","og_site_name":"H\u00fcbsch","article_modified_time":"2026-04-11T03:04:20+00:00","og_image":[{"width":1200,"height":1200,"url":"https:\/\/hubsch-interior.com\/wp-content\/uploads\/2025\/09\/mush-portable-lamp-dark-green-8781d8f0548bb6d5c57362a5063e383d.jpg","type":"image\/jpeg"}],"twitter_card":"summary_large_image","schema":{"@context":"https:\/\/schema.org","@graph":[{"@type":"WebPage","@id":"https:\/\/hubsch-interior.com\/da\/vare\/mush-transportabel-lampe-morkegron\/","url":"https:\/\/hubsch-interior.com\/da\/vare\/mush-transportabel-lampe-morkegron\/","name":"Mush Transportabel Lampe M\u00f8rkegr\u00f8n - H\u00fcbsch","isPartOf":{"@id":"https:\/\/hubsch-interior.com\/da\/#website"},"primaryImageOfPage":{"@id":"https:\/\/hubsch-interior.com\/da\/vare\/mush-transportabel-lampe-morkegron\/#primaryimage"},"image":{"@id":"https:\/\/hubsch-interior.com\/da\/vare\/mush-transportabel-lampe-morkegron\/#primaryimage"},"thumbnailUrl":"https:\/\/hubsch-interior.com\/wp-content\/uploads\/2026\/02\/mush-portable-lamp-dark-green-20234b35dab15f351c3dee29a3f335fb.jpg","datePublished":"2025-09-25T11:17:25+00:00","dateModified":"2026-04-11T03:04:20+00:00","description":"Oplev charmen ved vores evigt klassiske Mush Transportabel Lampe, nu i en dejlig lille b\u00e6rbar version. Denne uds\u00f8gte lampe, f\u00e6rdiggjort i en smuk","breadcrumb":{"@id":"https:\/\/hubsch-interior.com\/da\/vare\/mush-transportabel-lampe-morkegron\/#breadcrumb"},"inLanguage":"da-DK","potentialAction":[{"@type":"ReadAction","target":["https:\/\/hubsch-interior.com\/da\/vare\/mush-transportabel-lampe-morkegron\/"]}]},{"@type":"ImageObject","inLanguage":"da-DK","@id":"https:\/\/hubsch-interior.com\/da\/vare\/mush-transportabel-lampe-morkegron\/#primaryimage","url":"https:\/\/hubsch-interior.com\/wp-content\/uploads\/2026\/02\/mush-portable-lamp-dark-green-20234b35dab15f351c3dee29a3f335fb.jpg","contentUrl":"https:\/\/hubsch-interior.com\/wp-content\/uploads\/2026\/02\/mush-portable-lamp-dark-green-20234b35dab15f351c3dee29a3f335fb.jpg","width":1024,"height":1024},{"@type":"BreadcrumbList","@id":"https:\/\/hubsch-interior.com\/da\/vare\/mush-transportabel-lampe-morkegron\/#breadcrumb","itemListElement":[{"@type":"ListItem","position":1,"name":"Forside","item":"https:\/\/hubsch-interior.com\/da\/"},{"@type":"ListItem","position":2,"name":"Produkter","item":"https:\/\/hubsch-interior.com\/da\/produkter\/"},{"@type":"ListItem","position":3,"name":"Belysning","item":"https:\/\/hubsch-interior.com\/da\/vare-kategori\/belysning\/"},{"@type":"ListItem","position":4,"name":"Transportable Lamper","item":"https:\/\/hubsch-interior.com\/da\/vare-kategori\/belysning\/transportable-lamper-da\/"},{"@type":"ListItem","position":5,"name":"Mush Transportabel Lampe M\u00f8rkegr\u00f8n"}]},{"@type":"WebSite","@id":"https:\/\/hubsch-interior.com\/da\/#website","url":"https:\/\/hubsch-interior.com\/da\/","name":"H\u00fcbsch","description":"Danish Home Interior and Design","publisher":{"@id":"https:\/\/hubsch-interior.com\/da\/#organization"},"potentialAction":[{"@type":"SearchAction","target":{"@type":"EntryPoint","urlTemplate":"https:\/\/hubsch-interior.com\/da\/?s={search_term_string}"},"query-input":{"@type":"PropertyValueSpecification","valueRequired":true,"valueName":"search_term_string"}}],"inLanguage":"da-DK"},{"@type":"Organization","@id":"https:\/\/hubsch-interior.com\/da\/#organization","name":"H\u00fcbsch","url":"https:\/\/hubsch-interior.com\/da\/","logo":{"@type":"ImageObject","inLanguage":"da-DK","@id":"https:\/\/hubsch-interior.com\/da\/#\/schema\/logo\/image\/","url":"https:\/\/hubsch-interior.com\/wp-content\/uploads\/2022\/12\/Hubsch_logo_black_one_line.svg","contentUrl":"https:\/\/hubsch-interior.com\/wp-content\/uploads\/2022\/12\/Hubsch_logo_black_one_line.svg","caption":"H\u00fcbsch"},"image":{"@id":"https:\/\/hubsch-interior.com\/da\/#\/schema\/logo\/image\/"}}]}},"_links":{"self":[{"href":"https:\/\/hubsch-interior.com\/da\/wp-json\/wp\/v2\/product\/1071370","targetHints":{"allow":["GET"]}}],"collection":[{"href":"https:\/\/hubsch-interior.com\/da\/wp-json\/wp\/v2\/product"}],"about":[{"href":"https:\/\/hubsch-interior.com\/da\/wp-json\/wp\/v2\/types\/product"}],"wp:featuredmedia":[{"embeddable":true,"href":"https:\/\/hubsch-interior.com\/da\/wp-json\/wp\/v2\/media\/1107970"}],"wp:attachment":[{"href":"https:\/\/hubsch-interior.com\/da\/wp-json\/wp\/v2\/media?parent=1071370"}],"wp:term":[{"taxonomy":"product_brand","embeddable":true,"href":"https:\/\/hubsch-interior.com\/da\/wp-json\/wp\/v2\/product_brand?post=1071370"},{"taxonomy":"product_cat","embeddable":true,"href":"https:\/\/hubsch-interior.com\/da\/wp-json\/wp\/v2\/product_cat?post=1071370"},{"taxonomy":"product_tag","embeddable":true,"href":"https:\/\/hubsch-interior.com\/da\/wp-json\/wp\/v2\/product_tag?post=1071370"}],"curies":[{"name":"wp","href":"https:\/\/api.w.org\/{rel}","templated":true}]}}