{"id":1071378,"date":"2025-09-25T13:17:39","date_gmt":"2025-09-25T11:17:39","guid":{"rendered":"https:\/\/hubsch-interior.com\/product\/product\/"},"modified":"2026-04-11T05:04:25","modified_gmt":"2026-04-11T03:04:25","slug":"mush-transportabel-lampe-klar-rod","status":"publish","type":"product","link":"https:\/\/hubsch-interior.com\/da\/vare\/mush-transportabel-lampe-klar-rod\/","title":{"rendered":"Mush Transportabel Lampe Klar R\u00f8d"},"content":{"rendered":"<p>Pr\u00e6senterer vores evige klassiker, Mush Transportabel Lampe, i en lille b\u00e6rbar version, nu i en i\u00f8jnefaldende klar r\u00f8d med en h\u00f8jglans overflade. Uden ledninger til at begr\u00e6nse dens placering, kan du nemt b\u00e6re denne charmerende lampe til ethvert hyggeligt hj\u00f8rne af dit hjem. Fuldt opladet p\u00e5 bare 4 timer, lover den at oplyse dit rum i 8 sammenh\u00e6ngende timer, hvilket g\u00f8r den til den perfekte f\u00f8lgesvend for lange, afslappende aftener med en bog eller v\u00e6rdifulde stunder med dine k\u00e6re.<\/p>\n","protected":false},"excerpt":{"rendered":"<p>Pr\u00e6senterer vores evige klassiker, Mush Transportabel Lampe, i en lille b\u00e6rbar version, nu i en i\u00f8jnefaldende klar r\u00f8d med en h\u00f8jglans overflade. Uden ledninger til at begr\u00e6nse dens placering, kan du nemt b\u00e6re denne charmerende lampe til ethvert hyggeligt hj\u00f8rne af dit hjem. Fuldt opladet p\u00e5 bare 4 timer, lover den at oplyse dit rum [&hellip;]<\/p>\n","protected":false},"featured_media":1107982,"template":"","meta":{"_acf_changed":false,"inline_featured_image":false},"product_brand":[],"product_cat":[6938,3808,5025,3499,6517,6970,6996,6961],"product_tag":[],"class_list":{"0":"post-1071378","1":"product","2":"type-product","3":"status-publish","4":"has-post-thumbnail","6":"product_cat-additions-da","7":"product_cat-belysning","8":"product_cat-bestsellers-da","9":"product_cat-bordlamper-da","10":"product_cat-outlet-da","11":"product_cat-paaskeudsalg","12":"product_cat-the-buzz-da","13":"product_cat-transportable-lamper-da","14":"product_shipping_class-pk","16":"pa_color-klar-roed","17":"pa_material-acrylic-5-da","18":"pa_material-jern-da","19":"pa_material-polycarbonat","21":"first","22":"instock","23":"sale","24":"featured","25":"taxable","26":"shipping-taxable","27":"purchasable","28":"product-type-simple"},"exclude_global_add_ons":[],"addons":[],"acf":[],"yoast_head":"<!-- This site is optimized with the Yoast SEO plugin v26.4 - https:\/\/yoast.com\/wordpress\/plugins\/seo\/ -->\n<title>Mush Transportabel Lampe Klar R\u00f8d - H\u00fcbsch<\/title>\n<meta name=\"description\" content=\"Pr\u00e6senterer vores evige klassiker, Mush Transportabel Lampe, i en lille b\u00e6rbar version, nu i en i\u00f8jnefaldende klar r\u00f8d med en h\u00f8jglans overflade. Uden\" \/>\n<meta name=\"robots\" content=\"index, follow, max-snippet:-1, max-image-preview:large, max-video-preview:-1\" \/>\n<link rel=\"canonical\" href=\"https:\/\/hubsch-interior.com\/da\/wp-json\/wp\/v2\/product\/1071378\" \/>\n<meta property=\"og:locale\" content=\"da_DK\" \/>\n<meta property=\"og:type\" content=\"article\" \/>\n<meta property=\"og:title\" content=\"Mush Transportabel Lampe Klar R\u00f8d - H\u00fcbsch\" \/>\n<meta property=\"og:description\" content=\"Pr\u00e6senterer vores evige klassiker, Mush Transportabel Lampe, i en lille b\u00e6rbar version, nu i en i\u00f8jnefaldende klar r\u00f8d med en h\u00f8jglans overflade. Uden\" \/>\n<meta property=\"og:url\" content=\"https:\/\/hubsch-interior.com\/da\/vare\/mush-transportabel-lampe-klar-rod\/\" \/>\n<meta property=\"og:site_name\" content=\"H\u00fcbsch\" \/>\n<meta property=\"article:modified_time\" content=\"2026-04-11T03:04:25+00:00\" \/>\n<meta property=\"og:image\" content=\"https:\/\/hubsch-interior.com\/wp-content\/uploads\/2025\/09\/mush-portable-lamp-bright-red-bc84a5fc6fc1515438cd43c876f4f1cc.jpg\" \/>\n\t<meta property=\"og:image:width\" content=\"1200\" \/>\n\t<meta property=\"og:image:height\" content=\"1200\" \/>\n\t<meta property=\"og:image:type\" content=\"image\/jpeg\" \/>\n<meta name=\"twitter:card\" content=\"summary_large_image\" \/>\n<script type=\"application\/ld+json\" class=\"yoast-schema-graph\">{\"@context\":\"https:\/\/schema.org\",\"@graph\":[{\"@type\":\"WebPage\",\"@id\":\"https:\/\/hubsch-interior.com\/da\/vare\/mush-transportabel-lampe-klar-rod\/\",\"url\":\"https:\/\/hubsch-interior.com\/da\/vare\/mush-transportabel-lampe-klar-rod\/\",\"name\":\"Mush Transportabel Lampe Klar R\u00f8d - H\u00fcbsch\",\"isPartOf\":{\"@id\":\"https:\/\/hubsch-interior.com\/da\/#website\"},\"primaryImageOfPage\":{\"@id\":\"https:\/\/hubsch-interior.com\/da\/vare\/mush-transportabel-lampe-klar-rod\/#primaryimage\"},\"image\":{\"@id\":\"https:\/\/hubsch-interior.com\/da\/vare\/mush-transportabel-lampe-klar-rod\/#primaryimage\"},\"thumbnailUrl\":\"https:\/\/hubsch-interior.com\/wp-content\/uploads\/2026\/02\/mush-portable-lamp-bright-red-1bd81a56a11ac06fb4d2d9ac2c799d71.jpg\",\"datePublished\":\"2025-09-25T11:17:39+00:00\",\"dateModified\":\"2026-04-11T03:04:25+00:00\",\"description\":\"Pr\u00e6senterer vores evige klassiker, Mush Transportabel Lampe, i en lille b\u00e6rbar version, nu i en i\u00f8jnefaldende klar r\u00f8d med en h\u00f8jglans overflade. Uden\",\"breadcrumb\":{\"@id\":\"https:\/\/hubsch-interior.com\/da\/vare\/mush-transportabel-lampe-klar-rod\/#breadcrumb\"},\"inLanguage\":\"da-DK\",\"potentialAction\":[{\"@type\":\"ReadAction\",\"target\":[\"https:\/\/hubsch-interior.com\/da\/vare\/mush-transportabel-lampe-klar-rod\/\"]}]},{\"@type\":\"ImageObject\",\"inLanguage\":\"da-DK\",\"@id\":\"https:\/\/hubsch-interior.com\/da\/vare\/mush-transportabel-lampe-klar-rod\/#primaryimage\",\"url\":\"https:\/\/hubsch-interior.com\/wp-content\/uploads\/2026\/02\/mush-portable-lamp-bright-red-1bd81a56a11ac06fb4d2d9ac2c799d71.jpg\",\"contentUrl\":\"https:\/\/hubsch-interior.com\/wp-content\/uploads\/2026\/02\/mush-portable-lamp-bright-red-1bd81a56a11ac06fb4d2d9ac2c799d71.jpg\",\"width\":1024,\"height\":1024},{\"@type\":\"BreadcrumbList\",\"@id\":\"https:\/\/hubsch-interior.com\/da\/vare\/mush-transportabel-lampe-klar-rod\/#breadcrumb\",\"itemListElement\":[{\"@type\":\"ListItem\",\"position\":1,\"name\":\"Forside\",\"item\":\"https:\/\/hubsch-interior.com\/da\/\"},{\"@type\":\"ListItem\",\"position\":2,\"name\":\"Produkter\",\"item\":\"https:\/\/hubsch-interior.com\/da\/produkter\/\"},{\"@type\":\"ListItem\",\"position\":3,\"name\":\"Belysning\",\"item\":\"https:\/\/hubsch-interior.com\/da\/vare-kategori\/belysning\/\"},{\"@type\":\"ListItem\",\"position\":4,\"name\":\"Transportable Lamper\",\"item\":\"https:\/\/hubsch-interior.com\/da\/vare-kategori\/belysning\/transportable-lamper-da\/\"},{\"@type\":\"ListItem\",\"position\":5,\"name\":\"Mush Transportabel Lampe Klar R\u00f8d\"}]},{\"@type\":\"WebSite\",\"@id\":\"https:\/\/hubsch-interior.com\/da\/#website\",\"url\":\"https:\/\/hubsch-interior.com\/da\/\",\"name\":\"H\u00fcbsch\",\"description\":\"Danish Home Interior and Design\",\"publisher\":{\"@id\":\"https:\/\/hubsch-interior.com\/da\/#organization\"},\"potentialAction\":[{\"@type\":\"SearchAction\",\"target\":{\"@type\":\"EntryPoint\",\"urlTemplate\":\"https:\/\/hubsch-interior.com\/da\/?s={search_term_string}\"},\"query-input\":{\"@type\":\"PropertyValueSpecification\",\"valueRequired\":true,\"valueName\":\"search_term_string\"}}],\"inLanguage\":\"da-DK\"},{\"@type\":\"Organization\",\"@id\":\"https:\/\/hubsch-interior.com\/da\/#organization\",\"name\":\"H\u00fcbsch\",\"url\":\"https:\/\/hubsch-interior.com\/da\/\",\"logo\":{\"@type\":\"ImageObject\",\"inLanguage\":\"da-DK\",\"@id\":\"https:\/\/hubsch-interior.com\/da\/#\/schema\/logo\/image\/\",\"url\":\"https:\/\/hubsch-interior.com\/wp-content\/uploads\/2022\/12\/Hubsch_logo_black_one_line.svg\",\"contentUrl\":\"https:\/\/hubsch-interior.com\/wp-content\/uploads\/2022\/12\/Hubsch_logo_black_one_line.svg\",\"caption\":\"H\u00fcbsch\"},\"image\":{\"@id\":\"https:\/\/hubsch-interior.com\/da\/#\/schema\/logo\/image\/\"}}]}<\/script>\n<!-- \/ Yoast SEO plugin. -->","yoast_head_json":{"title":"Mush Transportabel Lampe Klar R\u00f8d - H\u00fcbsch","description":"Pr\u00e6senterer vores evige klassiker, Mush Transportabel Lampe, i en lille b\u00e6rbar version, nu i en i\u00f8jnefaldende klar r\u00f8d med en h\u00f8jglans overflade. Uden","robots":{"index":"index","follow":"follow","max-snippet":"max-snippet:-1","max-image-preview":"max-image-preview:large","max-video-preview":"max-video-preview:-1"},"canonical":"https:\/\/hubsch-interior.com\/da\/wp-json\/wp\/v2\/product\/1071378","og_locale":"da_DK","og_type":"article","og_title":"Mush Transportabel Lampe Klar R\u00f8d - H\u00fcbsch","og_description":"Pr\u00e6senterer vores evige klassiker, Mush Transportabel Lampe, i en lille b\u00e6rbar version, nu i en i\u00f8jnefaldende klar r\u00f8d med en h\u00f8jglans overflade. Uden","og_url":"https:\/\/hubsch-interior.com\/da\/vare\/mush-transportabel-lampe-klar-rod\/","og_site_name":"H\u00fcbsch","article_modified_time":"2026-04-11T03:04:25+00:00","og_image":[{"width":1200,"height":1200,"url":"https:\/\/hubsch-interior.com\/wp-content\/uploads\/2025\/09\/mush-portable-lamp-bright-red-bc84a5fc6fc1515438cd43c876f4f1cc.jpg","type":"image\/jpeg"}],"twitter_card":"summary_large_image","schema":{"@context":"https:\/\/schema.org","@graph":[{"@type":"WebPage","@id":"https:\/\/hubsch-interior.com\/da\/vare\/mush-transportabel-lampe-klar-rod\/","url":"https:\/\/hubsch-interior.com\/da\/vare\/mush-transportabel-lampe-klar-rod\/","name":"Mush Transportabel Lampe Klar R\u00f8d - H\u00fcbsch","isPartOf":{"@id":"https:\/\/hubsch-interior.com\/da\/#website"},"primaryImageOfPage":{"@id":"https:\/\/hubsch-interior.com\/da\/vare\/mush-transportabel-lampe-klar-rod\/#primaryimage"},"image":{"@id":"https:\/\/hubsch-interior.com\/da\/vare\/mush-transportabel-lampe-klar-rod\/#primaryimage"},"thumbnailUrl":"https:\/\/hubsch-interior.com\/wp-content\/uploads\/2026\/02\/mush-portable-lamp-bright-red-1bd81a56a11ac06fb4d2d9ac2c799d71.jpg","datePublished":"2025-09-25T11:17:39+00:00","dateModified":"2026-04-11T03:04:25+00:00","description":"Pr\u00e6senterer vores evige klassiker, Mush Transportabel Lampe, i en lille b\u00e6rbar version, nu i en i\u00f8jnefaldende klar r\u00f8d med en h\u00f8jglans overflade. Uden","breadcrumb":{"@id":"https:\/\/hubsch-interior.com\/da\/vare\/mush-transportabel-lampe-klar-rod\/#breadcrumb"},"inLanguage":"da-DK","potentialAction":[{"@type":"ReadAction","target":["https:\/\/hubsch-interior.com\/da\/vare\/mush-transportabel-lampe-klar-rod\/"]}]},{"@type":"ImageObject","inLanguage":"da-DK","@id":"https:\/\/hubsch-interior.com\/da\/vare\/mush-transportabel-lampe-klar-rod\/#primaryimage","url":"https:\/\/hubsch-interior.com\/wp-content\/uploads\/2026\/02\/mush-portable-lamp-bright-red-1bd81a56a11ac06fb4d2d9ac2c799d71.jpg","contentUrl":"https:\/\/hubsch-interior.com\/wp-content\/uploads\/2026\/02\/mush-portable-lamp-bright-red-1bd81a56a11ac06fb4d2d9ac2c799d71.jpg","width":1024,"height":1024},{"@type":"BreadcrumbList","@id":"https:\/\/hubsch-interior.com\/da\/vare\/mush-transportabel-lampe-klar-rod\/#breadcrumb","itemListElement":[{"@type":"ListItem","position":1,"name":"Forside","item":"https:\/\/hubsch-interior.com\/da\/"},{"@type":"ListItem","position":2,"name":"Produkter","item":"https:\/\/hubsch-interior.com\/da\/produkter\/"},{"@type":"ListItem","position":3,"name":"Belysning","item":"https:\/\/hubsch-interior.com\/da\/vare-kategori\/belysning\/"},{"@type":"ListItem","position":4,"name":"Transportable Lamper","item":"https:\/\/hubsch-interior.com\/da\/vare-kategori\/belysning\/transportable-lamper-da\/"},{"@type":"ListItem","position":5,"name":"Mush Transportabel Lampe Klar R\u00f8d"}]},{"@type":"WebSite","@id":"https:\/\/hubsch-interior.com\/da\/#website","url":"https:\/\/hubsch-interior.com\/da\/","name":"H\u00fcbsch","description":"Danish Home Interior and Design","publisher":{"@id":"https:\/\/hubsch-interior.com\/da\/#organization"},"potentialAction":[{"@type":"SearchAction","target":{"@type":"EntryPoint","urlTemplate":"https:\/\/hubsch-interior.com\/da\/?s={search_term_string}"},"query-input":{"@type":"PropertyValueSpecification","valueRequired":true,"valueName":"search_term_string"}}],"inLanguage":"da-DK"},{"@type":"Organization","@id":"https:\/\/hubsch-interior.com\/da\/#organization","name":"H\u00fcbsch","url":"https:\/\/hubsch-interior.com\/da\/","logo":{"@type":"ImageObject","inLanguage":"da-DK","@id":"https:\/\/hubsch-interior.com\/da\/#\/schema\/logo\/image\/","url":"https:\/\/hubsch-interior.com\/wp-content\/uploads\/2022\/12\/Hubsch_logo_black_one_line.svg","contentUrl":"https:\/\/hubsch-interior.com\/wp-content\/uploads\/2022\/12\/Hubsch_logo_black_one_line.svg","caption":"H\u00fcbsch"},"image":{"@id":"https:\/\/hubsch-interior.com\/da\/#\/schema\/logo\/image\/"}}]}},"_links":{"self":[{"href":"https:\/\/hubsch-interior.com\/da\/wp-json\/wp\/v2\/product\/1071378","targetHints":{"allow":["GET"]}}],"collection":[{"href":"https:\/\/hubsch-interior.com\/da\/wp-json\/wp\/v2\/product"}],"about":[{"href":"https:\/\/hubsch-interior.com\/da\/wp-json\/wp\/v2\/types\/product"}],"wp:featuredmedia":[{"embeddable":true,"href":"https:\/\/hubsch-interior.com\/da\/wp-json\/wp\/v2\/media\/1107982"}],"wp:attachment":[{"href":"https:\/\/hubsch-interior.com\/da\/wp-json\/wp\/v2\/media?parent=1071378"}],"wp:term":[{"taxonomy":"product_brand","embeddable":true,"href":"https:\/\/hubsch-interior.com\/da\/wp-json\/wp\/v2\/product_brand?post=1071378"},{"taxonomy":"product_cat","embeddable":true,"href":"https:\/\/hubsch-interior.com\/da\/wp-json\/wp\/v2\/product_cat?post=1071378"},{"taxonomy":"product_tag","embeddable":true,"href":"https:\/\/hubsch-interior.com\/da\/wp-json\/wp\/v2\/product_tag?post=1071378"}],"curies":[{"name":"wp","href":"https:\/\/api.w.org\/{rel}","templated":true}]}}