{"id":1071398,"date":"2025-09-25T13:18:04","date_gmt":"2025-09-25T11:18:04","guid":{"rendered":"https:\/\/hubsch-interior.com\/product\/product\/"},"modified":"2026-04-09T05:07:58","modified_gmt":"2026-04-09T03:07:58","slug":"mush-bordlampe-mini-mat-sort","status":"publish","type":"product","link":"https:\/\/hubsch-interior.com\/da\/vare\/mush-bordlampe-mini-mat-sort\/","title":{"rendered":"Mush Bordlampe Mini Mat Sort"},"content":{"rendered":"<p>Tilf\u00f8j diskret elegance til dit hjem med Mush Bordlampen i mat sort. Fremstillet af holdbart metal tilf\u00f8jer den en hyggelig gl\u00f8d til l\u00e6sehj\u00f8rner, natborde eller opholdsrum. Med 15 farvemuligheder kan du nemt tilpasse den til din indretning. Mush Bordlampen kombinerer praktisk belysning med tidl\u00f8st design og g\u00f8r hvert rum b\u00e5de indbydende og smukt belyst.<\/p>\n","protected":false},"excerpt":{"rendered":"<p>Tilf\u00f8j diskret elegance til dit hjem med Mush Bordlampen i mat sort. Fremstillet af holdbart metal tilf\u00f8jer den en hyggelig gl\u00f8d til l\u00e6sehj\u00f8rner, natborde eller opholdsrum. Med 15 farvemuligheder kan du nemt tilpasse den til din indretning. Mush Bordlampen kombinerer praktisk belysning med tidl\u00f8st design og g\u00f8r hvert rum b\u00e5de indbydende og smukt belyst.<\/p>\n","protected":false},"featured_media":1108002,"template":"","meta":{"_acf_changed":false,"inline_featured_image":false},"product_brand":[],"product_cat":[6938,6996,3808,3499],"product_tag":[],"class_list":{"0":"post-1071398","1":"product","2":"type-product","3":"status-publish","4":"has-post-thumbnail","6":"product_cat-additions-da","7":"product_cat-the-buzz-da","8":"product_cat-belysning","9":"product_cat-bordlamper-da","10":"product_shipping_class-pk","12":"pa_color-mat-sort","13":"pa_material-jern-da","15":"first","16":"instock","17":"taxable","18":"shipping-taxable","19":"purchasable","20":"product-type-simple"},"exclude_global_add_ons":[],"addons":[],"acf":[],"yoast_head":"<!-- This site is optimized with the Yoast SEO plugin v26.4 - https:\/\/yoast.com\/wordpress\/plugins\/seo\/ -->\n<title>Mush Bordlampe Mini Mat Sort - H\u00fcbsch<\/title>\n<meta name=\"description\" content=\"Tilf\u00f8j diskret elegance til dit hjem med Mush Bordlampen i mat sort. Fremstillet af holdbart metal tilf\u00f8jer den en hyggelig gl\u00f8d til l\u00e6sehj\u00f8rner, natborde\" \/>\n<meta name=\"robots\" content=\"index, follow, max-snippet:-1, max-image-preview:large, max-video-preview:-1\" \/>\n<link rel=\"canonical\" href=\"https:\/\/hubsch-interior.com\/da\/wp-json\/wp\/v2\/product\/1071398\" \/>\n<meta property=\"og:locale\" content=\"da_DK\" \/>\n<meta property=\"og:type\" content=\"article\" \/>\n<meta property=\"og:title\" content=\"Mush Bordlampe Mini Mat Sort - H\u00fcbsch\" \/>\n<meta property=\"og:description\" content=\"Tilf\u00f8j diskret elegance til dit hjem med Mush Bordlampen i mat sort. Fremstillet af holdbart metal tilf\u00f8jer den en hyggelig gl\u00f8d til l\u00e6sehj\u00f8rner, natborde\" \/>\n<meta property=\"og:url\" content=\"https:\/\/hubsch-interior.com\/da\/vare\/mush-bordlampe-mini-mat-sort\/\" \/>\n<meta property=\"og:site_name\" content=\"H\u00fcbsch\" \/>\n<meta property=\"article:modified_time\" content=\"2026-04-09T03:07:58+00:00\" \/>\n<meta property=\"og:image\" content=\"https:\/\/hubsch-interior.com\/wp-content\/uploads\/2025\/09\/mush-table-lamp-mini-matt-black-bfc7608eda50e819f0501d3b5dab1833.jpg\" \/>\n\t<meta property=\"og:image:width\" content=\"1200\" \/>\n\t<meta property=\"og:image:height\" content=\"1200\" \/>\n\t<meta property=\"og:image:type\" content=\"image\/jpeg\" \/>\n<meta name=\"twitter:card\" content=\"summary_large_image\" \/>\n<script type=\"application\/ld+json\" class=\"yoast-schema-graph\">{\"@context\":\"https:\/\/schema.org\",\"@graph\":[{\"@type\":\"WebPage\",\"@id\":\"https:\/\/hubsch-interior.com\/da\/vare\/mush-bordlampe-mini-mat-sort\/\",\"url\":\"https:\/\/hubsch-interior.com\/da\/vare\/mush-bordlampe-mini-mat-sort\/\",\"name\":\"Mush Bordlampe Mini Mat Sort - H\u00fcbsch\",\"isPartOf\":{\"@id\":\"https:\/\/hubsch-interior.com\/da\/#website\"},\"primaryImageOfPage\":{\"@id\":\"https:\/\/hubsch-interior.com\/da\/vare\/mush-bordlampe-mini-mat-sort\/#primaryimage\"},\"image\":{\"@id\":\"https:\/\/hubsch-interior.com\/da\/vare\/mush-bordlampe-mini-mat-sort\/#primaryimage\"},\"thumbnailUrl\":\"https:\/\/hubsch-interior.com\/wp-content\/uploads\/2026\/02\/mush-table-lamp-mini-matt-black-bdaddc1212f4e68110ed3069763b0e98.jpg\",\"datePublished\":\"2025-09-25T11:18:04+00:00\",\"dateModified\":\"2026-04-09T03:07:58+00:00\",\"description\":\"Tilf\u00f8j diskret elegance til dit hjem med Mush Bordlampen i mat sort. Fremstillet af holdbart metal tilf\u00f8jer den en hyggelig gl\u00f8d til l\u00e6sehj\u00f8rner, natborde\",\"breadcrumb\":{\"@id\":\"https:\/\/hubsch-interior.com\/da\/vare\/mush-bordlampe-mini-mat-sort\/#breadcrumb\"},\"inLanguage\":\"da-DK\",\"potentialAction\":[{\"@type\":\"ReadAction\",\"target\":[\"https:\/\/hubsch-interior.com\/da\/vare\/mush-bordlampe-mini-mat-sort\/\"]}]},{\"@type\":\"ImageObject\",\"inLanguage\":\"da-DK\",\"@id\":\"https:\/\/hubsch-interior.com\/da\/vare\/mush-bordlampe-mini-mat-sort\/#primaryimage\",\"url\":\"https:\/\/hubsch-interior.com\/wp-content\/uploads\/2026\/02\/mush-table-lamp-mini-matt-black-bdaddc1212f4e68110ed3069763b0e98.jpg\",\"contentUrl\":\"https:\/\/hubsch-interior.com\/wp-content\/uploads\/2026\/02\/mush-table-lamp-mini-matt-black-bdaddc1212f4e68110ed3069763b0e98.jpg\",\"width\":1024,\"height\":1024},{\"@type\":\"BreadcrumbList\",\"@id\":\"https:\/\/hubsch-interior.com\/da\/vare\/mush-bordlampe-mini-mat-sort\/#breadcrumb\",\"itemListElement\":[{\"@type\":\"ListItem\",\"position\":1,\"name\":\"Forside\",\"item\":\"https:\/\/hubsch-interior.com\/da\/\"},{\"@type\":\"ListItem\",\"position\":2,\"name\":\"Produkter\",\"item\":\"https:\/\/hubsch-interior.com\/da\/produkter\/\"},{\"@type\":\"ListItem\",\"position\":3,\"name\":\"Belysning\",\"item\":\"https:\/\/hubsch-interior.com\/da\/vare-kategori\/belysning\/\"},{\"@type\":\"ListItem\",\"position\":4,\"name\":\"Bordlamper\",\"item\":\"https:\/\/hubsch-interior.com\/da\/vare-kategori\/belysning\/bordlamper-da\/\"},{\"@type\":\"ListItem\",\"position\":5,\"name\":\"Mush Bordlampe Mini Mat Sort\"}]},{\"@type\":\"WebSite\",\"@id\":\"https:\/\/hubsch-interior.com\/da\/#website\",\"url\":\"https:\/\/hubsch-interior.com\/da\/\",\"name\":\"H\u00fcbsch\",\"description\":\"Danish Home Interior and Design\",\"publisher\":{\"@id\":\"https:\/\/hubsch-interior.com\/da\/#organization\"},\"potentialAction\":[{\"@type\":\"SearchAction\",\"target\":{\"@type\":\"EntryPoint\",\"urlTemplate\":\"https:\/\/hubsch-interior.com\/da\/?s={search_term_string}\"},\"query-input\":{\"@type\":\"PropertyValueSpecification\",\"valueRequired\":true,\"valueName\":\"search_term_string\"}}],\"inLanguage\":\"da-DK\"},{\"@type\":\"Organization\",\"@id\":\"https:\/\/hubsch-interior.com\/da\/#organization\",\"name\":\"H\u00fcbsch\",\"url\":\"https:\/\/hubsch-interior.com\/da\/\",\"logo\":{\"@type\":\"ImageObject\",\"inLanguage\":\"da-DK\",\"@id\":\"https:\/\/hubsch-interior.com\/da\/#\/schema\/logo\/image\/\",\"url\":\"https:\/\/hubsch-interior.com\/wp-content\/uploads\/2022\/12\/Hubsch_logo_black_one_line.svg\",\"contentUrl\":\"https:\/\/hubsch-interior.com\/wp-content\/uploads\/2022\/12\/Hubsch_logo_black_one_line.svg\",\"caption\":\"H\u00fcbsch\"},\"image\":{\"@id\":\"https:\/\/hubsch-interior.com\/da\/#\/schema\/logo\/image\/\"}}]}<\/script>\n<!-- \/ Yoast SEO plugin. -->","yoast_head_json":{"title":"Mush Bordlampe Mini Mat Sort - H\u00fcbsch","description":"Tilf\u00f8j diskret elegance til dit hjem med Mush Bordlampen i mat sort. Fremstillet af holdbart metal tilf\u00f8jer den en hyggelig gl\u00f8d til l\u00e6sehj\u00f8rner, natborde","robots":{"index":"index","follow":"follow","max-snippet":"max-snippet:-1","max-image-preview":"max-image-preview:large","max-video-preview":"max-video-preview:-1"},"canonical":"https:\/\/hubsch-interior.com\/da\/wp-json\/wp\/v2\/product\/1071398","og_locale":"da_DK","og_type":"article","og_title":"Mush Bordlampe Mini Mat Sort - H\u00fcbsch","og_description":"Tilf\u00f8j diskret elegance til dit hjem med Mush Bordlampen i mat sort. Fremstillet af holdbart metal tilf\u00f8jer den en hyggelig gl\u00f8d til l\u00e6sehj\u00f8rner, natborde","og_url":"https:\/\/hubsch-interior.com\/da\/vare\/mush-bordlampe-mini-mat-sort\/","og_site_name":"H\u00fcbsch","article_modified_time":"2026-04-09T03:07:58+00:00","og_image":[{"width":1200,"height":1200,"url":"https:\/\/hubsch-interior.com\/wp-content\/uploads\/2025\/09\/mush-table-lamp-mini-matt-black-bfc7608eda50e819f0501d3b5dab1833.jpg","type":"image\/jpeg"}],"twitter_card":"summary_large_image","schema":{"@context":"https:\/\/schema.org","@graph":[{"@type":"WebPage","@id":"https:\/\/hubsch-interior.com\/da\/vare\/mush-bordlampe-mini-mat-sort\/","url":"https:\/\/hubsch-interior.com\/da\/vare\/mush-bordlampe-mini-mat-sort\/","name":"Mush Bordlampe Mini Mat Sort - H\u00fcbsch","isPartOf":{"@id":"https:\/\/hubsch-interior.com\/da\/#website"},"primaryImageOfPage":{"@id":"https:\/\/hubsch-interior.com\/da\/vare\/mush-bordlampe-mini-mat-sort\/#primaryimage"},"image":{"@id":"https:\/\/hubsch-interior.com\/da\/vare\/mush-bordlampe-mini-mat-sort\/#primaryimage"},"thumbnailUrl":"https:\/\/hubsch-interior.com\/wp-content\/uploads\/2026\/02\/mush-table-lamp-mini-matt-black-bdaddc1212f4e68110ed3069763b0e98.jpg","datePublished":"2025-09-25T11:18:04+00:00","dateModified":"2026-04-09T03:07:58+00:00","description":"Tilf\u00f8j diskret elegance til dit hjem med Mush Bordlampen i mat sort. Fremstillet af holdbart metal tilf\u00f8jer den en hyggelig gl\u00f8d til l\u00e6sehj\u00f8rner, natborde","breadcrumb":{"@id":"https:\/\/hubsch-interior.com\/da\/vare\/mush-bordlampe-mini-mat-sort\/#breadcrumb"},"inLanguage":"da-DK","potentialAction":[{"@type":"ReadAction","target":["https:\/\/hubsch-interior.com\/da\/vare\/mush-bordlampe-mini-mat-sort\/"]}]},{"@type":"ImageObject","inLanguage":"da-DK","@id":"https:\/\/hubsch-interior.com\/da\/vare\/mush-bordlampe-mini-mat-sort\/#primaryimage","url":"https:\/\/hubsch-interior.com\/wp-content\/uploads\/2026\/02\/mush-table-lamp-mini-matt-black-bdaddc1212f4e68110ed3069763b0e98.jpg","contentUrl":"https:\/\/hubsch-interior.com\/wp-content\/uploads\/2026\/02\/mush-table-lamp-mini-matt-black-bdaddc1212f4e68110ed3069763b0e98.jpg","width":1024,"height":1024},{"@type":"BreadcrumbList","@id":"https:\/\/hubsch-interior.com\/da\/vare\/mush-bordlampe-mini-mat-sort\/#breadcrumb","itemListElement":[{"@type":"ListItem","position":1,"name":"Forside","item":"https:\/\/hubsch-interior.com\/da\/"},{"@type":"ListItem","position":2,"name":"Produkter","item":"https:\/\/hubsch-interior.com\/da\/produkter\/"},{"@type":"ListItem","position":3,"name":"Belysning","item":"https:\/\/hubsch-interior.com\/da\/vare-kategori\/belysning\/"},{"@type":"ListItem","position":4,"name":"Bordlamper","item":"https:\/\/hubsch-interior.com\/da\/vare-kategori\/belysning\/bordlamper-da\/"},{"@type":"ListItem","position":5,"name":"Mush Bordlampe Mini Mat Sort"}]},{"@type":"WebSite","@id":"https:\/\/hubsch-interior.com\/da\/#website","url":"https:\/\/hubsch-interior.com\/da\/","name":"H\u00fcbsch","description":"Danish Home Interior and Design","publisher":{"@id":"https:\/\/hubsch-interior.com\/da\/#organization"},"potentialAction":[{"@type":"SearchAction","target":{"@type":"EntryPoint","urlTemplate":"https:\/\/hubsch-interior.com\/da\/?s={search_term_string}"},"query-input":{"@type":"PropertyValueSpecification","valueRequired":true,"valueName":"search_term_string"}}],"inLanguage":"da-DK"},{"@type":"Organization","@id":"https:\/\/hubsch-interior.com\/da\/#organization","name":"H\u00fcbsch","url":"https:\/\/hubsch-interior.com\/da\/","logo":{"@type":"ImageObject","inLanguage":"da-DK","@id":"https:\/\/hubsch-interior.com\/da\/#\/schema\/logo\/image\/","url":"https:\/\/hubsch-interior.com\/wp-content\/uploads\/2022\/12\/Hubsch_logo_black_one_line.svg","contentUrl":"https:\/\/hubsch-interior.com\/wp-content\/uploads\/2022\/12\/Hubsch_logo_black_one_line.svg","caption":"H\u00fcbsch"},"image":{"@id":"https:\/\/hubsch-interior.com\/da\/#\/schema\/logo\/image\/"}}]}},"_links":{"self":[{"href":"https:\/\/hubsch-interior.com\/da\/wp-json\/wp\/v2\/product\/1071398","targetHints":{"allow":["GET"]}}],"collection":[{"href":"https:\/\/hubsch-interior.com\/da\/wp-json\/wp\/v2\/product"}],"about":[{"href":"https:\/\/hubsch-interior.com\/da\/wp-json\/wp\/v2\/types\/product"}],"wp:featuredmedia":[{"embeddable":true,"href":"https:\/\/hubsch-interior.com\/da\/wp-json\/wp\/v2\/media\/1108002"}],"wp:attachment":[{"href":"https:\/\/hubsch-interior.com\/da\/wp-json\/wp\/v2\/media?parent=1071398"}],"wp:term":[{"taxonomy":"product_brand","embeddable":true,"href":"https:\/\/hubsch-interior.com\/da\/wp-json\/wp\/v2\/product_brand?post=1071398"},{"taxonomy":"product_cat","embeddable":true,"href":"https:\/\/hubsch-interior.com\/da\/wp-json\/wp\/v2\/product_cat?post=1071398"},{"taxonomy":"product_tag","embeddable":true,"href":"https:\/\/hubsch-interior.com\/da\/wp-json\/wp\/v2\/product_tag?post=1071398"}],"curies":[{"name":"wp","href":"https:\/\/api.w.org\/{rel}","templated":true}]}}