{"id":1071442,"date":"2025-09-25T13:18:22","date_gmt":"2025-09-25T11:18:22","guid":{"rendered":"https:\/\/hubsch-interior.com\/product\/product\/"},"modified":"2026-04-09T05:08:05","modified_gmt":"2026-04-09T03:08:05","slug":"mush-bordlampe-mini-rod-2","status":"publish","type":"product","link":"https:\/\/hubsch-interior.com\/da\/vare\/mush-bordlampe-mini-rod-2\/","title":{"rendered":"Mush Bordlampe Mini R\u00f8d"},"content":{"rendered":"<p>Giv dit hjem et farverigt pift med Mush Bordlampen i r\u00f8d. Fremstillet i robust metal, bringer dette dristige design b\u00e5de holdbarhed og stil til sengebordet, l\u00e6sehj\u00f8rnet eller stuen. Med 15 farvemuligheder at v\u00e6lge imellem er det let at finde det perfekte match til din indretning. Mush Bordlampen skaber et varmt, hyggeligt sk\u00e6r, der s\u00e6tter rammen for afslapning om aftenen.<\/p>\n<p>Dette artikelnummer er identisk med 991681<\/p>\n","protected":false},"excerpt":{"rendered":"<p>Giv dit hjem et farverigt pift med Mush Bordlampen i r\u00f8d. Fremstillet i robust metal, bringer dette dristige design b\u00e5de holdbarhed og stil til sengebordet, l\u00e6sehj\u00f8rnet eller stuen. Med 15 farvemuligheder at v\u00e6lge imellem er det let at finde det perfekte match til din indretning. Mush Bordlampen skaber et varmt, hyggeligt sk\u00e6r, der s\u00e6tter rammen [&hellip;]<\/p>\n","protected":false},"featured_media":1108022,"template":"","meta":{"_acf_changed":false,"inline_featured_image":false},"product_brand":[],"product_cat":[6996,3808,3499,5025],"product_tag":[],"class_list":{"0":"post-1071442","1":"product","2":"type-product","3":"status-publish","4":"has-post-thumbnail","6":"product_cat-the-buzz-da","7":"product_cat-belysning","8":"product_cat-bordlamper-da","9":"product_cat-bestsellers-da","10":"product_shipping_class-pk","12":"pa_color-rd","13":"pa_material-jern-da","15":"first","16":"instock","17":"featured","18":"taxable","19":"shipping-taxable","20":"purchasable","21":"product-type-simple"},"exclude_global_add_ons":[],"addons":[],"acf":[],"yoast_head":"<!-- This site is optimized with the Yoast SEO plugin v26.4 - https:\/\/yoast.com\/wordpress\/plugins\/seo\/ -->\n<title>Mush Bordlampe Mini R\u00f8d - H\u00fcbsch<\/title>\n<meta name=\"description\" content=\"Giv dit hjem et farverigt pift med Mush Bordlampen i r\u00f8d. Fremstillet i robust metal, bringer dette dristige design b\u00e5de holdbarhed og stil til\" \/>\n<meta name=\"robots\" content=\"index, follow, max-snippet:-1, max-image-preview:large, max-video-preview:-1\" \/>\n<link rel=\"canonical\" href=\"https:\/\/hubsch-interior.com\/da\/wp-json\/wp\/v2\/product\/1071442\" \/>\n<meta property=\"og:locale\" content=\"da_DK\" \/>\n<meta property=\"og:type\" content=\"article\" \/>\n<meta property=\"og:title\" content=\"Mush Bordlampe Mini R\u00f8d - H\u00fcbsch\" \/>\n<meta property=\"og:description\" content=\"Giv dit hjem et farverigt pift med Mush Bordlampen i r\u00f8d. Fremstillet i robust metal, bringer dette dristige design b\u00e5de holdbarhed og stil til\" \/>\n<meta property=\"og:url\" content=\"https:\/\/hubsch-interior.com\/da\/vare\/mush-bordlampe-mini-rod-2\/\" \/>\n<meta property=\"og:site_name\" content=\"H\u00fcbsch\" \/>\n<meta property=\"article:modified_time\" content=\"2026-04-09T03:08:05+00:00\" \/>\n<meta property=\"og:image\" content=\"https:\/\/hubsch-interior.com\/wp-content\/uploads\/2026\/02\/mush-table-lamp-mini-red-a9d0513442ece771647ef64b1accbe91.jpg\" \/>\n\t<meta property=\"og:image:width\" content=\"1024\" \/>\n\t<meta property=\"og:image:height\" content=\"1024\" \/>\n\t<meta property=\"og:image:type\" content=\"image\/jpeg\" \/>\n<meta name=\"twitter:card\" content=\"summary_large_image\" \/>\n<script type=\"application\/ld+json\" class=\"yoast-schema-graph\">{\"@context\":\"https:\/\/schema.org\",\"@graph\":[{\"@type\":\"WebPage\",\"@id\":\"https:\/\/hubsch-interior.com\/da\/vare\/mush-bordlampe-mini-rod-2\/\",\"url\":\"https:\/\/hubsch-interior.com\/da\/vare\/mush-bordlampe-mini-rod-2\/\",\"name\":\"Mush Bordlampe Mini R\u00f8d - H\u00fcbsch\",\"isPartOf\":{\"@id\":\"https:\/\/hubsch-interior.com\/da\/#website\"},\"primaryImageOfPage\":{\"@id\":\"https:\/\/hubsch-interior.com\/da\/vare\/mush-bordlampe-mini-rod-2\/#primaryimage\"},\"image\":{\"@id\":\"https:\/\/hubsch-interior.com\/da\/vare\/mush-bordlampe-mini-rod-2\/#primaryimage\"},\"thumbnailUrl\":\"https:\/\/hubsch-interior.com\/wp-content\/uploads\/2026\/02\/mush-table-lamp-mini-red-a9d0513442ece771647ef64b1accbe91.jpg\",\"datePublished\":\"2025-09-25T11:18:22+00:00\",\"dateModified\":\"2026-04-09T03:08:05+00:00\",\"description\":\"Giv dit hjem et farverigt pift med Mush Bordlampen i r\u00f8d. Fremstillet i robust metal, bringer dette dristige design b\u00e5de holdbarhed og stil til\",\"breadcrumb\":{\"@id\":\"https:\/\/hubsch-interior.com\/da\/vare\/mush-bordlampe-mini-rod-2\/#breadcrumb\"},\"inLanguage\":\"da-DK\",\"potentialAction\":[{\"@type\":\"ReadAction\",\"target\":[\"https:\/\/hubsch-interior.com\/da\/vare\/mush-bordlampe-mini-rod-2\/\"]}]},{\"@type\":\"ImageObject\",\"inLanguage\":\"da-DK\",\"@id\":\"https:\/\/hubsch-interior.com\/da\/vare\/mush-bordlampe-mini-rod-2\/#primaryimage\",\"url\":\"https:\/\/hubsch-interior.com\/wp-content\/uploads\/2026\/02\/mush-table-lamp-mini-red-a9d0513442ece771647ef64b1accbe91.jpg\",\"contentUrl\":\"https:\/\/hubsch-interior.com\/wp-content\/uploads\/2026\/02\/mush-table-lamp-mini-red-a9d0513442ece771647ef64b1accbe91.jpg\",\"width\":1024,\"height\":1024},{\"@type\":\"BreadcrumbList\",\"@id\":\"https:\/\/hubsch-interior.com\/da\/vare\/mush-bordlampe-mini-rod-2\/#breadcrumb\",\"itemListElement\":[{\"@type\":\"ListItem\",\"position\":1,\"name\":\"Forside\",\"item\":\"https:\/\/hubsch-interior.com\/da\/\"},{\"@type\":\"ListItem\",\"position\":2,\"name\":\"Produkter\",\"item\":\"https:\/\/hubsch-interior.com\/da\/produkter\/\"},{\"@type\":\"ListItem\",\"position\":3,\"name\":\"Belysning\",\"item\":\"https:\/\/hubsch-interior.com\/da\/vare-kategori\/belysning\/\"},{\"@type\":\"ListItem\",\"position\":4,\"name\":\"Bordlamper\",\"item\":\"https:\/\/hubsch-interior.com\/da\/vare-kategori\/belysning\/bordlamper-da\/\"},{\"@type\":\"ListItem\",\"position\":5,\"name\":\"Mush Bordlampe Mini R\u00f8d\"}]},{\"@type\":\"WebSite\",\"@id\":\"https:\/\/hubsch-interior.com\/da\/#website\",\"url\":\"https:\/\/hubsch-interior.com\/da\/\",\"name\":\"H\u00fcbsch\",\"description\":\"Danish Home Interior and Design\",\"publisher\":{\"@id\":\"https:\/\/hubsch-interior.com\/da\/#organization\"},\"potentialAction\":[{\"@type\":\"SearchAction\",\"target\":{\"@type\":\"EntryPoint\",\"urlTemplate\":\"https:\/\/hubsch-interior.com\/da\/?s={search_term_string}\"},\"query-input\":{\"@type\":\"PropertyValueSpecification\",\"valueRequired\":true,\"valueName\":\"search_term_string\"}}],\"inLanguage\":\"da-DK\"},{\"@type\":\"Organization\",\"@id\":\"https:\/\/hubsch-interior.com\/da\/#organization\",\"name\":\"H\u00fcbsch\",\"url\":\"https:\/\/hubsch-interior.com\/da\/\",\"logo\":{\"@type\":\"ImageObject\",\"inLanguage\":\"da-DK\",\"@id\":\"https:\/\/hubsch-interior.com\/da\/#\/schema\/logo\/image\/\",\"url\":\"https:\/\/hubsch-interior.com\/wp-content\/uploads\/2022\/12\/Hubsch_logo_black_one_line.svg\",\"contentUrl\":\"https:\/\/hubsch-interior.com\/wp-content\/uploads\/2022\/12\/Hubsch_logo_black_one_line.svg\",\"caption\":\"H\u00fcbsch\"},\"image\":{\"@id\":\"https:\/\/hubsch-interior.com\/da\/#\/schema\/logo\/image\/\"}}]}<\/script>\n<!-- \/ Yoast SEO plugin. -->","yoast_head_json":{"title":"Mush Bordlampe Mini R\u00f8d - H\u00fcbsch","description":"Giv dit hjem et farverigt pift med Mush Bordlampen i r\u00f8d. Fremstillet i robust metal, bringer dette dristige design b\u00e5de holdbarhed og stil til","robots":{"index":"index","follow":"follow","max-snippet":"max-snippet:-1","max-image-preview":"max-image-preview:large","max-video-preview":"max-video-preview:-1"},"canonical":"https:\/\/hubsch-interior.com\/da\/wp-json\/wp\/v2\/product\/1071442","og_locale":"da_DK","og_type":"article","og_title":"Mush Bordlampe Mini R\u00f8d - H\u00fcbsch","og_description":"Giv dit hjem et farverigt pift med Mush Bordlampen i r\u00f8d. Fremstillet i robust metal, bringer dette dristige design b\u00e5de holdbarhed og stil til","og_url":"https:\/\/hubsch-interior.com\/da\/vare\/mush-bordlampe-mini-rod-2\/","og_site_name":"H\u00fcbsch","article_modified_time":"2026-04-09T03:08:05+00:00","og_image":[{"width":1024,"height":1024,"url":"https:\/\/hubsch-interior.com\/wp-content\/uploads\/2026\/02\/mush-table-lamp-mini-red-a9d0513442ece771647ef64b1accbe91.jpg","type":"image\/jpeg"}],"twitter_card":"summary_large_image","schema":{"@context":"https:\/\/schema.org","@graph":[{"@type":"WebPage","@id":"https:\/\/hubsch-interior.com\/da\/vare\/mush-bordlampe-mini-rod-2\/","url":"https:\/\/hubsch-interior.com\/da\/vare\/mush-bordlampe-mini-rod-2\/","name":"Mush Bordlampe Mini R\u00f8d - H\u00fcbsch","isPartOf":{"@id":"https:\/\/hubsch-interior.com\/da\/#website"},"primaryImageOfPage":{"@id":"https:\/\/hubsch-interior.com\/da\/vare\/mush-bordlampe-mini-rod-2\/#primaryimage"},"image":{"@id":"https:\/\/hubsch-interior.com\/da\/vare\/mush-bordlampe-mini-rod-2\/#primaryimage"},"thumbnailUrl":"https:\/\/hubsch-interior.com\/wp-content\/uploads\/2026\/02\/mush-table-lamp-mini-red-a9d0513442ece771647ef64b1accbe91.jpg","datePublished":"2025-09-25T11:18:22+00:00","dateModified":"2026-04-09T03:08:05+00:00","description":"Giv dit hjem et farverigt pift med Mush Bordlampen i r\u00f8d. Fremstillet i robust metal, bringer dette dristige design b\u00e5de holdbarhed og stil til","breadcrumb":{"@id":"https:\/\/hubsch-interior.com\/da\/vare\/mush-bordlampe-mini-rod-2\/#breadcrumb"},"inLanguage":"da-DK","potentialAction":[{"@type":"ReadAction","target":["https:\/\/hubsch-interior.com\/da\/vare\/mush-bordlampe-mini-rod-2\/"]}]},{"@type":"ImageObject","inLanguage":"da-DK","@id":"https:\/\/hubsch-interior.com\/da\/vare\/mush-bordlampe-mini-rod-2\/#primaryimage","url":"https:\/\/hubsch-interior.com\/wp-content\/uploads\/2026\/02\/mush-table-lamp-mini-red-a9d0513442ece771647ef64b1accbe91.jpg","contentUrl":"https:\/\/hubsch-interior.com\/wp-content\/uploads\/2026\/02\/mush-table-lamp-mini-red-a9d0513442ece771647ef64b1accbe91.jpg","width":1024,"height":1024},{"@type":"BreadcrumbList","@id":"https:\/\/hubsch-interior.com\/da\/vare\/mush-bordlampe-mini-rod-2\/#breadcrumb","itemListElement":[{"@type":"ListItem","position":1,"name":"Forside","item":"https:\/\/hubsch-interior.com\/da\/"},{"@type":"ListItem","position":2,"name":"Produkter","item":"https:\/\/hubsch-interior.com\/da\/produkter\/"},{"@type":"ListItem","position":3,"name":"Belysning","item":"https:\/\/hubsch-interior.com\/da\/vare-kategori\/belysning\/"},{"@type":"ListItem","position":4,"name":"Bordlamper","item":"https:\/\/hubsch-interior.com\/da\/vare-kategori\/belysning\/bordlamper-da\/"},{"@type":"ListItem","position":5,"name":"Mush Bordlampe Mini R\u00f8d"}]},{"@type":"WebSite","@id":"https:\/\/hubsch-interior.com\/da\/#website","url":"https:\/\/hubsch-interior.com\/da\/","name":"H\u00fcbsch","description":"Danish Home Interior and Design","publisher":{"@id":"https:\/\/hubsch-interior.com\/da\/#organization"},"potentialAction":[{"@type":"SearchAction","target":{"@type":"EntryPoint","urlTemplate":"https:\/\/hubsch-interior.com\/da\/?s={search_term_string}"},"query-input":{"@type":"PropertyValueSpecification","valueRequired":true,"valueName":"search_term_string"}}],"inLanguage":"da-DK"},{"@type":"Organization","@id":"https:\/\/hubsch-interior.com\/da\/#organization","name":"H\u00fcbsch","url":"https:\/\/hubsch-interior.com\/da\/","logo":{"@type":"ImageObject","inLanguage":"da-DK","@id":"https:\/\/hubsch-interior.com\/da\/#\/schema\/logo\/image\/","url":"https:\/\/hubsch-interior.com\/wp-content\/uploads\/2022\/12\/Hubsch_logo_black_one_line.svg","contentUrl":"https:\/\/hubsch-interior.com\/wp-content\/uploads\/2022\/12\/Hubsch_logo_black_one_line.svg","caption":"H\u00fcbsch"},"image":{"@id":"https:\/\/hubsch-interior.com\/da\/#\/schema\/logo\/image\/"}}]}},"_links":{"self":[{"href":"https:\/\/hubsch-interior.com\/da\/wp-json\/wp\/v2\/product\/1071442","targetHints":{"allow":["GET"]}}],"collection":[{"href":"https:\/\/hubsch-interior.com\/da\/wp-json\/wp\/v2\/product"}],"about":[{"href":"https:\/\/hubsch-interior.com\/da\/wp-json\/wp\/v2\/types\/product"}],"wp:featuredmedia":[{"embeddable":true,"href":"https:\/\/hubsch-interior.com\/da\/wp-json\/wp\/v2\/media\/1108022"}],"wp:attachment":[{"href":"https:\/\/hubsch-interior.com\/da\/wp-json\/wp\/v2\/media?parent=1071442"}],"wp:term":[{"taxonomy":"product_brand","embeddable":true,"href":"https:\/\/hubsch-interior.com\/da\/wp-json\/wp\/v2\/product_brand?post=1071442"},{"taxonomy":"product_cat","embeddable":true,"href":"https:\/\/hubsch-interior.com\/da\/wp-json\/wp\/v2\/product_cat?post=1071442"},{"taxonomy":"product_tag","embeddable":true,"href":"https:\/\/hubsch-interior.com\/da\/wp-json\/wp\/v2\/product_tag?post=1071442"}],"curies":[{"name":"wp","href":"https:\/\/api.w.org\/{rel}","templated":true}]}}