{"id":1071462,"date":"2025-09-25T13:18:45","date_gmt":"2025-09-25T11:18:45","guid":{"rendered":"https:\/\/hubsch-interior.com\/product\/product\/"},"modified":"2026-04-09T05:08:13","modified_gmt":"2026-04-09T03:08:13","slug":"mush-bordlampe-mini-morkegron","status":"publish","type":"product","link":"https:\/\/hubsch-interior.com\/da\/vare\/mush-bordlampe-mini-morkegron\/","title":{"rendered":"Mush Bordlampe Mini M\u00f8rkegr\u00f8n"},"content":{"rendered":"<p>Mush Bordlampen i m\u00f8rkegr\u00f8n med en h\u00f8jglans finish tilf\u00f8rer et sofistikeret pr\u00e6g til ethvert rum. Designet til at kaste et varmt, indbydende lys, er den perfekt til senaftens l\u00e6sning eller tilf\u00f8jelse af subtil elegance til dit opholdsrum. Holdbar og stilfuld, forener Mush Lampen funktionalitet med tidl\u00f8st design og skaber en hyggelig atmosf\u00e6re i dit personlige tilflugtssted.<\/p>\n","protected":false},"excerpt":{"rendered":"<p>Mush Bordlampen i m\u00f8rkegr\u00f8n med en h\u00f8jglans finish tilf\u00f8rer et sofistikeret pr\u00e6g til ethvert rum. Designet til at kaste et varmt, indbydende lys, er den perfekt til senaftens l\u00e6sning eller tilf\u00f8jelse af subtil elegance til dit opholdsrum. Holdbar og stilfuld, forener Mush Lampen funktionalitet med tidl\u00f8st design og skaber en hyggelig atmosf\u00e6re i dit personlige [&hellip;]<\/p>\n","protected":false},"featured_media":1108050,"template":"","meta":{"_acf_changed":false,"inline_featured_image":false},"product_brand":[],"product_cat":[6938,3808,5025,3499,6996],"product_tag":[],"class_list":{"0":"post-1071462","1":"product","2":"type-product","3":"status-publish","4":"has-post-thumbnail","6":"product_cat-additions-da","7":"product_cat-belysning","8":"product_cat-bestsellers-da","9":"product_cat-bordlamper-da","10":"product_cat-the-buzz-da","11":"product_shipping_class-pk","13":"pa_color-mrkegrn","14":"pa_material-jern-da","16":"first","17":"instock","18":"featured","19":"taxable","20":"shipping-taxable","21":"purchasable","22":"product-type-simple"},"exclude_global_add_ons":[],"addons":[],"acf":[],"yoast_head":"<!-- This site is optimized with the Yoast SEO plugin v26.4 - https:\/\/yoast.com\/wordpress\/plugins\/seo\/ -->\n<title>Mush Bordlampe Mini M\u00f8rkegr\u00f8n - H\u00fcbsch<\/title>\n<meta name=\"description\" content=\"Mush Bordlampen i m\u00f8rkegr\u00f8n med en h\u00f8jglans finish tilf\u00f8rer et sofistikeret pr\u00e6g til ethvert rum. Designet til at kaste et varmt, indbydende lys, er den\" \/>\n<meta name=\"robots\" content=\"index, follow, max-snippet:-1, max-image-preview:large, max-video-preview:-1\" \/>\n<link rel=\"canonical\" href=\"https:\/\/hubsch-interior.com\/da\/wp-json\/wp\/v2\/product\/1071462\" \/>\n<meta property=\"og:locale\" content=\"da_DK\" \/>\n<meta property=\"og:type\" content=\"article\" \/>\n<meta property=\"og:title\" content=\"Mush Bordlampe Mini M\u00f8rkegr\u00f8n - H\u00fcbsch\" \/>\n<meta property=\"og:description\" content=\"Mush Bordlampen i m\u00f8rkegr\u00f8n med en h\u00f8jglans finish tilf\u00f8rer et sofistikeret pr\u00e6g til ethvert rum. Designet til at kaste et varmt, indbydende lys, er den\" \/>\n<meta property=\"og:url\" content=\"https:\/\/hubsch-interior.com\/da\/vare\/mush-bordlampe-mini-morkegron\/\" \/>\n<meta property=\"og:site_name\" content=\"H\u00fcbsch\" \/>\n<meta property=\"article:modified_time\" content=\"2026-04-09T03:08:13+00:00\" \/>\n<meta property=\"og:image\" content=\"https:\/\/hubsch-interior.com\/wp-content\/uploads\/2025\/09\/mush-table-lamp-mini-dark-green-dfafa4d9bd5447450d73321d57f1edec.jpg\" \/>\n\t<meta property=\"og:image:width\" content=\"1200\" \/>\n\t<meta property=\"og:image:height\" content=\"1200\" \/>\n\t<meta property=\"og:image:type\" content=\"image\/jpeg\" \/>\n<meta name=\"twitter:card\" content=\"summary_large_image\" \/>\n<script type=\"application\/ld+json\" class=\"yoast-schema-graph\">{\"@context\":\"https:\/\/schema.org\",\"@graph\":[{\"@type\":\"WebPage\",\"@id\":\"https:\/\/hubsch-interior.com\/da\/vare\/mush-bordlampe-mini-morkegron\/\",\"url\":\"https:\/\/hubsch-interior.com\/da\/vare\/mush-bordlampe-mini-morkegron\/\",\"name\":\"Mush Bordlampe Mini M\u00f8rkegr\u00f8n - H\u00fcbsch\",\"isPartOf\":{\"@id\":\"https:\/\/hubsch-interior.com\/da\/#website\"},\"primaryImageOfPage\":{\"@id\":\"https:\/\/hubsch-interior.com\/da\/vare\/mush-bordlampe-mini-morkegron\/#primaryimage\"},\"image\":{\"@id\":\"https:\/\/hubsch-interior.com\/da\/vare\/mush-bordlampe-mini-morkegron\/#primaryimage\"},\"thumbnailUrl\":\"https:\/\/hubsch-interior.com\/wp-content\/uploads\/2026\/02\/mush-table-lamp-mini-dark-green-dc67e9e432a736f20d1b3cc0c92085f0.jpg\",\"datePublished\":\"2025-09-25T11:18:45+00:00\",\"dateModified\":\"2026-04-09T03:08:13+00:00\",\"description\":\"Mush Bordlampen i m\u00f8rkegr\u00f8n med en h\u00f8jglans finish tilf\u00f8rer et sofistikeret pr\u00e6g til ethvert rum. Designet til at kaste et varmt, indbydende lys, er den\",\"breadcrumb\":{\"@id\":\"https:\/\/hubsch-interior.com\/da\/vare\/mush-bordlampe-mini-morkegron\/#breadcrumb\"},\"inLanguage\":\"da-DK\",\"potentialAction\":[{\"@type\":\"ReadAction\",\"target\":[\"https:\/\/hubsch-interior.com\/da\/vare\/mush-bordlampe-mini-morkegron\/\"]}]},{\"@type\":\"ImageObject\",\"inLanguage\":\"da-DK\",\"@id\":\"https:\/\/hubsch-interior.com\/da\/vare\/mush-bordlampe-mini-morkegron\/#primaryimage\",\"url\":\"https:\/\/hubsch-interior.com\/wp-content\/uploads\/2026\/02\/mush-table-lamp-mini-dark-green-dc67e9e432a736f20d1b3cc0c92085f0.jpg\",\"contentUrl\":\"https:\/\/hubsch-interior.com\/wp-content\/uploads\/2026\/02\/mush-table-lamp-mini-dark-green-dc67e9e432a736f20d1b3cc0c92085f0.jpg\",\"width\":1024,\"height\":1024},{\"@type\":\"BreadcrumbList\",\"@id\":\"https:\/\/hubsch-interior.com\/da\/vare\/mush-bordlampe-mini-morkegron\/#breadcrumb\",\"itemListElement\":[{\"@type\":\"ListItem\",\"position\":1,\"name\":\"Forside\",\"item\":\"https:\/\/hubsch-interior.com\/da\/\"},{\"@type\":\"ListItem\",\"position\":2,\"name\":\"Produkter\",\"item\":\"https:\/\/hubsch-interior.com\/da\/produkter\/\"},{\"@type\":\"ListItem\",\"position\":3,\"name\":\"Belysning\",\"item\":\"https:\/\/hubsch-interior.com\/da\/vare-kategori\/belysning\/\"},{\"@type\":\"ListItem\",\"position\":4,\"name\":\"Bordlamper\",\"item\":\"https:\/\/hubsch-interior.com\/da\/vare-kategori\/belysning\/bordlamper-da\/\"},{\"@type\":\"ListItem\",\"position\":5,\"name\":\"Mush Bordlampe Mini M\u00f8rkegr\u00f8n\"}]},{\"@type\":\"WebSite\",\"@id\":\"https:\/\/hubsch-interior.com\/da\/#website\",\"url\":\"https:\/\/hubsch-interior.com\/da\/\",\"name\":\"H\u00fcbsch\",\"description\":\"Danish Home Interior and Design\",\"publisher\":{\"@id\":\"https:\/\/hubsch-interior.com\/da\/#organization\"},\"potentialAction\":[{\"@type\":\"SearchAction\",\"target\":{\"@type\":\"EntryPoint\",\"urlTemplate\":\"https:\/\/hubsch-interior.com\/da\/?s={search_term_string}\"},\"query-input\":{\"@type\":\"PropertyValueSpecification\",\"valueRequired\":true,\"valueName\":\"search_term_string\"}}],\"inLanguage\":\"da-DK\"},{\"@type\":\"Organization\",\"@id\":\"https:\/\/hubsch-interior.com\/da\/#organization\",\"name\":\"H\u00fcbsch\",\"url\":\"https:\/\/hubsch-interior.com\/da\/\",\"logo\":{\"@type\":\"ImageObject\",\"inLanguage\":\"da-DK\",\"@id\":\"https:\/\/hubsch-interior.com\/da\/#\/schema\/logo\/image\/\",\"url\":\"https:\/\/hubsch-interior.com\/wp-content\/uploads\/2022\/12\/Hubsch_logo_black_one_line.svg\",\"contentUrl\":\"https:\/\/hubsch-interior.com\/wp-content\/uploads\/2022\/12\/Hubsch_logo_black_one_line.svg\",\"caption\":\"H\u00fcbsch\"},\"image\":{\"@id\":\"https:\/\/hubsch-interior.com\/da\/#\/schema\/logo\/image\/\"}}]}<\/script>\n<!-- \/ Yoast SEO plugin. -->","yoast_head_json":{"title":"Mush Bordlampe Mini M\u00f8rkegr\u00f8n - H\u00fcbsch","description":"Mush Bordlampen i m\u00f8rkegr\u00f8n med en h\u00f8jglans finish tilf\u00f8rer et sofistikeret pr\u00e6g til ethvert rum. Designet til at kaste et varmt, indbydende lys, er den","robots":{"index":"index","follow":"follow","max-snippet":"max-snippet:-1","max-image-preview":"max-image-preview:large","max-video-preview":"max-video-preview:-1"},"canonical":"https:\/\/hubsch-interior.com\/da\/wp-json\/wp\/v2\/product\/1071462","og_locale":"da_DK","og_type":"article","og_title":"Mush Bordlampe Mini M\u00f8rkegr\u00f8n - H\u00fcbsch","og_description":"Mush Bordlampen i m\u00f8rkegr\u00f8n med en h\u00f8jglans finish tilf\u00f8rer et sofistikeret pr\u00e6g til ethvert rum. Designet til at kaste et varmt, indbydende lys, er den","og_url":"https:\/\/hubsch-interior.com\/da\/vare\/mush-bordlampe-mini-morkegron\/","og_site_name":"H\u00fcbsch","article_modified_time":"2026-04-09T03:08:13+00:00","og_image":[{"width":1200,"height":1200,"url":"https:\/\/hubsch-interior.com\/wp-content\/uploads\/2025\/09\/mush-table-lamp-mini-dark-green-dfafa4d9bd5447450d73321d57f1edec.jpg","type":"image\/jpeg"}],"twitter_card":"summary_large_image","schema":{"@context":"https:\/\/schema.org","@graph":[{"@type":"WebPage","@id":"https:\/\/hubsch-interior.com\/da\/vare\/mush-bordlampe-mini-morkegron\/","url":"https:\/\/hubsch-interior.com\/da\/vare\/mush-bordlampe-mini-morkegron\/","name":"Mush Bordlampe Mini M\u00f8rkegr\u00f8n - H\u00fcbsch","isPartOf":{"@id":"https:\/\/hubsch-interior.com\/da\/#website"},"primaryImageOfPage":{"@id":"https:\/\/hubsch-interior.com\/da\/vare\/mush-bordlampe-mini-morkegron\/#primaryimage"},"image":{"@id":"https:\/\/hubsch-interior.com\/da\/vare\/mush-bordlampe-mini-morkegron\/#primaryimage"},"thumbnailUrl":"https:\/\/hubsch-interior.com\/wp-content\/uploads\/2026\/02\/mush-table-lamp-mini-dark-green-dc67e9e432a736f20d1b3cc0c92085f0.jpg","datePublished":"2025-09-25T11:18:45+00:00","dateModified":"2026-04-09T03:08:13+00:00","description":"Mush Bordlampen i m\u00f8rkegr\u00f8n med en h\u00f8jglans finish tilf\u00f8rer et sofistikeret pr\u00e6g til ethvert rum. Designet til at kaste et varmt, indbydende lys, er den","breadcrumb":{"@id":"https:\/\/hubsch-interior.com\/da\/vare\/mush-bordlampe-mini-morkegron\/#breadcrumb"},"inLanguage":"da-DK","potentialAction":[{"@type":"ReadAction","target":["https:\/\/hubsch-interior.com\/da\/vare\/mush-bordlampe-mini-morkegron\/"]}]},{"@type":"ImageObject","inLanguage":"da-DK","@id":"https:\/\/hubsch-interior.com\/da\/vare\/mush-bordlampe-mini-morkegron\/#primaryimage","url":"https:\/\/hubsch-interior.com\/wp-content\/uploads\/2026\/02\/mush-table-lamp-mini-dark-green-dc67e9e432a736f20d1b3cc0c92085f0.jpg","contentUrl":"https:\/\/hubsch-interior.com\/wp-content\/uploads\/2026\/02\/mush-table-lamp-mini-dark-green-dc67e9e432a736f20d1b3cc0c92085f0.jpg","width":1024,"height":1024},{"@type":"BreadcrumbList","@id":"https:\/\/hubsch-interior.com\/da\/vare\/mush-bordlampe-mini-morkegron\/#breadcrumb","itemListElement":[{"@type":"ListItem","position":1,"name":"Forside","item":"https:\/\/hubsch-interior.com\/da\/"},{"@type":"ListItem","position":2,"name":"Produkter","item":"https:\/\/hubsch-interior.com\/da\/produkter\/"},{"@type":"ListItem","position":3,"name":"Belysning","item":"https:\/\/hubsch-interior.com\/da\/vare-kategori\/belysning\/"},{"@type":"ListItem","position":4,"name":"Bordlamper","item":"https:\/\/hubsch-interior.com\/da\/vare-kategori\/belysning\/bordlamper-da\/"},{"@type":"ListItem","position":5,"name":"Mush Bordlampe Mini M\u00f8rkegr\u00f8n"}]},{"@type":"WebSite","@id":"https:\/\/hubsch-interior.com\/da\/#website","url":"https:\/\/hubsch-interior.com\/da\/","name":"H\u00fcbsch","description":"Danish Home Interior and Design","publisher":{"@id":"https:\/\/hubsch-interior.com\/da\/#organization"},"potentialAction":[{"@type":"SearchAction","target":{"@type":"EntryPoint","urlTemplate":"https:\/\/hubsch-interior.com\/da\/?s={search_term_string}"},"query-input":{"@type":"PropertyValueSpecification","valueRequired":true,"valueName":"search_term_string"}}],"inLanguage":"da-DK"},{"@type":"Organization","@id":"https:\/\/hubsch-interior.com\/da\/#organization","name":"H\u00fcbsch","url":"https:\/\/hubsch-interior.com\/da\/","logo":{"@type":"ImageObject","inLanguage":"da-DK","@id":"https:\/\/hubsch-interior.com\/da\/#\/schema\/logo\/image\/","url":"https:\/\/hubsch-interior.com\/wp-content\/uploads\/2022\/12\/Hubsch_logo_black_one_line.svg","contentUrl":"https:\/\/hubsch-interior.com\/wp-content\/uploads\/2022\/12\/Hubsch_logo_black_one_line.svg","caption":"H\u00fcbsch"},"image":{"@id":"https:\/\/hubsch-interior.com\/da\/#\/schema\/logo\/image\/"}}]}},"_links":{"self":[{"href":"https:\/\/hubsch-interior.com\/da\/wp-json\/wp\/v2\/product\/1071462","targetHints":{"allow":["GET"]}}],"collection":[{"href":"https:\/\/hubsch-interior.com\/da\/wp-json\/wp\/v2\/product"}],"about":[{"href":"https:\/\/hubsch-interior.com\/da\/wp-json\/wp\/v2\/types\/product"}],"wp:featuredmedia":[{"embeddable":true,"href":"https:\/\/hubsch-interior.com\/da\/wp-json\/wp\/v2\/media\/1108050"}],"wp:attachment":[{"href":"https:\/\/hubsch-interior.com\/da\/wp-json\/wp\/v2\/media?parent=1071462"}],"wp:term":[{"taxonomy":"product_brand","embeddable":true,"href":"https:\/\/hubsch-interior.com\/da\/wp-json\/wp\/v2\/product_brand?post=1071462"},{"taxonomy":"product_cat","embeddable":true,"href":"https:\/\/hubsch-interior.com\/da\/wp-json\/wp\/v2\/product_cat?post=1071462"},{"taxonomy":"product_tag","embeddable":true,"href":"https:\/\/hubsch-interior.com\/da\/wp-json\/wp\/v2\/product_tag?post=1071462"}],"curies":[{"name":"wp","href":"https:\/\/api.w.org\/{rel}","templated":true}]}}