{"id":1071478,"date":"2025-09-25T13:18:55","date_gmt":"2025-09-25T11:18:55","guid":{"rendered":"https:\/\/hubsch-interior.com\/product\/product\/"},"modified":"2026-04-09T05:08:18","modified_gmt":"2026-04-09T03:08:18","slug":"mush-bordlampe-mini-isbla","status":"publish","type":"product","link":"https:\/\/hubsch-interior.com\/da\/vare\/mush-bordlampe-mini-isbla\/","title":{"rendered":"Mush Bordlampe Mini Isbl\u00e5"},"content":{"rendered":"<p>Tr\u00e6d ind i en verden af rolig belysning med vores evigt klassiske Mush Bordlampe, nu i en st\u00f8vet isbl\u00e5 farve med en h\u00f8jglansoverflade. Perfekt designet til at tilf\u00f8je et strejf af elegance til ethvert rum, udsender denne lampe et roligt, hyggeligt sk\u00e6r, der inviterer dig til at slappe af efter en lang dag. Uanset om den pryder dit natbord eller tilf\u00f8jer et strejf af chic til dit studie, er Mush Bordlampen et fyrt\u00e5rn af roligt lys i dit personlige fristed.<\/p>\n","protected":false},"excerpt":{"rendered":"<p>Tr\u00e6d ind i en verden af rolig belysning med vores evigt klassiske Mush Bordlampe, nu i en st\u00f8vet isbl\u00e5 farve med en h\u00f8jglansoverflade. Perfekt designet til at tilf\u00f8je et strejf af elegance til ethvert rum, udsender denne lampe et roligt, hyggeligt sk\u00e6r, der inviterer dig til at slappe af efter en lang dag. Uanset om [&hellip;]<\/p>\n","protected":false},"featured_media":1108054,"template":"","meta":{"_acf_changed":false,"inline_featured_image":false},"product_brand":[],"product_cat":[6938,6996,3808,3499,5025],"product_tag":[],"class_list":{"0":"post-1071478","1":"product","2":"type-product","3":"status-publish","4":"has-post-thumbnail","6":"product_cat-additions-da","7":"product_cat-the-buzz-da","8":"product_cat-belysning","9":"product_cat-bordlamper-da","10":"product_cat-bestsellers-da","11":"product_shipping_class-pk","13":"pa_color-isblaa","14":"pa_material-jern-da","16":"first","17":"instock","18":"featured","19":"taxable","20":"shipping-taxable","21":"purchasable","22":"product-type-simple"},"exclude_global_add_ons":[],"addons":[],"acf":[],"yoast_head":"<!-- This site is optimized with the Yoast SEO plugin v26.4 - https:\/\/yoast.com\/wordpress\/plugins\/seo\/ -->\n<title>Mush Bordlampe Mini Isbl\u00e5 - H\u00fcbsch<\/title>\n<meta name=\"description\" content=\"Tr\u00e6d ind i en verden af rolig belysning med vores evigt klassiske Mush Bordlampe, nu i en st\u00f8vet isbl\u00e5 farve med en h\u00f8jglansoverflade. Perfekt designet\" \/>\n<meta name=\"robots\" content=\"index, follow, max-snippet:-1, max-image-preview:large, max-video-preview:-1\" \/>\n<link rel=\"canonical\" href=\"https:\/\/hubsch-interior.com\/da\/wp-json\/wp\/v2\/product\/1071478\" \/>\n<meta property=\"og:locale\" content=\"da_DK\" \/>\n<meta property=\"og:type\" content=\"article\" \/>\n<meta property=\"og:title\" content=\"Mush Bordlampe Mini Isbl\u00e5 - H\u00fcbsch\" \/>\n<meta property=\"og:description\" content=\"Tr\u00e6d ind i en verden af rolig belysning med vores evigt klassiske Mush Bordlampe, nu i en st\u00f8vet isbl\u00e5 farve med en h\u00f8jglansoverflade. Perfekt designet\" \/>\n<meta property=\"og:url\" content=\"https:\/\/hubsch-interior.com\/da\/vare\/mush-bordlampe-mini-isbla\/\" \/>\n<meta property=\"og:site_name\" content=\"H\u00fcbsch\" \/>\n<meta property=\"article:modified_time\" content=\"2026-04-09T03:08:18+00:00\" \/>\n<meta property=\"og:image\" content=\"https:\/\/hubsch-interior.com\/wp-content\/uploads\/2025\/09\/mush-table-lamp-mini-ice-blue-ff376462a2c87456b57f39db120bf918.jpg\" \/>\n\t<meta property=\"og:image:width\" content=\"1200\" \/>\n\t<meta property=\"og:image:height\" content=\"1200\" \/>\n\t<meta property=\"og:image:type\" content=\"image\/jpeg\" \/>\n<meta name=\"twitter:card\" content=\"summary_large_image\" \/>\n<script type=\"application\/ld+json\" class=\"yoast-schema-graph\">{\"@context\":\"https:\/\/schema.org\",\"@graph\":[{\"@type\":\"WebPage\",\"@id\":\"https:\/\/hubsch-interior.com\/da\/vare\/mush-bordlampe-mini-isbla\/\",\"url\":\"https:\/\/hubsch-interior.com\/da\/vare\/mush-bordlampe-mini-isbla\/\",\"name\":\"Mush Bordlampe Mini Isbl\u00e5 - H\u00fcbsch\",\"isPartOf\":{\"@id\":\"https:\/\/hubsch-interior.com\/da\/#website\"},\"primaryImageOfPage\":{\"@id\":\"https:\/\/hubsch-interior.com\/da\/vare\/mush-bordlampe-mini-isbla\/#primaryimage\"},\"image\":{\"@id\":\"https:\/\/hubsch-interior.com\/da\/vare\/mush-bordlampe-mini-isbla\/#primaryimage\"},\"thumbnailUrl\":\"https:\/\/hubsch-interior.com\/wp-content\/uploads\/2026\/02\/mush-table-lamp-mini-ice-blue-83f6c667814108eee5e5b0b0c98a7d79.jpg\",\"datePublished\":\"2025-09-25T11:18:55+00:00\",\"dateModified\":\"2026-04-09T03:08:18+00:00\",\"description\":\"Tr\u00e6d ind i en verden af rolig belysning med vores evigt klassiske Mush Bordlampe, nu i en st\u00f8vet isbl\u00e5 farve med en h\u00f8jglansoverflade. Perfekt designet\",\"breadcrumb\":{\"@id\":\"https:\/\/hubsch-interior.com\/da\/vare\/mush-bordlampe-mini-isbla\/#breadcrumb\"},\"inLanguage\":\"da-DK\",\"potentialAction\":[{\"@type\":\"ReadAction\",\"target\":[\"https:\/\/hubsch-interior.com\/da\/vare\/mush-bordlampe-mini-isbla\/\"]}]},{\"@type\":\"ImageObject\",\"inLanguage\":\"da-DK\",\"@id\":\"https:\/\/hubsch-interior.com\/da\/vare\/mush-bordlampe-mini-isbla\/#primaryimage\",\"url\":\"https:\/\/hubsch-interior.com\/wp-content\/uploads\/2026\/02\/mush-table-lamp-mini-ice-blue-83f6c667814108eee5e5b0b0c98a7d79.jpg\",\"contentUrl\":\"https:\/\/hubsch-interior.com\/wp-content\/uploads\/2026\/02\/mush-table-lamp-mini-ice-blue-83f6c667814108eee5e5b0b0c98a7d79.jpg\",\"width\":1024,\"height\":1024},{\"@type\":\"BreadcrumbList\",\"@id\":\"https:\/\/hubsch-interior.com\/da\/vare\/mush-bordlampe-mini-isbla\/#breadcrumb\",\"itemListElement\":[{\"@type\":\"ListItem\",\"position\":1,\"name\":\"Forside\",\"item\":\"https:\/\/hubsch-interior.com\/da\/\"},{\"@type\":\"ListItem\",\"position\":2,\"name\":\"Produkter\",\"item\":\"https:\/\/hubsch-interior.com\/da\/produkter\/\"},{\"@type\":\"ListItem\",\"position\":3,\"name\":\"Belysning\",\"item\":\"https:\/\/hubsch-interior.com\/da\/vare-kategori\/belysning\/\"},{\"@type\":\"ListItem\",\"position\":4,\"name\":\"Bordlamper\",\"item\":\"https:\/\/hubsch-interior.com\/da\/vare-kategori\/belysning\/bordlamper-da\/\"},{\"@type\":\"ListItem\",\"position\":5,\"name\":\"Mush Bordlampe Mini Isbl\u00e5\"}]},{\"@type\":\"WebSite\",\"@id\":\"https:\/\/hubsch-interior.com\/da\/#website\",\"url\":\"https:\/\/hubsch-interior.com\/da\/\",\"name\":\"H\u00fcbsch\",\"description\":\"Danish Home Interior and Design\",\"publisher\":{\"@id\":\"https:\/\/hubsch-interior.com\/da\/#organization\"},\"potentialAction\":[{\"@type\":\"SearchAction\",\"target\":{\"@type\":\"EntryPoint\",\"urlTemplate\":\"https:\/\/hubsch-interior.com\/da\/?s={search_term_string}\"},\"query-input\":{\"@type\":\"PropertyValueSpecification\",\"valueRequired\":true,\"valueName\":\"search_term_string\"}}],\"inLanguage\":\"da-DK\"},{\"@type\":\"Organization\",\"@id\":\"https:\/\/hubsch-interior.com\/da\/#organization\",\"name\":\"H\u00fcbsch\",\"url\":\"https:\/\/hubsch-interior.com\/da\/\",\"logo\":{\"@type\":\"ImageObject\",\"inLanguage\":\"da-DK\",\"@id\":\"https:\/\/hubsch-interior.com\/da\/#\/schema\/logo\/image\/\",\"url\":\"https:\/\/hubsch-interior.com\/wp-content\/uploads\/2022\/12\/Hubsch_logo_black_one_line.svg\",\"contentUrl\":\"https:\/\/hubsch-interior.com\/wp-content\/uploads\/2022\/12\/Hubsch_logo_black_one_line.svg\",\"caption\":\"H\u00fcbsch\"},\"image\":{\"@id\":\"https:\/\/hubsch-interior.com\/da\/#\/schema\/logo\/image\/\"}}]}<\/script>\n<!-- \/ Yoast SEO plugin. -->","yoast_head_json":{"title":"Mush Bordlampe Mini Isbl\u00e5 - H\u00fcbsch","description":"Tr\u00e6d ind i en verden af rolig belysning med vores evigt klassiske Mush Bordlampe, nu i en st\u00f8vet isbl\u00e5 farve med en h\u00f8jglansoverflade. Perfekt designet","robots":{"index":"index","follow":"follow","max-snippet":"max-snippet:-1","max-image-preview":"max-image-preview:large","max-video-preview":"max-video-preview:-1"},"canonical":"https:\/\/hubsch-interior.com\/da\/wp-json\/wp\/v2\/product\/1071478","og_locale":"da_DK","og_type":"article","og_title":"Mush Bordlampe Mini Isbl\u00e5 - H\u00fcbsch","og_description":"Tr\u00e6d ind i en verden af rolig belysning med vores evigt klassiske Mush Bordlampe, nu i en st\u00f8vet isbl\u00e5 farve med en h\u00f8jglansoverflade. Perfekt designet","og_url":"https:\/\/hubsch-interior.com\/da\/vare\/mush-bordlampe-mini-isbla\/","og_site_name":"H\u00fcbsch","article_modified_time":"2026-04-09T03:08:18+00:00","og_image":[{"width":1200,"height":1200,"url":"https:\/\/hubsch-interior.com\/wp-content\/uploads\/2025\/09\/mush-table-lamp-mini-ice-blue-ff376462a2c87456b57f39db120bf918.jpg","type":"image\/jpeg"}],"twitter_card":"summary_large_image","schema":{"@context":"https:\/\/schema.org","@graph":[{"@type":"WebPage","@id":"https:\/\/hubsch-interior.com\/da\/vare\/mush-bordlampe-mini-isbla\/","url":"https:\/\/hubsch-interior.com\/da\/vare\/mush-bordlampe-mini-isbla\/","name":"Mush Bordlampe Mini Isbl\u00e5 - H\u00fcbsch","isPartOf":{"@id":"https:\/\/hubsch-interior.com\/da\/#website"},"primaryImageOfPage":{"@id":"https:\/\/hubsch-interior.com\/da\/vare\/mush-bordlampe-mini-isbla\/#primaryimage"},"image":{"@id":"https:\/\/hubsch-interior.com\/da\/vare\/mush-bordlampe-mini-isbla\/#primaryimage"},"thumbnailUrl":"https:\/\/hubsch-interior.com\/wp-content\/uploads\/2026\/02\/mush-table-lamp-mini-ice-blue-83f6c667814108eee5e5b0b0c98a7d79.jpg","datePublished":"2025-09-25T11:18:55+00:00","dateModified":"2026-04-09T03:08:18+00:00","description":"Tr\u00e6d ind i en verden af rolig belysning med vores evigt klassiske Mush Bordlampe, nu i en st\u00f8vet isbl\u00e5 farve med en h\u00f8jglansoverflade. Perfekt designet","breadcrumb":{"@id":"https:\/\/hubsch-interior.com\/da\/vare\/mush-bordlampe-mini-isbla\/#breadcrumb"},"inLanguage":"da-DK","potentialAction":[{"@type":"ReadAction","target":["https:\/\/hubsch-interior.com\/da\/vare\/mush-bordlampe-mini-isbla\/"]}]},{"@type":"ImageObject","inLanguage":"da-DK","@id":"https:\/\/hubsch-interior.com\/da\/vare\/mush-bordlampe-mini-isbla\/#primaryimage","url":"https:\/\/hubsch-interior.com\/wp-content\/uploads\/2026\/02\/mush-table-lamp-mini-ice-blue-83f6c667814108eee5e5b0b0c98a7d79.jpg","contentUrl":"https:\/\/hubsch-interior.com\/wp-content\/uploads\/2026\/02\/mush-table-lamp-mini-ice-blue-83f6c667814108eee5e5b0b0c98a7d79.jpg","width":1024,"height":1024},{"@type":"BreadcrumbList","@id":"https:\/\/hubsch-interior.com\/da\/vare\/mush-bordlampe-mini-isbla\/#breadcrumb","itemListElement":[{"@type":"ListItem","position":1,"name":"Forside","item":"https:\/\/hubsch-interior.com\/da\/"},{"@type":"ListItem","position":2,"name":"Produkter","item":"https:\/\/hubsch-interior.com\/da\/produkter\/"},{"@type":"ListItem","position":3,"name":"Belysning","item":"https:\/\/hubsch-interior.com\/da\/vare-kategori\/belysning\/"},{"@type":"ListItem","position":4,"name":"Bordlamper","item":"https:\/\/hubsch-interior.com\/da\/vare-kategori\/belysning\/bordlamper-da\/"},{"@type":"ListItem","position":5,"name":"Mush Bordlampe Mini Isbl\u00e5"}]},{"@type":"WebSite","@id":"https:\/\/hubsch-interior.com\/da\/#website","url":"https:\/\/hubsch-interior.com\/da\/","name":"H\u00fcbsch","description":"Danish Home Interior and Design","publisher":{"@id":"https:\/\/hubsch-interior.com\/da\/#organization"},"potentialAction":[{"@type":"SearchAction","target":{"@type":"EntryPoint","urlTemplate":"https:\/\/hubsch-interior.com\/da\/?s={search_term_string}"},"query-input":{"@type":"PropertyValueSpecification","valueRequired":true,"valueName":"search_term_string"}}],"inLanguage":"da-DK"},{"@type":"Organization","@id":"https:\/\/hubsch-interior.com\/da\/#organization","name":"H\u00fcbsch","url":"https:\/\/hubsch-interior.com\/da\/","logo":{"@type":"ImageObject","inLanguage":"da-DK","@id":"https:\/\/hubsch-interior.com\/da\/#\/schema\/logo\/image\/","url":"https:\/\/hubsch-interior.com\/wp-content\/uploads\/2022\/12\/Hubsch_logo_black_one_line.svg","contentUrl":"https:\/\/hubsch-interior.com\/wp-content\/uploads\/2022\/12\/Hubsch_logo_black_one_line.svg","caption":"H\u00fcbsch"},"image":{"@id":"https:\/\/hubsch-interior.com\/da\/#\/schema\/logo\/image\/"}}]}},"_links":{"self":[{"href":"https:\/\/hubsch-interior.com\/da\/wp-json\/wp\/v2\/product\/1071478","targetHints":{"allow":["GET"]}}],"collection":[{"href":"https:\/\/hubsch-interior.com\/da\/wp-json\/wp\/v2\/product"}],"about":[{"href":"https:\/\/hubsch-interior.com\/da\/wp-json\/wp\/v2\/types\/product"}],"wp:featuredmedia":[{"embeddable":true,"href":"https:\/\/hubsch-interior.com\/da\/wp-json\/wp\/v2\/media\/1108054"}],"wp:attachment":[{"href":"https:\/\/hubsch-interior.com\/da\/wp-json\/wp\/v2\/media?parent=1071478"}],"wp:term":[{"taxonomy":"product_brand","embeddable":true,"href":"https:\/\/hubsch-interior.com\/da\/wp-json\/wp\/v2\/product_brand?post=1071478"},{"taxonomy":"product_cat","embeddable":true,"href":"https:\/\/hubsch-interior.com\/da\/wp-json\/wp\/v2\/product_cat?post=1071478"},{"taxonomy":"product_tag","embeddable":true,"href":"https:\/\/hubsch-interior.com\/da\/wp-json\/wp\/v2\/product_tag?post=1071478"}],"curies":[{"name":"wp","href":"https:\/\/api.w.org\/{rel}","templated":true}]}}