{"id":1071594,"date":"2025-09-25T13:20:32","date_gmt":"2025-09-25T11:20:32","guid":{"rendered":"https:\/\/hubsch-interior.com\/product\/product\/"},"modified":"2026-04-09T05:08:56","modified_gmt":"2026-04-09T03:08:56","slug":"current-vaeglampe-lysebla","status":"publish","type":"product","link":"https:\/\/hubsch-interior.com\/da\/vare\/current-vaeglampe-lysebla\/","title":{"rendered":"Current V\u00e6glampe Lysebl\u00e5"},"content":{"rendered":"<p>Oplev den fortryllende tiltr\u00e6kning af Current V\u00e6glampe, smukt udf\u00f8rt i en i\u00f8jnefaldende bl\u00e5 farve. Tilg\u00e6ngelig i fire unikke varianter, denne model byder p\u00e5 en elegant fusion af glas og metal, fremh\u00e6vet af dens grafiske form. Perfekt til at skabe en hyggelig atmosf\u00e6re, den giver et behageligt lys, der forvandler ethvert rum til en fredfyldt tilflugt. Den uds\u00f8gte farvekombination l\u00f8fter din indretning, og g\u00f8r denne lampe ikke kun funktionel, men ogs\u00e5 til et kunstv\u00e6rk. Ideel til de aftener, hvor du kr\u00f8ller dig sammen med en yndlingsbog!<\/p>\n","protected":false},"excerpt":{"rendered":"<p>Oplev den fortryllende tiltr\u00e6kning af Current V\u00e6glampe, smukt udf\u00f8rt i en i\u00f8jnefaldende bl\u00e5 farve. Tilg\u00e6ngelig i fire unikke varianter, denne model byder p\u00e5 en elegant fusion af glas og metal, fremh\u00e6vet af dens grafiske form. Perfekt til at skabe en hyggelig atmosf\u00e6re, den giver et behageligt lys, der forvandler ethvert rum til en fredfyldt tilflugt. [&hellip;]<\/p>\n","protected":false},"featured_media":1108138,"template":"","meta":{"_acf_changed":false,"inline_featured_image":false},"product_brand":[],"product_cat":[6938,6996,3808,3405,5025],"product_tag":[],"class_list":{"0":"post-1071594","1":"product","2":"type-product","3":"status-publish","4":"has-post-thumbnail","6":"product_cat-additions-da","7":"product_cat-the-buzz-da","8":"product_cat-belysning","9":"product_cat-vaeglamper-da","10":"product_cat-bestsellers-da","11":"product_shipping_class-pk","13":"pa_color-lysebl","14":"pa_material-glas-da","15":"pa_material-jern-da","17":"first","18":"instock","19":"featured","20":"taxable","21":"shipping-taxable","22":"purchasable","23":"product-type-simple"},"exclude_global_add_ons":[],"addons":[],"acf":[],"yoast_head":"<!-- This site is optimized with the Yoast SEO plugin v26.4 - https:\/\/yoast.com\/wordpress\/plugins\/seo\/ -->\n<title>Current V\u00e6glampe Lysebl\u00e5 - H\u00fcbsch<\/title>\n<meta name=\"description\" content=\"Oplev den fortryllende tiltr\u00e6kning af Current V\u00e6glampe, smukt udf\u00f8rt i en i\u00f8jnefaldende bl\u00e5 farve. Tilg\u00e6ngelig i fire unikke varianter, denne model byder\" \/>\n<meta name=\"robots\" content=\"index, follow, max-snippet:-1, max-image-preview:large, max-video-preview:-1\" \/>\n<link rel=\"canonical\" href=\"https:\/\/hubsch-interior.com\/da\/wp-json\/wp\/v2\/product\/1071594\" \/>\n<meta property=\"og:locale\" content=\"da_DK\" \/>\n<meta property=\"og:type\" content=\"article\" \/>\n<meta property=\"og:title\" content=\"Current V\u00e6glampe Lysebl\u00e5 - H\u00fcbsch\" \/>\n<meta property=\"og:description\" content=\"Oplev den fortryllende tiltr\u00e6kning af Current V\u00e6glampe, smukt udf\u00f8rt i en i\u00f8jnefaldende bl\u00e5 farve. Tilg\u00e6ngelig i fire unikke varianter, denne model byder\" \/>\n<meta property=\"og:url\" content=\"https:\/\/hubsch-interior.com\/da\/vare\/current-vaeglampe-lysebla\/\" \/>\n<meta property=\"og:site_name\" content=\"H\u00fcbsch\" \/>\n<meta property=\"article:modified_time\" content=\"2026-04-09T03:08:56+00:00\" \/>\n<meta property=\"og:image\" content=\"https:\/\/hubsch-interior.com\/wp-content\/uploads\/2025\/10\/current-wall-light-blue-d37766ed0aeb2539b1f60f11e0441bcf.jpg\" \/>\n\t<meta property=\"og:image:width\" content=\"1200\" \/>\n\t<meta property=\"og:image:height\" content=\"1200\" \/>\n\t<meta property=\"og:image:type\" content=\"image\/jpeg\" \/>\n<meta name=\"twitter:card\" content=\"summary_large_image\" \/>\n<script type=\"application\/ld+json\" class=\"yoast-schema-graph\">{\"@context\":\"https:\/\/schema.org\",\"@graph\":[{\"@type\":\"WebPage\",\"@id\":\"https:\/\/hubsch-interior.com\/da\/vare\/current-vaeglampe-lysebla\/\",\"url\":\"https:\/\/hubsch-interior.com\/da\/vare\/current-vaeglampe-lysebla\/\",\"name\":\"Current V\u00e6glampe Lysebl\u00e5 - H\u00fcbsch\",\"isPartOf\":{\"@id\":\"https:\/\/hubsch-interior.com\/da\/#website\"},\"primaryImageOfPage\":{\"@id\":\"https:\/\/hubsch-interior.com\/da\/vare\/current-vaeglampe-lysebla\/#primaryimage\"},\"image\":{\"@id\":\"https:\/\/hubsch-interior.com\/da\/vare\/current-vaeglampe-lysebla\/#primaryimage\"},\"thumbnailUrl\":\"https:\/\/hubsch-interior.com\/wp-content\/uploads\/2026\/02\/current-wall-light-light-blue-c27c1ee059a0f4d9abeb368e03bf1040.jpg\",\"datePublished\":\"2025-09-25T11:20:32+00:00\",\"dateModified\":\"2026-04-09T03:08:56+00:00\",\"description\":\"Oplev den fortryllende tiltr\u00e6kning af Current V\u00e6glampe, smukt udf\u00f8rt i en i\u00f8jnefaldende bl\u00e5 farve. Tilg\u00e6ngelig i fire unikke varianter, denne model byder\",\"breadcrumb\":{\"@id\":\"https:\/\/hubsch-interior.com\/da\/vare\/current-vaeglampe-lysebla\/#breadcrumb\"},\"inLanguage\":\"da-DK\",\"potentialAction\":[{\"@type\":\"ReadAction\",\"target\":[\"https:\/\/hubsch-interior.com\/da\/vare\/current-vaeglampe-lysebla\/\"]}]},{\"@type\":\"ImageObject\",\"inLanguage\":\"da-DK\",\"@id\":\"https:\/\/hubsch-interior.com\/da\/vare\/current-vaeglampe-lysebla\/#primaryimage\",\"url\":\"https:\/\/hubsch-interior.com\/wp-content\/uploads\/2026\/02\/current-wall-light-light-blue-c27c1ee059a0f4d9abeb368e03bf1040.jpg\",\"contentUrl\":\"https:\/\/hubsch-interior.com\/wp-content\/uploads\/2026\/02\/current-wall-light-light-blue-c27c1ee059a0f4d9abeb368e03bf1040.jpg\",\"width\":1024,\"height\":1024},{\"@type\":\"BreadcrumbList\",\"@id\":\"https:\/\/hubsch-interior.com\/da\/vare\/current-vaeglampe-lysebla\/#breadcrumb\",\"itemListElement\":[{\"@type\":\"ListItem\",\"position\":1,\"name\":\"Forside\",\"item\":\"https:\/\/hubsch-interior.com\/da\/\"},{\"@type\":\"ListItem\",\"position\":2,\"name\":\"Produkter\",\"item\":\"https:\/\/hubsch-interior.com\/da\/produkter\/\"},{\"@type\":\"ListItem\",\"position\":3,\"name\":\"Belysning\",\"item\":\"https:\/\/hubsch-interior.com\/da\/vare-kategori\/belysning\/\"},{\"@type\":\"ListItem\",\"position\":4,\"name\":\"V&aelig;glamper\",\"item\":\"https:\/\/hubsch-interior.com\/da\/vare-kategori\/belysning\/vaeglamper-da\/\"},{\"@type\":\"ListItem\",\"position\":5,\"name\":\"Current V\u00e6glampe Lysebl\u00e5\"}]},{\"@type\":\"WebSite\",\"@id\":\"https:\/\/hubsch-interior.com\/da\/#website\",\"url\":\"https:\/\/hubsch-interior.com\/da\/\",\"name\":\"H\u00fcbsch\",\"description\":\"Danish Home Interior and Design\",\"publisher\":{\"@id\":\"https:\/\/hubsch-interior.com\/da\/#organization\"},\"potentialAction\":[{\"@type\":\"SearchAction\",\"target\":{\"@type\":\"EntryPoint\",\"urlTemplate\":\"https:\/\/hubsch-interior.com\/da\/?s={search_term_string}\"},\"query-input\":{\"@type\":\"PropertyValueSpecification\",\"valueRequired\":true,\"valueName\":\"search_term_string\"}}],\"inLanguage\":\"da-DK\"},{\"@type\":\"Organization\",\"@id\":\"https:\/\/hubsch-interior.com\/da\/#organization\",\"name\":\"H\u00fcbsch\",\"url\":\"https:\/\/hubsch-interior.com\/da\/\",\"logo\":{\"@type\":\"ImageObject\",\"inLanguage\":\"da-DK\",\"@id\":\"https:\/\/hubsch-interior.com\/da\/#\/schema\/logo\/image\/\",\"url\":\"https:\/\/hubsch-interior.com\/wp-content\/uploads\/2022\/12\/Hubsch_logo_black_one_line.svg\",\"contentUrl\":\"https:\/\/hubsch-interior.com\/wp-content\/uploads\/2022\/12\/Hubsch_logo_black_one_line.svg\",\"caption\":\"H\u00fcbsch\"},\"image\":{\"@id\":\"https:\/\/hubsch-interior.com\/da\/#\/schema\/logo\/image\/\"}}]}<\/script>\n<!-- \/ Yoast SEO plugin. -->","yoast_head_json":{"title":"Current V\u00e6glampe Lysebl\u00e5 - H\u00fcbsch","description":"Oplev den fortryllende tiltr\u00e6kning af Current V\u00e6glampe, smukt udf\u00f8rt i en i\u00f8jnefaldende bl\u00e5 farve. Tilg\u00e6ngelig i fire unikke varianter, denne model byder","robots":{"index":"index","follow":"follow","max-snippet":"max-snippet:-1","max-image-preview":"max-image-preview:large","max-video-preview":"max-video-preview:-1"},"canonical":"https:\/\/hubsch-interior.com\/da\/wp-json\/wp\/v2\/product\/1071594","og_locale":"da_DK","og_type":"article","og_title":"Current V\u00e6glampe Lysebl\u00e5 - H\u00fcbsch","og_description":"Oplev den fortryllende tiltr\u00e6kning af Current V\u00e6glampe, smukt udf\u00f8rt i en i\u00f8jnefaldende bl\u00e5 farve. Tilg\u00e6ngelig i fire unikke varianter, denne model byder","og_url":"https:\/\/hubsch-interior.com\/da\/vare\/current-vaeglampe-lysebla\/","og_site_name":"H\u00fcbsch","article_modified_time":"2026-04-09T03:08:56+00:00","og_image":[{"width":1200,"height":1200,"url":"https:\/\/hubsch-interior.com\/wp-content\/uploads\/2025\/10\/current-wall-light-blue-d37766ed0aeb2539b1f60f11e0441bcf.jpg","type":"image\/jpeg"}],"twitter_card":"summary_large_image","schema":{"@context":"https:\/\/schema.org","@graph":[{"@type":"WebPage","@id":"https:\/\/hubsch-interior.com\/da\/vare\/current-vaeglampe-lysebla\/","url":"https:\/\/hubsch-interior.com\/da\/vare\/current-vaeglampe-lysebla\/","name":"Current V\u00e6glampe Lysebl\u00e5 - H\u00fcbsch","isPartOf":{"@id":"https:\/\/hubsch-interior.com\/da\/#website"},"primaryImageOfPage":{"@id":"https:\/\/hubsch-interior.com\/da\/vare\/current-vaeglampe-lysebla\/#primaryimage"},"image":{"@id":"https:\/\/hubsch-interior.com\/da\/vare\/current-vaeglampe-lysebla\/#primaryimage"},"thumbnailUrl":"https:\/\/hubsch-interior.com\/wp-content\/uploads\/2026\/02\/current-wall-light-light-blue-c27c1ee059a0f4d9abeb368e03bf1040.jpg","datePublished":"2025-09-25T11:20:32+00:00","dateModified":"2026-04-09T03:08:56+00:00","description":"Oplev den fortryllende tiltr\u00e6kning af Current V\u00e6glampe, smukt udf\u00f8rt i en i\u00f8jnefaldende bl\u00e5 farve. Tilg\u00e6ngelig i fire unikke varianter, denne model byder","breadcrumb":{"@id":"https:\/\/hubsch-interior.com\/da\/vare\/current-vaeglampe-lysebla\/#breadcrumb"},"inLanguage":"da-DK","potentialAction":[{"@type":"ReadAction","target":["https:\/\/hubsch-interior.com\/da\/vare\/current-vaeglampe-lysebla\/"]}]},{"@type":"ImageObject","inLanguage":"da-DK","@id":"https:\/\/hubsch-interior.com\/da\/vare\/current-vaeglampe-lysebla\/#primaryimage","url":"https:\/\/hubsch-interior.com\/wp-content\/uploads\/2026\/02\/current-wall-light-light-blue-c27c1ee059a0f4d9abeb368e03bf1040.jpg","contentUrl":"https:\/\/hubsch-interior.com\/wp-content\/uploads\/2026\/02\/current-wall-light-light-blue-c27c1ee059a0f4d9abeb368e03bf1040.jpg","width":1024,"height":1024},{"@type":"BreadcrumbList","@id":"https:\/\/hubsch-interior.com\/da\/vare\/current-vaeglampe-lysebla\/#breadcrumb","itemListElement":[{"@type":"ListItem","position":1,"name":"Forside","item":"https:\/\/hubsch-interior.com\/da\/"},{"@type":"ListItem","position":2,"name":"Produkter","item":"https:\/\/hubsch-interior.com\/da\/produkter\/"},{"@type":"ListItem","position":3,"name":"Belysning","item":"https:\/\/hubsch-interior.com\/da\/vare-kategori\/belysning\/"},{"@type":"ListItem","position":4,"name":"V&aelig;glamper","item":"https:\/\/hubsch-interior.com\/da\/vare-kategori\/belysning\/vaeglamper-da\/"},{"@type":"ListItem","position":5,"name":"Current V\u00e6glampe Lysebl\u00e5"}]},{"@type":"WebSite","@id":"https:\/\/hubsch-interior.com\/da\/#website","url":"https:\/\/hubsch-interior.com\/da\/","name":"H\u00fcbsch","description":"Danish Home Interior and Design","publisher":{"@id":"https:\/\/hubsch-interior.com\/da\/#organization"},"potentialAction":[{"@type":"SearchAction","target":{"@type":"EntryPoint","urlTemplate":"https:\/\/hubsch-interior.com\/da\/?s={search_term_string}"},"query-input":{"@type":"PropertyValueSpecification","valueRequired":true,"valueName":"search_term_string"}}],"inLanguage":"da-DK"},{"@type":"Organization","@id":"https:\/\/hubsch-interior.com\/da\/#organization","name":"H\u00fcbsch","url":"https:\/\/hubsch-interior.com\/da\/","logo":{"@type":"ImageObject","inLanguage":"da-DK","@id":"https:\/\/hubsch-interior.com\/da\/#\/schema\/logo\/image\/","url":"https:\/\/hubsch-interior.com\/wp-content\/uploads\/2022\/12\/Hubsch_logo_black_one_line.svg","contentUrl":"https:\/\/hubsch-interior.com\/wp-content\/uploads\/2022\/12\/Hubsch_logo_black_one_line.svg","caption":"H\u00fcbsch"},"image":{"@id":"https:\/\/hubsch-interior.com\/da\/#\/schema\/logo\/image\/"}}]}},"_links":{"self":[{"href":"https:\/\/hubsch-interior.com\/da\/wp-json\/wp\/v2\/product\/1071594","targetHints":{"allow":["GET"]}}],"collection":[{"href":"https:\/\/hubsch-interior.com\/da\/wp-json\/wp\/v2\/product"}],"about":[{"href":"https:\/\/hubsch-interior.com\/da\/wp-json\/wp\/v2\/types\/product"}],"wp:featuredmedia":[{"embeddable":true,"href":"https:\/\/hubsch-interior.com\/da\/wp-json\/wp\/v2\/media\/1108138"}],"wp:attachment":[{"href":"https:\/\/hubsch-interior.com\/da\/wp-json\/wp\/v2\/media?parent=1071594"}],"wp:term":[{"taxonomy":"product_brand","embeddable":true,"href":"https:\/\/hubsch-interior.com\/da\/wp-json\/wp\/v2\/product_brand?post=1071594"},{"taxonomy":"product_cat","embeddable":true,"href":"https:\/\/hubsch-interior.com\/da\/wp-json\/wp\/v2\/product_cat?post=1071594"},{"taxonomy":"product_tag","embeddable":true,"href":"https:\/\/hubsch-interior.com\/da\/wp-json\/wp\/v2\/product_tag?post=1071594"}],"curies":[{"name":"wp","href":"https:\/\/api.w.org\/{rel}","templated":true}]}}