{"id":1071610,"date":"2025-09-25T13:23:05","date_gmt":"2025-09-25T11:23:05","guid":{"rendered":"https:\/\/hubsch-interior.com\/product\/product\/"},"modified":"2026-04-10T05:22:36","modified_gmt":"2026-04-10T03:22:36","slug":"bringme-transportabel-lampe-mini-gron","status":"publish","type":"product","link":"https:\/\/hubsch-interior.com\/da\/vare\/bringme-transportabel-lampe-mini-gron\/","title":{"rendered":"BringMe Transportabel Lampe Mini Gr\u00f8n"},"content":{"rendered":"<p>Fra bogreolen til balkonen f\u00f8lger BringMe Transportabel Lampe dig, hvor end du har brug for lys. Den glansfulde lysegr\u00f8nne finish tilf\u00f8jer et legende pr\u00e6g, mens dens ledningsfrie design holder tingene enkle og fleksible. Fuldt opladet p\u00e5 6 timer lyser den i op til 8 timer ved fuld styrke. Med ni varianter til r\u00e5dighed g\u00f8r BringMe det let at matche din stil, samtidig med at den oplyser hvert hj\u00f8rne af dit hjem.<\/p>\n","protected":false},"excerpt":{"rendered":"<p>Fra bogreolen til balkonen f\u00f8lger BringMe Transportabel Lampe dig, hvor end du har brug for lys. Den glansfulde lysegr\u00f8nne finish tilf\u00f8jer et legende pr\u00e6g, mens dens ledningsfrie design holder tingene enkle og fleksible. Fuldt opladet p\u00e5 6 timer lyser den i op til 8 timer ved fuld styrke. Med ni varianter til r\u00e5dighed g\u00f8r BringMe [&hellip;]<\/p>\n","protected":false},"featured_media":1111711,"template":"","meta":{"_acf_changed":false,"inline_featured_image":false},"product_brand":[],"product_cat":[6938,6970,6996,6961,3808,3499,6517],"product_tag":[],"class_list":{"0":"post-1071610","1":"product","2":"type-product","3":"status-publish","4":"has-post-thumbnail","6":"product_cat-additions-da","7":"product_cat-paaskeudsalg","8":"product_cat-the-buzz-da","9":"product_cat-transportable-lamper-da","10":"product_cat-belysning","11":"product_cat-bordlamper-da","12":"product_cat-outlet-da","13":"product_shipping_class-pk","15":"pa_color-grn","16":"pa_material-acrylic-5-da","17":"pa_material-jern-da","19":"first","20":"instock","21":"sale","22":"taxable","23":"shipping-taxable","24":"purchasable","25":"product-type-simple"},"exclude_global_add_ons":[],"addons":[],"acf":[],"yoast_head":"<!-- This site is optimized with the Yoast SEO plugin v26.4 - https:\/\/yoast.com\/wordpress\/plugins\/seo\/ -->\n<title>BringMe Transportabel Lampe Mini Gr\u00f8n - H\u00fcbsch<\/title>\n<meta name=\"description\" content=\"Fra bogreolen til balkonen f\u00f8lger BringMe Transportabel Lampe dig, hvor end du har brug for lys. Den glansfulde lysegr\u00f8nne finish tilf\u00f8jer et legende\" \/>\n<meta name=\"robots\" content=\"index, follow, max-snippet:-1, max-image-preview:large, max-video-preview:-1\" \/>\n<link rel=\"canonical\" href=\"https:\/\/hubsch-interior.com\/da\/wp-json\/wp\/v2\/product\/1071610\" \/>\n<meta property=\"og:locale\" content=\"da_DK\" \/>\n<meta property=\"og:type\" content=\"article\" \/>\n<meta property=\"og:title\" content=\"BringMe Transportabel Lampe Mini Gr\u00f8n - H\u00fcbsch\" \/>\n<meta property=\"og:description\" content=\"Fra bogreolen til balkonen f\u00f8lger BringMe Transportabel Lampe dig, hvor end du har brug for lys. Den glansfulde lysegr\u00f8nne finish tilf\u00f8jer et legende\" \/>\n<meta property=\"og:url\" content=\"https:\/\/hubsch-interior.com\/da\/vare\/bringme-transportabel-lampe-mini-gron\/\" \/>\n<meta property=\"og:site_name\" content=\"H\u00fcbsch\" \/>\n<meta property=\"article:modified_time\" content=\"2026-04-10T03:22:36+00:00\" \/>\n<meta property=\"og:image\" content=\"https:\/\/hubsch-interior.com\/wp-content\/uploads\/2025\/09\/bringme-portable-lamp-mini-green-23a5188ba7e76f67d802a2e4d17f32b3.jpg\" \/>\n\t<meta property=\"og:image:width\" content=\"1200\" \/>\n\t<meta property=\"og:image:height\" content=\"1200\" \/>\n\t<meta property=\"og:image:type\" content=\"image\/jpeg\" \/>\n<meta name=\"twitter:card\" content=\"summary_large_image\" \/>\n<script type=\"application\/ld+json\" class=\"yoast-schema-graph\">{\"@context\":\"https:\/\/schema.org\",\"@graph\":[{\"@type\":\"WebPage\",\"@id\":\"https:\/\/hubsch-interior.com\/da\/vare\/bringme-transportabel-lampe-mini-gron\/\",\"url\":\"https:\/\/hubsch-interior.com\/da\/vare\/bringme-transportabel-lampe-mini-gron\/\",\"name\":\"BringMe Transportabel Lampe Mini Gr\u00f8n - H\u00fcbsch\",\"isPartOf\":{\"@id\":\"https:\/\/hubsch-interior.com\/da\/#website\"},\"primaryImageOfPage\":{\"@id\":\"https:\/\/hubsch-interior.com\/da\/vare\/bringme-transportabel-lampe-mini-gron\/#primaryimage\"},\"image\":{\"@id\":\"https:\/\/hubsch-interior.com\/da\/vare\/bringme-transportabel-lampe-mini-gron\/#primaryimage\"},\"thumbnailUrl\":\"https:\/\/hubsch-interior.com\/wp-content\/uploads\/2026\/02\/bringme-portable-lamp-mini-green-b4644b2d5fc8b9825a13e9f4ad717e27.jpg\",\"datePublished\":\"2025-09-25T11:23:05+00:00\",\"dateModified\":\"2026-04-10T03:22:36+00:00\",\"description\":\"Fra bogreolen til balkonen f\u00f8lger BringMe Transportabel Lampe dig, hvor end du har brug for lys. Den glansfulde lysegr\u00f8nne finish tilf\u00f8jer et legende\",\"breadcrumb\":{\"@id\":\"https:\/\/hubsch-interior.com\/da\/vare\/bringme-transportabel-lampe-mini-gron\/#breadcrumb\"},\"inLanguage\":\"da-DK\",\"potentialAction\":[{\"@type\":\"ReadAction\",\"target\":[\"https:\/\/hubsch-interior.com\/da\/vare\/bringme-transportabel-lampe-mini-gron\/\"]}]},{\"@type\":\"ImageObject\",\"inLanguage\":\"da-DK\",\"@id\":\"https:\/\/hubsch-interior.com\/da\/vare\/bringme-transportabel-lampe-mini-gron\/#primaryimage\",\"url\":\"https:\/\/hubsch-interior.com\/wp-content\/uploads\/2026\/02\/bringme-portable-lamp-mini-green-b4644b2d5fc8b9825a13e9f4ad717e27.jpg\",\"contentUrl\":\"https:\/\/hubsch-interior.com\/wp-content\/uploads\/2026\/02\/bringme-portable-lamp-mini-green-b4644b2d5fc8b9825a13e9f4ad717e27.jpg\",\"width\":1024,\"height\":1024},{\"@type\":\"BreadcrumbList\",\"@id\":\"https:\/\/hubsch-interior.com\/da\/vare\/bringme-transportabel-lampe-mini-gron\/#breadcrumb\",\"itemListElement\":[{\"@type\":\"ListItem\",\"position\":1,\"name\":\"Forside\",\"item\":\"https:\/\/hubsch-interior.com\/da\/\"},{\"@type\":\"ListItem\",\"position\":2,\"name\":\"Produkter\",\"item\":\"https:\/\/hubsch-interior.com\/da\/produkter\/\"},{\"@type\":\"ListItem\",\"position\":3,\"name\":\"Belysning\",\"item\":\"https:\/\/hubsch-interior.com\/da\/vare-kategori\/belysning\/\"},{\"@type\":\"ListItem\",\"position\":4,\"name\":\"Transportable Lamper\",\"item\":\"https:\/\/hubsch-interior.com\/da\/vare-kategori\/belysning\/transportable-lamper-da\/\"},{\"@type\":\"ListItem\",\"position\":5,\"name\":\"BringMe Transportabel Lampe Mini Gr\u00f8n\"}]},{\"@type\":\"WebSite\",\"@id\":\"https:\/\/hubsch-interior.com\/da\/#website\",\"url\":\"https:\/\/hubsch-interior.com\/da\/\",\"name\":\"H\u00fcbsch\",\"description\":\"Danish Home Interior and Design\",\"publisher\":{\"@id\":\"https:\/\/hubsch-interior.com\/da\/#organization\"},\"potentialAction\":[{\"@type\":\"SearchAction\",\"target\":{\"@type\":\"EntryPoint\",\"urlTemplate\":\"https:\/\/hubsch-interior.com\/da\/?s={search_term_string}\"},\"query-input\":{\"@type\":\"PropertyValueSpecification\",\"valueRequired\":true,\"valueName\":\"search_term_string\"}}],\"inLanguage\":\"da-DK\"},{\"@type\":\"Organization\",\"@id\":\"https:\/\/hubsch-interior.com\/da\/#organization\",\"name\":\"H\u00fcbsch\",\"url\":\"https:\/\/hubsch-interior.com\/da\/\",\"logo\":{\"@type\":\"ImageObject\",\"inLanguage\":\"da-DK\",\"@id\":\"https:\/\/hubsch-interior.com\/da\/#\/schema\/logo\/image\/\",\"url\":\"https:\/\/hubsch-interior.com\/wp-content\/uploads\/2022\/12\/Hubsch_logo_black_one_line.svg\",\"contentUrl\":\"https:\/\/hubsch-interior.com\/wp-content\/uploads\/2022\/12\/Hubsch_logo_black_one_line.svg\",\"caption\":\"H\u00fcbsch\"},\"image\":{\"@id\":\"https:\/\/hubsch-interior.com\/da\/#\/schema\/logo\/image\/\"}}]}<\/script>\n<!-- \/ Yoast SEO plugin. -->","yoast_head_json":{"title":"BringMe Transportabel Lampe Mini Gr\u00f8n - H\u00fcbsch","description":"Fra bogreolen til balkonen f\u00f8lger BringMe Transportabel Lampe dig, hvor end du har brug for lys. Den glansfulde lysegr\u00f8nne finish tilf\u00f8jer et legende","robots":{"index":"index","follow":"follow","max-snippet":"max-snippet:-1","max-image-preview":"max-image-preview:large","max-video-preview":"max-video-preview:-1"},"canonical":"https:\/\/hubsch-interior.com\/da\/wp-json\/wp\/v2\/product\/1071610","og_locale":"da_DK","og_type":"article","og_title":"BringMe Transportabel Lampe Mini Gr\u00f8n - H\u00fcbsch","og_description":"Fra bogreolen til balkonen f\u00f8lger BringMe Transportabel Lampe dig, hvor end du har brug for lys. Den glansfulde lysegr\u00f8nne finish tilf\u00f8jer et legende","og_url":"https:\/\/hubsch-interior.com\/da\/vare\/bringme-transportabel-lampe-mini-gron\/","og_site_name":"H\u00fcbsch","article_modified_time":"2026-04-10T03:22:36+00:00","og_image":[{"width":1200,"height":1200,"url":"https:\/\/hubsch-interior.com\/wp-content\/uploads\/2025\/09\/bringme-portable-lamp-mini-green-23a5188ba7e76f67d802a2e4d17f32b3.jpg","type":"image\/jpeg"}],"twitter_card":"summary_large_image","schema":{"@context":"https:\/\/schema.org","@graph":[{"@type":"WebPage","@id":"https:\/\/hubsch-interior.com\/da\/vare\/bringme-transportabel-lampe-mini-gron\/","url":"https:\/\/hubsch-interior.com\/da\/vare\/bringme-transportabel-lampe-mini-gron\/","name":"BringMe Transportabel Lampe Mini Gr\u00f8n - H\u00fcbsch","isPartOf":{"@id":"https:\/\/hubsch-interior.com\/da\/#website"},"primaryImageOfPage":{"@id":"https:\/\/hubsch-interior.com\/da\/vare\/bringme-transportabel-lampe-mini-gron\/#primaryimage"},"image":{"@id":"https:\/\/hubsch-interior.com\/da\/vare\/bringme-transportabel-lampe-mini-gron\/#primaryimage"},"thumbnailUrl":"https:\/\/hubsch-interior.com\/wp-content\/uploads\/2026\/02\/bringme-portable-lamp-mini-green-b4644b2d5fc8b9825a13e9f4ad717e27.jpg","datePublished":"2025-09-25T11:23:05+00:00","dateModified":"2026-04-10T03:22:36+00:00","description":"Fra bogreolen til balkonen f\u00f8lger BringMe Transportabel Lampe dig, hvor end du har brug for lys. Den glansfulde lysegr\u00f8nne finish tilf\u00f8jer et legende","breadcrumb":{"@id":"https:\/\/hubsch-interior.com\/da\/vare\/bringme-transportabel-lampe-mini-gron\/#breadcrumb"},"inLanguage":"da-DK","potentialAction":[{"@type":"ReadAction","target":["https:\/\/hubsch-interior.com\/da\/vare\/bringme-transportabel-lampe-mini-gron\/"]}]},{"@type":"ImageObject","inLanguage":"da-DK","@id":"https:\/\/hubsch-interior.com\/da\/vare\/bringme-transportabel-lampe-mini-gron\/#primaryimage","url":"https:\/\/hubsch-interior.com\/wp-content\/uploads\/2026\/02\/bringme-portable-lamp-mini-green-b4644b2d5fc8b9825a13e9f4ad717e27.jpg","contentUrl":"https:\/\/hubsch-interior.com\/wp-content\/uploads\/2026\/02\/bringme-portable-lamp-mini-green-b4644b2d5fc8b9825a13e9f4ad717e27.jpg","width":1024,"height":1024},{"@type":"BreadcrumbList","@id":"https:\/\/hubsch-interior.com\/da\/vare\/bringme-transportabel-lampe-mini-gron\/#breadcrumb","itemListElement":[{"@type":"ListItem","position":1,"name":"Forside","item":"https:\/\/hubsch-interior.com\/da\/"},{"@type":"ListItem","position":2,"name":"Produkter","item":"https:\/\/hubsch-interior.com\/da\/produkter\/"},{"@type":"ListItem","position":3,"name":"Belysning","item":"https:\/\/hubsch-interior.com\/da\/vare-kategori\/belysning\/"},{"@type":"ListItem","position":4,"name":"Transportable Lamper","item":"https:\/\/hubsch-interior.com\/da\/vare-kategori\/belysning\/transportable-lamper-da\/"},{"@type":"ListItem","position":5,"name":"BringMe Transportabel Lampe Mini Gr\u00f8n"}]},{"@type":"WebSite","@id":"https:\/\/hubsch-interior.com\/da\/#website","url":"https:\/\/hubsch-interior.com\/da\/","name":"H\u00fcbsch","description":"Danish Home Interior and Design","publisher":{"@id":"https:\/\/hubsch-interior.com\/da\/#organization"},"potentialAction":[{"@type":"SearchAction","target":{"@type":"EntryPoint","urlTemplate":"https:\/\/hubsch-interior.com\/da\/?s={search_term_string}"},"query-input":{"@type":"PropertyValueSpecification","valueRequired":true,"valueName":"search_term_string"}}],"inLanguage":"da-DK"},{"@type":"Organization","@id":"https:\/\/hubsch-interior.com\/da\/#organization","name":"H\u00fcbsch","url":"https:\/\/hubsch-interior.com\/da\/","logo":{"@type":"ImageObject","inLanguage":"da-DK","@id":"https:\/\/hubsch-interior.com\/da\/#\/schema\/logo\/image\/","url":"https:\/\/hubsch-interior.com\/wp-content\/uploads\/2022\/12\/Hubsch_logo_black_one_line.svg","contentUrl":"https:\/\/hubsch-interior.com\/wp-content\/uploads\/2022\/12\/Hubsch_logo_black_one_line.svg","caption":"H\u00fcbsch"},"image":{"@id":"https:\/\/hubsch-interior.com\/da\/#\/schema\/logo\/image\/"}}]}},"_links":{"self":[{"href":"https:\/\/hubsch-interior.com\/da\/wp-json\/wp\/v2\/product\/1071610","targetHints":{"allow":["GET"]}}],"collection":[{"href":"https:\/\/hubsch-interior.com\/da\/wp-json\/wp\/v2\/product"}],"about":[{"href":"https:\/\/hubsch-interior.com\/da\/wp-json\/wp\/v2\/types\/product"}],"wp:featuredmedia":[{"embeddable":true,"href":"https:\/\/hubsch-interior.com\/da\/wp-json\/wp\/v2\/media\/1111711"}],"wp:attachment":[{"href":"https:\/\/hubsch-interior.com\/da\/wp-json\/wp\/v2\/media?parent=1071610"}],"wp:term":[{"taxonomy":"product_brand","embeddable":true,"href":"https:\/\/hubsch-interior.com\/da\/wp-json\/wp\/v2\/product_brand?post=1071610"},{"taxonomy":"product_cat","embeddable":true,"href":"https:\/\/hubsch-interior.com\/da\/wp-json\/wp\/v2\/product_cat?post=1071610"},{"taxonomy":"product_tag","embeddable":true,"href":"https:\/\/hubsch-interior.com\/da\/wp-json\/wp\/v2\/product_tag?post=1071610"}],"curies":[{"name":"wp","href":"https:\/\/api.w.org\/{rel}","templated":true}]}}