{"id":1071626,"date":"2025-09-25T13:23:29","date_gmt":"2025-09-25T11:23:29","guid":{"rendered":"https:\/\/hubsch-interior.com\/product\/product\/"},"modified":"2026-04-30T05:26:04","modified_gmt":"2026-04-30T03:26:04","slug":"bringme-transportabel-lampe-bruneret-messing-2","status":"publish","type":"product","link":"https:\/\/hubsch-interior.com\/da\/vare\/bringme-transportabel-lampe-bruneret-messing-2\/","title":{"rendered":"BringMe Transportabel Lampe Bruneret Messing"},"content":{"rendered":"<p>F\u00e6rdiggjort i br\u00e6ndt messing tilf\u00f8jer BringMe Transportabel Lampe en tidl\u00f8s gl\u00f8d til ethvert rum. Med syv andre farvemuligheder tilg\u00e6ngelige er det let at finde det perfekte match til din stil. Efter en 11 timers opladning lyser denne tr\u00e5dl\u00f8se lampe i op til 10 timer ved fuld lysstyrke\u2014ideel til l\u00e6sning, afslapning eller til at skabe den rette stemning i ethvert rum. Mere end blot en lampe, det er en alsidig f\u00f8lgesvend til at skabe den perfekte atmosf\u00e6re.<\/p>\n","protected":false},"excerpt":{"rendered":"<p>F\u00e6rdiggjort i br\u00e6ndt messing tilf\u00f8jer BringMe Transportabel Lampe en tidl\u00f8s gl\u00f8d til ethvert rum. Med syv andre farvemuligheder tilg\u00e6ngelige er det let at finde det perfekte match til din stil. Efter en 11 timers opladning lyser denne tr\u00e5dl\u00f8se lampe i op til 10 timer ved fuld lysstyrke\u2014ideel til l\u00e6sning, afslapning eller til at skabe den [&hellip;]<\/p>\n","protected":false},"featured_media":1111727,"template":"","meta":{"_acf_changed":false,"inline_featured_image":false},"product_brand":[],"product_cat":[6938,6996,6961,3808,3499,5045],"product_tag":[],"class_list":{"0":"post-1071626","1":"product","2":"type-product","3":"status-publish","4":"has-post-thumbnail","6":"product_cat-additions-da","7":"product_cat-the-buzz-da","8":"product_cat-transportable-lamper-da","9":"product_cat-belysning","10":"product_cat-bordlamper-da","11":"product_cat-nyheder-da","12":"product_shipping_class-pk","14":"pa_color-bruneret-messing","15":"pa_material-jern-da","17":"first","18":"instock","19":"taxable","20":"shipping-taxable","21":"purchasable","22":"product-type-simple"},"exclude_global_add_ons":[],"addons":[],"acf":[],"yoast_head":"<!-- This site is optimized with the Yoast SEO plugin v26.4 - https:\/\/yoast.com\/wordpress\/plugins\/seo\/ -->\n<title>BringMe Transportabel Lampe Bruneret Messing - H\u00fcbsch<\/title>\n<meta name=\"description\" content=\"F\u00e6rdiggjort i br\u00e6ndt messing tilf\u00f8jer BringMe Transportabel Lampe en tidl\u00f8s gl\u00f8d til ethvert rum. Med syv andre farvemuligheder tilg\u00e6ngelige er det let at\" \/>\n<meta name=\"robots\" content=\"index, follow, max-snippet:-1, max-image-preview:large, max-video-preview:-1\" \/>\n<link rel=\"canonical\" href=\"https:\/\/hubsch-interior.com\/da\/wp-json\/wp\/v2\/product\/1071626\" \/>\n<meta property=\"og:locale\" content=\"da_DK\" \/>\n<meta property=\"og:type\" content=\"article\" \/>\n<meta property=\"og:title\" content=\"BringMe Transportabel Lampe Bruneret Messing - H\u00fcbsch\" \/>\n<meta property=\"og:description\" content=\"F\u00e6rdiggjort i br\u00e6ndt messing tilf\u00f8jer BringMe Transportabel Lampe en tidl\u00f8s gl\u00f8d til ethvert rum. Med syv andre farvemuligheder tilg\u00e6ngelige er det let at\" \/>\n<meta property=\"og:url\" content=\"https:\/\/hubsch-interior.com\/da\/vare\/bringme-transportabel-lampe-bruneret-messing-2\/\" \/>\n<meta property=\"og:site_name\" content=\"H\u00fcbsch\" \/>\n<meta property=\"article:modified_time\" content=\"2026-04-30T03:26:04+00:00\" \/>\n<meta property=\"og:image\" content=\"https:\/\/hubsch-interior.com\/wp-content\/uploads\/2026\/02\/bringme-portable-lamp-burnished-brass-43209003e2e7de604c37551a3c6dc8ff.jpg\" \/>\n\t<meta property=\"og:image:width\" content=\"1024\" \/>\n\t<meta property=\"og:image:height\" content=\"1024\" \/>\n\t<meta property=\"og:image:type\" content=\"image\/jpeg\" \/>\n<meta name=\"twitter:card\" content=\"summary_large_image\" \/>\n<script type=\"application\/ld+json\" class=\"yoast-schema-graph\">{\"@context\":\"https:\/\/schema.org\",\"@graph\":[{\"@type\":\"WebPage\",\"@id\":\"https:\/\/hubsch-interior.com\/da\/vare\/bringme-transportabel-lampe-bruneret-messing-2\/\",\"url\":\"https:\/\/hubsch-interior.com\/da\/vare\/bringme-transportabel-lampe-bruneret-messing-2\/\",\"name\":\"BringMe Transportabel Lampe Bruneret Messing - H\u00fcbsch\",\"isPartOf\":{\"@id\":\"https:\/\/hubsch-interior.com\/da\/#website\"},\"primaryImageOfPage\":{\"@id\":\"https:\/\/hubsch-interior.com\/da\/vare\/bringme-transportabel-lampe-bruneret-messing-2\/#primaryimage\"},\"image\":{\"@id\":\"https:\/\/hubsch-interior.com\/da\/vare\/bringme-transportabel-lampe-bruneret-messing-2\/#primaryimage\"},\"thumbnailUrl\":\"https:\/\/hubsch-interior.com\/wp-content\/uploads\/2026\/02\/bringme-portable-lamp-burnished-brass-43209003e2e7de604c37551a3c6dc8ff.jpg\",\"datePublished\":\"2025-09-25T11:23:29+00:00\",\"dateModified\":\"2026-04-30T03:26:04+00:00\",\"description\":\"F\u00e6rdiggjort i br\u00e6ndt messing tilf\u00f8jer BringMe Transportabel Lampe en tidl\u00f8s gl\u00f8d til ethvert rum. Med syv andre farvemuligheder tilg\u00e6ngelige er det let at\",\"breadcrumb\":{\"@id\":\"https:\/\/hubsch-interior.com\/da\/vare\/bringme-transportabel-lampe-bruneret-messing-2\/#breadcrumb\"},\"inLanguage\":\"da-DK\",\"potentialAction\":[{\"@type\":\"ReadAction\",\"target\":[\"https:\/\/hubsch-interior.com\/da\/vare\/bringme-transportabel-lampe-bruneret-messing-2\/\"]}]},{\"@type\":\"ImageObject\",\"inLanguage\":\"da-DK\",\"@id\":\"https:\/\/hubsch-interior.com\/da\/vare\/bringme-transportabel-lampe-bruneret-messing-2\/#primaryimage\",\"url\":\"https:\/\/hubsch-interior.com\/wp-content\/uploads\/2026\/02\/bringme-portable-lamp-burnished-brass-43209003e2e7de604c37551a3c6dc8ff.jpg\",\"contentUrl\":\"https:\/\/hubsch-interior.com\/wp-content\/uploads\/2026\/02\/bringme-portable-lamp-burnished-brass-43209003e2e7de604c37551a3c6dc8ff.jpg\",\"width\":1024,\"height\":1024},{\"@type\":\"BreadcrumbList\",\"@id\":\"https:\/\/hubsch-interior.com\/da\/vare\/bringme-transportabel-lampe-bruneret-messing-2\/#breadcrumb\",\"itemListElement\":[{\"@type\":\"ListItem\",\"position\":1,\"name\":\"Forside\",\"item\":\"https:\/\/hubsch-interior.com\/da\/\"},{\"@type\":\"ListItem\",\"position\":2,\"name\":\"Produkter\",\"item\":\"https:\/\/hubsch-interior.com\/da\/produkter\/\"},{\"@type\":\"ListItem\",\"position\":3,\"name\":\"Belysning\",\"item\":\"https:\/\/hubsch-interior.com\/da\/vare-kategori\/belysning\/\"},{\"@type\":\"ListItem\",\"position\":4,\"name\":\"Transportable Lamper\",\"item\":\"https:\/\/hubsch-interior.com\/da\/vare-kategori\/belysning\/transportable-lamper-da\/\"},{\"@type\":\"ListItem\",\"position\":5,\"name\":\"BringMe Transportabel Lampe Bruneret Messing\"}]},{\"@type\":\"WebSite\",\"@id\":\"https:\/\/hubsch-interior.com\/da\/#website\",\"url\":\"https:\/\/hubsch-interior.com\/da\/\",\"name\":\"H\u00fcbsch\",\"description\":\"Danish Home Interior and Design\",\"publisher\":{\"@id\":\"https:\/\/hubsch-interior.com\/da\/#organization\"},\"potentialAction\":[{\"@type\":\"SearchAction\",\"target\":{\"@type\":\"EntryPoint\",\"urlTemplate\":\"https:\/\/hubsch-interior.com\/da\/?s={search_term_string}\"},\"query-input\":{\"@type\":\"PropertyValueSpecification\",\"valueRequired\":true,\"valueName\":\"search_term_string\"}}],\"inLanguage\":\"da-DK\"},{\"@type\":\"Organization\",\"@id\":\"https:\/\/hubsch-interior.com\/da\/#organization\",\"name\":\"H\u00fcbsch\",\"url\":\"https:\/\/hubsch-interior.com\/da\/\",\"logo\":{\"@type\":\"ImageObject\",\"inLanguage\":\"da-DK\",\"@id\":\"https:\/\/hubsch-interior.com\/da\/#\/schema\/logo\/image\/\",\"url\":\"https:\/\/hubsch-interior.com\/wp-content\/uploads\/2022\/12\/Hubsch_logo_black_one_line.svg\",\"contentUrl\":\"https:\/\/hubsch-interior.com\/wp-content\/uploads\/2022\/12\/Hubsch_logo_black_one_line.svg\",\"caption\":\"H\u00fcbsch\"},\"image\":{\"@id\":\"https:\/\/hubsch-interior.com\/da\/#\/schema\/logo\/image\/\"}}]}<\/script>\n<!-- \/ Yoast SEO plugin. -->","yoast_head_json":{"title":"BringMe Transportabel Lampe Bruneret Messing - H\u00fcbsch","description":"F\u00e6rdiggjort i br\u00e6ndt messing tilf\u00f8jer BringMe Transportabel Lampe en tidl\u00f8s gl\u00f8d til ethvert rum. Med syv andre farvemuligheder tilg\u00e6ngelige er det let at","robots":{"index":"index","follow":"follow","max-snippet":"max-snippet:-1","max-image-preview":"max-image-preview:large","max-video-preview":"max-video-preview:-1"},"canonical":"https:\/\/hubsch-interior.com\/da\/wp-json\/wp\/v2\/product\/1071626","og_locale":"da_DK","og_type":"article","og_title":"BringMe Transportabel Lampe Bruneret Messing - H\u00fcbsch","og_description":"F\u00e6rdiggjort i br\u00e6ndt messing tilf\u00f8jer BringMe Transportabel Lampe en tidl\u00f8s gl\u00f8d til ethvert rum. Med syv andre farvemuligheder tilg\u00e6ngelige er det let at","og_url":"https:\/\/hubsch-interior.com\/da\/vare\/bringme-transportabel-lampe-bruneret-messing-2\/","og_site_name":"H\u00fcbsch","article_modified_time":"2026-04-30T03:26:04+00:00","og_image":[{"width":1024,"height":1024,"url":"https:\/\/hubsch-interior.com\/wp-content\/uploads\/2026\/02\/bringme-portable-lamp-burnished-brass-43209003e2e7de604c37551a3c6dc8ff.jpg","type":"image\/jpeg"}],"twitter_card":"summary_large_image","schema":{"@context":"https:\/\/schema.org","@graph":[{"@type":"WebPage","@id":"https:\/\/hubsch-interior.com\/da\/vare\/bringme-transportabel-lampe-bruneret-messing-2\/","url":"https:\/\/hubsch-interior.com\/da\/vare\/bringme-transportabel-lampe-bruneret-messing-2\/","name":"BringMe Transportabel Lampe Bruneret Messing - H\u00fcbsch","isPartOf":{"@id":"https:\/\/hubsch-interior.com\/da\/#website"},"primaryImageOfPage":{"@id":"https:\/\/hubsch-interior.com\/da\/vare\/bringme-transportabel-lampe-bruneret-messing-2\/#primaryimage"},"image":{"@id":"https:\/\/hubsch-interior.com\/da\/vare\/bringme-transportabel-lampe-bruneret-messing-2\/#primaryimage"},"thumbnailUrl":"https:\/\/hubsch-interior.com\/wp-content\/uploads\/2026\/02\/bringme-portable-lamp-burnished-brass-43209003e2e7de604c37551a3c6dc8ff.jpg","datePublished":"2025-09-25T11:23:29+00:00","dateModified":"2026-04-30T03:26:04+00:00","description":"F\u00e6rdiggjort i br\u00e6ndt messing tilf\u00f8jer BringMe Transportabel Lampe en tidl\u00f8s gl\u00f8d til ethvert rum. Med syv andre farvemuligheder tilg\u00e6ngelige er det let at","breadcrumb":{"@id":"https:\/\/hubsch-interior.com\/da\/vare\/bringme-transportabel-lampe-bruneret-messing-2\/#breadcrumb"},"inLanguage":"da-DK","potentialAction":[{"@type":"ReadAction","target":["https:\/\/hubsch-interior.com\/da\/vare\/bringme-transportabel-lampe-bruneret-messing-2\/"]}]},{"@type":"ImageObject","inLanguage":"da-DK","@id":"https:\/\/hubsch-interior.com\/da\/vare\/bringme-transportabel-lampe-bruneret-messing-2\/#primaryimage","url":"https:\/\/hubsch-interior.com\/wp-content\/uploads\/2026\/02\/bringme-portable-lamp-burnished-brass-43209003e2e7de604c37551a3c6dc8ff.jpg","contentUrl":"https:\/\/hubsch-interior.com\/wp-content\/uploads\/2026\/02\/bringme-portable-lamp-burnished-brass-43209003e2e7de604c37551a3c6dc8ff.jpg","width":1024,"height":1024},{"@type":"BreadcrumbList","@id":"https:\/\/hubsch-interior.com\/da\/vare\/bringme-transportabel-lampe-bruneret-messing-2\/#breadcrumb","itemListElement":[{"@type":"ListItem","position":1,"name":"Forside","item":"https:\/\/hubsch-interior.com\/da\/"},{"@type":"ListItem","position":2,"name":"Produkter","item":"https:\/\/hubsch-interior.com\/da\/produkter\/"},{"@type":"ListItem","position":3,"name":"Belysning","item":"https:\/\/hubsch-interior.com\/da\/vare-kategori\/belysning\/"},{"@type":"ListItem","position":4,"name":"Transportable Lamper","item":"https:\/\/hubsch-interior.com\/da\/vare-kategori\/belysning\/transportable-lamper-da\/"},{"@type":"ListItem","position":5,"name":"BringMe Transportabel Lampe Bruneret Messing"}]},{"@type":"WebSite","@id":"https:\/\/hubsch-interior.com\/da\/#website","url":"https:\/\/hubsch-interior.com\/da\/","name":"H\u00fcbsch","description":"Danish Home Interior and Design","publisher":{"@id":"https:\/\/hubsch-interior.com\/da\/#organization"},"potentialAction":[{"@type":"SearchAction","target":{"@type":"EntryPoint","urlTemplate":"https:\/\/hubsch-interior.com\/da\/?s={search_term_string}"},"query-input":{"@type":"PropertyValueSpecification","valueRequired":true,"valueName":"search_term_string"}}],"inLanguage":"da-DK"},{"@type":"Organization","@id":"https:\/\/hubsch-interior.com\/da\/#organization","name":"H\u00fcbsch","url":"https:\/\/hubsch-interior.com\/da\/","logo":{"@type":"ImageObject","inLanguage":"da-DK","@id":"https:\/\/hubsch-interior.com\/da\/#\/schema\/logo\/image\/","url":"https:\/\/hubsch-interior.com\/wp-content\/uploads\/2022\/12\/Hubsch_logo_black_one_line.svg","contentUrl":"https:\/\/hubsch-interior.com\/wp-content\/uploads\/2022\/12\/Hubsch_logo_black_one_line.svg","caption":"H\u00fcbsch"},"image":{"@id":"https:\/\/hubsch-interior.com\/da\/#\/schema\/logo\/image\/"}}]}},"_links":{"self":[{"href":"https:\/\/hubsch-interior.com\/da\/wp-json\/wp\/v2\/product\/1071626","targetHints":{"allow":["GET"]}}],"collection":[{"href":"https:\/\/hubsch-interior.com\/da\/wp-json\/wp\/v2\/product"}],"about":[{"href":"https:\/\/hubsch-interior.com\/da\/wp-json\/wp\/v2\/types\/product"}],"wp:featuredmedia":[{"embeddable":true,"href":"https:\/\/hubsch-interior.com\/da\/wp-json\/wp\/v2\/media\/1111727"}],"wp:attachment":[{"href":"https:\/\/hubsch-interior.com\/da\/wp-json\/wp\/v2\/media?parent=1071626"}],"wp:term":[{"taxonomy":"product_brand","embeddable":true,"href":"https:\/\/hubsch-interior.com\/da\/wp-json\/wp\/v2\/product_brand?post=1071626"},{"taxonomy":"product_cat","embeddable":true,"href":"https:\/\/hubsch-interior.com\/da\/wp-json\/wp\/v2\/product_cat?post=1071626"},{"taxonomy":"product_tag","embeddable":true,"href":"https:\/\/hubsch-interior.com\/da\/wp-json\/wp\/v2\/product_tag?post=1071626"}],"curies":[{"name":"wp","href":"https:\/\/api.w.org\/{rel}","templated":true}]}}