{"id":1072418,"date":"2025-10-01T13:11:21","date_gmt":"2025-10-01T11:11:21","guid":{"rendered":"https:\/\/hubsch-interior.com\/product\/product\/"},"modified":"2026-04-08T05:10:20","modified_gmt":"2026-04-08T03:10:20","slug":"current-spare-part-skaerm-hvid","status":"publish","type":"product","link":"https:\/\/hubsch-interior.com\/da\/vare\/current-spare-part-skaerm-hvid\/","title":{"rendered":"Current Spare Part Sk\u00e6rm Hvid"},"content":{"rendered":"<p>Reservedel til Current lampesk\u00e6rm. Bem\u00e6rk, at nogle \u00e6ldre modeller ikke g\u00f8r det muligt at udskifte sk\u00e6rmen. S\u00f8rg for, at din lampe har en skruefatning ved soklen, s\u00e5 sk\u00e6rmen kan tages af. Hvis sk\u00e6rmen er limet fast, kan denne reservedel ikke anvendes.<\/p>\n","protected":false},"excerpt":{"rendered":"<p>Reservedel til Current lampesk\u00e6rm. Bem\u00e6rk, at nogle \u00e6ldre modeller ikke g\u00f8r det muligt at udskifte sk\u00e6rmen. S\u00f8rg for, at din lampe har en skruefatning ved soklen, s\u00e5 sk\u00e6rmen kan tages af. Hvis sk\u00e6rmen er limet fast, kan denne reservedel ikke anvendes.<\/p>\n","protected":false},"featured_media":1112806,"template":"","meta":{"_acf_changed":false,"inline_featured_image":false},"product_brand":[],"product_cat":[3808,5025,5045,4170],"product_tag":[],"class_list":{"0":"post-1072418","1":"product","2":"type-product","3":"status-publish","4":"has-post-thumbnail","6":"product_cat-belysning","7":"product_cat-bestsellers-da","8":"product_cat-nyheder-da","9":"product_cat-tilbehoer-til-belysning-da","10":"product_shipping_class-pk","11":"pa_color-hvid","12":"pa_material-glas-da","14":"first","15":"instock","16":"featured","17":"taxable","18":"shipping-taxable","19":"purchasable","20":"product-type-simple"},"exclude_global_add_ons":[],"addons":[],"acf":[],"yoast_head":"<!-- This site is optimized with the Yoast SEO plugin v26.4 - https:\/\/yoast.com\/wordpress\/plugins\/seo\/ -->\n<title>Current Spare Part Sk\u00e6rm Hvid - H\u00fcbsch<\/title>\n<meta name=\"description\" content=\"Reservedel til Current lampesk\u00e6rm. Bem\u00e6rk, at nogle \u00e6ldre modeller ikke g\u00f8r det muligt at udskifte sk\u00e6rmen. S\u00f8rg for, at din lampe har en skruefatning ved\" \/>\n<meta name=\"robots\" content=\"index, follow, max-snippet:-1, max-image-preview:large, max-video-preview:-1\" \/>\n<link rel=\"canonical\" href=\"https:\/\/hubsch-interior.com\/da\/wp-json\/wp\/v2\/product\/1072418\" \/>\n<meta property=\"og:locale\" content=\"da_DK\" \/>\n<meta property=\"og:type\" content=\"article\" \/>\n<meta property=\"og:title\" content=\"Current Spare Part Sk\u00e6rm Hvid - H\u00fcbsch\" \/>\n<meta property=\"og:description\" content=\"Reservedel til Current lampesk\u00e6rm. Bem\u00e6rk, at nogle \u00e6ldre modeller ikke g\u00f8r det muligt at udskifte sk\u00e6rmen. S\u00f8rg for, at din lampe har en skruefatning ved\" \/>\n<meta property=\"og:url\" content=\"https:\/\/hubsch-interior.com\/da\/vare\/current-spare-part-skaerm-hvid\/\" \/>\n<meta property=\"og:site_name\" content=\"H\u00fcbsch\" \/>\n<meta property=\"article:modified_time\" content=\"2026-04-08T03:10:20+00:00\" \/>\n<meta property=\"og:image\" content=\"https:\/\/hubsch-interior.com\/wp-content\/uploads\/2026\/02\/current-lamp-shade-8e006df852854995b58342422749d085.jpg\" \/>\n\t<meta property=\"og:image:width\" content=\"1024\" \/>\n\t<meta property=\"og:image:height\" content=\"1024\" \/>\n\t<meta property=\"og:image:type\" content=\"image\/jpeg\" \/>\n<meta name=\"twitter:card\" content=\"summary_large_image\" \/>\n<script type=\"application\/ld+json\" class=\"yoast-schema-graph\">{\"@context\":\"https:\/\/schema.org\",\"@graph\":[{\"@type\":\"WebPage\",\"@id\":\"https:\/\/hubsch-interior.com\/da\/vare\/current-spare-part-skaerm-hvid\/\",\"url\":\"https:\/\/hubsch-interior.com\/da\/vare\/current-spare-part-skaerm-hvid\/\",\"name\":\"Current Spare Part Sk\u00e6rm Hvid - H\u00fcbsch\",\"isPartOf\":{\"@id\":\"https:\/\/hubsch-interior.com\/da\/#website\"},\"primaryImageOfPage\":{\"@id\":\"https:\/\/hubsch-interior.com\/da\/vare\/current-spare-part-skaerm-hvid\/#primaryimage\"},\"image\":{\"@id\":\"https:\/\/hubsch-interior.com\/da\/vare\/current-spare-part-skaerm-hvid\/#primaryimage\"},\"thumbnailUrl\":\"https:\/\/hubsch-interior.com\/wp-content\/uploads\/2026\/02\/current-lamp-shade-8e006df852854995b58342422749d085.jpg\",\"datePublished\":\"2025-10-01T11:11:21+00:00\",\"dateModified\":\"2026-04-08T03:10:20+00:00\",\"description\":\"Reservedel til Current lampesk\u00e6rm. Bem\u00e6rk, at nogle \u00e6ldre modeller ikke g\u00f8r det muligt at udskifte sk\u00e6rmen. S\u00f8rg for, at din lampe har en skruefatning ved\",\"breadcrumb\":{\"@id\":\"https:\/\/hubsch-interior.com\/da\/vare\/current-spare-part-skaerm-hvid\/#breadcrumb\"},\"inLanguage\":\"da-DK\",\"potentialAction\":[{\"@type\":\"ReadAction\",\"target\":[\"https:\/\/hubsch-interior.com\/da\/vare\/current-spare-part-skaerm-hvid\/\"]}]},{\"@type\":\"ImageObject\",\"inLanguage\":\"da-DK\",\"@id\":\"https:\/\/hubsch-interior.com\/da\/vare\/current-spare-part-skaerm-hvid\/#primaryimage\",\"url\":\"https:\/\/hubsch-interior.com\/wp-content\/uploads\/2026\/02\/current-lamp-shade-8e006df852854995b58342422749d085.jpg\",\"contentUrl\":\"https:\/\/hubsch-interior.com\/wp-content\/uploads\/2026\/02\/current-lamp-shade-8e006df852854995b58342422749d085.jpg\",\"width\":1024,\"height\":1024},{\"@type\":\"BreadcrumbList\",\"@id\":\"https:\/\/hubsch-interior.com\/da\/vare\/current-spare-part-skaerm-hvid\/#breadcrumb\",\"itemListElement\":[{\"@type\":\"ListItem\",\"position\":1,\"name\":\"Forside\",\"item\":\"https:\/\/hubsch-interior.com\/da\/\"},{\"@type\":\"ListItem\",\"position\":2,\"name\":\"Produkter\",\"item\":\"https:\/\/hubsch-interior.com\/da\/produkter\/\"},{\"@type\":\"ListItem\",\"position\":3,\"name\":\"Belysning\",\"item\":\"https:\/\/hubsch-interior.com\/da\/vare-kategori\/belysning\/\"},{\"@type\":\"ListItem\",\"position\":4,\"name\":\"Tilbeh&oslash;r til belysning\",\"item\":\"https:\/\/hubsch-interior.com\/da\/vare-kategori\/belysning\/tilbehoer-til-belysning-da\/\"},{\"@type\":\"ListItem\",\"position\":5,\"name\":\"Current Spare Part Sk\u00e6rm Hvid\"}]},{\"@type\":\"WebSite\",\"@id\":\"https:\/\/hubsch-interior.com\/da\/#website\",\"url\":\"https:\/\/hubsch-interior.com\/da\/\",\"name\":\"H\u00fcbsch\",\"description\":\"Danish Home Interior and Design\",\"publisher\":{\"@id\":\"https:\/\/hubsch-interior.com\/da\/#organization\"},\"potentialAction\":[{\"@type\":\"SearchAction\",\"target\":{\"@type\":\"EntryPoint\",\"urlTemplate\":\"https:\/\/hubsch-interior.com\/da\/?s={search_term_string}\"},\"query-input\":{\"@type\":\"PropertyValueSpecification\",\"valueRequired\":true,\"valueName\":\"search_term_string\"}}],\"inLanguage\":\"da-DK\"},{\"@type\":\"Organization\",\"@id\":\"https:\/\/hubsch-interior.com\/da\/#organization\",\"name\":\"H\u00fcbsch\",\"url\":\"https:\/\/hubsch-interior.com\/da\/\",\"logo\":{\"@type\":\"ImageObject\",\"inLanguage\":\"da-DK\",\"@id\":\"https:\/\/hubsch-interior.com\/da\/#\/schema\/logo\/image\/\",\"url\":\"https:\/\/hubsch-interior.com\/wp-content\/uploads\/2022\/12\/Hubsch_logo_black_one_line.svg\",\"contentUrl\":\"https:\/\/hubsch-interior.com\/wp-content\/uploads\/2022\/12\/Hubsch_logo_black_one_line.svg\",\"caption\":\"H\u00fcbsch\"},\"image\":{\"@id\":\"https:\/\/hubsch-interior.com\/da\/#\/schema\/logo\/image\/\"}}]}<\/script>\n<!-- \/ Yoast SEO plugin. -->","yoast_head_json":{"title":"Current Spare Part Sk\u00e6rm Hvid - H\u00fcbsch","description":"Reservedel til Current lampesk\u00e6rm. Bem\u00e6rk, at nogle \u00e6ldre modeller ikke g\u00f8r det muligt at udskifte sk\u00e6rmen. S\u00f8rg for, at din lampe har en skruefatning ved","robots":{"index":"index","follow":"follow","max-snippet":"max-snippet:-1","max-image-preview":"max-image-preview:large","max-video-preview":"max-video-preview:-1"},"canonical":"https:\/\/hubsch-interior.com\/da\/wp-json\/wp\/v2\/product\/1072418","og_locale":"da_DK","og_type":"article","og_title":"Current Spare Part Sk\u00e6rm Hvid - H\u00fcbsch","og_description":"Reservedel til Current lampesk\u00e6rm. Bem\u00e6rk, at nogle \u00e6ldre modeller ikke g\u00f8r det muligt at udskifte sk\u00e6rmen. S\u00f8rg for, at din lampe har en skruefatning ved","og_url":"https:\/\/hubsch-interior.com\/da\/vare\/current-spare-part-skaerm-hvid\/","og_site_name":"H\u00fcbsch","article_modified_time":"2026-04-08T03:10:20+00:00","og_image":[{"width":1024,"height":1024,"url":"https:\/\/hubsch-interior.com\/wp-content\/uploads\/2026\/02\/current-lamp-shade-8e006df852854995b58342422749d085.jpg","type":"image\/jpeg"}],"twitter_card":"summary_large_image","schema":{"@context":"https:\/\/schema.org","@graph":[{"@type":"WebPage","@id":"https:\/\/hubsch-interior.com\/da\/vare\/current-spare-part-skaerm-hvid\/","url":"https:\/\/hubsch-interior.com\/da\/vare\/current-spare-part-skaerm-hvid\/","name":"Current Spare Part Sk\u00e6rm Hvid - H\u00fcbsch","isPartOf":{"@id":"https:\/\/hubsch-interior.com\/da\/#website"},"primaryImageOfPage":{"@id":"https:\/\/hubsch-interior.com\/da\/vare\/current-spare-part-skaerm-hvid\/#primaryimage"},"image":{"@id":"https:\/\/hubsch-interior.com\/da\/vare\/current-spare-part-skaerm-hvid\/#primaryimage"},"thumbnailUrl":"https:\/\/hubsch-interior.com\/wp-content\/uploads\/2026\/02\/current-lamp-shade-8e006df852854995b58342422749d085.jpg","datePublished":"2025-10-01T11:11:21+00:00","dateModified":"2026-04-08T03:10:20+00:00","description":"Reservedel til Current lampesk\u00e6rm. Bem\u00e6rk, at nogle \u00e6ldre modeller ikke g\u00f8r det muligt at udskifte sk\u00e6rmen. S\u00f8rg for, at din lampe har en skruefatning ved","breadcrumb":{"@id":"https:\/\/hubsch-interior.com\/da\/vare\/current-spare-part-skaerm-hvid\/#breadcrumb"},"inLanguage":"da-DK","potentialAction":[{"@type":"ReadAction","target":["https:\/\/hubsch-interior.com\/da\/vare\/current-spare-part-skaerm-hvid\/"]}]},{"@type":"ImageObject","inLanguage":"da-DK","@id":"https:\/\/hubsch-interior.com\/da\/vare\/current-spare-part-skaerm-hvid\/#primaryimage","url":"https:\/\/hubsch-interior.com\/wp-content\/uploads\/2026\/02\/current-lamp-shade-8e006df852854995b58342422749d085.jpg","contentUrl":"https:\/\/hubsch-interior.com\/wp-content\/uploads\/2026\/02\/current-lamp-shade-8e006df852854995b58342422749d085.jpg","width":1024,"height":1024},{"@type":"BreadcrumbList","@id":"https:\/\/hubsch-interior.com\/da\/vare\/current-spare-part-skaerm-hvid\/#breadcrumb","itemListElement":[{"@type":"ListItem","position":1,"name":"Forside","item":"https:\/\/hubsch-interior.com\/da\/"},{"@type":"ListItem","position":2,"name":"Produkter","item":"https:\/\/hubsch-interior.com\/da\/produkter\/"},{"@type":"ListItem","position":3,"name":"Belysning","item":"https:\/\/hubsch-interior.com\/da\/vare-kategori\/belysning\/"},{"@type":"ListItem","position":4,"name":"Tilbeh&oslash;r til belysning","item":"https:\/\/hubsch-interior.com\/da\/vare-kategori\/belysning\/tilbehoer-til-belysning-da\/"},{"@type":"ListItem","position":5,"name":"Current Spare Part Sk\u00e6rm Hvid"}]},{"@type":"WebSite","@id":"https:\/\/hubsch-interior.com\/da\/#website","url":"https:\/\/hubsch-interior.com\/da\/","name":"H\u00fcbsch","description":"Danish Home Interior and Design","publisher":{"@id":"https:\/\/hubsch-interior.com\/da\/#organization"},"potentialAction":[{"@type":"SearchAction","target":{"@type":"EntryPoint","urlTemplate":"https:\/\/hubsch-interior.com\/da\/?s={search_term_string}"},"query-input":{"@type":"PropertyValueSpecification","valueRequired":true,"valueName":"search_term_string"}}],"inLanguage":"da-DK"},{"@type":"Organization","@id":"https:\/\/hubsch-interior.com\/da\/#organization","name":"H\u00fcbsch","url":"https:\/\/hubsch-interior.com\/da\/","logo":{"@type":"ImageObject","inLanguage":"da-DK","@id":"https:\/\/hubsch-interior.com\/da\/#\/schema\/logo\/image\/","url":"https:\/\/hubsch-interior.com\/wp-content\/uploads\/2022\/12\/Hubsch_logo_black_one_line.svg","contentUrl":"https:\/\/hubsch-interior.com\/wp-content\/uploads\/2022\/12\/Hubsch_logo_black_one_line.svg","caption":"H\u00fcbsch"},"image":{"@id":"https:\/\/hubsch-interior.com\/da\/#\/schema\/logo\/image\/"}}]}},"_links":{"self":[{"href":"https:\/\/hubsch-interior.com\/da\/wp-json\/wp\/v2\/product\/1072418","targetHints":{"allow":["GET"]}}],"collection":[{"href":"https:\/\/hubsch-interior.com\/da\/wp-json\/wp\/v2\/product"}],"about":[{"href":"https:\/\/hubsch-interior.com\/da\/wp-json\/wp\/v2\/types\/product"}],"wp:featuredmedia":[{"embeddable":true,"href":"https:\/\/hubsch-interior.com\/da\/wp-json\/wp\/v2\/media\/1112806"}],"wp:attachment":[{"href":"https:\/\/hubsch-interior.com\/da\/wp-json\/wp\/v2\/media?parent=1072418"}],"wp:term":[{"taxonomy":"product_brand","embeddable":true,"href":"https:\/\/hubsch-interior.com\/da\/wp-json\/wp\/v2\/product_brand?post=1072418"},{"taxonomy":"product_cat","embeddable":true,"href":"https:\/\/hubsch-interior.com\/da\/wp-json\/wp\/v2\/product_cat?post=1072418"},{"taxonomy":"product_tag","embeddable":true,"href":"https:\/\/hubsch-interior.com\/da\/wp-json\/wp\/v2\/product_tag?post=1072418"}],"curies":[{"name":"wp","href":"https:\/\/api.w.org\/{rel}","templated":true}]}}