{"id":1077201,"date":"2025-12-06T04:57:12","date_gmt":"2025-12-06T03:57:12","guid":{"rendered":"https:\/\/hubsch-interior.com\/product\/product\/"},"modified":"2026-04-11T05:21:51","modified_gmt":"2026-04-11T03:21:51","slug":"spot-lamp-skaerm","status":"publish","type":"product","link":"https:\/\/hubsch-interior.com\/da\/vare\/spot-lamp-skaerm\/","title":{"rendered":"Spot Lamp Sk\u00e6rm"},"content":{"rendered":"<p>Glassk\u00e6rm til spotbordlampe. Dette er en reservedel, der er designet til at erstatte den originale sk\u00e6rm og monteres ved at blive skruet p\u00e5 plads.<\/p>\n","protected":false},"excerpt":{"rendered":"<p>Glassk\u00e6rm til spotbordlampe. Dette er en reservedel, der er designet til at erstatte den originale sk\u00e6rm og monteres ved at blive skruet p\u00e5 plads.<\/p>\n","protected":false},"featured_media":1113912,"template":"","meta":{"_acf_changed":false,"inline_featured_image":false},"product_brand":[],"product_cat":[3808,4170],"product_tag":[],"class_list":{"0":"post-1077201","1":"product","2":"type-product","3":"status-publish","4":"has-post-thumbnail","6":"product_cat-belysning","7":"product_cat-tilbehoer-til-belysning-da","8":"product_shipping_class-pk","10":"pa_material-glas-da","12":"first","13":"instock","14":"taxable","15":"shipping-taxable","16":"purchasable","17":"product-type-simple"},"exclude_global_add_ons":[],"addons":[],"acf":[],"yoast_head":"<!-- This site is optimized with the Yoast SEO plugin v26.4 - https:\/\/yoast.com\/wordpress\/plugins\/seo\/ -->\n<title>Spot Lamp Sk\u00e6rm - H\u00fcbsch<\/title>\n<meta name=\"description\" content=\"Glassk\u00e6rm til spotbordlampe. Dette er en reservedel, der er designet til at erstatte den originale sk\u00e6rm og monteres ved at blive skruet p\u00e5 plads.\" \/>\n<meta name=\"robots\" content=\"index, follow, max-snippet:-1, max-image-preview:large, max-video-preview:-1\" \/>\n<link rel=\"canonical\" href=\"https:\/\/hubsch-interior.com\/da\/wp-json\/wp\/v2\/product\/1077201\" \/>\n<meta property=\"og:locale\" content=\"da_DK\" \/>\n<meta property=\"og:type\" content=\"article\" \/>\n<meta property=\"og:title\" content=\"Spot Lamp Sk\u00e6rm - H\u00fcbsch\" \/>\n<meta property=\"og:description\" content=\"Glassk\u00e6rm til spotbordlampe. Dette er en reservedel, der er designet til at erstatte den originale sk\u00e6rm og monteres ved at blive skruet p\u00e5 plads.\" \/>\n<meta property=\"og:url\" content=\"https:\/\/hubsch-interior.com\/da\/vare\/spot-lamp-skaerm\/\" \/>\n<meta property=\"og:site_name\" content=\"H\u00fcbsch\" \/>\n<meta property=\"article:modified_time\" content=\"2026-04-11T03:21:51+00:00\" \/>\n<meta property=\"og:image\" content=\"https:\/\/hubsch-interior.com\/wp-content\/uploads\/2026\/02\/spot-lamp-shade-2e183b3fe66759dbe42851998bf90f57.jpg\" \/>\n\t<meta property=\"og:image:width\" content=\"400\" \/>\n\t<meta property=\"og:image:height\" content=\"400\" \/>\n\t<meta property=\"og:image:type\" content=\"image\/jpeg\" \/>\n<meta name=\"twitter:card\" content=\"summary_large_image\" \/>\n<script type=\"application\/ld+json\" class=\"yoast-schema-graph\">{\"@context\":\"https:\/\/schema.org\",\"@graph\":[{\"@type\":\"WebPage\",\"@id\":\"https:\/\/hubsch-interior.com\/da\/vare\/spot-lamp-skaerm\/\",\"url\":\"https:\/\/hubsch-interior.com\/da\/vare\/spot-lamp-skaerm\/\",\"name\":\"Spot Lamp Sk\u00e6rm - H\u00fcbsch\",\"isPartOf\":{\"@id\":\"https:\/\/hubsch-interior.com\/da\/#website\"},\"primaryImageOfPage\":{\"@id\":\"https:\/\/hubsch-interior.com\/da\/vare\/spot-lamp-skaerm\/#primaryimage\"},\"image\":{\"@id\":\"https:\/\/hubsch-interior.com\/da\/vare\/spot-lamp-skaerm\/#primaryimage\"},\"thumbnailUrl\":\"https:\/\/hubsch-interior.com\/wp-content\/uploads\/2026\/02\/spot-lamp-shade-2e183b3fe66759dbe42851998bf90f57.jpg\",\"datePublished\":\"2025-12-06T03:57:12+00:00\",\"dateModified\":\"2026-04-11T03:21:51+00:00\",\"description\":\"Glassk\u00e6rm til spotbordlampe. Dette er en reservedel, der er designet til at erstatte den originale sk\u00e6rm og monteres ved at blive skruet p\u00e5 plads.\",\"breadcrumb\":{\"@id\":\"https:\/\/hubsch-interior.com\/da\/vare\/spot-lamp-skaerm\/#breadcrumb\"},\"inLanguage\":\"da-DK\",\"potentialAction\":[{\"@type\":\"ReadAction\",\"target\":[\"https:\/\/hubsch-interior.com\/da\/vare\/spot-lamp-skaerm\/\"]}]},{\"@type\":\"ImageObject\",\"inLanguage\":\"da-DK\",\"@id\":\"https:\/\/hubsch-interior.com\/da\/vare\/spot-lamp-skaerm\/#primaryimage\",\"url\":\"https:\/\/hubsch-interior.com\/wp-content\/uploads\/2026\/02\/spot-lamp-shade-2e183b3fe66759dbe42851998bf90f57.jpg\",\"contentUrl\":\"https:\/\/hubsch-interior.com\/wp-content\/uploads\/2026\/02\/spot-lamp-shade-2e183b3fe66759dbe42851998bf90f57.jpg\",\"width\":400,\"height\":400},{\"@type\":\"BreadcrumbList\",\"@id\":\"https:\/\/hubsch-interior.com\/da\/vare\/spot-lamp-skaerm\/#breadcrumb\",\"itemListElement\":[{\"@type\":\"ListItem\",\"position\":1,\"name\":\"Forside\",\"item\":\"https:\/\/hubsch-interior.com\/da\/\"},{\"@type\":\"ListItem\",\"position\":2,\"name\":\"Produkter\",\"item\":\"https:\/\/hubsch-interior.com\/da\/produkter\/\"},{\"@type\":\"ListItem\",\"position\":3,\"name\":\"Belysning\",\"item\":\"https:\/\/hubsch-interior.com\/da\/vare-kategori\/belysning\/\"},{\"@type\":\"ListItem\",\"position\":4,\"name\":\"Tilbeh&oslash;r til belysning\",\"item\":\"https:\/\/hubsch-interior.com\/da\/vare-kategori\/belysning\/tilbehoer-til-belysning-da\/\"},{\"@type\":\"ListItem\",\"position\":5,\"name\":\"Spot Lamp Sk\u00e6rm\"}]},{\"@type\":\"WebSite\",\"@id\":\"https:\/\/hubsch-interior.com\/da\/#website\",\"url\":\"https:\/\/hubsch-interior.com\/da\/\",\"name\":\"H\u00fcbsch\",\"description\":\"Danish Home Interior and Design\",\"publisher\":{\"@id\":\"https:\/\/hubsch-interior.com\/da\/#organization\"},\"potentialAction\":[{\"@type\":\"SearchAction\",\"target\":{\"@type\":\"EntryPoint\",\"urlTemplate\":\"https:\/\/hubsch-interior.com\/da\/?s={search_term_string}\"},\"query-input\":{\"@type\":\"PropertyValueSpecification\",\"valueRequired\":true,\"valueName\":\"search_term_string\"}}],\"inLanguage\":\"da-DK\"},{\"@type\":\"Organization\",\"@id\":\"https:\/\/hubsch-interior.com\/da\/#organization\",\"name\":\"H\u00fcbsch\",\"url\":\"https:\/\/hubsch-interior.com\/da\/\",\"logo\":{\"@type\":\"ImageObject\",\"inLanguage\":\"da-DK\",\"@id\":\"https:\/\/hubsch-interior.com\/da\/#\/schema\/logo\/image\/\",\"url\":\"https:\/\/hubsch-interior.com\/wp-content\/uploads\/2022\/12\/Hubsch_logo_black_one_line.svg\",\"contentUrl\":\"https:\/\/hubsch-interior.com\/wp-content\/uploads\/2022\/12\/Hubsch_logo_black_one_line.svg\",\"caption\":\"H\u00fcbsch\"},\"image\":{\"@id\":\"https:\/\/hubsch-interior.com\/da\/#\/schema\/logo\/image\/\"}}]}<\/script>\n<!-- \/ Yoast SEO plugin. -->","yoast_head_json":{"title":"Spot Lamp Sk\u00e6rm - H\u00fcbsch","description":"Glassk\u00e6rm til spotbordlampe. Dette er en reservedel, der er designet til at erstatte den originale sk\u00e6rm og monteres ved at blive skruet p\u00e5 plads.","robots":{"index":"index","follow":"follow","max-snippet":"max-snippet:-1","max-image-preview":"max-image-preview:large","max-video-preview":"max-video-preview:-1"},"canonical":"https:\/\/hubsch-interior.com\/da\/wp-json\/wp\/v2\/product\/1077201","og_locale":"da_DK","og_type":"article","og_title":"Spot Lamp Sk\u00e6rm - H\u00fcbsch","og_description":"Glassk\u00e6rm til spotbordlampe. Dette er en reservedel, der er designet til at erstatte den originale sk\u00e6rm og monteres ved at blive skruet p\u00e5 plads.","og_url":"https:\/\/hubsch-interior.com\/da\/vare\/spot-lamp-skaerm\/","og_site_name":"H\u00fcbsch","article_modified_time":"2026-04-11T03:21:51+00:00","og_image":[{"width":400,"height":400,"url":"https:\/\/hubsch-interior.com\/wp-content\/uploads\/2026\/02\/spot-lamp-shade-2e183b3fe66759dbe42851998bf90f57.jpg","type":"image\/jpeg"}],"twitter_card":"summary_large_image","schema":{"@context":"https:\/\/schema.org","@graph":[{"@type":"WebPage","@id":"https:\/\/hubsch-interior.com\/da\/vare\/spot-lamp-skaerm\/","url":"https:\/\/hubsch-interior.com\/da\/vare\/spot-lamp-skaerm\/","name":"Spot Lamp Sk\u00e6rm - H\u00fcbsch","isPartOf":{"@id":"https:\/\/hubsch-interior.com\/da\/#website"},"primaryImageOfPage":{"@id":"https:\/\/hubsch-interior.com\/da\/vare\/spot-lamp-skaerm\/#primaryimage"},"image":{"@id":"https:\/\/hubsch-interior.com\/da\/vare\/spot-lamp-skaerm\/#primaryimage"},"thumbnailUrl":"https:\/\/hubsch-interior.com\/wp-content\/uploads\/2026\/02\/spot-lamp-shade-2e183b3fe66759dbe42851998bf90f57.jpg","datePublished":"2025-12-06T03:57:12+00:00","dateModified":"2026-04-11T03:21:51+00:00","description":"Glassk\u00e6rm til spotbordlampe. Dette er en reservedel, der er designet til at erstatte den originale sk\u00e6rm og monteres ved at blive skruet p\u00e5 plads.","breadcrumb":{"@id":"https:\/\/hubsch-interior.com\/da\/vare\/spot-lamp-skaerm\/#breadcrumb"},"inLanguage":"da-DK","potentialAction":[{"@type":"ReadAction","target":["https:\/\/hubsch-interior.com\/da\/vare\/spot-lamp-skaerm\/"]}]},{"@type":"ImageObject","inLanguage":"da-DK","@id":"https:\/\/hubsch-interior.com\/da\/vare\/spot-lamp-skaerm\/#primaryimage","url":"https:\/\/hubsch-interior.com\/wp-content\/uploads\/2026\/02\/spot-lamp-shade-2e183b3fe66759dbe42851998bf90f57.jpg","contentUrl":"https:\/\/hubsch-interior.com\/wp-content\/uploads\/2026\/02\/spot-lamp-shade-2e183b3fe66759dbe42851998bf90f57.jpg","width":400,"height":400},{"@type":"BreadcrumbList","@id":"https:\/\/hubsch-interior.com\/da\/vare\/spot-lamp-skaerm\/#breadcrumb","itemListElement":[{"@type":"ListItem","position":1,"name":"Forside","item":"https:\/\/hubsch-interior.com\/da\/"},{"@type":"ListItem","position":2,"name":"Produkter","item":"https:\/\/hubsch-interior.com\/da\/produkter\/"},{"@type":"ListItem","position":3,"name":"Belysning","item":"https:\/\/hubsch-interior.com\/da\/vare-kategori\/belysning\/"},{"@type":"ListItem","position":4,"name":"Tilbeh&oslash;r til belysning","item":"https:\/\/hubsch-interior.com\/da\/vare-kategori\/belysning\/tilbehoer-til-belysning-da\/"},{"@type":"ListItem","position":5,"name":"Spot Lamp Sk\u00e6rm"}]},{"@type":"WebSite","@id":"https:\/\/hubsch-interior.com\/da\/#website","url":"https:\/\/hubsch-interior.com\/da\/","name":"H\u00fcbsch","description":"Danish Home Interior and Design","publisher":{"@id":"https:\/\/hubsch-interior.com\/da\/#organization"},"potentialAction":[{"@type":"SearchAction","target":{"@type":"EntryPoint","urlTemplate":"https:\/\/hubsch-interior.com\/da\/?s={search_term_string}"},"query-input":{"@type":"PropertyValueSpecification","valueRequired":true,"valueName":"search_term_string"}}],"inLanguage":"da-DK"},{"@type":"Organization","@id":"https:\/\/hubsch-interior.com\/da\/#organization","name":"H\u00fcbsch","url":"https:\/\/hubsch-interior.com\/da\/","logo":{"@type":"ImageObject","inLanguage":"da-DK","@id":"https:\/\/hubsch-interior.com\/da\/#\/schema\/logo\/image\/","url":"https:\/\/hubsch-interior.com\/wp-content\/uploads\/2022\/12\/Hubsch_logo_black_one_line.svg","contentUrl":"https:\/\/hubsch-interior.com\/wp-content\/uploads\/2022\/12\/Hubsch_logo_black_one_line.svg","caption":"H\u00fcbsch"},"image":{"@id":"https:\/\/hubsch-interior.com\/da\/#\/schema\/logo\/image\/"}}]}},"_links":{"self":[{"href":"https:\/\/hubsch-interior.com\/da\/wp-json\/wp\/v2\/product\/1077201","targetHints":{"allow":["GET"]}}],"collection":[{"href":"https:\/\/hubsch-interior.com\/da\/wp-json\/wp\/v2\/product"}],"about":[{"href":"https:\/\/hubsch-interior.com\/da\/wp-json\/wp\/v2\/types\/product"}],"wp:featuredmedia":[{"embeddable":true,"href":"https:\/\/hubsch-interior.com\/da\/wp-json\/wp\/v2\/media\/1113912"}],"wp:attachment":[{"href":"https:\/\/hubsch-interior.com\/da\/wp-json\/wp\/v2\/media?parent=1077201"}],"wp:term":[{"taxonomy":"product_brand","embeddable":true,"href":"https:\/\/hubsch-interior.com\/da\/wp-json\/wp\/v2\/product_brand?post=1077201"},{"taxonomy":"product_cat","embeddable":true,"href":"https:\/\/hubsch-interior.com\/da\/wp-json\/wp\/v2\/product_cat?post=1077201"},{"taxonomy":"product_tag","embeddable":true,"href":"https:\/\/hubsch-interior.com\/da\/wp-json\/wp\/v2\/product_tag?post=1077201"}],"curies":[{"name":"wp","href":"https:\/\/api.w.org\/{rel}","templated":true}]}}