{"id":1078422,"date":"2026-01-10T04:00:57","date_gmt":"2026-01-10T03:00:57","guid":{"rendered":"https:\/\/hubsch-interior.com\/product\/product\/"},"modified":"2026-04-05T04:43:15","modified_gmt":"2026-04-05T02:43:15","slug":"tento-plaid-gron","status":"publish","type":"product","link":"https:\/\/hubsch-interior.com\/da\/vare\/tento-plaid-gron\/","title":{"rendered":"Tento Plaid Gr\u00f8n"},"content":{"rendered":"<p>Grafisk komfort med en bl\u00f8d, kendt fornemmelse. Tento Plaid i gr\u00f8n kombinerer hjemlig ro med markante visuelle detaljer, takket v\u00e6re den h\u00e5ndquiltede finish og dristige, koordinerede farveblokke. Fremstillet af OEKO-TEX\u00ae STANDARD 100 certificeret bomuld, er den skabt med omtanke for b\u00e5de din komfort og planetens velbefindende. Som en forts\u00e6ttelse af vores p\u00e5lidelige Pavilion Plaid-serie, tilbyder dette stykke mere end bare varme \u2014 det tilf\u00f8jer et strejf af gennemt\u00e6nkt design til dine daglige ritualer.<\/p>\n","protected":false},"excerpt":{"rendered":"<p>Grafisk komfort med en bl\u00f8d, kendt fornemmelse. Tento Plaid i gr\u00f8n kombinerer hjemlig ro med markante visuelle detaljer, takket v\u00e6re den h\u00e5ndquiltede finish og dristige, koordinerede farveblokke. Fremstillet af OEKO-TEX\u00ae STANDARD 100 certificeret bomuld, er den skabt med omtanke for b\u00e5de din komfort og planetens velbefindende. Som en forts\u00e6ttelse af vores p\u00e5lidelige Pavilion Plaid-serie, tilbyder [&hellip;]<\/p>\n","protected":false},"featured_media":1100551,"template":"","meta":{"_acf_changed":false,"inline_featured_image":false},"product_brand":[],"product_cat":[7153,3000,4941,6362,5025,5045],"product_tag":[],"class_list":{"0":"post-1078422","1":"product","2":"type-product","3":"status-publish","4":"has-post-thumbnail","6":"product_cat-dweller-da","7":"product_cat-tekstiler","8":"product_cat-plaider-da","9":"product_cat-sengetaepper-da","10":"product_cat-bestsellers-da","11":"product_cat-nyheder-da","12":"product_shipping_class-pk","14":"pa_color-grn","15":"pa_material-cotton-100-da","17":"first","18":"instock","19":"featured","20":"taxable","21":"shipping-taxable","22":"purchasable","23":"product-type-simple"},"exclude_global_add_ons":[],"addons":[],"acf":[],"yoast_head":"<!-- This site is optimized with the Yoast SEO plugin v26.4 - https:\/\/yoast.com\/wordpress\/plugins\/seo\/ -->\n<title>Tento Plaid Gr\u00f8n - H\u00fcbsch<\/title>\n<meta name=\"description\" content=\"Grafisk komfort med en bl\u00f8d, kendt fornemmelse. Tento Plaid i gr\u00f8n kombinerer hjemlig ro med markante visuelle detaljer, takket v\u00e6re den h\u00e5ndquiltede\" \/>\n<meta name=\"robots\" content=\"index, follow, max-snippet:-1, max-image-preview:large, max-video-preview:-1\" \/>\n<link rel=\"canonical\" href=\"https:\/\/hubsch-interior.com\/da\/wp-json\/wp\/v2\/product\/1078422\" \/>\n<meta property=\"og:locale\" content=\"da_DK\" \/>\n<meta property=\"og:type\" content=\"article\" \/>\n<meta property=\"og:title\" content=\"Tento Plaid Gr\u00f8n - H\u00fcbsch\" \/>\n<meta property=\"og:description\" content=\"Grafisk komfort med en bl\u00f8d, kendt fornemmelse. Tento Plaid i gr\u00f8n kombinerer hjemlig ro med markante visuelle detaljer, takket v\u00e6re den h\u00e5ndquiltede\" \/>\n<meta property=\"og:url\" content=\"https:\/\/hubsch-interior.com\/da\/vare\/tento-plaid-gron\/\" \/>\n<meta property=\"og:site_name\" content=\"H\u00fcbsch\" \/>\n<meta property=\"article:modified_time\" content=\"2026-04-05T02:43:15+00:00\" \/>\n<meta property=\"og:image\" content=\"https:\/\/hubsch-interior.com\/wp-content\/uploads\/2026\/02\/tento-plaid-green-3fa6c78610b00d510e4478eeb35c73d4.jpg\" \/>\n\t<meta property=\"og:image:width\" content=\"1024\" \/>\n\t<meta property=\"og:image:height\" content=\"1024\" \/>\n\t<meta property=\"og:image:type\" content=\"image\/jpeg\" \/>\n<meta name=\"twitter:card\" content=\"summary_large_image\" \/>\n<script type=\"application\/ld+json\" class=\"yoast-schema-graph\">{\"@context\":\"https:\/\/schema.org\",\"@graph\":[{\"@type\":\"WebPage\",\"@id\":\"https:\/\/hubsch-interior.com\/da\/vare\/tento-plaid-gron\/\",\"url\":\"https:\/\/hubsch-interior.com\/da\/vare\/tento-plaid-gron\/\",\"name\":\"Tento Plaid Gr\u00f8n - H\u00fcbsch\",\"isPartOf\":{\"@id\":\"https:\/\/hubsch-interior.com\/da\/#website\"},\"primaryImageOfPage\":{\"@id\":\"https:\/\/hubsch-interior.com\/da\/vare\/tento-plaid-gron\/#primaryimage\"},\"image\":{\"@id\":\"https:\/\/hubsch-interior.com\/da\/vare\/tento-plaid-gron\/#primaryimage\"},\"thumbnailUrl\":\"https:\/\/hubsch-interior.com\/wp-content\/uploads\/2026\/02\/tento-plaid-green-3fa6c78610b00d510e4478eeb35c73d4.jpg\",\"datePublished\":\"2026-01-10T03:00:57+00:00\",\"dateModified\":\"2026-04-05T02:43:15+00:00\",\"description\":\"Grafisk komfort med en bl\u00f8d, kendt fornemmelse. Tento Plaid i gr\u00f8n kombinerer hjemlig ro med markante visuelle detaljer, takket v\u00e6re den h\u00e5ndquiltede\",\"breadcrumb\":{\"@id\":\"https:\/\/hubsch-interior.com\/da\/vare\/tento-plaid-gron\/#breadcrumb\"},\"inLanguage\":\"da-DK\",\"potentialAction\":[{\"@type\":\"ReadAction\",\"target\":[\"https:\/\/hubsch-interior.com\/da\/vare\/tento-plaid-gron\/\"]}]},{\"@type\":\"ImageObject\",\"inLanguage\":\"da-DK\",\"@id\":\"https:\/\/hubsch-interior.com\/da\/vare\/tento-plaid-gron\/#primaryimage\",\"url\":\"https:\/\/hubsch-interior.com\/wp-content\/uploads\/2026\/02\/tento-plaid-green-3fa6c78610b00d510e4478eeb35c73d4.jpg\",\"contentUrl\":\"https:\/\/hubsch-interior.com\/wp-content\/uploads\/2026\/02\/tento-plaid-green-3fa6c78610b00d510e4478eeb35c73d4.jpg\",\"width\":1024,\"height\":1024},{\"@type\":\"BreadcrumbList\",\"@id\":\"https:\/\/hubsch-interior.com\/da\/vare\/tento-plaid-gron\/#breadcrumb\",\"itemListElement\":[{\"@type\":\"ListItem\",\"position\":1,\"name\":\"Forside\",\"item\":\"https:\/\/hubsch-interior.com\/da\/\"},{\"@type\":\"ListItem\",\"position\":2,\"name\":\"Produkter\",\"item\":\"https:\/\/hubsch-interior.com\/da\/produkter\/\"},{\"@type\":\"ListItem\",\"position\":3,\"name\":\"Tekstiler\",\"item\":\"https:\/\/hubsch-interior.com\/da\/vare-kategori\/tekstiler\/\"},{\"@type\":\"ListItem\",\"position\":4,\"name\":\"Plaider\",\"item\":\"https:\/\/hubsch-interior.com\/da\/vare-kategori\/tekstiler\/plaider-da\/\"},{\"@type\":\"ListItem\",\"position\":5,\"name\":\"Tento Plaid Gr\u00f8n\"}]},{\"@type\":\"WebSite\",\"@id\":\"https:\/\/hubsch-interior.com\/da\/#website\",\"url\":\"https:\/\/hubsch-interior.com\/da\/\",\"name\":\"H\u00fcbsch\",\"description\":\"Danish Home Interior and Design\",\"publisher\":{\"@id\":\"https:\/\/hubsch-interior.com\/da\/#organization\"},\"potentialAction\":[{\"@type\":\"SearchAction\",\"target\":{\"@type\":\"EntryPoint\",\"urlTemplate\":\"https:\/\/hubsch-interior.com\/da\/?s={search_term_string}\"},\"query-input\":{\"@type\":\"PropertyValueSpecification\",\"valueRequired\":true,\"valueName\":\"search_term_string\"}}],\"inLanguage\":\"da-DK\"},{\"@type\":\"Organization\",\"@id\":\"https:\/\/hubsch-interior.com\/da\/#organization\",\"name\":\"H\u00fcbsch\",\"url\":\"https:\/\/hubsch-interior.com\/da\/\",\"logo\":{\"@type\":\"ImageObject\",\"inLanguage\":\"da-DK\",\"@id\":\"https:\/\/hubsch-interior.com\/da\/#\/schema\/logo\/image\/\",\"url\":\"https:\/\/hubsch-interior.com\/wp-content\/uploads\/2022\/12\/Hubsch_logo_black_one_line.svg\",\"contentUrl\":\"https:\/\/hubsch-interior.com\/wp-content\/uploads\/2022\/12\/Hubsch_logo_black_one_line.svg\",\"caption\":\"H\u00fcbsch\"},\"image\":{\"@id\":\"https:\/\/hubsch-interior.com\/da\/#\/schema\/logo\/image\/\"}}]}<\/script>\n<!-- \/ Yoast SEO plugin. -->","yoast_head_json":{"title":"Tento Plaid Gr\u00f8n - H\u00fcbsch","description":"Grafisk komfort med en bl\u00f8d, kendt fornemmelse. Tento Plaid i gr\u00f8n kombinerer hjemlig ro med markante visuelle detaljer, takket v\u00e6re den h\u00e5ndquiltede","robots":{"index":"index","follow":"follow","max-snippet":"max-snippet:-1","max-image-preview":"max-image-preview:large","max-video-preview":"max-video-preview:-1"},"canonical":"https:\/\/hubsch-interior.com\/da\/wp-json\/wp\/v2\/product\/1078422","og_locale":"da_DK","og_type":"article","og_title":"Tento Plaid Gr\u00f8n - H\u00fcbsch","og_description":"Grafisk komfort med en bl\u00f8d, kendt fornemmelse. Tento Plaid i gr\u00f8n kombinerer hjemlig ro med markante visuelle detaljer, takket v\u00e6re den h\u00e5ndquiltede","og_url":"https:\/\/hubsch-interior.com\/da\/vare\/tento-plaid-gron\/","og_site_name":"H\u00fcbsch","article_modified_time":"2026-04-05T02:43:15+00:00","og_image":[{"width":1024,"height":1024,"url":"https:\/\/hubsch-interior.com\/wp-content\/uploads\/2026\/02\/tento-plaid-green-3fa6c78610b00d510e4478eeb35c73d4.jpg","type":"image\/jpeg"}],"twitter_card":"summary_large_image","schema":{"@context":"https:\/\/schema.org","@graph":[{"@type":"WebPage","@id":"https:\/\/hubsch-interior.com\/da\/vare\/tento-plaid-gron\/","url":"https:\/\/hubsch-interior.com\/da\/vare\/tento-plaid-gron\/","name":"Tento Plaid Gr\u00f8n - H\u00fcbsch","isPartOf":{"@id":"https:\/\/hubsch-interior.com\/da\/#website"},"primaryImageOfPage":{"@id":"https:\/\/hubsch-interior.com\/da\/vare\/tento-plaid-gron\/#primaryimage"},"image":{"@id":"https:\/\/hubsch-interior.com\/da\/vare\/tento-plaid-gron\/#primaryimage"},"thumbnailUrl":"https:\/\/hubsch-interior.com\/wp-content\/uploads\/2026\/02\/tento-plaid-green-3fa6c78610b00d510e4478eeb35c73d4.jpg","datePublished":"2026-01-10T03:00:57+00:00","dateModified":"2026-04-05T02:43:15+00:00","description":"Grafisk komfort med en bl\u00f8d, kendt fornemmelse. Tento Plaid i gr\u00f8n kombinerer hjemlig ro med markante visuelle detaljer, takket v\u00e6re den h\u00e5ndquiltede","breadcrumb":{"@id":"https:\/\/hubsch-interior.com\/da\/vare\/tento-plaid-gron\/#breadcrumb"},"inLanguage":"da-DK","potentialAction":[{"@type":"ReadAction","target":["https:\/\/hubsch-interior.com\/da\/vare\/tento-plaid-gron\/"]}]},{"@type":"ImageObject","inLanguage":"da-DK","@id":"https:\/\/hubsch-interior.com\/da\/vare\/tento-plaid-gron\/#primaryimage","url":"https:\/\/hubsch-interior.com\/wp-content\/uploads\/2026\/02\/tento-plaid-green-3fa6c78610b00d510e4478eeb35c73d4.jpg","contentUrl":"https:\/\/hubsch-interior.com\/wp-content\/uploads\/2026\/02\/tento-plaid-green-3fa6c78610b00d510e4478eeb35c73d4.jpg","width":1024,"height":1024},{"@type":"BreadcrumbList","@id":"https:\/\/hubsch-interior.com\/da\/vare\/tento-plaid-gron\/#breadcrumb","itemListElement":[{"@type":"ListItem","position":1,"name":"Forside","item":"https:\/\/hubsch-interior.com\/da\/"},{"@type":"ListItem","position":2,"name":"Produkter","item":"https:\/\/hubsch-interior.com\/da\/produkter\/"},{"@type":"ListItem","position":3,"name":"Tekstiler","item":"https:\/\/hubsch-interior.com\/da\/vare-kategori\/tekstiler\/"},{"@type":"ListItem","position":4,"name":"Plaider","item":"https:\/\/hubsch-interior.com\/da\/vare-kategori\/tekstiler\/plaider-da\/"},{"@type":"ListItem","position":5,"name":"Tento Plaid Gr\u00f8n"}]},{"@type":"WebSite","@id":"https:\/\/hubsch-interior.com\/da\/#website","url":"https:\/\/hubsch-interior.com\/da\/","name":"H\u00fcbsch","description":"Danish Home Interior and Design","publisher":{"@id":"https:\/\/hubsch-interior.com\/da\/#organization"},"potentialAction":[{"@type":"SearchAction","target":{"@type":"EntryPoint","urlTemplate":"https:\/\/hubsch-interior.com\/da\/?s={search_term_string}"},"query-input":{"@type":"PropertyValueSpecification","valueRequired":true,"valueName":"search_term_string"}}],"inLanguage":"da-DK"},{"@type":"Organization","@id":"https:\/\/hubsch-interior.com\/da\/#organization","name":"H\u00fcbsch","url":"https:\/\/hubsch-interior.com\/da\/","logo":{"@type":"ImageObject","inLanguage":"da-DK","@id":"https:\/\/hubsch-interior.com\/da\/#\/schema\/logo\/image\/","url":"https:\/\/hubsch-interior.com\/wp-content\/uploads\/2022\/12\/Hubsch_logo_black_one_line.svg","contentUrl":"https:\/\/hubsch-interior.com\/wp-content\/uploads\/2022\/12\/Hubsch_logo_black_one_line.svg","caption":"H\u00fcbsch"},"image":{"@id":"https:\/\/hubsch-interior.com\/da\/#\/schema\/logo\/image\/"}}]}},"_links":{"self":[{"href":"https:\/\/hubsch-interior.com\/da\/wp-json\/wp\/v2\/product\/1078422","targetHints":{"allow":["GET"]}}],"collection":[{"href":"https:\/\/hubsch-interior.com\/da\/wp-json\/wp\/v2\/product"}],"about":[{"href":"https:\/\/hubsch-interior.com\/da\/wp-json\/wp\/v2\/types\/product"}],"wp:featuredmedia":[{"embeddable":true,"href":"https:\/\/hubsch-interior.com\/da\/wp-json\/wp\/v2\/media\/1100551"}],"wp:attachment":[{"href":"https:\/\/hubsch-interior.com\/da\/wp-json\/wp\/v2\/media?parent=1078422"}],"wp:term":[{"taxonomy":"product_brand","embeddable":true,"href":"https:\/\/hubsch-interior.com\/da\/wp-json\/wp\/v2\/product_brand?post=1078422"},{"taxonomy":"product_cat","embeddable":true,"href":"https:\/\/hubsch-interior.com\/da\/wp-json\/wp\/v2\/product_cat?post=1078422"},{"taxonomy":"product_tag","embeddable":true,"href":"https:\/\/hubsch-interior.com\/da\/wp-json\/wp\/v2\/product_tag?post=1078422"}],"curies":[{"name":"wp","href":"https:\/\/api.w.org\/{rel}","templated":true}]}}