{"id":1078442,"date":"2026-01-10T04:01:08","date_gmt":"2026-01-10T03:01:08","guid":{"rendered":"https:\/\/hubsch-interior.com\/product\/product\/"},"modified":"2026-04-05T04:43:19","modified_gmt":"2026-04-05T02:43:19","slug":"tento-plaid-gul","status":"publish","type":"product","link":"https:\/\/hubsch-interior.com\/da\/vare\/tento-plaid-gul\/","title":{"rendered":"Tento Plaid Gul"},"content":{"rendered":"<p>Sollys du kan vikle om dine skuldre. Tento Plaid i str\u00e5lende gul bringer glad varme og dristigt udtryk til dit rum. H\u00e5ndquiltet med et i\u00f8jnefaldende grafisk m\u00f8nster i smukt sammensatte toner, kombinerer den taktil komfort med visuel energi. Fremstillet af OEKO-TEX\u00ae STANDARD 100 certificeret bomuld og en del af vores p\u00e5lidelige Pavilion Plaid-familie, er den skabt til hyggelige \u00f8jeblikke, der lysner din dag. Drap\u00e9r den over din l\u00e6nestol eller hold den t\u00e6t \u2014 dette er komfort, der str\u00e5ler.<\/p>\n","protected":false},"excerpt":{"rendered":"<p>Sollys du kan vikle om dine skuldre. Tento Plaid i str\u00e5lende gul bringer glad varme og dristigt udtryk til dit rum. H\u00e5ndquiltet med et i\u00f8jnefaldende grafisk m\u00f8nster i smukt sammensatte toner, kombinerer den taktil komfort med visuel energi. Fremstillet af OEKO-TEX\u00ae STANDARD 100 certificeret bomuld og en del af vores p\u00e5lidelige Pavilion Plaid-familie, er den [&hellip;]<\/p>\n","protected":false},"featured_media":1100567,"template":"","meta":{"_acf_changed":false,"inline_featured_image":false},"product_brand":[],"product_cat":[7153,3000,4941,6362,5045],"product_tag":[],"class_list":{"0":"post-1078442","1":"product","2":"type-product","3":"status-publish","4":"has-post-thumbnail","6":"product_cat-dweller-da","7":"product_cat-tekstiler","8":"product_cat-plaider-da","9":"product_cat-sengetaepper-da","10":"product_cat-nyheder-da","11":"product_shipping_class-pk","13":"pa_color-gul","14":"pa_material-cotton-100-da","16":"first","17":"instock","18":"taxable","19":"shipping-taxable","20":"purchasable","21":"product-type-simple"},"exclude_global_add_ons":[],"addons":[],"acf":[],"yoast_head":"<!-- This site is optimized with the Yoast SEO plugin v26.4 - https:\/\/yoast.com\/wordpress\/plugins\/seo\/ -->\n<title>Tento Plaid Gul - H\u00fcbsch<\/title>\n<meta name=\"description\" content=\"Sollys du kan vikle om dine skuldre. Tento Plaid i str\u00e5lende gul bringer glad varme og dristigt udtryk til dit rum. H\u00e5ndquiltet med et i\u00f8jnefaldende\" \/>\n<meta name=\"robots\" content=\"index, follow, max-snippet:-1, max-image-preview:large, max-video-preview:-1\" \/>\n<link rel=\"canonical\" href=\"https:\/\/hubsch-interior.com\/da\/wp-json\/wp\/v2\/product\/1078442\" \/>\n<meta property=\"og:locale\" content=\"da_DK\" \/>\n<meta property=\"og:type\" content=\"article\" \/>\n<meta property=\"og:title\" content=\"Tento Plaid Gul - H\u00fcbsch\" \/>\n<meta property=\"og:description\" content=\"Sollys du kan vikle om dine skuldre. Tento Plaid i str\u00e5lende gul bringer glad varme og dristigt udtryk til dit rum. H\u00e5ndquiltet med et i\u00f8jnefaldende\" \/>\n<meta property=\"og:url\" content=\"https:\/\/hubsch-interior.com\/da\/vare\/tento-plaid-gul\/\" \/>\n<meta property=\"og:site_name\" content=\"H\u00fcbsch\" \/>\n<meta property=\"article:modified_time\" content=\"2026-04-05T02:43:19+00:00\" \/>\n<meta property=\"og:image\" content=\"https:\/\/hubsch-interior.com\/wp-content\/uploads\/2026\/02\/tento-plaid-yellow-83e2ca46bea3272653576c348a02a6ee.jpg\" \/>\n\t<meta property=\"og:image:width\" content=\"1024\" \/>\n\t<meta property=\"og:image:height\" content=\"1024\" \/>\n\t<meta property=\"og:image:type\" content=\"image\/jpeg\" \/>\n<meta name=\"twitter:card\" content=\"summary_large_image\" \/>\n<script type=\"application\/ld+json\" class=\"yoast-schema-graph\">{\"@context\":\"https:\/\/schema.org\",\"@graph\":[{\"@type\":\"WebPage\",\"@id\":\"https:\/\/hubsch-interior.com\/da\/vare\/tento-plaid-gul\/\",\"url\":\"https:\/\/hubsch-interior.com\/da\/vare\/tento-plaid-gul\/\",\"name\":\"Tento Plaid Gul - H\u00fcbsch\",\"isPartOf\":{\"@id\":\"https:\/\/hubsch-interior.com\/da\/#website\"},\"primaryImageOfPage\":{\"@id\":\"https:\/\/hubsch-interior.com\/da\/vare\/tento-plaid-gul\/#primaryimage\"},\"image\":{\"@id\":\"https:\/\/hubsch-interior.com\/da\/vare\/tento-plaid-gul\/#primaryimage\"},\"thumbnailUrl\":\"https:\/\/hubsch-interior.com\/wp-content\/uploads\/2026\/02\/tento-plaid-yellow-83e2ca46bea3272653576c348a02a6ee.jpg\",\"datePublished\":\"2026-01-10T03:01:08+00:00\",\"dateModified\":\"2026-04-05T02:43:19+00:00\",\"description\":\"Sollys du kan vikle om dine skuldre. Tento Plaid i str\u00e5lende gul bringer glad varme og dristigt udtryk til dit rum. H\u00e5ndquiltet med et i\u00f8jnefaldende\",\"breadcrumb\":{\"@id\":\"https:\/\/hubsch-interior.com\/da\/vare\/tento-plaid-gul\/#breadcrumb\"},\"inLanguage\":\"da-DK\",\"potentialAction\":[{\"@type\":\"ReadAction\",\"target\":[\"https:\/\/hubsch-interior.com\/da\/vare\/tento-plaid-gul\/\"]}]},{\"@type\":\"ImageObject\",\"inLanguage\":\"da-DK\",\"@id\":\"https:\/\/hubsch-interior.com\/da\/vare\/tento-plaid-gul\/#primaryimage\",\"url\":\"https:\/\/hubsch-interior.com\/wp-content\/uploads\/2026\/02\/tento-plaid-yellow-83e2ca46bea3272653576c348a02a6ee.jpg\",\"contentUrl\":\"https:\/\/hubsch-interior.com\/wp-content\/uploads\/2026\/02\/tento-plaid-yellow-83e2ca46bea3272653576c348a02a6ee.jpg\",\"width\":1024,\"height\":1024},{\"@type\":\"BreadcrumbList\",\"@id\":\"https:\/\/hubsch-interior.com\/da\/vare\/tento-plaid-gul\/#breadcrumb\",\"itemListElement\":[{\"@type\":\"ListItem\",\"position\":1,\"name\":\"Forside\",\"item\":\"https:\/\/hubsch-interior.com\/da\/\"},{\"@type\":\"ListItem\",\"position\":2,\"name\":\"Produkter\",\"item\":\"https:\/\/hubsch-interior.com\/da\/produkter\/\"},{\"@type\":\"ListItem\",\"position\":3,\"name\":\"Tekstiler\",\"item\":\"https:\/\/hubsch-interior.com\/da\/vare-kategori\/tekstiler\/\"},{\"@type\":\"ListItem\",\"position\":4,\"name\":\"Plaider\",\"item\":\"https:\/\/hubsch-interior.com\/da\/vare-kategori\/tekstiler\/plaider-da\/\"},{\"@type\":\"ListItem\",\"position\":5,\"name\":\"Tento Plaid Gul\"}]},{\"@type\":\"WebSite\",\"@id\":\"https:\/\/hubsch-interior.com\/da\/#website\",\"url\":\"https:\/\/hubsch-interior.com\/da\/\",\"name\":\"H\u00fcbsch\",\"description\":\"Danish Home Interior and Design\",\"publisher\":{\"@id\":\"https:\/\/hubsch-interior.com\/da\/#organization\"},\"potentialAction\":[{\"@type\":\"SearchAction\",\"target\":{\"@type\":\"EntryPoint\",\"urlTemplate\":\"https:\/\/hubsch-interior.com\/da\/?s={search_term_string}\"},\"query-input\":{\"@type\":\"PropertyValueSpecification\",\"valueRequired\":true,\"valueName\":\"search_term_string\"}}],\"inLanguage\":\"da-DK\"},{\"@type\":\"Organization\",\"@id\":\"https:\/\/hubsch-interior.com\/da\/#organization\",\"name\":\"H\u00fcbsch\",\"url\":\"https:\/\/hubsch-interior.com\/da\/\",\"logo\":{\"@type\":\"ImageObject\",\"inLanguage\":\"da-DK\",\"@id\":\"https:\/\/hubsch-interior.com\/da\/#\/schema\/logo\/image\/\",\"url\":\"https:\/\/hubsch-interior.com\/wp-content\/uploads\/2022\/12\/Hubsch_logo_black_one_line.svg\",\"contentUrl\":\"https:\/\/hubsch-interior.com\/wp-content\/uploads\/2022\/12\/Hubsch_logo_black_one_line.svg\",\"caption\":\"H\u00fcbsch\"},\"image\":{\"@id\":\"https:\/\/hubsch-interior.com\/da\/#\/schema\/logo\/image\/\"}}]}<\/script>\n<!-- \/ Yoast SEO plugin. -->","yoast_head_json":{"title":"Tento Plaid Gul - H\u00fcbsch","description":"Sollys du kan vikle om dine skuldre. Tento Plaid i str\u00e5lende gul bringer glad varme og dristigt udtryk til dit rum. H\u00e5ndquiltet med et i\u00f8jnefaldende","robots":{"index":"index","follow":"follow","max-snippet":"max-snippet:-1","max-image-preview":"max-image-preview:large","max-video-preview":"max-video-preview:-1"},"canonical":"https:\/\/hubsch-interior.com\/da\/wp-json\/wp\/v2\/product\/1078442","og_locale":"da_DK","og_type":"article","og_title":"Tento Plaid Gul - H\u00fcbsch","og_description":"Sollys du kan vikle om dine skuldre. Tento Plaid i str\u00e5lende gul bringer glad varme og dristigt udtryk til dit rum. H\u00e5ndquiltet med et i\u00f8jnefaldende","og_url":"https:\/\/hubsch-interior.com\/da\/vare\/tento-plaid-gul\/","og_site_name":"H\u00fcbsch","article_modified_time":"2026-04-05T02:43:19+00:00","og_image":[{"width":1024,"height":1024,"url":"https:\/\/hubsch-interior.com\/wp-content\/uploads\/2026\/02\/tento-plaid-yellow-83e2ca46bea3272653576c348a02a6ee.jpg","type":"image\/jpeg"}],"twitter_card":"summary_large_image","schema":{"@context":"https:\/\/schema.org","@graph":[{"@type":"WebPage","@id":"https:\/\/hubsch-interior.com\/da\/vare\/tento-plaid-gul\/","url":"https:\/\/hubsch-interior.com\/da\/vare\/tento-plaid-gul\/","name":"Tento Plaid Gul - H\u00fcbsch","isPartOf":{"@id":"https:\/\/hubsch-interior.com\/da\/#website"},"primaryImageOfPage":{"@id":"https:\/\/hubsch-interior.com\/da\/vare\/tento-plaid-gul\/#primaryimage"},"image":{"@id":"https:\/\/hubsch-interior.com\/da\/vare\/tento-plaid-gul\/#primaryimage"},"thumbnailUrl":"https:\/\/hubsch-interior.com\/wp-content\/uploads\/2026\/02\/tento-plaid-yellow-83e2ca46bea3272653576c348a02a6ee.jpg","datePublished":"2026-01-10T03:01:08+00:00","dateModified":"2026-04-05T02:43:19+00:00","description":"Sollys du kan vikle om dine skuldre. Tento Plaid i str\u00e5lende gul bringer glad varme og dristigt udtryk til dit rum. H\u00e5ndquiltet med et i\u00f8jnefaldende","breadcrumb":{"@id":"https:\/\/hubsch-interior.com\/da\/vare\/tento-plaid-gul\/#breadcrumb"},"inLanguage":"da-DK","potentialAction":[{"@type":"ReadAction","target":["https:\/\/hubsch-interior.com\/da\/vare\/tento-plaid-gul\/"]}]},{"@type":"ImageObject","inLanguage":"da-DK","@id":"https:\/\/hubsch-interior.com\/da\/vare\/tento-plaid-gul\/#primaryimage","url":"https:\/\/hubsch-interior.com\/wp-content\/uploads\/2026\/02\/tento-plaid-yellow-83e2ca46bea3272653576c348a02a6ee.jpg","contentUrl":"https:\/\/hubsch-interior.com\/wp-content\/uploads\/2026\/02\/tento-plaid-yellow-83e2ca46bea3272653576c348a02a6ee.jpg","width":1024,"height":1024},{"@type":"BreadcrumbList","@id":"https:\/\/hubsch-interior.com\/da\/vare\/tento-plaid-gul\/#breadcrumb","itemListElement":[{"@type":"ListItem","position":1,"name":"Forside","item":"https:\/\/hubsch-interior.com\/da\/"},{"@type":"ListItem","position":2,"name":"Produkter","item":"https:\/\/hubsch-interior.com\/da\/produkter\/"},{"@type":"ListItem","position":3,"name":"Tekstiler","item":"https:\/\/hubsch-interior.com\/da\/vare-kategori\/tekstiler\/"},{"@type":"ListItem","position":4,"name":"Plaider","item":"https:\/\/hubsch-interior.com\/da\/vare-kategori\/tekstiler\/plaider-da\/"},{"@type":"ListItem","position":5,"name":"Tento Plaid Gul"}]},{"@type":"WebSite","@id":"https:\/\/hubsch-interior.com\/da\/#website","url":"https:\/\/hubsch-interior.com\/da\/","name":"H\u00fcbsch","description":"Danish Home Interior and Design","publisher":{"@id":"https:\/\/hubsch-interior.com\/da\/#organization"},"potentialAction":[{"@type":"SearchAction","target":{"@type":"EntryPoint","urlTemplate":"https:\/\/hubsch-interior.com\/da\/?s={search_term_string}"},"query-input":{"@type":"PropertyValueSpecification","valueRequired":true,"valueName":"search_term_string"}}],"inLanguage":"da-DK"},{"@type":"Organization","@id":"https:\/\/hubsch-interior.com\/da\/#organization","name":"H\u00fcbsch","url":"https:\/\/hubsch-interior.com\/da\/","logo":{"@type":"ImageObject","inLanguage":"da-DK","@id":"https:\/\/hubsch-interior.com\/da\/#\/schema\/logo\/image\/","url":"https:\/\/hubsch-interior.com\/wp-content\/uploads\/2022\/12\/Hubsch_logo_black_one_line.svg","contentUrl":"https:\/\/hubsch-interior.com\/wp-content\/uploads\/2022\/12\/Hubsch_logo_black_one_line.svg","caption":"H\u00fcbsch"},"image":{"@id":"https:\/\/hubsch-interior.com\/da\/#\/schema\/logo\/image\/"}}]}},"_links":{"self":[{"href":"https:\/\/hubsch-interior.com\/da\/wp-json\/wp\/v2\/product\/1078442","targetHints":{"allow":["GET"]}}],"collection":[{"href":"https:\/\/hubsch-interior.com\/da\/wp-json\/wp\/v2\/product"}],"about":[{"href":"https:\/\/hubsch-interior.com\/da\/wp-json\/wp\/v2\/types\/product"}],"wp:featuredmedia":[{"embeddable":true,"href":"https:\/\/hubsch-interior.com\/da\/wp-json\/wp\/v2\/media\/1100567"}],"wp:attachment":[{"href":"https:\/\/hubsch-interior.com\/da\/wp-json\/wp\/v2\/media?parent=1078442"}],"wp:term":[{"taxonomy":"product_brand","embeddable":true,"href":"https:\/\/hubsch-interior.com\/da\/wp-json\/wp\/v2\/product_brand?post=1078442"},{"taxonomy":"product_cat","embeddable":true,"href":"https:\/\/hubsch-interior.com\/da\/wp-json\/wp\/v2\/product_cat?post=1078442"},{"taxonomy":"product_tag","embeddable":true,"href":"https:\/\/hubsch-interior.com\/da\/wp-json\/wp\/v2\/product_tag?post=1078442"}],"curies":[{"name":"wp","href":"https:\/\/api.w.org\/{rel}","templated":true}]}}