{"id":1078458,"date":"2026-01-10T04:01:19","date_gmt":"2026-01-10T03:01:19","guid":{"rendered":"https:\/\/hubsch-interior.com\/product\/product\/"},"modified":"2026-04-05T04:43:25","modified_gmt":"2026-04-05T02:43:25","slug":"sen-sengetaeppe-sand","status":"publish","type":"product","link":"https:\/\/hubsch-interior.com\/da\/vare\/sen-sengetaeppe-sand\/","title":{"rendered":"Sen Senget\u00e6ppe Sand"},"content":{"rendered":"<p>Elegance, syet med intention. Sen Plaid i rolige sandtoner tilf\u00f8rer diskret raffinement til dit hjem med sin h\u00e5ndquiltede tekstur og omhyggeligt sammensatte farver. Som en del af vores elskede kollektion er den fremstillet af OEKO-TEX\u00ae STANDARD 100 certificeret bomuld, som er bl\u00f8dt og ansvarligt. L\u00e6g den p\u00e6nt over din seng for et raffineret udtryk, eller kr\u00f8l dig sammen under dens gener\u00f8se varme, n\u00e5r aftenerne bliver k\u00f8lige. Et tidl\u00f8st stykke til daglig komfort &#8211; eller den slags gave, der er sv\u00e6r at give fra sig.<\/p>\n","protected":false},"excerpt":{"rendered":"<p>Elegance, syet med intention. Sen Plaid i rolige sandtoner tilf\u00f8rer diskret raffinement til dit hjem med sin h\u00e5ndquiltede tekstur og omhyggeligt sammensatte farver. Som en del af vores elskede kollektion er den fremstillet af OEKO-TEX\u00ae STANDARD 100 certificeret bomuld, som er bl\u00f8dt og ansvarligt. L\u00e6g den p\u00e6nt over din seng for et raffineret udtryk, eller [&hellip;]<\/p>\n","protected":false},"featured_media":1100579,"template":"","meta":{"_acf_changed":false,"inline_featured_image":false},"product_brand":[],"product_cat":[7153,3000,4941,6362,5025,5045],"product_tag":[],"class_list":{"0":"post-1078458","1":"product","2":"type-product","3":"status-publish","4":"has-post-thumbnail","6":"product_cat-dweller-da","7":"product_cat-tekstiler","8":"product_cat-plaider-da","9":"product_cat-sengetaepper-da","10":"product_cat-bestsellers-da","11":"product_cat-nyheder-da","12":"product_shipping_class-pk","14":"pa_color-sand-da","15":"pa_material-cotton-100-da","17":"first","18":"instock","19":"featured","20":"taxable","21":"shipping-taxable","22":"purchasable","23":"product-type-simple"},"exclude_global_add_ons":[],"addons":[],"acf":[],"yoast_head":"<!-- This site is optimized with the Yoast SEO plugin v26.4 - https:\/\/yoast.com\/wordpress\/plugins\/seo\/ -->\n<title>Sen Senget\u00e6ppe Sand - H\u00fcbsch<\/title>\n<meta name=\"description\" content=\"Elegance, syet med intention. Sen Plaid i rolige sandtoner tilf\u00f8rer diskret raffinement til dit hjem med sin h\u00e5ndquiltede tekstur og omhyggeligt\" \/>\n<meta name=\"robots\" content=\"index, follow, max-snippet:-1, max-image-preview:large, max-video-preview:-1\" \/>\n<link rel=\"canonical\" href=\"https:\/\/hubsch-interior.com\/da\/wp-json\/wp\/v2\/product\/1078458\" \/>\n<meta property=\"og:locale\" content=\"da_DK\" \/>\n<meta property=\"og:type\" content=\"article\" \/>\n<meta property=\"og:title\" content=\"Sen Senget\u00e6ppe Sand - H\u00fcbsch\" \/>\n<meta property=\"og:description\" content=\"Elegance, syet med intention. Sen Plaid i rolige sandtoner tilf\u00f8rer diskret raffinement til dit hjem med sin h\u00e5ndquiltede tekstur og omhyggeligt\" \/>\n<meta property=\"og:url\" content=\"https:\/\/hubsch-interior.com\/da\/vare\/sen-sengetaeppe-sand\/\" \/>\n<meta property=\"og:site_name\" content=\"H\u00fcbsch\" \/>\n<meta property=\"article:modified_time\" content=\"2026-04-05T02:43:25+00:00\" \/>\n<meta property=\"og:image\" content=\"https:\/\/hubsch-interior.com\/wp-content\/uploads\/2026\/01\/sen-bedspread-sand-6cacf0bbcc22ffece4d6bef63a4a0a39.jpg\" \/>\n\t<meta property=\"og:image:width\" content=\"1200\" \/>\n\t<meta property=\"og:image:height\" content=\"1200\" \/>\n\t<meta property=\"og:image:type\" content=\"image\/jpeg\" \/>\n<meta name=\"twitter:card\" content=\"summary_large_image\" \/>\n<script type=\"application\/ld+json\" class=\"yoast-schema-graph\">{\"@context\":\"https:\/\/schema.org\",\"@graph\":[{\"@type\":\"WebPage\",\"@id\":\"https:\/\/hubsch-interior.com\/da\/vare\/sen-sengetaeppe-sand\/\",\"url\":\"https:\/\/hubsch-interior.com\/da\/vare\/sen-sengetaeppe-sand\/\",\"name\":\"Sen Senget\u00e6ppe Sand - H\u00fcbsch\",\"isPartOf\":{\"@id\":\"https:\/\/hubsch-interior.com\/da\/#website\"},\"primaryImageOfPage\":{\"@id\":\"https:\/\/hubsch-interior.com\/da\/vare\/sen-sengetaeppe-sand\/#primaryimage\"},\"image\":{\"@id\":\"https:\/\/hubsch-interior.com\/da\/vare\/sen-sengetaeppe-sand\/#primaryimage\"},\"thumbnailUrl\":\"https:\/\/hubsch-interior.com\/wp-content\/uploads\/2026\/02\/sen-bedspread-sand-8e706c18b1eaded563cd3594d09e530e.jpg\",\"datePublished\":\"2026-01-10T03:01:19+00:00\",\"dateModified\":\"2026-04-05T02:43:25+00:00\",\"description\":\"Elegance, syet med intention. Sen Plaid i rolige sandtoner tilf\u00f8rer diskret raffinement til dit hjem med sin h\u00e5ndquiltede tekstur og omhyggeligt\",\"breadcrumb\":{\"@id\":\"https:\/\/hubsch-interior.com\/da\/vare\/sen-sengetaeppe-sand\/#breadcrumb\"},\"inLanguage\":\"da-DK\",\"potentialAction\":[{\"@type\":\"ReadAction\",\"target\":[\"https:\/\/hubsch-interior.com\/da\/vare\/sen-sengetaeppe-sand\/\"]}]},{\"@type\":\"ImageObject\",\"inLanguage\":\"da-DK\",\"@id\":\"https:\/\/hubsch-interior.com\/da\/vare\/sen-sengetaeppe-sand\/#primaryimage\",\"url\":\"https:\/\/hubsch-interior.com\/wp-content\/uploads\/2026\/02\/sen-bedspread-sand-8e706c18b1eaded563cd3594d09e530e.jpg\",\"contentUrl\":\"https:\/\/hubsch-interior.com\/wp-content\/uploads\/2026\/02\/sen-bedspread-sand-8e706c18b1eaded563cd3594d09e530e.jpg\",\"width\":1024,\"height\":1024},{\"@type\":\"BreadcrumbList\",\"@id\":\"https:\/\/hubsch-interior.com\/da\/vare\/sen-sengetaeppe-sand\/#breadcrumb\",\"itemListElement\":[{\"@type\":\"ListItem\",\"position\":1,\"name\":\"Forside\",\"item\":\"https:\/\/hubsch-interior.com\/da\/\"},{\"@type\":\"ListItem\",\"position\":2,\"name\":\"Produkter\",\"item\":\"https:\/\/hubsch-interior.com\/da\/produkter\/\"},{\"@type\":\"ListItem\",\"position\":3,\"name\":\"Sen Senget\u00e6ppe Sand\"}]},{\"@type\":\"WebSite\",\"@id\":\"https:\/\/hubsch-interior.com\/da\/#website\",\"url\":\"https:\/\/hubsch-interior.com\/da\/\",\"name\":\"H\u00fcbsch\",\"description\":\"Danish Home Interior and Design\",\"publisher\":{\"@id\":\"https:\/\/hubsch-interior.com\/da\/#organization\"},\"potentialAction\":[{\"@type\":\"SearchAction\",\"target\":{\"@type\":\"EntryPoint\",\"urlTemplate\":\"https:\/\/hubsch-interior.com\/da\/?s={search_term_string}\"},\"query-input\":{\"@type\":\"PropertyValueSpecification\",\"valueRequired\":true,\"valueName\":\"search_term_string\"}}],\"inLanguage\":\"da-DK\"},{\"@type\":\"Organization\",\"@id\":\"https:\/\/hubsch-interior.com\/da\/#organization\",\"name\":\"H\u00fcbsch\",\"url\":\"https:\/\/hubsch-interior.com\/da\/\",\"logo\":{\"@type\":\"ImageObject\",\"inLanguage\":\"da-DK\",\"@id\":\"https:\/\/hubsch-interior.com\/da\/#\/schema\/logo\/image\/\",\"url\":\"https:\/\/hubsch-interior.com\/wp-content\/uploads\/2022\/12\/Hubsch_logo_black_one_line.svg\",\"contentUrl\":\"https:\/\/hubsch-interior.com\/wp-content\/uploads\/2022\/12\/Hubsch_logo_black_one_line.svg\",\"caption\":\"H\u00fcbsch\"},\"image\":{\"@id\":\"https:\/\/hubsch-interior.com\/da\/#\/schema\/logo\/image\/\"}}]}<\/script>\n<!-- \/ Yoast SEO plugin. -->","yoast_head_json":{"title":"Sen Senget\u00e6ppe Sand - H\u00fcbsch","description":"Elegance, syet med intention. Sen Plaid i rolige sandtoner tilf\u00f8rer diskret raffinement til dit hjem med sin h\u00e5ndquiltede tekstur og omhyggeligt","robots":{"index":"index","follow":"follow","max-snippet":"max-snippet:-1","max-image-preview":"max-image-preview:large","max-video-preview":"max-video-preview:-1"},"canonical":"https:\/\/hubsch-interior.com\/da\/wp-json\/wp\/v2\/product\/1078458","og_locale":"da_DK","og_type":"article","og_title":"Sen Senget\u00e6ppe Sand - H\u00fcbsch","og_description":"Elegance, syet med intention. Sen Plaid i rolige sandtoner tilf\u00f8rer diskret raffinement til dit hjem med sin h\u00e5ndquiltede tekstur og omhyggeligt","og_url":"https:\/\/hubsch-interior.com\/da\/vare\/sen-sengetaeppe-sand\/","og_site_name":"H\u00fcbsch","article_modified_time":"2026-04-05T02:43:25+00:00","og_image":[{"width":1200,"height":1200,"url":"https:\/\/hubsch-interior.com\/wp-content\/uploads\/2026\/01\/sen-bedspread-sand-6cacf0bbcc22ffece4d6bef63a4a0a39.jpg","type":"image\/jpeg"}],"twitter_card":"summary_large_image","schema":{"@context":"https:\/\/schema.org","@graph":[{"@type":"WebPage","@id":"https:\/\/hubsch-interior.com\/da\/vare\/sen-sengetaeppe-sand\/","url":"https:\/\/hubsch-interior.com\/da\/vare\/sen-sengetaeppe-sand\/","name":"Sen Senget\u00e6ppe Sand - H\u00fcbsch","isPartOf":{"@id":"https:\/\/hubsch-interior.com\/da\/#website"},"primaryImageOfPage":{"@id":"https:\/\/hubsch-interior.com\/da\/vare\/sen-sengetaeppe-sand\/#primaryimage"},"image":{"@id":"https:\/\/hubsch-interior.com\/da\/vare\/sen-sengetaeppe-sand\/#primaryimage"},"thumbnailUrl":"https:\/\/hubsch-interior.com\/wp-content\/uploads\/2026\/02\/sen-bedspread-sand-8e706c18b1eaded563cd3594d09e530e.jpg","datePublished":"2026-01-10T03:01:19+00:00","dateModified":"2026-04-05T02:43:25+00:00","description":"Elegance, syet med intention. Sen Plaid i rolige sandtoner tilf\u00f8rer diskret raffinement til dit hjem med sin h\u00e5ndquiltede tekstur og omhyggeligt","breadcrumb":{"@id":"https:\/\/hubsch-interior.com\/da\/vare\/sen-sengetaeppe-sand\/#breadcrumb"},"inLanguage":"da-DK","potentialAction":[{"@type":"ReadAction","target":["https:\/\/hubsch-interior.com\/da\/vare\/sen-sengetaeppe-sand\/"]}]},{"@type":"ImageObject","inLanguage":"da-DK","@id":"https:\/\/hubsch-interior.com\/da\/vare\/sen-sengetaeppe-sand\/#primaryimage","url":"https:\/\/hubsch-interior.com\/wp-content\/uploads\/2026\/02\/sen-bedspread-sand-8e706c18b1eaded563cd3594d09e530e.jpg","contentUrl":"https:\/\/hubsch-interior.com\/wp-content\/uploads\/2026\/02\/sen-bedspread-sand-8e706c18b1eaded563cd3594d09e530e.jpg","width":1024,"height":1024},{"@type":"BreadcrumbList","@id":"https:\/\/hubsch-interior.com\/da\/vare\/sen-sengetaeppe-sand\/#breadcrumb","itemListElement":[{"@type":"ListItem","position":1,"name":"Forside","item":"https:\/\/hubsch-interior.com\/da\/"},{"@type":"ListItem","position":2,"name":"Produkter","item":"https:\/\/hubsch-interior.com\/da\/produkter\/"},{"@type":"ListItem","position":3,"name":"Sen Senget\u00e6ppe Sand"}]},{"@type":"WebSite","@id":"https:\/\/hubsch-interior.com\/da\/#website","url":"https:\/\/hubsch-interior.com\/da\/","name":"H\u00fcbsch","description":"Danish Home Interior and Design","publisher":{"@id":"https:\/\/hubsch-interior.com\/da\/#organization"},"potentialAction":[{"@type":"SearchAction","target":{"@type":"EntryPoint","urlTemplate":"https:\/\/hubsch-interior.com\/da\/?s={search_term_string}"},"query-input":{"@type":"PropertyValueSpecification","valueRequired":true,"valueName":"search_term_string"}}],"inLanguage":"da-DK"},{"@type":"Organization","@id":"https:\/\/hubsch-interior.com\/da\/#organization","name":"H\u00fcbsch","url":"https:\/\/hubsch-interior.com\/da\/","logo":{"@type":"ImageObject","inLanguage":"da-DK","@id":"https:\/\/hubsch-interior.com\/da\/#\/schema\/logo\/image\/","url":"https:\/\/hubsch-interior.com\/wp-content\/uploads\/2022\/12\/Hubsch_logo_black_one_line.svg","contentUrl":"https:\/\/hubsch-interior.com\/wp-content\/uploads\/2022\/12\/Hubsch_logo_black_one_line.svg","caption":"H\u00fcbsch"},"image":{"@id":"https:\/\/hubsch-interior.com\/da\/#\/schema\/logo\/image\/"}}]}},"_links":{"self":[{"href":"https:\/\/hubsch-interior.com\/da\/wp-json\/wp\/v2\/product\/1078458","targetHints":{"allow":["GET"]}}],"collection":[{"href":"https:\/\/hubsch-interior.com\/da\/wp-json\/wp\/v2\/product"}],"about":[{"href":"https:\/\/hubsch-interior.com\/da\/wp-json\/wp\/v2\/types\/product"}],"wp:featuredmedia":[{"embeddable":true,"href":"https:\/\/hubsch-interior.com\/da\/wp-json\/wp\/v2\/media\/1100579"}],"wp:attachment":[{"href":"https:\/\/hubsch-interior.com\/da\/wp-json\/wp\/v2\/media?parent=1078458"}],"wp:term":[{"taxonomy":"product_brand","embeddable":true,"href":"https:\/\/hubsch-interior.com\/da\/wp-json\/wp\/v2\/product_brand?post=1078458"},{"taxonomy":"product_cat","embeddable":true,"href":"https:\/\/hubsch-interior.com\/da\/wp-json\/wp\/v2\/product_cat?post=1078458"},{"taxonomy":"product_tag","embeddable":true,"href":"https:\/\/hubsch-interior.com\/da\/wp-json\/wp\/v2\/product_tag?post=1078458"}],"curies":[{"name":"wp","href":"https:\/\/api.w.org\/{rel}","templated":true}]}}