{"id":1078474,"date":"2026-01-10T04:01:30","date_gmt":"2026-01-10T03:01:30","guid":{"rendered":"https:\/\/hubsch-interior.com\/product\/product\/"},"modified":"2026-04-05T04:43:30","modified_gmt":"2026-04-05T02:43:30","slug":"sen-sengetaeppe-morkebla","status":"publish","type":"product","link":"https:\/\/hubsch-interior.com\/da\/vare\/sen-sengetaeppe-morkebla\/","title":{"rendered":"Sen Senget\u00e6ppe M\u00f8rkebl\u00e5"},"content":{"rendered":"<p>Dybde, detaljerigdom og hverdagsluksus. Sen Plaid i m\u00f8rkebl\u00e5 fremviser uds\u00f8gt h\u00e5ndquiltet h\u00e5ndv\u00e6rk, bragt til live gennem dristige farvekontraster og grafisk rytme. Den er en af to elegante varianter og er fremstillet af OEKO-TEX\u00ae STANDARD 100 certificeret bomuld, som giver en bl\u00f8d, sikker fornemmelse, der holder. Brug den til at tilf\u00f8je lag af tekstur til din seng eller til at omdanne dit rum til et roligt, hyggeligt tilflugtssted. Et gener\u00f8st omslag af komfort \u2014 skabt for at blive v\u00e6rdsat, givet som gave, eller helt og holdent beholdt for dig selv.<\/p>\n","protected":false},"excerpt":{"rendered":"<p>Dybde, detaljerigdom og hverdagsluksus. Sen Plaid i m\u00f8rkebl\u00e5 fremviser uds\u00f8gt h\u00e5ndquiltet h\u00e5ndv\u00e6rk, bragt til live gennem dristige farvekontraster og grafisk rytme. Den er en af to elegante varianter og er fremstillet af OEKO-TEX\u00ae STANDARD 100 certificeret bomuld, som giver en bl\u00f8d, sikker fornemmelse, der holder. Brug den til at tilf\u00f8je lag af tekstur til din [&hellip;]<\/p>\n","protected":false},"featured_media":1100591,"template":"","meta":{"_acf_changed":false,"inline_featured_image":false},"product_brand":[],"product_cat":[7153,3000,4941,6362,5045],"product_tag":[],"class_list":{"0":"post-1078474","1":"product","2":"type-product","3":"status-publish","4":"has-post-thumbnail","6":"product_cat-dweller-da","7":"product_cat-tekstiler","8":"product_cat-plaider-da","9":"product_cat-sengetaepper-da","10":"product_cat-nyheder-da","11":"product_shipping_class-pk","13":"pa_color-mrkebl","14":"pa_material-cotton-100-da","16":"first","17":"instock","18":"taxable","19":"shipping-taxable","20":"purchasable","21":"product-type-simple"},"exclude_global_add_ons":[],"addons":[],"acf":[],"yoast_head":"<!-- This site is optimized with the Yoast SEO plugin v26.4 - https:\/\/yoast.com\/wordpress\/plugins\/seo\/ -->\n<title>Sen Senget\u00e6ppe M\u00f8rkebl\u00e5 - H\u00fcbsch<\/title>\n<meta name=\"description\" content=\"Dybde, detaljerigdom og hverdagsluksus. Sen Plaid i m\u00f8rkebl\u00e5 fremviser uds\u00f8gt h\u00e5ndquiltet h\u00e5ndv\u00e6rk, bragt til live gennem dristige farvekontraster og\" \/>\n<meta name=\"robots\" content=\"index, follow, max-snippet:-1, max-image-preview:large, max-video-preview:-1\" \/>\n<link rel=\"canonical\" href=\"https:\/\/hubsch-interior.com\/da\/wp-json\/wp\/v2\/product\/1078474\" \/>\n<meta property=\"og:locale\" content=\"da_DK\" \/>\n<meta property=\"og:type\" content=\"article\" \/>\n<meta property=\"og:title\" content=\"Sen Senget\u00e6ppe M\u00f8rkebl\u00e5 - H\u00fcbsch\" \/>\n<meta property=\"og:description\" content=\"Dybde, detaljerigdom og hverdagsluksus. Sen Plaid i m\u00f8rkebl\u00e5 fremviser uds\u00f8gt h\u00e5ndquiltet h\u00e5ndv\u00e6rk, bragt til live gennem dristige farvekontraster og\" \/>\n<meta property=\"og:url\" content=\"https:\/\/hubsch-interior.com\/da\/vare\/sen-sengetaeppe-morkebla\/\" \/>\n<meta property=\"og:site_name\" content=\"H\u00fcbsch\" \/>\n<meta property=\"article:modified_time\" content=\"2026-04-05T02:43:30+00:00\" \/>\n<meta property=\"og:image\" content=\"https:\/\/hubsch-interior.com\/wp-content\/uploads\/2026\/01\/sen-bedspread-dark-blue-4fef49bbd3b51cef82436b5a2dd02717.jpg\" \/>\n\t<meta property=\"og:image:width\" content=\"1200\" \/>\n\t<meta property=\"og:image:height\" content=\"1200\" \/>\n\t<meta property=\"og:image:type\" content=\"image\/jpeg\" \/>\n<meta name=\"twitter:card\" content=\"summary_large_image\" \/>\n<script type=\"application\/ld+json\" class=\"yoast-schema-graph\">{\"@context\":\"https:\/\/schema.org\",\"@graph\":[{\"@type\":\"WebPage\",\"@id\":\"https:\/\/hubsch-interior.com\/da\/vare\/sen-sengetaeppe-morkebla\/\",\"url\":\"https:\/\/hubsch-interior.com\/da\/vare\/sen-sengetaeppe-morkebla\/\",\"name\":\"Sen Senget\u00e6ppe M\u00f8rkebl\u00e5 - H\u00fcbsch\",\"isPartOf\":{\"@id\":\"https:\/\/hubsch-interior.com\/da\/#website\"},\"primaryImageOfPage\":{\"@id\":\"https:\/\/hubsch-interior.com\/da\/vare\/sen-sengetaeppe-morkebla\/#primaryimage\"},\"image\":{\"@id\":\"https:\/\/hubsch-interior.com\/da\/vare\/sen-sengetaeppe-morkebla\/#primaryimage\"},\"thumbnailUrl\":\"https:\/\/hubsch-interior.com\/wp-content\/uploads\/2026\/02\/sen-bedspread-dark-blue-21223027cb37e8b55408b6c07b21cd9a.jpg\",\"datePublished\":\"2026-01-10T03:01:30+00:00\",\"dateModified\":\"2026-04-05T02:43:30+00:00\",\"description\":\"Dybde, detaljerigdom og hverdagsluksus. Sen Plaid i m\u00f8rkebl\u00e5 fremviser uds\u00f8gt h\u00e5ndquiltet h\u00e5ndv\u00e6rk, bragt til live gennem dristige farvekontraster og\",\"breadcrumb\":{\"@id\":\"https:\/\/hubsch-interior.com\/da\/vare\/sen-sengetaeppe-morkebla\/#breadcrumb\"},\"inLanguage\":\"da-DK\",\"potentialAction\":[{\"@type\":\"ReadAction\",\"target\":[\"https:\/\/hubsch-interior.com\/da\/vare\/sen-sengetaeppe-morkebla\/\"]}]},{\"@type\":\"ImageObject\",\"inLanguage\":\"da-DK\",\"@id\":\"https:\/\/hubsch-interior.com\/da\/vare\/sen-sengetaeppe-morkebla\/#primaryimage\",\"url\":\"https:\/\/hubsch-interior.com\/wp-content\/uploads\/2026\/02\/sen-bedspread-dark-blue-21223027cb37e8b55408b6c07b21cd9a.jpg\",\"contentUrl\":\"https:\/\/hubsch-interior.com\/wp-content\/uploads\/2026\/02\/sen-bedspread-dark-blue-21223027cb37e8b55408b6c07b21cd9a.jpg\",\"width\":1024,\"height\":1024},{\"@type\":\"BreadcrumbList\",\"@id\":\"https:\/\/hubsch-interior.com\/da\/vare\/sen-sengetaeppe-morkebla\/#breadcrumb\",\"itemListElement\":[{\"@type\":\"ListItem\",\"position\":1,\"name\":\"Forside\",\"item\":\"https:\/\/hubsch-interior.com\/da\/\"},{\"@type\":\"ListItem\",\"position\":2,\"name\":\"Produkter\",\"item\":\"https:\/\/hubsch-interior.com\/da\/produkter\/\"},{\"@type\":\"ListItem\",\"position\":3,\"name\":\"Sen Senget\u00e6ppe M\u00f8rkebl\u00e5\"}]},{\"@type\":\"WebSite\",\"@id\":\"https:\/\/hubsch-interior.com\/da\/#website\",\"url\":\"https:\/\/hubsch-interior.com\/da\/\",\"name\":\"H\u00fcbsch\",\"description\":\"Danish Home Interior and Design\",\"publisher\":{\"@id\":\"https:\/\/hubsch-interior.com\/da\/#organization\"},\"potentialAction\":[{\"@type\":\"SearchAction\",\"target\":{\"@type\":\"EntryPoint\",\"urlTemplate\":\"https:\/\/hubsch-interior.com\/da\/?s={search_term_string}\"},\"query-input\":{\"@type\":\"PropertyValueSpecification\",\"valueRequired\":true,\"valueName\":\"search_term_string\"}}],\"inLanguage\":\"da-DK\"},{\"@type\":\"Organization\",\"@id\":\"https:\/\/hubsch-interior.com\/da\/#organization\",\"name\":\"H\u00fcbsch\",\"url\":\"https:\/\/hubsch-interior.com\/da\/\",\"logo\":{\"@type\":\"ImageObject\",\"inLanguage\":\"da-DK\",\"@id\":\"https:\/\/hubsch-interior.com\/da\/#\/schema\/logo\/image\/\",\"url\":\"https:\/\/hubsch-interior.com\/wp-content\/uploads\/2022\/12\/Hubsch_logo_black_one_line.svg\",\"contentUrl\":\"https:\/\/hubsch-interior.com\/wp-content\/uploads\/2022\/12\/Hubsch_logo_black_one_line.svg\",\"caption\":\"H\u00fcbsch\"},\"image\":{\"@id\":\"https:\/\/hubsch-interior.com\/da\/#\/schema\/logo\/image\/\"}}]}<\/script>\n<!-- \/ Yoast SEO plugin. -->","yoast_head_json":{"title":"Sen Senget\u00e6ppe M\u00f8rkebl\u00e5 - H\u00fcbsch","description":"Dybde, detaljerigdom og hverdagsluksus. Sen Plaid i m\u00f8rkebl\u00e5 fremviser uds\u00f8gt h\u00e5ndquiltet h\u00e5ndv\u00e6rk, bragt til live gennem dristige farvekontraster og","robots":{"index":"index","follow":"follow","max-snippet":"max-snippet:-1","max-image-preview":"max-image-preview:large","max-video-preview":"max-video-preview:-1"},"canonical":"https:\/\/hubsch-interior.com\/da\/wp-json\/wp\/v2\/product\/1078474","og_locale":"da_DK","og_type":"article","og_title":"Sen Senget\u00e6ppe M\u00f8rkebl\u00e5 - H\u00fcbsch","og_description":"Dybde, detaljerigdom og hverdagsluksus. Sen Plaid i m\u00f8rkebl\u00e5 fremviser uds\u00f8gt h\u00e5ndquiltet h\u00e5ndv\u00e6rk, bragt til live gennem dristige farvekontraster og","og_url":"https:\/\/hubsch-interior.com\/da\/vare\/sen-sengetaeppe-morkebla\/","og_site_name":"H\u00fcbsch","article_modified_time":"2026-04-05T02:43:30+00:00","og_image":[{"width":1200,"height":1200,"url":"https:\/\/hubsch-interior.com\/wp-content\/uploads\/2026\/01\/sen-bedspread-dark-blue-4fef49bbd3b51cef82436b5a2dd02717.jpg","type":"image\/jpeg"}],"twitter_card":"summary_large_image","schema":{"@context":"https:\/\/schema.org","@graph":[{"@type":"WebPage","@id":"https:\/\/hubsch-interior.com\/da\/vare\/sen-sengetaeppe-morkebla\/","url":"https:\/\/hubsch-interior.com\/da\/vare\/sen-sengetaeppe-morkebla\/","name":"Sen Senget\u00e6ppe M\u00f8rkebl\u00e5 - H\u00fcbsch","isPartOf":{"@id":"https:\/\/hubsch-interior.com\/da\/#website"},"primaryImageOfPage":{"@id":"https:\/\/hubsch-interior.com\/da\/vare\/sen-sengetaeppe-morkebla\/#primaryimage"},"image":{"@id":"https:\/\/hubsch-interior.com\/da\/vare\/sen-sengetaeppe-morkebla\/#primaryimage"},"thumbnailUrl":"https:\/\/hubsch-interior.com\/wp-content\/uploads\/2026\/02\/sen-bedspread-dark-blue-21223027cb37e8b55408b6c07b21cd9a.jpg","datePublished":"2026-01-10T03:01:30+00:00","dateModified":"2026-04-05T02:43:30+00:00","description":"Dybde, detaljerigdom og hverdagsluksus. Sen Plaid i m\u00f8rkebl\u00e5 fremviser uds\u00f8gt h\u00e5ndquiltet h\u00e5ndv\u00e6rk, bragt til live gennem dristige farvekontraster og","breadcrumb":{"@id":"https:\/\/hubsch-interior.com\/da\/vare\/sen-sengetaeppe-morkebla\/#breadcrumb"},"inLanguage":"da-DK","potentialAction":[{"@type":"ReadAction","target":["https:\/\/hubsch-interior.com\/da\/vare\/sen-sengetaeppe-morkebla\/"]}]},{"@type":"ImageObject","inLanguage":"da-DK","@id":"https:\/\/hubsch-interior.com\/da\/vare\/sen-sengetaeppe-morkebla\/#primaryimage","url":"https:\/\/hubsch-interior.com\/wp-content\/uploads\/2026\/02\/sen-bedspread-dark-blue-21223027cb37e8b55408b6c07b21cd9a.jpg","contentUrl":"https:\/\/hubsch-interior.com\/wp-content\/uploads\/2026\/02\/sen-bedspread-dark-blue-21223027cb37e8b55408b6c07b21cd9a.jpg","width":1024,"height":1024},{"@type":"BreadcrumbList","@id":"https:\/\/hubsch-interior.com\/da\/vare\/sen-sengetaeppe-morkebla\/#breadcrumb","itemListElement":[{"@type":"ListItem","position":1,"name":"Forside","item":"https:\/\/hubsch-interior.com\/da\/"},{"@type":"ListItem","position":2,"name":"Produkter","item":"https:\/\/hubsch-interior.com\/da\/produkter\/"},{"@type":"ListItem","position":3,"name":"Sen Senget\u00e6ppe M\u00f8rkebl\u00e5"}]},{"@type":"WebSite","@id":"https:\/\/hubsch-interior.com\/da\/#website","url":"https:\/\/hubsch-interior.com\/da\/","name":"H\u00fcbsch","description":"Danish Home Interior and Design","publisher":{"@id":"https:\/\/hubsch-interior.com\/da\/#organization"},"potentialAction":[{"@type":"SearchAction","target":{"@type":"EntryPoint","urlTemplate":"https:\/\/hubsch-interior.com\/da\/?s={search_term_string}"},"query-input":{"@type":"PropertyValueSpecification","valueRequired":true,"valueName":"search_term_string"}}],"inLanguage":"da-DK"},{"@type":"Organization","@id":"https:\/\/hubsch-interior.com\/da\/#organization","name":"H\u00fcbsch","url":"https:\/\/hubsch-interior.com\/da\/","logo":{"@type":"ImageObject","inLanguage":"da-DK","@id":"https:\/\/hubsch-interior.com\/da\/#\/schema\/logo\/image\/","url":"https:\/\/hubsch-interior.com\/wp-content\/uploads\/2022\/12\/Hubsch_logo_black_one_line.svg","contentUrl":"https:\/\/hubsch-interior.com\/wp-content\/uploads\/2022\/12\/Hubsch_logo_black_one_line.svg","caption":"H\u00fcbsch"},"image":{"@id":"https:\/\/hubsch-interior.com\/da\/#\/schema\/logo\/image\/"}}]}},"_links":{"self":[{"href":"https:\/\/hubsch-interior.com\/da\/wp-json\/wp\/v2\/product\/1078474","targetHints":{"allow":["GET"]}}],"collection":[{"href":"https:\/\/hubsch-interior.com\/da\/wp-json\/wp\/v2\/product"}],"about":[{"href":"https:\/\/hubsch-interior.com\/da\/wp-json\/wp\/v2\/types\/product"}],"wp:featuredmedia":[{"embeddable":true,"href":"https:\/\/hubsch-interior.com\/da\/wp-json\/wp\/v2\/media\/1100591"}],"wp:attachment":[{"href":"https:\/\/hubsch-interior.com\/da\/wp-json\/wp\/v2\/media?parent=1078474"}],"wp:term":[{"taxonomy":"product_brand","embeddable":true,"href":"https:\/\/hubsch-interior.com\/da\/wp-json\/wp\/v2\/product_brand?post=1078474"},{"taxonomy":"product_cat","embeddable":true,"href":"https:\/\/hubsch-interior.com\/da\/wp-json\/wp\/v2\/product_cat?post=1078474"},{"taxonomy":"product_tag","embeddable":true,"href":"https:\/\/hubsch-interior.com\/da\/wp-json\/wp\/v2\/product_tag?post=1078474"}],"curies":[{"name":"wp","href":"https:\/\/api.w.org\/{rel}","templated":true}]}}