{"id":1078486,"date":"2026-01-10T04:01:39","date_gmt":"2026-01-10T03:01:39","guid":{"rendered":"https:\/\/hubsch-interior.com\/product\/product\/"},"modified":"2026-04-05T04:43:34","modified_gmt":"2026-04-05T02:43:34","slug":"flim-taeppe-bla","status":"publish","type":"product","link":"https:\/\/hubsch-interior.com\/da\/vare\/flim-taeppe-bla\/","title":{"rendered":"Flim T\u00e6ppe Bl\u00e5"},"content":{"rendered":"<p>Forankret i ro, oplyst med farve. Flim T\u00e6ppet i dybbl\u00e5 tilf\u00f8rer en stille legesind til dit rum, med bl\u00e5gr\u00f8nne accenter der skifter blidt med lyset. V\u00e6vet af OEKO-TEX\u00ae STANDARD 100 certificeret bomuld, er det bl\u00f8dt under f\u00f8dderne og sikkert til daglig brug. Dets omhyggeligt afbalancerede farvepalet indg\u00e5r ubesv\u00e6ret i en r\u00e6kke interi\u00f8rer og tilbyder b\u00e5de harmoni og personlighed. Uanset om det bruges som en l\u00f8ber i gangen eller som et dekorativt element, bringer det varme, tekstur og et subtilt strejf af karakter.<\/p>\n","protected":false},"excerpt":{"rendered":"<p>Forankret i ro, oplyst med farve. Flim T\u00e6ppet i dybbl\u00e5 tilf\u00f8rer en stille legesind til dit rum, med bl\u00e5gr\u00f8nne accenter der skifter blidt med lyset. V\u00e6vet af OEKO-TEX\u00ae STANDARD 100 certificeret bomuld, er det bl\u00f8dt under f\u00f8dderne og sikkert til daglig brug. Dets omhyggeligt afbalancerede farvepalet indg\u00e5r ubesv\u00e6ret i en r\u00e6kke interi\u00f8rer og tilbyder b\u00e5de [&hellip;]<\/p>\n","protected":false},"featured_media":1100607,"template":"","meta":{"_acf_changed":false,"inline_featured_image":false},"product_brand":[],"product_cat":[7153,5045,3323,3000],"product_tag":[],"class_list":{"0":"post-1078486","1":"product","2":"type-product","3":"status-publish","4":"has-post-thumbnail","6":"product_cat-dweller-da","7":"product_cat-nyheder-da","8":"product_cat-taepper-da","9":"product_cat-tekstiler","10":"product_shipping_class-pk","12":"pa_color-bl","13":"pa_material-cotton-100-da","15":"first","16":"instock","17":"taxable","18":"shipping-taxable","19":"purchasable","20":"product-type-simple"},"exclude_global_add_ons":[],"addons":[],"acf":[],"yoast_head":"<!-- This site is optimized with the Yoast SEO plugin v26.4 - https:\/\/yoast.com\/wordpress\/plugins\/seo\/ -->\n<title>Flim T\u00e6ppe Bl\u00e5 - H\u00fcbsch<\/title>\n<meta name=\"description\" content=\"Forankret i ro, oplyst med farve. Flim T\u00e6ppet i dybbl\u00e5 tilf\u00f8rer en stille legesind til dit rum, med bl\u00e5gr\u00f8nne accenter der skifter blidt med lyset. V\u00e6vet\" \/>\n<meta name=\"robots\" content=\"index, follow, max-snippet:-1, max-image-preview:large, max-video-preview:-1\" \/>\n<link rel=\"canonical\" href=\"https:\/\/hubsch-interior.com\/da\/wp-json\/wp\/v2\/product\/1078486\" \/>\n<meta property=\"og:locale\" content=\"da_DK\" \/>\n<meta property=\"og:type\" content=\"article\" \/>\n<meta property=\"og:title\" content=\"Flim T\u00e6ppe Bl\u00e5 - H\u00fcbsch\" \/>\n<meta property=\"og:description\" content=\"Forankret i ro, oplyst med farve. Flim T\u00e6ppet i dybbl\u00e5 tilf\u00f8rer en stille legesind til dit rum, med bl\u00e5gr\u00f8nne accenter der skifter blidt med lyset. V\u00e6vet\" \/>\n<meta property=\"og:url\" content=\"https:\/\/hubsch-interior.com\/da\/vare\/flim-taeppe-bla\/\" \/>\n<meta property=\"og:site_name\" content=\"H\u00fcbsch\" \/>\n<meta property=\"article:modified_time\" content=\"2026-04-05T02:43:34+00:00\" \/>\n<meta property=\"og:image\" content=\"https:\/\/hubsch-interior.com\/wp-content\/uploads\/2026\/01\/flim-rug-blue-c0244e84961aa364a8409d35455143e1.jpg\" \/>\n\t<meta property=\"og:image:width\" content=\"1200\" \/>\n\t<meta property=\"og:image:height\" content=\"1200\" \/>\n\t<meta property=\"og:image:type\" content=\"image\/jpeg\" \/>\n<meta name=\"twitter:card\" content=\"summary_large_image\" \/>\n<script type=\"application\/ld+json\" class=\"yoast-schema-graph\">{\"@context\":\"https:\/\/schema.org\",\"@graph\":[{\"@type\":\"WebPage\",\"@id\":\"https:\/\/hubsch-interior.com\/da\/vare\/flim-taeppe-bla\/\",\"url\":\"https:\/\/hubsch-interior.com\/da\/vare\/flim-taeppe-bla\/\",\"name\":\"Flim T\u00e6ppe Bl\u00e5 - H\u00fcbsch\",\"isPartOf\":{\"@id\":\"https:\/\/hubsch-interior.com\/da\/#website\"},\"primaryImageOfPage\":{\"@id\":\"https:\/\/hubsch-interior.com\/da\/vare\/flim-taeppe-bla\/#primaryimage\"},\"image\":{\"@id\":\"https:\/\/hubsch-interior.com\/da\/vare\/flim-taeppe-bla\/#primaryimage\"},\"thumbnailUrl\":\"https:\/\/hubsch-interior.com\/wp-content\/uploads\/2026\/02\/flim-rug-blue-b75cf16017eefea5241fd7a37b9ad650.jpg\",\"datePublished\":\"2026-01-10T03:01:39+00:00\",\"dateModified\":\"2026-04-05T02:43:34+00:00\",\"description\":\"Forankret i ro, oplyst med farve. Flim T\u00e6ppet i dybbl\u00e5 tilf\u00f8rer en stille legesind til dit rum, med bl\u00e5gr\u00f8nne accenter der skifter blidt med lyset. V\u00e6vet\",\"breadcrumb\":{\"@id\":\"https:\/\/hubsch-interior.com\/da\/vare\/flim-taeppe-bla\/#breadcrumb\"},\"inLanguage\":\"da-DK\",\"potentialAction\":[{\"@type\":\"ReadAction\",\"target\":[\"https:\/\/hubsch-interior.com\/da\/vare\/flim-taeppe-bla\/\"]}]},{\"@type\":\"ImageObject\",\"inLanguage\":\"da-DK\",\"@id\":\"https:\/\/hubsch-interior.com\/da\/vare\/flim-taeppe-bla\/#primaryimage\",\"url\":\"https:\/\/hubsch-interior.com\/wp-content\/uploads\/2026\/02\/flim-rug-blue-b75cf16017eefea5241fd7a37b9ad650.jpg\",\"contentUrl\":\"https:\/\/hubsch-interior.com\/wp-content\/uploads\/2026\/02\/flim-rug-blue-b75cf16017eefea5241fd7a37b9ad650.jpg\",\"width\":1024,\"height\":1024},{\"@type\":\"BreadcrumbList\",\"@id\":\"https:\/\/hubsch-interior.com\/da\/vare\/flim-taeppe-bla\/#breadcrumb\",\"itemListElement\":[{\"@type\":\"ListItem\",\"position\":1,\"name\":\"Forside\",\"item\":\"https:\/\/hubsch-interior.com\/da\/\"},{\"@type\":\"ListItem\",\"position\":2,\"name\":\"Produkter\",\"item\":\"https:\/\/hubsch-interior.com\/da\/produkter\/\"},{\"@type\":\"ListItem\",\"position\":3,\"name\":\"Flim T\u00e6ppe Bl\u00e5\"}]},{\"@type\":\"WebSite\",\"@id\":\"https:\/\/hubsch-interior.com\/da\/#website\",\"url\":\"https:\/\/hubsch-interior.com\/da\/\",\"name\":\"H\u00fcbsch\",\"description\":\"Danish Home Interior and Design\",\"publisher\":{\"@id\":\"https:\/\/hubsch-interior.com\/da\/#organization\"},\"potentialAction\":[{\"@type\":\"SearchAction\",\"target\":{\"@type\":\"EntryPoint\",\"urlTemplate\":\"https:\/\/hubsch-interior.com\/da\/?s={search_term_string}\"},\"query-input\":{\"@type\":\"PropertyValueSpecification\",\"valueRequired\":true,\"valueName\":\"search_term_string\"}}],\"inLanguage\":\"da-DK\"},{\"@type\":\"Organization\",\"@id\":\"https:\/\/hubsch-interior.com\/da\/#organization\",\"name\":\"H\u00fcbsch\",\"url\":\"https:\/\/hubsch-interior.com\/da\/\",\"logo\":{\"@type\":\"ImageObject\",\"inLanguage\":\"da-DK\",\"@id\":\"https:\/\/hubsch-interior.com\/da\/#\/schema\/logo\/image\/\",\"url\":\"https:\/\/hubsch-interior.com\/wp-content\/uploads\/2022\/12\/Hubsch_logo_black_one_line.svg\",\"contentUrl\":\"https:\/\/hubsch-interior.com\/wp-content\/uploads\/2022\/12\/Hubsch_logo_black_one_line.svg\",\"caption\":\"H\u00fcbsch\"},\"image\":{\"@id\":\"https:\/\/hubsch-interior.com\/da\/#\/schema\/logo\/image\/\"}}]}<\/script>\n<!-- \/ Yoast SEO plugin. -->","yoast_head_json":{"title":"Flim T\u00e6ppe Bl\u00e5 - H\u00fcbsch","description":"Forankret i ro, oplyst med farve. Flim T\u00e6ppet i dybbl\u00e5 tilf\u00f8rer en stille legesind til dit rum, med bl\u00e5gr\u00f8nne accenter der skifter blidt med lyset. V\u00e6vet","robots":{"index":"index","follow":"follow","max-snippet":"max-snippet:-1","max-image-preview":"max-image-preview:large","max-video-preview":"max-video-preview:-1"},"canonical":"https:\/\/hubsch-interior.com\/da\/wp-json\/wp\/v2\/product\/1078486","og_locale":"da_DK","og_type":"article","og_title":"Flim T\u00e6ppe Bl\u00e5 - H\u00fcbsch","og_description":"Forankret i ro, oplyst med farve. Flim T\u00e6ppet i dybbl\u00e5 tilf\u00f8rer en stille legesind til dit rum, med bl\u00e5gr\u00f8nne accenter der skifter blidt med lyset. V\u00e6vet","og_url":"https:\/\/hubsch-interior.com\/da\/vare\/flim-taeppe-bla\/","og_site_name":"H\u00fcbsch","article_modified_time":"2026-04-05T02:43:34+00:00","og_image":[{"width":1200,"height":1200,"url":"https:\/\/hubsch-interior.com\/wp-content\/uploads\/2026\/01\/flim-rug-blue-c0244e84961aa364a8409d35455143e1.jpg","type":"image\/jpeg"}],"twitter_card":"summary_large_image","schema":{"@context":"https:\/\/schema.org","@graph":[{"@type":"WebPage","@id":"https:\/\/hubsch-interior.com\/da\/vare\/flim-taeppe-bla\/","url":"https:\/\/hubsch-interior.com\/da\/vare\/flim-taeppe-bla\/","name":"Flim T\u00e6ppe Bl\u00e5 - H\u00fcbsch","isPartOf":{"@id":"https:\/\/hubsch-interior.com\/da\/#website"},"primaryImageOfPage":{"@id":"https:\/\/hubsch-interior.com\/da\/vare\/flim-taeppe-bla\/#primaryimage"},"image":{"@id":"https:\/\/hubsch-interior.com\/da\/vare\/flim-taeppe-bla\/#primaryimage"},"thumbnailUrl":"https:\/\/hubsch-interior.com\/wp-content\/uploads\/2026\/02\/flim-rug-blue-b75cf16017eefea5241fd7a37b9ad650.jpg","datePublished":"2026-01-10T03:01:39+00:00","dateModified":"2026-04-05T02:43:34+00:00","description":"Forankret i ro, oplyst med farve. Flim T\u00e6ppet i dybbl\u00e5 tilf\u00f8rer en stille legesind til dit rum, med bl\u00e5gr\u00f8nne accenter der skifter blidt med lyset. V\u00e6vet","breadcrumb":{"@id":"https:\/\/hubsch-interior.com\/da\/vare\/flim-taeppe-bla\/#breadcrumb"},"inLanguage":"da-DK","potentialAction":[{"@type":"ReadAction","target":["https:\/\/hubsch-interior.com\/da\/vare\/flim-taeppe-bla\/"]}]},{"@type":"ImageObject","inLanguage":"da-DK","@id":"https:\/\/hubsch-interior.com\/da\/vare\/flim-taeppe-bla\/#primaryimage","url":"https:\/\/hubsch-interior.com\/wp-content\/uploads\/2026\/02\/flim-rug-blue-b75cf16017eefea5241fd7a37b9ad650.jpg","contentUrl":"https:\/\/hubsch-interior.com\/wp-content\/uploads\/2026\/02\/flim-rug-blue-b75cf16017eefea5241fd7a37b9ad650.jpg","width":1024,"height":1024},{"@type":"BreadcrumbList","@id":"https:\/\/hubsch-interior.com\/da\/vare\/flim-taeppe-bla\/#breadcrumb","itemListElement":[{"@type":"ListItem","position":1,"name":"Forside","item":"https:\/\/hubsch-interior.com\/da\/"},{"@type":"ListItem","position":2,"name":"Produkter","item":"https:\/\/hubsch-interior.com\/da\/produkter\/"},{"@type":"ListItem","position":3,"name":"Flim T\u00e6ppe Bl\u00e5"}]},{"@type":"WebSite","@id":"https:\/\/hubsch-interior.com\/da\/#website","url":"https:\/\/hubsch-interior.com\/da\/","name":"H\u00fcbsch","description":"Danish Home Interior and Design","publisher":{"@id":"https:\/\/hubsch-interior.com\/da\/#organization"},"potentialAction":[{"@type":"SearchAction","target":{"@type":"EntryPoint","urlTemplate":"https:\/\/hubsch-interior.com\/da\/?s={search_term_string}"},"query-input":{"@type":"PropertyValueSpecification","valueRequired":true,"valueName":"search_term_string"}}],"inLanguage":"da-DK"},{"@type":"Organization","@id":"https:\/\/hubsch-interior.com\/da\/#organization","name":"H\u00fcbsch","url":"https:\/\/hubsch-interior.com\/da\/","logo":{"@type":"ImageObject","inLanguage":"da-DK","@id":"https:\/\/hubsch-interior.com\/da\/#\/schema\/logo\/image\/","url":"https:\/\/hubsch-interior.com\/wp-content\/uploads\/2022\/12\/Hubsch_logo_black_one_line.svg","contentUrl":"https:\/\/hubsch-interior.com\/wp-content\/uploads\/2022\/12\/Hubsch_logo_black_one_line.svg","caption":"H\u00fcbsch"},"image":{"@id":"https:\/\/hubsch-interior.com\/da\/#\/schema\/logo\/image\/"}}]}},"_links":{"self":[{"href":"https:\/\/hubsch-interior.com\/da\/wp-json\/wp\/v2\/product\/1078486","targetHints":{"allow":["GET"]}}],"collection":[{"href":"https:\/\/hubsch-interior.com\/da\/wp-json\/wp\/v2\/product"}],"about":[{"href":"https:\/\/hubsch-interior.com\/da\/wp-json\/wp\/v2\/types\/product"}],"wp:featuredmedia":[{"embeddable":true,"href":"https:\/\/hubsch-interior.com\/da\/wp-json\/wp\/v2\/media\/1100607"}],"wp:attachment":[{"href":"https:\/\/hubsch-interior.com\/da\/wp-json\/wp\/v2\/media?parent=1078486"}],"wp:term":[{"taxonomy":"product_brand","embeddable":true,"href":"https:\/\/hubsch-interior.com\/da\/wp-json\/wp\/v2\/product_brand?post=1078486"},{"taxonomy":"product_cat","embeddable":true,"href":"https:\/\/hubsch-interior.com\/da\/wp-json\/wp\/v2\/product_cat?post=1078486"},{"taxonomy":"product_tag","embeddable":true,"href":"https:\/\/hubsch-interior.com\/da\/wp-json\/wp\/v2\/product_tag?post=1078486"}],"curies":[{"name":"wp","href":"https:\/\/api.w.org\/{rel}","templated":true}]}}