{"id":1078506,"date":"2026-01-10T04:01:51","date_gmt":"2026-01-10T03:01:51","guid":{"rendered":"https:\/\/hubsch-interior.com\/product\/product\/"},"modified":"2026-04-05T04:43:37","modified_gmt":"2026-04-05T02:43:37","slug":"cottage-lober-brun","status":"publish","type":"product","link":"https:\/\/hubsch-interior.com\/da\/vare\/cottage-lober-brun\/","title":{"rendered":"Cottage L\u00f8ber Brun"},"content":{"rendered":"<p>Et bl\u00f8dt skridt ind i komforten. Cottage L\u00f8beren i dyb brun tilf\u00f8rer varme og karakter til dit rum med et markant grafisk m\u00f8nster, der tilf\u00f8jer diskrete farver og charme. Fremstillet af OEKO-TEX\u00ae STANDARD 100 certificeret bomuld, er den behagelig under f\u00f8dderne og omhyggeligt udformet til daglig brug. Perfekt til at lysne op i gangarealer eller indramme dit yndlingshj\u00f8rne. Denne l\u00f8ber g\u00f8r enhver entr\u00e9 hjemlig \u2014 med lidt ekstra sj\u00e6l i hvert skridt.<\/p>\n","protected":false},"excerpt":{"rendered":"<p>Et bl\u00f8dt skridt ind i komforten. Cottage L\u00f8beren i dyb brun tilf\u00f8rer varme og karakter til dit rum med et markant grafisk m\u00f8nster, der tilf\u00f8jer diskrete farver og charme. Fremstillet af OEKO-TEX\u00ae STANDARD 100 certificeret bomuld, er den behagelig under f\u00f8dderne og omhyggeligt udformet til daglig brug. Perfekt til at lysne op i gangarealer eller [&hellip;]<\/p>\n","protected":false},"featured_media":1100615,"template":"","meta":{"_acf_changed":false,"inline_featured_image":false},"product_brand":[],"product_cat":[7153,3000,3323,5045],"product_tag":[],"class_list":{"0":"post-1078506","1":"product","2":"type-product","3":"status-publish","4":"has-post-thumbnail","6":"product_cat-dweller-da","7":"product_cat-tekstiler","8":"product_cat-taepper-da","9":"product_cat-nyheder-da","10":"product_shipping_class-pk","12":"pa_color-brun","13":"pa_material-cotton-100-da","15":"first","16":"instock","17":"taxable","18":"shipping-taxable","19":"purchasable","20":"product-type-simple"},"exclude_global_add_ons":[],"addons":[],"acf":[],"yoast_head":"<!-- This site is optimized with the Yoast SEO plugin v26.4 - https:\/\/yoast.com\/wordpress\/plugins\/seo\/ -->\n<title>Cottage L\u00f8ber Brun - H\u00fcbsch<\/title>\n<meta name=\"description\" content=\"Et bl\u00f8dt skridt ind i komforten. Cottage L\u00f8beren i dyb brun tilf\u00f8rer varme og karakter til dit rum med et markant grafisk m\u00f8nster, der tilf\u00f8jer diskrete\" \/>\n<meta name=\"robots\" content=\"index, follow, max-snippet:-1, max-image-preview:large, max-video-preview:-1\" \/>\n<link rel=\"canonical\" href=\"https:\/\/hubsch-interior.com\/da\/wp-json\/wp\/v2\/product\/1078506\" \/>\n<meta property=\"og:locale\" content=\"da_DK\" \/>\n<meta property=\"og:type\" content=\"article\" \/>\n<meta property=\"og:title\" content=\"Cottage L\u00f8ber Brun - H\u00fcbsch\" \/>\n<meta property=\"og:description\" content=\"Et bl\u00f8dt skridt ind i komforten. Cottage L\u00f8beren i dyb brun tilf\u00f8rer varme og karakter til dit rum med et markant grafisk m\u00f8nster, der tilf\u00f8jer diskrete\" \/>\n<meta property=\"og:url\" content=\"https:\/\/hubsch-interior.com\/da\/vare\/cottage-lober-brun\/\" \/>\n<meta property=\"og:site_name\" content=\"H\u00fcbsch\" \/>\n<meta property=\"article:modified_time\" content=\"2026-04-05T02:43:37+00:00\" \/>\n<meta property=\"og:image\" content=\"https:\/\/hubsch-interior.com\/wp-content\/uploads\/2026\/01\/cottage-runner-brown-fdc2054f68bbf78cadd95d24afe16a40.jpg\" \/>\n\t<meta property=\"og:image:width\" content=\"1200\" \/>\n\t<meta property=\"og:image:height\" content=\"1200\" \/>\n\t<meta property=\"og:image:type\" content=\"image\/jpeg\" \/>\n<meta name=\"twitter:card\" content=\"summary_large_image\" \/>\n<script type=\"application\/ld+json\" class=\"yoast-schema-graph\">{\"@context\":\"https:\/\/schema.org\",\"@graph\":[{\"@type\":\"WebPage\",\"@id\":\"https:\/\/hubsch-interior.com\/da\/vare\/cottage-lober-brun\/\",\"url\":\"https:\/\/hubsch-interior.com\/da\/vare\/cottage-lober-brun\/\",\"name\":\"Cottage L\u00f8ber Brun - H\u00fcbsch\",\"isPartOf\":{\"@id\":\"https:\/\/hubsch-interior.com\/da\/#website\"},\"primaryImageOfPage\":{\"@id\":\"https:\/\/hubsch-interior.com\/da\/vare\/cottage-lober-brun\/#primaryimage\"},\"image\":{\"@id\":\"https:\/\/hubsch-interior.com\/da\/vare\/cottage-lober-brun\/#primaryimage\"},\"thumbnailUrl\":\"https:\/\/hubsch-interior.com\/wp-content\/uploads\/2026\/02\/cottage-runner-brown-f254053ec33b0ad7e983f5e99a13bed0.jpg\",\"datePublished\":\"2026-01-10T03:01:51+00:00\",\"dateModified\":\"2026-04-05T02:43:37+00:00\",\"description\":\"Et bl\u00f8dt skridt ind i komforten. Cottage L\u00f8beren i dyb brun tilf\u00f8rer varme og karakter til dit rum med et markant grafisk m\u00f8nster, der tilf\u00f8jer diskrete\",\"breadcrumb\":{\"@id\":\"https:\/\/hubsch-interior.com\/da\/vare\/cottage-lober-brun\/#breadcrumb\"},\"inLanguage\":\"da-DK\",\"potentialAction\":[{\"@type\":\"ReadAction\",\"target\":[\"https:\/\/hubsch-interior.com\/da\/vare\/cottage-lober-brun\/\"]}]},{\"@type\":\"ImageObject\",\"inLanguage\":\"da-DK\",\"@id\":\"https:\/\/hubsch-interior.com\/da\/vare\/cottage-lober-brun\/#primaryimage\",\"url\":\"https:\/\/hubsch-interior.com\/wp-content\/uploads\/2026\/02\/cottage-runner-brown-f254053ec33b0ad7e983f5e99a13bed0.jpg\",\"contentUrl\":\"https:\/\/hubsch-interior.com\/wp-content\/uploads\/2026\/02\/cottage-runner-brown-f254053ec33b0ad7e983f5e99a13bed0.jpg\",\"width\":1024,\"height\":1024},{\"@type\":\"BreadcrumbList\",\"@id\":\"https:\/\/hubsch-interior.com\/da\/vare\/cottage-lober-brun\/#breadcrumb\",\"itemListElement\":[{\"@type\":\"ListItem\",\"position\":1,\"name\":\"Forside\",\"item\":\"https:\/\/hubsch-interior.com\/da\/\"},{\"@type\":\"ListItem\",\"position\":2,\"name\":\"Produkter\",\"item\":\"https:\/\/hubsch-interior.com\/da\/produkter\/\"},{\"@type\":\"ListItem\",\"position\":3,\"name\":\"Cottage L\u00f8ber Brun\"}]},{\"@type\":\"WebSite\",\"@id\":\"https:\/\/hubsch-interior.com\/da\/#website\",\"url\":\"https:\/\/hubsch-interior.com\/da\/\",\"name\":\"H\u00fcbsch\",\"description\":\"Danish Home Interior and Design\",\"publisher\":{\"@id\":\"https:\/\/hubsch-interior.com\/da\/#organization\"},\"potentialAction\":[{\"@type\":\"SearchAction\",\"target\":{\"@type\":\"EntryPoint\",\"urlTemplate\":\"https:\/\/hubsch-interior.com\/da\/?s={search_term_string}\"},\"query-input\":{\"@type\":\"PropertyValueSpecification\",\"valueRequired\":true,\"valueName\":\"search_term_string\"}}],\"inLanguage\":\"da-DK\"},{\"@type\":\"Organization\",\"@id\":\"https:\/\/hubsch-interior.com\/da\/#organization\",\"name\":\"H\u00fcbsch\",\"url\":\"https:\/\/hubsch-interior.com\/da\/\",\"logo\":{\"@type\":\"ImageObject\",\"inLanguage\":\"da-DK\",\"@id\":\"https:\/\/hubsch-interior.com\/da\/#\/schema\/logo\/image\/\",\"url\":\"https:\/\/hubsch-interior.com\/wp-content\/uploads\/2022\/12\/Hubsch_logo_black_one_line.svg\",\"contentUrl\":\"https:\/\/hubsch-interior.com\/wp-content\/uploads\/2022\/12\/Hubsch_logo_black_one_line.svg\",\"caption\":\"H\u00fcbsch\"},\"image\":{\"@id\":\"https:\/\/hubsch-interior.com\/da\/#\/schema\/logo\/image\/\"}}]}<\/script>\n<!-- \/ Yoast SEO plugin. -->","yoast_head_json":{"title":"Cottage L\u00f8ber Brun - H\u00fcbsch","description":"Et bl\u00f8dt skridt ind i komforten. Cottage L\u00f8beren i dyb brun tilf\u00f8rer varme og karakter til dit rum med et markant grafisk m\u00f8nster, der tilf\u00f8jer diskrete","robots":{"index":"index","follow":"follow","max-snippet":"max-snippet:-1","max-image-preview":"max-image-preview:large","max-video-preview":"max-video-preview:-1"},"canonical":"https:\/\/hubsch-interior.com\/da\/wp-json\/wp\/v2\/product\/1078506","og_locale":"da_DK","og_type":"article","og_title":"Cottage L\u00f8ber Brun - H\u00fcbsch","og_description":"Et bl\u00f8dt skridt ind i komforten. Cottage L\u00f8beren i dyb brun tilf\u00f8rer varme og karakter til dit rum med et markant grafisk m\u00f8nster, der tilf\u00f8jer diskrete","og_url":"https:\/\/hubsch-interior.com\/da\/vare\/cottage-lober-brun\/","og_site_name":"H\u00fcbsch","article_modified_time":"2026-04-05T02:43:37+00:00","og_image":[{"width":1200,"height":1200,"url":"https:\/\/hubsch-interior.com\/wp-content\/uploads\/2026\/01\/cottage-runner-brown-fdc2054f68bbf78cadd95d24afe16a40.jpg","type":"image\/jpeg"}],"twitter_card":"summary_large_image","schema":{"@context":"https:\/\/schema.org","@graph":[{"@type":"WebPage","@id":"https:\/\/hubsch-interior.com\/da\/vare\/cottage-lober-brun\/","url":"https:\/\/hubsch-interior.com\/da\/vare\/cottage-lober-brun\/","name":"Cottage L\u00f8ber Brun - H\u00fcbsch","isPartOf":{"@id":"https:\/\/hubsch-interior.com\/da\/#website"},"primaryImageOfPage":{"@id":"https:\/\/hubsch-interior.com\/da\/vare\/cottage-lober-brun\/#primaryimage"},"image":{"@id":"https:\/\/hubsch-interior.com\/da\/vare\/cottage-lober-brun\/#primaryimage"},"thumbnailUrl":"https:\/\/hubsch-interior.com\/wp-content\/uploads\/2026\/02\/cottage-runner-brown-f254053ec33b0ad7e983f5e99a13bed0.jpg","datePublished":"2026-01-10T03:01:51+00:00","dateModified":"2026-04-05T02:43:37+00:00","description":"Et bl\u00f8dt skridt ind i komforten. Cottage L\u00f8beren i dyb brun tilf\u00f8rer varme og karakter til dit rum med et markant grafisk m\u00f8nster, der tilf\u00f8jer diskrete","breadcrumb":{"@id":"https:\/\/hubsch-interior.com\/da\/vare\/cottage-lober-brun\/#breadcrumb"},"inLanguage":"da-DK","potentialAction":[{"@type":"ReadAction","target":["https:\/\/hubsch-interior.com\/da\/vare\/cottage-lober-brun\/"]}]},{"@type":"ImageObject","inLanguage":"da-DK","@id":"https:\/\/hubsch-interior.com\/da\/vare\/cottage-lober-brun\/#primaryimage","url":"https:\/\/hubsch-interior.com\/wp-content\/uploads\/2026\/02\/cottage-runner-brown-f254053ec33b0ad7e983f5e99a13bed0.jpg","contentUrl":"https:\/\/hubsch-interior.com\/wp-content\/uploads\/2026\/02\/cottage-runner-brown-f254053ec33b0ad7e983f5e99a13bed0.jpg","width":1024,"height":1024},{"@type":"BreadcrumbList","@id":"https:\/\/hubsch-interior.com\/da\/vare\/cottage-lober-brun\/#breadcrumb","itemListElement":[{"@type":"ListItem","position":1,"name":"Forside","item":"https:\/\/hubsch-interior.com\/da\/"},{"@type":"ListItem","position":2,"name":"Produkter","item":"https:\/\/hubsch-interior.com\/da\/produkter\/"},{"@type":"ListItem","position":3,"name":"Cottage L\u00f8ber Brun"}]},{"@type":"WebSite","@id":"https:\/\/hubsch-interior.com\/da\/#website","url":"https:\/\/hubsch-interior.com\/da\/","name":"H\u00fcbsch","description":"Danish Home Interior and Design","publisher":{"@id":"https:\/\/hubsch-interior.com\/da\/#organization"},"potentialAction":[{"@type":"SearchAction","target":{"@type":"EntryPoint","urlTemplate":"https:\/\/hubsch-interior.com\/da\/?s={search_term_string}"},"query-input":{"@type":"PropertyValueSpecification","valueRequired":true,"valueName":"search_term_string"}}],"inLanguage":"da-DK"},{"@type":"Organization","@id":"https:\/\/hubsch-interior.com\/da\/#organization","name":"H\u00fcbsch","url":"https:\/\/hubsch-interior.com\/da\/","logo":{"@type":"ImageObject","inLanguage":"da-DK","@id":"https:\/\/hubsch-interior.com\/da\/#\/schema\/logo\/image\/","url":"https:\/\/hubsch-interior.com\/wp-content\/uploads\/2022\/12\/Hubsch_logo_black_one_line.svg","contentUrl":"https:\/\/hubsch-interior.com\/wp-content\/uploads\/2022\/12\/Hubsch_logo_black_one_line.svg","caption":"H\u00fcbsch"},"image":{"@id":"https:\/\/hubsch-interior.com\/da\/#\/schema\/logo\/image\/"}}]}},"_links":{"self":[{"href":"https:\/\/hubsch-interior.com\/da\/wp-json\/wp\/v2\/product\/1078506","targetHints":{"allow":["GET"]}}],"collection":[{"href":"https:\/\/hubsch-interior.com\/da\/wp-json\/wp\/v2\/product"}],"about":[{"href":"https:\/\/hubsch-interior.com\/da\/wp-json\/wp\/v2\/types\/product"}],"wp:featuredmedia":[{"embeddable":true,"href":"https:\/\/hubsch-interior.com\/da\/wp-json\/wp\/v2\/media\/1100615"}],"wp:attachment":[{"href":"https:\/\/hubsch-interior.com\/da\/wp-json\/wp\/v2\/media?parent=1078506"}],"wp:term":[{"taxonomy":"product_brand","embeddable":true,"href":"https:\/\/hubsch-interior.com\/da\/wp-json\/wp\/v2\/product_brand?post=1078506"},{"taxonomy":"product_cat","embeddable":true,"href":"https:\/\/hubsch-interior.com\/da\/wp-json\/wp\/v2\/product_cat?post=1078506"},{"taxonomy":"product_tag","embeddable":true,"href":"https:\/\/hubsch-interior.com\/da\/wp-json\/wp\/v2\/product_tag?post=1078506"}],"curies":[{"name":"wp","href":"https:\/\/api.w.org\/{rel}","templated":true}]}}