{"id":1078550,"date":"2026-01-10T04:02:14","date_gmt":"2026-01-10T03:02:14","guid":{"rendered":"https:\/\/hubsch-interior.com\/product\/product\/"},"modified":"2026-04-05T04:43:44","modified_gmt":"2026-04-05T02:43:44","slug":"morph-pude-lyserod","status":"publish","type":"product","link":"https:\/\/hubsch-interior.com\/da\/vare\/morph-pude-lyserod\/","title":{"rendered":"Morph Pude Lyser\u00f8d"},"content":{"rendered":"<p>Legende lyser\u00f8d, v\u00e6vet med hensigt. Morph Puden i lyser\u00f8d bringer et muntert l\u00f8ft til dit rum, og kombinerer bl\u00f8d komfort med en dristig grafisk rytme. Fremstillet af t\u00e6tv\u00e6vet, OEKO-TEX\u00ae STANDARD 100 certificeret bomuld, tilbyder den ro i sindet sammen med sin taktile charme. Det levende v\u00e6vede m\u00f8nster lader de lyser\u00f8de toner skinne igennem, tilf\u00f8jer en lys accent, der let kan kombineres med neutrale baggrunde. En af fire i\u00f8jnefaldende varianter \u2014 perfekt til at kuratere farver og personlighed, pude efter pude.<\/p>\n","protected":false},"excerpt":{"rendered":"<p>Legende lyser\u00f8d, v\u00e6vet med hensigt. Morph Puden i lyser\u00f8d bringer et muntert l\u00f8ft til dit rum, og kombinerer bl\u00f8d komfort med en dristig grafisk rytme. Fremstillet af t\u00e6tv\u00e6vet, OEKO-TEX\u00ae STANDARD 100 certificeret bomuld, tilbyder den ro i sindet sammen med sin taktile charme. Det levende v\u00e6vede m\u00f8nster lader de lyser\u00f8de toner skinne igennem, tilf\u00f8jer en [&hellip;]<\/p>\n","protected":false},"featured_media":1100651,"template":"","meta":{"_acf_changed":false,"inline_featured_image":false},"product_brand":[],"product_cat":[7153,3000,3001,5025,5045],"product_tag":[],"class_list":{"0":"post-1078550","1":"product","2":"type-product","3":"status-publish","4":"has-post-thumbnail","6":"product_cat-dweller-da","7":"product_cat-tekstiler","8":"product_cat-puder-da","9":"product_cat-bestsellers-da","10":"product_cat-nyheder-da","11":"product_shipping_class-pk","13":"pa_color-lyserd","14":"pa_material-cotton-100-da","16":"first","17":"instock","18":"featured","19":"taxable","20":"shipping-taxable","21":"purchasable","22":"product-type-simple"},"exclude_global_add_ons":[],"addons":[],"acf":[],"yoast_head":"<!-- This site is optimized with the Yoast SEO plugin v26.4 - https:\/\/yoast.com\/wordpress\/plugins\/seo\/ -->\n<title>Morph Pude Lyser\u00f8d - H\u00fcbsch<\/title>\n<meta name=\"description\" content=\"Legende lyser\u00f8d, v\u00e6vet med hensigt. Morph Puden i lyser\u00f8d bringer et muntert l\u00f8ft til dit rum, og kombinerer bl\u00f8d komfort med en dristig grafisk rytme.\" \/>\n<meta name=\"robots\" content=\"index, follow, max-snippet:-1, max-image-preview:large, max-video-preview:-1\" \/>\n<link rel=\"canonical\" href=\"https:\/\/hubsch-interior.com\/da\/wp-json\/wp\/v2\/product\/1078550\" \/>\n<meta property=\"og:locale\" content=\"da_DK\" \/>\n<meta property=\"og:type\" content=\"article\" \/>\n<meta property=\"og:title\" content=\"Morph Pude Lyser\u00f8d - H\u00fcbsch\" \/>\n<meta property=\"og:description\" content=\"Legende lyser\u00f8d, v\u00e6vet med hensigt. Morph Puden i lyser\u00f8d bringer et muntert l\u00f8ft til dit rum, og kombinerer bl\u00f8d komfort med en dristig grafisk rytme.\" \/>\n<meta property=\"og:url\" content=\"https:\/\/hubsch-interior.com\/da\/vare\/morph-pude-lyserod\/\" \/>\n<meta property=\"og:site_name\" content=\"H\u00fcbsch\" \/>\n<meta property=\"article:modified_time\" content=\"2026-04-05T02:43:44+00:00\" \/>\n<meta property=\"og:image\" content=\"https:\/\/hubsch-interior.com\/wp-content\/uploads\/2026\/02\/morph-cushion-pink-c2e7ca3f1d5d3e1b5221cf715374d639.jpg\" \/>\n\t<meta property=\"og:image:width\" content=\"1024\" \/>\n\t<meta property=\"og:image:height\" content=\"1024\" \/>\n\t<meta property=\"og:image:type\" content=\"image\/jpeg\" \/>\n<meta name=\"twitter:card\" content=\"summary_large_image\" \/>\n<script type=\"application\/ld+json\" class=\"yoast-schema-graph\">{\"@context\":\"https:\/\/schema.org\",\"@graph\":[{\"@type\":\"WebPage\",\"@id\":\"https:\/\/hubsch-interior.com\/da\/vare\/morph-pude-lyserod\/\",\"url\":\"https:\/\/hubsch-interior.com\/da\/vare\/morph-pude-lyserod\/\",\"name\":\"Morph Pude Lyser\u00f8d - H\u00fcbsch\",\"isPartOf\":{\"@id\":\"https:\/\/hubsch-interior.com\/da\/#website\"},\"primaryImageOfPage\":{\"@id\":\"https:\/\/hubsch-interior.com\/da\/vare\/morph-pude-lyserod\/#primaryimage\"},\"image\":{\"@id\":\"https:\/\/hubsch-interior.com\/da\/vare\/morph-pude-lyserod\/#primaryimage\"},\"thumbnailUrl\":\"https:\/\/hubsch-interior.com\/wp-content\/uploads\/2026\/02\/morph-cushion-pink-c2e7ca3f1d5d3e1b5221cf715374d639.jpg\",\"datePublished\":\"2026-01-10T03:02:14+00:00\",\"dateModified\":\"2026-04-05T02:43:44+00:00\",\"description\":\"Legende lyser\u00f8d, v\u00e6vet med hensigt. Morph Puden i lyser\u00f8d bringer et muntert l\u00f8ft til dit rum, og kombinerer bl\u00f8d komfort med en dristig grafisk rytme.\",\"breadcrumb\":{\"@id\":\"https:\/\/hubsch-interior.com\/da\/vare\/morph-pude-lyserod\/#breadcrumb\"},\"inLanguage\":\"da-DK\",\"potentialAction\":[{\"@type\":\"ReadAction\",\"target\":[\"https:\/\/hubsch-interior.com\/da\/vare\/morph-pude-lyserod\/\"]}]},{\"@type\":\"ImageObject\",\"inLanguage\":\"da-DK\",\"@id\":\"https:\/\/hubsch-interior.com\/da\/vare\/morph-pude-lyserod\/#primaryimage\",\"url\":\"https:\/\/hubsch-interior.com\/wp-content\/uploads\/2026\/02\/morph-cushion-pink-c2e7ca3f1d5d3e1b5221cf715374d639.jpg\",\"contentUrl\":\"https:\/\/hubsch-interior.com\/wp-content\/uploads\/2026\/02\/morph-cushion-pink-c2e7ca3f1d5d3e1b5221cf715374d639.jpg\",\"width\":1024,\"height\":1024},{\"@type\":\"BreadcrumbList\",\"@id\":\"https:\/\/hubsch-interior.com\/da\/vare\/morph-pude-lyserod\/#breadcrumb\",\"itemListElement\":[{\"@type\":\"ListItem\",\"position\":1,\"name\":\"Forside\",\"item\":\"https:\/\/hubsch-interior.com\/da\/\"},{\"@type\":\"ListItem\",\"position\":2,\"name\":\"Produkter\",\"item\":\"https:\/\/hubsch-interior.com\/da\/produkter\/\"},{\"@type\":\"ListItem\",\"position\":3,\"name\":\"Tekstiler\",\"item\":\"https:\/\/hubsch-interior.com\/da\/vare-kategori\/tekstiler\/\"},{\"@type\":\"ListItem\",\"position\":4,\"name\":\"Puder\",\"item\":\"https:\/\/hubsch-interior.com\/da\/vare-kategori\/tekstiler\/puder-da\/\"},{\"@type\":\"ListItem\",\"position\":5,\"name\":\"Morph Pude Lyser\u00f8d\"}]},{\"@type\":\"WebSite\",\"@id\":\"https:\/\/hubsch-interior.com\/da\/#website\",\"url\":\"https:\/\/hubsch-interior.com\/da\/\",\"name\":\"H\u00fcbsch\",\"description\":\"Danish Home Interior and Design\",\"publisher\":{\"@id\":\"https:\/\/hubsch-interior.com\/da\/#organization\"},\"potentialAction\":[{\"@type\":\"SearchAction\",\"target\":{\"@type\":\"EntryPoint\",\"urlTemplate\":\"https:\/\/hubsch-interior.com\/da\/?s={search_term_string}\"},\"query-input\":{\"@type\":\"PropertyValueSpecification\",\"valueRequired\":true,\"valueName\":\"search_term_string\"}}],\"inLanguage\":\"da-DK\"},{\"@type\":\"Organization\",\"@id\":\"https:\/\/hubsch-interior.com\/da\/#organization\",\"name\":\"H\u00fcbsch\",\"url\":\"https:\/\/hubsch-interior.com\/da\/\",\"logo\":{\"@type\":\"ImageObject\",\"inLanguage\":\"da-DK\",\"@id\":\"https:\/\/hubsch-interior.com\/da\/#\/schema\/logo\/image\/\",\"url\":\"https:\/\/hubsch-interior.com\/wp-content\/uploads\/2022\/12\/Hubsch_logo_black_one_line.svg\",\"contentUrl\":\"https:\/\/hubsch-interior.com\/wp-content\/uploads\/2022\/12\/Hubsch_logo_black_one_line.svg\",\"caption\":\"H\u00fcbsch\"},\"image\":{\"@id\":\"https:\/\/hubsch-interior.com\/da\/#\/schema\/logo\/image\/\"}}]}<\/script>\n<!-- \/ Yoast SEO plugin. -->","yoast_head_json":{"title":"Morph Pude Lyser\u00f8d - H\u00fcbsch","description":"Legende lyser\u00f8d, v\u00e6vet med hensigt. Morph Puden i lyser\u00f8d bringer et muntert l\u00f8ft til dit rum, og kombinerer bl\u00f8d komfort med en dristig grafisk rytme.","robots":{"index":"index","follow":"follow","max-snippet":"max-snippet:-1","max-image-preview":"max-image-preview:large","max-video-preview":"max-video-preview:-1"},"canonical":"https:\/\/hubsch-interior.com\/da\/wp-json\/wp\/v2\/product\/1078550","og_locale":"da_DK","og_type":"article","og_title":"Morph Pude Lyser\u00f8d - H\u00fcbsch","og_description":"Legende lyser\u00f8d, v\u00e6vet med hensigt. Morph Puden i lyser\u00f8d bringer et muntert l\u00f8ft til dit rum, og kombinerer bl\u00f8d komfort med en dristig grafisk rytme.","og_url":"https:\/\/hubsch-interior.com\/da\/vare\/morph-pude-lyserod\/","og_site_name":"H\u00fcbsch","article_modified_time":"2026-04-05T02:43:44+00:00","og_image":[{"width":1024,"height":1024,"url":"https:\/\/hubsch-interior.com\/wp-content\/uploads\/2026\/02\/morph-cushion-pink-c2e7ca3f1d5d3e1b5221cf715374d639.jpg","type":"image\/jpeg"}],"twitter_card":"summary_large_image","schema":{"@context":"https:\/\/schema.org","@graph":[{"@type":"WebPage","@id":"https:\/\/hubsch-interior.com\/da\/vare\/morph-pude-lyserod\/","url":"https:\/\/hubsch-interior.com\/da\/vare\/morph-pude-lyserod\/","name":"Morph Pude Lyser\u00f8d - H\u00fcbsch","isPartOf":{"@id":"https:\/\/hubsch-interior.com\/da\/#website"},"primaryImageOfPage":{"@id":"https:\/\/hubsch-interior.com\/da\/vare\/morph-pude-lyserod\/#primaryimage"},"image":{"@id":"https:\/\/hubsch-interior.com\/da\/vare\/morph-pude-lyserod\/#primaryimage"},"thumbnailUrl":"https:\/\/hubsch-interior.com\/wp-content\/uploads\/2026\/02\/morph-cushion-pink-c2e7ca3f1d5d3e1b5221cf715374d639.jpg","datePublished":"2026-01-10T03:02:14+00:00","dateModified":"2026-04-05T02:43:44+00:00","description":"Legende lyser\u00f8d, v\u00e6vet med hensigt. Morph Puden i lyser\u00f8d bringer et muntert l\u00f8ft til dit rum, og kombinerer bl\u00f8d komfort med en dristig grafisk rytme.","breadcrumb":{"@id":"https:\/\/hubsch-interior.com\/da\/vare\/morph-pude-lyserod\/#breadcrumb"},"inLanguage":"da-DK","potentialAction":[{"@type":"ReadAction","target":["https:\/\/hubsch-interior.com\/da\/vare\/morph-pude-lyserod\/"]}]},{"@type":"ImageObject","inLanguage":"da-DK","@id":"https:\/\/hubsch-interior.com\/da\/vare\/morph-pude-lyserod\/#primaryimage","url":"https:\/\/hubsch-interior.com\/wp-content\/uploads\/2026\/02\/morph-cushion-pink-c2e7ca3f1d5d3e1b5221cf715374d639.jpg","contentUrl":"https:\/\/hubsch-interior.com\/wp-content\/uploads\/2026\/02\/morph-cushion-pink-c2e7ca3f1d5d3e1b5221cf715374d639.jpg","width":1024,"height":1024},{"@type":"BreadcrumbList","@id":"https:\/\/hubsch-interior.com\/da\/vare\/morph-pude-lyserod\/#breadcrumb","itemListElement":[{"@type":"ListItem","position":1,"name":"Forside","item":"https:\/\/hubsch-interior.com\/da\/"},{"@type":"ListItem","position":2,"name":"Produkter","item":"https:\/\/hubsch-interior.com\/da\/produkter\/"},{"@type":"ListItem","position":3,"name":"Tekstiler","item":"https:\/\/hubsch-interior.com\/da\/vare-kategori\/tekstiler\/"},{"@type":"ListItem","position":4,"name":"Puder","item":"https:\/\/hubsch-interior.com\/da\/vare-kategori\/tekstiler\/puder-da\/"},{"@type":"ListItem","position":5,"name":"Morph Pude Lyser\u00f8d"}]},{"@type":"WebSite","@id":"https:\/\/hubsch-interior.com\/da\/#website","url":"https:\/\/hubsch-interior.com\/da\/","name":"H\u00fcbsch","description":"Danish Home Interior and Design","publisher":{"@id":"https:\/\/hubsch-interior.com\/da\/#organization"},"potentialAction":[{"@type":"SearchAction","target":{"@type":"EntryPoint","urlTemplate":"https:\/\/hubsch-interior.com\/da\/?s={search_term_string}"},"query-input":{"@type":"PropertyValueSpecification","valueRequired":true,"valueName":"search_term_string"}}],"inLanguage":"da-DK"},{"@type":"Organization","@id":"https:\/\/hubsch-interior.com\/da\/#organization","name":"H\u00fcbsch","url":"https:\/\/hubsch-interior.com\/da\/","logo":{"@type":"ImageObject","inLanguage":"da-DK","@id":"https:\/\/hubsch-interior.com\/da\/#\/schema\/logo\/image\/","url":"https:\/\/hubsch-interior.com\/wp-content\/uploads\/2022\/12\/Hubsch_logo_black_one_line.svg","contentUrl":"https:\/\/hubsch-interior.com\/wp-content\/uploads\/2022\/12\/Hubsch_logo_black_one_line.svg","caption":"H\u00fcbsch"},"image":{"@id":"https:\/\/hubsch-interior.com\/da\/#\/schema\/logo\/image\/"}}]}},"_links":{"self":[{"href":"https:\/\/hubsch-interior.com\/da\/wp-json\/wp\/v2\/product\/1078550","targetHints":{"allow":["GET"]}}],"collection":[{"href":"https:\/\/hubsch-interior.com\/da\/wp-json\/wp\/v2\/product"}],"about":[{"href":"https:\/\/hubsch-interior.com\/da\/wp-json\/wp\/v2\/types\/product"}],"wp:featuredmedia":[{"embeddable":true,"href":"https:\/\/hubsch-interior.com\/da\/wp-json\/wp\/v2\/media\/1100651"}],"wp:attachment":[{"href":"https:\/\/hubsch-interior.com\/da\/wp-json\/wp\/v2\/media?parent=1078550"}],"wp:term":[{"taxonomy":"product_brand","embeddable":true,"href":"https:\/\/hubsch-interior.com\/da\/wp-json\/wp\/v2\/product_brand?post=1078550"},{"taxonomy":"product_cat","embeddable":true,"href":"https:\/\/hubsch-interior.com\/da\/wp-json\/wp\/v2\/product_cat?post=1078550"},{"taxonomy":"product_tag","embeddable":true,"href":"https:\/\/hubsch-interior.com\/da\/wp-json\/wp\/v2\/product_tag?post=1078550"}],"curies":[{"name":"wp","href":"https:\/\/api.w.org\/{rel}","templated":true}]}}