{"id":1078566,"date":"2026-01-10T04:02:26","date_gmt":"2026-01-10T03:02:26","guid":{"rendered":"https:\/\/hubsch-interior.com\/product\/product\/"},"modified":"2026-04-06T04:42:34","modified_gmt":"2026-04-06T02:42:34","slug":"morph-pude-morkebla","status":"publish","type":"product","link":"https:\/\/hubsch-interior.com\/da\/vare\/morph-pude-morkebla\/","title":{"rendered":"Morph Pude M\u00f8rkebl\u00e5"},"content":{"rendered":"<p>Dybbl\u00e5 med et grafisk twist. Morph Puden i m\u00f8rkebl\u00e5 bringer rolig selvsikkerhed til dit rum med en t\u00e6t v\u00e6vet bomuldstruktur, der fremh\u00e6ver hver nuance i det dristige m\u00f8nster. OEKO-TEX\u00ae STANDARD 100 certificeret, den er lavet med omsorg \u2014 b\u00e5de for din komfort og din ro i sindet. Kombin\u00e9r den med ensfarvede toner for at lade designet tr\u00e6de frem, eller mix den med neutrale farver for et lagdelt, indbydende udtryk. En af fire markante varianter, der tilf\u00f8rer en stille rigdom til enhver indstilling.<\/p>\n","protected":false},"excerpt":{"rendered":"<p>Dybbl\u00e5 med et grafisk twist. Morph Puden i m\u00f8rkebl\u00e5 bringer rolig selvsikkerhed til dit rum med en t\u00e6t v\u00e6vet bomuldstruktur, der fremh\u00e6ver hver nuance i det dristige m\u00f8nster. OEKO-TEX\u00ae STANDARD 100 certificeret, den er lavet med omsorg \u2014 b\u00e5de for din komfort og din ro i sindet. Kombin\u00e9r den med ensfarvede toner for at lade [&hellip;]<\/p>\n","protected":false},"featured_media":1100667,"template":"","meta":{"_acf_changed":false,"inline_featured_image":false},"product_brand":[],"product_cat":[7153,3000,3001,5045],"product_tag":[],"class_list":{"0":"post-1078566","1":"product","2":"type-product","3":"status-publish","4":"has-post-thumbnail","6":"product_cat-dweller-da","7":"product_cat-tekstiler","8":"product_cat-puder-da","9":"product_cat-nyheder-da","10":"product_shipping_class-pk","12":"pa_color-mrkebl","13":"pa_material-cotton-100-da","15":"first","16":"instock","17":"taxable","18":"shipping-taxable","19":"purchasable","20":"product-type-simple"},"exclude_global_add_ons":[],"addons":[],"acf":[],"yoast_head":"<!-- This site is optimized with the Yoast SEO plugin v26.4 - https:\/\/yoast.com\/wordpress\/plugins\/seo\/ -->\n<title>Morph Pude M\u00f8rkebl\u00e5 - H\u00fcbsch<\/title>\n<meta name=\"description\" content=\"Dybbl\u00e5 med et grafisk twist. Morph Puden i m\u00f8rkebl\u00e5 bringer rolig selvsikkerhed til dit rum med en t\u00e6t v\u00e6vet bomuldstruktur, der fremh\u00e6ver hver nuance i\" \/>\n<meta name=\"robots\" content=\"index, follow, max-snippet:-1, max-image-preview:large, max-video-preview:-1\" \/>\n<link rel=\"canonical\" href=\"https:\/\/hubsch-interior.com\/da\/wp-json\/wp\/v2\/product\/1078566\" \/>\n<meta property=\"og:locale\" content=\"da_DK\" \/>\n<meta property=\"og:type\" content=\"article\" \/>\n<meta property=\"og:title\" content=\"Morph Pude M\u00f8rkebl\u00e5 - H\u00fcbsch\" \/>\n<meta property=\"og:description\" content=\"Dybbl\u00e5 med et grafisk twist. Morph Puden i m\u00f8rkebl\u00e5 bringer rolig selvsikkerhed til dit rum med en t\u00e6t v\u00e6vet bomuldstruktur, der fremh\u00e6ver hver nuance i\" \/>\n<meta property=\"og:url\" content=\"https:\/\/hubsch-interior.com\/da\/vare\/morph-pude-morkebla\/\" \/>\n<meta property=\"og:site_name\" content=\"H\u00fcbsch\" \/>\n<meta property=\"article:modified_time\" content=\"2026-04-06T02:42:34+00:00\" \/>\n<meta property=\"og:image\" content=\"https:\/\/hubsch-interior.com\/wp-content\/uploads\/2026\/02\/morph-cushion-dark-blue-2fefdbd08b53288dbf4303042d6a19f5.jpg\" \/>\n\t<meta property=\"og:image:width\" content=\"1024\" \/>\n\t<meta property=\"og:image:height\" content=\"1024\" \/>\n\t<meta property=\"og:image:type\" content=\"image\/jpeg\" \/>\n<meta name=\"twitter:card\" content=\"summary_large_image\" \/>\n<script type=\"application\/ld+json\" class=\"yoast-schema-graph\">{\"@context\":\"https:\/\/schema.org\",\"@graph\":[{\"@type\":\"WebPage\",\"@id\":\"https:\/\/hubsch-interior.com\/da\/vare\/morph-pude-morkebla\/\",\"url\":\"https:\/\/hubsch-interior.com\/da\/vare\/morph-pude-morkebla\/\",\"name\":\"Morph Pude M\u00f8rkebl\u00e5 - H\u00fcbsch\",\"isPartOf\":{\"@id\":\"https:\/\/hubsch-interior.com\/da\/#website\"},\"primaryImageOfPage\":{\"@id\":\"https:\/\/hubsch-interior.com\/da\/vare\/morph-pude-morkebla\/#primaryimage\"},\"image\":{\"@id\":\"https:\/\/hubsch-interior.com\/da\/vare\/morph-pude-morkebla\/#primaryimage\"},\"thumbnailUrl\":\"https:\/\/hubsch-interior.com\/wp-content\/uploads\/2026\/02\/morph-cushion-dark-blue-2fefdbd08b53288dbf4303042d6a19f5.jpg\",\"datePublished\":\"2026-01-10T03:02:26+00:00\",\"dateModified\":\"2026-04-06T02:42:34+00:00\",\"description\":\"Dybbl\u00e5 med et grafisk twist. Morph Puden i m\u00f8rkebl\u00e5 bringer rolig selvsikkerhed til dit rum med en t\u00e6t v\u00e6vet bomuldstruktur, der fremh\u00e6ver hver nuance i\",\"breadcrumb\":{\"@id\":\"https:\/\/hubsch-interior.com\/da\/vare\/morph-pude-morkebla\/#breadcrumb\"},\"inLanguage\":\"da-DK\",\"potentialAction\":[{\"@type\":\"ReadAction\",\"target\":[\"https:\/\/hubsch-interior.com\/da\/vare\/morph-pude-morkebla\/\"]}]},{\"@type\":\"ImageObject\",\"inLanguage\":\"da-DK\",\"@id\":\"https:\/\/hubsch-interior.com\/da\/vare\/morph-pude-morkebla\/#primaryimage\",\"url\":\"https:\/\/hubsch-interior.com\/wp-content\/uploads\/2026\/02\/morph-cushion-dark-blue-2fefdbd08b53288dbf4303042d6a19f5.jpg\",\"contentUrl\":\"https:\/\/hubsch-interior.com\/wp-content\/uploads\/2026\/02\/morph-cushion-dark-blue-2fefdbd08b53288dbf4303042d6a19f5.jpg\",\"width\":1024,\"height\":1024},{\"@type\":\"BreadcrumbList\",\"@id\":\"https:\/\/hubsch-interior.com\/da\/vare\/morph-pude-morkebla\/#breadcrumb\",\"itemListElement\":[{\"@type\":\"ListItem\",\"position\":1,\"name\":\"Forside\",\"item\":\"https:\/\/hubsch-interior.com\/da\/\"},{\"@type\":\"ListItem\",\"position\":2,\"name\":\"Produkter\",\"item\":\"https:\/\/hubsch-interior.com\/da\/produkter\/\"},{\"@type\":\"ListItem\",\"position\":3,\"name\":\"Tekstiler\",\"item\":\"https:\/\/hubsch-interior.com\/da\/vare-kategori\/tekstiler\/\"},{\"@type\":\"ListItem\",\"position\":4,\"name\":\"Puder\",\"item\":\"https:\/\/hubsch-interior.com\/da\/vare-kategori\/tekstiler\/puder-da\/\"},{\"@type\":\"ListItem\",\"position\":5,\"name\":\"Morph Pude M\u00f8rkebl\u00e5\"}]},{\"@type\":\"WebSite\",\"@id\":\"https:\/\/hubsch-interior.com\/da\/#website\",\"url\":\"https:\/\/hubsch-interior.com\/da\/\",\"name\":\"H\u00fcbsch\",\"description\":\"Danish Home Interior and Design\",\"publisher\":{\"@id\":\"https:\/\/hubsch-interior.com\/da\/#organization\"},\"potentialAction\":[{\"@type\":\"SearchAction\",\"target\":{\"@type\":\"EntryPoint\",\"urlTemplate\":\"https:\/\/hubsch-interior.com\/da\/?s={search_term_string}\"},\"query-input\":{\"@type\":\"PropertyValueSpecification\",\"valueRequired\":true,\"valueName\":\"search_term_string\"}}],\"inLanguage\":\"da-DK\"},{\"@type\":\"Organization\",\"@id\":\"https:\/\/hubsch-interior.com\/da\/#organization\",\"name\":\"H\u00fcbsch\",\"url\":\"https:\/\/hubsch-interior.com\/da\/\",\"logo\":{\"@type\":\"ImageObject\",\"inLanguage\":\"da-DK\",\"@id\":\"https:\/\/hubsch-interior.com\/da\/#\/schema\/logo\/image\/\",\"url\":\"https:\/\/hubsch-interior.com\/wp-content\/uploads\/2022\/12\/Hubsch_logo_black_one_line.svg\",\"contentUrl\":\"https:\/\/hubsch-interior.com\/wp-content\/uploads\/2022\/12\/Hubsch_logo_black_one_line.svg\",\"caption\":\"H\u00fcbsch\"},\"image\":{\"@id\":\"https:\/\/hubsch-interior.com\/da\/#\/schema\/logo\/image\/\"}}]}<\/script>\n<!-- \/ Yoast SEO plugin. -->","yoast_head_json":{"title":"Morph Pude M\u00f8rkebl\u00e5 - H\u00fcbsch","description":"Dybbl\u00e5 med et grafisk twist. Morph Puden i m\u00f8rkebl\u00e5 bringer rolig selvsikkerhed til dit rum med en t\u00e6t v\u00e6vet bomuldstruktur, der fremh\u00e6ver hver nuance i","robots":{"index":"index","follow":"follow","max-snippet":"max-snippet:-1","max-image-preview":"max-image-preview:large","max-video-preview":"max-video-preview:-1"},"canonical":"https:\/\/hubsch-interior.com\/da\/wp-json\/wp\/v2\/product\/1078566","og_locale":"da_DK","og_type":"article","og_title":"Morph Pude M\u00f8rkebl\u00e5 - H\u00fcbsch","og_description":"Dybbl\u00e5 med et grafisk twist. Morph Puden i m\u00f8rkebl\u00e5 bringer rolig selvsikkerhed til dit rum med en t\u00e6t v\u00e6vet bomuldstruktur, der fremh\u00e6ver hver nuance i","og_url":"https:\/\/hubsch-interior.com\/da\/vare\/morph-pude-morkebla\/","og_site_name":"H\u00fcbsch","article_modified_time":"2026-04-06T02:42:34+00:00","og_image":[{"width":1024,"height":1024,"url":"https:\/\/hubsch-interior.com\/wp-content\/uploads\/2026\/02\/morph-cushion-dark-blue-2fefdbd08b53288dbf4303042d6a19f5.jpg","type":"image\/jpeg"}],"twitter_card":"summary_large_image","schema":{"@context":"https:\/\/schema.org","@graph":[{"@type":"WebPage","@id":"https:\/\/hubsch-interior.com\/da\/vare\/morph-pude-morkebla\/","url":"https:\/\/hubsch-interior.com\/da\/vare\/morph-pude-morkebla\/","name":"Morph Pude M\u00f8rkebl\u00e5 - H\u00fcbsch","isPartOf":{"@id":"https:\/\/hubsch-interior.com\/da\/#website"},"primaryImageOfPage":{"@id":"https:\/\/hubsch-interior.com\/da\/vare\/morph-pude-morkebla\/#primaryimage"},"image":{"@id":"https:\/\/hubsch-interior.com\/da\/vare\/morph-pude-morkebla\/#primaryimage"},"thumbnailUrl":"https:\/\/hubsch-interior.com\/wp-content\/uploads\/2026\/02\/morph-cushion-dark-blue-2fefdbd08b53288dbf4303042d6a19f5.jpg","datePublished":"2026-01-10T03:02:26+00:00","dateModified":"2026-04-06T02:42:34+00:00","description":"Dybbl\u00e5 med et grafisk twist. Morph Puden i m\u00f8rkebl\u00e5 bringer rolig selvsikkerhed til dit rum med en t\u00e6t v\u00e6vet bomuldstruktur, der fremh\u00e6ver hver nuance i","breadcrumb":{"@id":"https:\/\/hubsch-interior.com\/da\/vare\/morph-pude-morkebla\/#breadcrumb"},"inLanguage":"da-DK","potentialAction":[{"@type":"ReadAction","target":["https:\/\/hubsch-interior.com\/da\/vare\/morph-pude-morkebla\/"]}]},{"@type":"ImageObject","inLanguage":"da-DK","@id":"https:\/\/hubsch-interior.com\/da\/vare\/morph-pude-morkebla\/#primaryimage","url":"https:\/\/hubsch-interior.com\/wp-content\/uploads\/2026\/02\/morph-cushion-dark-blue-2fefdbd08b53288dbf4303042d6a19f5.jpg","contentUrl":"https:\/\/hubsch-interior.com\/wp-content\/uploads\/2026\/02\/morph-cushion-dark-blue-2fefdbd08b53288dbf4303042d6a19f5.jpg","width":1024,"height":1024},{"@type":"BreadcrumbList","@id":"https:\/\/hubsch-interior.com\/da\/vare\/morph-pude-morkebla\/#breadcrumb","itemListElement":[{"@type":"ListItem","position":1,"name":"Forside","item":"https:\/\/hubsch-interior.com\/da\/"},{"@type":"ListItem","position":2,"name":"Produkter","item":"https:\/\/hubsch-interior.com\/da\/produkter\/"},{"@type":"ListItem","position":3,"name":"Tekstiler","item":"https:\/\/hubsch-interior.com\/da\/vare-kategori\/tekstiler\/"},{"@type":"ListItem","position":4,"name":"Puder","item":"https:\/\/hubsch-interior.com\/da\/vare-kategori\/tekstiler\/puder-da\/"},{"@type":"ListItem","position":5,"name":"Morph Pude M\u00f8rkebl\u00e5"}]},{"@type":"WebSite","@id":"https:\/\/hubsch-interior.com\/da\/#website","url":"https:\/\/hubsch-interior.com\/da\/","name":"H\u00fcbsch","description":"Danish Home Interior and Design","publisher":{"@id":"https:\/\/hubsch-interior.com\/da\/#organization"},"potentialAction":[{"@type":"SearchAction","target":{"@type":"EntryPoint","urlTemplate":"https:\/\/hubsch-interior.com\/da\/?s={search_term_string}"},"query-input":{"@type":"PropertyValueSpecification","valueRequired":true,"valueName":"search_term_string"}}],"inLanguage":"da-DK"},{"@type":"Organization","@id":"https:\/\/hubsch-interior.com\/da\/#organization","name":"H\u00fcbsch","url":"https:\/\/hubsch-interior.com\/da\/","logo":{"@type":"ImageObject","inLanguage":"da-DK","@id":"https:\/\/hubsch-interior.com\/da\/#\/schema\/logo\/image\/","url":"https:\/\/hubsch-interior.com\/wp-content\/uploads\/2022\/12\/Hubsch_logo_black_one_line.svg","contentUrl":"https:\/\/hubsch-interior.com\/wp-content\/uploads\/2022\/12\/Hubsch_logo_black_one_line.svg","caption":"H\u00fcbsch"},"image":{"@id":"https:\/\/hubsch-interior.com\/da\/#\/schema\/logo\/image\/"}}]}},"_links":{"self":[{"href":"https:\/\/hubsch-interior.com\/da\/wp-json\/wp\/v2\/product\/1078566","targetHints":{"allow":["GET"]}}],"collection":[{"href":"https:\/\/hubsch-interior.com\/da\/wp-json\/wp\/v2\/product"}],"about":[{"href":"https:\/\/hubsch-interior.com\/da\/wp-json\/wp\/v2\/types\/product"}],"wp:featuredmedia":[{"embeddable":true,"href":"https:\/\/hubsch-interior.com\/da\/wp-json\/wp\/v2\/media\/1100667"}],"wp:attachment":[{"href":"https:\/\/hubsch-interior.com\/da\/wp-json\/wp\/v2\/media?parent=1078566"}],"wp:term":[{"taxonomy":"product_brand","embeddable":true,"href":"https:\/\/hubsch-interior.com\/da\/wp-json\/wp\/v2\/product_brand?post=1078566"},{"taxonomy":"product_cat","embeddable":true,"href":"https:\/\/hubsch-interior.com\/da\/wp-json\/wp\/v2\/product_cat?post=1078566"},{"taxonomy":"product_tag","embeddable":true,"href":"https:\/\/hubsch-interior.com\/da\/wp-json\/wp\/v2\/product_tag?post=1078566"}],"curies":[{"name":"wp","href":"https:\/\/api.w.org\/{rel}","templated":true}]}}