{"id":1078586,"date":"2026-01-10T04:02:39","date_gmt":"2026-01-10T03:02:39","guid":{"rendered":"https:\/\/hubsch-interior.com\/product\/product\/"},"modified":"2026-04-06T04:42:37","modified_gmt":"2026-04-06T02:42:37","slug":"morph-pude-lysebla","status":"publish","type":"product","link":"https:\/\/hubsch-interior.com\/da\/vare\/morph-pude-lysebla\/","title":{"rendered":"Morph Pude Lysebl\u00e5"},"content":{"rendered":"<p>Et pust af bl\u00e5t med et dristigt perspektiv. Morph Puden i lysebl\u00e5 tilf\u00f8rer klarhed og charme til dit rum, v\u00e6vet af OEKO-TEX\u00ae STANDARD 100 certificeret bomuld for komfort, der er b\u00e5de sikker og tilfredsstillende. Dens t\u00e6tv\u00e6vede struktur og grafiske m\u00f8nster giver de bl\u00f8de toner ekstra dybde \u2014 hvilket f\u00e5r farverne til at springe frem uden at dominere. Som en af fire elegante varianter er den den perfekte m\u00e5de at tilf\u00f8je et sofistikeret farvesplash og en frisk f\u00f8lelse af balance til dit hjem.<\/p>\n","protected":false},"excerpt":{"rendered":"<p>Et pust af bl\u00e5t med et dristigt perspektiv. Morph Puden i lysebl\u00e5 tilf\u00f8rer klarhed og charme til dit rum, v\u00e6vet af OEKO-TEX\u00ae STANDARD 100 certificeret bomuld for komfort, der er b\u00e5de sikker og tilfredsstillende. Dens t\u00e6tv\u00e6vede struktur og grafiske m\u00f8nster giver de bl\u00f8de toner ekstra dybde \u2014 hvilket f\u00e5r farverne til at springe frem uden [&hellip;]<\/p>\n","protected":false},"featured_media":1100679,"template":"","meta":{"_acf_changed":false,"inline_featured_image":false},"product_brand":[],"product_cat":[7153,3000,3001,5025,5045],"product_tag":[],"class_list":{"0":"post-1078586","1":"product","2":"type-product","3":"status-publish","4":"has-post-thumbnail","6":"product_cat-dweller-da","7":"product_cat-tekstiler","8":"product_cat-puder-da","9":"product_cat-bestsellers-da","10":"product_cat-nyheder-da","11":"product_shipping_class-pk","13":"pa_color-lysebl","14":"pa_material-cotton-100-da","16":"first","17":"instock","18":"featured","19":"taxable","20":"shipping-taxable","21":"purchasable","22":"product-type-simple"},"exclude_global_add_ons":[],"addons":[],"acf":[],"yoast_head":"<!-- This site is optimized with the Yoast SEO plugin v26.4 - https:\/\/yoast.com\/wordpress\/plugins\/seo\/ -->\n<title>Morph Pude Lysebl\u00e5 - H\u00fcbsch<\/title>\n<meta name=\"description\" content=\"Et pust af bl\u00e5t med et dristigt perspektiv. Morph Puden i lysebl\u00e5 tilf\u00f8rer klarhed og charme til dit rum, v\u00e6vet af OEKO-TEX\u00ae STANDARD 100 certificeret\" \/>\n<meta name=\"robots\" content=\"index, follow, max-snippet:-1, max-image-preview:large, max-video-preview:-1\" \/>\n<link rel=\"canonical\" href=\"https:\/\/hubsch-interior.com\/da\/wp-json\/wp\/v2\/product\/1078586\" \/>\n<meta property=\"og:locale\" content=\"da_DK\" \/>\n<meta property=\"og:type\" content=\"article\" \/>\n<meta property=\"og:title\" content=\"Morph Pude Lysebl\u00e5 - H\u00fcbsch\" \/>\n<meta property=\"og:description\" content=\"Et pust af bl\u00e5t med et dristigt perspektiv. Morph Puden i lysebl\u00e5 tilf\u00f8rer klarhed og charme til dit rum, v\u00e6vet af OEKO-TEX\u00ae STANDARD 100 certificeret\" \/>\n<meta property=\"og:url\" content=\"https:\/\/hubsch-interior.com\/da\/vare\/morph-pude-lysebla\/\" \/>\n<meta property=\"og:site_name\" content=\"H\u00fcbsch\" \/>\n<meta property=\"article:modified_time\" content=\"2026-04-06T02:42:37+00:00\" \/>\n<meta property=\"og:image\" content=\"https:\/\/hubsch-interior.com\/wp-content\/uploads\/2026\/02\/morph-cushion-light-blue-c0e380dda840786488b1e91a652a6632.jpg\" \/>\n\t<meta property=\"og:image:width\" content=\"1024\" \/>\n\t<meta property=\"og:image:height\" content=\"1024\" \/>\n\t<meta property=\"og:image:type\" content=\"image\/jpeg\" \/>\n<meta name=\"twitter:card\" content=\"summary_large_image\" \/>\n<script type=\"application\/ld+json\" class=\"yoast-schema-graph\">{\"@context\":\"https:\/\/schema.org\",\"@graph\":[{\"@type\":\"WebPage\",\"@id\":\"https:\/\/hubsch-interior.com\/da\/vare\/morph-pude-lysebla\/\",\"url\":\"https:\/\/hubsch-interior.com\/da\/vare\/morph-pude-lysebla\/\",\"name\":\"Morph Pude Lysebl\u00e5 - H\u00fcbsch\",\"isPartOf\":{\"@id\":\"https:\/\/hubsch-interior.com\/da\/#website\"},\"primaryImageOfPage\":{\"@id\":\"https:\/\/hubsch-interior.com\/da\/vare\/morph-pude-lysebla\/#primaryimage\"},\"image\":{\"@id\":\"https:\/\/hubsch-interior.com\/da\/vare\/morph-pude-lysebla\/#primaryimage\"},\"thumbnailUrl\":\"https:\/\/hubsch-interior.com\/wp-content\/uploads\/2026\/02\/morph-cushion-light-blue-c0e380dda840786488b1e91a652a6632.jpg\",\"datePublished\":\"2026-01-10T03:02:39+00:00\",\"dateModified\":\"2026-04-06T02:42:37+00:00\",\"description\":\"Et pust af bl\u00e5t med et dristigt perspektiv. Morph Puden i lysebl\u00e5 tilf\u00f8rer klarhed og charme til dit rum, v\u00e6vet af OEKO-TEX\u00ae STANDARD 100 certificeret\",\"breadcrumb\":{\"@id\":\"https:\/\/hubsch-interior.com\/da\/vare\/morph-pude-lysebla\/#breadcrumb\"},\"inLanguage\":\"da-DK\",\"potentialAction\":[{\"@type\":\"ReadAction\",\"target\":[\"https:\/\/hubsch-interior.com\/da\/vare\/morph-pude-lysebla\/\"]}]},{\"@type\":\"ImageObject\",\"inLanguage\":\"da-DK\",\"@id\":\"https:\/\/hubsch-interior.com\/da\/vare\/morph-pude-lysebla\/#primaryimage\",\"url\":\"https:\/\/hubsch-interior.com\/wp-content\/uploads\/2026\/02\/morph-cushion-light-blue-c0e380dda840786488b1e91a652a6632.jpg\",\"contentUrl\":\"https:\/\/hubsch-interior.com\/wp-content\/uploads\/2026\/02\/morph-cushion-light-blue-c0e380dda840786488b1e91a652a6632.jpg\",\"width\":1024,\"height\":1024},{\"@type\":\"BreadcrumbList\",\"@id\":\"https:\/\/hubsch-interior.com\/da\/vare\/morph-pude-lysebla\/#breadcrumb\",\"itemListElement\":[{\"@type\":\"ListItem\",\"position\":1,\"name\":\"Forside\",\"item\":\"https:\/\/hubsch-interior.com\/da\/\"},{\"@type\":\"ListItem\",\"position\":2,\"name\":\"Produkter\",\"item\":\"https:\/\/hubsch-interior.com\/da\/produkter\/\"},{\"@type\":\"ListItem\",\"position\":3,\"name\":\"Tekstiler\",\"item\":\"https:\/\/hubsch-interior.com\/da\/vare-kategori\/tekstiler\/\"},{\"@type\":\"ListItem\",\"position\":4,\"name\":\"Puder\",\"item\":\"https:\/\/hubsch-interior.com\/da\/vare-kategori\/tekstiler\/puder-da\/\"},{\"@type\":\"ListItem\",\"position\":5,\"name\":\"Morph Pude Lysebl\u00e5\"}]},{\"@type\":\"WebSite\",\"@id\":\"https:\/\/hubsch-interior.com\/da\/#website\",\"url\":\"https:\/\/hubsch-interior.com\/da\/\",\"name\":\"H\u00fcbsch\",\"description\":\"Danish Home Interior and Design\",\"publisher\":{\"@id\":\"https:\/\/hubsch-interior.com\/da\/#organization\"},\"potentialAction\":[{\"@type\":\"SearchAction\",\"target\":{\"@type\":\"EntryPoint\",\"urlTemplate\":\"https:\/\/hubsch-interior.com\/da\/?s={search_term_string}\"},\"query-input\":{\"@type\":\"PropertyValueSpecification\",\"valueRequired\":true,\"valueName\":\"search_term_string\"}}],\"inLanguage\":\"da-DK\"},{\"@type\":\"Organization\",\"@id\":\"https:\/\/hubsch-interior.com\/da\/#organization\",\"name\":\"H\u00fcbsch\",\"url\":\"https:\/\/hubsch-interior.com\/da\/\",\"logo\":{\"@type\":\"ImageObject\",\"inLanguage\":\"da-DK\",\"@id\":\"https:\/\/hubsch-interior.com\/da\/#\/schema\/logo\/image\/\",\"url\":\"https:\/\/hubsch-interior.com\/wp-content\/uploads\/2022\/12\/Hubsch_logo_black_one_line.svg\",\"contentUrl\":\"https:\/\/hubsch-interior.com\/wp-content\/uploads\/2022\/12\/Hubsch_logo_black_one_line.svg\",\"caption\":\"H\u00fcbsch\"},\"image\":{\"@id\":\"https:\/\/hubsch-interior.com\/da\/#\/schema\/logo\/image\/\"}}]}<\/script>\n<!-- \/ Yoast SEO plugin. -->","yoast_head_json":{"title":"Morph Pude Lysebl\u00e5 - H\u00fcbsch","description":"Et pust af bl\u00e5t med et dristigt perspektiv. Morph Puden i lysebl\u00e5 tilf\u00f8rer klarhed og charme til dit rum, v\u00e6vet af OEKO-TEX\u00ae STANDARD 100 certificeret","robots":{"index":"index","follow":"follow","max-snippet":"max-snippet:-1","max-image-preview":"max-image-preview:large","max-video-preview":"max-video-preview:-1"},"canonical":"https:\/\/hubsch-interior.com\/da\/wp-json\/wp\/v2\/product\/1078586","og_locale":"da_DK","og_type":"article","og_title":"Morph Pude Lysebl\u00e5 - H\u00fcbsch","og_description":"Et pust af bl\u00e5t med et dristigt perspektiv. Morph Puden i lysebl\u00e5 tilf\u00f8rer klarhed og charme til dit rum, v\u00e6vet af OEKO-TEX\u00ae STANDARD 100 certificeret","og_url":"https:\/\/hubsch-interior.com\/da\/vare\/morph-pude-lysebla\/","og_site_name":"H\u00fcbsch","article_modified_time":"2026-04-06T02:42:37+00:00","og_image":[{"width":1024,"height":1024,"url":"https:\/\/hubsch-interior.com\/wp-content\/uploads\/2026\/02\/morph-cushion-light-blue-c0e380dda840786488b1e91a652a6632.jpg","type":"image\/jpeg"}],"twitter_card":"summary_large_image","schema":{"@context":"https:\/\/schema.org","@graph":[{"@type":"WebPage","@id":"https:\/\/hubsch-interior.com\/da\/vare\/morph-pude-lysebla\/","url":"https:\/\/hubsch-interior.com\/da\/vare\/morph-pude-lysebla\/","name":"Morph Pude Lysebl\u00e5 - H\u00fcbsch","isPartOf":{"@id":"https:\/\/hubsch-interior.com\/da\/#website"},"primaryImageOfPage":{"@id":"https:\/\/hubsch-interior.com\/da\/vare\/morph-pude-lysebla\/#primaryimage"},"image":{"@id":"https:\/\/hubsch-interior.com\/da\/vare\/morph-pude-lysebla\/#primaryimage"},"thumbnailUrl":"https:\/\/hubsch-interior.com\/wp-content\/uploads\/2026\/02\/morph-cushion-light-blue-c0e380dda840786488b1e91a652a6632.jpg","datePublished":"2026-01-10T03:02:39+00:00","dateModified":"2026-04-06T02:42:37+00:00","description":"Et pust af bl\u00e5t med et dristigt perspektiv. Morph Puden i lysebl\u00e5 tilf\u00f8rer klarhed og charme til dit rum, v\u00e6vet af OEKO-TEX\u00ae STANDARD 100 certificeret","breadcrumb":{"@id":"https:\/\/hubsch-interior.com\/da\/vare\/morph-pude-lysebla\/#breadcrumb"},"inLanguage":"da-DK","potentialAction":[{"@type":"ReadAction","target":["https:\/\/hubsch-interior.com\/da\/vare\/morph-pude-lysebla\/"]}]},{"@type":"ImageObject","inLanguage":"da-DK","@id":"https:\/\/hubsch-interior.com\/da\/vare\/morph-pude-lysebla\/#primaryimage","url":"https:\/\/hubsch-interior.com\/wp-content\/uploads\/2026\/02\/morph-cushion-light-blue-c0e380dda840786488b1e91a652a6632.jpg","contentUrl":"https:\/\/hubsch-interior.com\/wp-content\/uploads\/2026\/02\/morph-cushion-light-blue-c0e380dda840786488b1e91a652a6632.jpg","width":1024,"height":1024},{"@type":"BreadcrumbList","@id":"https:\/\/hubsch-interior.com\/da\/vare\/morph-pude-lysebla\/#breadcrumb","itemListElement":[{"@type":"ListItem","position":1,"name":"Forside","item":"https:\/\/hubsch-interior.com\/da\/"},{"@type":"ListItem","position":2,"name":"Produkter","item":"https:\/\/hubsch-interior.com\/da\/produkter\/"},{"@type":"ListItem","position":3,"name":"Tekstiler","item":"https:\/\/hubsch-interior.com\/da\/vare-kategori\/tekstiler\/"},{"@type":"ListItem","position":4,"name":"Puder","item":"https:\/\/hubsch-interior.com\/da\/vare-kategori\/tekstiler\/puder-da\/"},{"@type":"ListItem","position":5,"name":"Morph Pude Lysebl\u00e5"}]},{"@type":"WebSite","@id":"https:\/\/hubsch-interior.com\/da\/#website","url":"https:\/\/hubsch-interior.com\/da\/","name":"H\u00fcbsch","description":"Danish Home Interior and Design","publisher":{"@id":"https:\/\/hubsch-interior.com\/da\/#organization"},"potentialAction":[{"@type":"SearchAction","target":{"@type":"EntryPoint","urlTemplate":"https:\/\/hubsch-interior.com\/da\/?s={search_term_string}"},"query-input":{"@type":"PropertyValueSpecification","valueRequired":true,"valueName":"search_term_string"}}],"inLanguage":"da-DK"},{"@type":"Organization","@id":"https:\/\/hubsch-interior.com\/da\/#organization","name":"H\u00fcbsch","url":"https:\/\/hubsch-interior.com\/da\/","logo":{"@type":"ImageObject","inLanguage":"da-DK","@id":"https:\/\/hubsch-interior.com\/da\/#\/schema\/logo\/image\/","url":"https:\/\/hubsch-interior.com\/wp-content\/uploads\/2022\/12\/Hubsch_logo_black_one_line.svg","contentUrl":"https:\/\/hubsch-interior.com\/wp-content\/uploads\/2022\/12\/Hubsch_logo_black_one_line.svg","caption":"H\u00fcbsch"},"image":{"@id":"https:\/\/hubsch-interior.com\/da\/#\/schema\/logo\/image\/"}}]}},"_links":{"self":[{"href":"https:\/\/hubsch-interior.com\/da\/wp-json\/wp\/v2\/product\/1078586","targetHints":{"allow":["GET"]}}],"collection":[{"href":"https:\/\/hubsch-interior.com\/da\/wp-json\/wp\/v2\/product"}],"about":[{"href":"https:\/\/hubsch-interior.com\/da\/wp-json\/wp\/v2\/types\/product"}],"wp:featuredmedia":[{"embeddable":true,"href":"https:\/\/hubsch-interior.com\/da\/wp-json\/wp\/v2\/media\/1100679"}],"wp:attachment":[{"href":"https:\/\/hubsch-interior.com\/da\/wp-json\/wp\/v2\/media?parent=1078586"}],"wp:term":[{"taxonomy":"product_brand","embeddable":true,"href":"https:\/\/hubsch-interior.com\/da\/wp-json\/wp\/v2\/product_brand?post=1078586"},{"taxonomy":"product_cat","embeddable":true,"href":"https:\/\/hubsch-interior.com\/da\/wp-json\/wp\/v2\/product_cat?post=1078586"},{"taxonomy":"product_tag","embeddable":true,"href":"https:\/\/hubsch-interior.com\/da\/wp-json\/wp\/v2\/product_tag?post=1078586"}],"curies":[{"name":"wp","href":"https:\/\/api.w.org\/{rel}","templated":true}]}}