{"id":1078638,"date":"2026-01-10T04:03:15","date_gmt":"2026-01-10T03:03:15","guid":{"rendered":"https:\/\/hubsch-interior.com\/product\/product\/"},"modified":"2026-04-05T04:44:02","modified_gmt":"2026-04-05T02:44:02","slug":"tap-plaid-gron","status":"publish","type":"product","link":"https:\/\/hubsch-interior.com\/da\/vare\/tap-plaid-gron\/","title":{"rendered":"Tap Plaid Gr\u00f8n"},"content":{"rendered":"<p>Leder du efter et t\u00e6ppe, der l\u00f8fter hele rummet? Tap Plaid bringer glad kontrast til dit rum med sin lyse bl\u00e5gr\u00f8nne base og dristige m\u00f8rkebl\u00e5 linjer \u2013 en grafisk kombination, der energiserer, samtidig med at den beroliger. Fremstillet af OEKO-TEX\u00ae STANDARD 100 certificeret bomuld, er det bl\u00f8dt, sikkert og fyldt med personlighed. Drap\u00e9r det over en sofa, eller hold det t\u00e6t p\u00e5 til k\u00f8lige aftener \u2013 dette er farveterapi, v\u00e6vet for komfort. Et lille kunstv\u00e6rk, du kan indsv\u00f8be dig i.<\/p>\n","protected":false},"excerpt":{"rendered":"<p>Leder du efter et t\u00e6ppe, der l\u00f8fter hele rummet? Tap Plaid bringer glad kontrast til dit rum med sin lyse bl\u00e5gr\u00f8nne base og dristige m\u00f8rkebl\u00e5 linjer \u2013 en grafisk kombination, der energiserer, samtidig med at den beroliger. Fremstillet af OEKO-TEX\u00ae STANDARD 100 certificeret bomuld, er det bl\u00f8dt, sikkert og fyldt med personlighed. Drap\u00e9r det over [&hellip;]<\/p>\n","protected":false},"featured_media":1100723,"template":"","meta":{"_acf_changed":false,"inline_featured_image":false},"product_brand":[],"product_cat":[7153,3000,4941,5025,5045],"product_tag":[],"class_list":{"0":"post-1078638","1":"product","2":"type-product","3":"status-publish","4":"has-post-thumbnail","6":"product_cat-dweller-da","7":"product_cat-tekstiler","8":"product_cat-plaider-da","9":"product_cat-bestsellers-da","10":"product_cat-nyheder-da","11":"product_shipping_class-pk","13":"pa_color-grn","14":"pa_material-cotton-100-da","16":"first","17":"instock","18":"featured","19":"taxable","20":"shipping-taxable","21":"purchasable","22":"product-type-simple"},"exclude_global_add_ons":[],"addons":[],"acf":[],"yoast_head":"<!-- This site is optimized with the Yoast SEO plugin v26.4 - https:\/\/yoast.com\/wordpress\/plugins\/seo\/ -->\n<title>Tap Plaid Gr\u00f8n - H\u00fcbsch<\/title>\n<meta name=\"description\" content=\"Leder du efter et t\u00e6ppe, der l\u00f8fter hele rummet? Tap Plaid bringer glad kontrast til dit rum med sin lyse bl\u00e5gr\u00f8nne base og dristige m\u00f8rkebl\u00e5 linjer \u2013 en\" \/>\n<meta name=\"robots\" content=\"index, follow, max-snippet:-1, max-image-preview:large, max-video-preview:-1\" \/>\n<link rel=\"canonical\" href=\"https:\/\/hubsch-interior.com\/da\/wp-json\/wp\/v2\/product\/1078638\" \/>\n<meta property=\"og:locale\" content=\"da_DK\" \/>\n<meta property=\"og:type\" content=\"article\" \/>\n<meta property=\"og:title\" content=\"Tap Plaid Gr\u00f8n - H\u00fcbsch\" \/>\n<meta property=\"og:description\" content=\"Leder du efter et t\u00e6ppe, der l\u00f8fter hele rummet? Tap Plaid bringer glad kontrast til dit rum med sin lyse bl\u00e5gr\u00f8nne base og dristige m\u00f8rkebl\u00e5 linjer \u2013 en\" \/>\n<meta property=\"og:url\" content=\"https:\/\/hubsch-interior.com\/da\/vare\/tap-plaid-gron\/\" \/>\n<meta property=\"og:site_name\" content=\"H\u00fcbsch\" \/>\n<meta property=\"article:modified_time\" content=\"2026-04-05T02:44:02+00:00\" \/>\n<meta property=\"og:image\" content=\"https:\/\/hubsch-interior.com\/wp-content\/uploads\/2026\/02\/tap-plaid-green-a49d6e2eb6ed7e6f7eb69acabb66e5e1.jpg\" \/>\n\t<meta property=\"og:image:width\" content=\"1024\" \/>\n\t<meta property=\"og:image:height\" content=\"1024\" \/>\n\t<meta property=\"og:image:type\" content=\"image\/jpeg\" \/>\n<meta name=\"twitter:card\" content=\"summary_large_image\" \/>\n<script type=\"application\/ld+json\" class=\"yoast-schema-graph\">{\"@context\":\"https:\/\/schema.org\",\"@graph\":[{\"@type\":\"WebPage\",\"@id\":\"https:\/\/hubsch-interior.com\/da\/vare\/tap-plaid-gron\/\",\"url\":\"https:\/\/hubsch-interior.com\/da\/vare\/tap-plaid-gron\/\",\"name\":\"Tap Plaid Gr\u00f8n - H\u00fcbsch\",\"isPartOf\":{\"@id\":\"https:\/\/hubsch-interior.com\/da\/#website\"},\"primaryImageOfPage\":{\"@id\":\"https:\/\/hubsch-interior.com\/da\/vare\/tap-plaid-gron\/#primaryimage\"},\"image\":{\"@id\":\"https:\/\/hubsch-interior.com\/da\/vare\/tap-plaid-gron\/#primaryimage\"},\"thumbnailUrl\":\"https:\/\/hubsch-interior.com\/wp-content\/uploads\/2026\/02\/tap-plaid-green-a49d6e2eb6ed7e6f7eb69acabb66e5e1.jpg\",\"datePublished\":\"2026-01-10T03:03:15+00:00\",\"dateModified\":\"2026-04-05T02:44:02+00:00\",\"description\":\"Leder du efter et t\u00e6ppe, der l\u00f8fter hele rummet? Tap Plaid bringer glad kontrast til dit rum med sin lyse bl\u00e5gr\u00f8nne base og dristige m\u00f8rkebl\u00e5 linjer \u2013 en\",\"breadcrumb\":{\"@id\":\"https:\/\/hubsch-interior.com\/da\/vare\/tap-plaid-gron\/#breadcrumb\"},\"inLanguage\":\"da-DK\",\"potentialAction\":[{\"@type\":\"ReadAction\",\"target\":[\"https:\/\/hubsch-interior.com\/da\/vare\/tap-plaid-gron\/\"]}]},{\"@type\":\"ImageObject\",\"inLanguage\":\"da-DK\",\"@id\":\"https:\/\/hubsch-interior.com\/da\/vare\/tap-plaid-gron\/#primaryimage\",\"url\":\"https:\/\/hubsch-interior.com\/wp-content\/uploads\/2026\/02\/tap-plaid-green-a49d6e2eb6ed7e6f7eb69acabb66e5e1.jpg\",\"contentUrl\":\"https:\/\/hubsch-interior.com\/wp-content\/uploads\/2026\/02\/tap-plaid-green-a49d6e2eb6ed7e6f7eb69acabb66e5e1.jpg\",\"width\":1024,\"height\":1024},{\"@type\":\"BreadcrumbList\",\"@id\":\"https:\/\/hubsch-interior.com\/da\/vare\/tap-plaid-gron\/#breadcrumb\",\"itemListElement\":[{\"@type\":\"ListItem\",\"position\":1,\"name\":\"Forside\",\"item\":\"https:\/\/hubsch-interior.com\/da\/\"},{\"@type\":\"ListItem\",\"position\":2,\"name\":\"Produkter\",\"item\":\"https:\/\/hubsch-interior.com\/da\/produkter\/\"},{\"@type\":\"ListItem\",\"position\":3,\"name\":\"Tekstiler\",\"item\":\"https:\/\/hubsch-interior.com\/da\/vare-kategori\/tekstiler\/\"},{\"@type\":\"ListItem\",\"position\":4,\"name\":\"Plaider\",\"item\":\"https:\/\/hubsch-interior.com\/da\/vare-kategori\/tekstiler\/plaider-da\/\"},{\"@type\":\"ListItem\",\"position\":5,\"name\":\"Tap Plaid Gr\u00f8n\"}]},{\"@type\":\"WebSite\",\"@id\":\"https:\/\/hubsch-interior.com\/da\/#website\",\"url\":\"https:\/\/hubsch-interior.com\/da\/\",\"name\":\"H\u00fcbsch\",\"description\":\"Danish Home Interior and Design\",\"publisher\":{\"@id\":\"https:\/\/hubsch-interior.com\/da\/#organization\"},\"potentialAction\":[{\"@type\":\"SearchAction\",\"target\":{\"@type\":\"EntryPoint\",\"urlTemplate\":\"https:\/\/hubsch-interior.com\/da\/?s={search_term_string}\"},\"query-input\":{\"@type\":\"PropertyValueSpecification\",\"valueRequired\":true,\"valueName\":\"search_term_string\"}}],\"inLanguage\":\"da-DK\"},{\"@type\":\"Organization\",\"@id\":\"https:\/\/hubsch-interior.com\/da\/#organization\",\"name\":\"H\u00fcbsch\",\"url\":\"https:\/\/hubsch-interior.com\/da\/\",\"logo\":{\"@type\":\"ImageObject\",\"inLanguage\":\"da-DK\",\"@id\":\"https:\/\/hubsch-interior.com\/da\/#\/schema\/logo\/image\/\",\"url\":\"https:\/\/hubsch-interior.com\/wp-content\/uploads\/2022\/12\/Hubsch_logo_black_one_line.svg\",\"contentUrl\":\"https:\/\/hubsch-interior.com\/wp-content\/uploads\/2022\/12\/Hubsch_logo_black_one_line.svg\",\"caption\":\"H\u00fcbsch\"},\"image\":{\"@id\":\"https:\/\/hubsch-interior.com\/da\/#\/schema\/logo\/image\/\"}}]}<\/script>\n<!-- \/ Yoast SEO plugin. -->","yoast_head_json":{"title":"Tap Plaid Gr\u00f8n - H\u00fcbsch","description":"Leder du efter et t\u00e6ppe, der l\u00f8fter hele rummet? Tap Plaid bringer glad kontrast til dit rum med sin lyse bl\u00e5gr\u00f8nne base og dristige m\u00f8rkebl\u00e5 linjer \u2013 en","robots":{"index":"index","follow":"follow","max-snippet":"max-snippet:-1","max-image-preview":"max-image-preview:large","max-video-preview":"max-video-preview:-1"},"canonical":"https:\/\/hubsch-interior.com\/da\/wp-json\/wp\/v2\/product\/1078638","og_locale":"da_DK","og_type":"article","og_title":"Tap Plaid Gr\u00f8n - H\u00fcbsch","og_description":"Leder du efter et t\u00e6ppe, der l\u00f8fter hele rummet? Tap Plaid bringer glad kontrast til dit rum med sin lyse bl\u00e5gr\u00f8nne base og dristige m\u00f8rkebl\u00e5 linjer \u2013 en","og_url":"https:\/\/hubsch-interior.com\/da\/vare\/tap-plaid-gron\/","og_site_name":"H\u00fcbsch","article_modified_time":"2026-04-05T02:44:02+00:00","og_image":[{"width":1024,"height":1024,"url":"https:\/\/hubsch-interior.com\/wp-content\/uploads\/2026\/02\/tap-plaid-green-a49d6e2eb6ed7e6f7eb69acabb66e5e1.jpg","type":"image\/jpeg"}],"twitter_card":"summary_large_image","schema":{"@context":"https:\/\/schema.org","@graph":[{"@type":"WebPage","@id":"https:\/\/hubsch-interior.com\/da\/vare\/tap-plaid-gron\/","url":"https:\/\/hubsch-interior.com\/da\/vare\/tap-plaid-gron\/","name":"Tap Plaid Gr\u00f8n - H\u00fcbsch","isPartOf":{"@id":"https:\/\/hubsch-interior.com\/da\/#website"},"primaryImageOfPage":{"@id":"https:\/\/hubsch-interior.com\/da\/vare\/tap-plaid-gron\/#primaryimage"},"image":{"@id":"https:\/\/hubsch-interior.com\/da\/vare\/tap-plaid-gron\/#primaryimage"},"thumbnailUrl":"https:\/\/hubsch-interior.com\/wp-content\/uploads\/2026\/02\/tap-plaid-green-a49d6e2eb6ed7e6f7eb69acabb66e5e1.jpg","datePublished":"2026-01-10T03:03:15+00:00","dateModified":"2026-04-05T02:44:02+00:00","description":"Leder du efter et t\u00e6ppe, der l\u00f8fter hele rummet? Tap Plaid bringer glad kontrast til dit rum med sin lyse bl\u00e5gr\u00f8nne base og dristige m\u00f8rkebl\u00e5 linjer \u2013 en","breadcrumb":{"@id":"https:\/\/hubsch-interior.com\/da\/vare\/tap-plaid-gron\/#breadcrumb"},"inLanguage":"da-DK","potentialAction":[{"@type":"ReadAction","target":["https:\/\/hubsch-interior.com\/da\/vare\/tap-plaid-gron\/"]}]},{"@type":"ImageObject","inLanguage":"da-DK","@id":"https:\/\/hubsch-interior.com\/da\/vare\/tap-plaid-gron\/#primaryimage","url":"https:\/\/hubsch-interior.com\/wp-content\/uploads\/2026\/02\/tap-plaid-green-a49d6e2eb6ed7e6f7eb69acabb66e5e1.jpg","contentUrl":"https:\/\/hubsch-interior.com\/wp-content\/uploads\/2026\/02\/tap-plaid-green-a49d6e2eb6ed7e6f7eb69acabb66e5e1.jpg","width":1024,"height":1024},{"@type":"BreadcrumbList","@id":"https:\/\/hubsch-interior.com\/da\/vare\/tap-plaid-gron\/#breadcrumb","itemListElement":[{"@type":"ListItem","position":1,"name":"Forside","item":"https:\/\/hubsch-interior.com\/da\/"},{"@type":"ListItem","position":2,"name":"Produkter","item":"https:\/\/hubsch-interior.com\/da\/produkter\/"},{"@type":"ListItem","position":3,"name":"Tekstiler","item":"https:\/\/hubsch-interior.com\/da\/vare-kategori\/tekstiler\/"},{"@type":"ListItem","position":4,"name":"Plaider","item":"https:\/\/hubsch-interior.com\/da\/vare-kategori\/tekstiler\/plaider-da\/"},{"@type":"ListItem","position":5,"name":"Tap Plaid Gr\u00f8n"}]},{"@type":"WebSite","@id":"https:\/\/hubsch-interior.com\/da\/#website","url":"https:\/\/hubsch-interior.com\/da\/","name":"H\u00fcbsch","description":"Danish Home Interior and Design","publisher":{"@id":"https:\/\/hubsch-interior.com\/da\/#organization"},"potentialAction":[{"@type":"SearchAction","target":{"@type":"EntryPoint","urlTemplate":"https:\/\/hubsch-interior.com\/da\/?s={search_term_string}"},"query-input":{"@type":"PropertyValueSpecification","valueRequired":true,"valueName":"search_term_string"}}],"inLanguage":"da-DK"},{"@type":"Organization","@id":"https:\/\/hubsch-interior.com\/da\/#organization","name":"H\u00fcbsch","url":"https:\/\/hubsch-interior.com\/da\/","logo":{"@type":"ImageObject","inLanguage":"da-DK","@id":"https:\/\/hubsch-interior.com\/da\/#\/schema\/logo\/image\/","url":"https:\/\/hubsch-interior.com\/wp-content\/uploads\/2022\/12\/Hubsch_logo_black_one_line.svg","contentUrl":"https:\/\/hubsch-interior.com\/wp-content\/uploads\/2022\/12\/Hubsch_logo_black_one_line.svg","caption":"H\u00fcbsch"},"image":{"@id":"https:\/\/hubsch-interior.com\/da\/#\/schema\/logo\/image\/"}}]}},"_links":{"self":[{"href":"https:\/\/hubsch-interior.com\/da\/wp-json\/wp\/v2\/product\/1078638","targetHints":{"allow":["GET"]}}],"collection":[{"href":"https:\/\/hubsch-interior.com\/da\/wp-json\/wp\/v2\/product"}],"about":[{"href":"https:\/\/hubsch-interior.com\/da\/wp-json\/wp\/v2\/types\/product"}],"wp:featuredmedia":[{"embeddable":true,"href":"https:\/\/hubsch-interior.com\/da\/wp-json\/wp\/v2\/media\/1100723"}],"wp:attachment":[{"href":"https:\/\/hubsch-interior.com\/da\/wp-json\/wp\/v2\/media?parent=1078638"}],"wp:term":[{"taxonomy":"product_brand","embeddable":true,"href":"https:\/\/hubsch-interior.com\/da\/wp-json\/wp\/v2\/product_brand?post=1078638"},{"taxonomy":"product_cat","embeddable":true,"href":"https:\/\/hubsch-interior.com\/da\/wp-json\/wp\/v2\/product_cat?post=1078638"},{"taxonomy":"product_tag","embeddable":true,"href":"https:\/\/hubsch-interior.com\/da\/wp-json\/wp\/v2\/product_tag?post=1078638"}],"curies":[{"name":"wp","href":"https:\/\/api.w.org\/{rel}","templated":true}]}}