{"id":1078654,"date":"2026-01-10T04:03:26","date_gmt":"2026-01-10T03:03:26","guid":{"rendered":"https:\/\/hubsch-interior.com\/product\/product\/"},"modified":"2026-04-05T04:44:06","modified_gmt":"2026-04-05T02:44:06","slug":"ito-plaid-gul","status":"publish","type":"product","link":"https:\/\/hubsch-interior.com\/da\/vare\/ito-plaid-gul\/","title":{"rendered":"Ito Plaid Gul"},"content":{"rendered":"<p>Sv\u00f8b dig i den hyggelige omfavnelse af Ito Plaid, hvor gl\u00e6den ved gult smelter sammen med en bl\u00f8d tonal farvepalet og skaber et dejligt subtilt m\u00f8nster. Fremstillet af OEKO-TEX\u00ae STANDARD 100 certificeret bomuld, tilbyder dette t\u00e6ppe b\u00e5de komfort og ro i sindet. Dets farveblokeringsm\u00f8nster fanger en legesyg, men elegant \u00e5nd, perfekt til at tilf\u00f8je et strejf af livlighed til dit personlige rum. Ideelt for dem, der v\u00e6rds\u00e6tter et pift af whimsy i deres daglige omgivelser.<\/p>\n","protected":false},"excerpt":{"rendered":"<p>Sv\u00f8b dig i den hyggelige omfavnelse af Ito Plaid, hvor gl\u00e6den ved gult smelter sammen med en bl\u00f8d tonal farvepalet og skaber et dejligt subtilt m\u00f8nster. Fremstillet af OEKO-TEX\u00ae STANDARD 100 certificeret bomuld, tilbyder dette t\u00e6ppe b\u00e5de komfort og ro i sindet. Dets farveblokeringsm\u00f8nster fanger en legesyg, men elegant \u00e5nd, perfekt til at tilf\u00f8je et [&hellip;]<\/p>\n","protected":false},"featured_media":1100731,"template":"","meta":{"_acf_changed":false,"inline_featured_image":false},"product_brand":[],"product_cat":[7153,3000,4941,5045],"product_tag":[],"class_list":{"0":"post-1078654","1":"product","2":"type-product","3":"status-publish","4":"has-post-thumbnail","6":"product_cat-dweller-da","7":"product_cat-tekstiler","8":"product_cat-plaider-da","9":"product_cat-nyheder-da","10":"product_shipping_class-pk","12":"pa_color-gul","13":"pa_material-cotton-100-da","15":"first","16":"instock","17":"taxable","18":"shipping-taxable","19":"purchasable","20":"product-type-simple"},"exclude_global_add_ons":[],"addons":[],"acf":[],"yoast_head":"<!-- This site is optimized with the Yoast SEO plugin v26.4 - https:\/\/yoast.com\/wordpress\/plugins\/seo\/ -->\n<title>Ito Plaid Gul - H\u00fcbsch<\/title>\n<meta name=\"description\" content=\"Sv\u00f8b dig i den hyggelige omfavnelse af Ito Plaid, hvor gl\u00e6den ved gult smelter sammen med en bl\u00f8d tonal farvepalet og skaber et dejligt subtilt m\u00f8nster.\" \/>\n<meta name=\"robots\" content=\"index, follow, max-snippet:-1, max-image-preview:large, max-video-preview:-1\" \/>\n<link rel=\"canonical\" href=\"https:\/\/hubsch-interior.com\/da\/wp-json\/wp\/v2\/product\/1078654\" \/>\n<meta property=\"og:locale\" content=\"da_DK\" \/>\n<meta property=\"og:type\" content=\"article\" \/>\n<meta property=\"og:title\" content=\"Ito Plaid Gul - H\u00fcbsch\" \/>\n<meta property=\"og:description\" content=\"Sv\u00f8b dig i den hyggelige omfavnelse af Ito Plaid, hvor gl\u00e6den ved gult smelter sammen med en bl\u00f8d tonal farvepalet og skaber et dejligt subtilt m\u00f8nster.\" \/>\n<meta property=\"og:url\" content=\"https:\/\/hubsch-interior.com\/da\/vare\/ito-plaid-gul\/\" \/>\n<meta property=\"og:site_name\" content=\"H\u00fcbsch\" \/>\n<meta property=\"article:modified_time\" content=\"2026-04-05T02:44:06+00:00\" \/>\n<meta property=\"og:image\" content=\"https:\/\/hubsch-interior.com\/wp-content\/uploads\/2026\/02\/ito-plaid-yellow-85b7e1e16d498d930b9fb3193ddfafa5.jpg\" \/>\n\t<meta property=\"og:image:width\" content=\"1024\" \/>\n\t<meta property=\"og:image:height\" content=\"1024\" \/>\n\t<meta property=\"og:image:type\" content=\"image\/jpeg\" \/>\n<meta name=\"twitter:card\" content=\"summary_large_image\" \/>\n<script type=\"application\/ld+json\" class=\"yoast-schema-graph\">{\"@context\":\"https:\/\/schema.org\",\"@graph\":[{\"@type\":\"WebPage\",\"@id\":\"https:\/\/hubsch-interior.com\/da\/vare\/ito-plaid-gul\/\",\"url\":\"https:\/\/hubsch-interior.com\/da\/vare\/ito-plaid-gul\/\",\"name\":\"Ito Plaid Gul - H\u00fcbsch\",\"isPartOf\":{\"@id\":\"https:\/\/hubsch-interior.com\/da\/#website\"},\"primaryImageOfPage\":{\"@id\":\"https:\/\/hubsch-interior.com\/da\/vare\/ito-plaid-gul\/#primaryimage\"},\"image\":{\"@id\":\"https:\/\/hubsch-interior.com\/da\/vare\/ito-plaid-gul\/#primaryimage\"},\"thumbnailUrl\":\"https:\/\/hubsch-interior.com\/wp-content\/uploads\/2026\/02\/ito-plaid-yellow-85b7e1e16d498d930b9fb3193ddfafa5.jpg\",\"datePublished\":\"2026-01-10T03:03:26+00:00\",\"dateModified\":\"2026-04-05T02:44:06+00:00\",\"description\":\"Sv\u00f8b dig i den hyggelige omfavnelse af Ito Plaid, hvor gl\u00e6den ved gult smelter sammen med en bl\u00f8d tonal farvepalet og skaber et dejligt subtilt m\u00f8nster.\",\"breadcrumb\":{\"@id\":\"https:\/\/hubsch-interior.com\/da\/vare\/ito-plaid-gul\/#breadcrumb\"},\"inLanguage\":\"da-DK\",\"potentialAction\":[{\"@type\":\"ReadAction\",\"target\":[\"https:\/\/hubsch-interior.com\/da\/vare\/ito-plaid-gul\/\"]}]},{\"@type\":\"ImageObject\",\"inLanguage\":\"da-DK\",\"@id\":\"https:\/\/hubsch-interior.com\/da\/vare\/ito-plaid-gul\/#primaryimage\",\"url\":\"https:\/\/hubsch-interior.com\/wp-content\/uploads\/2026\/02\/ito-plaid-yellow-85b7e1e16d498d930b9fb3193ddfafa5.jpg\",\"contentUrl\":\"https:\/\/hubsch-interior.com\/wp-content\/uploads\/2026\/02\/ito-plaid-yellow-85b7e1e16d498d930b9fb3193ddfafa5.jpg\",\"width\":1024,\"height\":1024},{\"@type\":\"BreadcrumbList\",\"@id\":\"https:\/\/hubsch-interior.com\/da\/vare\/ito-plaid-gul\/#breadcrumb\",\"itemListElement\":[{\"@type\":\"ListItem\",\"position\":1,\"name\":\"Forside\",\"item\":\"https:\/\/hubsch-interior.com\/da\/\"},{\"@type\":\"ListItem\",\"position\":2,\"name\":\"Produkter\",\"item\":\"https:\/\/hubsch-interior.com\/da\/produkter\/\"},{\"@type\":\"ListItem\",\"position\":3,\"name\":\"Tekstiler\",\"item\":\"https:\/\/hubsch-interior.com\/da\/vare-kategori\/tekstiler\/\"},{\"@type\":\"ListItem\",\"position\":4,\"name\":\"Plaider\",\"item\":\"https:\/\/hubsch-interior.com\/da\/vare-kategori\/tekstiler\/plaider-da\/\"},{\"@type\":\"ListItem\",\"position\":5,\"name\":\"Ito Plaid Gul\"}]},{\"@type\":\"WebSite\",\"@id\":\"https:\/\/hubsch-interior.com\/da\/#website\",\"url\":\"https:\/\/hubsch-interior.com\/da\/\",\"name\":\"H\u00fcbsch\",\"description\":\"Danish Home Interior and Design\",\"publisher\":{\"@id\":\"https:\/\/hubsch-interior.com\/da\/#organization\"},\"potentialAction\":[{\"@type\":\"SearchAction\",\"target\":{\"@type\":\"EntryPoint\",\"urlTemplate\":\"https:\/\/hubsch-interior.com\/da\/?s={search_term_string}\"},\"query-input\":{\"@type\":\"PropertyValueSpecification\",\"valueRequired\":true,\"valueName\":\"search_term_string\"}}],\"inLanguage\":\"da-DK\"},{\"@type\":\"Organization\",\"@id\":\"https:\/\/hubsch-interior.com\/da\/#organization\",\"name\":\"H\u00fcbsch\",\"url\":\"https:\/\/hubsch-interior.com\/da\/\",\"logo\":{\"@type\":\"ImageObject\",\"inLanguage\":\"da-DK\",\"@id\":\"https:\/\/hubsch-interior.com\/da\/#\/schema\/logo\/image\/\",\"url\":\"https:\/\/hubsch-interior.com\/wp-content\/uploads\/2022\/12\/Hubsch_logo_black_one_line.svg\",\"contentUrl\":\"https:\/\/hubsch-interior.com\/wp-content\/uploads\/2022\/12\/Hubsch_logo_black_one_line.svg\",\"caption\":\"H\u00fcbsch\"},\"image\":{\"@id\":\"https:\/\/hubsch-interior.com\/da\/#\/schema\/logo\/image\/\"}}]}<\/script>\n<!-- \/ Yoast SEO plugin. -->","yoast_head_json":{"title":"Ito Plaid Gul - H\u00fcbsch","description":"Sv\u00f8b dig i den hyggelige omfavnelse af Ito Plaid, hvor gl\u00e6den ved gult smelter sammen med en bl\u00f8d tonal farvepalet og skaber et dejligt subtilt m\u00f8nster.","robots":{"index":"index","follow":"follow","max-snippet":"max-snippet:-1","max-image-preview":"max-image-preview:large","max-video-preview":"max-video-preview:-1"},"canonical":"https:\/\/hubsch-interior.com\/da\/wp-json\/wp\/v2\/product\/1078654","og_locale":"da_DK","og_type":"article","og_title":"Ito Plaid Gul - H\u00fcbsch","og_description":"Sv\u00f8b dig i den hyggelige omfavnelse af Ito Plaid, hvor gl\u00e6den ved gult smelter sammen med en bl\u00f8d tonal farvepalet og skaber et dejligt subtilt m\u00f8nster.","og_url":"https:\/\/hubsch-interior.com\/da\/vare\/ito-plaid-gul\/","og_site_name":"H\u00fcbsch","article_modified_time":"2026-04-05T02:44:06+00:00","og_image":[{"width":1024,"height":1024,"url":"https:\/\/hubsch-interior.com\/wp-content\/uploads\/2026\/02\/ito-plaid-yellow-85b7e1e16d498d930b9fb3193ddfafa5.jpg","type":"image\/jpeg"}],"twitter_card":"summary_large_image","schema":{"@context":"https:\/\/schema.org","@graph":[{"@type":"WebPage","@id":"https:\/\/hubsch-interior.com\/da\/vare\/ito-plaid-gul\/","url":"https:\/\/hubsch-interior.com\/da\/vare\/ito-plaid-gul\/","name":"Ito Plaid Gul - H\u00fcbsch","isPartOf":{"@id":"https:\/\/hubsch-interior.com\/da\/#website"},"primaryImageOfPage":{"@id":"https:\/\/hubsch-interior.com\/da\/vare\/ito-plaid-gul\/#primaryimage"},"image":{"@id":"https:\/\/hubsch-interior.com\/da\/vare\/ito-plaid-gul\/#primaryimage"},"thumbnailUrl":"https:\/\/hubsch-interior.com\/wp-content\/uploads\/2026\/02\/ito-plaid-yellow-85b7e1e16d498d930b9fb3193ddfafa5.jpg","datePublished":"2026-01-10T03:03:26+00:00","dateModified":"2026-04-05T02:44:06+00:00","description":"Sv\u00f8b dig i den hyggelige omfavnelse af Ito Plaid, hvor gl\u00e6den ved gult smelter sammen med en bl\u00f8d tonal farvepalet og skaber et dejligt subtilt m\u00f8nster.","breadcrumb":{"@id":"https:\/\/hubsch-interior.com\/da\/vare\/ito-plaid-gul\/#breadcrumb"},"inLanguage":"da-DK","potentialAction":[{"@type":"ReadAction","target":["https:\/\/hubsch-interior.com\/da\/vare\/ito-plaid-gul\/"]}]},{"@type":"ImageObject","inLanguage":"da-DK","@id":"https:\/\/hubsch-interior.com\/da\/vare\/ito-plaid-gul\/#primaryimage","url":"https:\/\/hubsch-interior.com\/wp-content\/uploads\/2026\/02\/ito-plaid-yellow-85b7e1e16d498d930b9fb3193ddfafa5.jpg","contentUrl":"https:\/\/hubsch-interior.com\/wp-content\/uploads\/2026\/02\/ito-plaid-yellow-85b7e1e16d498d930b9fb3193ddfafa5.jpg","width":1024,"height":1024},{"@type":"BreadcrumbList","@id":"https:\/\/hubsch-interior.com\/da\/vare\/ito-plaid-gul\/#breadcrumb","itemListElement":[{"@type":"ListItem","position":1,"name":"Forside","item":"https:\/\/hubsch-interior.com\/da\/"},{"@type":"ListItem","position":2,"name":"Produkter","item":"https:\/\/hubsch-interior.com\/da\/produkter\/"},{"@type":"ListItem","position":3,"name":"Tekstiler","item":"https:\/\/hubsch-interior.com\/da\/vare-kategori\/tekstiler\/"},{"@type":"ListItem","position":4,"name":"Plaider","item":"https:\/\/hubsch-interior.com\/da\/vare-kategori\/tekstiler\/plaider-da\/"},{"@type":"ListItem","position":5,"name":"Ito Plaid Gul"}]},{"@type":"WebSite","@id":"https:\/\/hubsch-interior.com\/da\/#website","url":"https:\/\/hubsch-interior.com\/da\/","name":"H\u00fcbsch","description":"Danish Home Interior and Design","publisher":{"@id":"https:\/\/hubsch-interior.com\/da\/#organization"},"potentialAction":[{"@type":"SearchAction","target":{"@type":"EntryPoint","urlTemplate":"https:\/\/hubsch-interior.com\/da\/?s={search_term_string}"},"query-input":{"@type":"PropertyValueSpecification","valueRequired":true,"valueName":"search_term_string"}}],"inLanguage":"da-DK"},{"@type":"Organization","@id":"https:\/\/hubsch-interior.com\/da\/#organization","name":"H\u00fcbsch","url":"https:\/\/hubsch-interior.com\/da\/","logo":{"@type":"ImageObject","inLanguage":"da-DK","@id":"https:\/\/hubsch-interior.com\/da\/#\/schema\/logo\/image\/","url":"https:\/\/hubsch-interior.com\/wp-content\/uploads\/2022\/12\/Hubsch_logo_black_one_line.svg","contentUrl":"https:\/\/hubsch-interior.com\/wp-content\/uploads\/2022\/12\/Hubsch_logo_black_one_line.svg","caption":"H\u00fcbsch"},"image":{"@id":"https:\/\/hubsch-interior.com\/da\/#\/schema\/logo\/image\/"}}]}},"_links":{"self":[{"href":"https:\/\/hubsch-interior.com\/da\/wp-json\/wp\/v2\/product\/1078654","targetHints":{"allow":["GET"]}}],"collection":[{"href":"https:\/\/hubsch-interior.com\/da\/wp-json\/wp\/v2\/product"}],"about":[{"href":"https:\/\/hubsch-interior.com\/da\/wp-json\/wp\/v2\/types\/product"}],"wp:featuredmedia":[{"embeddable":true,"href":"https:\/\/hubsch-interior.com\/da\/wp-json\/wp\/v2\/media\/1100731"}],"wp:attachment":[{"href":"https:\/\/hubsch-interior.com\/da\/wp-json\/wp\/v2\/media?parent=1078654"}],"wp:term":[{"taxonomy":"product_brand","embeddable":true,"href":"https:\/\/hubsch-interior.com\/da\/wp-json\/wp\/v2\/product_brand?post=1078654"},{"taxonomy":"product_cat","embeddable":true,"href":"https:\/\/hubsch-interior.com\/da\/wp-json\/wp\/v2\/product_cat?post=1078654"},{"taxonomy":"product_tag","embeddable":true,"href":"https:\/\/hubsch-interior.com\/da\/wp-json\/wp\/v2\/product_tag?post=1078654"}],"curies":[{"name":"wp","href":"https:\/\/api.w.org\/{rel}","templated":true}]}}