{"id":1078698,"date":"2026-01-10T04:03:59","date_gmt":"2026-01-10T03:03:59","guid":{"rendered":"https:\/\/hubsch-interior.com\/product\/product\/"},"modified":"2026-04-05T04:44:16","modified_gmt":"2026-04-05T02:44:16","slug":"waku-taeppe-sand","status":"publish","type":"product","link":"https:\/\/hubsch-interior.com\/da\/vare\/waku-taeppe-sand\/","title":{"rendered":"Waku T\u00e6ppe Sand"},"content":{"rendered":"<p>Kan subtil nogensinde f\u00f8les s\u00e5 tilfredsstillende? Waku T\u00e6ppet i varm sand v\u00e6ver enkelhed med overraskelse, ved at blande en bl\u00f8d neutral base med et diskret strejf af orange for lige den rette drejning. T\u00e6t v\u00e6vet af OEKO-TEX\u00ae STANDARD 100 certificeret bomuld, er det bl\u00f8dt under f\u00f8dderne og smukt struktureret. Designet til hyggelige indend\u00f8rs omr\u00e5der bringer det ro til ethvert rum \u2013 med lige nok farve til at holde tingene interessante. En grundl\u00e6ggende essentiel, der ved, hvordan man skiller sig ud, p\u00e5 en blid m\u00e5de.<\/p>\n","protected":false},"excerpt":{"rendered":"<p>Kan subtil nogensinde f\u00f8les s\u00e5 tilfredsstillende? Waku T\u00e6ppet i varm sand v\u00e6ver enkelhed med overraskelse, ved at blande en bl\u00f8d neutral base med et diskret strejf af orange for lige den rette drejning. T\u00e6t v\u00e6vet af OEKO-TEX\u00ae STANDARD 100 certificeret bomuld, er det bl\u00f8dt under f\u00f8dderne og smukt struktureret. Designet til hyggelige indend\u00f8rs omr\u00e5der bringer [&hellip;]<\/p>\n","protected":false},"featured_media":1100759,"template":"","meta":{"_acf_changed":false,"inline_featured_image":false},"product_brand":[],"product_cat":[7153,3000,3323,5045],"product_tag":[],"class_list":{"0":"post-1078698","1":"product","2":"type-product","3":"status-publish","4":"has-post-thumbnail","6":"product_cat-dweller-da","7":"product_cat-tekstiler","8":"product_cat-taepper-da","9":"product_cat-nyheder-da","10":"product_shipping_class-pk","12":"pa_color-sand-da","13":"pa_material-cotton-100-da","15":"first","16":"instock","17":"taxable","18":"shipping-taxable","19":"purchasable","20":"product-type-simple"},"exclude_global_add_ons":[],"addons":[],"acf":[],"yoast_head":"<!-- This site is optimized with the Yoast SEO plugin v26.4 - https:\/\/yoast.com\/wordpress\/plugins\/seo\/ -->\n<title>Waku T\u00e6ppe Sand - H\u00fcbsch<\/title>\n<meta name=\"description\" content=\"Kan subtil nogensinde f\u00f8les s\u00e5 tilfredsstillende? Waku T\u00e6ppet i varm sand v\u00e6ver enkelhed med overraskelse, ved at blande en bl\u00f8d neutral base med et\" \/>\n<meta name=\"robots\" content=\"index, follow, max-snippet:-1, max-image-preview:large, max-video-preview:-1\" \/>\n<link rel=\"canonical\" href=\"https:\/\/hubsch-interior.com\/da\/wp-json\/wp\/v2\/product\/1078698\" \/>\n<meta property=\"og:locale\" content=\"da_DK\" \/>\n<meta property=\"og:type\" content=\"article\" \/>\n<meta property=\"og:title\" content=\"Waku T\u00e6ppe Sand - H\u00fcbsch\" \/>\n<meta property=\"og:description\" content=\"Kan subtil nogensinde f\u00f8les s\u00e5 tilfredsstillende? Waku T\u00e6ppet i varm sand v\u00e6ver enkelhed med overraskelse, ved at blande en bl\u00f8d neutral base med et\" \/>\n<meta property=\"og:url\" content=\"https:\/\/hubsch-interior.com\/da\/vare\/waku-taeppe-sand\/\" \/>\n<meta property=\"og:site_name\" content=\"H\u00fcbsch\" \/>\n<meta property=\"article:modified_time\" content=\"2026-04-05T02:44:16+00:00\" \/>\n<meta property=\"og:image\" content=\"https:\/\/hubsch-interior.com\/wp-content\/uploads\/2026\/01\/waku-rug-sand-a500593f1739a6c11607c8e2144ec9d9.jpg\" \/>\n\t<meta property=\"og:image:width\" content=\"1200\" \/>\n\t<meta property=\"og:image:height\" content=\"1200\" \/>\n\t<meta property=\"og:image:type\" content=\"image\/jpeg\" \/>\n<meta name=\"twitter:card\" content=\"summary_large_image\" \/>\n<script type=\"application\/ld+json\" class=\"yoast-schema-graph\">{\"@context\":\"https:\/\/schema.org\",\"@graph\":[{\"@type\":\"WebPage\",\"@id\":\"https:\/\/hubsch-interior.com\/da\/vare\/waku-taeppe-sand\/\",\"url\":\"https:\/\/hubsch-interior.com\/da\/vare\/waku-taeppe-sand\/\",\"name\":\"Waku T\u00e6ppe Sand - H\u00fcbsch\",\"isPartOf\":{\"@id\":\"https:\/\/hubsch-interior.com\/da\/#website\"},\"primaryImageOfPage\":{\"@id\":\"https:\/\/hubsch-interior.com\/da\/vare\/waku-taeppe-sand\/#primaryimage\"},\"image\":{\"@id\":\"https:\/\/hubsch-interior.com\/da\/vare\/waku-taeppe-sand\/#primaryimage\"},\"thumbnailUrl\":\"https:\/\/hubsch-interior.com\/wp-content\/uploads\/2026\/02\/waku-rug-sand-27ad26daa34ac5a58fe8542d37f546a3.jpg\",\"datePublished\":\"2026-01-10T03:03:59+00:00\",\"dateModified\":\"2026-04-05T02:44:16+00:00\",\"description\":\"Kan subtil nogensinde f\u00f8les s\u00e5 tilfredsstillende? Waku T\u00e6ppet i varm sand v\u00e6ver enkelhed med overraskelse, ved at blande en bl\u00f8d neutral base med et\",\"breadcrumb\":{\"@id\":\"https:\/\/hubsch-interior.com\/da\/vare\/waku-taeppe-sand\/#breadcrumb\"},\"inLanguage\":\"da-DK\",\"potentialAction\":[{\"@type\":\"ReadAction\",\"target\":[\"https:\/\/hubsch-interior.com\/da\/vare\/waku-taeppe-sand\/\"]}]},{\"@type\":\"ImageObject\",\"inLanguage\":\"da-DK\",\"@id\":\"https:\/\/hubsch-interior.com\/da\/vare\/waku-taeppe-sand\/#primaryimage\",\"url\":\"https:\/\/hubsch-interior.com\/wp-content\/uploads\/2026\/02\/waku-rug-sand-27ad26daa34ac5a58fe8542d37f546a3.jpg\",\"contentUrl\":\"https:\/\/hubsch-interior.com\/wp-content\/uploads\/2026\/02\/waku-rug-sand-27ad26daa34ac5a58fe8542d37f546a3.jpg\",\"width\":1024,\"height\":1024},{\"@type\":\"BreadcrumbList\",\"@id\":\"https:\/\/hubsch-interior.com\/da\/vare\/waku-taeppe-sand\/#breadcrumb\",\"itemListElement\":[{\"@type\":\"ListItem\",\"position\":1,\"name\":\"Forside\",\"item\":\"https:\/\/hubsch-interior.com\/da\/\"},{\"@type\":\"ListItem\",\"position\":2,\"name\":\"Produkter\",\"item\":\"https:\/\/hubsch-interior.com\/da\/produkter\/\"},{\"@type\":\"ListItem\",\"position\":3,\"name\":\"Waku T\u00e6ppe Sand\"}]},{\"@type\":\"WebSite\",\"@id\":\"https:\/\/hubsch-interior.com\/da\/#website\",\"url\":\"https:\/\/hubsch-interior.com\/da\/\",\"name\":\"H\u00fcbsch\",\"description\":\"Danish Home Interior and Design\",\"publisher\":{\"@id\":\"https:\/\/hubsch-interior.com\/da\/#organization\"},\"potentialAction\":[{\"@type\":\"SearchAction\",\"target\":{\"@type\":\"EntryPoint\",\"urlTemplate\":\"https:\/\/hubsch-interior.com\/da\/?s={search_term_string}\"},\"query-input\":{\"@type\":\"PropertyValueSpecification\",\"valueRequired\":true,\"valueName\":\"search_term_string\"}}],\"inLanguage\":\"da-DK\"},{\"@type\":\"Organization\",\"@id\":\"https:\/\/hubsch-interior.com\/da\/#organization\",\"name\":\"H\u00fcbsch\",\"url\":\"https:\/\/hubsch-interior.com\/da\/\",\"logo\":{\"@type\":\"ImageObject\",\"inLanguage\":\"da-DK\",\"@id\":\"https:\/\/hubsch-interior.com\/da\/#\/schema\/logo\/image\/\",\"url\":\"https:\/\/hubsch-interior.com\/wp-content\/uploads\/2022\/12\/Hubsch_logo_black_one_line.svg\",\"contentUrl\":\"https:\/\/hubsch-interior.com\/wp-content\/uploads\/2022\/12\/Hubsch_logo_black_one_line.svg\",\"caption\":\"H\u00fcbsch\"},\"image\":{\"@id\":\"https:\/\/hubsch-interior.com\/da\/#\/schema\/logo\/image\/\"}}]}<\/script>\n<!-- \/ Yoast SEO plugin. -->","yoast_head_json":{"title":"Waku T\u00e6ppe Sand - H\u00fcbsch","description":"Kan subtil nogensinde f\u00f8les s\u00e5 tilfredsstillende? Waku T\u00e6ppet i varm sand v\u00e6ver enkelhed med overraskelse, ved at blande en bl\u00f8d neutral base med et","robots":{"index":"index","follow":"follow","max-snippet":"max-snippet:-1","max-image-preview":"max-image-preview:large","max-video-preview":"max-video-preview:-1"},"canonical":"https:\/\/hubsch-interior.com\/da\/wp-json\/wp\/v2\/product\/1078698","og_locale":"da_DK","og_type":"article","og_title":"Waku T\u00e6ppe Sand - H\u00fcbsch","og_description":"Kan subtil nogensinde f\u00f8les s\u00e5 tilfredsstillende? Waku T\u00e6ppet i varm sand v\u00e6ver enkelhed med overraskelse, ved at blande en bl\u00f8d neutral base med et","og_url":"https:\/\/hubsch-interior.com\/da\/vare\/waku-taeppe-sand\/","og_site_name":"H\u00fcbsch","article_modified_time":"2026-04-05T02:44:16+00:00","og_image":[{"width":1200,"height":1200,"url":"https:\/\/hubsch-interior.com\/wp-content\/uploads\/2026\/01\/waku-rug-sand-a500593f1739a6c11607c8e2144ec9d9.jpg","type":"image\/jpeg"}],"twitter_card":"summary_large_image","schema":{"@context":"https:\/\/schema.org","@graph":[{"@type":"WebPage","@id":"https:\/\/hubsch-interior.com\/da\/vare\/waku-taeppe-sand\/","url":"https:\/\/hubsch-interior.com\/da\/vare\/waku-taeppe-sand\/","name":"Waku T\u00e6ppe Sand - H\u00fcbsch","isPartOf":{"@id":"https:\/\/hubsch-interior.com\/da\/#website"},"primaryImageOfPage":{"@id":"https:\/\/hubsch-interior.com\/da\/vare\/waku-taeppe-sand\/#primaryimage"},"image":{"@id":"https:\/\/hubsch-interior.com\/da\/vare\/waku-taeppe-sand\/#primaryimage"},"thumbnailUrl":"https:\/\/hubsch-interior.com\/wp-content\/uploads\/2026\/02\/waku-rug-sand-27ad26daa34ac5a58fe8542d37f546a3.jpg","datePublished":"2026-01-10T03:03:59+00:00","dateModified":"2026-04-05T02:44:16+00:00","description":"Kan subtil nogensinde f\u00f8les s\u00e5 tilfredsstillende? Waku T\u00e6ppet i varm sand v\u00e6ver enkelhed med overraskelse, ved at blande en bl\u00f8d neutral base med et","breadcrumb":{"@id":"https:\/\/hubsch-interior.com\/da\/vare\/waku-taeppe-sand\/#breadcrumb"},"inLanguage":"da-DK","potentialAction":[{"@type":"ReadAction","target":["https:\/\/hubsch-interior.com\/da\/vare\/waku-taeppe-sand\/"]}]},{"@type":"ImageObject","inLanguage":"da-DK","@id":"https:\/\/hubsch-interior.com\/da\/vare\/waku-taeppe-sand\/#primaryimage","url":"https:\/\/hubsch-interior.com\/wp-content\/uploads\/2026\/02\/waku-rug-sand-27ad26daa34ac5a58fe8542d37f546a3.jpg","contentUrl":"https:\/\/hubsch-interior.com\/wp-content\/uploads\/2026\/02\/waku-rug-sand-27ad26daa34ac5a58fe8542d37f546a3.jpg","width":1024,"height":1024},{"@type":"BreadcrumbList","@id":"https:\/\/hubsch-interior.com\/da\/vare\/waku-taeppe-sand\/#breadcrumb","itemListElement":[{"@type":"ListItem","position":1,"name":"Forside","item":"https:\/\/hubsch-interior.com\/da\/"},{"@type":"ListItem","position":2,"name":"Produkter","item":"https:\/\/hubsch-interior.com\/da\/produkter\/"},{"@type":"ListItem","position":3,"name":"Waku T\u00e6ppe Sand"}]},{"@type":"WebSite","@id":"https:\/\/hubsch-interior.com\/da\/#website","url":"https:\/\/hubsch-interior.com\/da\/","name":"H\u00fcbsch","description":"Danish Home Interior and Design","publisher":{"@id":"https:\/\/hubsch-interior.com\/da\/#organization"},"potentialAction":[{"@type":"SearchAction","target":{"@type":"EntryPoint","urlTemplate":"https:\/\/hubsch-interior.com\/da\/?s={search_term_string}"},"query-input":{"@type":"PropertyValueSpecification","valueRequired":true,"valueName":"search_term_string"}}],"inLanguage":"da-DK"},{"@type":"Organization","@id":"https:\/\/hubsch-interior.com\/da\/#organization","name":"H\u00fcbsch","url":"https:\/\/hubsch-interior.com\/da\/","logo":{"@type":"ImageObject","inLanguage":"da-DK","@id":"https:\/\/hubsch-interior.com\/da\/#\/schema\/logo\/image\/","url":"https:\/\/hubsch-interior.com\/wp-content\/uploads\/2022\/12\/Hubsch_logo_black_one_line.svg","contentUrl":"https:\/\/hubsch-interior.com\/wp-content\/uploads\/2022\/12\/Hubsch_logo_black_one_line.svg","caption":"H\u00fcbsch"},"image":{"@id":"https:\/\/hubsch-interior.com\/da\/#\/schema\/logo\/image\/"}}]}},"_links":{"self":[{"href":"https:\/\/hubsch-interior.com\/da\/wp-json\/wp\/v2\/product\/1078698","targetHints":{"allow":["GET"]}}],"collection":[{"href":"https:\/\/hubsch-interior.com\/da\/wp-json\/wp\/v2\/product"}],"about":[{"href":"https:\/\/hubsch-interior.com\/da\/wp-json\/wp\/v2\/types\/product"}],"wp:featuredmedia":[{"embeddable":true,"href":"https:\/\/hubsch-interior.com\/da\/wp-json\/wp\/v2\/media\/1100759"}],"wp:attachment":[{"href":"https:\/\/hubsch-interior.com\/da\/wp-json\/wp\/v2\/media?parent=1078698"}],"wp:term":[{"taxonomy":"product_brand","embeddable":true,"href":"https:\/\/hubsch-interior.com\/da\/wp-json\/wp\/v2\/product_brand?post=1078698"},{"taxonomy":"product_cat","embeddable":true,"href":"https:\/\/hubsch-interior.com\/da\/wp-json\/wp\/v2\/product_cat?post=1078698"},{"taxonomy":"product_tag","embeddable":true,"href":"https:\/\/hubsch-interior.com\/da\/wp-json\/wp\/v2\/product_tag?post=1078698"}],"curies":[{"name":"wp","href":"https:\/\/api.w.org\/{rel}","templated":true}]}}